{"id":9935,"date":"2021-01-19T10:46:00","date_gmt":"2021-01-19T13:46:00","guid":{"rendered":"https:\/\/hml.copel.com\/hpcweb\/?page_id=9935"},"modified":"2024-07-24T16:34:42","modified_gmt":"2024-07-24T19:34:42","slug":"radio-interferencia","status":"publish","type":"page","link":"https:\/\/www.copel.com\/site\/copel-distribuicao\/radio-interferencia\/","title":{"rendered":"Radio interfer\u00eancia"},"content":{"rendered":"\t\t<div data-elementor-type=\"wp-page\" data-elementor-id=\"9935\" class=\"elementor elementor-9935\" data-elementor-post-type=\"page\">\n\t\t\t\t\t\t<section class=\"elementor-section elementor-top-section elementor-element elementor-element-7ec4a3e4 elementor-section-full_width imgDestaque elementor-section-content-middle elementor-section-height-default elementor-section-height-default\" data-id=\"7ec4a3e4\" data-element_type=\"section\" data-e-type=\"section\" data-settings=\"{&quot;background_background&quot;:&quot;classic&quot;}\">\n\t\t\t\t\t\t\t<div class=\"elementor-background-overlay\"><\/div>\n\t\t\t\t\t\t\t<div class=\"elementor-container elementor-column-gap-default\">\n\t\t\t\t\t<div class=\"elementor-column elementor-col-100 elementor-top-column elementor-element elementor-element-67eb74a6 box-destaque\" data-id=\"67eb74a6\" data-element_type=\"column\" data-e-type=\"column\">\n\t\t\t<div class=\"elementor-widget-wrap elementor-element-populated\">\n\t\t\t\t\t\t<div class=\"elementor-element elementor-element-4055af92 elementor-widget elementor-widget-heading\" data-id=\"4055af92\" data-element_type=\"widget\" data-e-type=\"widget\" data-widget_type=\"heading.default\">\n\t\t\t\t<div class=\"elementor-widget-container\">\n\t\t\t\t\t<h1 class=\"elementor-heading-title elementor-size-default\">R\u00e1dio interfer\u00eancia<\/h1>\t\t\t\t<\/div>\n\t\t\t\t<\/div>\n\t\t\t\t\t<\/div>\n\t\t<\/div>\n\t\t\t\t\t<\/div>\n\t\t<\/section>\n\t\t\t\t<section class=\"elementor-section elementor-top-section elementor-element elementor-element-44bb122d elementor-section-full_width elementor-section-height-default elementor-section-height-default\" data-id=\"44bb122d\" data-element_type=\"section\" data-e-type=\"section\">\n\t\t\t\t\t\t<div class=\"elementor-container elementor-column-gap-default\">\n\t\t\t\t\t<div class=\"elementor-column elementor-col-33 elementor-top-column elementor-element elementor-element-6f2984f3\" data-id=\"6f2984f3\" data-element_type=\"column\" data-e-type=\"column\">\n\t\t\t<div class=\"elementor-widget-wrap elementor-element-populated\">\n\t\t\t\t\t\t<div class=\"elementor-element elementor-element-5a213931 elementor-nav-menu__align-justify menuTroca elementor-nav-menu--dropdown-tablet elementor-nav-menu__text-align-aside elementor-nav-menu--toggle elementor-nav-menu--burger elementor-widget elementor-widget-nav-menu\" data-id=\"5a213931\" data-element_type=\"widget\" data-e-type=\"widget\" data-settings=\"{&quot;layout&quot;:&quot;vertical&quot;,&quot;submenu_icon&quot;:{&quot;value&quot;:&quot;&lt;i class=\\&quot;fas fa-caret-down\\&quot; aria-hidden=\\&quot;true\\&quot;&gt;&lt;\\\/i&gt;&quot;,&quot;library&quot;:&quot;fa-solid&quot;},&quot;toggle&quot;:&quot;burger&quot;}\" data-widget_type=\"nav-menu.default\">\n\t\t\t\t<div class=\"elementor-widget-container\">\n\t\t\t\t\t\t\t\t<nav aria-label=\"Menu\" class=\"elementor-nav-menu--main elementor-nav-menu__container elementor-nav-menu--layout-vertical e--pointer-underline e--animation-fade\">\n\t\t\t\t<ul id=\"menu-1-5a213931\" class=\"elementor-nav-menu sm-vertical\"><li class=\"menu-item menu-item-type-custom menu-item-object-custom menu-item-has-children menu-item-18685\"><a href=\"\/site\/copel-distribuicao\/?utm_source=distribuicao-residencial&#038;utm_medium=copel-distribuicao&#038;utm_campaign=menu-lateral\" class=\"elementor-item\">Copel Distribui\u00e7\u00e3o<\/a>\n<ul class=\"sub-menu elementor-nav-menu--dropdown\">\n\t<li class=\"menu-item menu-item-type-custom menu-item-object-custom menu-item-18686\"><a href=\"\/site\/copel-distribuicao\/para-sua-casa\/?utm_source=distribuicao-residencial&#038;utm_medium=para-sua-casa&#038;utm_campaign=menu-lateral\" class=\"elementor-sub-item\">Para sua casa<\/a><\/li>\n\t<li class=\"menu-item menu-item-type-custom menu-item-object-custom menu-item-18687\"><a href=\"\/site\/copel-distribuicao\/para-sua-empresa\/?utm_source=distribuicao-residencial&#038;utm_medium=para-sua-empresa&#038;utm_campaign=menu-lateral\" class=\"elementor-sub-item\">Para sua empresa<\/a><\/li>\n\t<li class=\"menu-item menu-item-type-custom menu-item-object-custom menu-item-19277\"><a href=\"\/site\/copel-distribuicao\/poder-publico\/?utm_source=distribuicao-residencial&#038;utm_medium=poder-publico&#038;utm_campaign=menu-lateral\" class=\"elementor-sub-item\">Poder p\u00fablico<\/a><\/li>\n\t<li class=\"menu-item menu-item-type-custom menu-item-object-custom menu-item-18688\"><a href=\"\/site\/copel-distribuicao\/rural\/?utm_source=distribuicao-residencial&#038;utm_medium=rural&#038;utm_campaign=menu-lateral\" class=\"elementor-sub-item\">Rural<\/a><\/li>\n<\/ul>\n<\/li>\n<li class=\"menu-item menu-item-type-custom menu-item-object-custom menu-item-18689\"><a href=\"https:\/\/www.copel.com\/avaweb\/?utm_source=distribuicao-residencial&#038;utm_medium=agencia-virtual&#038;utm_campaign=menu-lateral\" class=\"elementor-item\">Ag\u00eancia virtual<\/a><\/li>\n<li class=\"menu-item menu-item-type-custom menu-item-object-custom menu-item-18690\"><a href=\"\/site\/copel-distribuicao\/aplicativo-copel\/?utm_source=distribuicao-residencial&#038;utm_medium=aplicativo-copel&#038;utm_campaign=menu-lateral\" class=\"elementor-item\">Aplicativo Copel<\/a><\/li>\n<li class=\"menu-item menu-item-type-custom menu-item-object-custom menu-item-18691\"><a href=\"\/site\/copel-distribuicao\/como-pagar-sua-conta\/?utm_source=distribuicao-residencial&#038;utm_medium=como-pagar-sua-conta&#038;utm_campaign=menu-lateral\" class=\"elementor-item\">Como pagar sua conta<\/a><\/li>\n<li class=\"menu-item menu-item-type-custom menu-item-object-custom menu-item-18692\"><a href=\"\/site\/copel-distribuicao\/desligamento-programado\/?utm_source=distribuicao-residencial&#038;utm_medium=desligamento-programado&#038;utm_campaign=menu-lateral\" class=\"elementor-item\">Consulta desligamento programado<\/a><\/li>\n<li class=\"menu-item menu-item-type-custom menu-item-object-custom menu-item-18693\"><a href=\"\/site\/copel-distribuicao\/eficiencia-energetica\/?utm_source=distribuicao-residencial&#038;utm_medium=&#038;utm_campaign=menu-lateral\" class=\"elementor-item\">Efici\u00eancia energ\u00e9tica<\/a><\/li>\n<li class=\"menu-item menu-item-type-custom menu-item-object-custom menu-item-18694\"><a href=\"\/site\/copel-distribuicao\/usuarios-de-equipamentos-eletromedicos\/?utm_source=distribuicao-residencial&#038;utm_medium=&#038;utm_campaign=menu-lateral\" class=\"elementor-item\">Equipamentos eletrom\u00e9dicos<\/a><\/li>\n<li class=\"menu-item menu-item-type-custom menu-item-object-custom menu-item-22965\"><a href=\"\/site\/copel-distribuicao\/faturas-energia\/\" class=\"elementor-item\">Faturas de energia<\/a><\/li>\n<li class=\"menu-item menu-item-type-custom menu-item-object-custom menu-item-18695\"><a href=\"\/site\/copel-distribuicao\/formularios\/?utm_source=distribuicao-residencial&#038;utm_medium=&#038;utm_campaign=menu-lateral\" class=\"elementor-item\">Formul\u00e1rios<\/a><\/li>\n<li class=\"menu-item menu-item-type-custom menu-item-object-custom menu-item-18696\"><a href=\"\/site\/fornecedores-e-parceiros\/geracao-distribuida\/?utm_source=distribuicao-residencial&#038;utm_medium=&#038;utm_campaign=menu-lateral\" class=\"elementor-item\">Gera\u00e7\u00e3o distribu\u00edda<\/a><\/li>\n<li class=\"menu-item menu-item-type-custom menu-item-object-custom menu-item-18697\"><a href=\"\/site\/copel-distribuicao\/agencias-de-atendimento\/?utm_source=distribuicao-residencial&#038;utm_medium=&#038;utm_campaign=menu-lateral\" class=\"elementor-item\">Locais de atendimento<\/a><\/li>\n<li class=\"menu-item menu-item-type-custom menu-item-object-custom menu-item-18698\"><a href=\"\/site\/copel-distribuicao\/pedido-de-ligacao\/?utm_source=distribuicao-residencial&#038;utm_medium=&#038;utm_campaign=menu-lateral\" class=\"elementor-item\">Pedido de liga\u00e7\u00e3o<\/a><\/li>\n<li class=\"menu-item menu-item-type-custom menu-item-object-custom menu-item-18699\"><a href=\"\/site\/copel-distribuicao\/segunda-via\/\" class=\"elementor-item\">Segunda via de fatura<\/a><\/li>\n<li class=\"menu-item menu-item-type-custom menu-item-object-custom menu-item-18700\"><a href=\"\/site\/copel-distribuicao\/tarifas-de-energia-eletrica\/?utm_source=distribuicao-residencial&#038;utm_medium=&#038;utm_campaign=menu-lateral\" class=\"elementor-item\">Tarifas de energia<\/a><\/li>\n<li class=\"menu-item menu-item-type-custom menu-item-object-custom menu-item-18701\"><a href=\"\/site\/troca-de-padrao\/?utm_source=distribuicao-residencial&#038;utm_medium=&#038;utm_campaign=menu-lateral\" class=\"elementor-item\">Troca de padr\u00e3o<\/a><\/li>\n<li class=\"menu-item menu-item-type-custom menu-item-object-custom menu-item-18702\"><a href=\"\/site\/institucional\/programa-de-pesquisa-e-desenvolvimento\/?utm_source=distribuicao-residencial&#038;utm_medium=&#038;utm_campaign=menu-lateral\" class=\"elementor-item\">Pesquisa e desenvolvimento<\/a><\/li>\n<li class=\"menu-item menu-item-type-custom menu-item-object-custom menu-item-18703\"><a href=\"\/site\/copel-distribuicao\/conselho-de-consumidores\/?utm_source=distribuicao-residencial&#038;utm_medium=&#038;utm_campaign=menu-lateral\" class=\"elementor-item\">Conselho de consumidores<\/a><\/li>\n<li class=\"menu-item menu-item-type-custom menu-item-object-custom menu-item-18704\"><a href=\"\/site\/copel-distribuicao\/interrupcao-em-situacao-de-emergencia\/?utm_source=distribuicao-residencial&#038;utm_medium=&#038;utm_campaign=menu-lateral\" class=\"elementor-item\">Interrup\u00e7\u00e3o em situa\u00e7\u00e3o de conting\u00eancia<\/a><\/li>\n<\/ul>\t\t\t<\/nav>\n\t\t\t\t\t<div class=\"elementor-menu-toggle\" role=\"button\" tabindex=\"0\" aria-label=\"Menu Toggle\" aria-expanded=\"false\">\n\t\t\t<i aria-hidden=\"true\" role=\"presentation\" class=\"elementor-menu-toggle__icon--open eicon-menu-bar\"><\/i><i aria-hidden=\"true\" role=\"presentation\" class=\"elementor-menu-toggle__icon--close eicon-close\"><\/i>\t\t<\/div>\n\t\t\t\t\t<nav class=\"elementor-nav-menu--dropdown elementor-nav-menu__container\" aria-hidden=\"true\">\n\t\t\t\t<ul id=\"menu-2-5a213931\" class=\"elementor-nav-menu sm-vertical\"><li class=\"menu-item menu-item-type-custom menu-item-object-custom menu-item-has-children menu-item-18685\"><a href=\"\/site\/copel-distribuicao\/?utm_source=distribuicao-residencial&#038;utm_medium=copel-distribuicao&#038;utm_campaign=menu-lateral\" class=\"elementor-item\" tabindex=\"-1\">Copel Distribui\u00e7\u00e3o<\/a>\n<ul class=\"sub-menu elementor-nav-menu--dropdown\">\n\t<li class=\"menu-item menu-item-type-custom menu-item-object-custom menu-item-18686\"><a href=\"\/site\/copel-distribuicao\/para-sua-casa\/?utm_source=distribuicao-residencial&#038;utm_medium=para-sua-casa&#038;utm_campaign=menu-lateral\" class=\"elementor-sub-item\" tabindex=\"-1\">Para sua casa<\/a><\/li>\n\t<li class=\"menu-item menu-item-type-custom menu-item-object-custom menu-item-18687\"><a href=\"\/site\/copel-distribuicao\/para-sua-empresa\/?utm_source=distribuicao-residencial&#038;utm_medium=para-sua-empresa&#038;utm_campaign=menu-lateral\" class=\"elementor-sub-item\" tabindex=\"-1\">Para sua empresa<\/a><\/li>\n\t<li class=\"menu-item menu-item-type-custom menu-item-object-custom menu-item-19277\"><a href=\"\/site\/copel-distribuicao\/poder-publico\/?utm_source=distribuicao-residencial&#038;utm_medium=poder-publico&#038;utm_campaign=menu-lateral\" class=\"elementor-sub-item\" tabindex=\"-1\">Poder p\u00fablico<\/a><\/li>\n\t<li class=\"menu-item menu-item-type-custom menu-item-object-custom menu-item-18688\"><a href=\"\/site\/copel-distribuicao\/rural\/?utm_source=distribuicao-residencial&#038;utm_medium=rural&#038;utm_campaign=menu-lateral\" class=\"elementor-sub-item\" tabindex=\"-1\">Rural<\/a><\/li>\n<\/ul>\n<\/li>\n<li class=\"menu-item menu-item-type-custom menu-item-object-custom menu-item-18689\"><a href=\"https:\/\/www.copel.com\/avaweb\/?utm_source=distribuicao-residencial&#038;utm_medium=agencia-virtual&#038;utm_campaign=menu-lateral\" class=\"elementor-item\" tabindex=\"-1\">Ag\u00eancia virtual<\/a><\/li>\n<li class=\"menu-item menu-item-type-custom menu-item-object-custom menu-item-18690\"><a href=\"\/site\/copel-distribuicao\/aplicativo-copel\/?utm_source=distribuicao-residencial&#038;utm_medium=aplicativo-copel&#038;utm_campaign=menu-lateral\" class=\"elementor-item\" tabindex=\"-1\">Aplicativo Copel<\/a><\/li>\n<li class=\"menu-item menu-item-type-custom menu-item-object-custom menu-item-18691\"><a href=\"\/site\/copel-distribuicao\/como-pagar-sua-conta\/?utm_source=distribuicao-residencial&#038;utm_medium=como-pagar-sua-conta&#038;utm_campaign=menu-lateral\" class=\"elementor-item\" tabindex=\"-1\">Como pagar sua conta<\/a><\/li>\n<li class=\"menu-item menu-item-type-custom menu-item-object-custom menu-item-18692\"><a href=\"\/site\/copel-distribuicao\/desligamento-programado\/?utm_source=distribuicao-residencial&#038;utm_medium=desligamento-programado&#038;utm_campaign=menu-lateral\" class=\"elementor-item\" tabindex=\"-1\">Consulta desligamento programado<\/a><\/li>\n<li class=\"menu-item menu-item-type-custom menu-item-object-custom menu-item-18693\"><a href=\"\/site\/copel-distribuicao\/eficiencia-energetica\/?utm_source=distribuicao-residencial&#038;utm_medium=&#038;utm_campaign=menu-lateral\" class=\"elementor-item\" tabindex=\"-1\">Efici\u00eancia energ\u00e9tica<\/a><\/li>\n<li class=\"menu-item menu-item-type-custom menu-item-object-custom menu-item-18694\"><a href=\"\/site\/copel-distribuicao\/usuarios-de-equipamentos-eletromedicos\/?utm_source=distribuicao-residencial&#038;utm_medium=&#038;utm_campaign=menu-lateral\" class=\"elementor-item\" tabindex=\"-1\">Equipamentos eletrom\u00e9dicos<\/a><\/li>\n<li class=\"menu-item menu-item-type-custom menu-item-object-custom menu-item-22965\"><a href=\"\/site\/copel-distribuicao\/faturas-energia\/\" class=\"elementor-item\" tabindex=\"-1\">Faturas de energia<\/a><\/li>\n<li class=\"menu-item menu-item-type-custom menu-item-object-custom menu-item-18695\"><a href=\"\/site\/copel-distribuicao\/formularios\/?utm_source=distribuicao-residencial&#038;utm_medium=&#038;utm_campaign=menu-lateral\" class=\"elementor-item\" tabindex=\"-1\">Formul\u00e1rios<\/a><\/li>\n<li class=\"menu-item menu-item-type-custom menu-item-object-custom menu-item-18696\"><a href=\"\/site\/fornecedores-e-parceiros\/geracao-distribuida\/?utm_source=distribuicao-residencial&#038;utm_medium=&#038;utm_campaign=menu-lateral\" class=\"elementor-item\" tabindex=\"-1\">Gera\u00e7\u00e3o distribu\u00edda<\/a><\/li>\n<li class=\"menu-item menu-item-type-custom menu-item-object-custom menu-item-18697\"><a href=\"\/site\/copel-distribuicao\/agencias-de-atendimento\/?utm_source=distribuicao-residencial&#038;utm_medium=&#038;utm_campaign=menu-lateral\" class=\"elementor-item\" tabindex=\"-1\">Locais de atendimento<\/a><\/li>\n<li class=\"menu-item menu-item-type-custom menu-item-object-custom menu-item-18698\"><a href=\"\/site\/copel-distribuicao\/pedido-de-ligacao\/?utm_source=distribuicao-residencial&#038;utm_medium=&#038;utm_campaign=menu-lateral\" class=\"elementor-item\" tabindex=\"-1\">Pedido de liga\u00e7\u00e3o<\/a><\/li>\n<li class=\"menu-item menu-item-type-custom menu-item-object-custom menu-item-18699\"><a href=\"\/site\/copel-distribuicao\/segunda-via\/\" class=\"elementor-item\" tabindex=\"-1\">Segunda via de fatura<\/a><\/li>\n<li class=\"menu-item menu-item-type-custom menu-item-object-custom menu-item-18700\"><a href=\"\/site\/copel-distribuicao\/tarifas-de-energia-eletrica\/?utm_source=distribuicao-residencial&#038;utm_medium=&#038;utm_campaign=menu-lateral\" class=\"elementor-item\" tabindex=\"-1\">Tarifas de energia<\/a><\/li>\n<li class=\"menu-item menu-item-type-custom menu-item-object-custom menu-item-18701\"><a href=\"\/site\/troca-de-padrao\/?utm_source=distribuicao-residencial&#038;utm_medium=&#038;utm_campaign=menu-lateral\" class=\"elementor-item\" tabindex=\"-1\">Troca de padr\u00e3o<\/a><\/li>\n<li class=\"menu-item menu-item-type-custom menu-item-object-custom menu-item-18702\"><a href=\"\/site\/institucional\/programa-de-pesquisa-e-desenvolvimento\/?utm_source=distribuicao-residencial&#038;utm_medium=&#038;utm_campaign=menu-lateral\" class=\"elementor-item\" tabindex=\"-1\">Pesquisa e desenvolvimento<\/a><\/li>\n<li class=\"menu-item menu-item-type-custom menu-item-object-custom menu-item-18703\"><a href=\"\/site\/copel-distribuicao\/conselho-de-consumidores\/?utm_source=distribuicao-residencial&#038;utm_medium=&#038;utm_campaign=menu-lateral\" class=\"elementor-item\" tabindex=\"-1\">Conselho de consumidores<\/a><\/li>\n<li class=\"menu-item menu-item-type-custom menu-item-object-custom menu-item-18704\"><a href=\"\/site\/copel-distribuicao\/interrupcao-em-situacao-de-emergencia\/?utm_source=distribuicao-residencial&#038;utm_medium=&#038;utm_campaign=menu-lateral\" class=\"elementor-item\" tabindex=\"-1\">Interrup\u00e7\u00e3o em situa\u00e7\u00e3o de conting\u00eancia<\/a><\/li>\n<\/ul>\t\t\t<\/nav>\n\t\t\t\t\t\t<\/div>\n\t\t\t\t<\/div>\n\t\t\t\t\t<\/div>\n\t\t<\/div>\n\t\t\t\t<div class=\"elementor-column elementor-col-66 elementor-top-column elementor-element elementor-element-1582fbfa\" data-id=\"1582fbfa\" data-element_type=\"column\" data-e-type=\"column\">\n\t\t\t<div class=\"elementor-widget-wrap elementor-element-populated\">\n\t\t\t\t\t\t<div class=\"elementor-element elementor-element-960df44 text-content content1 elementor-widget elementor-widget-text-editor\" data-id=\"960df44\" data-element_type=\"widget\" data-e-type=\"widget\" data-widget_type=\"text-editor.default\">\n\t\t\t\t<div class=\"elementor-widget-container\">\n\t\t\t\t\t\t\t\t\t<p>Radio interfer\u00eancia s\u00e3o ru\u00eddos como zumbidos ou estalos, ou ainda outras formas de interfer\u00eancia em equipamentos eletroeletr\u00f4nicos e de comunica\u00e7\u00f5es, provocada pelos campos eletromagn\u00e9ticos presentes nas linhas de transmiss\u00e3o, de distribui\u00e7\u00e3o ou por terceiros.\u00a0<br \/>\u00a0<br \/>S\u00e3o emiss\u00f5es eletromagn\u00e9ticas que podem afetar a qualidade de recep\u00e7\u00e3o de um equipamento, dispositivo ou sistema, como por exemplo comprometer o perfeito funcionamento de um r\u00e1dio receptor ou de um televisor. Uma explica\u00e7\u00e3o para a origem das fontes de\u00a0radiointerfer\u00eancia, est\u00e1 baseada no conceito de que &#8220;todo condutor energizado cria, em torno de si, um campo eletromagn\u00e9tico&#8221;.\u00a0<br \/>\u00a0<br \/>O ru\u00eddo das linhas de transmiss\u00e3o pode se intensificar durante o tempo \u00famido. Pode ser mais forte em determinada dire\u00e7\u00e3o; tamb\u00e9m pode parecer chegar de todos os lugares de repente.\u00a0<\/p>\t\t\t\t\t\t\t\t<\/div>\n\t\t\t\t<\/div>\n\t\t\t\t<div class=\"elementor-element elementor-element-c71ab58 text-content elementor-widget elementor-widget-heading\" data-id=\"c71ab58\" data-element_type=\"widget\" data-e-type=\"widget\" data-widget_type=\"heading.default\">\n\t\t\t\t<div class=\"elementor-widget-container\">\n\t\t\t\t\t<h3 class=\"elementor-heading-title elementor-size-default\">Como agir ao identificar\u00a0radio interfer\u00eancia\u00a0nos seus equipamentos<\/h3>\t\t\t\t<\/div>\n\t\t\t\t<\/div>\n\t\t\t\t<div class=\"elementor-element elementor-element-951176b text-content elementor-widget elementor-widget-text-editor\" data-id=\"951176b\" data-element_type=\"widget\" data-e-type=\"widget\" data-widget_type=\"text-editor.default\">\n\t\t\t\t<div class=\"elementor-widget-container\">\n\t\t\t\t\t\t\t\t\t<p>Primeiramente verifique se o problema de interfer\u00eancia \u00e9 na instala\u00e7\u00e3o el\u00e9trica de sua resid\u00eancia (ou condom\u00ednio) ou fora dela;\u00a0<br \/>Uma vez constatando que o problema \u00e9 na rede el\u00e9trica da rua, entre em contato com a Copel\u00a0e\u00a0comunique o problema.\u00a0<\/p><p>Informa\u00e7\u00f5es adicionais que auxiliar\u00e3o para tornar eficiente e r\u00e1pida a localiza\u00e7\u00e3o da fonte de interfer\u00eancia:\u00a0<\/p><ul><li>Per\u00edodo do dia em que a perturba\u00e7\u00e3o aparece;\u00a0<br \/>Tipo de ru\u00eddo, se constante ou intermitente;<\/li><li>Com que condi\u00e7\u00f5es do tempo aparece (tempo chuvoso ou n\u00e3o);<\/li><li>Se est\u00e1 presente naquele momento.\u00a0<\/li><\/ul><p>Comunique o problema ligando para:<\/p>\t\t\t\t\t\t\t\t<\/div>\n\t\t\t\t<\/div>\n\t\t\t\t<div class=\"elementor-element elementor-element-6a385b1 elementor-icon-list--layout-traditional elementor-list-item-link-full_width elementor-widget elementor-widget-icon-list\" data-id=\"6a385b1\" data-element_type=\"widget\" data-e-type=\"widget\" data-widget_type=\"icon-list.default\">\n\t\t\t\t<div class=\"elementor-widget-container\">\n\t\t\t\t\t\t\t<ul class=\"elementor-icon-list-items\">\n\t\t\t\t\t\t\t<li class=\"elementor-icon-list-item\">\n\t\t\t\t\t\t\t\t\t\t\t<span class=\"elementor-icon-list-icon\">\n\t\t\t\t\t\t\t<svg xmlns=\"http:\/\/www.w3.org\/2000\/svg\" width=\"23.75\" height=\"38\" viewBox=\"0 0 23.75 38\"><path id=\"mobile\" d=\"M14.25,30.875A2.375,2.375,0,1,1,11.875,28.5,2.372,2.372,0,0,1,14.25,30.875Zm9.5-27.312V34.438A3.563,3.563,0,0,1,20.188,38H3.563A3.563,3.563,0,0,1,0,34.438V3.563A3.563,3.563,0,0,1,3.563,0H20.188A3.563,3.563,0,0,1,23.75,3.563Zm-2.375,0a1.191,1.191,0,0,0-1.187-1.187H3.563A1.191,1.191,0,0,0,2.375,3.563V34.438a1.191,1.191,0,0,0,1.188,1.188H20.188a1.191,1.191,0,0,0,1.188-1.187Z\" fill=\"#ff750c\"><\/path><\/svg>\t\t\t\t\t\t<\/span>\n\t\t\t\t\t\t\t\t\t\t<span class=\"elementor-icon-list-text\">0800 51 00 116<\/span>\n\t\t\t\t\t\t\t\t\t<\/li>\n\t\t\t\t\t\t<\/ul>\n\t\t\t\t\t\t<\/div>\n\t\t\t\t<\/div>\n\t\t\t\t\t<\/div>\n\t\t<\/div>\n\t\t\t\t\t<\/div>\n\t\t<\/section>\n\t\t\t\t<\/div>\n\t\t","protected":false},"excerpt":{"rendered":"<p>R\u00e1dio interfer\u00eancia Radio interfer\u00eancia s\u00e3o ru\u00eddos como zumbidos ou estalos, ou ainda outras formas de interfer\u00eancia em equipamentos eletroeletr\u00f4nicos e de comunica\u00e7\u00f5es, provocada pelos campos eletromagn\u00e9ticos presentes nas linhas de transmiss\u00e3o, de distribui\u00e7\u00e3o ou por terceiros.\u00a0\u00a0S\u00e3o emiss\u00f5es eletromagn\u00e9ticas que podem afetar a qualidade de recep\u00e7\u00e3o de um equipamento, dispositivo ou sistema, como por exemplo comprometer [&hellip;]<\/p>\n","protected":false},"author":6,"featured_media":0,"parent":981,"menu_order":0,"comment_status":"closed","ping_status":"closed","template":"elementor_header_footer","meta":{"_acf_changed":false,"footnotes":""},"categories":[],"tags":[],"wf_page_folders":[438],"class_list":["post-9935","page","type-page","status-publish","hentry"],"acf":[],"aioseo_notices":[],"_links":{"self":[{"href":"https:\/\/www.copel.com\/site\/wp-json\/wp\/v2\/pages\/9935","targetHints":{"allow":["GET"]}}],"collection":[{"href":"https:\/\/www.copel.com\/site\/wp-json\/wp\/v2\/pages"}],"about":[{"href":"https:\/\/www.copel.com\/site\/wp-json\/wp\/v2\/types\/page"}],"author":[{"embeddable":true,"href":"https:\/\/www.copel.com\/site\/wp-json\/wp\/v2\/users\/6"}],"replies":[{"embeddable":true,"href":"https:\/\/www.copel.com\/site\/wp-json\/wp\/v2\/comments?post=9935"}],"version-history":[{"count":3,"href":"https:\/\/www.copel.com\/site\/wp-json\/wp\/v2\/pages\/9935\/revisions"}],"predecessor-version":[{"id":39592,"href":"https:\/\/www.copel.com\/site\/wp-json\/wp\/v2\/pages\/9935\/revisions\/39592"}],"up":[{"embeddable":true,"href":"https:\/\/www.copel.com\/site\/wp-json\/wp\/v2\/pages\/981"}],"wp:attachment":[{"href":"https:\/\/www.copel.com\/site\/wp-json\/wp\/v2\/media?parent=9935"}],"wp:term":[{"taxonomy":"category","embeddable":true,"href":"https:\/\/www.copel.com\/site\/wp-json\/wp\/v2\/categories?post=9935"},{"taxonomy":"post_tag","embeddable":true,"href":"https:\/\/www.copel.com\/site\/wp-json\/wp\/v2\/tags?post=9935"},{"taxonomy":"wf_page_folders","embeddable":true,"href":"https:\/\/www.copel.com\/site\/wp-json\/wp\/v2\/wf_page_folders?post=9935"}],"curies":[{"name":"wp","href":"https:\/\/api.w.org\/{rel}","templated":true}]}}