{"id":6644,"date":"2020-08-06T14:07:35","date_gmt":"2020-08-06T17:07:35","guid":{"rendered":"https:\/\/hml.copel.com\/hpcweb\/?page_id=6644"},"modified":"2024-07-23T14:58:48","modified_gmt":"2024-07-23T17:58:48","slug":"agencias-de-atendimento","status":"publish","type":"page","link":"https:\/\/www.copel.com\/site\/copel-distribuicao\/agencias-de-atendimento\/","title":{"rendered":"Ag\u00eancias de atendimento"},"content":{"rendered":"\t\t<div data-elementor-type=\"wp-page\" data-elementor-id=\"6644\" class=\"elementor elementor-6644\" data-elementor-post-type=\"page\">\n\t\t\t\t\t\t<section class=\"elementor-section elementor-top-section elementor-element elementor-element-214455f elementor-section-boxed elementor-section-height-default elementor-section-height-default\" data-id=\"214455f\" data-element_type=\"section\" data-e-type=\"section\">\n\t\t\t\t\t\t<div class=\"elementor-container elementor-column-gap-default\">\n\t\t\t\t\t<div class=\"elementor-column elementor-col-100 elementor-top-column elementor-element elementor-element-c6f7a30\" data-id=\"c6f7a30\" data-element_type=\"column\" data-e-type=\"column\">\n\t\t\t<div class=\"elementor-widget-wrap elementor-element-populated\">\n\t\t\t\t\t\t<div class=\"elementor-element elementor-element-00bf5a5 elementor-widget elementor-widget-text-editor\" data-id=\"00bf5a5\" data-element_type=\"widget\" data-e-type=\"widget\" data-widget_type=\"text-editor.default\">\n\t\t\t\t<div class=\"elementor-widget-container\">\n\t\t\t\t\t\t\t\t\t<p>Consulte nossos locais de atendimento, os hor\u00e1rios de funcionamento e servi\u00e7os realizados.<\/p>\t\t\t\t\t\t\t\t<\/div>\n\t\t\t\t<\/div>\n\t\t\t\t<div class=\"elementor-element elementor-element-bec850b elementor-widget elementor-widget-html\" data-id=\"bec850b\" data-element_type=\"widget\" data-e-type=\"widget\" data-widget_type=\"html.default\">\n\t\t\t\t<div class=\"elementor-widget-container\">\n\t\t\t\t\t<iframe title=\"Hor\u00e1rios de Atendimento\" width=\"1024\" height=\"612\" src=\"https:\/\/app.powerbi.com\/view?r=eyJrIjoiNTM1ZTMwZjEtMDBkNC00NzY2LTg0M2UtYjlkYWVkZGM3ZGE5IiwidCI6IjliNjAxNThlLWQ0NTUtNGU4MC1hYTdjLTE3Y2Q5ZmZjZTZiYSIsImMiOjF9\" frameborder=\"0\" allowFullScreen=\"true\"><\/iframe>\t\t\t\t<\/div>\n\t\t\t\t<\/div>\n\t\t\t\t<div class=\"elementor-element elementor-element-1f1d01b elementor-hidden-desktop elementor-hidden-tablet elementor-hidden-mobile elementor-icon-list--layout-traditional elementor-list-item-link-full_width elementor-widget elementor-widget-icon-list\" data-id=\"1f1d01b\" data-element_type=\"widget\" data-e-type=\"widget\" data-widget_type=\"icon-list.default\">\n\t\t\t\t<div class=\"elementor-widget-container\">\n\t\t\t\t\t\t\t<ul class=\"elementor-icon-list-items\">\n\t\t\t\t\t\t\t<li class=\"elementor-icon-list-item\">\n\t\t\t\t\t\t\t\t\t\t\t<a href=\"\/site\/copel-distribuicao\/agencias-de-atendimento\/agende-seu-atendimento-presencial\/\">\n\n\t\t\t\t\t\t\t\t\t\t\t\t<span class=\"elementor-icon-list-icon\">\n\t\t\t\t\t\t\t<svg xmlns=\"http:\/\/www.w3.org\/2000\/svg\" xmlns:xlink=\"http:\/\/www.w3.org\/1999\/xlink\" id=\"Capa_1\" x=\"0px\" y=\"0px\" viewBox=\"0 0 470 470\" style=\"enable-background:new 0 0 470 470;\" xml:space=\"preserve\"> <style type=\"text\/css\"> .st0{fill:#EC6500;} <\/style> <g> <path class=\"st0\" d=\"M462.5,425H7.5c-4.1,0-7.5,3.4-7.5,7.5s3.4,7.5,7.5,7.5h455c4.1,0,7.5-3.4,7.5-7.5S466.6,425,462.5,425z\"><\/path> <path class=\"st0\" d=\"M462.5,455H7.5c-4.1,0-7.5,3.4-7.5,7.5s3.4,7.5,7.5,7.5h455c4.1,0,7.5-3.4,7.5-7.5S466.6,455,462.5,455z\"><\/path> <path class=\"st0\" d=\"M462.5,30h-25v-7.5C437.5,10.1,427.4,0,415,0s-22.5,10.1-22.5,22.5V30h-75v-7.5C317.5,10.1,307.4,0,295,0 s-22.5,10.1-22.5,22.5V30h-75v-7.5C197.5,10.1,187.4,0,175,0s-22.5,10.1-22.5,22.5V30h-75v-7.5C77.5,10.1,67.4,0,55,0 S32.5,10.1,32.5,22.5V30h-25C3.4,30,0,33.4,0,37.5v365c0,4.1,3.4,7.5,7.5,7.5h455c4.1,0,7.5-3.4,7.5-7.5v-365 C470,33.4,466.6,30,462.5,30z M407.5,22.5c0-4.1,3.4-7.5,7.5-7.5s7.5,3.4,7.5,7.5v30c0,4.1-3.4,7.5-7.5,7.5s-7.5-3.4-7.5-7.5V22.5z M287.5,22.5c0-4.1,3.4-7.5,7.5-7.5s7.5,3.4,7.5,7.5v30c0,4.1-3.4,7.5-7.5,7.5s-7.5-3.4-7.5-7.5V22.5z M167.5,22.5 c0-4.1,3.4-7.5,7.5-7.5s7.5,3.4,7.5,7.5v30c0,4.1-3.4,7.5-7.5,7.5s-7.5-3.4-7.5-7.5V22.5z M47.5,22.5c0-4.1,3.4-7.5,7.5-7.5 s7.5,3.4,7.5,7.5v30c0,4.1-3.4,7.5-7.5,7.5s-7.5-3.4-7.5-7.5V22.5z M32.5,45v7.5C32.5,64.9,42.6,75,55,75s22.5-10.1,22.5-22.5V45 h75v7.5c0,12.4,10.1,22.5,22.5,22.5s22.5-10.1,22.5-22.5V45h75v7.5c0,12.4,10.1,22.5,22.5,22.5s22.5-10.1,22.5-22.5V45h75v7.5 c0,12.4,10.1,22.5,22.5,22.5s22.5-10.1,22.5-22.5V45H455v77.3H15V45H32.5z M15,395V137.3h440V395H15z\"><\/path> <path class=\"st0\" d=\"M412,226.8h-30c-4.1,0-7.5,3.4-7.5,7.5s3.4,7.5,7.5,7.5h30c4.1,0,7.5-3.4,7.5-7.5S416.1,226.8,412,226.8z\"><\/path> <path class=\"st0\" d=\"M331,226.8h-30c-4.1,0-7.5,3.4-7.5,7.5s3.4,7.5,7.5,7.5h30c4.1,0,7.5-3.4,7.5-7.5S335.1,226.8,331,226.8z\"><\/path> <path class=\"st0\" d=\"M250,226.8h-30c-4.1,0-7.5,3.4-7.5,7.5s3.4,7.5,7.5,7.5h30c4.1,0,7.5-3.4,7.5-7.5S254.1,226.8,250,226.8z\"><\/path> <path class=\"st0\" d=\"M169,226.8h-30c-4.1,0-7.5,3.4-7.5,7.5s3.4,7.5,7.5,7.5h30c4.1,0,7.5-3.4,7.5-7.5S173.1,226.8,169,226.8z\"><\/path> <path class=\"st0\" d=\"M88,226.8H58c-4.1,0-7.5,3.4-7.5,7.5s3.4,7.5,7.5,7.5h30c4.1,0,7.5-3.4,7.5-7.5S92.1,226.8,88,226.8z\"><\/path> <path class=\"st0\" d=\"M331,280.8h-30c-4.1,0-7.5,3.4-7.5,7.5s3.4,7.5,7.5,7.5h30c4.1,0,7.5-3.4,7.5-7.5S335.1,280.8,331,280.8z\"><\/path> <path class=\"st0\" d=\"M250,280.8h-30c-4.1,0-7.5,3.4-7.5,7.5s3.4,7.5,7.5,7.5h30c4.1,0,7.5-3.4,7.5-7.5S254.1,280.8,250,280.8z\"><\/path> <path class=\"st0\" d=\"M169,280.8h-30c-4.1,0-7.5,3.4-7.5,7.5s3.4,7.5,7.5,7.5h30c4.1,0,7.5-3.4,7.5-7.5S173.1,280.8,169,280.8z\"><\/path> <path class=\"st0\" d=\"M88,280.8H58c-4.1,0-7.5,3.4-7.5,7.5s3.4,7.5,7.5,7.5h30c4.1,0,7.5-3.4,7.5-7.5S92.1,280.8,88,280.8z\"><\/path> <path class=\"st0\" d=\"M331,334.8h-30c-4.1,0-7.5,3.4-7.5,7.5s3.4,7.5,7.5,7.5h30c4.1,0,7.5-3.4,7.5-7.5S335.1,334.8,331,334.8z\"><\/path> <path class=\"st0\" d=\"M412,280.8h-30c-4.1,0-7.5,3.4-7.5,7.5s3.4,7.5,7.5,7.5h30c4.1,0,7.5-3.4,7.5-7.5S416.1,280.8,412,280.8z\"><\/path> <path class=\"st0\" d=\"M412,334.8h-30c-4.1,0-7.5,3.4-7.5,7.5s3.4,7.5,7.5,7.5h30c4.1,0,7.5-3.4,7.5-7.5S416.1,334.8,412,334.8z\"><\/path> <path class=\"st0\" d=\"M250,334.8h-30c-4.1,0-7.5,3.4-7.5,7.5s3.4,7.5,7.5,7.5h30c4.1,0,7.5-3.4,7.5-7.5S254.1,334.8,250,334.8z\"><\/path> <path class=\"st0\" d=\"M169,334.8h-30c-4.1,0-7.5,3.4-7.5,7.5s3.4,7.5,7.5,7.5h30c4.1,0,7.5-3.4,7.5-7.5S173.1,334.8,169,334.8z\"><\/path> <path class=\"st0\" d=\"M88,334.8H58c-4.1,0-7.5,3.4-7.5,7.5s3.4,7.5,7.5,7.5h30c4.1,0,7.5-3.4,7.5-7.5S92.1,334.8,88,334.8z\"><\/path> <path class=\"st0\" d=\"M412,172.8h-30c-4.1,0-7.5,3.4-7.5,7.5s3.4,7.5,7.5,7.5h30c4.1,0,7.5-3.4,7.5-7.5S416.1,172.8,412,172.8z\"><\/path> <path class=\"st0\" d=\"M331,172.8h-30c-4.1,0-7.5,3.4-7.5,7.5s3.4,7.5,7.5,7.5h30c4.1,0,7.5-3.4,7.5-7.5S335.1,172.8,331,172.8z\"><\/path> <path class=\"st0\" d=\"M250,172.8h-30c-4.1,0-7.5,3.4-7.5,7.5s3.4,7.5,7.5,7.5h30c4.1,0,7.5-3.4,7.5-7.5S254.1,172.8,250,172.8z\"><\/path> <path class=\"st0\" d=\"M169,172.8h-30c-4.1,0-7.5,3.4-7.5,7.5s3.4,7.5,7.5,7.5h30c4.1,0,7.5-3.4,7.5-7.5S173.1,172.8,169,172.8z\"><\/path> <path class=\"st0\" d=\"M88,172.8H58c-4.1,0-7.5,3.4-7.5,7.5s3.4,7.5,7.5,7.5h30c4.1,0,7.5-3.4,7.5-7.5S92.1,172.8,88,172.8z\"><\/path> <\/g> <\/svg>\t\t\t\t\t\t<\/span>\n\t\t\t\t\t\t\t\t\t\t<span class=\"elementor-icon-list-text\">Consulte nossos locais de atendimento, os hor\u00e1rios de funcionamento e servi\u00e7os realizados.<\/span>\n\t\t\t\t\t\t\t\t\t\t\t<\/a>\n\t\t\t\t\t\t\t\t\t<\/li>\n\t\t\t\t\t\t<\/ul>\n\t\t\t\t\t\t<\/div>\n\t\t\t\t<\/div>\n\t\t\t\t\t<\/div>\n\t\t<\/div>\n\t\t\t\t\t<\/div>\n\t\t<\/section>\n\t\t\t\t<\/div>\n\t\t","protected":false},"excerpt":{"rendered":"<p>Consulte nossos locais de atendimento, os hor\u00e1rios de funcionamento e servi\u00e7os realizados. Consulte nossos locais de atendimento, os hor\u00e1rios de funcionamento e servi\u00e7os realizados.<\/p>\n","protected":false},"author":6,"featured_media":0,"parent":981,"menu_order":0,"comment_status":"closed","ping_status":"closed","template":"elementor_header_footer","meta":{"_acf_changed":false,"footnotes":""},"categories":[],"tags":[],"wf_page_folders":[438],"class_list":["post-6644","page","type-page","status-publish","hentry"],"acf":[],"aioseo_notices":[],"_links":{"self":[{"href":"https:\/\/www.copel.com\/site\/wp-json\/wp\/v2\/pages\/6644","targetHints":{"allow":["GET"]}}],"collection":[{"href":"https:\/\/www.copel.com\/site\/wp-json\/wp\/v2\/pages"}],"about":[{"href":"https:\/\/www.copel.com\/site\/wp-json\/wp\/v2\/types\/page"}],"author":[{"embeddable":true,"href":"https:\/\/www.copel.com\/site\/wp-json\/wp\/v2\/users\/6"}],"replies":[{"embeddable":true,"href":"https:\/\/www.copel.com\/site\/wp-json\/wp\/v2\/comments?post=6644"}],"version-history":[{"count":3,"href":"https:\/\/www.copel.com\/site\/wp-json\/wp\/v2\/pages\/6644\/revisions"}],"predecessor-version":[{"id":39472,"href":"https:\/\/www.copel.com\/site\/wp-json\/wp\/v2\/pages\/6644\/revisions\/39472"}],"up":[{"embeddable":true,"href":"https:\/\/www.copel.com\/site\/wp-json\/wp\/v2\/pages\/981"}],"wp:attachment":[{"href":"https:\/\/www.copel.com\/site\/wp-json\/wp\/v2\/media?parent=6644"}],"wp:term":[{"taxonomy":"category","embeddable":true,"href":"https:\/\/www.copel.com\/site\/wp-json\/wp\/v2\/categories?post=6644"},{"taxonomy":"post_tag","embeddable":true,"href":"https:\/\/www.copel.com\/site\/wp-json\/wp\/v2\/tags?post=6644"},{"taxonomy":"wf_page_folders","embeddable":true,"href":"https:\/\/www.copel.com\/site\/wp-json\/wp\/v2\/wf_page_folders?post=6644"}],"curies":[{"name":"wp","href":"https:\/\/api.w.org\/{rel}","templated":true}]}}