{"id":47045,"date":"2025-07-17T15:59:20","date_gmt":"2025-07-17T18:59:20","guid":{"rendered":"https:\/\/www.copel.com\/site\/?page_id=47045"},"modified":"2025-07-17T16:05:55","modified_gmt":"2025-07-17T19:05:55","slug":"inscricao-em-treinamento","status":"publish","type":"page","link":"https:\/\/www.copel.com\/site\/inscricao-em-treinamento\/","title":{"rendered":"Inscri\u00e7\u00e3o em Treinamento"},"content":{"rendered":"\t\t<div data-elementor-type=\"wp-page\" data-elementor-id=\"47045\" class=\"elementor elementor-47045\" data-elementor-post-type=\"page\">\n\t\t\t\t\t\t<section class=\"elementor-section elementor-top-section elementor-element elementor-element-15a3b816 elementor-section-full_width imgDestaque Atendimento elementor-section-height-default elementor-section-height-default\" data-id=\"15a3b816\" data-element_type=\"section\" data-e-type=\"section\" data-settings=\"{&quot;background_background&quot;:&quot;classic&quot;}\">\n\t\t\t\t\t\t\t<div class=\"elementor-background-overlay\"><\/div>\n\t\t\t\t\t\t\t<div class=\"elementor-container elementor-column-gap-default\">\n\t\t\t\t\t<div class=\"elementor-column elementor-col-100 elementor-top-column elementor-element elementor-element-b675940 box-destaque\" data-id=\"b675940\" data-element_type=\"column\" data-e-type=\"column\">\n\t\t\t<div class=\"elementor-widget-wrap elementor-element-populated\">\n\t\t\t\t\t\t<div class=\"elementor-element elementor-element-7097cd5f elementor-widget elementor-widget-heading\" data-id=\"7097cd5f\" data-element_type=\"widget\" data-e-type=\"widget\" data-widget_type=\"heading.default\">\n\t\t\t\t<div class=\"elementor-widget-container\">\n\t\t\t\t\t<h1 class=\"elementor-heading-title elementor-size-default\">Treinamento<\/h1>\t\t\t\t<\/div>\n\t\t\t\t<\/div>\n\t\t\t\t<div class=\"elementor-element elementor-element-13a5a811 elementor-widget elementor-widget-text-editor\" data-id=\"13a5a811\" data-element_type=\"widget\" data-e-type=\"widget\" data-widget_type=\"text-editor.default\">\n\t\t\t\t<div class=\"elementor-widget-container\">\n\t\t\t\t\t\t\t\t\t<p>Preencha o formul\u00e1rio com todas as informa\u00e7\u00f5es solicitadas<\/p>\t\t\t\t\t\t\t\t<\/div>\n\t\t\t\t<\/div>\n\t\t\t\t\t<\/div>\n\t\t<\/div>\n\t\t\t\t\t<\/div>\n\t\t<\/section>\n\t\t<div class=\"elementor-element elementor-element-54ab21e e-flex e-con-boxed e-con e-parent\" data-id=\"54ab21e\" data-element_type=\"container\" data-e-type=\"container\">\n\t\t\t\t\t<div class=\"e-con-inner\">\n\t\t\t\t<div class=\"elementor-element elementor-element-9d7628c elementor-widget elementor-widget-wpforms\" data-id=\"9d7628c\" data-element_type=\"widget\" data-e-type=\"widget\" data-widget_type=\"wpforms.default\">\n\t\t\t\t<div class=\"elementor-widget-container\">\n\t\t\t\t\t<div class=\"wpforms-container wpforms-container-full wpforms-render-modern\" id=\"wpforms-45507\"><form id=\"wpforms-form-45507\" class=\"wpforms-validate wpforms-form wpforms-ajax-form\" data-formid=\"45507\" method=\"post\" enctype=\"multipart\/form-data\" action=\"\/site\/wp-json\/wp\/v2\/pages\/47045\" data-token=\"d87cd637b899f4d58e0a1883671830cf\" data-token-time=\"1776678843\"><noscript class=\"wpforms-error-noscript\">Ative o JavaScript no seu navegador para preencher este formul\u00e1rio.<\/noscript><div id=\"wpforms-error-noscript\" style=\"display: none;\">Ative o JavaScript no seu navegador para preencher este formul\u00e1rio.<\/div><div class=\"wpforms-field-container\"><div id=\"wpforms-45507-field_1-container\" class=\"wpforms-field wpforms-field-name\" data-field-type=\"name\" data-field-id=\"1\"><label class=\"wpforms-field-label\" for=\"wpforms-45507-field_1\">Nome Completo <span class=\"wpforms-required-label\" aria-hidden=\"true\">*<\/span><\/label><input type=\"text\" id=\"wpforms-45507-field_1\" class=\"wpforms-field-medium wpforms-field-required\" name=\"wpforms[fields][1]\" aria-errormessage=\"wpforms-45507-field_1-error\" required><\/div><div id=\"wpforms-45507-field_11-container\" class=\"wpforms-field wpforms-field-text\" data-field-type=\"text\" data-field-id=\"11\"><label class=\"wpforms-field-label\" for=\"wpforms-45507-field_11\">CPF <span class=\"wpforms-required-label\" aria-hidden=\"true\">*<\/span><\/label><input type=\"text\" id=\"wpforms-45507-field_11\" class=\"wpforms-field-small wpforms-field-required wpforms-masked-input\" data-rule-inputmask-incomplete=\"1\" data-inputmask-mask=\"999.999.999-99\" name=\"wpforms[fields][11]\" aria-errormessage=\"wpforms-45507-field_11-error\" aria-describedby=\"wpforms-45507-field_11-description\" required><div id=\"wpforms-45507-field_11-description\" class=\"wpforms-field-description\">Caso apare\u00e7a a mensagem de bloqueio, o CPF j\u00e1 est\u00e1 cadastrado. Enviar dados via e-mail para integracao.ead@copel.com<\/div><\/div><div id=\"wpforms-45507-field_5-container\" class=\"wpforms-field wpforms-field-text\" data-field-type=\"text\" data-field-id=\"5\"><label class=\"wpforms-field-label\" for=\"wpforms-45507-field_5\">Fun\u00e7\u00e3o do Colaborador <span class=\"wpforms-required-label\" aria-hidden=\"true\">*<\/span><\/label><input type=\"text\" id=\"wpforms-45507-field_5\" class=\"wpforms-field-medium wpforms-field-required\" name=\"wpforms[fields][5]\" aria-errormessage=\"wpforms-45507-field_5-error\" required><\/div><div id=\"wpforms-45507-field_14-container\" class=\"wpforms-field wpforms-field-checkbox wpforms-list-inline\" data-field-type=\"checkbox\" data-field-id=\"14\"><fieldset><legend class=\"wpforms-field-label\">Selecione as atividades que ir\u00e1 desempenhar <span class=\"wpforms-required-label\" aria-hidden=\"true\">*<\/span><\/legend><ul id=\"wpforms-45507-field_14\" class=\"wpforms-field-required wpforms-icon-choices wpforms-icon-choices-default wpforms-icon-choices-small\" style=\"--wpforms-icon-choices-color: #f5821e;\"><li class=\"choice-1 depth-1 wpforms-icon-choices-item\"><label class=\"wpforms-field-label-inline\" for=\"wpforms-45507-field_14_1\">\n\t\t\t\t<span class=\"wpforms-icon-choices-icon\">\n\t\t\t\t\t\n\t\t\t\t\t<span class=\"wpforms-icon-choices-icon-bg\"><\/span>\n\t\t\t\t<\/span>\n\t\t\t\t<input type=\"checkbox\" id=\"wpforms-45507-field_14_1\" class=\"wpforms-screen-reader-element\" name=\"wpforms[fields][14][]\" value=\"Eletricista motociclista\" aria-errormessage=\"wpforms-45507-field_14_1-error\" required >\n\t\t\t\t<span class=\"wpforms-icon-choices-label\">Eletricista motociclista<\/span>\n\t\t\t<\/label><\/li><li class=\"choice-2 depth-1 wpforms-icon-choices-item\"><label class=\"wpforms-field-label-inline\" for=\"wpforms-45507-field_14_2\">\n\t\t\t\t<span class=\"wpforms-icon-choices-icon\">\n\t\t\t\t\t\n\t\t\t\t\t<span class=\"wpforms-icon-choices-icon-bg\"><\/span>\n\t\t\t\t<\/span>\n\t\t\t\t<input type=\"checkbox\" id=\"wpforms-45507-field_14_2\" class=\"wpforms-screen-reader-element\" name=\"wpforms[fields][14][]\" value=\"Leiturista\" aria-errormessage=\"wpforms-45507-field_14_2-error\" required >\n\t\t\t\t<span class=\"wpforms-icon-choices-label\">Leiturista<\/span>\n\t\t\t<\/label><\/li><li class=\"choice-3 depth-1 wpforms-icon-choices-item\"><label class=\"wpforms-field-label-inline\" for=\"wpforms-45507-field_14_3\">\n\t\t\t\t<span class=\"wpforms-icon-choices-icon\">\n\t\t\t\t\t\n\t\t\t\t\t<span class=\"wpforms-icon-choices-icon-bg\"><\/span>\n\t\t\t\t<\/span>\n\t\t\t\t<input type=\"checkbox\" id=\"wpforms-45507-field_14_3\" class=\"wpforms-screen-reader-element\" name=\"wpforms[fields][14][]\" value=\"Manuten\u00e7\u00e3o predial\" aria-errormessage=\"wpforms-45507-field_14_3-error\" required >\n\t\t\t\t<span class=\"wpforms-icon-choices-label\">Manuten\u00e7\u00e3o predial<\/span>\n\t\t\t<\/label><\/li><li class=\"choice-5 depth-1 wpforms-icon-choices-item\"><label class=\"wpforms-field-label-inline\" for=\"wpforms-45507-field_14_5\">\n\t\t\t\t<span class=\"wpforms-icon-choices-icon\">\n\t\t\t\t\t\n\t\t\t\t\t<span class=\"wpforms-icon-choices-icon-bg\"><\/span>\n\t\t\t\t<\/span>\n\t\t\t\t<input type=\"checkbox\" id=\"wpforms-45507-field_14_5\" class=\"wpforms-screen-reader-element\" name=\"wpforms[fields][14][]\" value=\"Zeladoria\" aria-errormessage=\"wpforms-45507-field_14_5-error\" required >\n\t\t\t\t<span class=\"wpforms-icon-choices-label\">Zeladoria<\/span>\n\t\t\t<\/label><\/li><li class=\"choice-4 depth-1 wpforms-icon-choices-item\"><label class=\"wpforms-field-label-inline\" for=\"wpforms-45507-field_14_4\">\n\t\t\t\t<span class=\"wpforms-icon-choices-icon\">\n\t\t\t\t\t\n\t\t\t\t\t<span class=\"wpforms-icon-choices-icon-bg\"><\/span>\n\t\t\t\t<\/span>\n\t\t\t\t<input type=\"checkbox\" id=\"wpforms-45507-field_14_4\" class=\"wpforms-screen-reader-element\" name=\"wpforms[fields][14][]\" value=\"Outros\" aria-errormessage=\"wpforms-45507-field_14_4-error\" required >\n\t\t\t\t<span class=\"wpforms-icon-choices-label\">Outros<\/span>\n\t\t\t<\/label><\/li><\/ul><\/fieldset><\/div><div id=\"wpforms-45507-field_2-container\" class=\"wpforms-field wpforms-field-email\" data-field-type=\"email\" data-field-id=\"2\"><label class=\"wpforms-field-label\" for=\"wpforms-45507-field_2\">E-mail individual do Colaborador (se houver) <\/label><input type=\"email\" id=\"wpforms-45507-field_2\" class=\"wpforms-field-medium\" name=\"wpforms[fields][2]\" spellcheck=\"false\" aria-errormessage=\"wpforms-45507-field_2-error\" aria-describedby=\"wpforms-45507-field_2-description\" ><div id=\"wpforms-45507-field_2-description\" class=\"wpforms-field-description\">N\u00e3o utilizar o e-mail da empresa ou inexistente.<\/div><\/div><div id=\"wpforms-45507-field_7-container\" class=\"wpforms-field wpforms-field-text\" data-field-type=\"text\" data-field-id=\"7\"><label class=\"wpforms-field-label\" for=\"wpforms-45507-field_7\">Nome da Empresa <span class=\"wpforms-required-label\" aria-hidden=\"true\">*<\/span><\/label><input type=\"text\" id=\"wpforms-45507-field_7\" class=\"wpforms-field-medium wpforms-field-required\" name=\"wpforms[fields][7]\" aria-errormessage=\"wpforms-45507-field_7-error\" required><\/div><div id=\"wpforms-45507-field_8-container\" class=\"wpforms-field wpforms-field-text\" data-field-type=\"text\" data-field-id=\"8\"><label class=\"wpforms-field-label\" for=\"wpforms-45507-field_8\">E-mail da Empresa<\/label><input type=\"text\" id=\"wpforms-45507-field_8\" class=\"wpforms-field-medium\" name=\"wpforms[fields][8]\" aria-errormessage=\"wpforms-45507-field_8-error\" aria-describedby=\"wpforms-45507-field_8-description\" ><div id=\"wpforms-45507-field_8-description\" class=\"wpforms-field-description\">Necess\u00e1rio para o recebimento da senha <\/div><\/div>\t\t<div id=\"wpforms-45507-field_3-container\"\n\t\t\tclass=\"wpforms-field wpforms-field-text\"\n\t\t\tdata-field-type=\"text\"\n\t\t\tdata-field-id=\"3\"\n\t\t\t>\n\t\t\t<label class=\"wpforms-field-label\" for=\"wpforms-45507-field_3\" >da do houver)<\/label>\n\t\t\t<input type=\"text\" id=\"wpforms-45507-field_3\" class=\"wpforms-field-medium\" name=\"wpforms[fields][3]\" >\n\t\t<\/div>\n\t\t<div id=\"wpforms-45507-field_9-container\" class=\"wpforms-field wpforms-field-text\" data-field-type=\"text\" data-field-id=\"9\"><label class=\"wpforms-field-label\" for=\"wpforms-45507-field_9\">Nome do Gestor do Contrato na Copel <span class=\"wpforms-required-label\" aria-hidden=\"true\">*<\/span><\/label><input type=\"text\" id=\"wpforms-45507-field_9\" class=\"wpforms-field-medium wpforms-field-required\" name=\"wpforms[fields][9]\" aria-errormessage=\"wpforms-45507-field_9-error\" required><\/div><div id=\"wpforms-45507-field_10-container\" class=\"wpforms-field wpforms-field-text\" data-field-type=\"text\" data-field-id=\"10\"><label class=\"wpforms-field-label\" for=\"wpforms-45507-field_10\">E-mail do Gestor do Contrato na Copel<\/label><input type=\"text\" id=\"wpforms-45507-field_10\" class=\"wpforms-field-medium\" name=\"wpforms[fields][10]\" aria-errormessage=\"wpforms-45507-field_10-error\" ><\/div><script>\n\t\t\t\t( function() {\n\t\t\t\t\tconst style = document.createElement( 'style' );\n\t\t\t\t\tstyle.appendChild( document.createTextNode( '#wpforms-45507-field_3-container { position: absolute !important; overflow: hidden !important; display: inline !important; height: 1px !important; width: 1px !important; z-index: -1000 !important; padding: 0 !important; } #wpforms-45507-field_3-container input { visibility: hidden; } #wpforms-conversational-form-page #wpforms-45507-field_3-container label { counter-increment: none; }' ) );\n\t\t\t\t\tdocument.head.appendChild( style );\n\t\t\t\t\tdocument.currentScript?.remove();\n\t\t\t\t} )();\n\t\t\t<\/script><\/div><!-- .wpforms-field-container --><div class=\"wpforms-submit-container\" ><input type=\"hidden\" name=\"wpforms[id]\" value=\"45507\"><input type=\"hidden\" name=\"page_title\" value=\"\"><input type=\"hidden\" name=\"page_url\" value=\"https:\/\/www.copel.com\/site\/wp-json\/wp\/v2\/pages\/47045\"><input type=\"hidden\" name=\"url_referer\" value=\"\"><button type=\"submit\" name=\"wpforms[submit]\" id=\"wpforms-submit-45507\" class=\"wpforms-submit\" data-alt-text=\"Enviando...\" data-submit-text=\"Enviar\" aria-live=\"assertive\" value=\"wpforms-submit\">Enviar<\/button><img decoding=\"async\" src=\"https:\/\/www.copel.com\/site\/wp-content\/plugins\/wpforms\/assets\/images\/submit-spin.svg\" class=\"wpforms-submit-spinner\" style=\"display: none;\" width=\"26\" height=\"26\" alt=\"A Carregar\"><\/div><\/form><\/div>  <!-- .wpforms-container -->\t\t\t\t<\/div>\n\t\t\t\t<\/div>\n\t\t\t\t\t<\/div>\n\t\t\t\t<\/div>\n\t\t\t\t<\/div>\n\t\t","protected":false},"excerpt":{"rendered":"<p>Treinamento Preencha o formul\u00e1rio com todas as informa\u00e7\u00f5es solicitadas Ative o JavaScript no seu navegador para preencher este formul\u00e1rio.Ative o JavaScript no seu navegador para preencher este formul\u00e1rio.Nome Completo *CPF *Caso apare\u00e7a a mensagem de bloqueio, o CPF j\u00e1 est\u00e1 cadastrado. Enviar dados via e-mail para integracao.ead@copel.comFun\u00e7\u00e3o do Colaborador * Selecione as atividades que ir\u00e1 [&hellip;]<\/p>\n","protected":false},"author":6,"featured_media":0,"parent":0,"menu_order":0,"comment_status":"closed","ping_status":"closed","template":"elementor_header_footer","meta":{"_acf_changed":false,"footnotes":""},"categories":[],"tags":[],"wf_page_folders":[],"class_list":["post-47045","page","type-page","status-publish","hentry"],"acf":[],"aioseo_notices":[],"_links":{"self":[{"href":"https:\/\/www.copel.com\/site\/wp-json\/wp\/v2\/pages\/47045","targetHints":{"allow":["GET"]}}],"collection":[{"href":"https:\/\/www.copel.com\/site\/wp-json\/wp\/v2\/pages"}],"about":[{"href":"https:\/\/www.copel.com\/site\/wp-json\/wp\/v2\/types\/page"}],"author":[{"embeddable":true,"href":"https:\/\/www.copel.com\/site\/wp-json\/wp\/v2\/users\/6"}],"replies":[{"embeddable":true,"href":"https:\/\/www.copel.com\/site\/wp-json\/wp\/v2\/comments?post=47045"}],"version-history":[{"count":3,"href":"https:\/\/www.copel.com\/site\/wp-json\/wp\/v2\/pages\/47045\/revisions"}],"predecessor-version":[{"id":47048,"href":"https:\/\/www.copel.com\/site\/wp-json\/wp\/v2\/pages\/47045\/revisions\/47048"}],"wp:attachment":[{"href":"https:\/\/www.copel.com\/site\/wp-json\/wp\/v2\/media?parent=47045"}],"wp:term":[{"taxonomy":"category","embeddable":true,"href":"https:\/\/www.copel.com\/site\/wp-json\/wp\/v2\/categories?post=47045"},{"taxonomy":"post_tag","embeddable":true,"href":"https:\/\/www.copel.com\/site\/wp-json\/wp\/v2\/tags?post=47045"},{"taxonomy":"wf_page_folders","embeddable":true,"href":"https:\/\/www.copel.com\/site\/wp-json\/wp\/v2\/wf_page_folders?post=47045"}],"curies":[{"name":"wp","href":"https:\/\/api.w.org\/{rel}","templated":true}]}}