{"id":43265,"date":"2024-12-26T16:28:40","date_gmt":"2024-12-26T19:28:40","guid":{"rendered":"https:\/\/www.copel.com\/site\/?page_id=43265"},"modified":"2024-12-26T16:32:31","modified_gmt":"2024-12-26T19:32:31","slug":"remuneracao-variavel-e-indicadores-desempenho-esg","status":"publish","type":"page","link":"https:\/\/www.copel.com\/site\/institucional\/integridade\/lideranca-e-estrutura\/remuneracao-variavel-e-indicadores-desempenho-esg\/","title":{"rendered":"Remunera\u00e7\u00e3o vari\u00e1vel e os indicadores de desempenho ESG"},"content":{"rendered":"\t\t<div data-elementor-type=\"wp-page\" data-elementor-id=\"43265\" class=\"elementor elementor-43265\" data-elementor-post-type=\"page\">\n\t\t\t\t\t\t<section class=\"elementor-section elementor-top-section elementor-element elementor-element-5c92fc9b elementor-section-full_width imgDestaque elementor-section-content-middle elementor-section-height-default elementor-section-height-default\" data-id=\"5c92fc9b\" data-element_type=\"section\" data-e-type=\"section\" data-settings=\"{&quot;background_background&quot;:&quot;classic&quot;}\">\n\t\t\t\t\t\t\t<div class=\"elementor-background-overlay\"><\/div>\n\t\t\t\t\t\t\t<div class=\"elementor-container elementor-column-gap-default\">\n\t\t\t\t\t<div class=\"elementor-column elementor-col-100 elementor-top-column elementor-element elementor-element-c9ddab2 box-destaque\" data-id=\"c9ddab2\" data-element_type=\"column\" data-e-type=\"column\">\n\t\t\t<div class=\"elementor-widget-wrap elementor-element-populated\">\n\t\t\t\t\t\t<div class=\"elementor-element elementor-element-393d9a8c elementor-search-form--skin-classic elementor-search-form--button-type-icon elementor-search-form--icon-search elementor-widget elementor-widget-search-form\" data-id=\"393d9a8c\" data-element_type=\"widget\" data-e-type=\"widget\" data-settings=\"{&quot;skin&quot;:&quot;classic&quot;}\" data-widget_type=\"search-form.default\">\n\t\t\t\t<div class=\"elementor-widget-container\">\n\t\t\t\t\t\t\t<search role=\"search\">\n\t\t\t<form class=\"elementor-search-form\" action=\"https:\/\/www.copel.com\/site\" method=\"get\">\n\t\t\t\t\t\t\t\t\t\t\t\t<div class=\"elementor-search-form__container\">\n\t\t\t\t\t<label class=\"elementor-screen-only\" for=\"elementor-search-form-393d9a8c\">Search<\/label>\n\n\t\t\t\t\t\n\t\t\t\t\t<input id=\"elementor-search-form-393d9a8c\" placeholder=\"O que voc\u00ea est\u00e1 buscando?\" class=\"elementor-search-form__input\" type=\"search\" name=\"s\" value=\"\">\n\t\t\t\t\t\n\t\t\t\t\t\t\t\t\t\t\t<button class=\"elementor-search-form__submit\" type=\"submit\" aria-label=\"Search\">\n\t\t\t\t\t\t\t\t\t\t\t\t\t\t\t<i aria-hidden=\"true\" class=\"fas fa-search\"><\/i>\t\t\t\t\t\t\t\t\t\t\t\t\t<\/button>\n\t\t\t\t\t\n\t\t\t\t\t\t\t\t\t<\/div>\n\t\t\t<\/form>\n\t\t<\/search>\n\t\t\t\t\t\t<\/div>\n\t\t\t\t<\/div>\n\t\t\t\t<div class=\"elementor-element elementor-element-2b191608 elementor-widget elementor-widget-heading\" data-id=\"2b191608\" data-element_type=\"widget\" data-e-type=\"widget\" data-widget_type=\"heading.default\">\n\t\t\t\t<div class=\"elementor-widget-container\">\n\t\t\t\t\t<h1 class=\"elementor-heading-title elementor-size-default\">Remunera\u00e7\u00e3o vari\u00e1vel e os indicadores de desempenho ESG<\/h1>\t\t\t\t<\/div>\n\t\t\t\t<\/div>\n\t\t\t\t\t<\/div>\n\t\t<\/div>\n\t\t\t\t\t<\/div>\n\t\t<\/section>\n\t\t\t\t<section class=\"elementor-section elementor-top-section elementor-element elementor-element-15f9504 elementor-section-full_width elementor-section-height-default elementor-section-height-default\" data-id=\"15f9504\" data-element_type=\"section\" data-e-type=\"section\">\n\t\t\t\t\t\t<div class=\"elementor-container elementor-column-gap-default\">\n\t\t\t\t\t<div class=\"elementor-column elementor-col-33 elementor-top-column elementor-element elementor-element-74839519\" data-id=\"74839519\" data-element_type=\"column\" data-e-type=\"column\">\n\t\t\t<div class=\"elementor-widget-wrap elementor-element-populated\">\n\t\t\t\t\t\t<div class=\"elementor-element elementor-element-1144432e elementor-nav-menu__align-justify menuTroca elementor-nav-menu--dropdown-tablet elementor-nav-menu__text-align-aside elementor-nav-menu--toggle elementor-nav-menu--burger elementor-widget elementor-widget-nav-menu\" data-id=\"1144432e\" data-element_type=\"widget\" data-e-type=\"widget\" data-settings=\"{&quot;layout&quot;:&quot;vertical&quot;,&quot;submenu_icon&quot;:{&quot;value&quot;:&quot;&lt;i class=\\&quot;fas fa-caret-down\\&quot; aria-hidden=\\&quot;true\\&quot;&gt;&lt;\\\/i&gt;&quot;,&quot;library&quot;:&quot;fa-solid&quot;},&quot;toggle&quot;:&quot;burger&quot;}\" data-widget_type=\"nav-menu.default\">\n\t\t\t\t<div class=\"elementor-widget-container\">\n\t\t\t\t\t\t\t\t<nav aria-label=\"Menu\" class=\"elementor-nav-menu--main elementor-nav-menu__container elementor-nav-menu--layout-vertical e--pointer-underline e--animation-fade\">\n\t\t\t\t<ul id=\"menu-1-1144432e\" class=\"elementor-nav-menu sm-vertical\"><li class=\"menu-item menu-item-type-custom menu-item-object-custom menu-item-22627\"><a href=\"\/site\/institucional\/\" class=\"elementor-item\">Institucional<\/a><\/li>\n<li class=\"menu-item menu-item-type-custom menu-item-object-custom menu-item-22183\"><a href=\"\/site\/institucional\/integridade\/\" class=\"elementor-item\">Integridade<\/a><\/li>\n<li class=\"menu-item menu-item-type-custom menu-item-object-custom menu-item-has-children menu-item-22628\"><a href=\"\/site\/institucional\/integridade\/lideranca-e-estrutura\/\" class=\"elementor-item\">Lideran\u00e7a e estrutura<\/a>\n<ul class=\"sub-menu elementor-nav-menu--dropdown\">\n\t<li class=\"menu-item menu-item-type-custom menu-item-object-custom menu-item-22629\"><a href=\"\/site\/institucional\/integridade\/lideranca-e-estrutura\/diretoria-governanca-risco-e-compliance\/\" class=\"elementor-sub-item\">Diretoria de governan\u00e7a, risco e compliance<\/a><\/li>\n\t<li class=\"menu-item menu-item-type-custom menu-item-object-custom menu-item-22630\"><a href=\"\/site\/institucional\/governanca-corporativa\/comite-de-etica\/\" class=\"elementor-sub-item\">Comit\u00ea de \u00e9tica<\/a><\/li>\n\t<li class=\"menu-item menu-item-type-custom menu-item-object-custom menu-item-22631\"><a href=\"\/site\/institucional\/integridade\/lideranca-e-estrutura\/codigo-conduta\/\" class=\"elementor-sub-item\">C\u00f3digo de conduta<\/a><\/li>\n\t<li class=\"menu-item menu-item-type-custom menu-item-object-custom menu-item-22632\"><a href=\"\/site\/institucional\/integridade\/lideranca-e-estrutura\/comissao-de-analise-de-denuncia-de-assedio-moral\/\" class=\"elementor-sub-item\">Comiss\u00e3o de an\u00e1lise de den\u00fancias de ass\u00e9dio moral<\/a><\/li>\n\t<li class=\"menu-item menu-item-type-custom menu-item-object-custom menu-item-22633\"><a href=\"\/site\/institucional\/integridade\/lideranca-e-estrutura\/canais-de-comunicacao\/\" class=\"elementor-sub-item\">Canais de comunica\u00e7\u00e3o<\/a><\/li>\n\t<li class=\"menu-item menu-item-type-custom menu-item-object-custom menu-item-22634\"><a href=\"\/site\/institucional\/integridade\/lideranca-e-estrutura\/compromissos-voluntarios\/\" class=\"elementor-sub-item\">Compromissos volunt\u00e1rios<\/a><\/li>\n<\/ul>\n<\/li>\n<li class=\"menu-item menu-item-type-custom menu-item-object-custom menu-item-has-children menu-item-22635\"><a href=\"\/site\/institucional\/integridade\/analise-de-riscos\/\" class=\"elementor-item\">An\u00e1lise de riscos<\/a>\n<ul class=\"sub-menu elementor-nav-menu--dropdown\">\n\t<li class=\"menu-item menu-item-type-custom menu-item-object-custom menu-item-22636\"><a href=\"\/site\/institucional\/integridade\/analise-de-riscos\/matriz-de-riscos-de-fraude-e-corrupcao\/\" class=\"elementor-sub-item\">Matriz de riscos de fraude e corrup\u00e7\u00e3o<\/a><\/li>\n\t<li class=\"menu-item menu-item-type-custom menu-item-object-custom menu-item-22637\"><a href=\"\/site\/institucional\/integridade\/analise-de-riscos\/avaliacao-de-riscos-estrategicos\/\" class=\"elementor-sub-item\">Avalia\u00e7\u00e3o de riscos estrat\u00e9gicos<\/a><\/li>\n\t<li class=\"menu-item menu-item-type-custom menu-item-object-custom menu-item-22638\"><a href=\"\/site\/institucional\/integridade\/analise-de-riscos\/avaliacao-de-riscos-relacionados-a-novos-negocios\/\" class=\"elementor-sub-item\">Avalia\u00e7\u00e3o de riscos relacionados a novos neg\u00f3cios<\/a><\/li>\n\t<li class=\"menu-item menu-item-type-custom menu-item-object-custom menu-item-22639\"><a href=\"\/site\/institucional\/integridade\/analise-de-riscos\/matriz-de-riscos-e-controles-internos\/\" class=\"elementor-sub-item\">Matriz de riscos de controles internos<\/a><\/li>\n<\/ul>\n<\/li>\n<li class=\"menu-item menu-item-type-custom menu-item-object-custom menu-item-has-children menu-item-22640\"><a href=\"\/site\/institucional\/integridade\/politicas-e-procedimentos\/\" class=\"elementor-item\">Pol\u00edticas e procedimentos<\/a>\n<ul class=\"sub-menu elementor-nav-menu--dropdown\">\n\t<li class=\"menu-item menu-item-type-custom menu-item-object-custom menu-item-22641\"><a href=\"\/site\/institucional\/integridade\/politicas-e-procedimentos\/politicas-e-procedimentos-controles-internos\" class=\"elementor-sub-item\">Pol\u00edticas corporativas<\/a><\/li>\n\t<li class=\"menu-item menu-item-type-custom menu-item-object-custom menu-item-22642\"><a href=\"\/site\/institucional\/integridade\/politicas-e-procedimentos\/politicas-e-procedimentos-norma-administrativa-copel-nac-e-niveis-de-competencia-nco\/\" class=\"elementor-sub-item\">Norma administrativa e n\u00edveis de compet\u00eancia<\/a><\/li>\n\t<li class=\"menu-item menu-item-type-custom menu-item-object-custom menu-item-22643\"><a href=\"\/site\/institucional\/integridade\/politicas-e-procedimentos\/politicas-e-procedimentos-procedimentos\/\" class=\"elementor-sub-item\">Procedimentos<\/a><\/li>\n<\/ul>\n<\/li>\n<li class=\"menu-item menu-item-type-custom menu-item-object-custom menu-item-has-children menu-item-22644\"><a href=\"\/site\/institucional\/integridade\/comunicacao-e-treinamento\/\" class=\"elementor-item\">Comunica\u00e7\u00e3o e treinamentos<\/a>\n<ul class=\"sub-menu elementor-nav-menu--dropdown\">\n\t<li class=\"menu-item menu-item-type-custom menu-item-object-custom menu-item-22645\"><a href=\"\/site\/institucional\/integridade\/comunicacao-e-treinamento\/comunicacao-e-treinamento-programa-embaixadores-de-compliance\/\" class=\"elementor-sub-item\">Programa embaixadores de compliance<\/a><\/li>\n\t<li class=\"menu-item menu-item-type-custom menu-item-object-custom menu-item-22646\"><a href=\"\/site\/institucional\/integridade\/comunicacao-e-treinamento\/comunicacao-e-treinamento-treinamentos-e-eventos\/\" class=\"elementor-sub-item\">Treinamentos e eventos<\/a><\/li>\n\t<li class=\"menu-item menu-item-type-custom menu-item-object-custom menu-item-22647\"><a href=\"\/site\/institucional\/integridade\/comunicacao-e-treinamento\/comunicacao-e-treinamento-alerta-compliance\/\" class=\"elementor-sub-item\">Alerta compliance<\/a><\/li>\n\t<li class=\"menu-item menu-item-type-custom menu-item-object-custom menu-item-22648\"><a href=\"\/site\/institucional\/integridade\/comunicacao-e-treinamento\/comunicacao-e-treinamento-portal-de-transparencia\/\" class=\"elementor-sub-item\">Portal da transpar\u00eancia<\/a><\/li>\n<\/ul>\n<\/li>\n<li class=\"menu-item menu-item-type-custom menu-item-object-custom menu-item-22649\"><a href=\"\/site\/institucional\/integridade\/monitoramento-do-programa\/\" class=\"elementor-item\">Monitoramento do programa<\/a><\/li>\n<\/ul>\t\t\t<\/nav>\n\t\t\t\t\t<div class=\"elementor-menu-toggle\" role=\"button\" tabindex=\"0\" aria-label=\"Menu Toggle\" aria-expanded=\"false\">\n\t\t\t<i aria-hidden=\"true\" role=\"presentation\" class=\"elementor-menu-toggle__icon--open eicon-menu-bar\"><\/i><i aria-hidden=\"true\" role=\"presentation\" class=\"elementor-menu-toggle__icon--close eicon-close\"><\/i>\t\t<\/div>\n\t\t\t\t\t<nav class=\"elementor-nav-menu--dropdown elementor-nav-menu__container\" aria-hidden=\"true\">\n\t\t\t\t<ul id=\"menu-2-1144432e\" class=\"elementor-nav-menu sm-vertical\"><li class=\"menu-item menu-item-type-custom menu-item-object-custom menu-item-22627\"><a href=\"\/site\/institucional\/\" class=\"elementor-item\" tabindex=\"-1\">Institucional<\/a><\/li>\n<li class=\"menu-item menu-item-type-custom menu-item-object-custom menu-item-22183\"><a href=\"\/site\/institucional\/integridade\/\" class=\"elementor-item\" tabindex=\"-1\">Integridade<\/a><\/li>\n<li class=\"menu-item menu-item-type-custom menu-item-object-custom menu-item-has-children menu-item-22628\"><a href=\"\/site\/institucional\/integridade\/lideranca-e-estrutura\/\" class=\"elementor-item\" tabindex=\"-1\">Lideran\u00e7a e estrutura<\/a>\n<ul class=\"sub-menu elementor-nav-menu--dropdown\">\n\t<li class=\"menu-item menu-item-type-custom menu-item-object-custom menu-item-22629\"><a href=\"\/site\/institucional\/integridade\/lideranca-e-estrutura\/diretoria-governanca-risco-e-compliance\/\" class=\"elementor-sub-item\" tabindex=\"-1\">Diretoria de governan\u00e7a, risco e compliance<\/a><\/li>\n\t<li class=\"menu-item menu-item-type-custom menu-item-object-custom menu-item-22630\"><a href=\"\/site\/institucional\/governanca-corporativa\/comite-de-etica\/\" class=\"elementor-sub-item\" tabindex=\"-1\">Comit\u00ea de \u00e9tica<\/a><\/li>\n\t<li class=\"menu-item menu-item-type-custom menu-item-object-custom menu-item-22631\"><a href=\"\/site\/institucional\/integridade\/lideranca-e-estrutura\/codigo-conduta\/\" class=\"elementor-sub-item\" tabindex=\"-1\">C\u00f3digo de conduta<\/a><\/li>\n\t<li class=\"menu-item menu-item-type-custom menu-item-object-custom menu-item-22632\"><a href=\"\/site\/institucional\/integridade\/lideranca-e-estrutura\/comissao-de-analise-de-denuncia-de-assedio-moral\/\" class=\"elementor-sub-item\" tabindex=\"-1\">Comiss\u00e3o de an\u00e1lise de den\u00fancias de ass\u00e9dio moral<\/a><\/li>\n\t<li class=\"menu-item menu-item-type-custom menu-item-object-custom menu-item-22633\"><a href=\"\/site\/institucional\/integridade\/lideranca-e-estrutura\/canais-de-comunicacao\/\" class=\"elementor-sub-item\" tabindex=\"-1\">Canais de comunica\u00e7\u00e3o<\/a><\/li>\n\t<li class=\"menu-item menu-item-type-custom menu-item-object-custom menu-item-22634\"><a href=\"\/site\/institucional\/integridade\/lideranca-e-estrutura\/compromissos-voluntarios\/\" class=\"elementor-sub-item\" tabindex=\"-1\">Compromissos volunt\u00e1rios<\/a><\/li>\n<\/ul>\n<\/li>\n<li class=\"menu-item menu-item-type-custom menu-item-object-custom menu-item-has-children menu-item-22635\"><a href=\"\/site\/institucional\/integridade\/analise-de-riscos\/\" class=\"elementor-item\" tabindex=\"-1\">An\u00e1lise de riscos<\/a>\n<ul class=\"sub-menu elementor-nav-menu--dropdown\">\n\t<li class=\"menu-item menu-item-type-custom menu-item-object-custom menu-item-22636\"><a href=\"\/site\/institucional\/integridade\/analise-de-riscos\/matriz-de-riscos-de-fraude-e-corrupcao\/\" class=\"elementor-sub-item\" tabindex=\"-1\">Matriz de riscos de fraude e corrup\u00e7\u00e3o<\/a><\/li>\n\t<li class=\"menu-item menu-item-type-custom menu-item-object-custom menu-item-22637\"><a href=\"\/site\/institucional\/integridade\/analise-de-riscos\/avaliacao-de-riscos-estrategicos\/\" class=\"elementor-sub-item\" tabindex=\"-1\">Avalia\u00e7\u00e3o de riscos estrat\u00e9gicos<\/a><\/li>\n\t<li class=\"menu-item menu-item-type-custom menu-item-object-custom menu-item-22638\"><a href=\"\/site\/institucional\/integridade\/analise-de-riscos\/avaliacao-de-riscos-relacionados-a-novos-negocios\/\" class=\"elementor-sub-item\" tabindex=\"-1\">Avalia\u00e7\u00e3o de riscos relacionados a novos neg\u00f3cios<\/a><\/li>\n\t<li class=\"menu-item menu-item-type-custom menu-item-object-custom menu-item-22639\"><a href=\"\/site\/institucional\/integridade\/analise-de-riscos\/matriz-de-riscos-e-controles-internos\/\" class=\"elementor-sub-item\" tabindex=\"-1\">Matriz de riscos de controles internos<\/a><\/li>\n<\/ul>\n<\/li>\n<li class=\"menu-item menu-item-type-custom menu-item-object-custom menu-item-has-children menu-item-22640\"><a href=\"\/site\/institucional\/integridade\/politicas-e-procedimentos\/\" class=\"elementor-item\" tabindex=\"-1\">Pol\u00edticas e procedimentos<\/a>\n<ul class=\"sub-menu elementor-nav-menu--dropdown\">\n\t<li class=\"menu-item menu-item-type-custom menu-item-object-custom menu-item-22641\"><a href=\"\/site\/institucional\/integridade\/politicas-e-procedimentos\/politicas-e-procedimentos-controles-internos\" class=\"elementor-sub-item\" tabindex=\"-1\">Pol\u00edticas corporativas<\/a><\/li>\n\t<li class=\"menu-item menu-item-type-custom menu-item-object-custom menu-item-22642\"><a href=\"\/site\/institucional\/integridade\/politicas-e-procedimentos\/politicas-e-procedimentos-norma-administrativa-copel-nac-e-niveis-de-competencia-nco\/\" class=\"elementor-sub-item\" tabindex=\"-1\">Norma administrativa e n\u00edveis de compet\u00eancia<\/a><\/li>\n\t<li class=\"menu-item menu-item-type-custom menu-item-object-custom menu-item-22643\"><a href=\"\/site\/institucional\/integridade\/politicas-e-procedimentos\/politicas-e-procedimentos-procedimentos\/\" class=\"elementor-sub-item\" tabindex=\"-1\">Procedimentos<\/a><\/li>\n<\/ul>\n<\/li>\n<li class=\"menu-item menu-item-type-custom menu-item-object-custom menu-item-has-children menu-item-22644\"><a href=\"\/site\/institucional\/integridade\/comunicacao-e-treinamento\/\" class=\"elementor-item\" tabindex=\"-1\">Comunica\u00e7\u00e3o e treinamentos<\/a>\n<ul class=\"sub-menu elementor-nav-menu--dropdown\">\n\t<li class=\"menu-item menu-item-type-custom menu-item-object-custom menu-item-22645\"><a href=\"\/site\/institucional\/integridade\/comunicacao-e-treinamento\/comunicacao-e-treinamento-programa-embaixadores-de-compliance\/\" class=\"elementor-sub-item\" tabindex=\"-1\">Programa embaixadores de compliance<\/a><\/li>\n\t<li class=\"menu-item menu-item-type-custom menu-item-object-custom menu-item-22646\"><a href=\"\/site\/institucional\/integridade\/comunicacao-e-treinamento\/comunicacao-e-treinamento-treinamentos-e-eventos\/\" class=\"elementor-sub-item\" tabindex=\"-1\">Treinamentos e eventos<\/a><\/li>\n\t<li class=\"menu-item menu-item-type-custom menu-item-object-custom menu-item-22647\"><a href=\"\/site\/institucional\/integridade\/comunicacao-e-treinamento\/comunicacao-e-treinamento-alerta-compliance\/\" class=\"elementor-sub-item\" tabindex=\"-1\">Alerta compliance<\/a><\/li>\n\t<li class=\"menu-item menu-item-type-custom menu-item-object-custom menu-item-22648\"><a href=\"\/site\/institucional\/integridade\/comunicacao-e-treinamento\/comunicacao-e-treinamento-portal-de-transparencia\/\" class=\"elementor-sub-item\" tabindex=\"-1\">Portal da transpar\u00eancia<\/a><\/li>\n<\/ul>\n<\/li>\n<li class=\"menu-item menu-item-type-custom menu-item-object-custom menu-item-22649\"><a href=\"\/site\/institucional\/integridade\/monitoramento-do-programa\/\" class=\"elementor-item\" tabindex=\"-1\">Monitoramento do programa<\/a><\/li>\n<\/ul>\t\t\t<\/nav>\n\t\t\t\t\t\t<\/div>\n\t\t\t\t<\/div>\n\t\t\t\t\t<\/div>\n\t\t<\/div>\n\t\t\t\t<div class=\"elementor-column elementor-col-66 elementor-top-column elementor-element elementor-element-c142491\" data-id=\"c142491\" data-element_type=\"column\" data-e-type=\"column\">\n\t\t\t<div class=\"elementor-widget-wrap elementor-element-populated\">\n\t\t\t\t\t\t<div class=\"elementor-element elementor-element-b3ee197 elementor-widget elementor-widget-text-editor\" data-id=\"b3ee197\" data-element_type=\"widget\" data-e-type=\"widget\" data-widget_type=\"text-editor.default\">\n\t\t\t\t<div class=\"elementor-widget-container\">\n\t\t\t\t\t\t\t\t\t<p>Conforme registrado em seu Programa de Integridade, a Copel entende que \u201ca gest\u00e3o da integridade \u00e9 componente fundamental da boa governan\u00e7a corporativa, aumentando a confiabilidade e transpar\u00eancia das atividades desenvolvidas nas organiza\u00e7\u00f5es dando visibilidade ao tema e \u00e0s medidas propostas para promov\u00ea-lo\u201d.<\/p><p>Alinhado aos valores da Companhia e com o C\u00f3digo de Conduta, o funcionamento do Programa de Integridade da Copel envolve tanto colaboradores, quanto a alta administra\u00e7\u00e3o.<\/p><p>Dentre as a\u00e7\u00f5es desenvolvidas pela Companhia, est\u00e3o a implementa\u00e7\u00e3o de indicadores de desempenho vinculados \u00e0s mais diversas atividades desenvolvidas. Considerando a import\u00e2ncia e o compromisso da Copel com os temas ESG, possui <strong>indicadores ESG diretamente vinculados a remunera\u00e7\u00e3o vari\u00e1vel<\/strong>, oferecida em forma de <strong>Pr\u00eamio por Desempenho \u2013 PPD. <\/strong>Alguns dos indicadores s\u00e3o corporativos e aplic\u00e1veis a toda a Companhia, conforme abaixo:<\/p><ul><li style=\"list-style-type: none;\"><ul><li><strong>Defici\u00eancias de Controle Interno<\/strong><\/li><li><strong>Taxa de Gravidade de acidentes com a For\u00e7a de Trabalho \u2013 TGFT<\/strong><\/li><li><strong>Desempenho da Copel no CSA &#8211; Dow Jones<\/strong><\/li><\/ul><\/li><\/ul><p>De acordo com as atribui\u00e7\u00f5es de cada diretoria ou vice-presid\u00eancia, s\u00e3o formulados indicadores que ter\u00e3o impacto direto na defini\u00e7\u00e3o do valor do pr\u00eamio, alguns podem ser observados abaixo:<\/p><ul><li style=\"list-style-type: none;\"><ul><li><strong>ISE &#8211; \u00cdndice de Sustentabilidade Empresarial B3<\/strong><\/li><li><strong>Plano UTE Figueira (descarboniza\u00e7\u00e3o da matriz)<\/strong><\/li><li><strong>Autoavalia\u00e7\u00e3o de Controles Internos \u2013 CSA<\/strong><\/li><li><strong>CVM &#8211; Ader\u00eancia \u00e0s melhores pr\u00e1ticas de Governan\u00e7a Corporativa<\/strong><\/li><li><strong>IDMESG &#8211; \u00cdndice de Maturidade ESG<\/strong><\/li><\/ul><\/li><\/ul><p>Importante registrar que, alinhado \u00e0s boas pr\u00e1ticas de mercado, o programa de remunera\u00e7\u00e3o vari\u00e1vel \u00e9 aplic\u00e1vel aos membros da Diretoria, o que inclui o presidente, vice-presidentes e diretores. Os membros do Conselho de Administra\u00e7\u00e3o, Conselho Fiscal, Comit\u00eas ou Comiss\u00f5es recebem remunera\u00e7\u00e3o fixa, definida, conforme aprovado pela Assembleia Geral, de acordo com a fun\u00e7\u00e3o desempenhada.<\/p><p>Considerando o entendimento da Companhia, 100% membros da alta administra\u00e7\u00e3o, dos eleg\u00edveis ao programa de remunera\u00e7\u00e3o vari\u00e1vel, t\u00eam sua remunera\u00e7\u00e3o vari\u00e1vel balizada por crit\u00e9rios de integridade e ESG.<\/p>\t\t\t\t\t\t\t\t<\/div>\n\t\t\t\t<\/div>\n\t\t\t\t\t<\/div>\n\t\t<\/div>\n\t\t\t\t\t<\/div>\n\t\t<\/section>\n\t\t\t\t<\/div>\n\t\t","protected":false},"excerpt":{"rendered":"<p>Remunera\u00e7\u00e3o vari\u00e1vel e os indicadores de desempenho ESG Conforme registrado em seu Programa de Integridade, a Copel entende que \u201ca gest\u00e3o da integridade \u00e9 componente fundamental da boa governan\u00e7a corporativa, aumentando a confiabilidade e transpar\u00eancia das atividades desenvolvidas nas organiza\u00e7\u00f5es dando visibilidade ao tema e \u00e0s medidas propostas para promov\u00ea-lo\u201d. Alinhado aos valores da Companhia [&hellip;]<\/p>\n","protected":false},"author":22,"featured_media":0,"parent":10095,"menu_order":0,"comment_status":"closed","ping_status":"closed","template":"elementor_header_footer","meta":{"_acf_changed":false,"footnotes":""},"categories":[],"tags":[],"wf_page_folders":[492],"class_list":["post-43265","page","type-page","status-publish","hentry"],"acf":[],"aioseo_notices":[],"_links":{"self":[{"href":"https:\/\/www.copel.com\/site\/wp-json\/wp\/v2\/pages\/43265","targetHints":{"allow":["GET"]}}],"collection":[{"href":"https:\/\/www.copel.com\/site\/wp-json\/wp\/v2\/pages"}],"about":[{"href":"https:\/\/www.copel.com\/site\/wp-json\/wp\/v2\/types\/page"}],"author":[{"embeddable":true,"href":"https:\/\/www.copel.com\/site\/wp-json\/wp\/v2\/users\/22"}],"replies":[{"embeddable":true,"href":"https:\/\/www.copel.com\/site\/wp-json\/wp\/v2\/comments?post=43265"}],"version-history":[{"count":7,"href":"https:\/\/www.copel.com\/site\/wp-json\/wp\/v2\/pages\/43265\/revisions"}],"predecessor-version":[{"id":43277,"href":"https:\/\/www.copel.com\/site\/wp-json\/wp\/v2\/pages\/43265\/revisions\/43277"}],"up":[{"embeddable":true,"href":"https:\/\/www.copel.com\/site\/wp-json\/wp\/v2\/pages\/10095"}],"wp:attachment":[{"href":"https:\/\/www.copel.com\/site\/wp-json\/wp\/v2\/media?parent=43265"}],"wp:term":[{"taxonomy":"category","embeddable":true,"href":"https:\/\/www.copel.com\/site\/wp-json\/wp\/v2\/categories?post=43265"},{"taxonomy":"post_tag","embeddable":true,"href":"https:\/\/www.copel.com\/site\/wp-json\/wp\/v2\/tags?post=43265"},{"taxonomy":"wf_page_folders","embeddable":true,"href":"https:\/\/www.copel.com\/site\/wp-json\/wp\/v2\/wf_page_folders?post=43265"}],"curies":[{"name":"wp","href":"https:\/\/api.w.org\/{rel}","templated":true}]}}