{"id":43055,"date":"2024-12-09T17:57:00","date_gmt":"2024-12-09T20:57:00","guid":{"rendered":"https:\/\/www.copel.com\/site\/?page_id=43055"},"modified":"2024-12-13T16:44:22","modified_gmt":"2024-12-13T19:44:22","slug":"19-licenciamento-ambiental-na-geracao-solar","status":"publish","type":"page","link":"https:\/\/www.copel.com\/site\/19-licenciamento-ambiental-na-geracao-solar\/","title":{"rendered":"#19 &#8211; Licenciamento ambiental na gera\u00e7\u00e3o solar"},"content":{"rendered":"\n<p>Este epis\u00f3dio do podcast da gera\u00e7\u00e3o distribu\u00edda entrevista Giovanni Weigert. Respons\u00e1vel por gerenciar quest\u00f5es fundi\u00e1rias e ambientais na \u00e1rea de gera\u00e7\u00e3o e transmiss\u00e3o da Copel, ele relata os desafios do licenciamento ambiental em empreendimentos solares.<br><\/p>\n\n\n\n<p>Conhe\u00e7a os fatores determinantes na defini\u00e7\u00e3o do modelo de licenciamento para cada empreendimento e em que casos pode entrar a participa\u00e7\u00e3o do IPHAN, para prote\u00e7\u00e3o do patrim\u00f4nio hist\u00f3rico e art\u00edstico nacional.<\/p>\n\n\n\n<iframe width=\"100%\" height=\"166\" scrolling=\"no\" frameborder=\"no\" allow=\"autoplay\" src=\"https:\/\/w.soundcloud.com\/player\/?url=https%3A\/\/api.soundcloud.com\/tracks\/1640106648&#038;color=%23ff5500&#038;auto_play=false&#038;hide_related=false&#038;show_comments=true&#038;show_user=true&#038;show_reposts=false&#038;show_teaser=true\"><\/iframe><div style=\"font-size: 10px; color: #cccccc;line-break: anywhere;word-break: normal;overflow: hidden;white-space: nowrap;text-overflow: ellipsis; font-family: Interstate,Lucida Grande,Lucida Sans Unicode,Lucida Sans,Garuda,Verdana,Tahoma,sans-serif;font-weight: 100;\"><a href=\"https:\/\/soundcloud.com\/user-829120663\" title=\"Copel\" target=\"_blank\" style=\"color: #cccccc; text-decoration: none;\" rel=\"noopener\">Copel<\/a> \u00b7 <a href=\"https:\/\/soundcloud.com\/user-829120663\/licenciamento-ambiental-na-geracao-solar\" title=\"Licenciamento Ambiental na Gera\u00e7\u00e3o Solar\" target=\"_blank\" style=\"color: #cccccc; text-decoration: none;\" rel=\"noopener\">Licenciamento Ambiental na Gera\u00e7\u00e3o Solar<\/a><\/div>\n","protected":false},"excerpt":{"rendered":"<p>Este epis\u00f3dio do podcast da gera\u00e7\u00e3o distribu\u00edda entrevista Giovanni Weigert. Respons\u00e1vel por gerenciar quest\u00f5es fundi\u00e1rias e ambientais na \u00e1rea de gera\u00e7\u00e3o e transmiss\u00e3o da Copel, ele relata os desafios do licenciamento ambiental em empreendimentos solares. Conhe\u00e7a os fatores determinantes na defini\u00e7\u00e3o do modelo de licenciamento para cada empreendimento e em que casos pode entrar a [&hellip;]<\/p>\n","protected":false},"author":6,"featured_media":43051,"parent":0,"menu_order":0,"comment_status":"closed","ping_status":"closed","template":"","meta":{"_acf_changed":false,"footnotes":""},"categories":[904],"tags":[905],"wf_page_folders":[906],"class_list":["post-43055","page","type-page","status-publish","has-post-thumbnail","hentry","category-podcast","tag-gdcast"],"acf":[],"aioseo_notices":[],"_links":{"self":[{"href":"https:\/\/www.copel.com\/site\/wp-json\/wp\/v2\/pages\/43055","targetHints":{"allow":["GET"]}}],"collection":[{"href":"https:\/\/www.copel.com\/site\/wp-json\/wp\/v2\/pages"}],"about":[{"href":"https:\/\/www.copel.com\/site\/wp-json\/wp\/v2\/types\/page"}],"author":[{"embeddable":true,"href":"https:\/\/www.copel.com\/site\/wp-json\/wp\/v2\/users\/6"}],"replies":[{"embeddable":true,"href":"https:\/\/www.copel.com\/site\/wp-json\/wp\/v2\/comments?post=43055"}],"version-history":[{"count":1,"href":"https:\/\/www.copel.com\/site\/wp-json\/wp\/v2\/pages\/43055\/revisions"}],"predecessor-version":[{"id":43056,"href":"https:\/\/www.copel.com\/site\/wp-json\/wp\/v2\/pages\/43055\/revisions\/43056"}],"wp:featuredmedia":[{"embeddable":true,"href":"https:\/\/www.copel.com\/site\/wp-json\/wp\/v2\/media\/43051"}],"wp:attachment":[{"href":"https:\/\/www.copel.com\/site\/wp-json\/wp\/v2\/media?parent=43055"}],"wp:term":[{"taxonomy":"category","embeddable":true,"href":"https:\/\/www.copel.com\/site\/wp-json\/wp\/v2\/categories?post=43055"},{"taxonomy":"post_tag","embeddable":true,"href":"https:\/\/www.copel.com\/site\/wp-json\/wp\/v2\/tags?post=43055"},{"taxonomy":"wf_page_folders","embeddable":true,"href":"https:\/\/www.copel.com\/site\/wp-json\/wp\/v2\/wf_page_folders?post=43055"}],"curies":[{"name":"wp","href":"https:\/\/api.w.org\/{rel}","templated":true}]}}