{"id":43044,"date":"2024-12-10T17:32:22","date_gmt":"2024-12-10T20:32:22","guid":{"rendered":"https:\/\/www.copel.com\/site\/?page_id=43044"},"modified":"2024-12-12T17:53:00","modified_gmt":"2024-12-12T20:53:00","slug":"20-o-desafio-da-limpeza-nas-placas-solares","status":"publish","type":"page","link":"https:\/\/www.copel.com\/site\/20-o-desafio-da-limpeza-nas-placas-solares\/","title":{"rendered":"#20 &#8211; O desafio da limpeza nas placas solares"},"content":{"rendered":"\n<p>Estudantes de gradua\u00e7\u00e3o em Engenharia Mec\u00e2nica do Centro Universit\u00e1rio UniSenai, em Londrina, iniciaram o desenvolvimento de um sistema de automa\u00e7\u00e3o da limpeza peri\u00f3dica recomendada para placas solares.<\/p>\n\n\n\n<p>O GDCast acompanhou a apresenta\u00e7\u00e3o de resultados da primeira etapa do projeto &#8220;Cactus Clean&#8221;, orientado pelo funcion\u00e1rio da Copel e docente da institui\u00e7\u00e3o, F\u00e1bio Rodrigo Milanez. S\u00e3o entrevistados os estudantes Andr\u00e9 Siqueira de Jesus, Caio Rodrigues, Jo\u00e3o Vitor Parreira e Rodrigo Margarido. Al\u00e9m deles, falam os representantes da empresa parceira Bono, Val\u00e9ria Lopes (coordenadora de Marketing) e Eduardo Schmitt (coordenador de Engenharia).<\/p>\n\n\n\n<iframe width=\"100%\" height=\"166\" scrolling=\"no\" frameborder=\"no\" allow=\"autoplay\" src=\"https:\/\/w.soundcloud.com\/player\/?url=https%3A\/\/api.soundcloud.com\/tracks\/1688570685&#038;color=%23ff5500&#038;auto_play=false&#038;hide_related=false&#038;show_comments=true&#038;show_user=true&#038;show_reposts=false&#038;show_teaser=true\"><\/iframe><div style=\"font-size: 10px; color: #cccccc;line-break: anywhere;word-break: normal;overflow: hidden;white-space: nowrap;text-overflow: ellipsis; font-family: Interstate,Lucida Grande,Lucida Sans Unicode,Lucida Sans,Garuda,Verdana,Tahoma,sans-serif;font-weight: 100;\"><a href=\"https:\/\/soundcloud.com\/user-829120663\" title=\"Copel\" target=\"_blank\" style=\"color: #cccccc; text-decoration: none;\" rel=\"noopener\">Copel<\/a> \u00b7 <a href=\"https:\/\/soundcloud.com\/user-829120663\/o-desafio-da-limpeza-nas-placas-solares\" title=\"O desafio da limpeza nas placas solares\" target=\"_blank\" style=\"color: #cccccc; text-decoration: none;\" rel=\"noopener\">O desafio da limpeza nas placas solares<\/a><\/div>\n","protected":false},"excerpt":{"rendered":"<p>Estudantes de gradua\u00e7\u00e3o em Engenharia Mec\u00e2nica do Centro Universit\u00e1rio UniSenai, em Londrina, iniciaram o desenvolvimento de um sistema de automa\u00e7\u00e3o da limpeza peri\u00f3dica recomendada para placas solares. O GDCast acompanhou a apresenta\u00e7\u00e3o de resultados da primeira etapa do projeto &#8220;Cactus Clean&#8221;, orientado pelo funcion\u00e1rio da Copel e docente da institui\u00e7\u00e3o, F\u00e1bio Rodrigo Milanez. S\u00e3o entrevistados [&hellip;]<\/p>\n","protected":false},"author":6,"featured_media":43051,"parent":0,"menu_order":0,"comment_status":"closed","ping_status":"closed","template":"","meta":{"_acf_changed":false,"footnotes":""},"categories":[904],"tags":[905],"wf_page_folders":[906],"class_list":["post-43044","page","type-page","status-publish","has-post-thumbnail","hentry","category-podcast","tag-gdcast"],"acf":[],"aioseo_notices":[],"_links":{"self":[{"href":"https:\/\/www.copel.com\/site\/wp-json\/wp\/v2\/pages\/43044","targetHints":{"allow":["GET"]}}],"collection":[{"href":"https:\/\/www.copel.com\/site\/wp-json\/wp\/v2\/pages"}],"about":[{"href":"https:\/\/www.copel.com\/site\/wp-json\/wp\/v2\/types\/page"}],"author":[{"embeddable":true,"href":"https:\/\/www.copel.com\/site\/wp-json\/wp\/v2\/users\/6"}],"replies":[{"embeddable":true,"href":"https:\/\/www.copel.com\/site\/wp-json\/wp\/v2\/comments?post=43044"}],"version-history":[{"count":1,"href":"https:\/\/www.copel.com\/site\/wp-json\/wp\/v2\/pages\/43044\/revisions"}],"predecessor-version":[{"id":43046,"href":"https:\/\/www.copel.com\/site\/wp-json\/wp\/v2\/pages\/43044\/revisions\/43046"}],"wp:featuredmedia":[{"embeddable":true,"href":"https:\/\/www.copel.com\/site\/wp-json\/wp\/v2\/media\/43051"}],"wp:attachment":[{"href":"https:\/\/www.copel.com\/site\/wp-json\/wp\/v2\/media?parent=43044"}],"wp:term":[{"taxonomy":"category","embeddable":true,"href":"https:\/\/www.copel.com\/site\/wp-json\/wp\/v2\/categories?post=43044"},{"taxonomy":"post_tag","embeddable":true,"href":"https:\/\/www.copel.com\/site\/wp-json\/wp\/v2\/tags?post=43044"},{"taxonomy":"wf_page_folders","embeddable":true,"href":"https:\/\/www.copel.com\/site\/wp-json\/wp\/v2\/wf_page_folders?post=43044"}],"curies":[{"name":"wp","href":"https:\/\/api.w.org\/{rel}","templated":true}]}}