{"id":43042,"date":"2024-12-11T17:26:09","date_gmt":"2024-12-11T20:26:09","guid":{"rendered":"https:\/\/www.copel.com\/site\/?page_id=43042"},"modified":"2024-12-12T17:46:00","modified_gmt":"2024-12-12T20:46:00","slug":"21-conheca-os-investimentos-da-copel-em-solar-para-consumo-proprio","status":"publish","type":"page","link":"https:\/\/www.copel.com\/site\/21-conheca-os-investimentos-da-copel-em-solar-para-consumo-proprio\/","title":{"rendered":"#21 &#8211; Conhe\u00e7a os investimentos da Copel em solar para consumo pr\u00f3prio"},"content":{"rendered":"\n<p>Neste epis\u00f3dio, conversamos com Lincoln Rodrigo Mendes e Rafael Cassiolato de Freitas, respons\u00e1veis pelo projeto de uma usina fotovoltaica constru\u00edda para consumo pr\u00f3prio da Copel em Ponta Grossa, regi\u00e3o Centro-Sul do Paran\u00e1.<\/p>\n\n\n\n<iframe width=\"100%\" height=\"166\" scrolling=\"no\" frameborder=\"no\" allow=\"autoplay\" src=\"https:\/\/w.soundcloud.com\/player\/?url=https%3A\/\/api.soundcloud.com\/tracks\/1759546110&#038;color=%23ff5500&#038;auto_play=false&#038;hide_related=false&#038;show_comments=true&#038;show_user=true&#038;show_reposts=false&#038;show_teaser=true\"><\/iframe><div style=\"font-size: 10px; color: #cccccc;line-break: anywhere;word-break: normal;overflow: hidden;white-space: nowrap;text-overflow: ellipsis; font-family: Interstate,Lucida Grande,Lucida Sans Unicode,Lucida Sans,Garuda,Verdana,Tahoma,sans-serif;font-weight: 100;\"><a href=\"https:\/\/soundcloud.com\/user-829120663\" title=\"Copel\" target=\"_blank\" style=\"color: #cccccc; text-decoration: none;\" rel=\"noopener\">Copel<\/a> \u00b7 <a href=\"https:\/\/soundcloud.com\/user-829120663\/conheca-os-investimentos-da-copel-em-solar-para-consumo-proprio\" title=\"Conhe\u00e7a os investimentos da Copel em solar para consumo pr\u00f3prio\" target=\"_blank\" style=\"color: #cccccc; text-decoration: none;\" rel=\"noopener\">Conhe\u00e7a os investimentos da Copel em solar para consumo pr\u00f3prio<\/a><\/div>\n","protected":false},"excerpt":{"rendered":"<p>Neste epis\u00f3dio, conversamos com Lincoln Rodrigo Mendes e Rafael Cassiolato de Freitas, respons\u00e1veis pelo projeto de uma usina fotovoltaica constru\u00edda para consumo pr\u00f3prio da Copel em Ponta Grossa, regi\u00e3o Centro-Sul do Paran\u00e1. Copel \u00b7 Conhe\u00e7a os investimentos da Copel em solar para consumo pr\u00f3prio<\/p>\n","protected":false},"author":6,"featured_media":43050,"parent":0,"menu_order":0,"comment_status":"closed","ping_status":"closed","template":"","meta":{"_acf_changed":false,"footnotes":""},"categories":[904],"tags":[905],"wf_page_folders":[906],"class_list":["post-43042","page","type-page","status-publish","has-post-thumbnail","hentry","category-podcast","tag-gdcast"],"acf":[],"aioseo_notices":[],"_links":{"self":[{"href":"https:\/\/www.copel.com\/site\/wp-json\/wp\/v2\/pages\/43042","targetHints":{"allow":["GET"]}}],"collection":[{"href":"https:\/\/www.copel.com\/site\/wp-json\/wp\/v2\/pages"}],"about":[{"href":"https:\/\/www.copel.com\/site\/wp-json\/wp\/v2\/types\/page"}],"author":[{"embeddable":true,"href":"https:\/\/www.copel.com\/site\/wp-json\/wp\/v2\/users\/6"}],"replies":[{"embeddable":true,"href":"https:\/\/www.copel.com\/site\/wp-json\/wp\/v2\/comments?post=43042"}],"version-history":[{"count":1,"href":"https:\/\/www.copel.com\/site\/wp-json\/wp\/v2\/pages\/43042\/revisions"}],"predecessor-version":[{"id":43043,"href":"https:\/\/www.copel.com\/site\/wp-json\/wp\/v2\/pages\/43042\/revisions\/43043"}],"wp:featuredmedia":[{"embeddable":true,"href":"https:\/\/www.copel.com\/site\/wp-json\/wp\/v2\/media\/43050"}],"wp:attachment":[{"href":"https:\/\/www.copel.com\/site\/wp-json\/wp\/v2\/media?parent=43042"}],"wp:term":[{"taxonomy":"category","embeddable":true,"href":"https:\/\/www.copel.com\/site\/wp-json\/wp\/v2\/categories?post=43042"},{"taxonomy":"post_tag","embeddable":true,"href":"https:\/\/www.copel.com\/site\/wp-json\/wp\/v2\/tags?post=43042"},{"taxonomy":"wf_page_folders","embeddable":true,"href":"https:\/\/www.copel.com\/site\/wp-json\/wp\/v2\/wf_page_folders?post=43042"}],"curies":[{"name":"wp","href":"https:\/\/api.w.org\/{rel}","templated":true}]}}