{"id":43038,"date":"2024-12-12T16:59:43","date_gmt":"2024-12-12T19:59:43","guid":{"rendered":"https:\/\/www.copel.com\/site\/?page_id=43038"},"modified":"2024-12-12T17:24:52","modified_gmt":"2024-12-12T20:24:52","slug":"22-copel-solar-une-novos-negocios-e-sustentabilidade","status":"publish","type":"page","link":"https:\/\/www.copel.com\/site\/22-copel-solar-une-novos-negocios-e-sustentabilidade\/","title":{"rendered":"#22 &#8211; Copel Solar une novos neg\u00f3cios e sustentabilidade"},"content":{"rendered":"\n<p>Levar energia limpa e economia para pequenas e m\u00e9dias empresas que n\u00e3o t\u00eam placas solares pr\u00f3prias. Este \u00e9 prop\u00f3sito do novo servi\u00e7o de energia por assinatura Copel Solar, que neste epis\u00f3dio \u00e9 explicado em detalhes pelo engenheiro Carlos Diego do Valle Pedroso.<\/p>\n\n\n\n<iframe width=\"100%\" height=\"300\" scrolling=\"no\" frameborder=\"no\" allow=\"autoplay\" src=\"https:\/\/w.soundcloud.com\/player\/?url=https%3A\/\/api.soundcloud.com\/tracks\/1884963672&#038;color=%23ff5500&#038;auto_play=false&#038;hide_related=false&#038;show_comments=true&#038;show_user=true&#038;show_reposts=false&#038;show_teaser=true&#038;visual=true\"><\/iframe><div style=\"font-size: 10px; color: #cccccc;line-break: anywhere;word-break: normal;overflow: hidden;white-space: nowrap;text-overflow: ellipsis; font-family: Interstate,Lucida Grande,Lucida Sans Unicode,Lucida Sans,Garuda,Verdana,Tahoma,sans-serif;font-weight: 100;\"><a href=\"https:\/\/soundcloud.com\/user-829120663\" title=\"Copel\" target=\"_blank\" style=\"color: #cccccc; text-decoration: none;\" rel=\"noopener\">Copel<\/a> \u00b7 <a href=\"https:\/\/soundcloud.com\/user-829120663\/gdcast-copel-solar-une-novos-negocios-e-sustentabilidade\" title=\"GDCast: Copel Solar une novos neg\u00f3cios e sustentabilidade\" target=\"_blank\" style=\"color: #cccccc; text-decoration: none;\" rel=\"noopener\">GDCast: Copel Solar une novos neg\u00f3cios e sustentabilidade<\/a><\/div>\n","protected":false},"excerpt":{"rendered":"<p>Levar energia limpa e economia para pequenas e m\u00e9dias empresas que n\u00e3o t\u00eam placas solares pr\u00f3prias. Este \u00e9 prop\u00f3sito do novo servi\u00e7o de energia por assinatura Copel Solar, que neste epis\u00f3dio \u00e9 explicado em detalhes pelo engenheiro Carlos Diego do Valle Pedroso. Copel \u00b7 GDCast: Copel Solar une novos neg\u00f3cios e sustentabilidade<\/p>\n","protected":false},"author":6,"featured_media":43039,"parent":0,"menu_order":0,"comment_status":"closed","ping_status":"closed","template":"","meta":{"_acf_changed":false,"footnotes":""},"categories":[904],"tags":[905],"wf_page_folders":[906],"class_list":["post-43038","page","type-page","status-publish","has-post-thumbnail","hentry","category-podcast","tag-gdcast"],"acf":[],"aioseo_notices":[],"_links":{"self":[{"href":"https:\/\/www.copel.com\/site\/wp-json\/wp\/v2\/pages\/43038","targetHints":{"allow":["GET"]}}],"collection":[{"href":"https:\/\/www.copel.com\/site\/wp-json\/wp\/v2\/pages"}],"about":[{"href":"https:\/\/www.copel.com\/site\/wp-json\/wp\/v2\/types\/page"}],"author":[{"embeddable":true,"href":"https:\/\/www.copel.com\/site\/wp-json\/wp\/v2\/users\/6"}],"replies":[{"embeddable":true,"href":"https:\/\/www.copel.com\/site\/wp-json\/wp\/v2\/comments?post=43038"}],"version-history":[{"count":2,"href":"https:\/\/www.copel.com\/site\/wp-json\/wp\/v2\/pages\/43038\/revisions"}],"predecessor-version":[{"id":43041,"href":"https:\/\/www.copel.com\/site\/wp-json\/wp\/v2\/pages\/43038\/revisions\/43041"}],"wp:featuredmedia":[{"embeddable":true,"href":"https:\/\/www.copel.com\/site\/wp-json\/wp\/v2\/media\/43039"}],"wp:attachment":[{"href":"https:\/\/www.copel.com\/site\/wp-json\/wp\/v2\/media?parent=43038"}],"wp:term":[{"taxonomy":"category","embeddable":true,"href":"https:\/\/www.copel.com\/site\/wp-json\/wp\/v2\/categories?post=43038"},{"taxonomy":"post_tag","embeddable":true,"href":"https:\/\/www.copel.com\/site\/wp-json\/wp\/v2\/tags?post=43038"},{"taxonomy":"wf_page_folders","embeddable":true,"href":"https:\/\/www.copel.com\/site\/wp-json\/wp\/v2\/wf_page_folders?post=43038"}],"curies":[{"name":"wp","href":"https:\/\/api.w.org\/{rel}","templated":true}]}}