{"id":3796,"date":"2020-04-02T17:15:23","date_gmt":"2020-04-02T20:15:23","guid":{"rendered":"https:\/\/hml.copel.com\/hpcweb\/?page_id=3796"},"modified":"2022-02-02T08:37:21","modified_gmt":"2022-02-02T11:37:21","slug":"programa-de-certificacao-de-produtos","status":"publish","type":"page","link":"https:\/\/www.copel.com\/site\/fornecedores-e-parceiros\/programa-de-certificacao-de-produtos\/","title":{"rendered":"Programa de Certifica\u00e7\u00e3o de Produtos"},"content":{"rendered":"\t\t<div data-elementor-type=\"wp-page\" data-elementor-id=\"3796\" class=\"elementor elementor-3796\" data-elementor-post-type=\"page\">\n\t\t\t\t\t\t<section class=\"elementor-section elementor-top-section elementor-element elementor-element-e573539 elementor-section-full_width imgDestaque elementor-section-content-middle elementor-section-height-default elementor-section-height-default\" data-id=\"e573539\" data-element_type=\"section\" data-e-type=\"section\" data-settings=\"{&quot;background_background&quot;:&quot;classic&quot;}\">\n\t\t\t\t\t\t\t<div class=\"elementor-background-overlay\"><\/div>\n\t\t\t\t\t\t\t<div class=\"elementor-container elementor-column-gap-default\">\n\t\t\t\t\t<div class=\"elementor-column elementor-col-100 elementor-top-column elementor-element elementor-element-a0283b8 box-destaque\" data-id=\"a0283b8\" data-element_type=\"column\" data-e-type=\"column\">\n\t\t\t<div class=\"elementor-widget-wrap elementor-element-populated\">\n\t\t\t\t\t\t<div class=\"elementor-element elementor-element-70eadbbb elementor-search-form--skin-classic elementor-search-form--button-type-icon elementor-search-form--icon-search elementor-widget elementor-widget-search-form\" data-id=\"70eadbbb\" data-element_type=\"widget\" data-e-type=\"widget\" data-settings=\"{&quot;skin&quot;:&quot;classic&quot;}\" data-widget_type=\"search-form.default\">\n\t\t\t\t<div class=\"elementor-widget-container\">\n\t\t\t\t\t\t\t<search role=\"search\">\n\t\t\t<form class=\"elementor-search-form\" action=\"https:\/\/www.copel.com\/site\" method=\"get\">\n\t\t\t\t\t\t\t\t\t\t\t\t<div class=\"elementor-search-form__container\">\n\t\t\t\t\t<label class=\"elementor-screen-only\" for=\"elementor-search-form-70eadbbb\">Search<\/label>\n\n\t\t\t\t\t\n\t\t\t\t\t<input id=\"elementor-search-form-70eadbbb\" placeholder=\"O que voc\u00ea est\u00e1 buscando?\" class=\"elementor-search-form__input\" type=\"search\" name=\"s\" value=\"\">\n\t\t\t\t\t\n\t\t\t\t\t\t\t\t\t\t\t<button class=\"elementor-search-form__submit\" type=\"submit\" aria-label=\"Search\">\n\t\t\t\t\t\t\t\t\t\t\t\t\t\t\t<i aria-hidden=\"true\" class=\"fas fa-search\"><\/i>\t\t\t\t\t\t\t\t\t\t\t\t\t<\/button>\n\t\t\t\t\t\n\t\t\t\t\t\t\t\t\t<\/div>\n\t\t\t<\/form>\n\t\t<\/search>\n\t\t\t\t\t\t<\/div>\n\t\t\t\t<\/div>\n\t\t\t\t<div class=\"elementor-element elementor-element-2e65059f elementor-widget elementor-widget-heading\" data-id=\"2e65059f\" data-element_type=\"widget\" data-e-type=\"widget\" data-widget_type=\"heading.default\">\n\t\t\t\t<div class=\"elementor-widget-container\">\n\t\t\t\t\t<h1 class=\"elementor-heading-title elementor-size-default\">Programa de certifica\u00e7\u00e3o de produtos<\/h1>\t\t\t\t<\/div>\n\t\t\t\t<\/div>\n\t\t\t\t\t<\/div>\n\t\t<\/div>\n\t\t\t\t\t<\/div>\n\t\t<\/section>\n\t\t\t\t<section class=\"elementor-section elementor-top-section elementor-element elementor-element-694fccd0 elementor-section-full_width elementor-section-height-default elementor-section-height-default\" data-id=\"694fccd0\" data-element_type=\"section\" data-e-type=\"section\">\n\t\t\t\t\t\t<div class=\"elementor-container elementor-column-gap-default\">\n\t\t\t\t\t<div class=\"elementor-column elementor-col-33 elementor-top-column elementor-element elementor-element-2e548324\" data-id=\"2e548324\" data-element_type=\"column\" data-e-type=\"column\">\n\t\t\t<div class=\"elementor-widget-wrap elementor-element-populated\">\n\t\t\t\t\t\t<div class=\"elementor-element elementor-element-64b86566 elementor-nav-menu__align-justify menuTroca elementor-nav-menu--dropdown-tablet elementor-nav-menu__text-align-aside elementor-nav-menu--toggle elementor-nav-menu--burger elementor-widget elementor-widget-nav-menu\" data-id=\"64b86566\" data-element_type=\"widget\" data-e-type=\"widget\" data-settings=\"{&quot;layout&quot;:&quot;vertical&quot;,&quot;submenu_icon&quot;:{&quot;value&quot;:&quot;&lt;i class=\\&quot;fas fa-caret-down\\&quot; aria-hidden=\\&quot;true\\&quot;&gt;&lt;\\\/i&gt;&quot;,&quot;library&quot;:&quot;fa-solid&quot;},&quot;toggle&quot;:&quot;burger&quot;}\" data-widget_type=\"nav-menu.default\">\n\t\t\t\t<div class=\"elementor-widget-container\">\n\t\t\t\t\t\t\t\t<nav aria-label=\"Menu\" class=\"elementor-nav-menu--main elementor-nav-menu__container elementor-nav-menu--layout-vertical e--pointer-underline e--animation-fade\">\n\t\t\t\t<ul id=\"menu-1-64b86566\" class=\"elementor-nav-menu sm-vertical\"><li class=\"menu-item menu-item-type-custom menu-item-object-custom menu-item-21156\"><a href=\"#\" class=\"elementor-item elementor-item-anchor\">Fornecedores<\/a><\/li>\n<li class=\"menu-item menu-item-type-custom menu-item-object-custom menu-item-21430\"><a href=\"\/site\/fornecedores-e-parceiros\/agendamento-de-entregas\" class=\"elementor-item\">Agendamento de entregas<\/a><\/li>\n<li class=\"menu-item menu-item-type-custom menu-item-object-custom menu-item-has-children menu-item-21432\"><a href=\"\/site\/fornecedores-e-parceiros\/anuencias-imobiliarias\/\" class=\"elementor-item\">Anu\u00eancias imobili\u00e1rias<\/a>\n<ul class=\"sub-menu elementor-nav-menu--dropdown\">\n\t<li class=\"menu-item menu-item-type-custom menu-item-object-custom menu-item-21555\"><a href=\"\/site\/fornecedores-e-parceiros\/anuencias-imobiliarias\/requerimento\/\" class=\"elementor-sub-item\">Requerimento<\/a><\/li>\n<\/ul>\n<\/li>\n<li class=\"menu-item menu-item-type-custom menu-item-object-custom menu-item-21433\"><a href=\"\/site\/fornecedores-e-parceiros\/cadastro-de-fornecedores\/\" class=\"elementor-item\">Cadastro de fornecedores<\/a><\/li>\n<li class=\"menu-item menu-item-type-custom menu-item-object-custom menu-item-has-children menu-item-21437\"><a href=\"\/site\/fornecedores-e-parceiros\/consulta-de-chamadas-publicas\" class=\"elementor-item\">Chamadas p\u00fablicas<\/a>\n<ul class=\"sub-menu elementor-nav-menu--dropdown\">\n\t<li class=\"menu-item menu-item-type-custom menu-item-object-custom menu-item-21438\"><a href=\"\/site\/fornecedores-e-parceiros\/participe-de-uma-chamada-publica\/\" class=\"elementor-sub-item\">Participe de uma chamada p\u00fablica<\/a><\/li>\n<\/ul>\n<\/li>\n<li class=\"menu-item menu-item-type-custom menu-item-object-custom menu-item-21439\"><a href=\"\/site\/fornecedores-e-parceiros\/formacao-de-fornecedores\/\" class=\"elementor-item\">Forma\u00e7\u00e3o de fornecedores<\/a><\/li>\n<li class=\"menu-item menu-item-type-custom menu-item-object-custom menu-item-21440\"><a href=\"\/site\/fornecedores-e-parceiros\/geracao-distribuida\/\" class=\"elementor-item\">Gera\u00e7\u00e3o distribu\u00edda<\/a><\/li>\n<li class=\"menu-item menu-item-type-custom menu-item-object-custom menu-item-21441\"><a href=\"\/site\/fornecedores-e-parceiros\/gestao-de-fornecedores-copel-geracao-transmissao\/\" class=\"elementor-item\">Gest\u00e3o de fornecedores Copel Gera\u00e7\u00e3o e Transmiss\u00e3o<\/a><\/li>\n<li class=\"menu-item menu-item-type-custom menu-item-object-custom menu-item-21442\"><a href=\"\/site\/fornecedores-e-parceiros\/gestao-de-seguranca-e-saude-no-trabalho-tarefas-padronizadas\/\" class=\"elementor-item\">Procedimento Operacional Padr\u00e3o &#8211; POP<\/a><\/li>\n<li class=\"menu-item menu-item-type-custom menu-item-object-custom menu-item-21443\"><a href=\"\/site\/fornecedores-e-parceiros\/guias-para-fornecedores\/\" class=\"elementor-item\">Guias para fornecedores<\/a><\/li>\n<li class=\"menu-item menu-item-type-custom menu-item-object-custom menu-item-21444\"><a href=\"\/site\/fornecedores-e-parceiros\/guias-para-fornecedores\/questionario-de-integridade\/\" class=\"elementor-item\">Question\u00e1rio de integridade<\/a><\/li>\n<li class=\"menu-item menu-item-type-custom menu-item-object-custom menu-item-has-children menu-item-21445\"><a href=\"https:\/\/www.copel.com\/site\/fornecedores-e-parceiros\/aquisicoes-e-contratacoes\/\" class=\"elementor-item\">Aquisi\u00e7\u00f5es e Contrata\u00e7\u00f5es<\/a>\n<ul class=\"sub-menu elementor-nav-menu--dropdown\">\n\t<li class=\"menu-item menu-item-type-custom menu-item-object-custom menu-item-21467\"><a href=\"\/site\/fornecedores-e-parceiros\/previsao-de-compra-de-equipamentos-especiais\/\" class=\"elementor-sub-item\">Previs\u00e3o de compra de equipamentos especiais<\/a><\/li>\n\t<li class=\"menu-item menu-item-type-custom menu-item-object-custom menu-item-21468\"><a href=\"\/site\/fornecedores-e-parceiros\/previsao-de-compra-de-materiais\/\" class=\"elementor-sub-item\">Previs\u00e3o de compra de materiais<\/a><\/li>\n<\/ul>\n<\/li>\n<li class=\"menu-item menu-item-type-custom menu-item-object-custom menu-item-21453\"><a href=\"\/site\/fornecedores-e-parceiros\/normas-e-manuais\" class=\"elementor-item\">Normas e manuais<\/a><\/li>\n<\/ul>\t\t\t<\/nav>\n\t\t\t\t\t<div class=\"elementor-menu-toggle\" role=\"button\" tabindex=\"0\" aria-label=\"Menu Toggle\" aria-expanded=\"false\">\n\t\t\t<i aria-hidden=\"true\" role=\"presentation\" class=\"elementor-menu-toggle__icon--open eicon-menu-bar\"><\/i><i aria-hidden=\"true\" role=\"presentation\" class=\"elementor-menu-toggle__icon--close eicon-close\"><\/i>\t\t<\/div>\n\t\t\t\t\t<nav class=\"elementor-nav-menu--dropdown elementor-nav-menu__container\" aria-hidden=\"true\">\n\t\t\t\t<ul id=\"menu-2-64b86566\" class=\"elementor-nav-menu sm-vertical\"><li class=\"menu-item menu-item-type-custom menu-item-object-custom menu-item-21156\"><a href=\"#\" class=\"elementor-item elementor-item-anchor\" tabindex=\"-1\">Fornecedores<\/a><\/li>\n<li class=\"menu-item menu-item-type-custom menu-item-object-custom menu-item-21430\"><a href=\"\/site\/fornecedores-e-parceiros\/agendamento-de-entregas\" class=\"elementor-item\" tabindex=\"-1\">Agendamento de entregas<\/a><\/li>\n<li class=\"menu-item menu-item-type-custom menu-item-object-custom menu-item-has-children menu-item-21432\"><a href=\"\/site\/fornecedores-e-parceiros\/anuencias-imobiliarias\/\" class=\"elementor-item\" tabindex=\"-1\">Anu\u00eancias imobili\u00e1rias<\/a>\n<ul class=\"sub-menu elementor-nav-menu--dropdown\">\n\t<li class=\"menu-item menu-item-type-custom menu-item-object-custom menu-item-21555\"><a href=\"\/site\/fornecedores-e-parceiros\/anuencias-imobiliarias\/requerimento\/\" class=\"elementor-sub-item\" tabindex=\"-1\">Requerimento<\/a><\/li>\n<\/ul>\n<\/li>\n<li class=\"menu-item menu-item-type-custom menu-item-object-custom menu-item-21433\"><a href=\"\/site\/fornecedores-e-parceiros\/cadastro-de-fornecedores\/\" class=\"elementor-item\" tabindex=\"-1\">Cadastro de fornecedores<\/a><\/li>\n<li class=\"menu-item menu-item-type-custom menu-item-object-custom menu-item-has-children menu-item-21437\"><a href=\"\/site\/fornecedores-e-parceiros\/consulta-de-chamadas-publicas\" class=\"elementor-item\" tabindex=\"-1\">Chamadas p\u00fablicas<\/a>\n<ul class=\"sub-menu elementor-nav-menu--dropdown\">\n\t<li class=\"menu-item menu-item-type-custom menu-item-object-custom menu-item-21438\"><a href=\"\/site\/fornecedores-e-parceiros\/participe-de-uma-chamada-publica\/\" class=\"elementor-sub-item\" tabindex=\"-1\">Participe de uma chamada p\u00fablica<\/a><\/li>\n<\/ul>\n<\/li>\n<li class=\"menu-item menu-item-type-custom menu-item-object-custom menu-item-21439\"><a href=\"\/site\/fornecedores-e-parceiros\/formacao-de-fornecedores\/\" class=\"elementor-item\" tabindex=\"-1\">Forma\u00e7\u00e3o de fornecedores<\/a><\/li>\n<li class=\"menu-item menu-item-type-custom menu-item-object-custom menu-item-21440\"><a href=\"\/site\/fornecedores-e-parceiros\/geracao-distribuida\/\" class=\"elementor-item\" tabindex=\"-1\">Gera\u00e7\u00e3o distribu\u00edda<\/a><\/li>\n<li class=\"menu-item menu-item-type-custom menu-item-object-custom menu-item-21441\"><a href=\"\/site\/fornecedores-e-parceiros\/gestao-de-fornecedores-copel-geracao-transmissao\/\" class=\"elementor-item\" tabindex=\"-1\">Gest\u00e3o de fornecedores Copel Gera\u00e7\u00e3o e Transmiss\u00e3o<\/a><\/li>\n<li class=\"menu-item menu-item-type-custom menu-item-object-custom menu-item-21442\"><a href=\"\/site\/fornecedores-e-parceiros\/gestao-de-seguranca-e-saude-no-trabalho-tarefas-padronizadas\/\" class=\"elementor-item\" tabindex=\"-1\">Procedimento Operacional Padr\u00e3o &#8211; POP<\/a><\/li>\n<li class=\"menu-item menu-item-type-custom menu-item-object-custom menu-item-21443\"><a href=\"\/site\/fornecedores-e-parceiros\/guias-para-fornecedores\/\" class=\"elementor-item\" tabindex=\"-1\">Guias para fornecedores<\/a><\/li>\n<li class=\"menu-item menu-item-type-custom menu-item-object-custom menu-item-21444\"><a href=\"\/site\/fornecedores-e-parceiros\/guias-para-fornecedores\/questionario-de-integridade\/\" class=\"elementor-item\" tabindex=\"-1\">Question\u00e1rio de integridade<\/a><\/li>\n<li class=\"menu-item menu-item-type-custom menu-item-object-custom menu-item-has-children menu-item-21445\"><a href=\"https:\/\/www.copel.com\/site\/fornecedores-e-parceiros\/aquisicoes-e-contratacoes\/\" class=\"elementor-item\" tabindex=\"-1\">Aquisi\u00e7\u00f5es e Contrata\u00e7\u00f5es<\/a>\n<ul class=\"sub-menu elementor-nav-menu--dropdown\">\n\t<li class=\"menu-item menu-item-type-custom menu-item-object-custom menu-item-21467\"><a href=\"\/site\/fornecedores-e-parceiros\/previsao-de-compra-de-equipamentos-especiais\/\" class=\"elementor-sub-item\" tabindex=\"-1\">Previs\u00e3o de compra de equipamentos especiais<\/a><\/li>\n\t<li class=\"menu-item menu-item-type-custom menu-item-object-custom menu-item-21468\"><a href=\"\/site\/fornecedores-e-parceiros\/previsao-de-compra-de-materiais\/\" class=\"elementor-sub-item\" tabindex=\"-1\">Previs\u00e3o de compra de materiais<\/a><\/li>\n<\/ul>\n<\/li>\n<li class=\"menu-item menu-item-type-custom menu-item-object-custom menu-item-21453\"><a href=\"\/site\/fornecedores-e-parceiros\/normas-e-manuais\" class=\"elementor-item\" tabindex=\"-1\">Normas e manuais<\/a><\/li>\n<\/ul>\t\t\t<\/nav>\n\t\t\t\t\t\t<\/div>\n\t\t\t\t<\/div>\n\t\t\t\t\t<\/div>\n\t\t<\/div>\n\t\t\t\t<div class=\"elementor-column elementor-col-66 elementor-top-column elementor-element elementor-element-7504360\" data-id=\"7504360\" data-element_type=\"column\" data-e-type=\"column\">\n\t\t\t<div class=\"elementor-widget-wrap elementor-element-populated\">\n\t\t\t\t\t\t<div class=\"elementor-element elementor-element-60c65b5 text-content content1 elementor-widget elementor-widget-text-editor\" data-id=\"60c65b5\" data-element_type=\"widget\" data-e-type=\"widget\" data-widget_type=\"text-editor.default\">\n\t\t\t\t<div class=\"elementor-widget-container\">\n\t\t\t\t\t\t\t\t\t<p>O Programa de Certifica\u00e7\u00e3o de Produtos (PCP) foi institu\u00eddo visando melhorar e manter a qualidade dos materiais e equipamentos adquiridos pela COPEL Distribui\u00e7\u00e3o, tendo como objetivo final a melhoria da qualidade da energia fornecida pela COPEL.<\/p><p>Atrav\u00e9s da an\u00e1lise de documenta\u00e7\u00e3o, auditorias e visitas peri\u00f3dicas, procura-se aprimorar a qualidade do processo de fabrica\u00e7\u00e3o dos fornecedores e a atualiza\u00e7\u00e3o das normas t\u00e9cnicas da COPEL.<\/p><p>A Ficha T\u00e9cnica dos materiais para os quais se exija o Certificado de Homologa\u00e7\u00e3o de Produto, depende de apresenta\u00e7\u00e3o anual de um certificado vigente. A aus\u00eancia da apresenta\u00e7\u00e3o do certificado renovado a cada per\u00edodo de 12 meses acarretar\u00e1 no cancelamento autom\u00e1tico da Ficha T\u00e9cnica para o respectivo grupo de materiais.<\/p><p>Grupos de Materiais com obrigatoriedade do PCP &#8211; Programa de Certifica\u00e7\u00e3o de Produtos:<\/p><ul><li>Artefatos de concreto: Postes, Cruzetas, \u00c2ncoras de estais e Placas de concreto;<br \/>Conectores do tipo cunha e perfurante;<br \/>Para-raios de distribui\u00e7\u00e3o.<\/li><li>O Certificado de Homologa\u00e7\u00e3o de Produto acima citado deve ser emitido por institui\u00e7\u00e3o capacitada para tal, denominada Organismo Certificador de Produto &#8211; OCP.<\/li><\/ul><p>O OCP \u00e9 uma institui\u00e7\u00e3o acreditada pelo INMETRO para executar auditorias nas empresas, tanto sobre o processo produtivo como sobre o produto, inclusive acompanhando os ensaios de tipo determinados pela normas aplic\u00e1veis. Com a aprova\u00e7\u00e3o pelos auditores do OCP, o fabricante recebe um certificado de homologa\u00e7\u00e3o do produto.<\/p><p>O organismo precisa estar acreditado junto ao INMETRO ao menos em um dos Grupos de Materiais acima citados. E para a emiss\u00e3o de certificados dever\u00e1 possuir em seu corpo t\u00e9cnico engenheiro habilitados, com o respectivo registro no CREA.<\/p><p>Para comprova\u00e7\u00e3o, a Acredita\u00e7\u00e3o j\u00e1 deve estar dispon\u00edvel para consulta no site do INMETRO.<\/p><p>Adicionalmente, dever\u00e1 ser um institui\u00e7\u00e3o jur\u00eddica, com CNPJ v\u00e1lido, e com capacidade t\u00e9cnica reconhecida e comprovada. Os relat\u00f3rios devem apresentar, al\u00e9m da assinatura(s) do(s) respons\u00e1vel (is) t\u00e9cnico(s) pela auditoria, a indica\u00e7\u00e3o do(s) respectivo(s) registro(s) no CREA.<\/p><p>Obs.: a auditoria do processo e a auditoria do produto podem ser realizadas por pessoas diferentes, desde que sua habilita\u00e7\u00e3o esteja consonante com a respectiva \u00e1rea. Exemplo: uma f\u00e1brica de postes de concreto pode ter seu processo avaliado por um engenheiro eletricista e o produto por um engenheiro civil.<\/p><p>O OCP dever\u00e1 seguir em seus processos internos a ABNT NBR 17.065:2013 &#8211; Avalia\u00e7\u00e3o da conformidade &#8211; Requisitos para organismos de certifica\u00e7\u00e3o de produtos, processos e servi\u00e7os &#8211; na vers\u00e3o mais recente.<\/p><p>O OCP ter\u00e1 as seguintes responsabilidades perante a COPEL:<\/p><ol><li>Promover a auditoria inicial para an\u00e1lise e emiss\u00e3o do certificado;<\/li><li>Apresentar relat\u00f3rio contendo: resultado dos ensaios de tipo com indica\u00e7\u00e3o de atendimento ou n\u00e3o aos requisitos, fotos das instala\u00e7\u00f5es e parecer sobre a capacita\u00e7\u00e3o da f\u00e1brica (o relat\u00f3rio de ensaio dever\u00e1 ser assinado por engenheiro qualificado na respectiva \u00e1rea do material, inclusive com apresenta\u00e7\u00e3o do n\u00famero do CREA).;<\/li><li>Promover auditoria anuais para manuten\u00e7\u00e3o\/renova\u00e7\u00e3o do certificado;<\/li><li>Realizar auditoria extraordin\u00e1ria a pedido da COPEL, quando constatado problema no material.<\/li><\/ol>\t\t\t\t\t\t\t\t<\/div>\n\t\t\t\t<\/div>\n\t\t\t\t\t<\/div>\n\t\t<\/div>\n\t\t\t\t\t<\/div>\n\t\t<\/section>\n\t\t\t\t<\/div>\n\t\t","protected":false},"excerpt":{"rendered":"<p>Programa de certifica\u00e7\u00e3o de produtos O Programa de Certifica\u00e7\u00e3o de Produtos (PCP) foi institu\u00eddo visando melhorar e manter a qualidade dos materiais e equipamentos adquiridos pela COPEL Distribui\u00e7\u00e3o, tendo como objetivo final a melhoria da qualidade da energia fornecida pela COPEL. Atrav\u00e9s da an\u00e1lise de documenta\u00e7\u00e3o, auditorias e visitas peri\u00f3dicas, procura-se aprimorar a qualidade do [&hellip;]<\/p>\n","protected":false},"author":6,"featured_media":0,"parent":1041,"menu_order":0,"comment_status":"closed","ping_status":"closed","template":"elementor_header_footer","meta":{"_acf_changed":false,"footnotes":""},"categories":[],"tags":[],"wf_page_folders":[475],"class_list":["post-3796","page","type-page","status-publish","hentry"],"acf":[],"aioseo_notices":[],"_links":{"self":[{"href":"https:\/\/www.copel.com\/site\/wp-json\/wp\/v2\/pages\/3796","targetHints":{"allow":["GET"]}}],"collection":[{"href":"https:\/\/www.copel.com\/site\/wp-json\/wp\/v2\/pages"}],"about":[{"href":"https:\/\/www.copel.com\/site\/wp-json\/wp\/v2\/types\/page"}],"author":[{"embeddable":true,"href":"https:\/\/www.copel.com\/site\/wp-json\/wp\/v2\/users\/6"}],"replies":[{"embeddable":true,"href":"https:\/\/www.copel.com\/site\/wp-json\/wp\/v2\/comments?post=3796"}],"version-history":[{"count":0,"href":"https:\/\/www.copel.com\/site\/wp-json\/wp\/v2\/pages\/3796\/revisions"}],"up":[{"embeddable":true,"href":"https:\/\/www.copel.com\/site\/wp-json\/wp\/v2\/pages\/1041"}],"wp:attachment":[{"href":"https:\/\/www.copel.com\/site\/wp-json\/wp\/v2\/media?parent=3796"}],"wp:term":[{"taxonomy":"category","embeddable":true,"href":"https:\/\/www.copel.com\/site\/wp-json\/wp\/v2\/categories?post=3796"},{"taxonomy":"post_tag","embeddable":true,"href":"https:\/\/www.copel.com\/site\/wp-json\/wp\/v2\/tags?post=3796"},{"taxonomy":"wf_page_folders","embeddable":true,"href":"https:\/\/www.copel.com\/site\/wp-json\/wp\/v2\/wf_page_folders?post=3796"}],"curies":[{"name":"wp","href":"https:\/\/api.w.org\/{rel}","templated":true}]}}