{"id":35840,"date":"2024-02-26T10:33:09","date_gmt":"2024-02-26T13:33:09","guid":{"rendered":"https:\/\/www.copel.com\/site\/?page_id=35840"},"modified":"2024-06-12T15:26:39","modified_gmt":"2024-06-12T18:26:39","slug":"manutencao","status":"publish","type":"page","link":"https:\/\/www.copel.com\/site\/manutencao\/","title":{"rendered":"Manuten\u00e7\u00e3o"},"content":{"rendered":"\t\t<div data-elementor-type=\"wp-page\" data-elementor-id=\"35840\" class=\"elementor elementor-35840\" data-elementor-post-type=\"page\">\n\t\t\t\t\t\t<section class=\"elementor-section elementor-top-section elementor-element elementor-element-5349ba77 elementor-section-boxed elementor-section-height-default elementor-section-height-default\" data-id=\"5349ba77\" data-element_type=\"section\" data-e-type=\"section\">\n\t\t\t\t\t\t<div class=\"elementor-container elementor-column-gap-default\">\n\t\t\t\t\t<div class=\"elementor-column elementor-col-100 elementor-top-column elementor-element elementor-element-1de6081f\" data-id=\"1de6081f\" data-element_type=\"column\" data-e-type=\"column\">\n\t\t\t<div class=\"elementor-widget-wrap elementor-element-populated\">\n\t\t\t\t\t\t<div class=\"elementor-element elementor-element-299669a8 elementor-view-default elementor-widget elementor-widget-icon\" data-id=\"299669a8\" data-element_type=\"widget\" data-e-type=\"widget\" data-widget_type=\"icon.default\">\n\t\t\t\t<div class=\"elementor-widget-container\">\n\t\t\t\t\t\t\t<div class=\"elementor-icon-wrapper\">\n\t\t\t<div class=\"elementor-icon\">\n\t\t\t<svg xmlns=\"http:\/\/www.w3.org\/2000\/svg\" id=\"Camada_1\" data-name=\"Camada 1\" viewBox=\"0 0 168.138 53.197\"><defs><style>.cls-1{fill-rule:evenodd;}<\/style><\/defs><g id=\"Camada_1-2\" data-name=\"Camada_1\"><g id=\"_1980308853280\" data-name=\" 1980308853280\"><path class=\"cls-1\" d=\"M51.547,51.89H32.375a48.3,48.3,0,0,1,4.72-2.469c6.291-3.145,3.47-3.131,9.586-.072l2.469,1.234a14.124,14.124,0,0,1,2.4,1.308ZM20.393,12.675a4.951,4.951,0,0,0,.218,2.179H21.7a4.244,4.244,0,0,0,.218-1.961H30.85c-.7,1.041-6.442,6.551-8.115,8.224-2.325,2.325-2.342,1.7-2.342,4.63,0,.583.314.645.653.872,1.031-.276.872-.466.872-1.961H32.157c1.307,0,1.576-1.021.784-1.41a11.905,11.905,0,0,0-3.18-.115q-3.376,0-6.754,0c.568-.848,7.84-8.021,9.649-9.744.937-.893.879-.565.591-1.8H23.007c.872-1.3,4.164-4.273,5.5-5.61l4.149-4.132c.78-.776.836-.747.59-1.805-1.536,0-1.748.768-3.65,2.669L26.439,5.867c-1.132,1.132-6.046,5.5-6.046,6.809ZM50.676.693c0,.92,9.177,8.981,10.457,10.893-12.971,0-12.869-1.213-5.5,6.154a63.517,63.517,0,0,1,5.283,5.393l-8.29-.012c-1.324-.016-1.665-.183-1.949.883a1.265,1.265,0,0,0,1.307.653H62.222c0,1.4-.193,1.961.654,1.961.929,0,.653-.837.653-2.832,0-.92-9.177-8.982-10.457-10.893h9.15c0,2.1-.184,1.961,1.307,1.961,0-4.153.421-2.739-2.778-5.937C59.678,7.843,52.279.039,51.547.039c-.569,0-.872-.017-.872.653Zm1.307,41.176a27.243,27.243,0,0,0,.713,4.515,37.122,37.122,0,0,1,.812,4.635c-1.949-.454-8.248-4.431-9.8-4.793.521-.711,3.054-1.741,4.07-2.249,1.223-.611,2.915-1.807,4.209-2.108Zm-21.568,9.15C30.46,49,31.94,44.2,31.94,41.869c.657.153,7.9,3.845,8.278,4.357C38.6,46.6,32.386,50.56,30.415,51.019Zm3.049-10.458a11.574,11.574,0,0,0,2.116-.934c9.046-3.87,3.908-3.657,12.607-.063a13.6,13.6,0,0,0,2.271,1V41c-1.835.428-7.53,4.14-8.5,4.14S35.3,41.425,33.465,41v-.435ZM43.7,35.768c.644-.15,5.686-2.6,6.536-3.05,0,2.094,1.045,4.552,1.089,6.536A57.516,57.516,0,0,1,43.7,35.768ZM32.593,39.254c.045-1.984,1.09-4.442,1.09-6.536.85.45,5.891,2.9,6.535,3.05-.043.031-.117.015-.139.079-.087.264-.079.053-.281.154C38.392,36.71,33.358,39.19,32.593,39.254Zm9.368-10.893c.406,0,4.39,2.09,5.3,2.542l1.294.666c.407.261.155.086.376.278-1.444.336-6.274,3.05-6.972,3.05a28.127,28.127,0,0,1-3.485-1.525,21.814,21.814,0,0,0-3.486-1.525l.792-.514c.354-.187.511-.248.878-.43.911-.452,4.9-2.542,5.3-2.542Zm1.961-1.089c1.561-.364,3.232-1.815,4.793-2.179a32.762,32.762,0,0,1,.872,5.229c-.761-.4-5.049-2.471-5.665-2.615v-.435Zm-9.586,3.05a32.65,32.65,0,0,1,.872-5.229c1.561.364,3.231,1.815,4.793,2.179v.435c-.616.144-4.9,2.212-5.665,2.615Zm3.7-5.665h7.843c-.044.031-.118.015-.139.079a32.028,32.028,0,0,1-3.783,1.783,18.589,18.589,0,0,1-2.909-1.349l-1.012-.513Zm3.7-5.446a8.623,8.623,0,0,1,2.741,1.835,22.836,22.836,0,0,1,2.488,2.087H36.951c.3-.412,2.846-2.381,3.579-2.956C41.035,19.78,41.3,19.507,41.743,19.211ZM48.5,13.982v8.279c-.884-.592-4.425-3.707-5.229-3.922.218-.814,1.776-1.762,2.492-2.3A21.5,21.5,0,0,1,48.5,13.982ZM35.426,22.261V13.982A45.824,45.824,0,0,1,39.5,17.1c1,.789.982.586,1.156,1.241a12.745,12.745,0,0,0-2.643,1.932c-.906.722-1.626,1.347-2.585,1.989Zm1.525-9.15H46.972l-5.011,3.921A57.268,57.268,0,0,1,36.951,13.111Zm5.01-5.664c.443.3.709.569,1.213.965s.831.657,1.333,1.064a17.241,17.241,0,0,1,2.465,2.11H36.951A52.869,52.869,0,0,1,41.961,7.447Zm1.307-1.09c1.508-1.009,4.026-3.334,5.229-4.139v8.5A42.319,42.319,0,0,1,43.268,6.357Zm-7.842,4.357V2.435c.677.181.774.444,1.308.871a35.962,35.962,0,0,1,3.92,3.269L36.761,9.653C36.308,10.015,35.847,10.432,35.426,10.714Zm1.307-9.368H46.972a44.35,44.35,0,0,1-5.011,4.139c-.848-.567-1.731-1.326-2.563-2.011ZM28.672,51.89H17.343c-2.723,0-3.268-.491-3.268,1.307H69.848c0-1.766-.456-1.311-3.05-1.307H55.251c-.428-1.835-.8-3.909-1.119-5.853-1.054-6.359-4.111-19.35-4.11-24.648,0-4.421.32-19.041-.218-21.35L36.3.037C33.7.012,33.86-.395,33.9,2.214c.032,2.367.173,21.11-.153,22.723-1.638,8.11-3.325,19.454-5.072,26.953Z\" transform=\"translate(0 0)\"><\/path><path class=\"cls-1\" d=\"M135.859,51.89H116.687a48.189,48.189,0,0,1,4.72-2.469c6.291-3.145,3.469-3.131,9.586-.072l2.469,1.234a14.114,14.114,0,0,1,2.4,1.308ZM104.7,12.675a4.951,4.951,0,0,0,.218,2.179h1.089a4.244,4.244,0,0,0,.218-1.961h8.933c-.7,1.041-6.442,6.551-8.116,8.224-2.325,2.325-2.342,1.7-2.342,4.63,0,.583.315.645.654.872,1.031-.276.871-.466.871-1.961h10.24c1.307,0,1.576-1.021.783-1.41a11.905,11.905,0,0,0-3.18-.115q-3.377,0-6.754,0c.568-.848,7.841-8.021,9.649-9.744.938-.893.88-.565.591-1.8h-10.24c.872-1.3,4.165-4.273,5.5-5.61l4.149-4.132c.78-.776.836-.747.589-1.805-1.536,0-1.748.768-3.649,2.669L110.75,5.867c-1.132,1.132-6.046,5.5-6.046,6.809ZM134.987.693c0,.92,9.178,8.981,10.457,10.893-12.97,0-12.868-1.213-5.5,6.154a63.688,63.688,0,0,1,5.284,5.393l-8.291-.012c-1.323-.016-1.664-.183-1.949.883a1.265,1.265,0,0,0,1.307.653h10.24c0,1.4-.194,1.961.653,1.961.93,0,.654-.837.654-2.832,0-.92-9.178-8.982-10.458-10.893h9.151c0,2.1-.184,1.961,1.307,1.961,0-4.153.421-2.739-2.778-5.937-1.074-1.074-8.473-8.878-9.2-8.878-.569,0-.871-.017-.871.653Zm1.307,41.176a27.243,27.243,0,0,0,.713,4.515,36.759,36.759,0,0,1,.812,4.635c-1.948-.454-8.248-4.431-9.8-4.793.522-.711,3.054-1.741,4.07-2.249a23.969,23.969,0,0,1,4.21-2.108Zm-21.568,9.15c.045-2.024,1.525-6.817,1.525-9.15.658.153,7.9,3.845,8.279,4.357C122.907,46.6,116.7,50.56,114.726,51.019Zm3.05-10.458a11.574,11.574,0,0,0,2.116-.934c9.046-3.87,3.908-3.657,12.607-.063a13.627,13.627,0,0,0,2.27,1V41c-1.834.428-7.529,4.14-8.5,4.14s-6.662-3.712-8.5-4.14v-.435Zm10.239-4.793c.645-.15,5.686-2.6,6.537-3.05,0,2.094,1.044,4.552,1.089,6.536A57.464,57.464,0,0,1,128.015,35.768Zm-11.11,3.486c.044-1.984,1.089-4.442,1.089-6.536.85.45,5.891,2.9,6.536,3.05-.044.031-.117.015-.139.079-.088.264-.08.053-.282.154-1.406.709-6.44,3.189-7.2,3.253Zm9.368-10.893c.406,0,4.39,2.09,5.3,2.542l1.295.666c.406.261.155.086.375.278-1.443.336-6.274,3.05-6.971,3.05a28.138,28.138,0,0,1-3.486-1.525,21.775,21.775,0,0,0-3.486-1.525l.793-.514c.353-.187.51-.248.877-.43.912-.452,4.9-2.542,5.3-2.542Zm1.96-1.089c1.562-.364,3.232-1.815,4.793-2.179a32.65,32.65,0,0,1,.872,5.229c-.761-.4-5.048-2.471-5.664-2.615v-.435Zm-9.585,3.05a32.761,32.761,0,0,1,.871-5.229c1.561.364,3.232,1.815,4.793,2.179v.435c-.616.144-4.9,2.212-5.664,2.615Zm3.7-5.665h7.843c-.043.031-.117.015-.139.079a31.94,31.94,0,0,1-3.782,1.783,18.506,18.506,0,0,1-2.909-1.349l-1.013-.513Zm3.7-5.446a8.62,8.62,0,0,1,2.74,1.835,22.95,22.95,0,0,1,2.489,2.087H121.262c.3-.412,2.847-2.381,3.58-2.956C125.347,19.78,125.613,19.507,126.055,19.211Zm6.754-5.229v8.279c-.885-.592-4.425-3.707-5.229-3.922.217-.814,1.775-1.762,2.492-2.3a21.357,21.357,0,0,1,2.737-2.056Zm-13.072,8.279V13.982A45.829,45.829,0,0,1,123.81,17.1c1,.789.981.586,1.156,1.241a12.719,12.719,0,0,0-2.643,1.932c-.907.722-1.626,1.347-2.586,1.989Zm1.525-9.15h10.022l-5.011,3.921A57.129,57.129,0,0,1,121.262,13.111Zm5.011-5.664c.442.3.708.569,1.213.965s.831.657,1.333,1.064a17.3,17.3,0,0,1,2.465,2.11H121.262A52.89,52.89,0,0,1,126.273,7.447Zm1.307-1.09c1.508-1.009,4.025-3.334,5.229-4.139v8.5A42.172,42.172,0,0,1,127.58,6.357Zm-7.843,4.357V2.435c.677.181.775.444,1.308.871a35.978,35.978,0,0,1,3.921,3.269l-3.893,3.078c-.454.362-.914.779-1.336,1.061Zm1.307-9.368h10.24a44.439,44.439,0,0,1-5.011,4.139c-.848-.567-1.731-1.326-2.564-2.011ZM112.983,51.89H101.654c-2.722,0-3.268-.491-3.268,1.307h55.773c0-1.766-.455-1.311-3.05-1.307H139.562c-.427-1.835-.8-3.909-1.118-5.853-1.055-6.359-4.112-19.35-4.11-24.648,0-4.421.32-19.041-.218-21.35l-13.51,0c-2.6-.025-2.434-.432-2.4,2.177.033,2.367.173,21.11-.153,22.723-1.638,8.11-3.325,19.454-5.072,26.953Z\" transform=\"translate(0 0)\"><\/path><path d=\"M88.219,23.107a.75.75,0,0,1-.075-1.5A43.77,43.77,0,0,0,105.1,15.9a.75.75,0,0,1,.736,1.307A45.226,45.226,0,0,1,88.3,23.1C88.27,23.105,88.244,23.107,88.219,23.107Z\" transform=\"translate(0 0)\"><\/path><path d=\"M80.145,23.179l-.062,0A39.826,39.826,0,0,1,62.505,17.2a.75.75,0,0,1,.782-1.28A38.333,38.333,0,0,0,80.2,21.682a.75.75,0,0,1-.059,1.5Z\" transform=\"translate(0 0)\"><\/path><path d=\"M88.219,34.871a.75.75,0,0,1-.075-1.5A43.768,43.768,0,0,0,105.1,27.666a.75.75,0,0,1,.736,1.307,45.248,45.248,0,0,1-17.539,5.9Z\" transform=\"translate(0 0)\"><\/path><path d=\"M80.145,34.944l-.062,0A39.821,39.821,0,0,1,62.505,28.96a.75.75,0,0,1,.782-1.28A38.327,38.327,0,0,0,80.2,33.446a.75.75,0,0,1-.059,1.5Z\" transform=\"translate(0 0)\"><\/path><path d=\"M167.018,23.275a38.943,38.943,0,0,1-20.426-6.094.75.75,0,1,1,.781-1.28,37.319,37.319,0,0,0,20.007,5.872.729.729,0,0,1,.758.742.749.749,0,0,1-.742.758C167.271,23.275,167.144,23.275,167.018,23.275Z\" transform=\"translate(0 0)\"><\/path><path d=\"M167.021,35.04a38.951,38.951,0,0,1-20.429-6.094.75.75,0,1,1,.781-1.281,37.49,37.49,0,0,0,20.007,5.873.734.734,0,0,1,.758.743.749.749,0,0,1-.742.757Z\" transform=\"translate(0 0)\"><\/path><path d=\"M1.12,23.289c-.126,0-.252,0-.378,0a.75.75,0,0,1,.008-1.5H.758a37.445,37.445,0,0,0,20.007-5.873.75.75,0,1,1,.781,1.281A38.943,38.943,0,0,1,1.12,23.289Z\" transform=\"translate(0 0)\"><\/path><path d=\"M1.118,35.054l-.376,0a.75.75,0,0,1,.016-1.5A37.46,37.46,0,0,0,20.765,27.68a.75.75,0,1,1,.781,1.28A38.962,38.962,0,0,1,1.118,35.054Z\" transform=\"translate(0 0)\"><\/path><path d=\"M84.465,20.389a.5.5,0,0,1-.5-.5V17.8a.5.5,0,0,1,1,0v2.091A.5.5,0,0,1,84.465,20.389Z\" transform=\"translate(0 0)\"><\/path><path d=\"M81.435,21.175a.5.5,0,0,1-.353-.147L79.6,19.549a.5.5,0,0,1,.707-.707l1.479,1.479a.5.5,0,0,1-.354.854Z\" transform=\"translate(0 0)\"><\/path><path d=\"M79.957,26.446a.5.5,0,0,1-.354-.854l1.479-1.479a.5.5,0,0,1,.707.707L80.31,26.3A.5.5,0,0,1,79.957,26.446Z\" transform=\"translate(0 0)\"><\/path><path d=\"M84.465,27.844a.5.5,0,0,1-.5-.5V25.252a.5.5,0,1,1,1,0v2.092A.5.5,0,0,1,84.465,27.844Z\" transform=\"translate(0 0)\"><\/path><path d=\"M88.407,26.446a.5.5,0,0,1-.353-.147l-1.479-1.478a.5.5,0,0,1,.707-.707l1.479,1.478a.5.5,0,0,1-.354.854Z\" transform=\"translate(0 0)\"><\/path><path d=\"M86.929,21.174a.5.5,0,0,1-.354-.853l1.479-1.479a.5.5,0,0,1,.707.707l-1.479,1.479A.5.5,0,0,1,86.929,21.174Z\" transform=\"translate(0 0)\"><\/path><path d=\"M84.465,32.139a.5.5,0,0,1-.5-.5V29.548a.5.5,0,0,1,1,0v2.091A.5.5,0,0,1,84.465,32.139Z\" transform=\"translate(0 0)\"><\/path><path d=\"M81.435,32.924a.5.5,0,0,1-.353-.146L79.6,31.3a.5.5,0,0,1,.707-.707l1.479,1.479a.5.5,0,0,1-.354.853Z\" transform=\"translate(0 0)\"><\/path><path d=\"M79.957,38.2a.5.5,0,0,1-.354-.854l1.479-1.478a.5.5,0,0,1,.707.707L80.31,38.049A.5.5,0,0,1,79.957,38.2Z\" transform=\"translate(0 0)\"><\/path><path d=\"M84.465,39.594a.5.5,0,0,1-.5-.5V37a.5.5,0,0,1,1,0v2.092A.5.5,0,0,1,84.465,39.594Z\" transform=\"translate(0 0)\"><\/path><path d=\"M88.407,38.2a.5.5,0,0,1-.353-.147l-1.479-1.478a.5.5,0,0,1,.707-.707l1.479,1.478a.5.5,0,0,1-.354.854Z\" transform=\"translate(0 0)\"><\/path><path d=\"M86.929,32.924a.5.5,0,0,1-.354-.853l1.479-1.479a.5.5,0,0,1,.707.707l-1.479,1.479A.5.5,0,0,1,86.929,32.924Z\" transform=\"translate(0 0)\"><\/path><\/g><\/g><\/svg>\t\t\t<\/div>\n\t\t<\/div>\n\t\t\t\t\t\t<\/div>\n\t\t\t\t<\/div>\n\t\t\t\t<div class=\"elementor-element elementor-element-666be711 elementor-widget elementor-widget-heading\" data-id=\"666be711\" data-element_type=\"widget\" data-e-type=\"widget\" data-widget_type=\"heading.default\">\n\t\t\t\t<div class=\"elementor-widget-container\">\n\t\t\t\t\t<h2 class=\"elementor-heading-title elementor-size-default\">Sistema temporariamente indispon\u00edvel para atualiza\u00e7\u00e3o.<\/h2>\t\t\t\t<\/div>\n\t\t\t\t<\/div>\n\t\t\t\t<div class=\"elementor-element elementor-element-513f935 elementor-widget elementor-widget-heading\" data-id=\"513f935\" data-element_type=\"widget\" data-e-type=\"widget\" data-widget_type=\"heading.default\">\n\t\t\t\t<div class=\"elementor-widget-container\">\n\t\t\t\t\t<h5 class=\"elementor-heading-title elementor-size-default\">Em caso de falta de luz, ligue: 0800 51 00116<\/h5>\t\t\t\t<\/div>\n\t\t\t\t<\/div>\n\t\t\t\t\t<\/div>\n\t\t<\/div>\n\t\t\t\t\t<\/div>\n\t\t<\/section>\n\t\t\t\t<section class=\"elementor-section elementor-top-section elementor-element elementor-element-4b114e70 elementor-section-boxed elementor-section-height-default elementor-section-height-default\" data-id=\"4b114e70\" data-element_type=\"section\" data-e-type=\"section\">\n\t\t\t\t\t\t<div class=\"elementor-container elementor-column-gap-default\">\n\t\t\t\t\t<div class=\"elementor-column elementor-col-100 elementor-top-column elementor-element elementor-element-4d4c1451\" data-id=\"4d4c1451\" data-element_type=\"column\" data-e-type=\"column\">\n\t\t\t<div class=\"elementor-widget-wrap elementor-element-populated\">\n\t\t\t\t\t\t<div class=\"elementor-element elementor-element-2aa3eedd elementor-align-center btn-back elementor-widget elementor-widget-button\" data-id=\"2aa3eedd\" data-element_type=\"widget\" data-e-type=\"widget\" data-widget_type=\"button.default\">\n\t\t\t\t<div class=\"elementor-widget-container\">\n\t\t\t\t\t\t\t\t\t<div class=\"elementor-button-wrapper\">\n\t\t\t\t\t<a class=\"elementor-button elementor-button-link elementor-size-sm\" href=\"http:\/\/javascript(history.goback());\">\n\t\t\t\t\t\t<span class=\"elementor-button-content-wrapper\">\n\t\t\t\t\t\t\t\t\t<span class=\"elementor-button-text\">Voltar<\/span>\n\t\t\t\t\t<\/span>\n\t\t\t\t\t<\/a>\n\t\t\t\t<\/div>\n\t\t\t\t\t\t\t\t<\/div>\n\t\t\t\t<\/div>\n\t\t\t\t\t<\/div>\n\t\t<\/div>\n\t\t\t\t\t<\/div>\n\t\t<\/section>\n\t\t\t\t<section class=\"elementor-section elementor-top-section elementor-element elementor-element-4e3d769e elementor-section-boxed elementor-section-height-default elementor-section-height-default\" data-id=\"4e3d769e\" data-element_type=\"section\" data-e-type=\"section\">\n\t\t\t\t\t\t<div class=\"elementor-container elementor-column-gap-default\">\n\t\t\t\t\t<div class=\"elementor-column elementor-col-100 elementor-top-column elementor-element elementor-element-d8bde61\" data-id=\"d8bde61\" data-element_type=\"column\" data-e-type=\"column\">\n\t\t\t<div class=\"elementor-widget-wrap\">\n\t\t\t\t\t\t\t<\/div>\n\t\t<\/div>\n\t\t\t\t\t<\/div>\n\t\t<\/section>\n\t\t\t\t<\/div>\n\t\t","protected":false},"excerpt":{"rendered":"<p>Sistema temporariamente indispon\u00edvel para atualiza\u00e7\u00e3o. Em caso de falta de luz, ligue: 0800 51 00116 Voltar<\/p>\n","protected":false},"author":6,"featured_media":0,"parent":0,"menu_order":0,"comment_status":"closed","ping_status":"closed","template":"elementor_header_footer","meta":{"_acf_changed":false,"footnotes":""},"categories":[],"tags":[],"wf_page_folders":[433],"class_list":["post-35840","page","type-page","status-publish","hentry"],"acf":[],"aioseo_notices":[],"_links":{"self":[{"href":"https:\/\/www.copel.com\/site\/wp-json\/wp\/v2\/pages\/35840","targetHints":{"allow":["GET"]}}],"collection":[{"href":"https:\/\/www.copel.com\/site\/wp-json\/wp\/v2\/pages"}],"about":[{"href":"https:\/\/www.copel.com\/site\/wp-json\/wp\/v2\/types\/page"}],"author":[{"embeddable":true,"href":"https:\/\/www.copel.com\/site\/wp-json\/wp\/v2\/users\/6"}],"replies":[{"embeddable":true,"href":"https:\/\/www.copel.com\/site\/wp-json\/wp\/v2\/comments?post=35840"}],"version-history":[{"count":11,"href":"https:\/\/www.copel.com\/site\/wp-json\/wp\/v2\/pages\/35840\/revisions"}],"predecessor-version":[{"id":38532,"href":"https:\/\/www.copel.com\/site\/wp-json\/wp\/v2\/pages\/35840\/revisions\/38532"}],"wp:attachment":[{"href":"https:\/\/www.copel.com\/site\/wp-json\/wp\/v2\/media?parent=35840"}],"wp:term":[{"taxonomy":"category","embeddable":true,"href":"https:\/\/www.copel.com\/site\/wp-json\/wp\/v2\/categories?post=35840"},{"taxonomy":"post_tag","embeddable":true,"href":"https:\/\/www.copel.com\/site\/wp-json\/wp\/v2\/tags?post=35840"},{"taxonomy":"wf_page_folders","embeddable":true,"href":"https:\/\/www.copel.com\/site\/wp-json\/wp\/v2\/wf_page_folders?post=35840"}],"curies":[{"name":"wp","href":"https:\/\/api.w.org\/{rel}","templated":true}]}}