{"id":31603,"date":"2023-07-06T16:25:12","date_gmt":"2023-07-06T19:25:12","guid":{"rendered":"https:\/\/www.copel.com\/site\/?page_id=31603"},"modified":"2023-07-07T09:24:57","modified_gmt":"2023-07-07T12:24:57","slug":"consultar-cadastro-de-fornecedor","status":"publish","type":"page","link":"https:\/\/www.copel.com\/site\/fornecedores-e-parceiros\/consultar-cadastro-de-fornecedor\/","title":{"rendered":"Consultar cadastro de fornecedor"},"content":{"rendered":"\t\t<div data-elementor-type=\"wp-page\" data-elementor-id=\"31603\" class=\"elementor elementor-31603\" data-elementor-post-type=\"page\">\n\t\t\t\t\t\t<section class=\"elementor-section elementor-top-section elementor-element elementor-element-367c21c elementor-section-full_width imgDestaque elementor-section-content-middle elementor-section-height-default elementor-section-height-default\" data-id=\"367c21c\" data-element_type=\"section\" data-e-type=\"section\" data-settings=\"{&quot;background_background&quot;:&quot;classic&quot;}\">\n\t\t\t\t\t\t\t<div class=\"elementor-background-overlay\"><\/div>\n\t\t\t\t\t\t\t<div class=\"elementor-container elementor-column-gap-default\">\n\t\t\t\t\t<div class=\"elementor-column elementor-col-100 elementor-top-column elementor-element elementor-element-561ce06b box-destaque\" data-id=\"561ce06b\" data-element_type=\"column\" data-e-type=\"column\">\n\t\t\t<div class=\"elementor-widget-wrap elementor-element-populated\">\n\t\t\t\t\t\t<div class=\"elementor-element elementor-element-5a1f5fa1 elementor-search-form--skin-classic elementor-search-form--button-type-icon elementor-search-form--icon-search elementor-widget elementor-widget-search-form\" data-id=\"5a1f5fa1\" data-element_type=\"widget\" data-e-type=\"widget\" data-settings=\"{&quot;skin&quot;:&quot;classic&quot;}\" data-widget_type=\"search-form.default\">\n\t\t\t\t<div class=\"elementor-widget-container\">\n\t\t\t\t\t\t\t<search role=\"search\">\n\t\t\t<form class=\"elementor-search-form\" action=\"https:\/\/www.copel.com\/site\" method=\"get\">\n\t\t\t\t\t\t\t\t\t\t\t\t<div class=\"elementor-search-form__container\">\n\t\t\t\t\t<label class=\"elementor-screen-only\" for=\"elementor-search-form-5a1f5fa1\">Search<\/label>\n\n\t\t\t\t\t\n\t\t\t\t\t<input id=\"elementor-search-form-5a1f5fa1\" placeholder=\"O que voc\u00ea est\u00e1 buscando?\" class=\"elementor-search-form__input\" type=\"search\" name=\"s\" value=\"\">\n\t\t\t\t\t\n\t\t\t\t\t\t\t\t\t\t\t<button class=\"elementor-search-form__submit\" type=\"submit\" aria-label=\"Search\">\n\t\t\t\t\t\t\t\t\t\t\t\t\t\t\t<i aria-hidden=\"true\" class=\"fas fa-search\"><\/i>\t\t\t\t\t\t\t\t\t\t\t\t\t<\/button>\n\t\t\t\t\t\n\t\t\t\t\t\t\t\t\t<\/div>\n\t\t\t<\/form>\n\t\t<\/search>\n\t\t\t\t\t\t<\/div>\n\t\t\t\t<\/div>\n\t\t\t\t<div class=\"elementor-element elementor-element-8266b83 elementor-widget elementor-widget-heading\" data-id=\"8266b83\" data-element_type=\"widget\" data-e-type=\"widget\" data-widget_type=\"heading.default\">\n\t\t\t\t<div class=\"elementor-widget-container\">\n\t\t\t\t\t<h1 class=\"elementor-heading-title elementor-size-default\">Consultar cadastro de fornecedor<\/h1>\t\t\t\t<\/div>\n\t\t\t\t<\/div>\n\t\t\t\t\t<\/div>\n\t\t<\/div>\n\t\t\t\t\t<\/div>\n\t\t<\/section>\n\t\t\t\t<section class=\"elementor-section elementor-top-section elementor-element elementor-element-562fe414 elementor-section-full_width elementor-section-height-default elementor-section-height-default\" data-id=\"562fe414\" data-element_type=\"section\" data-e-type=\"section\">\n\t\t\t\t\t\t<div class=\"elementor-container elementor-column-gap-default\">\n\t\t\t\t\t<div class=\"elementor-column elementor-col-33 elementor-top-column elementor-element elementor-element-7311cc0b\" data-id=\"7311cc0b\" data-element_type=\"column\" data-e-type=\"column\">\n\t\t\t<div class=\"elementor-widget-wrap elementor-element-populated\">\n\t\t\t\t\t\t<div class=\"elementor-element elementor-element-46f7e8aa elementor-nav-menu__align-justify menuTroca elementor-nav-menu--dropdown-tablet elementor-nav-menu__text-align-aside elementor-nav-menu--toggle elementor-nav-menu--burger elementor-widget elementor-widget-nav-menu\" data-id=\"46f7e8aa\" data-element_type=\"widget\" data-e-type=\"widget\" data-settings=\"{&quot;layout&quot;:&quot;vertical&quot;,&quot;submenu_icon&quot;:{&quot;value&quot;:&quot;&lt;i class=\\&quot;fas fa-caret-down\\&quot; aria-hidden=\\&quot;true\\&quot;&gt;&lt;\\\/i&gt;&quot;,&quot;library&quot;:&quot;fa-solid&quot;},&quot;toggle&quot;:&quot;burger&quot;}\" data-widget_type=\"nav-menu.default\">\n\t\t\t\t<div class=\"elementor-widget-container\">\n\t\t\t\t\t\t\t\t<nav aria-label=\"Menu\" class=\"elementor-nav-menu--main elementor-nav-menu__container elementor-nav-menu--layout-vertical e--pointer-underline e--animation-fade\">\n\t\t\t\t<ul id=\"menu-1-46f7e8aa\" class=\"elementor-nav-menu sm-vertical\"><li class=\"menu-item menu-item-type-custom menu-item-object-custom menu-item-21156\"><a href=\"#\" class=\"elementor-item elementor-item-anchor\">Fornecedores<\/a><\/li>\n<li class=\"menu-item menu-item-type-custom menu-item-object-custom menu-item-21430\"><a href=\"\/site\/fornecedores-e-parceiros\/agendamento-de-entregas\" class=\"elementor-item\">Agendamento de entregas<\/a><\/li>\n<li class=\"menu-item menu-item-type-custom menu-item-object-custom menu-item-has-children menu-item-21432\"><a href=\"\/site\/fornecedores-e-parceiros\/anuencias-imobiliarias\/\" class=\"elementor-item\">Anu\u00eancias imobili\u00e1rias<\/a>\n<ul class=\"sub-menu elementor-nav-menu--dropdown\">\n\t<li class=\"menu-item menu-item-type-custom menu-item-object-custom menu-item-21555\"><a href=\"\/site\/fornecedores-e-parceiros\/anuencias-imobiliarias\/requerimento\/\" class=\"elementor-sub-item\">Requerimento<\/a><\/li>\n<\/ul>\n<\/li>\n<li class=\"menu-item menu-item-type-custom menu-item-object-custom menu-item-21433\"><a href=\"\/site\/fornecedores-e-parceiros\/cadastro-de-fornecedores\/\" class=\"elementor-item\">Cadastro de fornecedores<\/a><\/li>\n<li class=\"menu-item menu-item-type-custom menu-item-object-custom menu-item-has-children menu-item-21437\"><a href=\"\/site\/fornecedores-e-parceiros\/consulta-de-chamadas-publicas\" class=\"elementor-item\">Chamadas p\u00fablicas<\/a>\n<ul class=\"sub-menu elementor-nav-menu--dropdown\">\n\t<li class=\"menu-item menu-item-type-custom menu-item-object-custom menu-item-21438\"><a href=\"\/site\/fornecedores-e-parceiros\/participe-de-uma-chamada-publica\/\" class=\"elementor-sub-item\">Participe de uma chamada p\u00fablica<\/a><\/li>\n<\/ul>\n<\/li>\n<li class=\"menu-item menu-item-type-custom menu-item-object-custom menu-item-21439\"><a href=\"\/site\/fornecedores-e-parceiros\/formacao-de-fornecedores\/\" class=\"elementor-item\">Forma\u00e7\u00e3o de fornecedores<\/a><\/li>\n<li class=\"menu-item menu-item-type-custom menu-item-object-custom menu-item-21440\"><a href=\"\/site\/fornecedores-e-parceiros\/geracao-distribuida\/\" class=\"elementor-item\">Gera\u00e7\u00e3o distribu\u00edda<\/a><\/li>\n<li class=\"menu-item menu-item-type-custom menu-item-object-custom menu-item-21441\"><a href=\"\/site\/fornecedores-e-parceiros\/gestao-de-fornecedores-copel-geracao-transmissao\/\" class=\"elementor-item\">Gest\u00e3o de fornecedores Copel Gera\u00e7\u00e3o e Transmiss\u00e3o<\/a><\/li>\n<li class=\"menu-item menu-item-type-custom menu-item-object-custom menu-item-21442\"><a href=\"\/site\/fornecedores-e-parceiros\/gestao-de-seguranca-e-saude-no-trabalho-tarefas-padronizadas\/\" class=\"elementor-item\">Procedimento Operacional Padr\u00e3o &#8211; POP<\/a><\/li>\n<li class=\"menu-item menu-item-type-custom menu-item-object-custom menu-item-21443\"><a href=\"\/site\/fornecedores-e-parceiros\/guias-para-fornecedores\/\" class=\"elementor-item\">Guias para fornecedores<\/a><\/li>\n<li class=\"menu-item menu-item-type-custom menu-item-object-custom menu-item-21444\"><a href=\"\/site\/fornecedores-e-parceiros\/guias-para-fornecedores\/questionario-de-integridade\/\" class=\"elementor-item\">Question\u00e1rio de integridade<\/a><\/li>\n<li class=\"menu-item menu-item-type-custom menu-item-object-custom menu-item-has-children menu-item-21445\"><a href=\"https:\/\/www.copel.com\/site\/fornecedores-e-parceiros\/aquisicoes-e-contratacoes\/\" class=\"elementor-item\">Aquisi\u00e7\u00f5es e Contrata\u00e7\u00f5es<\/a>\n<ul class=\"sub-menu elementor-nav-menu--dropdown\">\n\t<li class=\"menu-item menu-item-type-custom menu-item-object-custom menu-item-21467\"><a href=\"\/site\/fornecedores-e-parceiros\/previsao-de-compra-de-equipamentos-especiais\/\" class=\"elementor-sub-item\">Previs\u00e3o de compra de equipamentos especiais<\/a><\/li>\n\t<li class=\"menu-item menu-item-type-custom menu-item-object-custom menu-item-21468\"><a href=\"\/site\/fornecedores-e-parceiros\/previsao-de-compra-de-materiais\/\" class=\"elementor-sub-item\">Previs\u00e3o de compra de materiais<\/a><\/li>\n<\/ul>\n<\/li>\n<li class=\"menu-item menu-item-type-custom menu-item-object-custom menu-item-21453\"><a href=\"\/site\/fornecedores-e-parceiros\/normas-e-manuais\" class=\"elementor-item\">Normas e manuais<\/a><\/li>\n<\/ul>\t\t\t<\/nav>\n\t\t\t\t\t<div class=\"elementor-menu-toggle\" role=\"button\" tabindex=\"0\" aria-label=\"Menu Toggle\" aria-expanded=\"false\">\n\t\t\t<i aria-hidden=\"true\" role=\"presentation\" class=\"elementor-menu-toggle__icon--open eicon-menu-bar\"><\/i><i aria-hidden=\"true\" role=\"presentation\" class=\"elementor-menu-toggle__icon--close eicon-close\"><\/i>\t\t<\/div>\n\t\t\t\t\t<nav class=\"elementor-nav-menu--dropdown elementor-nav-menu__container\" aria-hidden=\"true\">\n\t\t\t\t<ul id=\"menu-2-46f7e8aa\" class=\"elementor-nav-menu sm-vertical\"><li class=\"menu-item menu-item-type-custom menu-item-object-custom menu-item-21156\"><a href=\"#\" class=\"elementor-item elementor-item-anchor\" tabindex=\"-1\">Fornecedores<\/a><\/li>\n<li class=\"menu-item menu-item-type-custom menu-item-object-custom menu-item-21430\"><a href=\"\/site\/fornecedores-e-parceiros\/agendamento-de-entregas\" class=\"elementor-item\" tabindex=\"-1\">Agendamento de entregas<\/a><\/li>\n<li class=\"menu-item menu-item-type-custom menu-item-object-custom menu-item-has-children menu-item-21432\"><a href=\"\/site\/fornecedores-e-parceiros\/anuencias-imobiliarias\/\" class=\"elementor-item\" tabindex=\"-1\">Anu\u00eancias imobili\u00e1rias<\/a>\n<ul class=\"sub-menu elementor-nav-menu--dropdown\">\n\t<li class=\"menu-item menu-item-type-custom menu-item-object-custom menu-item-21555\"><a href=\"\/site\/fornecedores-e-parceiros\/anuencias-imobiliarias\/requerimento\/\" class=\"elementor-sub-item\" tabindex=\"-1\">Requerimento<\/a><\/li>\n<\/ul>\n<\/li>\n<li class=\"menu-item menu-item-type-custom menu-item-object-custom menu-item-21433\"><a href=\"\/site\/fornecedores-e-parceiros\/cadastro-de-fornecedores\/\" class=\"elementor-item\" tabindex=\"-1\">Cadastro de fornecedores<\/a><\/li>\n<li class=\"menu-item menu-item-type-custom menu-item-object-custom menu-item-has-children menu-item-21437\"><a href=\"\/site\/fornecedores-e-parceiros\/consulta-de-chamadas-publicas\" class=\"elementor-item\" tabindex=\"-1\">Chamadas p\u00fablicas<\/a>\n<ul class=\"sub-menu elementor-nav-menu--dropdown\">\n\t<li class=\"menu-item menu-item-type-custom menu-item-object-custom menu-item-21438\"><a href=\"\/site\/fornecedores-e-parceiros\/participe-de-uma-chamada-publica\/\" class=\"elementor-sub-item\" tabindex=\"-1\">Participe de uma chamada p\u00fablica<\/a><\/li>\n<\/ul>\n<\/li>\n<li class=\"menu-item menu-item-type-custom menu-item-object-custom menu-item-21439\"><a href=\"\/site\/fornecedores-e-parceiros\/formacao-de-fornecedores\/\" class=\"elementor-item\" tabindex=\"-1\">Forma\u00e7\u00e3o de fornecedores<\/a><\/li>\n<li class=\"menu-item menu-item-type-custom menu-item-object-custom menu-item-21440\"><a href=\"\/site\/fornecedores-e-parceiros\/geracao-distribuida\/\" class=\"elementor-item\" tabindex=\"-1\">Gera\u00e7\u00e3o distribu\u00edda<\/a><\/li>\n<li class=\"menu-item menu-item-type-custom menu-item-object-custom menu-item-21441\"><a href=\"\/site\/fornecedores-e-parceiros\/gestao-de-fornecedores-copel-geracao-transmissao\/\" class=\"elementor-item\" tabindex=\"-1\">Gest\u00e3o de fornecedores Copel Gera\u00e7\u00e3o e Transmiss\u00e3o<\/a><\/li>\n<li class=\"menu-item menu-item-type-custom menu-item-object-custom menu-item-21442\"><a href=\"\/site\/fornecedores-e-parceiros\/gestao-de-seguranca-e-saude-no-trabalho-tarefas-padronizadas\/\" class=\"elementor-item\" tabindex=\"-1\">Procedimento Operacional Padr\u00e3o &#8211; POP<\/a><\/li>\n<li class=\"menu-item menu-item-type-custom menu-item-object-custom menu-item-21443\"><a href=\"\/site\/fornecedores-e-parceiros\/guias-para-fornecedores\/\" class=\"elementor-item\" tabindex=\"-1\">Guias para fornecedores<\/a><\/li>\n<li class=\"menu-item menu-item-type-custom menu-item-object-custom menu-item-21444\"><a href=\"\/site\/fornecedores-e-parceiros\/guias-para-fornecedores\/questionario-de-integridade\/\" class=\"elementor-item\" tabindex=\"-1\">Question\u00e1rio de integridade<\/a><\/li>\n<li class=\"menu-item menu-item-type-custom menu-item-object-custom menu-item-has-children menu-item-21445\"><a href=\"https:\/\/www.copel.com\/site\/fornecedores-e-parceiros\/aquisicoes-e-contratacoes\/\" class=\"elementor-item\" tabindex=\"-1\">Aquisi\u00e7\u00f5es e Contrata\u00e7\u00f5es<\/a>\n<ul class=\"sub-menu elementor-nav-menu--dropdown\">\n\t<li class=\"menu-item menu-item-type-custom menu-item-object-custom menu-item-21467\"><a href=\"\/site\/fornecedores-e-parceiros\/previsao-de-compra-de-equipamentos-especiais\/\" class=\"elementor-sub-item\" tabindex=\"-1\">Previs\u00e3o de compra de equipamentos especiais<\/a><\/li>\n\t<li class=\"menu-item menu-item-type-custom menu-item-object-custom menu-item-21468\"><a href=\"\/site\/fornecedores-e-parceiros\/previsao-de-compra-de-materiais\/\" class=\"elementor-sub-item\" tabindex=\"-1\">Previs\u00e3o de compra de materiais<\/a><\/li>\n<\/ul>\n<\/li>\n<li class=\"menu-item menu-item-type-custom menu-item-object-custom menu-item-21453\"><a href=\"\/site\/fornecedores-e-parceiros\/normas-e-manuais\" class=\"elementor-item\" tabindex=\"-1\">Normas e manuais<\/a><\/li>\n<\/ul>\t\t\t<\/nav>\n\t\t\t\t\t\t<\/div>\n\t\t\t\t<\/div>\n\t\t\t\t\t<\/div>\n\t\t<\/div>\n\t\t\t\t<div class=\"elementor-column elementor-col-66 elementor-top-column elementor-element elementor-element-2019857b\" data-id=\"2019857b\" data-element_type=\"column\" data-e-type=\"column\">\n\t\t\t<div class=\"elementor-widget-wrap elementor-element-populated\">\n\t\t\t\t\t\t<div class=\"elementor-element elementor-element-50972d6 elementor-widget elementor-widget-html\" data-id=\"50972d6\" data-element_type=\"widget\" data-e-type=\"widget\" data-widget_type=\"html.default\">\n\t\t\t\t<div class=\"elementor-widget-container\">\n\t\t\t\t\t<script>\n\n     function sizeFrame() { \n        \n        const element = document.getElementById(\"appFrame\");\n    \n        if(element.contentWindow.location.href == \"https:\/\/www.copel.com\/site\/\"){\n            element.contentWindow.location.href = element.getAttribute(\"src\");\n            return false;\n        }\n        \n        if(element.contentDocument) { \n            var contentHeight = element.contentWindow.document.body.scrollHeight;\n            \n            if(contentHeight <= 300)\n                element.height = 1100 + \"px\";\n            else\n                element.height = contentHeight + \"px\";\n        }\n    }  \n    \n    window.onload=sizeFrame;\n   setInterval(sizeFrame, 801);\n\n<\/script> \n\n<iframe id=\"appFrame\" src=\"\/spp\/publico\/login.jsf\" width=\"100%\" title=\"Consulta cadasro\" scrolling=\"yes\" sandbox=\"allow-same-origin allow-scripts allow-forms allow-modals allow-top-navigation\"><\/iframe>\t\t\t\t<\/div>\n\t\t\t\t<\/div>\n\t\t\t\t\t<\/div>\n\t\t<\/div>\n\t\t\t\t\t<\/div>\n\t\t<\/section>\n\t\t\t\t<\/div>\n\t\t","protected":false},"excerpt":{"rendered":"<p>Consultar cadastro de fornecedor<\/p>\n","protected":false},"author":6,"featured_media":0,"parent":1041,"menu_order":0,"comment_status":"closed","ping_status":"closed","template":"elementor_header_footer","meta":{"_acf_changed":false,"footnotes":""},"categories":[],"tags":[],"wf_page_folders":[475],"class_list":["post-31603","page","type-page","status-publish","hentry"],"acf":[],"aioseo_notices":[],"_links":{"self":[{"href":"https:\/\/www.copel.com\/site\/wp-json\/wp\/v2\/pages\/31603","targetHints":{"allow":["GET"]}}],"collection":[{"href":"https:\/\/www.copel.com\/site\/wp-json\/wp\/v2\/pages"}],"about":[{"href":"https:\/\/www.copel.com\/site\/wp-json\/wp\/v2\/types\/page"}],"author":[{"embeddable":true,"href":"https:\/\/www.copel.com\/site\/wp-json\/wp\/v2\/users\/6"}],"replies":[{"embeddable":true,"href":"https:\/\/www.copel.com\/site\/wp-json\/wp\/v2\/comments?post=31603"}],"version-history":[{"count":0,"href":"https:\/\/www.copel.com\/site\/wp-json\/wp\/v2\/pages\/31603\/revisions"}],"up":[{"embeddable":true,"href":"https:\/\/www.copel.com\/site\/wp-json\/wp\/v2\/pages\/1041"}],"wp:attachment":[{"href":"https:\/\/www.copel.com\/site\/wp-json\/wp\/v2\/media?parent=31603"}],"wp:term":[{"taxonomy":"category","embeddable":true,"href":"https:\/\/www.copel.com\/site\/wp-json\/wp\/v2\/categories?post=31603"},{"taxonomy":"post_tag","embeddable":true,"href":"https:\/\/www.copel.com\/site\/wp-json\/wp\/v2\/tags?post=31603"},{"taxonomy":"wf_page_folders","embeddable":true,"href":"https:\/\/www.copel.com\/site\/wp-json\/wp\/v2\/wf_page_folders?post=31603"}],"curies":[{"name":"wp","href":"https:\/\/api.w.org\/{rel}","templated":true}]}}