{"id":28472,"date":"2022-11-01T09:23:36","date_gmt":"2022-11-01T12:23:36","guid":{"rendered":"https:\/\/www.copel.com\/site\/?page_id=28472"},"modified":"2022-11-01T10:14:21","modified_gmt":"2022-11-01T13:14:21","slug":"programa-de-eficiencia-energetica","status":"publish","type":"page","link":"https:\/\/www.copel.com\/site\/copel-distribuicao\/eficiencia-energetica\/programa-de-eficiencia-energetica\/","title":{"rendered":"Programa de efici\u00eancia energ\u00e9tica"},"content":{"rendered":"\t\t<div data-elementor-type=\"wp-page\" data-elementor-id=\"28472\" class=\"elementor elementor-28472\" data-elementor-post-type=\"page\">\n\t\t\t\t\t\t<section class=\"elementor-section elementor-top-section elementor-element elementor-element-62614635 elementor-section-full_width imgDestaque elementor-section-content-middle elementor-section-height-default elementor-section-height-default\" data-id=\"62614635\" data-element_type=\"section\" data-e-type=\"section\" data-settings=\"{&quot;background_background&quot;:&quot;classic&quot;}\">\n\t\t\t\t\t\t\t<div class=\"elementor-background-overlay\"><\/div>\n\t\t\t\t\t\t\t<div class=\"elementor-container elementor-column-gap-default\">\n\t\t\t\t\t<div class=\"elementor-column elementor-col-100 elementor-top-column elementor-element elementor-element-724e0b80 box-destaque\" data-id=\"724e0b80\" data-element_type=\"column\" data-e-type=\"column\">\n\t\t\t<div class=\"elementor-widget-wrap elementor-element-populated\">\n\t\t\t\t\t\t<div class=\"elementor-element elementor-element-73641a06 elementor-search-form--skin-classic elementor-search-form--button-type-icon elementor-search-form--icon-search elementor-widget elementor-widget-search-form\" data-id=\"73641a06\" data-element_type=\"widget\" data-e-type=\"widget\" data-settings=\"{&quot;skin&quot;:&quot;classic&quot;}\" data-widget_type=\"search-form.default\">\n\t\t\t\t<div class=\"elementor-widget-container\">\n\t\t\t\t\t\t\t<search role=\"search\">\n\t\t\t<form class=\"elementor-search-form\" action=\"https:\/\/www.copel.com\/site\" method=\"get\">\n\t\t\t\t\t\t\t\t\t\t\t\t<div class=\"elementor-search-form__container\">\n\t\t\t\t\t<label class=\"elementor-screen-only\" for=\"elementor-search-form-73641a06\">Search<\/label>\n\n\t\t\t\t\t\n\t\t\t\t\t<input id=\"elementor-search-form-73641a06\" placeholder=\"O que voc\u00ea est\u00e1 buscando?\" class=\"elementor-search-form__input\" type=\"search\" name=\"s\" value=\"\">\n\t\t\t\t\t\n\t\t\t\t\t\t\t\t\t\t\t<button class=\"elementor-search-form__submit\" type=\"submit\" aria-label=\"Search\">\n\t\t\t\t\t\t\t\t\t\t\t\t\t\t\t<i aria-hidden=\"true\" class=\"fas fa-search\"><\/i>\t\t\t\t\t\t\t\t\t\t\t\t\t<\/button>\n\t\t\t\t\t\n\t\t\t\t\t\t\t\t\t<\/div>\n\t\t\t<\/form>\n\t\t<\/search>\n\t\t\t\t\t\t<\/div>\n\t\t\t\t<\/div>\n\t\t\t\t<div class=\"elementor-element elementor-element-db02e90 elementor-widget elementor-widget-heading\" data-id=\"db02e90\" data-element_type=\"widget\" data-e-type=\"widget\" data-widget_type=\"heading.default\">\n\t\t\t\t<div class=\"elementor-widget-container\">\n\t\t\t\t\t<h1 class=\"elementor-heading-title elementor-size-default\">Programa de efici\u00eancia energ\u00e9tica<\/h1>\t\t\t\t<\/div>\n\t\t\t\t<\/div>\n\t\t\t\t\t<\/div>\n\t\t<\/div>\n\t\t\t\t\t<\/div>\n\t\t<\/section>\n\t\t\t\t<section class=\"elementor-section elementor-top-section elementor-element elementor-element-d2504e3 elementor-section-full_width elementor-section-height-default elementor-section-height-default\" data-id=\"d2504e3\" data-element_type=\"section\" data-e-type=\"section\">\n\t\t\t\t\t\t<div class=\"elementor-container elementor-column-gap-default\">\n\t\t\t\t\t<div class=\"elementor-column elementor-col-33 elementor-top-column elementor-element elementor-element-2444f61b\" data-id=\"2444f61b\" data-element_type=\"column\" data-e-type=\"column\">\n\t\t\t<div class=\"elementor-widget-wrap elementor-element-populated\">\n\t\t\t\t\t\t<div class=\"elementor-element elementor-element-5cc9a35b elementor-nav-menu__align-justify menuTroca elementor-nav-menu--dropdown-tablet elementor-nav-menu__text-align-aside elementor-nav-menu--toggle elementor-nav-menu--burger elementor-widget elementor-widget-nav-menu\" data-id=\"5cc9a35b\" data-element_type=\"widget\" data-e-type=\"widget\" data-settings=\"{&quot;layout&quot;:&quot;vertical&quot;,&quot;submenu_icon&quot;:{&quot;value&quot;:&quot;&lt;i class=\\&quot;fas fa-caret-down\\&quot; aria-hidden=\\&quot;true\\&quot;&gt;&lt;\\\/i&gt;&quot;,&quot;library&quot;:&quot;fa-solid&quot;},&quot;toggle&quot;:&quot;burger&quot;}\" data-widget_type=\"nav-menu.default\">\n\t\t\t\t<div class=\"elementor-widget-container\">\n\t\t\t\t\t\t\t\t<nav aria-label=\"Menu\" class=\"elementor-nav-menu--main elementor-nav-menu__container elementor-nav-menu--layout-vertical e--pointer-underline e--animation-fade\">\n\t\t\t\t<ul id=\"menu-1-5cc9a35b\" class=\"elementor-nav-menu sm-vertical\"><li class=\"menu-item menu-item-type-custom menu-item-object-custom menu-item-has-children menu-item-20751\"><a href=\"\/site\/copel-distribuicao\/?utm_source=distribuicao-residencial&#038;utm_medium=copel-distribuicao&#038;utm_campaign=menu-lateral\" class=\"elementor-item\">Copel Distribui\u00e7\u00e3o<\/a>\n<ul class=\"sub-menu elementor-nav-menu--dropdown\">\n\t<li class=\"menu-item menu-item-type-custom menu-item-object-custom menu-item-20752\"><a href=\"\/site\/copel-distribuicao\/para-sua-casa\/?utm_source=distribuicao-residencial&#038;utm_medium=para-sua-casa&#038;utm_campaign=menu-lateral\" class=\"elementor-sub-item\">Para sua casa<\/a><\/li>\n\t<li class=\"menu-item menu-item-type-custom menu-item-object-custom menu-item-20753\"><a href=\"\/site\/copel-distribuicao\/para-sua-empresa\/?utm_source=distribuicao-residencial&#038;utm_medium=para-sua-empresa&#038;utm_campaign=menu-lateral\" class=\"elementor-sub-item\">Para sua empresa<\/a><\/li>\n\t<li class=\"menu-item menu-item-type-custom menu-item-object-custom menu-item-20754\"><a href=\"\/site\/copel-distribuicao\/poder-publico\/?utm_source=distribuicao-residencial&#038;utm_medium=poder-publico&#038;utm_campaign=menu-lateral\" class=\"elementor-sub-item\">Poder p\u00fablico<\/a><\/li>\n\t<li class=\"menu-item menu-item-type-custom menu-item-object-custom menu-item-20755\"><a href=\"\/site\/copel-distribuicao\/rural\/?utm_source=distribuicao-residencial&#038;utm_medium=rural&#038;utm_campaign=menu-lateral\" class=\"elementor-sub-item\">Rural<\/a><\/li>\n<\/ul>\n<\/li>\n<li class=\"menu-item menu-item-type-custom menu-item-object-custom menu-item-has-children menu-item-20760\"><a href=\"\/site\/copel-distribuicao\/eficiencia-energetica\/?utm_source=eficiencia-energetica&#038;utm_medium=eficiencia-energetica&#038;utm_campaign=menu-lateral\" class=\"elementor-item\">Efici\u00eancia energ\u00e9tica<\/a>\n<ul class=\"sub-menu elementor-nav-menu--dropdown\">\n\t<li class=\"menu-item menu-item-type-custom menu-item-object-custom menu-item-21008\"><a href=\"https:\/\/www.copel.com\/site\/copel-distribuicao\/eficiencia-energetica\/audiencia-publica-de-eficiencia-energetica\/?utm_source=eficiencia-energetica&#038;utm_medium=audiencia-publica&#038;utm_campaign=menu-lateral\" class=\"elementor-sub-item\">Audi\u00eancia p\u00fablica de efici\u00eancia energ\u00e9tica<\/a><\/li>\n\t<li class=\"menu-item menu-item-type-custom menu-item-object-custom menu-item-21007\"><a href=\"https:\/\/www.copel.com\/site\/copel-distribuicao\/eficiencia-energetica\/chamadas-publicas-de-eficiencia-energetica\/?utm_source=eficiencia-energetica&#038;utm_medium=chamada-publica&#038;utm_campaign=menu-lateral\" class=\"elementor-sub-item\">Chamadas p\u00fablicas de efici\u00eancia energ\u00e9tica<\/a><\/li>\n\t<li class=\"menu-item menu-item-type-custom menu-item-object-custom menu-item-21005\"><a href=\"https:\/\/www.copel.com\/site\/copel-distribuicao\/eficiencia-energetica\/dicas-de-eficiencia-energetica-na-industria\/?utm_source=eficiencia-energetica&#038;utm_medium=dicas-eficiencia-industria&#038;utm_campaign=menu-lateral\" class=\"elementor-sub-item\">Dicas de efici\u00eancia energ\u00e9tica na ind\u00fastria<\/a><\/li>\n\t<li class=\"menu-item menu-item-type-custom menu-item-object-custom menu-item-21003\"><a href=\"https:\/\/www.copel.com\/site\/copel-distribuicao\/eficiencia-energetica\/uso-eficiente-de-energia-na-sua-casa\/?utm_source=eficiencia-energetica&#038;utm_medium=uso-eficiente-na-sua-casa&#038;utm_campaign=menu-lateral\" class=\"elementor-sub-item\">Uso eficiente de energia na sua casa<\/a><\/li>\n\t<li class=\"menu-item menu-item-type-custom menu-item-object-custom menu-item-21042\"><a href=\"https:\/\/www.copel.com\/site\/copel-distribuicao\/eficiencia-energetica\/documentos-de-referencia-para-eficiencia-energetica\/?utm_source=eficiencia-energetica&#038;utm_medium=documentos&#038;utm_campaign=menu-lateral\" class=\"elementor-sub-item\">Documentos de refer\u00eancia<\/a><\/li>\n<\/ul>\n<\/li>\n<li class=\"menu-item menu-item-type-custom menu-item-object-custom menu-item-20763\"><a href=\"\/site\/fornecedores-e-parceiros\/geracao-distribuida\/?utm_source=distribuicao-residencial&#038;utm_medium=&#038;utm_campaign=menu-lateral\" class=\"elementor-item\">Gera\u00e7\u00e3o distribu\u00edda<\/a><\/li>\n<li class=\"menu-item menu-item-type-custom menu-item-object-custom menu-item-21043\"><a href=\"\/site\/copel-distribuicao\/poder-publico\/micro-e-mini-geracao\/?utm_source=eficiencia-energetica&#038;utm_medium=micro-mini-geracao&#038;utm_campaign=menu-lateral\" class=\"elementor-item\">Micro e minigera\u00e7\u00e3o<\/a><\/li>\n<li class=\"menu-item menu-item-type-custom menu-item-object-custom menu-item-20770\"><a href=\"\/site\/institucional\/programa-de-pesquisa-e-desenvolvimento\/?utm_source=distribuicao-residencial&#038;utm_medium=&#038;utm_campaign=menu-lateral\" class=\"elementor-item\">Pesquisa e desenvolvimento<\/a><\/li>\n<\/ul>\t\t\t<\/nav>\n\t\t\t\t\t<div class=\"elementor-menu-toggle\" role=\"button\" tabindex=\"0\" aria-label=\"Menu Toggle\" aria-expanded=\"false\">\n\t\t\t<i aria-hidden=\"true\" role=\"presentation\" class=\"elementor-menu-toggle__icon--open eicon-menu-bar\"><\/i><i aria-hidden=\"true\" role=\"presentation\" class=\"elementor-menu-toggle__icon--close eicon-close\"><\/i>\t\t<\/div>\n\t\t\t\t\t<nav class=\"elementor-nav-menu--dropdown elementor-nav-menu__container\" aria-hidden=\"true\">\n\t\t\t\t<ul id=\"menu-2-5cc9a35b\" class=\"elementor-nav-menu sm-vertical\"><li class=\"menu-item menu-item-type-custom menu-item-object-custom menu-item-has-children menu-item-20751\"><a href=\"\/site\/copel-distribuicao\/?utm_source=distribuicao-residencial&#038;utm_medium=copel-distribuicao&#038;utm_campaign=menu-lateral\" class=\"elementor-item\" tabindex=\"-1\">Copel Distribui\u00e7\u00e3o<\/a>\n<ul class=\"sub-menu elementor-nav-menu--dropdown\">\n\t<li class=\"menu-item menu-item-type-custom menu-item-object-custom menu-item-20752\"><a href=\"\/site\/copel-distribuicao\/para-sua-casa\/?utm_source=distribuicao-residencial&#038;utm_medium=para-sua-casa&#038;utm_campaign=menu-lateral\" class=\"elementor-sub-item\" tabindex=\"-1\">Para sua casa<\/a><\/li>\n\t<li class=\"menu-item menu-item-type-custom menu-item-object-custom menu-item-20753\"><a href=\"\/site\/copel-distribuicao\/para-sua-empresa\/?utm_source=distribuicao-residencial&#038;utm_medium=para-sua-empresa&#038;utm_campaign=menu-lateral\" class=\"elementor-sub-item\" tabindex=\"-1\">Para sua empresa<\/a><\/li>\n\t<li class=\"menu-item menu-item-type-custom menu-item-object-custom menu-item-20754\"><a href=\"\/site\/copel-distribuicao\/poder-publico\/?utm_source=distribuicao-residencial&#038;utm_medium=poder-publico&#038;utm_campaign=menu-lateral\" class=\"elementor-sub-item\" tabindex=\"-1\">Poder p\u00fablico<\/a><\/li>\n\t<li class=\"menu-item menu-item-type-custom menu-item-object-custom menu-item-20755\"><a href=\"\/site\/copel-distribuicao\/rural\/?utm_source=distribuicao-residencial&#038;utm_medium=rural&#038;utm_campaign=menu-lateral\" class=\"elementor-sub-item\" tabindex=\"-1\">Rural<\/a><\/li>\n<\/ul>\n<\/li>\n<li class=\"menu-item menu-item-type-custom menu-item-object-custom menu-item-has-children menu-item-20760\"><a href=\"\/site\/copel-distribuicao\/eficiencia-energetica\/?utm_source=eficiencia-energetica&#038;utm_medium=eficiencia-energetica&#038;utm_campaign=menu-lateral\" class=\"elementor-item\" tabindex=\"-1\">Efici\u00eancia energ\u00e9tica<\/a>\n<ul class=\"sub-menu elementor-nav-menu--dropdown\">\n\t<li class=\"menu-item menu-item-type-custom menu-item-object-custom menu-item-21008\"><a href=\"https:\/\/www.copel.com\/site\/copel-distribuicao\/eficiencia-energetica\/audiencia-publica-de-eficiencia-energetica\/?utm_source=eficiencia-energetica&#038;utm_medium=audiencia-publica&#038;utm_campaign=menu-lateral\" class=\"elementor-sub-item\" tabindex=\"-1\">Audi\u00eancia p\u00fablica de efici\u00eancia energ\u00e9tica<\/a><\/li>\n\t<li class=\"menu-item menu-item-type-custom menu-item-object-custom menu-item-21007\"><a href=\"https:\/\/www.copel.com\/site\/copel-distribuicao\/eficiencia-energetica\/chamadas-publicas-de-eficiencia-energetica\/?utm_source=eficiencia-energetica&#038;utm_medium=chamada-publica&#038;utm_campaign=menu-lateral\" class=\"elementor-sub-item\" tabindex=\"-1\">Chamadas p\u00fablicas de efici\u00eancia energ\u00e9tica<\/a><\/li>\n\t<li class=\"menu-item menu-item-type-custom menu-item-object-custom menu-item-21005\"><a href=\"https:\/\/www.copel.com\/site\/copel-distribuicao\/eficiencia-energetica\/dicas-de-eficiencia-energetica-na-industria\/?utm_source=eficiencia-energetica&#038;utm_medium=dicas-eficiencia-industria&#038;utm_campaign=menu-lateral\" class=\"elementor-sub-item\" tabindex=\"-1\">Dicas de efici\u00eancia energ\u00e9tica na ind\u00fastria<\/a><\/li>\n\t<li class=\"menu-item menu-item-type-custom menu-item-object-custom menu-item-21003\"><a href=\"https:\/\/www.copel.com\/site\/copel-distribuicao\/eficiencia-energetica\/uso-eficiente-de-energia-na-sua-casa\/?utm_source=eficiencia-energetica&#038;utm_medium=uso-eficiente-na-sua-casa&#038;utm_campaign=menu-lateral\" class=\"elementor-sub-item\" tabindex=\"-1\">Uso eficiente de energia na sua casa<\/a><\/li>\n\t<li class=\"menu-item menu-item-type-custom menu-item-object-custom menu-item-21042\"><a href=\"https:\/\/www.copel.com\/site\/copel-distribuicao\/eficiencia-energetica\/documentos-de-referencia-para-eficiencia-energetica\/?utm_source=eficiencia-energetica&#038;utm_medium=documentos&#038;utm_campaign=menu-lateral\" class=\"elementor-sub-item\" tabindex=\"-1\">Documentos de refer\u00eancia<\/a><\/li>\n<\/ul>\n<\/li>\n<li class=\"menu-item menu-item-type-custom menu-item-object-custom menu-item-20763\"><a href=\"\/site\/fornecedores-e-parceiros\/geracao-distribuida\/?utm_source=distribuicao-residencial&#038;utm_medium=&#038;utm_campaign=menu-lateral\" class=\"elementor-item\" tabindex=\"-1\">Gera\u00e7\u00e3o distribu\u00edda<\/a><\/li>\n<li class=\"menu-item menu-item-type-custom menu-item-object-custom menu-item-21043\"><a href=\"\/site\/copel-distribuicao\/poder-publico\/micro-e-mini-geracao\/?utm_source=eficiencia-energetica&#038;utm_medium=micro-mini-geracao&#038;utm_campaign=menu-lateral\" class=\"elementor-item\" tabindex=\"-1\">Micro e minigera\u00e7\u00e3o<\/a><\/li>\n<li class=\"menu-item menu-item-type-custom menu-item-object-custom menu-item-20770\"><a href=\"\/site\/institucional\/programa-de-pesquisa-e-desenvolvimento\/?utm_source=distribuicao-residencial&#038;utm_medium=&#038;utm_campaign=menu-lateral\" class=\"elementor-item\" tabindex=\"-1\">Pesquisa e desenvolvimento<\/a><\/li>\n<\/ul>\t\t\t<\/nav>\n\t\t\t\t\t\t<\/div>\n\t\t\t\t<\/div>\n\t\t\t\t\t<\/div>\n\t\t<\/div>\n\t\t\t\t<div class=\"elementor-column elementor-col-66 elementor-top-column elementor-element elementor-element-01a991f\" data-id=\"01a991f\" data-element_type=\"column\" data-e-type=\"column\">\n\t\t\t<div class=\"elementor-widget-wrap elementor-element-populated\">\n\t\t\t\t\t\t<div class=\"elementor-element elementor-element-1fdcccb elementor-widget elementor-widget-text-editor\" data-id=\"1fdcccb\" data-element_type=\"widget\" data-e-type=\"widget\" data-widget_type=\"text-editor.default\">\n\t\t\t\t<div class=\"elementor-widget-container\">\n\t\t\t\t\t\t\t\t\t<p>O Programa de Efici\u00eancia Energ\u00e9tica tem como objetivo promover o consumo consciente e combater o desperd\u00edcio da energia el\u00e9trica em todos os setores da economia. Isto ocorre por meio do incentivo e financiamento de projetos que demonstrem a import\u00e2ncia e a viabilidade econ\u00f4mica de melhoria da efici\u00eancia energ\u00e9tica de equipamentos, processos e usos finais de energia.<\/p><p>Na Copel, em 20 anos de atividades o Programa de Efici\u00eancia energ\u00e9tica j\u00e1 investiu mais de R$530 milh\u00f5es, na execu\u00e7\u00e3o de projetos em todos os munic\u00edpios da \u00e1rea de concess\u00e3o da distribuidora.<\/p><p>Os benef\u00edcios destes projetos contemplam diversas classes de consumo, entre elas as fam\u00edlias de baixa renda e a \u00e1rea dos servi\u00e7os p\u00fablicos, com a troca de equipamentos em hospitais, institui\u00e7\u00f5es beneficentes, universidades e escolas p\u00fablicas. Outra frente do programa \u00e9 a moderniza\u00e7\u00e3o da ilumina\u00e7\u00e3o p\u00fablica, com a destina\u00e7\u00e3o de recursos a mais de 300 munic\u00edpios ao longo destas duas d\u00e9cadas.<\/p><p>Assim, busca-se maximizar os benef\u00edcios p\u00fablicos da energia economizada e da demanda evitada, promovendo a transforma\u00e7\u00e3o do mercado de efici\u00eancia energ\u00e9tica, estimulando o desenvolvimento de novas tecnologias e a cria\u00e7\u00e3o de h\u00e1bitos e pr\u00e1ticas racionais de uso da energia el\u00e9trica. Os investimentos em efici\u00eancia energ\u00e9tica s\u00e3o orientados por diretrizes estabelecidas pela ANEEL, por meio dos procedimentos de efici\u00eancia energ\u00e9tica (PROPEE), que regulamenta as atividades relacionadas ao Programa de Efici\u00eancia Energ\u00e9ticas.\u00a0<\/p><p>Confira as oportunidades abertas.<\/p>\t\t\t\t\t\t\t\t<\/div>\n\t\t\t\t<\/div>\n\t\t\t\t<div class=\"elementor-element elementor-element-cbbd946 elementor-icon-list--layout-inline atalhoslista elementor-list-item-link-full_width elementor-widget elementor-widget-icon-list\" data-id=\"cbbd946\" data-element_type=\"widget\" data-e-type=\"widget\" data-widget_type=\"icon-list.default\">\n\t\t\t\t<div class=\"elementor-widget-container\">\n\t\t\t\t\t\t\t<ul class=\"elementor-icon-list-items elementor-inline-items\">\n\t\t\t\t\t\t\t<li class=\"elementor-icon-list-item elementor-inline-item\">\n\t\t\t\t\t\t\t\t\t\t\t<a href=\"https:\/\/www.copel.com\/site\/copel-distribuicao\/eficiencia-energetica\/chamadas-publicas-de-eficiencia-energetica\/\">\n\n\t\t\t\t\t\t\t\t\t\t\t\t<span class=\"elementor-icon-list-icon\">\n\t\t\t\t\t\t\t<svg xmlns=\"http:\/\/www.w3.org\/2000\/svg\" id=\"Camada_1\" data-name=\"Camada 1\" viewBox=\"0 0 57.258 69.735\"><path d=\"M63.1,54.041H29.279a1.244,1.244,0,0,1,0-2.487H63.1a1.815,1.815,0,0,0,1.813-1.813V4.3A1.816,1.816,0,0,0,63.1,2.487H34.774L26.819,10V42.115a1.244,1.244,0,1,1-2.487,0V9.461a1.244,1.244,0,0,1,.389-.9L33.426.339A1.242,1.242,0,0,1,34.279,0H63.1a4.3,4.3,0,0,1,4.3,4.3V49.741A4.3,4.3,0,0,1,63.1,54.041Z\" transform=\"translate(-10.142)\"><\/path><path d=\"M36.154,12.8H30.918a1.244,1.244,0,1,1,0-2.487H34.91V6.605a1.244,1.244,0,1,1,2.487,0V11.56A1.243,1.243,0,0,1,36.154,12.8Z\" transform=\"translate(-10.142)\"><\/path><path d=\"M57.485,22.87h-23.2a1.244,1.244,0,1,1,0-2.487h23.2a1.244,1.244,0,1,1,0,2.487Z\" transform=\"translate(-10.142)\"><\/path><path d=\"M45.885,29.278h-11.6a1.244,1.244,0,1,1,0-2.487h11.6a1.244,1.244,0,0,1,0,2.487Z\" transform=\"translate(-10.142)\"><\/path><path d=\"M11.386,69.735H11.38a1.244,1.244,0,0,1-1.238-1.249l.1-22.51a8.56,8.56,0,0,1,3.356-6.736l10.8-8.217A1.243,1.243,0,1,1,25.9,33L15.1,41.22a6.055,6.055,0,0,0-2.375,4.766l-.1,22.511A1.243,1.243,0,0,1,11.386,69.735Z\" transform=\"translate(-10.142)\"><\/path><path d=\"M32.024,69.735h0a1.242,1.242,0,0,1-1.239-1.247l.017-5.229a1.245,1.245,0,0,1,.64-1.084l1.114-.618a5.587,5.587,0,0,0,2.874-4.883V53.21a1.244,1.244,0,1,1,2.487,0v3.464a8.078,8.078,0,0,1-4.154,7.058L33.283,64l-.015,4.5A1.244,1.244,0,0,1,32.024,69.735Z\" transform=\"translate(-10.142)\"><\/path><path d=\"M19.937,63.046a1.243,1.243,0,0,1-.115-2.481l.6-.057a7.483,7.483,0,0,0,6.71-8.489A4.29,4.29,0,0,1,28.683,48.1l4.729-3.8A3.859,3.859,0,0,0,34,38.871a.921.921,0,0,0-.62-.339.911.911,0,0,0-.678.2L20.377,48.643a1.244,1.244,0,0,1-1.559-1.938l12.326-9.913a3.41,3.41,0,0,1,4.8.521,6.345,6.345,0,0,1-.968,8.922l-4.729,3.8a1.788,1.788,0,0,0-.648,1.636,9.972,9.972,0,0,1-8.941,11.311l-.6.056A1.177,1.177,0,0,1,19.937,63.046Z\" transform=\"translate(-10.142)\"><\/path><\/svg>\t\t\t\t\t\t<\/span>\n\t\t\t\t\t\t\t\t\t\t<span class=\"elementor-icon-list-text\">Chamadas p\u00fablicas<\/span>\n\t\t\t\t\t\t\t\t\t\t\t<\/a>\n\t\t\t\t\t\t\t\t\t<\/li>\n\t\t\t\t\t\t<\/ul>\n\t\t\t\t\t\t<\/div>\n\t\t\t\t<\/div>\n\t\t\t\t\t<\/div>\n\t\t<\/div>\n\t\t\t\t\t<\/div>\n\t\t<\/section>\n\t\t\t\t<\/div>\n\t\t","protected":false},"excerpt":{"rendered":"<p>Programa de efici\u00eancia energ\u00e9tica O Programa de Efici\u00eancia Energ\u00e9tica tem como objetivo promover o consumo consciente e combater o desperd\u00edcio da energia el\u00e9trica em todos os setores da economia. Isto ocorre por meio do incentivo e financiamento de projetos que demonstrem a import\u00e2ncia e a viabilidade econ\u00f4mica de melhoria da efici\u00eancia energ\u00e9tica de equipamentos, processos [&hellip;]<\/p>\n","protected":false},"author":6,"featured_media":0,"parent":20718,"menu_order":0,"comment_status":"closed","ping_status":"closed","template":"elementor_header_footer","meta":{"_acf_changed":false,"footnotes":""},"categories":[],"tags":[],"wf_page_folders":[467],"class_list":["post-28472","page","type-page","status-publish","hentry"],"acf":[],"aioseo_notices":[],"_links":{"self":[{"href":"https:\/\/www.copel.com\/site\/wp-json\/wp\/v2\/pages\/28472","targetHints":{"allow":["GET"]}}],"collection":[{"href":"https:\/\/www.copel.com\/site\/wp-json\/wp\/v2\/pages"}],"about":[{"href":"https:\/\/www.copel.com\/site\/wp-json\/wp\/v2\/types\/page"}],"author":[{"embeddable":true,"href":"https:\/\/www.copel.com\/site\/wp-json\/wp\/v2\/users\/6"}],"replies":[{"embeddable":true,"href":"https:\/\/www.copel.com\/site\/wp-json\/wp\/v2\/comments?post=28472"}],"version-history":[{"count":0,"href":"https:\/\/www.copel.com\/site\/wp-json\/wp\/v2\/pages\/28472\/revisions"}],"up":[{"embeddable":true,"href":"https:\/\/www.copel.com\/site\/wp-json\/wp\/v2\/pages\/20718"}],"wp:attachment":[{"href":"https:\/\/www.copel.com\/site\/wp-json\/wp\/v2\/media?parent=28472"}],"wp:term":[{"taxonomy":"category","embeddable":true,"href":"https:\/\/www.copel.com\/site\/wp-json\/wp\/v2\/categories?post=28472"},{"taxonomy":"post_tag","embeddable":true,"href":"https:\/\/www.copel.com\/site\/wp-json\/wp\/v2\/tags?post=28472"},{"taxonomy":"wf_page_folders","embeddable":true,"href":"https:\/\/www.copel.com\/site\/wp-json\/wp\/v2\/wf_page_folders?post=28472"}],"curies":[{"name":"wp","href":"https:\/\/api.w.org\/{rel}","templated":true}]}}