{"id":26933,"date":"2022-07-13T11:22:22","date_gmt":"2022-07-13T14:22:22","guid":{"rendered":"https:\/\/www.copel.com\/site\/?page_id=26933"},"modified":"2022-07-13T11:26:23","modified_gmt":"2022-07-13T14:26:23","slug":"otimizar-os-indices-de-disponibilidade-e-confiabilidade","status":"publish","type":"page","link":"https:\/\/www.copel.com\/site\/copel-transmissao\/otimizar-os-indices-de-disponibilidade-e-confiabilidade\/","title":{"rendered":"Otimizar os \u00edndices de disponibilidade e confiabilidade"},"content":{"rendered":"\t\t<div data-elementor-type=\"wp-page\" data-elementor-id=\"26933\" class=\"elementor elementor-26933\" data-elementor-post-type=\"page\">\n\t\t\t\t\t\t<section class=\"elementor-section elementor-top-section elementor-element elementor-element-cd7ca17 elementor-section-full_width imgDestaque elementor-section-content-middle elementor-section-height-default elementor-section-height-default\" data-id=\"cd7ca17\" data-element_type=\"section\" data-e-type=\"section\" data-settings=\"{&quot;background_background&quot;:&quot;classic&quot;}\">\n\t\t\t\t\t\t\t<div class=\"elementor-background-overlay\"><\/div>\n\t\t\t\t\t\t\t<div class=\"elementor-container elementor-column-gap-default\">\n\t\t\t\t\t<div class=\"elementor-column elementor-col-100 elementor-top-column elementor-element elementor-element-320fcd27 box-destaque\" data-id=\"320fcd27\" data-element_type=\"column\" data-e-type=\"column\">\n\t\t\t<div class=\"elementor-widget-wrap elementor-element-populated\">\n\t\t\t\t\t\t<div class=\"elementor-element elementor-element-59513943 elementor-search-form--skin-classic elementor-search-form--button-type-icon elementor-search-form--icon-search elementor-widget elementor-widget-search-form\" data-id=\"59513943\" data-element_type=\"widget\" data-e-type=\"widget\" data-settings=\"{&quot;skin&quot;:&quot;classic&quot;}\" data-widget_type=\"search-form.default\">\n\t\t\t\t<div class=\"elementor-widget-container\">\n\t\t\t\t\t\t\t<search role=\"search\">\n\t\t\t<form class=\"elementor-search-form\" action=\"https:\/\/www.copel.com\/site\" method=\"get\">\n\t\t\t\t\t\t\t\t\t\t\t\t<div class=\"elementor-search-form__container\">\n\t\t\t\t\t<label class=\"elementor-screen-only\" for=\"elementor-search-form-59513943\">Search<\/label>\n\n\t\t\t\t\t\n\t\t\t\t\t<input id=\"elementor-search-form-59513943\" placeholder=\"O que voc\u00ea est\u00e1 buscando?\" class=\"elementor-search-form__input\" type=\"search\" name=\"s\" value=\"\">\n\t\t\t\t\t\n\t\t\t\t\t\t\t\t\t\t\t<button class=\"elementor-search-form__submit\" type=\"submit\" aria-label=\"Search\">\n\t\t\t\t\t\t\t\t\t\t\t\t\t\t\t<i aria-hidden=\"true\" class=\"fas fa-search\"><\/i>\t\t\t\t\t\t\t\t\t\t\t\t\t<\/button>\n\t\t\t\t\t\n\t\t\t\t\t\t\t\t\t<\/div>\n\t\t\t<\/form>\n\t\t<\/search>\n\t\t\t\t\t\t<\/div>\n\t\t\t\t<\/div>\n\t\t\t\t<div class=\"elementor-element elementor-element-786dea20 elementor-widget elementor-widget-heading\" data-id=\"786dea20\" data-element_type=\"widget\" data-e-type=\"widget\" data-widget_type=\"heading.default\">\n\t\t\t\t<div class=\"elementor-widget-container\">\n\t\t\t\t\t<h1 class=\"elementor-heading-title elementor-size-default\">Otimizar os \u00edndices de disponibilidade e confiabilidade<\/h1>\t\t\t\t<\/div>\n\t\t\t\t<\/div>\n\t\t\t\t\t<\/div>\n\t\t<\/div>\n\t\t\t\t\t<\/div>\n\t\t<\/section>\n\t\t\t\t<section class=\"elementor-section elementor-top-section elementor-element elementor-element-1f502c65 elementor-section-full_width elementor-section-height-default elementor-section-height-default\" data-id=\"1f502c65\" data-element_type=\"section\" data-e-type=\"section\">\n\t\t\t\t\t\t<div class=\"elementor-container elementor-column-gap-default\">\n\t\t\t\t\t<div class=\"elementor-column elementor-col-33 elementor-top-column elementor-element elementor-element-545950e5\" data-id=\"545950e5\" data-element_type=\"column\" data-e-type=\"column\">\n\t\t\t<div class=\"elementor-widget-wrap elementor-element-populated\">\n\t\t\t\t\t\t<div class=\"elementor-element elementor-element-27868a14 elementor-nav-menu__align-justify menuTroca elementor-nav-menu--dropdown-tablet elementor-nav-menu__text-align-aside elementor-nav-menu--toggle elementor-nav-menu--burger elementor-widget elementor-widget-nav-menu\" data-id=\"27868a14\" data-element_type=\"widget\" data-e-type=\"widget\" data-settings=\"{&quot;layout&quot;:&quot;vertical&quot;,&quot;submenu_icon&quot;:{&quot;value&quot;:&quot;&lt;i class=\\&quot;fas fa-caret-down\\&quot; aria-hidden=\\&quot;true\\&quot;&gt;&lt;\\\/i&gt;&quot;,&quot;library&quot;:&quot;fa-solid&quot;},&quot;toggle&quot;:&quot;burger&quot;}\" data-widget_type=\"nav-menu.default\">\n\t\t\t\t<div class=\"elementor-widget-container\">\n\t\t\t\t\t\t\t\t<nav aria-label=\"Menu\" class=\"elementor-nav-menu--main elementor-nav-menu__container elementor-nav-menu--layout-vertical e--pointer-underline e--animation-fade\">\n\t\t\t\t<ul id=\"menu-1-27868a14\" class=\"elementor-nav-menu sm-vertical\"><li class=\"menu-item menu-item-type-custom menu-item-object-custom menu-item-23357\"><a href=\"\/site\/copel-transmissao\/\" class=\"elementor-item\">Copel Transmiss\u00e3o<\/a><\/li>\n<li class=\"menu-item menu-item-type-custom menu-item-object-custom menu-item-23405\"><a href=\"https:\/\/copel0.sharepoint.com\/:f:\/s\/documentos-site-copel\/EutTa7M4EmRKiHejMBb1TPgBolAcRtGXW9LMAfe3OlOugw?e=Ub5qP9\" class=\"elementor-item\">Certificados ISO<\/a><\/li>\n<li class=\"menu-item menu-item-type-custom menu-item-object-custom menu-item-23407\"><a href=\"https:\/\/ri.copel.com\/subsidiarias\/copel-geracao-e-transmissao-s-a\/\" class=\"elementor-item\">Demonstra\u00e7\u00f5es financeiras e cont\u00e1beis<\/a><\/li>\n<li class=\"menu-item menu-item-type-custom menu-item-object-custom menu-item-23408\"><a href=\"\/site\/institucional\/estatutos-sociais-e-regimentos-internos\/\" class=\"elementor-item\">Estatuto social<\/a><\/li>\n<li class=\"menu-item menu-item-type-custom menu-item-object-custom menu-item-23403\"><a href=\"\/site\/copel-transmissao\/faturas-copel-transmissao\/\" class=\"elementor-item\">Faturas Copel Transmiss\u00e3o<\/a><\/li>\n<li class=\"menu-item menu-item-type-custom menu-item-object-custom menu-item-23409\"><a href=\"\/site\/fornecedores-e-parceiros\/gestao-de-fornecedores-copel-geracao-transmissao\/\" class=\"elementor-item\">Gest\u00e3o de fornecedores<\/a><\/li>\n<li class=\"menu-item menu-item-type-custom menu-item-object-custom menu-item-23400\"><a href=\"\/site\/copel-transmissao\/linhas-e-subestacoes\/\" class=\"elementor-item\">Linhas e subesta\u00e7\u00f5es<\/a><\/li>\n<li class=\"menu-item menu-item-type-custom menu-item-object-custom menu-item-has-children menu-item-23401\"><a href=\"\/site\/copel-transmissao\/projetos-em-andamento\/\" class=\"elementor-item\">Projetos em andamento<\/a>\n<ul class=\"sub-menu elementor-nav-menu--dropdown\">\n\t<li class=\"menu-item menu-item-type-custom menu-item-object-custom menu-item-23402\"><a href=\"\/site\/copel-transmissao\/projetos-em-andamento\/recapacitacao-das-linhas-de-transmissao-bateias-pilarzinho-e-santa-monica-pilarzinho\/\" class=\"elementor-sub-item\">Recapacita\u00e7\u00e3o das LTs Bateias &#8211; Pilarzinho &#8211; Santa M\u00f4nica<\/a><\/li>\n<\/ul>\n<\/li>\n<li class=\"menu-item menu-item-type-custom menu-item-object-custom menu-item-23406\"><a href=\"https:\/\/ri.copel.com\/sustentabilidade\/relatorios-anuais-e-socioambientais\/\" class=\"elementor-item\">Relat\u00f3rios socioambientais<\/a><\/li>\n<li class=\"menu-item menu-item-type-custom menu-item-object-custom menu-item-23404\"><a href=\"\/site\/copel-transmissao\/contato-copel-transmissao\/\" class=\"elementor-item\">Contato<\/a><\/li>\n<li class=\"menu-item menu-item-type-post_type menu-item-object-page menu-item-27690\"><a href=\"https:\/\/www.copel.com\/site\/copel-geracao\/cadastro-ambiental-rural-car\/\" class=\"elementor-item\">Cadastro ambiental rural \u2013 CAR<\/a><\/li>\n<\/ul>\t\t\t<\/nav>\n\t\t\t\t\t<div class=\"elementor-menu-toggle\" role=\"button\" tabindex=\"0\" aria-label=\"Menu Toggle\" aria-expanded=\"false\">\n\t\t\t<i aria-hidden=\"true\" role=\"presentation\" class=\"elementor-menu-toggle__icon--open eicon-menu-bar\"><\/i><i aria-hidden=\"true\" role=\"presentation\" class=\"elementor-menu-toggle__icon--close eicon-close\"><\/i>\t\t<\/div>\n\t\t\t\t\t<nav class=\"elementor-nav-menu--dropdown elementor-nav-menu__container\" aria-hidden=\"true\">\n\t\t\t\t<ul id=\"menu-2-27868a14\" class=\"elementor-nav-menu sm-vertical\"><li class=\"menu-item menu-item-type-custom menu-item-object-custom menu-item-23357\"><a href=\"\/site\/copel-transmissao\/\" class=\"elementor-item\" tabindex=\"-1\">Copel Transmiss\u00e3o<\/a><\/li>\n<li class=\"menu-item menu-item-type-custom menu-item-object-custom menu-item-23405\"><a href=\"https:\/\/copel0.sharepoint.com\/:f:\/s\/documentos-site-copel\/EutTa7M4EmRKiHejMBb1TPgBolAcRtGXW9LMAfe3OlOugw?e=Ub5qP9\" class=\"elementor-item\" tabindex=\"-1\">Certificados ISO<\/a><\/li>\n<li class=\"menu-item menu-item-type-custom menu-item-object-custom menu-item-23407\"><a href=\"https:\/\/ri.copel.com\/subsidiarias\/copel-geracao-e-transmissao-s-a\/\" class=\"elementor-item\" tabindex=\"-1\">Demonstra\u00e7\u00f5es financeiras e cont\u00e1beis<\/a><\/li>\n<li class=\"menu-item menu-item-type-custom menu-item-object-custom menu-item-23408\"><a href=\"\/site\/institucional\/estatutos-sociais-e-regimentos-internos\/\" class=\"elementor-item\" tabindex=\"-1\">Estatuto social<\/a><\/li>\n<li class=\"menu-item menu-item-type-custom menu-item-object-custom menu-item-23403\"><a href=\"\/site\/copel-transmissao\/faturas-copel-transmissao\/\" class=\"elementor-item\" tabindex=\"-1\">Faturas Copel Transmiss\u00e3o<\/a><\/li>\n<li class=\"menu-item menu-item-type-custom menu-item-object-custom menu-item-23409\"><a href=\"\/site\/fornecedores-e-parceiros\/gestao-de-fornecedores-copel-geracao-transmissao\/\" class=\"elementor-item\" tabindex=\"-1\">Gest\u00e3o de fornecedores<\/a><\/li>\n<li class=\"menu-item menu-item-type-custom menu-item-object-custom menu-item-23400\"><a href=\"\/site\/copel-transmissao\/linhas-e-subestacoes\/\" class=\"elementor-item\" tabindex=\"-1\">Linhas e subesta\u00e7\u00f5es<\/a><\/li>\n<li class=\"menu-item menu-item-type-custom menu-item-object-custom menu-item-has-children menu-item-23401\"><a href=\"\/site\/copel-transmissao\/projetos-em-andamento\/\" class=\"elementor-item\" tabindex=\"-1\">Projetos em andamento<\/a>\n<ul class=\"sub-menu elementor-nav-menu--dropdown\">\n\t<li class=\"menu-item menu-item-type-custom menu-item-object-custom menu-item-23402\"><a href=\"\/site\/copel-transmissao\/projetos-em-andamento\/recapacitacao-das-linhas-de-transmissao-bateias-pilarzinho-e-santa-monica-pilarzinho\/\" class=\"elementor-sub-item\" tabindex=\"-1\">Recapacita\u00e7\u00e3o das LTs Bateias &#8211; Pilarzinho &#8211; Santa M\u00f4nica<\/a><\/li>\n<\/ul>\n<\/li>\n<li class=\"menu-item menu-item-type-custom menu-item-object-custom menu-item-23406\"><a href=\"https:\/\/ri.copel.com\/sustentabilidade\/relatorios-anuais-e-socioambientais\/\" class=\"elementor-item\" tabindex=\"-1\">Relat\u00f3rios socioambientais<\/a><\/li>\n<li class=\"menu-item menu-item-type-custom menu-item-object-custom menu-item-23404\"><a href=\"\/site\/copel-transmissao\/contato-copel-transmissao\/\" class=\"elementor-item\" tabindex=\"-1\">Contato<\/a><\/li>\n<li class=\"menu-item menu-item-type-post_type menu-item-object-page menu-item-27690\"><a href=\"https:\/\/www.copel.com\/site\/copel-geracao\/cadastro-ambiental-rural-car\/\" class=\"elementor-item\" tabindex=\"-1\">Cadastro ambiental rural \u2013 CAR<\/a><\/li>\n<\/ul>\t\t\t<\/nav>\n\t\t\t\t\t\t<\/div>\n\t\t\t\t<\/div>\n\t\t\t\t\t<\/div>\n\t\t<\/div>\n\t\t\t\t<div class=\"elementor-column elementor-col-66 elementor-top-column elementor-element elementor-element-21bbd924\" data-id=\"21bbd924\" data-element_type=\"column\" data-e-type=\"column\">\n\t\t\t<div class=\"elementor-widget-wrap elementor-element-populated\">\n\t\t\t\t\t\t<div class=\"elementor-element elementor-element-5c4b3095 elementor-widget elementor-widget-text-editor\" data-id=\"5c4b3095\" data-element_type=\"widget\" data-e-type=\"widget\" data-widget_type=\"text-editor.default\">\n\t\t\t\t<div class=\"elementor-widget-container\">\n\t\t\t\t\t\t\t\t\t<p>Para o neg\u00f3cio Transmiss\u00e3o de Energia, a Copel apura mensalmente o valor da Parcela Vari\u00e1vel (PV) subsidiado pelo indicador corporativo <strong>\u201cDesconto da Parcela Vari\u00e1vel (PV)\u201d<\/strong>, medido em %.<\/p><p>A PV representa o valor deduzido da Receita Anual Permitida (RAP) caso a disponibilidade das instala\u00e7\u00f5es de transmiss\u00e3o sob responsabilidade da empresa n\u00e3o tenha ocorrido de forma plena no per\u00edodo, devido a desligamentos programados ou n\u00e3o, com impacto na presta\u00e7\u00e3o dos servi\u00e7os de transmiss\u00e3o de energia.<\/p><p>O <strong>Desconto da Parcela Vari\u00e1vel<\/strong> \u00e9 inversamente proporcional \u00e0 <strong>Disponibilidade<\/strong> e reflete a qualidade da presta\u00e7\u00e3o do servi\u00e7o p\u00fablico de transmiss\u00e3o de energia. Ou seja, quanto menor for o desconto apurado no per\u00edodo, maior foi a disponibilidade e, portanto, melhor ter\u00e1 sido a qualidade da presta\u00e7\u00e3o do servi\u00e7o.<\/p>\t\t\t\t\t\t\t\t<\/div>\n\t\t\t\t<\/div>\n\t\t\t\t<div class=\"elementor-element elementor-element-1a1dfd1 elementor-widget elementor-widget-text-editor\" data-id=\"1a1dfd1\" data-element_type=\"widget\" data-e-type=\"widget\" data-widget_type=\"text-editor.default\">\n\t\t\t\t<div class=\"elementor-widget-container\">\n\t\t\t\t\t\t\t\t\t<table><tbody><tr><th>Ano<\/th><th>PV Apurada (%)<\/th><th>Disponibilidade Apurada* (%)<\/th><\/tr><tr><td>2018<\/td><td>1,16<\/td><td>99,96<\/td><\/tr><tr><td>2019<\/td><td>1,16<\/td><td>99,91<\/td><\/tr><tr><td>2020<\/td><td>1,09<\/td><td>99,99<\/td><\/tr><tr><td>2021<\/td><td>0,67<\/td><td>99,99<\/td><\/tr><\/tbody><\/table>\t\t\t\t\t\t\t\t<\/div>\n\t\t\t\t<\/div>\n\t\t\t\t<div class=\"elementor-element elementor-element-4fda3d6 elementor-widget elementor-widget-text-editor\" data-id=\"4fda3d6\" data-element_type=\"widget\" data-e-type=\"widget\" data-widget_type=\"text-editor.default\">\n\t\t\t\t<div class=\"elementor-widget-container\">\n\t\t\t\t\t\t\t\t\t<p>PV &#8211; Percentual de desconto do pagamento da base RAP<br \/>* Disponibilidade anual dos transformadores de rede b\u00e1sica<\/p>\t\t\t\t\t\t\t\t<\/div>\n\t\t\t\t<\/div>\n\t\t\t\t\t<\/div>\n\t\t<\/div>\n\t\t\t\t\t<\/div>\n\t\t<\/section>\n\t\t\t\t<\/div>\n\t\t","protected":false},"excerpt":{"rendered":"<p>Otimizar os \u00edndices de disponibilidade e confiabilidade Para o neg\u00f3cio Transmiss\u00e3o de Energia, a Copel apura mensalmente o valor da Parcela Vari\u00e1vel (PV) subsidiado pelo indicador corporativo \u201cDesconto da Parcela Vari\u00e1vel (PV)\u201d, medido em %. A PV representa o valor deduzido da Receita Anual Permitida (RAP) caso a disponibilidade das instala\u00e7\u00f5es de transmiss\u00e3o sob responsabilidade [&hellip;]<\/p>\n","protected":false},"author":6,"featured_media":0,"parent":23318,"menu_order":0,"comment_status":"closed","ping_status":"closed","template":"elementor_header_footer","meta":{"_acf_changed":false,"footnotes":""},"categories":[],"tags":[],"wf_page_folders":[504],"class_list":["post-26933","page","type-page","status-publish","hentry"],"acf":[],"aioseo_notices":[],"_links":{"self":[{"href":"https:\/\/www.copel.com\/site\/wp-json\/wp\/v2\/pages\/26933","targetHints":{"allow":["GET"]}}],"collection":[{"href":"https:\/\/www.copel.com\/site\/wp-json\/wp\/v2\/pages"}],"about":[{"href":"https:\/\/www.copel.com\/site\/wp-json\/wp\/v2\/types\/page"}],"author":[{"embeddable":true,"href":"https:\/\/www.copel.com\/site\/wp-json\/wp\/v2\/users\/6"}],"replies":[{"embeddable":true,"href":"https:\/\/www.copel.com\/site\/wp-json\/wp\/v2\/comments?post=26933"}],"version-history":[{"count":0,"href":"https:\/\/www.copel.com\/site\/wp-json\/wp\/v2\/pages\/26933\/revisions"}],"up":[{"embeddable":true,"href":"https:\/\/www.copel.com\/site\/wp-json\/wp\/v2\/pages\/23318"}],"wp:attachment":[{"href":"https:\/\/www.copel.com\/site\/wp-json\/wp\/v2\/media?parent=26933"}],"wp:term":[{"taxonomy":"category","embeddable":true,"href":"https:\/\/www.copel.com\/site\/wp-json\/wp\/v2\/categories?post=26933"},{"taxonomy":"post_tag","embeddable":true,"href":"https:\/\/www.copel.com\/site\/wp-json\/wp\/v2\/tags?post=26933"},{"taxonomy":"wf_page_folders","embeddable":true,"href":"https:\/\/www.copel.com\/site\/wp-json\/wp\/v2\/wf_page_folders?post=26933"}],"curies":[{"name":"wp","href":"https:\/\/api.w.org\/{rel}","templated":true}]}}