{"id":2586,"date":"2020-02-18T11:50:14","date_gmt":"2020-02-18T14:50:14","guid":{"rendered":"http:\/\/webhpcprd\/hpcweb\/?page_id=2586"},"modified":"2025-08-25T10:22:17","modified_gmt":"2025-08-25T13:22:17","slug":"espacoenergia","status":"publish","type":"page","link":"https:\/\/www.copel.com\/site\/educacao\/espacoenergia\/","title":{"rendered":"Espa\u00e7o Energia"},"content":{"rendered":"\t\t<div data-elementor-type=\"wp-page\" data-elementor-id=\"2586\" class=\"elementor elementor-2586\" data-elementor-post-type=\"page\">\n\t\t\t\t\t\t<section class=\"elementor-section elementor-top-section elementor-element elementor-element-4bdaa88 elementor-section-boxed elementor-section-height-default elementor-section-height-default\" data-id=\"4bdaa88\" data-element_type=\"section\" data-e-type=\"section\">\n\t\t\t\t\t\t<div class=\"elementor-container elementor-column-gap-default\">\n\t\t\t\t\t<div class=\"elementor-column elementor-col-100 elementor-top-column elementor-element elementor-element-1d3734d\" data-id=\"1d3734d\" data-element_type=\"column\" data-e-type=\"column\">\n\t\t\t<div class=\"elementor-widget-wrap elementor-element-populated\">\n\t\t\t\t\t\t<div class=\"elementor-element elementor-element-cfa2903 elementor-widget elementor-widget-html\" data-id=\"cfa2903\" data-element_type=\"widget\" data-e-type=\"widget\" data-widget_type=\"html.default\">\n\t\t\t\t<div class=\"elementor-widget-container\">\n\t\t\t\t\t<html xmlns=\"http:\/\/www.w3.org\/1999\/xhtml\">\r\n<head>\r\n<meta http-equiv=\"Content-Type\" content=\"text\/html; charset=utf-8\" \/>\r\n<title>Espa\u00e7o Energia - Museu Copel<\/title>\r\n<link href=\"https:\/\/fonts.googleapis.com\/css?family=Cambay\" rel=\"stylesheet\">\r\n\r\n<link rel=\"stylesheet\" href=\"https:\/\/cdnjs.cloudflare.com\/ajax\/libs\/font-awesome\/4.7.0\/css\/font-awesome.min.css\">\r\n\r\n<!-- Global site tag (gtag.js) - Google Analytics -->\r\n<script async src=\"https:\/\/www.googletagmanager.com\/gtag\/js?id=UA-2867188-3!\"><\/script>\r\n<script>\r\n\twindow.dataLayer = window.dataLayer || [];\r\nfunction gtag(){dataLayer.push(arguments);}\r\ngtag('js', new Date());\r\ngtag('config', 'UA-2867188-3');\r\n<\/script>\r\n\r\n<script src=\"https:\/\/ajax.googleapis.com\/ajax\/libs\/jquery\/3.3.1\/jquery.min.js\"><\/script>\r\n\r\n<script>\r\n\r\n$(document).ready(function (){\r\n    \r\n    \/\/PAGE SCROLL\r\n    $(function() {\r\n     \/\/ Generic selector to be used anywhere\r\n        $(\"nav a\").click(function(e) {\r\n        \r\n            \/\/ Get the href dynamically\r\n            var destination = $(this).attr('href');\r\n            \r\n            \/\/ Prevent href=\u201c#\u201d link from changing the URL hash (optional)          \r\n            e.preventDefault();         \r\n            \r\n            \/\/ Prevent errors when the link has no # in URL\r\n            if(destination != 0){\r\n                \/\/ Animate scroll to destination\r\n                $('html, body').animate({\r\n                 scrollTop: $(destination).offset().top+1\r\n                }, 500);\r\n            }\r\n        });\r\n    });\r\n    \r\n    \/\/PARALLAX FX   \r\n    $('div.trajetoria, #banner').each(function(){\r\n        var $obj = $(this);\r\n        $(window).scroll(function() {\r\n            \r\n            var yPos = -($(window).scrollTop() \/ $obj.data('speed'));   \r\n            var bgpos = 'center top '+ yPos + 'px';\r\n            \r\n            $obj.css('background-position', bgpos );            \r\n    \r\n        }); \r\n    }); \r\n    \r\n    $('header .icon').click(function(e){\r\n        var x = document.getElementById(\"topNav\");\r\n        if (x.className === \"\") {\r\n            x.className += \" responsive\";\r\n        } else {\r\n            x.className = \"\";\r\n        }\r\n    }); \r\n    \r\n});\r\n\r\nfunction validaForm(f) {\r\n\tvar nome = f.txe_nome;\r\n\tif (nome.value.toUpperCase()=='NOME') {\r\n\t\talert(\"O nome deve ser informado\");\r\n\t\tnome.focus();\r\n\t\treturn false;\r\n\t}\r\n\r\n\tvar campoEmail = f.txe_email;\r\n\tif (campoEmail.value.toUpperCase()=='E-MAIL') {\r\n\t\talert(\"O seu e-mail deve ser informado\");\r\n\t\tcampoEmail.focus();\r\n\t\treturn false;\r\n\t}\r\n\r\n\tif (!IsEmail(campoEmail.value)) {\r\n\t\talert(\"E-mail inv\u00e1lido\");\r\n\t\tcampoEmail.focus();\r\n\t\treturn false;\r\n\t}\r\n\r\n\tvar assunto= f.txe_assunto;\r\n\tif (assunto.value.toUpperCase()=='ASSUNTO') {\r\n\t\talert(\"O assunto deve ser informado\");\r\n\t\tassunto.focus();\r\n\t\treturn false;\r\n\t} \r\n\r\n\tvar msg= f.rte_Mensagem;\r\n\tif (msg.value.toUpperCase()=='MENSAGEM') {\r\n\t\talert(\"A mensagem deve ser informada\");\r\n\t\tmsg.focus();\r\n\t\treturn false;\r\n\t}   \r\n}\r\n\r\n\r\n<\/script>\r\n\r\n<\/head>\r\n\r\n<body>\r\n\r\n    <header>\r\n    \r\n        <div class=\"row\">\r\n        \r\n            <div class=\"one\">&nbsp;<\/div><!--closing column 1-->\r\n\r\n            <div class=\"ten\">\r\n                <nav>   \r\n                    <div id=\"logo\"><img decoding=\"async\" src=\"https:\/\/www.copel.com\/site\/wp-content\/uploads\/2022\/11\/logo-espaco-energia.png\" title=\"Logo Espa\u00e7o Energia\" alt=\"Logo Espa\u00e7o Energia\" \/><\/div>                                    \r\n                    <div class=\"icon-hamburguer\"><a href=\"#\" class=\"icon\"><i class=\"fa fa-bars\"><\/i><\/a><\/div>                                                                  \r\n                    <ul id=\"topNav\">\r\n                        <li><a id=\"menu-museu\" href=\"#museu\">O Museu<\/a><\/li>\r\n                        <li><a id=\"menu-conheca\" href=\"#conheca\">Conhe\u00e7a<\/a><\/li>\r\n                        <li><a id=\"menu-trajetoria\" href=\"#trajetoria\">Nossa trajet\u00f3ria<\/a><\/li>\r\n\t\t\t\t<li><a id=\"menu-materiais\" href=\"#materiais\">Materiais Informativos<\/a><\/li>\r\n                        <li><a id=\"menu-agende\" href=\"#agende\">Agende uma visita<\/a><\/li>\r\n                        <li><a id=\"menu-contato\" href=\"#onde\">Onde estamos<\/a><\/li>\r\n                    <\/ul>                       \r\n                <\/nav>\r\n            <\/div><!--closing column 10-->\r\n            \r\n            <div class=\"one\">&nbsp;<\/div><!--closing column 1-->        \r\n                \r\n        <\/div>\r\n        \r\n    <\/header> \r\n\r\n\r\n<div class=\"row\" style=\"background:#e6e9fa; border-bottom:10px solid #fff; margin:0 0;\">\r\n\r\n\t\t<div id=\"banner-2\" style=\"width:100%\"><a href=\"https:\/\/tourvirtual360.com.br\/espacoenergia\/\" style=\"display:block; text-align:center\"><img decoding=\"async\" src=\"https:\/\/www.copel.com\/site\/wp-content\/uploads\/2022\/11\/banner-tour-virtual-1.png\"  style=\"width:100%; max-width:1200px;\"\/><\/a><\/div>\r\n\t<!--\t<div id=\"banner-2\" style=\"width:100%\"><a href=\"https:\/\/forms.office.com\/pages\/responsepage.aspx?id=jhVgm1XUgE6qfBfNn_zmurLOZR2tXD1NuxVxNtpO4AxUMDdUSDJXQ1YzSTFCVThMWVRWMEhBTTc0Wi4u\" style=\"display:block; text-align:center\"><img decoding=\"async\" src=\"https:\/\/www.copel.com\/site\/wp-content\/uploads\/2023\/12\/banner_natal.jpg\"  style=\"width:100%; max-width:1200px;\"\/><\/a><\/div>\t-->\t\t\r\n\t<\/div> \r\n\r\n<!--\r\n    <div class=\"row\">\r\n        <div id=\"banner\" data-speed=\"2\" title=\"Foto do museu Espa\u00e7o Energia\" style=\"cursor:pointer; cursor:hand;\"><\/div>\r\n    <\/div>-->\r\n\r\n    \r\n    <section id=\"museu\">\r\n    \r\n        <div class=\"row conheca-1\">\r\n    \r\n            <div class=\"six\">           \r\n                <article>\r\n                    <h1>Espa\u00e7o Energia - Museu Copel: Uma viagem pelo mundo da energia<\/h1>               \r\n                    <p class=\"spotlight\">O que \u00e9 energia? Como ela \u00e9 produzida e transmitida? Como a energia pode contribuir para o desenvolvimento sustent\u00e1vel? Energia e arte \u2013 como elas se encontram?<\/p>\r\n                    <p>Poucos universos s\u00e3o t\u00e3o fascinantes quanto o da energia. E poucos evoluem de forma t\u00e3o r\u00e1pida e inovadora. Para ajudar a compreender melhor a mat\u00e9ria-prima da Copel, criamos o Espa\u00e7o Energia - Museu Copel. <\/p>\r\n                    <p>Engana-se, por\u00e9m, quem pensa que ele \u00e9 \"apenas mais um museu\": no imponente casar\u00e3o da rua Desembargador Motta, em Curitiba, criado no s\u00e9culo 19 e inteiramente reformado em 2018, o visitante tem uma experi\u00eancia rica e interativa com o mundo da energia - de suas aplica\u00e7\u00f5es ao uso sustent\u00e1vel; do passado ao futuro; da luz \u00e0 arte.<\/p>\r\n                <\/article>\r\n            <\/div><!--closing column 6-->\r\n    \r\n            <div class=\"six bg-foto\" style=\"background-image:url(https:\/\/www.copel.com\/site\/wp-content\/uploads\/2022\/11\/foto-1.jpg);\" title=\"Modelo de casa dos anos 50\/60\">&nbsp;<\/div><!--closing column 6-->\r\n    \r\n        <\/div><!--closing row 3-->\r\n    \r\n    \r\n        <div class=\"row conheca-2\">\r\n    \r\n            <div id=\"conheca\" class=\"six order-2\">\r\n                <article>                   \r\n                  <h1>Conhe\u00e7a o Espa\u00e7o Energia<\/h1>\r\n\t\t\t<p>As a\u00e7\u00f5es educativas e culturais pensadas e implementadas no Espa\u00e7o Energia s\u00e3o fundamentais para atingir sua miss\u00e3o: disseminar conhecimento sobre a Hist\u00f3ria da Energia e seus principais marcos, a import\u00e2ncia da energia no desenvolvimento das sociedades, bem como seu uso consciente, seguro e eficiente no dia a dia, com destaque para a import\u00e2ncia dos Objetivos do Desenvolvimento Sustent\u00e1vel (ODS).<\/p>\r\n\t\t\t<p>O Espa\u00e7o Energia possui uma sala de exposi\u00e7\u00e3o permanente, que conta a hist\u00f3ria do engenheiro Pedro Viriato Parigot de Souza, que foi governador do estado e presidente da Copel no final dos anos 60. Possui, tamb\u00e9m, um espa\u00e7o para exposi\u00e7\u00f5es tempor\u00e1rias: nossa \u00faltima exposi\u00e7\u00e3o, a obra \"Po\u00e9tica da Luz\", da artista Maristela Ono, explorou a rela\u00e7\u00e3o entre luz e cor. Em breve teremos a nova exposi\u00e7\u00e3o \"Tom da Luz\", com o artista Oswaldo Fontoura Dias, que ir\u00e1 oferecer muita experi\u00eancia interativa com o visitante.<\/p>\r\n\t\t\t<p>Possui, ainda, a Sala Antiga, cheia de hist\u00f3rias e curiosidades, a Sala Moderna, com tecnologia de ponta e inova\u00e7\u00f5es, a Sala Multiuso com apresenta\u00e7\u00e3o de v\u00eddeos e o Corredor da Sustentabilidade com os ODS e jogos. Do lado de fora, o P\u00e1tio das Energias tem diversos equipamentos com suas hist\u00f3rias e, ainda, experimentos f\u00edsicos para os visitantes.<\/p>\r\n\t\t\t<p>Ficou curioso? Conhe\u00e7a mais sobre o Espa\u00e7o Energia clicando na aba de <a href=\"https:\/\/www.copel.com\/hpcopel\/root\/stemplate.jsp?endereco=%2Fhpcopel%2Froot%2Fpagcopel2.nsf%2Fverdocatual%2F15D59C88DBD4722C832583FB00633678#materiais\" target=\"_blank\"><b>Materiais Informativos<\/b><\/a>: ali voc\u00ea ver\u00e1 em detalhes nosso espa\u00e7o, nossos projetos, o papel deste museu, al\u00e9m das atividades culturais que promovemos e tecnologias que utilizamos.<\/p>                   \r\n                                     \r\n                <\/article>\r\n            <\/div><!--closing column 6-->\r\n            \r\n            \r\n            <div class=\"six bg-foto\" style=\"background-image:url(https:\/\/www.copel.com\/site\/wp-content\/uploads\/2022\/11\/banner-principal.png);\" title=\"Foto da fachada do museu Espa\u00e7o Energia\">&nbsp;<\/div><!--closing column 6-->          \r\n        \r\n        <\/div><!--closing row 4-->\r\n        \r\n    <\/section>\r\n    \r\n    <section id=\"trajetoria\" class=\"trajetoria\" data-speed=\"5\">\r\n        \r\n        <div class=\"row\">\r\n    \r\n            <div class=\"twelve\">            \r\n                <h1>Espa\u00e7o Energia na Linha do Tempo<\/h1>               \r\n            <\/div><!--closing column 6-->\r\n    \r\n        <\/div><!--closing row 3-->\r\n        \r\n        \r\n        <div class=\"row even\">  \r\n            <div class=\"six\">\r\n                <h1>1975<\/h1>                   \r\n            <\/div><!--closing column 6-->   \r\n            <div class=\"six\">\r\n                <p>Com a incorpora\u00e7\u00e3o, pela Copel, de uma s\u00e9rie de pequenas concession\u00e1rias de eletricidade no Estado, um enorme material historiogr\u00e1fico sobre a aplica\u00e7\u00e3o da energia no Paran\u00e1 e no mundo \u00e9 reunido.<\/p> \r\n            <\/div><!--closing column 6-->       \r\n        <\/div><!--closing row -->\r\n        \r\n        <div class=\"row odd\">   \r\n            <div class=\"six order-2\">\r\n                <h1>1984<\/h1>                   \r\n            <\/div><!--closing column 6-->   \r\n            <div class=\"six\">\r\n                <p>No ano em que a Copel completa 30 anos, o Museu da Energia \u00e9 inaugurado.<\/p>\r\n            <\/div><!--closing column 6-->       \r\n        <\/div><!--closing row -->\r\n        \r\n        <div class=\"row even\">  \r\n            <div class=\"six\">\r\n                <h1>1994<\/h1>                   \r\n            <\/div><!--closing column 6-->   \r\n            <div class=\"six\">\r\n                <p>O Museu da Energia \u00e9 transferido para o bairro do Atuba, que ainda conserva boa parte do acervo documental da Copel.<\/p>\r\n            <\/div><!--closing column 6-->       \r\n        <\/div><!--closing row -->\r\n        \r\n        \r\n        <div class=\"row odd\">   \r\n            <div class=\"six order-2\">\r\n                <h1>1997<\/h1>                   \r\n            <\/div><!--closing column 6-->   \r\n            <div class=\"six\">\r\n                <p>Inaugurada a sede atual, um im\u00f3vel do final do s\u00e9culo 19, na rua Desembargador Motta, centro de Curitiba. Este im\u00f3vel foi adquirido pela Copel em 1958.<\/p>\r\n            <\/div><!--closing column 6-->       \r\n        <\/div><!--closing row -->\r\n        \r\n        <div class=\"row even\">  \r\n            <div class=\"six\">\r\n                <h1>2016<\/h1>                   \r\n            <\/div><!--closing column 6-->   \r\n            <div class=\"six\">\r\n                <p>Tem in\u00edcio a reforma do im\u00f3vel, que se confunde com a hist\u00f3ria da Copel e de Curitiba.<\/p>\r\n            <\/div><!--closing column 6-->       \r\n        <\/div><!--closing row -->\r\n            \r\n        <div class=\"row odd\">   \r\n            <div class=\"six order-2\">\r\n                <h1>2018<\/h1>                   \r\n            <\/div><!--closing column 6-->   \r\n            <div class=\"six\">\r\n                <p>Dois anos depois de iniciada, a reforma chega ao fim. O Museu da Energia \u00e9 reinaugurado, agora como Espa\u00e7o Energia \u2013 Museu Copel. Um espa\u00e7o inovador, centro fomentador de cultura e conhecimento, que pretende trazer uma luz sobre o nosso amanh\u00e3.<\/p>\r\n            <\/div><!--closing column 6-->       \r\n        <\/div><!--closing row -->\r\n            \r\n    <\/section>\r\n   \r\n\r\n\r\n<section id=\"materiais\" class=\"agende\">\r\n        \r\n        <div class=\"row\">\r\n            <div class=\"twelve\">\r\n                <h1>Materiais Informativos<\/h1>\r\n\t\t\t<div class=\"box\">\r\n\t\t\t\t<p>\r\n\t\t\t\t\t<a href=\"https:\/\/copel0.sharepoint.com\/:b:\/s\/documentos-site-copel\/Eax-H8lXVhBEn2tpq1Caq6YBpVLDwjRzGTG8WLb19GyH_A?e=tm4AjV\">Apresenta\u00e7\u00e3o do Espa\u00e7o Energia<\/a><br \/>\r\n\t\t\t\t\t<a href=\"https:\/\/copel0.sharepoint.com\/:b:\/s\/documentos-site-copel\/EaOUkgVYVmNEj-qJqssy_oIBgVFFHh7L126jZX11z30sdw?e=DVzusd\">Cartilha ONU objetivos para a vida que queremos<\/a><br \/>\r\n\t\t\t\t\t<a href=\"https:\/\/copel0.sharepoint.com\/:b:\/s\/documentos-site-copel\/Ef6xpTIBTitEtbejUpGkj6sBBsbPeSo6iWUM7_8hd3UERA?e=3f73aM\">Cartilha energia el\u00e9trica e voc\u00ea<\/a>\r\n\t\t\t\t<\/p>\r\n\t\t\t<\/div>\r\n            <\/div>\r\n        <\/div>        \r\n        \t\r\n    <\/section>\r\n    \r\n    \r\n\r\n    \r\n    <section id=\"agende\" class=\"agende\">\r\n        \r\n        <div class=\"row\">\r\n            <div class=\"twelve\">\r\n                <h1>Visite o Espa\u00e7o Energia<\/h1>\r\n                <div class=\"box\">\r\n                    <h4 style=\"color:red\">Espa\u00e7o energia temporariamente fechado para visitas.<\/h4>\r\n                    <p>\r\n                     <!--Todas as visitas ao Espa\u00e7o Energia Copel s\u00e3o mediadas por educadores em hor\u00e1rios fixos. <br \/>\r\n                    Ele abre de ter\u00e7a a sexta, das 9h \u00e0s 12h e das 14h \u00e0s 17h. A visita \u00e9 gratuita, mediante agendamento pr\u00e9vio.-->\r\n                    <\/p>\r\n                <\/div>\r\n            \r\n        <\/div>\r\n       \r\n<!--       <div class=\"six\">\r\n            <div class=\"box escola\">\r\n                <h2>Visitas de escolas<\/h2>\r\n                \r\n                <p>O Espa\u00e7o Copel recebe <strong>turmas de at\u00e9 25 alunos.<\/strong> Todos devem estar uniformizados e acompanhados de um professor, que ajuda a coordenar a atividade.<\/p>\r\n                <p><strong>N\u00e3o fornecemos lanche e transporte.<\/strong><\/p>\r\n                <p class=\"box\">\r\n                   As visitas t\u00eam in\u00edcio em dois hor\u00e1rios:<br \/><strong class=\"horarios\"> \u00e0s 9 e \u00e0s 14 horas<\/strong>\r\n                <\/p>\r\n                <p>Os principais temas abordados na visita s\u00e3o: uso eficiente e seguro da energia el\u00e9trica, fontes de energia, o caminho da energia, desenvolvimento sustent\u00e1vel, a energia no dia a dia e a hist\u00f3ria da eletricidade. O Espa\u00e7o apresenta tamb\u00e9m uma exposi\u00e7\u00e3o tempor\u00e1ria de artes visuais e uma exposi\u00e7\u00e3o permanente do ilustre personagem da hist\u00f3ria da Copel e do Paran\u00e1, Pedro Viriato Parigot de Souza.<\/p>\r\n\t\t    <p><a href=\"\">Baixar o termo de autoriza\u00e7\u00e3o de uso de imagem<\/a><\/p>\r\n\r\n\t\t<a href=\"https:\/\/www.copel.com\/amcweb\/publico\/agendamentoEdicaoGrupoEscolar.jsf\" class=\"button\">Agende uma visita<\/a>    \r\n\t\r\n            <\/div>\r\n           \r\n        <\/div>\r\n        \r\n        \r\n        <div class=\"six \">\r\n            <div class=\"box geral\">\r\n                <h2>Visitas p\u00fablico em geral<\/h2>\r\n              \r\n                <p>Indicada para o p\u00fablico n\u00e3o-escolar, mediante agendamento, em <strong>turmas de at\u00e9 10 visitantes.<\/strong><\/p>\r\n                <p><strong>N\u00e3o fornecemos lanche e transporte.<\/strong><\/p>\r\n                <p class=\"box\">As visitas t\u00eam in\u00edcio em dois hor\u00e1rios:<br \/><strong class=\"horarios\">\u00e0s 11 e \u00e0s 16 horas.<\/strong><\/p>\r\n                <p>Os principais temas abordados na visita s\u00e3o: uso eficiente e seguro da energia el\u00e9trica, fontes de energia, o caminho da energia, desenvolvimento sustent\u00e1vel, a energia no dia a dia e a hist\u00f3ria da eletricidade. O Espa\u00e7o apresenta tamb\u00e9m uma exposi\u00e7\u00e3o tempor\u00e1ria de artes visuais e uma exposi\u00e7\u00e3o permanente do ilustre personagem da hist\u00f3ria da Copel e do Paran\u00e1, Pedro Viriato Parigot de Souza.<\/p>\r\n\t\t    <p><a href=\"http:\/\/webprd.copel.nt\/amcweb\/paginas\/termoAutorizacao.jsf#\">Baixar o termo de autoriza\u00e7\u00e3o de uso de imagem<\/a><\/p>\r\n\r\n\t\t\t<a href=\"https:\/\/www.copel.com\/amcweb\/publico\/agendamentoEdicaoPessoa.jsf\" class=\"button\">Agende uma visita<\/a>   \r\n\t\t\t\r\n\t\t\r\n            <\/div>\r\n\r\n        <\/div>\r\n -->       \r\n        \t\r\n    <\/section>\r\n    \r\n    \r\n    <section id=\"onde\" class=\"contato\">\r\n\t<div class=\"row\">\r\n\t\t<div class=\"twelve\">\r\n\t\t\t<h1>Onde estamos<\/h1>\r\n\t\t<\/div>\r\n\t<\/div>\r\n\t<div class=\"row\">\r\n\t\t<div class=\"six order-2\">\r\n\t\t\t<form class=\"form\" action=\"inicialContatoMuseuEnviar.jsp\" name=\"contato\" method=\"post\" onSubmit=\"return validaForm(this)\">\r\n\t\t\t\t<input type=\"hidden\" name=\"secao\" size=\"20\" value=\"educacao\">\r\n\t\t\t\t<input type=\"hidden\" name=\"txe_ASecao\" size=\"20\" value=\"Educa\u00e7\u00e3o\">\r\n\t\t\t\t<input type=\"hidden\" name=\"txe_Categoria\" size=\"20\" value=\"A Copel\">\r\n\t\t\t\t<p><input id=\"nome\" name=\"txe_nome\" placeholder=\"Nome\" type=\"text\" width=\"100%\" required \/><\/p>\r\n\t\t\t\t<p><input id=\"email\" name=\"txe_email\" placeholder=\"E-mail\" type=\"text\" required \/><\/p>\r\n\t\t\t\t<p><input id=\"subject\" name=\"txe_assunto\" placeholder=\"Assunto\" type=\"text\" required \/><\/p>\r\n\t\t\t\t<p><textarea id=\"message\" name=\"rte_Mensagem\" placeholder=\"Mensagem\" required><\/textarea><\/p>\r\n\t\t\t\t<p><img decoding=\"async\" id=\"CaptchaImgID\" src=\"..\/Kaptcha.jpg\" \/><a href=\"javascript:reloadCaptcha()\">Atualizar imagem<\/a><\/p>\r\n\t\t\t\t<p><input type=\"text\" name=\"CaptchaID\" id=\"CaptchaID\" size=\"30\" placeholder=\"Digite os caracteres da figura\" required \/><\/p>\r\n\t\t\t\t<p><button id=\"send\" type=\"submit\">Enviar<\/button><\/p>\r\n\t\t\t<\/form>\r\n\t\t<\/div>\r\n\t\t<div class=\"six\" style=\"display:block;\">\r\n\t\t\t<p style=\"padding:0 20px\">\r\n\t\t\t\tRua Desembargador Motta, 2347, Centro, Curitiba - PR, CEP 80420-162<br \/>\r\n\t\t\t\tTelefones: (41) 3331-2218 \/ 3331-4412<br \/>\r\n\t\t\t\tE-mail: <a href=\"mailto:espacoenergia.museucopel@copel.com\">espacoenergia.museucopel@copel.com<\/a><br \/>\r\n\t\t\t\tInstagram: <a href=\"https:\/\/www.instagram.com\/espacoenergiacopel\" target=\"_blank\">@espacoenergiacopel<\/a>\r\n\t\t\t<\/p>\r\n\t\t\t<div class=\"map\" style=\"clear:both\">\r\n<iframe src=\"https:\/\/www.google.com\/maps\/embed?pb=!1m14!1m8!1m3!1d14412.404030183656!2d-49.2833389!3d-25.4348864!3m2!1i1024!2i768!4f13.1!3m3!1m2!1s0x0%3A0xc70af71870b58fc5!2sEspa%C3%A7o+Energia+-+Museu+Copel!5e0!3m2!1spt-BR!2sbr!4v1550256244128\" width=\"100%\" height=\"300px\" frameborder=\"0\" style=\"border:0\" allowfullscreen><\/iframe>\r\n\t\t\t<\/div>\r\n\t\t<\/div>\r\n\t<\/div> \r\n        \r\n    <\/section>\r\n            \r\n\r\n<\/body>\r\n<\/html>\t\t\t\t<\/div>\n\t\t\t\t<\/div>\n\t\t\t\t<div class=\"elementor-element elementor-element-de47263 elementor-widget elementor-widget-html\" data-id=\"de47263\" data-element_type=\"widget\" data-e-type=\"widget\" data-widget_type=\"html.default\">\n\t\t\t\t<div class=\"elementor-widget-container\">\n\t\t\t\t\t<style>\n    \/* Setting up our grid *\/\n.container {\n\twidth: 100%; \/*Set the width of the entire website here *\/\n\tmargin-right: auto;\n\tmargin-left: auto; \/* Margin-left and right are set to auto to center the container *\/\n}\n.seven:first-child,.eight:first-child, .nine:first-child, .ten:first-child,.eleven:first-child,.five:first-child, .four:first-child, .three:first-child, .two:first-child, .one:first-child, .six:first-child { \n\tmargin-left: 0; \/* This line of code makes the left-most column align to the left of the screen *\/\n}\n\n.twelve {\n\twidth: 100%;\n\tfloat: left;\n\t\/*margin-left: 2%;*\/\n}\n\n.eleven {\n\twidth: 93.5%;\n\tfloat: left;\n\t\/*margin-left: 2%;*\/\n}\n.ten {\n\twidth: 85%;\n\tfloat: left;\n\t\/*margin-left: 2%;*\/\n}\n.nine {\n\twidth: 76.5%;\n\tfloat: left;\n\t\/*margin-left: 2%;*\/\n}\n.eight {\n\twidth: 68%;\n\tfloat: left;\n\t\/*margin-left: 2%;*\/\n}\n.seven {\n\twidth: 59.5%;\n\tfloat: left;\n\t\/*margin-left: 2%;*\/\n}\n.six {\n\twidth: 50%; \/* This div spans six columns (the entire row)*\/\n\tfloat: left;\n\t\/*margin-left: 2%;*\/\n}\n.five {\n\twidth: 42.5%; \/* This div spans five columns *\/\n\t\/*margin-left: 2%;*\/\n\tfloat:left;\n}\n.four {\n\twidth: 34%;\n\tfloat:left;\n\t\/*margin-left: 2%;*\/\n}\n.three {\n\twidth: 25.5%;\n\tfloat:left;\n\t\/*margin-left: 2%;*\/\n}\n.two {\n\twidth: 17%;\n\tfloat:left;\n\t\/*margin-left: 2%;*\/\n\n}\n.one {\n\twidth: 8.5%;\n\tfloat:left;\n\t\/*margin-left: 2%;*\/\n}\n\n.row {\n\twidth: 100%;\n\tclear: both; \/* Clear creates new styles for the next row *\/\n\tpadding: 0px;\n\tmargin: 0px;\n\t\n\tdisplay: -ms-flex; \n\tdisplay: -webkit-flex; \n\tdisplay: flex;\n\tflex-wrap: wrap;\n}\n\n<\/style>\t\t\t\t<\/div>\n\t\t\t\t<\/div>\n\t\t\t\t<div class=\"elementor-element elementor-element-7db5225 elementor-widget elementor-widget-html\" data-id=\"7db5225\" data-element_type=\"widget\" data-e-type=\"widget\" data-widget_type=\"html.default\">\n\t\t\t\t<div class=\"elementor-widget-container\">\n\t\t\t\t\t<style>\n    .elementor-section.elementor-section-boxed > .elementor-container,\n    .elementor-section.elementor-section-boxed>.elementor-container {max-width:100%!important}\n    .elementor-column-gap-default>.elementor-row>.elementor-column>.elementor-element-populated {padding: 0;}\n    .chaty-widget.desktop_active {display:none!important;}\n\n<\/style>\t\t\t\t<\/div>\n\t\t\t\t<\/div>\n\t\t\t\t\t<\/div>\n\t\t<\/div>\n\t\t\t\t\t<\/div>\n\t\t<\/section>\n\t\t\t\t<\/div>\n\t\t","protected":false},"excerpt":{"rendered":"<p>Espa\u00e7o Energia &#8211; Museu Copel &nbsp; O Museu Conhe\u00e7a Nossa trajet\u00f3ria Materiais Informativos Agende uma visita Onde estamos &nbsp; Espa\u00e7o Energia &#8211; Museu Copel: Uma viagem pelo mundo da energia O que \u00e9 energia? Como ela \u00e9 produzida e transmitida? Como a energia pode contribuir para o desenvolvimento sustent\u00e1vel? Energia e arte \u2013 como elas [&hellip;]<\/p>\n","protected":false},"author":6,"featured_media":0,"parent":2549,"menu_order":0,"comment_status":"closed","ping_status":"closed","template":"elementor_canvas","meta":{"_acf_changed":false,"footnotes":""},"categories":[],"tags":[],"wf_page_folders":[506],"class_list":["post-2586","page","type-page","status-publish","hentry"],"acf":[],"aioseo_notices":[],"_links":{"self":[{"href":"https:\/\/www.copel.com\/site\/wp-json\/wp\/v2\/pages\/2586","targetHints":{"allow":["GET"]}}],"collection":[{"href":"https:\/\/www.copel.com\/site\/wp-json\/wp\/v2\/pages"}],"about":[{"href":"https:\/\/www.copel.com\/site\/wp-json\/wp\/v2\/types\/page"}],"author":[{"embeddable":true,"href":"https:\/\/www.copel.com\/site\/wp-json\/wp\/v2\/users\/6"}],"replies":[{"embeddable":true,"href":"https:\/\/www.copel.com\/site\/wp-json\/wp\/v2\/comments?post=2586"}],"version-history":[{"count":48,"href":"https:\/\/www.copel.com\/site\/wp-json\/wp\/v2\/pages\/2586\/revisions"}],"predecessor-version":[{"id":48059,"href":"https:\/\/www.copel.com\/site\/wp-json\/wp\/v2\/pages\/2586\/revisions\/48059"}],"up":[{"embeddable":true,"href":"https:\/\/www.copel.com\/site\/wp-json\/wp\/v2\/pages\/2549"}],"wp:attachment":[{"href":"https:\/\/www.copel.com\/site\/wp-json\/wp\/v2\/media?parent=2586"}],"wp:term":[{"taxonomy":"category","embeddable":true,"href":"https:\/\/www.copel.com\/site\/wp-json\/wp\/v2\/categories?post=2586"},{"taxonomy":"post_tag","embeddable":true,"href":"https:\/\/www.copel.com\/site\/wp-json\/wp\/v2\/tags?post=2586"},{"taxonomy":"wf_page_folders","embeddable":true,"href":"https:\/\/www.copel.com\/site\/wp-json\/wp\/v2\/wf_page_folders?post=2586"}],"curies":[{"name":"wp","href":"https:\/\/api.w.org\/{rel}","templated":true}]}}