{"id":2557,"date":"2020-02-18T10:09:23","date_gmt":"2020-02-18T13:09:23","guid":{"rendered":"http:\/\/webhpcprd\/hpcweb\/?page_id=2557"},"modified":"2022-03-09T14:58:35","modified_gmt":"2022-03-09T17:58:35","slug":"gerador-eletrico","status":"publish","type":"page","link":"https:\/\/www.copel.com\/site\/educacao\/gerador-eletrico\/","title":{"rendered":"Gerador El\u00e9trico"},"content":{"rendered":"\t\t<div data-elementor-type=\"wp-page\" data-elementor-id=\"2557\" class=\"elementor elementor-2557\" data-elementor-post-type=\"page\">\n\t\t\t\t\t\t<section class=\"elementor-section elementor-top-section elementor-element elementor-element-76ffb9b2 elementor-section-full_width imgDestaque elementor-section-content-middle elementor-section-height-default elementor-section-height-default\" data-id=\"76ffb9b2\" data-element_type=\"section\" data-e-type=\"section\" data-settings=\"{&quot;background_background&quot;:&quot;classic&quot;}\">\n\t\t\t\t\t\t\t<div class=\"elementor-background-overlay\"><\/div>\n\t\t\t\t\t\t\t<div class=\"elementor-container elementor-column-gap-default\">\n\t\t\t\t\t<div class=\"elementor-column elementor-col-100 elementor-top-column elementor-element elementor-element-19ee224d box-destaque\" data-id=\"19ee224d\" data-element_type=\"column\" data-e-type=\"column\">\n\t\t\t<div class=\"elementor-widget-wrap elementor-element-populated\">\n\t\t\t\t\t\t<div class=\"elementor-element elementor-element-742fe8d8 elementor-search-form--skin-classic elementor-search-form--button-type-icon elementor-search-form--icon-search elementor-widget elementor-widget-search-form\" data-id=\"742fe8d8\" data-element_type=\"widget\" data-e-type=\"widget\" data-settings=\"{&quot;skin&quot;:&quot;classic&quot;}\" data-widget_type=\"search-form.default\">\n\t\t\t\t<div class=\"elementor-widget-container\">\n\t\t\t\t\t\t\t<search role=\"search\">\n\t\t\t<form class=\"elementor-search-form\" action=\"https:\/\/www.copel.com\/site\" method=\"get\">\n\t\t\t\t\t\t\t\t\t\t\t\t<div class=\"elementor-search-form__container\">\n\t\t\t\t\t<label class=\"elementor-screen-only\" for=\"elementor-search-form-742fe8d8\">Search<\/label>\n\n\t\t\t\t\t\n\t\t\t\t\t<input id=\"elementor-search-form-742fe8d8\" placeholder=\"O que voc\u00ea est\u00e1 buscando?\" class=\"elementor-search-form__input\" type=\"search\" name=\"s\" value=\"\">\n\t\t\t\t\t\n\t\t\t\t\t\t\t\t\t\t\t<button class=\"elementor-search-form__submit\" type=\"submit\" aria-label=\"Search\">\n\t\t\t\t\t\t\t\t\t\t\t\t\t\t\t<i aria-hidden=\"true\" class=\"fas fa-search\"><\/i>\t\t\t\t\t\t\t\t\t\t\t\t\t<\/button>\n\t\t\t\t\t\n\t\t\t\t\t\t\t\t\t<\/div>\n\t\t\t<\/form>\n\t\t<\/search>\n\t\t\t\t\t\t<\/div>\n\t\t\t\t<\/div>\n\t\t\t\t<div class=\"elementor-element elementor-element-4d709ee1 elementor-widget elementor-widget-heading\" data-id=\"4d709ee1\" data-element_type=\"widget\" data-e-type=\"widget\" data-widget_type=\"heading.default\">\n\t\t\t\t<div class=\"elementor-widget-container\">\n\t\t\t\t\t<h1 class=\"elementor-heading-title elementor-size-default\">Gerador El\u00e9trico<\/h1>\t\t\t\t<\/div>\n\t\t\t\t<\/div>\n\t\t\t\t\t<\/div>\n\t\t<\/div>\n\t\t\t\t\t<\/div>\n\t\t<\/section>\n\t\t\t\t<section class=\"elementor-section elementor-top-section elementor-element elementor-element-4114b896 elementor-section-full_width elementor-section-height-default elementor-section-height-default\" data-id=\"4114b896\" data-element_type=\"section\" data-e-type=\"section\">\n\t\t\t\t\t\t<div class=\"elementor-container elementor-column-gap-default\">\n\t\t\t\t\t<div class=\"elementor-column elementor-col-33 elementor-top-column elementor-element elementor-element-5c9bab2e\" data-id=\"5c9bab2e\" data-element_type=\"column\" data-e-type=\"column\">\n\t\t\t<div class=\"elementor-widget-wrap elementor-element-populated\">\n\t\t\t\t\t\t<div class=\"elementor-element elementor-element-1c998b1a elementor-nav-menu__align-justify menuTroca elementor-nav-menu--dropdown-tablet elementor-nav-menu__text-align-aside elementor-nav-menu--toggle elementor-nav-menu--burger elementor-widget elementor-widget-nav-menu\" data-id=\"1c998b1a\" data-element_type=\"widget\" data-e-type=\"widget\" data-settings=\"{&quot;layout&quot;:&quot;vertical&quot;,&quot;submenu_icon&quot;:{&quot;value&quot;:&quot;&lt;i class=\\&quot;fas fa-caret-down\\&quot; aria-hidden=\\&quot;true\\&quot;&gt;&lt;\\\/i&gt;&quot;,&quot;library&quot;:&quot;fa-solid&quot;},&quot;toggle&quot;:&quot;burger&quot;}\" data-widget_type=\"nav-menu.default\">\n\t\t\t\t<div class=\"elementor-widget-container\">\n\t\t\t\t\t\t\t\t<nav aria-label=\"Menu\" class=\"elementor-nav-menu--main elementor-nav-menu__container elementor-nav-menu--layout-vertical e--pointer-underline e--animation-fade\">\n\t\t\t\t<ul id=\"menu-1-1c998b1a\" class=\"elementor-nav-menu sm-vertical\"><li class=\"menu-item menu-item-type-custom menu-item-object-custom menu-item-23459\"><a href=\"#\" class=\"elementor-item elementor-item-anchor\">Educa\u00e7\u00e3o<\/a><\/li>\n<li class=\"menu-item menu-item-type-custom menu-item-object-custom menu-item-23561\"><a href=\"\/site\/educacao\/a-eletricidade\/\" class=\"elementor-item\">A eletricidade<\/a><\/li>\n<li class=\"menu-item menu-item-type-custom menu-item-object-custom menu-item-23562\"><a href=\"\/site\/educacao\/cartilhas-informativos-e-jogos-educativos\/\" class=\"elementor-item\">Cartilhas, informativos e jogos<\/a><\/li>\n<li class=\"menu-item menu-item-type-custom menu-item-object-custom menu-item-23563\"><a href=\"\/site\/educacao\/energia-eletrica-sem-riscos\/\" class=\"elementor-item\">Energia el\u00e9trica sem riscos<\/a><\/li>\n<li class=\"menu-item menu-item-type-custom menu-item-object-custom menu-item-43841\"><a href=\"https:\/\/www.copel.com\/site\/educacao\/energia-segura\/\" class=\"elementor-item\">Energia Segura<\/a><\/li>\n<li class=\"menu-item menu-item-type-custom menu-item-object-custom menu-item-23564\"><a href=\"\/site\/educacao\/espaco-energia\/\" class=\"elementor-item\">Espa\u00e7o energia<\/a><\/li>\n<li class=\"menu-item menu-item-type-custom menu-item-object-custom menu-item-23566\"><a href=\"\/site\/educacao\/historia-da-energia-no-parana\/\" class=\"elementor-item\">Hist\u00f3ria da energia no Paran\u00e1<\/a><\/li>\n<li class=\"menu-item menu-item-type-custom menu-item-object-custom menu-item-23567\"><a href=\"https:\/\/www.copel.com\/site\/educacao\/atividades-para-a-escola\/\" class=\"elementor-item\">Materiais educativos<\/a><\/li>\n<\/ul>\t\t\t<\/nav>\n\t\t\t\t\t<div class=\"elementor-menu-toggle\" role=\"button\" tabindex=\"0\" aria-label=\"Menu Toggle\" aria-expanded=\"false\">\n\t\t\t<i aria-hidden=\"true\" role=\"presentation\" class=\"elementor-menu-toggle__icon--open eicon-menu-bar\"><\/i><i aria-hidden=\"true\" role=\"presentation\" class=\"elementor-menu-toggle__icon--close eicon-close\"><\/i>\t\t<\/div>\n\t\t\t\t\t<nav class=\"elementor-nav-menu--dropdown elementor-nav-menu__container\" aria-hidden=\"true\">\n\t\t\t\t<ul id=\"menu-2-1c998b1a\" class=\"elementor-nav-menu sm-vertical\"><li class=\"menu-item menu-item-type-custom menu-item-object-custom menu-item-23459\"><a href=\"#\" class=\"elementor-item elementor-item-anchor\" tabindex=\"-1\">Educa\u00e7\u00e3o<\/a><\/li>\n<li class=\"menu-item menu-item-type-custom menu-item-object-custom menu-item-23561\"><a href=\"\/site\/educacao\/a-eletricidade\/\" class=\"elementor-item\" tabindex=\"-1\">A eletricidade<\/a><\/li>\n<li class=\"menu-item menu-item-type-custom menu-item-object-custom menu-item-23562\"><a href=\"\/site\/educacao\/cartilhas-informativos-e-jogos-educativos\/\" class=\"elementor-item\" tabindex=\"-1\">Cartilhas, informativos e jogos<\/a><\/li>\n<li class=\"menu-item menu-item-type-custom menu-item-object-custom menu-item-23563\"><a href=\"\/site\/educacao\/energia-eletrica-sem-riscos\/\" class=\"elementor-item\" tabindex=\"-1\">Energia el\u00e9trica sem riscos<\/a><\/li>\n<li class=\"menu-item menu-item-type-custom menu-item-object-custom menu-item-43841\"><a href=\"https:\/\/www.copel.com\/site\/educacao\/energia-segura\/\" class=\"elementor-item\" tabindex=\"-1\">Energia Segura<\/a><\/li>\n<li class=\"menu-item menu-item-type-custom menu-item-object-custom menu-item-23564\"><a href=\"\/site\/educacao\/espaco-energia\/\" class=\"elementor-item\" tabindex=\"-1\">Espa\u00e7o energia<\/a><\/li>\n<li class=\"menu-item menu-item-type-custom menu-item-object-custom menu-item-23566\"><a href=\"\/site\/educacao\/historia-da-energia-no-parana\/\" class=\"elementor-item\" tabindex=\"-1\">Hist\u00f3ria da energia no Paran\u00e1<\/a><\/li>\n<li class=\"menu-item menu-item-type-custom menu-item-object-custom menu-item-23567\"><a href=\"https:\/\/www.copel.com\/site\/educacao\/atividades-para-a-escola\/\" class=\"elementor-item\" tabindex=\"-1\">Materiais educativos<\/a><\/li>\n<\/ul>\t\t\t<\/nav>\n\t\t\t\t\t\t<\/div>\n\t\t\t\t<\/div>\n\t\t\t\t\t<\/div>\n\t\t<\/div>\n\t\t\t\t<div class=\"elementor-column elementor-col-66 elementor-top-column elementor-element elementor-element-18661bd8\" data-id=\"18661bd8\" data-element_type=\"column\" data-e-type=\"column\">\n\t\t\t<div class=\"elementor-widget-wrap elementor-element-populated\">\n\t\t\t\t\t\t<div class=\"elementor-element elementor-element-a7fd2fc elementor-widget elementor-widget-text-editor\" data-id=\"a7fd2fc\" data-element_type=\"widget\" data-e-type=\"widget\" data-widget_type=\"text-editor.default\">\n\t\t\t\t<div class=\"elementor-widget-container\">\n\t\t\t\t\t\t\t\t\t<p>Em 1831, tanto Michael Faraday, no Reino Unido, como Joseph Henry, nos Estados Unidos, demonstraram cada um a seu modo, mas ao mesmo tempo, a possibilidade de transformar energia mec\u00e2nica em energia el\u00e9trica.<\/p>\t\t\t\t\t\t\t\t<\/div>\n\t\t\t\t<\/div>\n\t\t\t\t<div class=\"elementor-element elementor-element-1b7aae2 elementor-widget elementor-widget-heading\" data-id=\"1b7aae2\" data-element_type=\"widget\" data-e-type=\"widget\" data-widget_type=\"heading.default\">\n\t\t\t\t<div class=\"elementor-widget-container\">\n\t\t\t\t\t<h3 class=\"elementor-heading-title elementor-size-default\">Hist\u00f3rico<\/h3>\t\t\t\t<\/div>\n\t\t\t\t<\/div>\n\t\t\t\t<div class=\"elementor-element elementor-element-14b0203 elementor-widget elementor-widget-text-editor\" data-id=\"14b0203\" data-element_type=\"widget\" data-e-type=\"widget\" data-widget_type=\"text-editor.default\">\n\t\t\t\t<div class=\"elementor-widget-container\">\n\t\t\t\t\t\t\t\t\t<p>Os geradores usados na ind\u00fastria s\u00e3o baseados no mesmo princ\u00edpio empregado por Faraday e Henry: a indu\u00e7\u00e3o magn\u00e9tica. O gerador de Faraday consistia num disco de cobre que girava no campo magn\u00e9tico formado pelos polos de um \u00edm\u00e3 de ferradura e produzia corrente cont\u00ednua. Um ano depois, outro pesquisador obteve corrente alternada valendo-se de um gerador com \u00edm\u00e3s e enrolamento de fio numa armadura de ferro.<\/p><p>As m\u00e1quinas el\u00e9tricas foram desenvolvidas em ritmo acelerado, devido principalmente aos trabalhos de Antonio Pacinotti, Z\u00e9nobe Gramme, que introduziu o enrolamento em anel, e de Werner Siemens, que inventou o enrolamento em tambor at\u00e9 hoje empregado. Somente cerca de 50 anos depois das experi\u00eancias de Faraday e Henry foram obtidos geradores comercialmente aproveit\u00e1veis. Devem-se tais conquistas \u00e0s contribui\u00e7\u00f5es de Thomas Edison, Edward Weston, Nikola Tesla, John Hopkinson e Charles Francis Brush.<\/p><p>No fim do s\u00e9culo XIX, a inven\u00e7\u00e3o da l\u00e2mpada el\u00e9trica e a instala\u00e7\u00e3o de um sistema pr\u00e1tico de produ\u00e7\u00e3o e distribui\u00e7\u00e3o de corrente el\u00e9trica contribu\u00edram para a r\u00e1pida evolu\u00e7\u00e3o dos geradores e motores el\u00e9tricos. A partir de pequenos geradores, simples aparelhos de pesquisa em laborat\u00f3rio, foram constru\u00eddos alternadores e d\u00ednamos de pequena pot\u00eancia e, finalmente, gigantescos geradores.<\/p>\t\t\t\t\t\t\t\t<\/div>\n\t\t\t\t<\/div>\n\t\t\t\t<div class=\"elementor-element elementor-element-9c42d5f elementor-widget elementor-widget-heading\" data-id=\"9c42d5f\" data-element_type=\"widget\" data-e-type=\"widget\" data-widget_type=\"heading.default\">\n\t\t\t\t<div class=\"elementor-widget-container\">\n\t\t\t\t\t<h3 class=\"elementor-heading-title elementor-size-default\">Princ\u00edpio de funcionamento<\/h3>\t\t\t\t<\/div>\n\t\t\t\t<\/div>\n\t\t\t\t<div class=\"elementor-element elementor-element-ed392c5 elementor-widget elementor-widget-text-editor\" data-id=\"ed392c5\" data-element_type=\"widget\" data-e-type=\"widget\" data-widget_type=\"text-editor.default\">\n\t\t\t\t<div class=\"elementor-widget-container\">\n\t\t\t\t\t\t\t\t\t<p>O gerador el\u00e9trico mais simples \u00e9 formado por uma espira plana com liberdade suficiente para se mover sob a a\u00e7\u00e3o de um campo magn\u00e9tico uniforme. Essa espira gira em torno de um eixo perpendicular \u00e0 dire\u00e7\u00e3o das linhas de for\u00e7a do campo magn\u00e9tico aplicado. A varia\u00e7\u00e3o do valor do fluxo que atravessa a espira m\u00f3vel induz nela uma for\u00e7a eletromotriz.<\/p><p>Assim, a for\u00e7a eletromotriz resulta do movimento relativo que h\u00e1 entre a espira e o campo magn\u00e9tico. A corrente produzida desse modo \u00e9 alternada. Para se obter corrente cont\u00ednua, \u00e9 preciso dotar o gerador de um dispositivo que fa\u00e7a a retifica\u00e7\u00e3o da corrente, denominado coletor dos d\u00ednamos. Pela descri\u00e7\u00e3o do princ\u00edpio de funcionamento dos geradores, v\u00ea-se que possuem dois circuitos distintos: o do induzido e o do indutor. No caso do gerador elementar descrito, o induzido seria a bobina m\u00f3vel e o indutor o campo magn\u00e9tico.<\/p>\t\t\t\t\t\t\t\t<\/div>\n\t\t\t\t<\/div>\n\t\t\t\t<div class=\"elementor-element elementor-element-62e4e03 elementor-widget elementor-widget-heading\" data-id=\"62e4e03\" data-element_type=\"widget\" data-e-type=\"widget\" data-widget_type=\"heading.default\">\n\t\t\t\t<div class=\"elementor-widget-container\">\n\t\t\t\t\t<h3 class=\"elementor-heading-title elementor-size-default\">Tipos de geradores<\/h3>\t\t\t\t<\/div>\n\t\t\t\t<\/div>\n\t\t\t\t<div class=\"elementor-element elementor-element-8557d80 elementor-widget elementor-widget-text-editor\" data-id=\"8557d80\" data-element_type=\"widget\" data-e-type=\"widget\" data-widget_type=\"text-editor.default\">\n\t\t\t\t<div class=\"elementor-widget-container\">\n\t\t\t\t\t\t\t\t\t<p>Os geradores podem ser divididos numa enorme quantidade de tipos, de acordo com o aspecto que se leve em conta. Al\u00e9m dos dois grupos mais gerais &#8211; geradores de corrente cont\u00ednua e de corrente alternada -, os d\u00ednamos podem ser, quanto ao n\u00famero de polos, dipolares e multipolares; quanto ao enrolamento do induzido, podem ser em anel e em tambor; quanto ao tipo de excita\u00e7\u00e3o, auto-excitados e de excita\u00e7\u00e3o independente.<\/p><p>O enrolamento em anel adotado por Gramme est\u00e1 praticamente em desuso. O enrolamento induzido consiste num cilindro oco em torno do qual se enrola continuamente o fio isolado que constitui a bobina. O enrolamento em tambor, inventado por Siemens, consiste num cilindro em cuja superf\u00edcie externa est\u00e3o dispostas as bobinas do induzido.<\/p><p>Essas bobinas s\u00e3o colocadas em ranhuras existentes na superf\u00edcie do tambor, sendo suas duas pontas soldadas \u00e0s teclas do coletor. Conforme a maneira como \u00e9 feita essa liga\u00e7\u00e3o, os enrolamentos s\u00e3o classificados em imbricados e ondulados e podem ser regressivos ou progressivos.<\/p><p>A corrente para a excita\u00e7\u00e3o do campo magn\u00e9tico pode ser fornecida pelo pr\u00f3prio gerador. Nesse caso, diz-se que o gerador \u00e9 auto-excitado. Quando a corrente para a excita\u00e7\u00e3o \u00e9 fornecida por uma fonte exterior, o gerador \u00e9 de excita\u00e7\u00e3o independente. De acordo com a forma de liga\u00e7\u00e3o entre as bobinas do indutor e do induzido nos geradores auto-excitados, diz-se que estes t\u00eam excita\u00e7\u00e3o dos tipos:<\/p><ul><li>s\u00e9rie: quando as bobinas excitadoras s\u00e3o constitu\u00eddas por poucas espiras de fio e ligadas em s\u00e9rie com o induzido;<\/li><li>shunt ou paralelo: quando o indutor e o induzido s\u00e3o ligados em deriva\u00e7\u00e3o;<\/li><li>compound: quando existem bobinas excitadoras ligadas em s\u00e9rie e em paralelo com o induzido. Este \u00e9 o tipo de excita\u00e7\u00e3o mais comumente usado nos d\u00ednamos.<\/li><\/ul><p>Analogamente aos d\u00ednamos, os alternadores podem ter enrolamento imbricado ou ondulado. Podem ainda ter enrolamento em espiral e em cadeia. Naquele, as bobinas de um mesmo grupo s\u00e3o ligadas de tal maneira que o bobinamento final tem forma de espiral. Quanto ao n\u00famero de fases, os alternadores podem ser monof\u00e1sicos, dif\u00e1sicos e trif\u00e1sicos. Os geradores monof\u00e1sicos s\u00e3o atualmente muito raros, j\u00e1 que a corrente monof\u00e1sica pode ser obtida a partir de geradores trif\u00e1sicos.<\/p><p>Ainda se podem citar alguns tipos especiais de d\u00ednamos de uso relativamente reduzido: o unipolar ou homopolar, o gerador de tr\u00eas escovas e o de polo diversor. Em linhas gerais, a constru\u00e7\u00e3o de d\u00ednamos \u00e9 semelhante \u00e0 dos alternadores. A principal diferen\u00e7a est\u00e1 no coletor segmentado para retifica\u00e7\u00e3o da corrente gerada no induzido. Esse dispositivo \u00e9 inexistente nos alternadores, j\u00e1 que, nesse caso, n\u00e3o h\u00e1 necessidade de se ter uma retifica\u00e7\u00e3o da corrente gerada.<\/p><p>A outra diferen\u00e7a marcante est\u00e1 no campo indutor. O d\u00ednamo emprega o sistema de campo estacion\u00e1rio, enquanto o alternador \u00e9 quase sempre de campo girat\u00f3rio. Isso torna poss\u00edvel a obten\u00e7\u00e3o de maior pot\u00eancia el\u00e9trica, reduz a necessidade de manuten\u00e7\u00e3o para assegurar o bom contato entre escovas e an\u00e9is coletores e requer meios mais simples para fazer a liga\u00e7\u00e3o com o circuito externo.<\/p><p>O d\u00ednamo \u00e9 formado das seguintes partes principais: carca\u00e7a, n\u00facleo e pe\u00e7as polares, n\u00facleo do induzido ou armadura, induzido, coletor, escovas, porta-escovas, eixo e mancais. A carca\u00e7a \u00e9 o suporte mec\u00e2nico da m\u00e1quina e serve tamb\u00e9m como cobertura externa. \u00c9 normalmente constru\u00edda de a\u00e7o ou ferro fundido. Os polos s\u00e3o feitos de a\u00e7o-sil\u00edcio laminado, para reduzir ao m\u00e1ximo as perdas por corrente de Foucault, e as bobinas de campo s\u00e3o de fios de cobre. A armadura, pe\u00e7a que aloja as bobinas do induzido, \u00e9 de a\u00e7o laminado e possui condutores internos por onde se faz o resfriamento da m\u00e1quina.<\/p><p>O coletor consiste numa s\u00e9rie de segmentos de cobre ou bronze fosforoso, isolados entre si por fin\u00edssimas l\u00e2minas de mica, que t\u00eam a forma externa perfeitamente cil\u00edndrica. Ao coletor s\u00e3o soldados os terminais das bobinas do induzido. As escovas, \u00f3rg\u00e3os que coletam a corrente retificada no coletor, s\u00e3o de carv\u00e3o e grafita ou metal e grafita. O porta-escovas \u00e9 a arma\u00e7\u00e3o met\u00e1lica que mant\u00e9m ajustadas as escovas de encontro ao coletor.<\/p><p>Os mancais mais usados s\u00e3o os do tipo de luva, lubrificados por \u00f3leo, ou ent\u00e3o do tipo de esferas ou rolamentos lubrificados a graxa.\u00a0\u00a0 No alternador, n\u00e3o existe o coletor. Quando o induzido \u00e9 girat\u00f3rio, as escovas fazem contato com an\u00e9is coletores, a partir das quais a corrente alternada gerada \u00e9 transferida para o circuito externo.<\/p><p>Quando, ao contr\u00e1rio, o induzido \u00e9 estacion\u00e1rio (caso mais frequente), o papel dos an\u00e9is coletores e escovas \u00e9 conduzir a corrente cont\u00ednua necess\u00e1ria para a excita\u00e7\u00e3o do campo girante. Nos alternadores de grande porte \u00e9 comum a instala\u00e7\u00e3o, no mesmo eixo do rotor das m\u00e1quinas, de um gerador de corrente cont\u00ednua de menores propor\u00e7\u00f5es (denominado excitatriz) para o fornecimento dessa corrente.<\/p>\t\t\t\t\t\t\t\t<\/div>\n\t\t\t\t<\/div>\n\t\t\t\t\t<\/div>\n\t\t<\/div>\n\t\t\t\t\t<\/div>\n\t\t<\/section>\n\t\t\t\t<\/div>\n\t\t","protected":false},"excerpt":{"rendered":"<p>Gerador El\u00e9trico Em 1831, tanto Michael Faraday, no Reino Unido, como Joseph Henry, nos Estados Unidos, demonstraram cada um a seu modo, mas ao mesmo tempo, a possibilidade de transformar energia mec\u00e2nica em energia el\u00e9trica. Hist\u00f3rico Os geradores usados na ind\u00fastria s\u00e3o baseados no mesmo princ\u00edpio empregado por Faraday e Henry: a indu\u00e7\u00e3o magn\u00e9tica. O [&hellip;]<\/p>\n","protected":false},"author":6,"featured_media":0,"parent":2549,"menu_order":0,"comment_status":"closed","ping_status":"closed","template":"elementor_header_footer","meta":{"_acf_changed":false,"footnotes":""},"categories":[],"tags":[],"wf_page_folders":[506],"class_list":["post-2557","page","type-page","status-publish","hentry"],"acf":[],"aioseo_notices":[],"_links":{"self":[{"href":"https:\/\/www.copel.com\/site\/wp-json\/wp\/v2\/pages\/2557","targetHints":{"allow":["GET"]}}],"collection":[{"href":"https:\/\/www.copel.com\/site\/wp-json\/wp\/v2\/pages"}],"about":[{"href":"https:\/\/www.copel.com\/site\/wp-json\/wp\/v2\/types\/page"}],"author":[{"embeddable":true,"href":"https:\/\/www.copel.com\/site\/wp-json\/wp\/v2\/users\/6"}],"replies":[{"embeddable":true,"href":"https:\/\/www.copel.com\/site\/wp-json\/wp\/v2\/comments?post=2557"}],"version-history":[{"count":0,"href":"https:\/\/www.copel.com\/site\/wp-json\/wp\/v2\/pages\/2557\/revisions"}],"up":[{"embeddable":true,"href":"https:\/\/www.copel.com\/site\/wp-json\/wp\/v2\/pages\/2549"}],"wp:attachment":[{"href":"https:\/\/www.copel.com\/site\/wp-json\/wp\/v2\/media?parent=2557"}],"wp:term":[{"taxonomy":"category","embeddable":true,"href":"https:\/\/www.copel.com\/site\/wp-json\/wp\/v2\/categories?post=2557"},{"taxonomy":"post_tag","embeddable":true,"href":"https:\/\/www.copel.com\/site\/wp-json\/wp\/v2\/tags?post=2557"},{"taxonomy":"wf_page_folders","embeddable":true,"href":"https:\/\/www.copel.com\/site\/wp-json\/wp\/v2\/wf_page_folders?post=2557"}],"curies":[{"name":"wp","href":"https:\/\/api.w.org\/{rel}","templated":true}]}}