{"id":2361,"date":"2020-02-12T10:34:51","date_gmt":"2020-02-12T13:34:51","guid":{"rendered":"http:\/\/webhpcprd\/hpcweb\/?page_id=2361"},"modified":"2026-03-12T09:29:53","modified_gmt":"2026-03-12T12:29:53","slug":"gestao-de-seguranca-e-saude-no-trabalho-tarefas-padronizadas","status":"publish","type":"page","link":"https:\/\/www.copel.com\/site\/fornecedores-e-parceiros\/gestao-de-seguranca-e-saude-no-trabalho-tarefas-padronizadas\/","title":{"rendered":"Gest\u00e3o de Seguran\u00e7a e Sa\u00fade no Trabalho &#8211; Tarefas Padronizadas"},"content":{"rendered":"\t\t<div data-elementor-type=\"wp-page\" data-elementor-id=\"2361\" class=\"elementor elementor-2361\" data-elementor-post-type=\"page\">\n\t\t\t\t\t\t<section class=\"elementor-section elementor-top-section elementor-element elementor-element-4fe55afb elementor-section-full_width imgDestaque elementor-section-content-middle elementor-section-height-default elementor-section-height-default\" data-id=\"4fe55afb\" data-element_type=\"section\" data-e-type=\"section\" data-settings=\"{&quot;background_background&quot;:&quot;classic&quot;}\">\n\t\t\t\t\t\t\t<div class=\"elementor-background-overlay\"><\/div>\n\t\t\t\t\t\t\t<div class=\"elementor-container elementor-column-gap-default\">\n\t\t\t\t\t<div class=\"elementor-column elementor-col-100 elementor-top-column elementor-element elementor-element-4dc85c70 box-destaque\" data-id=\"4dc85c70\" data-element_type=\"column\" data-e-type=\"column\">\n\t\t\t<div class=\"elementor-widget-wrap elementor-element-populated\">\n\t\t\t\t\t\t<div class=\"elementor-element elementor-element-7ba01b8d elementor-search-form--skin-classic elementor-search-form--button-type-icon elementor-search-form--icon-search elementor-widget elementor-widget-search-form\" data-id=\"7ba01b8d\" data-element_type=\"widget\" data-e-type=\"widget\" data-settings=\"{&quot;skin&quot;:&quot;classic&quot;}\" data-widget_type=\"search-form.default\">\n\t\t\t\t<div class=\"elementor-widget-container\">\n\t\t\t\t\t\t\t<search role=\"search\">\n\t\t\t<form class=\"elementor-search-form\" action=\"https:\/\/www.copel.com\/site\" method=\"get\">\n\t\t\t\t\t\t\t\t\t\t\t\t<div class=\"elementor-search-form__container\">\n\t\t\t\t\t<label class=\"elementor-screen-only\" for=\"elementor-search-form-7ba01b8d\">Search<\/label>\n\n\t\t\t\t\t\n\t\t\t\t\t<input id=\"elementor-search-form-7ba01b8d\" placeholder=\"O que voc\u00ea est\u00e1 buscando?\" class=\"elementor-search-form__input\" type=\"search\" name=\"s\" value=\"\">\n\t\t\t\t\t\n\t\t\t\t\t\t\t\t\t\t\t<button class=\"elementor-search-form__submit\" type=\"submit\" aria-label=\"Search\">\n\t\t\t\t\t\t\t\t\t\t\t\t\t\t\t<i aria-hidden=\"true\" class=\"fas fa-search\"><\/i>\t\t\t\t\t\t\t\t\t\t\t\t\t<\/button>\n\t\t\t\t\t\n\t\t\t\t\t\t\t\t\t<\/div>\n\t\t\t<\/form>\n\t\t<\/search>\n\t\t\t\t\t\t<\/div>\n\t\t\t\t<\/div>\n\t\t\t\t<div class=\"elementor-element elementor-element-3a602272 elementor-widget elementor-widget-heading\" data-id=\"3a602272\" data-element_type=\"widget\" data-e-type=\"widget\" data-widget_type=\"heading.default\">\n\t\t\t\t<div class=\"elementor-widget-container\">\n\t\t\t\t\t<h1 class=\"elementor-heading-title elementor-size-default\">Procedimento Operacional Padr\u00e3o \u2013 Tarefas padronizadas<\/h1>\t\t\t\t<\/div>\n\t\t\t\t<\/div>\n\t\t\t\t\t<\/div>\n\t\t<\/div>\n\t\t\t\t\t<\/div>\n\t\t<\/section>\n\t\t\t\t<section class=\"elementor-section elementor-top-section elementor-element elementor-element-5c62e861 elementor-section-full_width elementor-section-height-default elementor-section-height-default\" data-id=\"5c62e861\" data-element_type=\"section\" data-e-type=\"section\">\n\t\t\t\t\t\t<div class=\"elementor-container elementor-column-gap-default\">\n\t\t\t\t\t<div class=\"elementor-column elementor-col-33 elementor-top-column elementor-element elementor-element-783690c8\" data-id=\"783690c8\" data-element_type=\"column\" data-e-type=\"column\">\n\t\t\t<div class=\"elementor-widget-wrap elementor-element-populated\">\n\t\t\t\t\t\t<div class=\"elementor-element elementor-element-3bb91a57 elementor-nav-menu__align-justify menuTroca elementor-nav-menu--dropdown-tablet elementor-nav-menu__text-align-aside elementor-nav-menu--toggle elementor-nav-menu--burger elementor-widget elementor-widget-nav-menu\" data-id=\"3bb91a57\" data-element_type=\"widget\" data-e-type=\"widget\" data-settings=\"{&quot;layout&quot;:&quot;vertical&quot;,&quot;submenu_icon&quot;:{&quot;value&quot;:&quot;&lt;i class=\\&quot;fas fa-caret-down\\&quot; aria-hidden=\\&quot;true\\&quot;&gt;&lt;\\\/i&gt;&quot;,&quot;library&quot;:&quot;fa-solid&quot;},&quot;toggle&quot;:&quot;burger&quot;}\" data-widget_type=\"nav-menu.default\">\n\t\t\t\t<div class=\"elementor-widget-container\">\n\t\t\t\t\t\t\t\t<nav aria-label=\"Menu\" class=\"elementor-nav-menu--main elementor-nav-menu__container elementor-nav-menu--layout-vertical e--pointer-underline e--animation-fade\">\n\t\t\t\t<ul id=\"menu-1-3bb91a57\" class=\"elementor-nav-menu sm-vertical\"><li class=\"menu-item menu-item-type-custom menu-item-object-custom menu-item-21156\"><a href=\"#\" class=\"elementor-item elementor-item-anchor\">Fornecedores<\/a><\/li>\n<li class=\"menu-item menu-item-type-custom menu-item-object-custom menu-item-21430\"><a href=\"\/site\/fornecedores-e-parceiros\/agendamento-de-entregas\" class=\"elementor-item\">Agendamento de entregas<\/a><\/li>\n<li class=\"menu-item menu-item-type-custom menu-item-object-custom menu-item-has-children menu-item-21432\"><a href=\"\/site\/fornecedores-e-parceiros\/anuencias-imobiliarias\/\" class=\"elementor-item\">Anu\u00eancias imobili\u00e1rias<\/a>\n<ul class=\"sub-menu elementor-nav-menu--dropdown\">\n\t<li class=\"menu-item menu-item-type-custom menu-item-object-custom menu-item-21555\"><a href=\"\/site\/fornecedores-e-parceiros\/anuencias-imobiliarias\/requerimento\/\" class=\"elementor-sub-item\">Requerimento<\/a><\/li>\n<\/ul>\n<\/li>\n<li class=\"menu-item menu-item-type-custom menu-item-object-custom menu-item-21433\"><a href=\"\/site\/fornecedores-e-parceiros\/cadastro-de-fornecedores\/\" class=\"elementor-item\">Cadastro de fornecedores<\/a><\/li>\n<li class=\"menu-item menu-item-type-custom menu-item-object-custom menu-item-has-children menu-item-21437\"><a href=\"\/site\/fornecedores-e-parceiros\/consulta-de-chamadas-publicas\" class=\"elementor-item\">Chamadas p\u00fablicas<\/a>\n<ul class=\"sub-menu elementor-nav-menu--dropdown\">\n\t<li class=\"menu-item menu-item-type-custom menu-item-object-custom menu-item-21438\"><a href=\"\/site\/fornecedores-e-parceiros\/participe-de-uma-chamada-publica\/\" class=\"elementor-sub-item\">Participe de uma chamada p\u00fablica<\/a><\/li>\n<\/ul>\n<\/li>\n<li class=\"menu-item menu-item-type-custom menu-item-object-custom menu-item-21439\"><a href=\"\/site\/fornecedores-e-parceiros\/formacao-de-fornecedores\/\" class=\"elementor-item\">Forma\u00e7\u00e3o de fornecedores<\/a><\/li>\n<li class=\"menu-item menu-item-type-custom menu-item-object-custom menu-item-21440\"><a href=\"\/site\/fornecedores-e-parceiros\/geracao-distribuida\/\" class=\"elementor-item\">Gera\u00e7\u00e3o distribu\u00edda<\/a><\/li>\n<li class=\"menu-item menu-item-type-custom menu-item-object-custom menu-item-21441\"><a href=\"\/site\/fornecedores-e-parceiros\/gestao-de-fornecedores-copel-geracao-transmissao\/\" class=\"elementor-item\">Gest\u00e3o de fornecedores Copel Gera\u00e7\u00e3o e Transmiss\u00e3o<\/a><\/li>\n<li class=\"menu-item menu-item-type-custom menu-item-object-custom menu-item-21442\"><a href=\"\/site\/fornecedores-e-parceiros\/gestao-de-seguranca-e-saude-no-trabalho-tarefas-padronizadas\/\" class=\"elementor-item\">Procedimento Operacional Padr\u00e3o &#8211; POP<\/a><\/li>\n<li class=\"menu-item menu-item-type-custom menu-item-object-custom menu-item-21443\"><a href=\"\/site\/fornecedores-e-parceiros\/guias-para-fornecedores\/\" class=\"elementor-item\">Guias para fornecedores<\/a><\/li>\n<li class=\"menu-item menu-item-type-custom menu-item-object-custom menu-item-21444\"><a href=\"\/site\/fornecedores-e-parceiros\/guias-para-fornecedores\/questionario-de-integridade\/\" class=\"elementor-item\">Question\u00e1rio de integridade<\/a><\/li>\n<li class=\"menu-item menu-item-type-custom menu-item-object-custom menu-item-has-children menu-item-21445\"><a href=\"https:\/\/www.copel.com\/site\/fornecedores-e-parceiros\/aquisicoes-e-contratacoes\/\" class=\"elementor-item\">Aquisi\u00e7\u00f5es e Contrata\u00e7\u00f5es<\/a>\n<ul class=\"sub-menu elementor-nav-menu--dropdown\">\n\t<li class=\"menu-item menu-item-type-custom menu-item-object-custom menu-item-21467\"><a href=\"\/site\/fornecedores-e-parceiros\/previsao-de-compra-de-equipamentos-especiais\/\" class=\"elementor-sub-item\">Previs\u00e3o de compra de equipamentos especiais<\/a><\/li>\n\t<li class=\"menu-item menu-item-type-custom menu-item-object-custom menu-item-21468\"><a href=\"\/site\/fornecedores-e-parceiros\/previsao-de-compra-de-materiais\/\" class=\"elementor-sub-item\">Previs\u00e3o de compra de materiais<\/a><\/li>\n<\/ul>\n<\/li>\n<li class=\"menu-item menu-item-type-custom menu-item-object-custom menu-item-21453\"><a href=\"\/site\/fornecedores-e-parceiros\/normas-e-manuais\" class=\"elementor-item\">Normas e manuais<\/a><\/li>\n<\/ul>\t\t\t<\/nav>\n\t\t\t\t\t<div class=\"elementor-menu-toggle\" role=\"button\" tabindex=\"0\" aria-label=\"Menu Toggle\" aria-expanded=\"false\">\n\t\t\t<i aria-hidden=\"true\" role=\"presentation\" class=\"elementor-menu-toggle__icon--open eicon-menu-bar\"><\/i><i aria-hidden=\"true\" role=\"presentation\" class=\"elementor-menu-toggle__icon--close eicon-close\"><\/i>\t\t<\/div>\n\t\t\t\t\t<nav class=\"elementor-nav-menu--dropdown elementor-nav-menu__container\" aria-hidden=\"true\">\n\t\t\t\t<ul id=\"menu-2-3bb91a57\" class=\"elementor-nav-menu sm-vertical\"><li class=\"menu-item menu-item-type-custom menu-item-object-custom menu-item-21156\"><a href=\"#\" class=\"elementor-item elementor-item-anchor\" tabindex=\"-1\">Fornecedores<\/a><\/li>\n<li class=\"menu-item menu-item-type-custom menu-item-object-custom menu-item-21430\"><a href=\"\/site\/fornecedores-e-parceiros\/agendamento-de-entregas\" class=\"elementor-item\" tabindex=\"-1\">Agendamento de entregas<\/a><\/li>\n<li class=\"menu-item menu-item-type-custom menu-item-object-custom menu-item-has-children menu-item-21432\"><a href=\"\/site\/fornecedores-e-parceiros\/anuencias-imobiliarias\/\" class=\"elementor-item\" tabindex=\"-1\">Anu\u00eancias imobili\u00e1rias<\/a>\n<ul class=\"sub-menu elementor-nav-menu--dropdown\">\n\t<li class=\"menu-item menu-item-type-custom menu-item-object-custom menu-item-21555\"><a href=\"\/site\/fornecedores-e-parceiros\/anuencias-imobiliarias\/requerimento\/\" class=\"elementor-sub-item\" tabindex=\"-1\">Requerimento<\/a><\/li>\n<\/ul>\n<\/li>\n<li class=\"menu-item menu-item-type-custom menu-item-object-custom menu-item-21433\"><a href=\"\/site\/fornecedores-e-parceiros\/cadastro-de-fornecedores\/\" class=\"elementor-item\" tabindex=\"-1\">Cadastro de fornecedores<\/a><\/li>\n<li class=\"menu-item menu-item-type-custom menu-item-object-custom menu-item-has-children menu-item-21437\"><a href=\"\/site\/fornecedores-e-parceiros\/consulta-de-chamadas-publicas\" class=\"elementor-item\" tabindex=\"-1\">Chamadas p\u00fablicas<\/a>\n<ul class=\"sub-menu elementor-nav-menu--dropdown\">\n\t<li class=\"menu-item menu-item-type-custom menu-item-object-custom menu-item-21438\"><a href=\"\/site\/fornecedores-e-parceiros\/participe-de-uma-chamada-publica\/\" class=\"elementor-sub-item\" tabindex=\"-1\">Participe de uma chamada p\u00fablica<\/a><\/li>\n<\/ul>\n<\/li>\n<li class=\"menu-item menu-item-type-custom menu-item-object-custom menu-item-21439\"><a href=\"\/site\/fornecedores-e-parceiros\/formacao-de-fornecedores\/\" class=\"elementor-item\" tabindex=\"-1\">Forma\u00e7\u00e3o de fornecedores<\/a><\/li>\n<li class=\"menu-item menu-item-type-custom menu-item-object-custom menu-item-21440\"><a href=\"\/site\/fornecedores-e-parceiros\/geracao-distribuida\/\" class=\"elementor-item\" tabindex=\"-1\">Gera\u00e7\u00e3o distribu\u00edda<\/a><\/li>\n<li class=\"menu-item menu-item-type-custom menu-item-object-custom menu-item-21441\"><a href=\"\/site\/fornecedores-e-parceiros\/gestao-de-fornecedores-copel-geracao-transmissao\/\" class=\"elementor-item\" tabindex=\"-1\">Gest\u00e3o de fornecedores Copel Gera\u00e7\u00e3o e Transmiss\u00e3o<\/a><\/li>\n<li class=\"menu-item menu-item-type-custom menu-item-object-custom menu-item-21442\"><a href=\"\/site\/fornecedores-e-parceiros\/gestao-de-seguranca-e-saude-no-trabalho-tarefas-padronizadas\/\" class=\"elementor-item\" tabindex=\"-1\">Procedimento Operacional Padr\u00e3o &#8211; POP<\/a><\/li>\n<li class=\"menu-item menu-item-type-custom menu-item-object-custom menu-item-21443\"><a href=\"\/site\/fornecedores-e-parceiros\/guias-para-fornecedores\/\" class=\"elementor-item\" tabindex=\"-1\">Guias para fornecedores<\/a><\/li>\n<li class=\"menu-item menu-item-type-custom menu-item-object-custom menu-item-21444\"><a href=\"\/site\/fornecedores-e-parceiros\/guias-para-fornecedores\/questionario-de-integridade\/\" class=\"elementor-item\" tabindex=\"-1\">Question\u00e1rio de integridade<\/a><\/li>\n<li class=\"menu-item menu-item-type-custom menu-item-object-custom menu-item-has-children menu-item-21445\"><a href=\"https:\/\/www.copel.com\/site\/fornecedores-e-parceiros\/aquisicoes-e-contratacoes\/\" class=\"elementor-item\" tabindex=\"-1\">Aquisi\u00e7\u00f5es e Contrata\u00e7\u00f5es<\/a>\n<ul class=\"sub-menu elementor-nav-menu--dropdown\">\n\t<li class=\"menu-item menu-item-type-custom menu-item-object-custom menu-item-21467\"><a href=\"\/site\/fornecedores-e-parceiros\/previsao-de-compra-de-equipamentos-especiais\/\" class=\"elementor-sub-item\" tabindex=\"-1\">Previs\u00e3o de compra de equipamentos especiais<\/a><\/li>\n\t<li class=\"menu-item menu-item-type-custom menu-item-object-custom menu-item-21468\"><a href=\"\/site\/fornecedores-e-parceiros\/previsao-de-compra-de-materiais\/\" class=\"elementor-sub-item\" tabindex=\"-1\">Previs\u00e3o de compra de materiais<\/a><\/li>\n<\/ul>\n<\/li>\n<li class=\"menu-item menu-item-type-custom menu-item-object-custom menu-item-21453\"><a href=\"\/site\/fornecedores-e-parceiros\/normas-e-manuais\" class=\"elementor-item\" tabindex=\"-1\">Normas e manuais<\/a><\/li>\n<\/ul>\t\t\t<\/nav>\n\t\t\t\t\t\t<\/div>\n\t\t\t\t<\/div>\n\t\t\t\t\t<\/div>\n\t\t<\/div>\n\t\t\t\t<div class=\"elementor-column elementor-col-66 elementor-top-column elementor-element elementor-element-71904651\" data-id=\"71904651\" data-element_type=\"column\" data-e-type=\"column\">\n\t\t\t<div class=\"elementor-widget-wrap elementor-element-populated\">\n\t\t\t\t\t\t<div class=\"elementor-element elementor-element-fa07845 text-content content1 elementor-widget elementor-widget-text-editor\" data-id=\"fa07845\" data-element_type=\"widget\" data-e-type=\"widget\" data-widget_type=\"text-editor.default\">\n\t\t\t\t<div class=\"elementor-widget-container\">\n\t\t\t\t\t\t\t\t\t<p>Grupo 1-100 &#8211;\u00a0<a href=\"https:\/\/copel0.sharepoint.com\/:b:\/s\/documentos-site-copel\/EdzzgSXGKAJOoFM1bbIRNFIBpf7pjpTAEMenp6Ya3v1P7Q?e=l8QHnm\" target=\"_blank\" rel=\"noopener\">Preliminares Rede A\u00e9rea<\/a><\/p><p>Grupo 1-200 &#8211;\u00a0<a href=\"https:\/\/copel0.sharepoint.com\/:b:\/s\/documentos-site-copel\/EUomhRxMN5FAkAK9xekaFSYBM0rGNQVDvx1Yz56bGaM09w?e=fc2iIm\" target=\"_blank\" rel=\"noopener\">Preliminares Rede Subterr\u00e2nea<\/a><\/p><p>Grupo 1-300 &#8211;\u00a0<a href=\"https:\/\/copel0.sharepoint.com\/:b:\/s\/documentos-site-copel\/Edec7yNoJ8RNhASjydTorr0Bcudp3MPEORtU_ihIB9UuyQ?e=Lerh48\" target=\"_blank\" rel=\"noopener\">Preliminares para Manuten\u00e7\u00e3o e Constru\u00e7\u00e3o Eletromec\u00e2nica em Subesta\u00e7\u00e3o<\/a><\/p><p>Grupo 1-400 &#8211;\u00a0<a href=\"https:\/\/copel0.sharepoint.com\/:b:\/s\/documentos-site-copel\/Ed1Xg6MljlFOnfno2YnmixIBN4Z3Ra9uWbSMXXQxtvCfuQ?e=rSALkr\" target=\"_blank\" rel=\"noopener\">Preliminares para Manuten\u00e7\u00e3o de Linhas de Distribui\u00e7\u00e3o AT<\/a><\/p><p>Grupo 1-500 &#8211;\u00a0<a href=\"https:\/\/copel0.sharepoint.com\/:b:\/s\/documentos-site-copel\/EXghxf_6CLVArYELX3ejfSoBwfn5-dCCxGrEjSa9m0CjOA?e=Yp7bi1\" target=\"_blank\" rel=\"noopener\">Preliminares para Tarefas Insulares<\/a><\/p><p>Grupo 1-600 &#8211;\u00a0<a href=\"https:\/\/copel0.sharepoint.com\/:b:\/s\/documentos-site-copel\/ER8AvearvclOj_sVxUbBBrABHwMMNwAocnFo2vJd6qvQTQ?e=QonLsa\" target=\"_blank\" rel=\"noopener\">Preliminares para Constru\u00e7\u00e3o de Linhas de Distribui\u00e7\u00e3o AT<\/a><\/p><p>Grupo 2-100 &#8211;\u00a0<a href=\"https:\/\/copel0.sharepoint.com\/:b:\/s\/documentos-site-copel\/EcSSbPsdIZdFlhdIUq1fV-oBpL3wx2yavYXvl90RZaVzEg?e=CrRg0i\" target=\"_blank\" rel=\"noopener\">Servi\u00e7os Comerciais<\/a><\/p><p>Grupo 2-200 &#8211;\u00a0<a href=\"https:\/\/copel0.sharepoint.com\/:b:\/s\/documentos-site-copel\/EfVEEWc-ZpZBsXskjEhKZTcBgnM_efcQWFrHHJFTLTgx5g?e=nciH8c\" target=\"_blank\" rel=\"noopener\">Servi\u00e7os Emergenciais<\/a><\/p><p>Grupo 3-100 &#8211;\u00a0<a href=\"https:\/\/copel0.sharepoint.com\/:b:\/s\/documentos-site-copel\/EVIJ67Gt4RFOkTWrAKTV7BgBimaH-d8NmLaDJ8qZTCQ19g?e=0ZHLYm\" target=\"_blank\" rel=\"noopener\">Medi\u00e7\u00e3o<\/a><\/p><p>Grupo 4-100 &#8211;\u00a0<a href=\"https:\/\/copel0.sharepoint.com\/:b:\/s\/documentos-site-copel\/EUs1j7A0cy9KltHs3_-BVDcB1kNsxpeF4CaEnDxQS-h60A?e=j7IqBw\" target=\"_blank\" rel=\"noopener\">Opera\u00e7\u00e3o de Equipamentos de Rede<\/a><\/p><p>Grupo 4-200 &#8211;\u00a0<a href=\"https:\/\/copel0.sharepoint.com\/:b:\/s\/documentos-site-copel\/IQD7smfl3YeNQK1o6yydxx7kAcmZdW-TEQcUJoNShaS_Y_w?e=Rg4hLQ\">Opera\u00e7\u00e3o de Redes Subterr\u00e2neas<\/a><\/p><p>Grupo 4-300 &#8211;\u00a0<a href=\"https:\/\/copel0.sharepoint.com\/:b:\/s\/documentos-site-copel\/ETmC902f-pdNg6jBVtsf81YBo1Yu7kDcAbc7sj0QQF5VzQ?e=But88g\" target=\"_blank\" rel=\"noopener\">Opera\u00e7\u00e3o de Subesta\u00e7\u00e3o MT<\/a><\/p><p>Grupo 4-400 &#8211;\u00a0<a href=\"https:\/\/copel0.sharepoint.com\/:b:\/s\/documentos-site-copel\/Ecowad_xVL9FgdYt7xSIXg8BAQao0XpaEkmr2N-4ibxONQ?e=fP24Xv\" target=\"_blank\" rel=\"noopener\">Opera\u00e7\u00e3o de Subesta\u00e7\u00e3o AT<\/a><\/p><p>Grupo 5-100 &#8211;\u00a0<a href=\"https:\/\/copel0.sharepoint.com\/:b:\/s\/documentos-site-copel\/EQKYofOqZExLoVABZFNUTPgBRUi1vsWPU6luio9-zdzJ4A?e=5AgEu9\" target=\"_blank\" rel=\"noopener\">Manuten\u00e7\u00e3o e Constru\u00e7\u00e3o de Redes com LM<\/a><\/p><p>Grupo 5-200 &#8211;\u00a0<a href=\"https:\/\/copel0.sharepoint.com\/:b:\/s\/documentos-site-copel\/EWU6xG8pzahKrMizjCb8f7ABxaZMMyqDoFCCbV-qNhVPZg?e=mAWJDH\" target=\"_blank\" rel=\"noopener\">Manuten\u00e7\u00e3o e Constru\u00e7\u00e3o de Redes com LV<\/a><\/p><p>Grupo 5-300 &#8211;\u00a0<a href=\"https:\/\/copel0.sharepoint.com\/:b:\/s\/documentos-site-copel\/EUAvK9KbWjhCuMqVw6YjAQ8BWBiuv2VCn_Kv3KoCjujhqg?e=CpY79t\" target=\"_blank\" rel=\"noopener\">Manuten\u00e7\u00e3o Eletromec\u00e2nica em Subesta\u00e7\u00f5es com LM<\/a><\/p><p>Grupo 5-400 &#8211;\u00a0<a href=\"https:\/\/copel0.sharepoint.com\/:b:\/s\/documentos-site-copel\/ESyj-Bhdhs9HoHGuixcoySkBRPhuOpPgWgvK-RFMKZbRRw?e=YMIISl\" target=\"_blank\" rel=\"noopener\">Manuten\u00e7\u00e3o Eletromec\u00e2nica em Subesta\u00e7\u00f5es com LV<\/a><\/p><p>Grupo 5-500 &#8211;\u00a0<a href=\"https:\/\/copel0.sharepoint.com\/:b:\/s\/documentos-site-copel\/IQC6TEP2oV4rR6duD6lNAzMDAa90_JGIVVAfnRYosxpwjy4?e=NWEecw\" target=\"_blank\" rel=\"noopener\">Manuten\u00e7\u00e3o e Constru\u00e7\u00e3o de Redes Subterr\u00e2neas<\/a><\/p><p>Grupo 5-700 &#8211;\u00a0<a href=\"https:\/\/copel0.sharepoint.com\/:b:\/s\/documentos-site-copel\/ESgZ691J6ClOnYleqxQQBFgBNh9JUgdybizmMSfuWm5JcA?e=3z6yfg\" target=\"_blank\" rel=\"noopener\">Manuten\u00e7\u00e3o Eletroeletr\u00f4nica<\/a><\/p><p>Grupo 5-800 &#8211;\u00a0<a href=\"https:\/\/copel0.sharepoint.com\/:b:\/s\/documentos-site-copel\/EeFYimzga0BCpE7t-R8UwKcB0oGhPHMGGnPsW7M6QML79w?e=DoqoRR\" target=\"_blank\" rel=\"noopener\">Manuten\u00e7\u00e3o em Linhas de Distribui\u00e7\u00e3o AT com LM<\/a><\/p><p>Grupo 5-900 &#8211;\u00a0<a href=\"https:\/\/copel0.sharepoint.com\/:b:\/s\/documentos-site-copel\/EbRNbFg4BrJKhKrUIgdLMY8B1Rmme0EfTynN6h6RGWrTmQ?e=GPaeIW\" target=\"_blank\" rel=\"noopener\">Manuten\u00e7\u00e3o em Linhas de Distribui\u00e7\u00e3o AT com LV<\/a><\/p><p>Grupo 6-400 &#8211;\u00a0<a href=\"https:\/\/copel0.sharepoint.com\/:b:\/s\/documentos-site-copel\/EdjAiqR1qjFCr97AwKdUJg4BppispfvyrwJQmGG-qB3TNw?e=40d1Nr\" target=\"_blank\" rel=\"noopener\">Constru\u00e7\u00e3o de Linhas de Distribui\u00e7\u00e3o AT<\/a><\/p><p>Grupo 6-500 &#8211;\u00a0<a href=\"https:\/\/copel0.sharepoint.com\/:b:\/s\/documentos-site-copel\/EctMkYLeNv1Cqo85w2sRZ5MBQWttFIvlsMA8FWsZalh4Aw?e=vo9CGl\" target=\"_blank\" rel=\"noopener\">Constru\u00e7\u00e3o e Amplia\u00e7\u00e3o de Subesta\u00e7\u00f5es<\/a><\/p><p>Grupo 7-100 &#8211;\u00a0<a href=\"https:\/\/copel0.sharepoint.com\/:b:\/s\/documentos-site-copel\/ETJ9OPfHuDlDiiSXszx-zlwBFF5R4QaB356NKnVytMdqxA?e=AHHEqD\" target=\"_blank\" rel=\"noopener\">Tarefas Insulares<\/a><\/p><p>Grupo 7-200 &#8211;\u00a0<a href=\"https:\/\/copel0.sharepoint.com\/:b:\/s\/documentos-site-copel\/ETg2fkbpZShOmODPV3ZeRR8BJ6SJiUS-zchSOwUx28-GJQ?e=a8UvS8\" target=\"_blank\" rel=\"noopener\">Manuten\u00e7\u00e3o e Constru\u00e7\u00e3o de Sistemas Fotovoltaicos<\/a><\/p><p>Grupo 7-300 &#8211;\u00a0<a href=\"https:\/\/copel0.sharepoint.com\/:b:\/s\/documentos-site-copel\/EYp7amIdH79Ei8tVa2qCVQEBMv54L8sigSVJOSkyPlFAHQ?e=aiRzac\" target=\"_blank\" rel=\"noopener\">Almoxarifado<\/a><\/p><p>Grupo 7-400 &#8211;\u00a0<a href=\"https:\/\/copel0.sharepoint.com\/:b:\/s\/documentos-site-copel\/ESwcWnsUWgFNtBd7wgNh8IsBM6rhfZSsd8nPyV_AUDzRFQ?e=jabj0X\">Leitura<\/a>\u00a0&#8211; Vers\u00e3o 2020\/2021<\/p><p>Grupo 7-500 &#8211; <a href=\"https:\/\/copel0.sharepoint.com\/:b:\/s\/documentos-site-copel\/EUB5fyirYFlHpB4j9xEXbMEB2JVQlvFpF4Gl04PDl0__kQ?e=cuI5un\" target=\"_blank\" rel=\"noopener\">Manuten\u00e7\u00e3o em Sistemas de Telecomunica\u00e7\u00f5es<\/a><\/p><p><span data-teams=\"true\"><span class=\"ui-provider a b c d e f g h i j k l m n o p q r s t u v w x y z ab ac ae af ag ah ai aj ak\" dir=\"ltr\">Grupo 7-600 \u2013 <a href=\"https:\/\/copel0.sharepoint.com\/:b:\/s\/documentos-site-copel\/Eejou1P9kHJCs7XaLXRK1_sBIkFTiBYq-wtnzI-1v9uQ7Q?e=IzoABd\" target=\"_blank\" rel=\"noopener\">Manuten\u00e7\u00e3o de Vegeta\u00e7\u00e3o de Redes e Linhas<\/a><\/span><\/span><\/p>\t\t\t\t\t\t\t\t<\/div>\n\t\t\t\t<\/div>\n\t\t\t\t\t<\/div>\n\t\t<\/div>\n\t\t\t\t\t<\/div>\n\t\t<\/section>\n\t\t\t\t<\/div>\n\t\t","protected":false},"excerpt":{"rendered":"<p>Procedimento Operacional Padr\u00e3o \u2013 Tarefas padronizadas Grupo 1-100 &#8211;\u00a0Preliminares Rede A\u00e9rea Grupo 1-200 &#8211;\u00a0Preliminares Rede Subterr\u00e2nea Grupo 1-300 &#8211;\u00a0Preliminares para Manuten\u00e7\u00e3o e Constru\u00e7\u00e3o Eletromec\u00e2nica em Subesta\u00e7\u00e3o Grupo 1-400 &#8211;\u00a0Preliminares para Manuten\u00e7\u00e3o de Linhas de Distribui\u00e7\u00e3o AT Grupo 1-500 &#8211;\u00a0Preliminares para Tarefas Insulares Grupo 1-600 &#8211;\u00a0Preliminares para Constru\u00e7\u00e3o de Linhas de Distribui\u00e7\u00e3o AT Grupo 2-100 &#8211;\u00a0Servi\u00e7os [&hellip;]<\/p>\n","protected":false},"author":6,"featured_media":0,"parent":1041,"menu_order":0,"comment_status":"closed","ping_status":"closed","template":"elementor_header_footer","meta":{"_acf_changed":false,"footnotes":""},"categories":[],"tags":[],"wf_page_folders":[475],"class_list":["post-2361","page","type-page","status-publish","hentry"],"acf":[],"aioseo_notices":[],"_links":{"self":[{"href":"https:\/\/www.copel.com\/site\/wp-json\/wp\/v2\/pages\/2361","targetHints":{"allow":["GET"]}}],"collection":[{"href":"https:\/\/www.copel.com\/site\/wp-json\/wp\/v2\/pages"}],"about":[{"href":"https:\/\/www.copel.com\/site\/wp-json\/wp\/v2\/types\/page"}],"author":[{"embeddable":true,"href":"https:\/\/www.copel.com\/site\/wp-json\/wp\/v2\/users\/6"}],"replies":[{"embeddable":true,"href":"https:\/\/www.copel.com\/site\/wp-json\/wp\/v2\/comments?post=2361"}],"version-history":[{"count":21,"href":"https:\/\/www.copel.com\/site\/wp-json\/wp\/v2\/pages\/2361\/revisions"}],"predecessor-version":[{"id":52033,"href":"https:\/\/www.copel.com\/site\/wp-json\/wp\/v2\/pages\/2361\/revisions\/52033"}],"up":[{"embeddable":true,"href":"https:\/\/www.copel.com\/site\/wp-json\/wp\/v2\/pages\/1041"}],"wp:attachment":[{"href":"https:\/\/www.copel.com\/site\/wp-json\/wp\/v2\/media?parent=2361"}],"wp:term":[{"taxonomy":"category","embeddable":true,"href":"https:\/\/www.copel.com\/site\/wp-json\/wp\/v2\/categories?post=2361"},{"taxonomy":"post_tag","embeddable":true,"href":"https:\/\/www.copel.com\/site\/wp-json\/wp\/v2\/tags?post=2361"},{"taxonomy":"wf_page_folders","embeddable":true,"href":"https:\/\/www.copel.com\/site\/wp-json\/wp\/v2\/wf_page_folders?post=2361"}],"curies":[{"name":"wp","href":"https:\/\/api.w.org\/{rel}","templated":true}]}}