{"id":23352,"date":"2022-03-07T16:42:58","date_gmt":"2022-03-07T19:42:58","guid":{"rendered":"https:\/\/www.copel.com\/site\/?page_id=23352"},"modified":"2024-05-21T11:11:21","modified_gmt":"2024-05-21T14:11:21","slug":"duvidas-sobre-copel-transmissao","status":"publish","type":"page","link":"https:\/\/www.copel.com\/site\/copel-transmissao\/duvidas-sobre-copel-transmissao\/","title":{"rendered":"D\u00favidas sobre Copel Transmiss\u00e3o"},"content":{"rendered":"\t\t<div data-elementor-type=\"wp-page\" data-elementor-id=\"23352\" class=\"elementor elementor-23352\" data-elementor-post-type=\"page\">\n\t\t\t\t\t\t<section class=\"elementor-section elementor-top-section elementor-element elementor-element-4714bd05 elementor-section-full_width elementor-section-height-default elementor-section-height-default\" data-id=\"4714bd05\" data-element_type=\"section\" data-e-type=\"section\">\n\t\t\t\t\t\t<div class=\"elementor-container elementor-column-gap-default\">\n\t\t\t\t\t<div class=\"elementor-column elementor-col-100 elementor-top-column elementor-element elementor-element-7c12e81f\" data-id=\"7c12e81f\" data-element_type=\"column\" data-e-type=\"column\">\n\t\t\t<div class=\"elementor-widget-wrap elementor-element-populated\">\n\t\t\t\t\t\t<section class=\"elementor-section elementor-inner-section elementor-element elementor-element-70e756f9 elementor-section-full_width elementor-section-height-min-height elementor-section-height-default\" data-id=\"70e756f9\" data-element_type=\"section\" data-e-type=\"section\">\n\t\t\t\t\t\t<div class=\"elementor-container elementor-column-gap-default\">\n\t\t\t\t\t<div class=\"elementor-column elementor-col-33 elementor-inner-column elementor-element elementor-element-6ee43248 imgArea\" data-id=\"6ee43248\" data-element_type=\"column\" data-e-type=\"column\" data-settings=\"{&quot;background_background&quot;:&quot;classic&quot;}\">\n\t\t\t<div class=\"elementor-widget-wrap elementor-element-populated\">\n\t\t\t\t\t<div class=\"elementor-background-overlay\"><\/div>\n\t\t\t\t\t\t<div class=\"elementor-element elementor-element-74ca329d elementor-hidden-desktop elementor-hidden-tablet elementor-hidden-mobile elementor-widget elementor-widget-button\" data-id=\"74ca329d\" data-element_type=\"widget\" data-e-type=\"widget\" data-widget_type=\"button.default\">\n\t\t\t\t<div class=\"elementor-widget-container\">\n\t\t\t\t\t\t\t\t\t<div class=\"elementor-button-wrapper\">\n\t\t\t\t\t<a class=\"elementor-button elementor-button-link elementor-size-sm\" href=\"\/site\/copel-transmissao\/faturas-copel-transmissao\/\">\n\t\t\t\t\t\t<span class=\"elementor-button-content-wrapper\">\n\t\t\t\t\t\t\t\t\t<span class=\"elementor-button-text\">Faturas para pagamento<\/span>\n\t\t\t\t\t<\/span>\n\t\t\t\t\t<\/a>\n\t\t\t\t<\/div>\n\t\t\t\t\t\t\t\t<\/div>\n\t\t\t\t<\/div>\n\t\t\t\t\t<\/div>\n\t\t<\/div>\n\t\t\t\t<div class=\"elementor-column elementor-col-66 elementor-inner-column elementor-element elementor-element-1d02ffa\" data-id=\"1d02ffa\" data-element_type=\"column\" data-e-type=\"column\">\n\t\t\t<div class=\"elementor-widget-wrap elementor-element-populated\">\n\t\t\t\t\t\t<div class=\"elementor-element elementor-element-9d9b568 elementor-widget elementor-widget-heading\" data-id=\"9d9b568\" data-element_type=\"widget\" data-e-type=\"widget\" data-widget_type=\"heading.default\">\n\t\t\t\t<div class=\"elementor-widget-container\">\n\t\t\t\t\t<h2 class=\"elementor-heading-title elementor-size-default\">Entre em contato com a Copel Transmiss\u00e3o<\/h2>\t\t\t\t<\/div>\n\t\t\t\t<\/div>\n\t\t\t\t<div class=\"elementor-element elementor-element-0da75fd elementor-widget elementor-widget-text-editor\" data-id=\"0da75fd\" data-element_type=\"widget\" data-e-type=\"widget\" data-widget_type=\"text-editor.default\">\n\t\t\t\t<div class=\"elementor-widget-container\">\n\t\t\t\t\t\t\t\t\t<p><span style=\"text-decoration: underline;\"><strong><span lang=\"PT-BR\" xml:lang=\"PT-BR\" data-contrast=\"auto\">Este canal \u00e9 exclusivo para d\u00favidas e pedidos de informa\u00e7\u00e3o relacionados \u00e0s linhas de transmiss<\/span><span lang=\"PT-BR\" xml:lang=\"PT-BR\" data-contrast=\"auto\">\u00e3o de energia e subesta\u00e7\u00f5es da rede b<\/span><span lang=\"PT-BR\" xml:lang=\"PT-BR\" data-contrast=\"auto\">\u00e1sica (<\/span><span lang=\"PT-BR\" xml:lang=\"PT-BR\" data-contrast=\"auto\">iguais ou acima de 230&nbsp;<\/span><span lang=\"PT-BR\" xml:lang=\"PT-BR\" data-contrast=\"auto\">kV<\/span><span lang=\"PT-BR\" xml:lang=\"PT-BR\" data-contrast=\"auto\">).<\/span><\/strong><\/span><\/p>\n<p><span lang=\"PT-BR\" xml:lang=\"PT-BR\" data-contrast=\"auto\">Para assuntos referentes \u00e0s usinas da Copel e \u00e0 gera\u00e7\u00e3o de energia, <a href=\"https:\/\/www.copel.com\/site\/copel-geracao\/duvidas-sobre-geracao\/\">clique aqui<\/a>.<br><\/span><\/p>\n<p>Solicita\u00e7\u00f5es de servi\u00e7os ou outros pedidos relacionados \u00e0 distribui\u00e7\u00e3o de energia el\u00e9trica devem ser encaminhados \u00e0 ag\u00eancia virtual, por meio deste&nbsp;<a style=\"background-color: #ffffff;\" href=\"https:\/\/www.copel.com\/avaweb\/paginaLogin\/login.jsf\">link<\/a>&nbsp;ou pelo 0800 51 00 116.<\/p>\t\t\t\t\t\t\t\t<\/div>\n\t\t\t\t<\/div>\n\t\t\t\t<div class=\"elementor-element elementor-element-9bccaba elementor-widget elementor-widget-wpforms\" data-id=\"9bccaba\" data-element_type=\"widget\" data-e-type=\"widget\" data-widget_type=\"wpforms.default\">\n\t\t\t\t<div class=\"elementor-widget-container\">\n\t\t\t\t\t<div class=\"wpforms-container wpforms-container-full wpforms-render-modern\" id=\"wpforms-23660\"><form id=\"wpforms-form-23660\" class=\"wpforms-validate wpforms-form wpforms-ajax-form\" data-formid=\"23660\" method=\"post\" enctype=\"multipart\/form-data\" action=\"\/site\/wp-json\/wp\/v2\/pages\/23352\" data-token=\"fe3f1338cd9e1ec7b72681269d269ac8\" data-token-time=\"1776847120\"><noscript class=\"wpforms-error-noscript\">Ative o JavaScript no seu navegador para preencher este formul\u00e1rio.<\/noscript><div id=\"wpforms-error-noscript\" style=\"display: none;\">Ative o JavaScript no seu navegador para preencher este formul\u00e1rio.<\/div><div class=\"wpforms-field-container\"><div id=\"wpforms-23660-field_0-container\" class=\"wpforms-field wpforms-field-name\" data-field-type=\"name\" data-field-id=\"0\"><fieldset><legend class=\"wpforms-field-label\">Nome <span class=\"wpforms-required-label\" aria-hidden=\"true\">*<\/span><\/legend><div class=\"wpforms-field-row wpforms-field-medium\"><div class=\"wpforms-field-row-block wpforms-first wpforms-one-half\"><input type=\"text\" id=\"wpforms-23660-field_0\" class=\"wpforms-field-name-first wpforms-field-required\" name=\"wpforms[fields][0][first]\" aria-errormessage=\"wpforms-23660-field_0-error\" required><label for=\"wpforms-23660-field_0\" class=\"wpforms-field-sublabel after\">Nome<\/label><\/div><div class=\"wpforms-field-row-block wpforms-one-half\"><input type=\"text\" id=\"wpforms-23660-field_0-last\" class=\"wpforms-field-name-last wpforms-field-required\" name=\"wpforms[fields][0][last]\" aria-errormessage=\"wpforms-23660-field_0-last-error\" required><label for=\"wpforms-23660-field_0-last\" class=\"wpforms-field-sublabel after\">Sobrenome<\/label><\/div><\/div><\/fieldset><\/div><div id=\"wpforms-23660-field_1-container\" class=\"wpforms-field wpforms-field-email\" data-field-type=\"email\" data-field-id=\"1\"><label class=\"wpforms-field-label\" for=\"wpforms-23660-field_1\">E-mail <span class=\"wpforms-required-label\" aria-hidden=\"true\">*<\/span><\/label><input type=\"email\" id=\"wpforms-23660-field_1\" class=\"wpforms-field-medium wpforms-field-required\" name=\"wpforms[fields][1]\" spellcheck=\"false\" aria-errormessage=\"wpforms-23660-field_1-error\" required><\/div><div id=\"wpforms-23660-field_3-container\" class=\"wpforms-field wpforms-field-select wpforms-field-select-style-classic\" data-field-type=\"select\" data-field-id=\"3\"><label class=\"wpforms-field-label\" for=\"wpforms-23660-field_3\">Assunto <span class=\"wpforms-required-label\" aria-hidden=\"true\">*<\/span><\/label><select id=\"wpforms-23660-field_3\" class=\"wpforms-field-medium wpforms-field-required\" name=\"wpforms[fields][3]\" required=\"required\"><option value=\"\" class=\"placeholder\" disabled  selected='selected'>Assunto<\/option><option value=\"Linhas de Transmiss\u00e3o e Subesta\u00e7\u00f5es (PR)\"  class=\"choice-35 depth-1\"  >Linhas de Transmiss\u00e3o e Subesta\u00e7\u00f5es (PR)<\/option><option value=\"Linhas de Transmiss\u00e3o e Subesta\u00e7\u00f5es (outros estados)\"  class=\"choice-36 depth-1\"  >Linhas de Transmiss\u00e3o e Subesta\u00e7\u00f5es (outros estados)<\/option><option value=\"Uirapuru Transmissora de Energia\"  class=\"choice-38 depth-1\"  >Uirapuru Transmissora de Energia<\/option><option value=\"Outros assuntos relacionados \u00e0 Transmiss\u00e3o\"  class=\"choice-37 depth-1\"  >Outros assuntos relacionados \u00e0 Transmiss\u00e3o<\/option><option value=\"Atendimento ao consumidor\"  class=\"choice-34 depth-1\"  >Atendimento ao consumidor<\/option><\/select><\/div><div id=\"wpforms-23660-field_2-container\" class=\"wpforms-field wpforms-field-textarea\" data-field-type=\"textarea\" data-field-id=\"2\"><label class=\"wpforms-field-label\" for=\"wpforms-23660-field_2\">Mensagem <span class=\"wpforms-required-label\" aria-hidden=\"true\">*<\/span><\/label><textarea id=\"wpforms-23660-field_2\" class=\"wpforms-field-medium wpforms-field-required\" name=\"wpforms[fields][2]\" aria-errormessage=\"wpforms-23660-field_2-error\" required><\/textarea><\/div><\/div><!-- .wpforms-field-container --><div class=\"wpforms-submit-container\" ><input type=\"hidden\" name=\"wpforms[id]\" value=\"23660\"><input type=\"hidden\" name=\"page_title\" value=\"\"><input type=\"hidden\" name=\"page_url\" value=\"https:\/\/www.copel.com\/site\/wp-json\/wp\/v2\/pages\/23352\"><input type=\"hidden\" name=\"url_referer\" value=\"\"><button type=\"submit\" name=\"wpforms[submit]\" id=\"wpforms-submit-23660\" class=\"wpforms-submit\" data-alt-text=\"Enviando...\" data-submit-text=\"Enviar\" aria-live=\"assertive\" value=\"wpforms-submit\">Enviar<\/button><img decoding=\"async\" src=\"https:\/\/www.copel.com\/site\/wp-content\/plugins\/wpforms\/assets\/images\/submit-spin.svg\" class=\"wpforms-submit-spinner\" style=\"display: none;\" width=\"26\" height=\"26\" alt=\"A Carregar\"><\/div><\/form><\/div>  <!-- .wpforms-container -->\t\t\t\t<\/div>\n\t\t\t\t<\/div>\n\t\t\t\t\t<\/div>\n\t\t<\/div>\n\t\t\t\t\t<\/div>\n\t\t<\/section>\n\t\t\t\t\t<\/div>\n\t\t<\/div>\n\t\t\t\t\t<\/div>\n\t\t<\/section>\n\t\t\t\t<\/div>\n\t\t","protected":false},"excerpt":{"rendered":"<p>Faturas para pagamento Entre em contato com a Copel Transmiss\u00e3o Este canal \u00e9 exclusivo para d\u00favidas e pedidos de informa\u00e7\u00e3o relacionados \u00e0s linhas de transmiss\u00e3o de energia e subesta\u00e7\u00f5es da rede b\u00e1sica (iguais ou acima de 230&nbsp;kV). Para assuntos referentes \u00e0s usinas da Copel e \u00e0 gera\u00e7\u00e3o de energia, clique aqui. Solicita\u00e7\u00f5es de servi\u00e7os ou [&hellip;]<\/p>\n","protected":false},"author":6,"featured_media":0,"parent":23318,"menu_order":0,"comment_status":"closed","ping_status":"closed","template":"elementor_header_footer","meta":{"_acf_changed":false,"footnotes":""},"categories":[],"tags":[],"wf_page_folders":[504],"class_list":["post-23352","page","type-page","status-publish","hentry"],"acf":[],"aioseo_notices":[],"_links":{"self":[{"href":"https:\/\/www.copel.com\/site\/wp-json\/wp\/v2\/pages\/23352","targetHints":{"allow":["GET"]}}],"collection":[{"href":"https:\/\/www.copel.com\/site\/wp-json\/wp\/v2\/pages"}],"about":[{"href":"https:\/\/www.copel.com\/site\/wp-json\/wp\/v2\/types\/page"}],"author":[{"embeddable":true,"href":"https:\/\/www.copel.com\/site\/wp-json\/wp\/v2\/users\/6"}],"replies":[{"embeddable":true,"href":"https:\/\/www.copel.com\/site\/wp-json\/wp\/v2\/comments?post=23352"}],"version-history":[{"count":19,"href":"https:\/\/www.copel.com\/site\/wp-json\/wp\/v2\/pages\/23352\/revisions"}],"predecessor-version":[{"id":38657,"href":"https:\/\/www.copel.com\/site\/wp-json\/wp\/v2\/pages\/23352\/revisions\/38657"}],"up":[{"embeddable":true,"href":"https:\/\/www.copel.com\/site\/wp-json\/wp\/v2\/pages\/23318"}],"wp:attachment":[{"href":"https:\/\/www.copel.com\/site\/wp-json\/wp\/v2\/media?parent=23352"}],"wp:term":[{"taxonomy":"category","embeddable":true,"href":"https:\/\/www.copel.com\/site\/wp-json\/wp\/v2\/categories?post=23352"},{"taxonomy":"post_tag","embeddable":true,"href":"https:\/\/www.copel.com\/site\/wp-json\/wp\/v2\/tags?post=23352"},{"taxonomy":"wf_page_folders","embeddable":true,"href":"https:\/\/www.copel.com\/site\/wp-json\/wp\/v2\/wf_page_folders?post=23352"}],"curies":[{"name":"wp","href":"https:\/\/api.w.org\/{rel}","templated":true}]}}