{"id":23323,"date":"2022-03-07T16:42:59","date_gmt":"2022-03-07T19:42:59","guid":{"rendered":"https:\/\/www.copel.com\/site\/?page_id=23323"},"modified":"2025-02-14T16:29:39","modified_gmt":"2025-02-14T19:29:39","slug":"projetos-em-andamento","status":"publish","type":"page","link":"https:\/\/www.copel.com\/site\/copel-transmissao\/projetos-em-andamento\/","title":{"rendered":"Projetos em andamento"},"content":{"rendered":"\t\t<div data-elementor-type=\"wp-page\" data-elementor-id=\"23323\" class=\"elementor elementor-23323\" data-elementor-post-type=\"page\">\n\t\t\t\t\t\t<section class=\"elementor-section elementor-top-section elementor-element elementor-element-7362a9f3 elementor-section-full_width imgDestaque elementor-section-content-middle elementor-section-height-default elementor-section-height-default\" data-id=\"7362a9f3\" data-element_type=\"section\" data-e-type=\"section\" data-settings=\"{&quot;background_background&quot;:&quot;classic&quot;}\">\n\t\t\t\t\t\t\t<div class=\"elementor-background-overlay\"><\/div>\n\t\t\t\t\t\t\t<div class=\"elementor-container elementor-column-gap-default\">\n\t\t\t\t\t<div class=\"elementor-column elementor-col-100 elementor-top-column elementor-element elementor-element-4f45e2ee box-destaque\" data-id=\"4f45e2ee\" data-element_type=\"column\" data-e-type=\"column\">\n\t\t\t<div class=\"elementor-widget-wrap elementor-element-populated\">\n\t\t\t\t\t\t<div class=\"elementor-element elementor-element-74279740 elementor-widget elementor-widget-heading\" data-id=\"74279740\" data-element_type=\"widget\" data-e-type=\"widget\" data-widget_type=\"heading.default\">\n\t\t\t\t<div class=\"elementor-widget-container\">\n\t\t\t\t\t<h1 class=\"elementor-heading-title elementor-size-default\">Projetos em andamento<\/h1>\t\t\t\t<\/div>\n\t\t\t\t<\/div>\n\t\t\t\t\t<\/div>\n\t\t<\/div>\n\t\t\t\t\t<\/div>\n\t\t<\/section>\n\t\t\t\t<section class=\"elementor-section elementor-top-section elementor-element elementor-element-47d66791 elementor-section-full_width elementor-section-height-default elementor-section-height-default\" data-id=\"47d66791\" data-element_type=\"section\" data-e-type=\"section\">\n\t\t\t\t\t\t<div class=\"elementor-container elementor-column-gap-default\">\n\t\t\t\t\t<div class=\"elementor-column elementor-col-33 elementor-top-column elementor-element elementor-element-1da8503c\" data-id=\"1da8503c\" data-element_type=\"column\" data-e-type=\"column\">\n\t\t\t<div class=\"elementor-widget-wrap elementor-element-populated\">\n\t\t\t\t\t\t<div class=\"elementor-element elementor-element-7d93468d elementor-nav-menu__align-justify menuTroca elementor-nav-menu--dropdown-tablet elementor-nav-menu__text-align-aside elementor-nav-menu--toggle elementor-nav-menu--burger elementor-widget elementor-widget-nav-menu\" data-id=\"7d93468d\" data-element_type=\"widget\" data-e-type=\"widget\" data-settings=\"{&quot;layout&quot;:&quot;vertical&quot;,&quot;submenu_icon&quot;:{&quot;value&quot;:&quot;&lt;i class=\\&quot;fas fa-caret-down\\&quot; aria-hidden=\\&quot;true\\&quot;&gt;&lt;\\\/i&gt;&quot;,&quot;library&quot;:&quot;fa-solid&quot;},&quot;toggle&quot;:&quot;burger&quot;}\" data-widget_type=\"nav-menu.default\">\n\t\t\t\t<div class=\"elementor-widget-container\">\n\t\t\t\t\t\t\t\t<nav aria-label=\"Menu\" class=\"elementor-nav-menu--main elementor-nav-menu__container elementor-nav-menu--layout-vertical e--pointer-underline e--animation-fade\">\n\t\t\t\t<ul id=\"menu-1-7d93468d\" class=\"elementor-nav-menu sm-vertical\"><li class=\"menu-item menu-item-type-custom menu-item-object-custom menu-item-23357\"><a href=\"\/site\/copel-transmissao\/\" class=\"elementor-item\">Copel Transmiss\u00e3o<\/a><\/li>\n<li class=\"menu-item menu-item-type-custom menu-item-object-custom menu-item-23405\"><a href=\"https:\/\/copel0.sharepoint.com\/:f:\/s\/documentos-site-copel\/EutTa7M4EmRKiHejMBb1TPgBolAcRtGXW9LMAfe3OlOugw?e=Ub5qP9\" class=\"elementor-item\">Certificados ISO<\/a><\/li>\n<li class=\"menu-item menu-item-type-custom menu-item-object-custom menu-item-23407\"><a href=\"https:\/\/ri.copel.com\/subsidiarias\/copel-geracao-e-transmissao-s-a\/\" class=\"elementor-item\">Demonstra\u00e7\u00f5es financeiras e cont\u00e1beis<\/a><\/li>\n<li class=\"menu-item menu-item-type-custom menu-item-object-custom menu-item-23408\"><a href=\"\/site\/institucional\/estatutos-sociais-e-regimentos-internos\/\" class=\"elementor-item\">Estatuto social<\/a><\/li>\n<li class=\"menu-item menu-item-type-custom menu-item-object-custom menu-item-23403\"><a href=\"\/site\/copel-transmissao\/faturas-copel-transmissao\/\" class=\"elementor-item\">Faturas Copel Transmiss\u00e3o<\/a><\/li>\n<li class=\"menu-item menu-item-type-custom menu-item-object-custom menu-item-23409\"><a href=\"\/site\/fornecedores-e-parceiros\/gestao-de-fornecedores-copel-geracao-transmissao\/\" class=\"elementor-item\">Gest\u00e3o de fornecedores<\/a><\/li>\n<li class=\"menu-item menu-item-type-custom menu-item-object-custom menu-item-23400\"><a href=\"\/site\/copel-transmissao\/linhas-e-subestacoes\/\" class=\"elementor-item\">Linhas e subesta\u00e7\u00f5es<\/a><\/li>\n<li class=\"menu-item menu-item-type-custom menu-item-object-custom menu-item-has-children menu-item-23401\"><a href=\"\/site\/copel-transmissao\/projetos-em-andamento\/\" class=\"elementor-item\">Projetos em andamento<\/a>\n<ul class=\"sub-menu elementor-nav-menu--dropdown\">\n\t<li class=\"menu-item menu-item-type-custom menu-item-object-custom menu-item-23402\"><a href=\"\/site\/copel-transmissao\/projetos-em-andamento\/recapacitacao-das-linhas-de-transmissao-bateias-pilarzinho-e-santa-monica-pilarzinho\/\" class=\"elementor-sub-item\">Recapacita\u00e7\u00e3o das LTs Bateias &#8211; Pilarzinho &#8211; Santa M\u00f4nica<\/a><\/li>\n<\/ul>\n<\/li>\n<li class=\"menu-item menu-item-type-custom menu-item-object-custom menu-item-23406\"><a href=\"https:\/\/ri.copel.com\/sustentabilidade\/relatorios-anuais-e-socioambientais\/\" class=\"elementor-item\">Relat\u00f3rios socioambientais<\/a><\/li>\n<li class=\"menu-item menu-item-type-custom menu-item-object-custom menu-item-23404\"><a href=\"\/site\/copel-transmissao\/contato-copel-transmissao\/\" class=\"elementor-item\">Contato<\/a><\/li>\n<li class=\"menu-item menu-item-type-post_type menu-item-object-page menu-item-27690\"><a href=\"https:\/\/www.copel.com\/site\/copel-geracao\/cadastro-ambiental-rural-car\/\" class=\"elementor-item\">Cadastro ambiental rural \u2013 CAR<\/a><\/li>\n<\/ul>\t\t\t<\/nav>\n\t\t\t\t\t<div class=\"elementor-menu-toggle\" role=\"button\" tabindex=\"0\" aria-label=\"Menu Toggle\" aria-expanded=\"false\">\n\t\t\t<i aria-hidden=\"true\" role=\"presentation\" class=\"elementor-menu-toggle__icon--open eicon-menu-bar\"><\/i><i aria-hidden=\"true\" role=\"presentation\" class=\"elementor-menu-toggle__icon--close eicon-close\"><\/i>\t\t<\/div>\n\t\t\t\t\t<nav class=\"elementor-nav-menu--dropdown elementor-nav-menu__container\" aria-hidden=\"true\">\n\t\t\t\t<ul id=\"menu-2-7d93468d\" class=\"elementor-nav-menu sm-vertical\"><li class=\"menu-item menu-item-type-custom menu-item-object-custom menu-item-23357\"><a href=\"\/site\/copel-transmissao\/\" class=\"elementor-item\" tabindex=\"-1\">Copel Transmiss\u00e3o<\/a><\/li>\n<li class=\"menu-item menu-item-type-custom menu-item-object-custom menu-item-23405\"><a href=\"https:\/\/copel0.sharepoint.com\/:f:\/s\/documentos-site-copel\/EutTa7M4EmRKiHejMBb1TPgBolAcRtGXW9LMAfe3OlOugw?e=Ub5qP9\" class=\"elementor-item\" tabindex=\"-1\">Certificados ISO<\/a><\/li>\n<li class=\"menu-item menu-item-type-custom menu-item-object-custom menu-item-23407\"><a href=\"https:\/\/ri.copel.com\/subsidiarias\/copel-geracao-e-transmissao-s-a\/\" class=\"elementor-item\" tabindex=\"-1\">Demonstra\u00e7\u00f5es financeiras e cont\u00e1beis<\/a><\/li>\n<li class=\"menu-item menu-item-type-custom menu-item-object-custom menu-item-23408\"><a href=\"\/site\/institucional\/estatutos-sociais-e-regimentos-internos\/\" class=\"elementor-item\" tabindex=\"-1\">Estatuto social<\/a><\/li>\n<li class=\"menu-item menu-item-type-custom menu-item-object-custom menu-item-23403\"><a href=\"\/site\/copel-transmissao\/faturas-copel-transmissao\/\" class=\"elementor-item\" tabindex=\"-1\">Faturas Copel Transmiss\u00e3o<\/a><\/li>\n<li class=\"menu-item menu-item-type-custom menu-item-object-custom menu-item-23409\"><a href=\"\/site\/fornecedores-e-parceiros\/gestao-de-fornecedores-copel-geracao-transmissao\/\" class=\"elementor-item\" tabindex=\"-1\">Gest\u00e3o de fornecedores<\/a><\/li>\n<li class=\"menu-item menu-item-type-custom menu-item-object-custom menu-item-23400\"><a href=\"\/site\/copel-transmissao\/linhas-e-subestacoes\/\" class=\"elementor-item\" tabindex=\"-1\">Linhas e subesta\u00e7\u00f5es<\/a><\/li>\n<li class=\"menu-item menu-item-type-custom menu-item-object-custom menu-item-has-children menu-item-23401\"><a href=\"\/site\/copel-transmissao\/projetos-em-andamento\/\" class=\"elementor-item\" tabindex=\"-1\">Projetos em andamento<\/a>\n<ul class=\"sub-menu elementor-nav-menu--dropdown\">\n\t<li class=\"menu-item menu-item-type-custom menu-item-object-custom menu-item-23402\"><a href=\"\/site\/copel-transmissao\/projetos-em-andamento\/recapacitacao-das-linhas-de-transmissao-bateias-pilarzinho-e-santa-monica-pilarzinho\/\" class=\"elementor-sub-item\" tabindex=\"-1\">Recapacita\u00e7\u00e3o das LTs Bateias &#8211; Pilarzinho &#8211; Santa M\u00f4nica<\/a><\/li>\n<\/ul>\n<\/li>\n<li class=\"menu-item menu-item-type-custom menu-item-object-custom menu-item-23406\"><a href=\"https:\/\/ri.copel.com\/sustentabilidade\/relatorios-anuais-e-socioambientais\/\" class=\"elementor-item\" tabindex=\"-1\">Relat\u00f3rios socioambientais<\/a><\/li>\n<li class=\"menu-item menu-item-type-custom menu-item-object-custom menu-item-23404\"><a href=\"\/site\/copel-transmissao\/contato-copel-transmissao\/\" class=\"elementor-item\" tabindex=\"-1\">Contato<\/a><\/li>\n<li class=\"menu-item menu-item-type-post_type menu-item-object-page menu-item-27690\"><a href=\"https:\/\/www.copel.com\/site\/copel-geracao\/cadastro-ambiental-rural-car\/\" class=\"elementor-item\" tabindex=\"-1\">Cadastro ambiental rural \u2013 CAR<\/a><\/li>\n<\/ul>\t\t\t<\/nav>\n\t\t\t\t\t\t<\/div>\n\t\t\t\t<\/div>\n\t\t\t\t\t<\/div>\n\t\t<\/div>\n\t\t\t\t<div class=\"elementor-column elementor-col-66 elementor-top-column elementor-element elementor-element-77e8d25b\" data-id=\"77e8d25b\" data-element_type=\"column\" data-e-type=\"column\">\n\t\t\t<div class=\"elementor-widget-wrap elementor-element-populated\">\n\t\t\t\t\t\t<div class=\"elementor-element elementor-element-90c7c8c text-content content3 elementor-widget elementor-widget-text-editor\" data-id=\"90c7c8c\" data-element_type=\"widget\" data-e-type=\"widget\" data-widget_type=\"text-editor.default\">\n\t\t\t\t<div class=\"elementor-widget-container\">\n\t\t\t\t\t\t\t\t\t<p>Nos \u00faltimos tr\u00eas anos, a Copel dobrou a participa\u00e7\u00e3o em ativos de linhas de transmiss\u00e3o e subesta\u00e7\u00f5es, com o arremate de concess\u00f5es para obras em mais oito Estados brasileiros, al\u00e9m do Paran\u00e1. Confira os detalhes dos projetos:<\/p>\t\t\t\t\t\t\t\t<\/div>\n\t\t\t\t<\/div>\n\t\t\t\t<div class=\"elementor-element elementor-element-442925b elementor-widget elementor-widget-html\" data-id=\"442925b\" data-element_type=\"widget\" data-e-type=\"widget\" data-widget_type=\"html.default\">\n\t\t\t\t<div class=\"elementor-widget-container\">\n\t\t\t\t\t<table>\r\n<tbody>\r\n<tr>\r\n<th>Empreendimento<\/th>\r\n<th>Prazo do ato legal Aneel<\/th>\r\n<th>Situa\u00e7\u00e3o<\/th>\r\n<\/tr>\r\n<!--<tr>\r\n<td><b>SE 230 kV Guaira - Amplia\u00e7\u00e3o<\/b><br>Descri\u00e7\u00e3o: Substitui\u00e7\u00e3o do transformador trif\u00e1sico de 150 MVA por uma unidade de 225 MVA  e  Instala\u00e7\u00e3o do 3\u00b0 transformador de 225 MVA.<\/td>\r\n<td>24\/04\/2024<\/td>\r\n<td>Em execu\u00e7\u00e3o<\/td>\r\n<\/tr>\r\n\r\n<tr>\r\n<td><b>SE 230 kV Cidade Industrial de Curitiba - Amplia\u00e7\u00e3o<\/b><br>Descri\u00e7\u00e3o: Instala\u00e7\u00e3o do terceiro transformador de 50 MVA.<\/td>\r\n<td>13\/04\/2024<\/td>\r\n<td>Em execu\u00e7\u00e3o<\/td>\r\n<\/tr>-->\r\n<tr>\r\n<td><b>SE 230 kV Campo do Assobio - Refor\u00e7o  <\/b><br>Descri\u00e7\u00e3o: Descri\u00e7\u00e3o: Substitui\u00e7\u00e3o dos 2 transformadores de 75 MVA por 2 novas unidades de 150 MVA.<\/td>\r\n<td>27\/11\/2025<\/td>\r\n<td>Em andamento<\/td>\r\n<\/tr>\r\n<!--<tr>\r\n<td><b>LT 230 kV Gralha Azul - Umbar\u00e1 - Recapacita\u00e7\u00e3o<\/b><br>Descri\u00e7\u00e3o: Descri\u00e7\u00e3o: Recapacita\u00e7\u00e3o da LT 230 kV Gralha Azul - Umbar\u00e1, para limites de longa e curta dura\u00e7\u00e3o de 420 e 500 MVA.<\/td>\r\n<td>03\/11\/2025<\/td>\r\n<td>Em coleta de propostas<\/td>\r\n<\/tr>-->\r\n<tr>\r\n<td><b>LT 230 kV Cascavel - Salto Os\u00f3rio - Seccionamento<\/b><br>Descri\u00e7\u00e3o: Seccionamento da LT 230 kV Cascavel - Salto Os\u00f3rio na SE Foz do \r\nChopim 230 kV e instala\u00e7\u00e3o de dois novos bays 230 kV na subesta\u00e7\u00e3o;  constru\u00e7\u00e3o LT 230 kV circuito duplo, gerando os dois novos trechos LT 230 kV CEL-FOC e LT FOC-SOS.\r\n<\/td>\r\n<td>13\/02\/2026<\/td>\r\n<td>Em andamento<\/td>\r\n<\/tr>\r\n<tr>\r\n<td><b>\r\nSE 230 kV Campo Comprido - Melhoria<\/b><br>Descri\u00e7\u00e3o: \r\nSubstitui\u00e7\u00e3o do transformador 230-13,8 kV - 50 MVA;\r\nSubstitui\u00e7\u00e3o do transformador 230-13,8 kV - 50 MVA.\r\n<\/td>\r\n<td>23\/05\/2026<\/td>\r\n<td>Contrato assinando<\/td>\r\n<\/tr>\r\n<tr>\r\n<td><b>\r\nSE 230 kV Figueira - Melhoria<\/b><br>Descri\u00e7\u00e3o:\r\nSubstitui\u00e7\u00e3o do autotransformador 230\/138\/13,8 kV - 150 MVA;\r\nSubstitui\u00e7\u00e3o do reator de deriva\u00e7\u00e3o 13,8 kV - 10 MVAr;\r\nSubstitui\u00e7\u00e3o do reator de deriva\u00e7\u00e3o 13,8 kV - 5 MVAr.\r\n\r\n<\/td>\r\n<td>23\/05\/2026<\/td>\r\n<td>Contrato assinado<\/td>\r\n<\/tr>\r\n<tr>\r\n<td><b>\r\nSE 230 kV Londrina - Melhoria<\/b><br>Descri\u00e7\u00e3o: \r\nSubstitui\u00e7\u00e3o do autotransformador 230\/138\/13,8 kV - 150 MVA;\r\nSubstitui\u00e7\u00e3o do autotransformador 230\/138\/13,8 kV - 150 MVA.\r\n<\/td>\r\n<td>23\/05\/2026<\/td>\r\n<td>Contrato assinado<\/td>\r\n<\/tr>\r\n<tr>\r\n<td><b>\r\nSE 230 kV Maring\u00e1 - Melhoria<\/b><br>Descri\u00e7\u00e3o: \r\nSubstitui\u00e7\u00e3o do autotransformador 230\/138\/13,8 kV - 150 MVA.\r\n<\/td>\r\n<td>23\/05\/2026<\/td>\r\n<td>Contrato assinado<\/td>\r\n<\/tr>\r\n<tr>\r\n<td><b>\r\nSE 230 kV Ponta Grossa Sul - Melhoria<\/b><br>Descri\u00e7\u00e3o:\r\nSubstitui\u00e7\u00e3o do transformador 230\/34,5\/13,8 kV - 50 MVA;\r\nSubstitui\u00e7\u00e3o do transformador 230\/34,5\/13,8 kV - 50 MVA.\r\n<\/td>\r\n<td>23\/05\/2026<\/td>\r\n<td>Contrato assinado<\/td>\r\n<\/tr>\r\n<tr>\r\n<td><b>\r\nSE 230 kV Uberaba - Melhoria <\/b><br>Descri\u00e7\u00e3o: \r\nSubstitui\u00e7\u00e3o do transformador 230\/69\/13,8 kV - 150 MVA.\r\n<\/td>\r\n<td>23\/05\/2026<\/td>\r\n<td>Contrato assinado<\/td>\r\n<\/tr>\r\n<tr>\r\n<td><b>\r\nSE 230 kV Umuarama Sul - Amplia\u00e7\u00e3o - Costa Oeste Transmissora<\/b><br>Descri\u00e7\u00e3o: \r\nInstala\u00e7\u00e3o do 3\u00b0 ATF  230\/138-13,8 kV 150 MVA.  Adequa\u00e7\u00f5es nos m\u00f3dulos de manobras nos setores 138 e 230 kV.\r\n<\/td>\r\n<td>23\/11\/2025<\/td>\r\n<td>Em andamento<\/td>\r\n<\/tr>\r\n<tr>\r\n<td><b>\r\nSE 230 kV Campo Mour\u00e3o - Refor\u00e7o<\/b><br>Descri\u00e7\u00e3o: \r\nSubstitui\u00e7\u00e3o dos autotransformadores de Pot\u00eancia TF1 e TF2 Trif\u00e1sico 230\/138 kV de 150 MVA por  autotransformadores de pot\u00eancia trif\u00e1sico 230\/138 kV de 225 MVA na SE Campos Mour\u00e3o;  Adequa\u00e7\u00f5es nos m\u00f3dulos de manobras nos setores 138 e 230 kV.\r\n<\/td>\r\n<td>13\/11\/2026<\/td>\r\n<td>Aguardando recebimento das propostas<\/td>\r\n<\/tr>\r\n<tr>\r\n<td><b>SE 500 kV Curitiba Leste - Refor\u00e7o<\/b><br>Descri\u00e7\u00e3o: \r\nInstala\u00e7\u00e3o do 1\u00ba banco de reatores de barra de 3 x 50 Mvar 1\u0424 \/ 525 Kv na SE Curitiba Leste; Instala\u00e7\u00e3o da fase reserva para o 1\u00ba banco de reatores de barra de 3 x 50 Mvar 1\u0424 \/ 525 Kv na SE Curitiba Leste; Adequa\u00e7\u00e3o do MIG associada \u00e0 instala\u00e7\u00e3o do 1\u00ba anco de reatores de barra de (3+1R) x 50 Mvar 1\u0424 \/ 525 kV na SE Curitiba Leste; Conex\u00e3o de Reator de Barra 525 kV - DJM na SE Curitiba Leste devido a instala\u00e7\u00e3o do 1\u00ba banco de reatores de barra de (3+1R) x 50 Mvar 1\u0424 \/ 525 kV; Interliga\u00e7\u00e3o de Barras 525 kV - DJM a SE Curitiba Leste devido a instala\u00e7\u00e3o do 1\u00ba banco de reatores de barra de (3+1R) x 50 Mvar 1\u0424 \/ 525 kV.\r\n<\/td>\r\n<td>03\/04\/2027<\/td>\r\n<td>Em elabora\u00e7\u00e3o de contrato<\/td>\r\n<\/tr>\r\n<tr>\r\n<td><b>SE 230 kV Realeza Sul  - Refor\u00e7o  1<\/b><br>Descri\u00e7\u00e3o: \r\nInstalar Banco de Capacitores, na SE REALEZA SUL, BC1, em 138 kV - 30 MVAr e demais adequa\u00e7\u00f5es e conex\u00f5es com o barramento de 138 kV.\r\n<\/td>\r\n<td>09\/04\/2027<\/td>\r\n<td>Em elabora\u00e7\u00e3o do projeto b\u00e1sico<\/td>\r\n<\/tr>\r\n<tr>\r\n<td><b>SE 230 kV Realeza Sul  - Refor\u00e7o  2<\/b><br>Descri\u00e7\u00e3o: \r\nInstalar 3\u00ba Autotransformador 230\/138 kV - 150MVA na SE Realeza Sul e demais adequa\u00e7\u00f5es e conex\u00f5es com os barramentos de 230 e 138 kV\r\n<\/td>\r\n<td>17\/07\/2027<\/td>\r\n<td>Em elabora\u00e7\u00e3o do projeto b\u00e1sico<\/td>\r\n<\/tr>\r\n<tr>\r\n<td><b>SE 500 kV Bateias - Refor\u00e7o<\/b><br>Descri\u00e7\u00e3o: \r\nInstalar 3\u00ba Autotransformador 230\/138 kV - 150MVA na SE Realeza Sul e demais adequa\u00e7\u00f5es e conex\u00f5es com os barramentos de 230 e 138 kV\r\n<\/td>\r\n<td>30\/01\/2028<\/td>\r\n<td>Em elabora\u00e7\u00e3o do projeto b\u00e1sico<\/td>\r\n<\/tr>\r\n<\/tbody>\r\n<\/table>\r\n\t\t\t\t<\/div>\n\t\t\t\t<\/div>\n\t\t\t\t<section class=\"elementor-section elementor-inner-section elementor-element elementor-element-c159a7a elementor-hidden-desktop elementor-hidden-tablet elementor-hidden-mobile elementor-section-boxed elementor-section-height-default elementor-section-height-default\" data-id=\"c159a7a\" data-element_type=\"section\" data-e-type=\"section\">\n\t\t\t\t\t\t<div class=\"elementor-container elementor-column-gap-default\">\n\t\t\t\t\t<div class=\"elementor-column elementor-col-50 elementor-inner-column elementor-element elementor-element-02f5188\" data-id=\"02f5188\" data-element_type=\"column\" data-e-type=\"column\">\n\t\t\t<div class=\"elementor-widget-wrap elementor-element-populated\">\n\t\t\t\t\t\t<div class=\"elementor-element elementor-element-2ba679d elementor--h-position-left elementor--v-position-top elementor-widget elementor-widget-slides\" data-id=\"2ba679d\" data-element_type=\"widget\" data-e-type=\"widget\" data-settings=\"{&quot;navigation&quot;:&quot;none&quot;,&quot;transition&quot;:&quot;slide&quot;,&quot;transition_speed&quot;:500}\" data-widget_type=\"slides.default\">\n\t\t\t\t<div class=\"elementor-widget-container\">\n\t\t\t\t\t\t\t\t\t<div class=\"elementor-swiper\">\n\t\t\t\t\t<div class=\"elementor-slides-wrapper elementor-main-swiper swiper\" role=\"region\" aria-roledescription=\"carousel\" aria-label=\"Slides\" dir=\"ltr\" data-animation=\"fadeInUp\">\n\t\t\t\t<div class=\"swiper-wrapper elementor-slides\">\n\t\t\t\t\t\t\t\t\t\t<div class=\"elementor-repeater-item-9776b58 swiper-slide\" role=\"group\" aria-roledescription=\"slide\"><div class=\"swiper-slide-bg\" role=\"img\" aria-label=\"LT-Bateias-3-scaled\"><\/div><div class=\"elementor-background-overlay\"><\/div><a class=\"swiper-slide-inner\" href=\"https:\/\/www.copel.com\/site\/recapacitacao-das-linhas-de-transmissao-bateias-pilarzinho-e-santa-monica-pilarzinho\/\"><div class=\"swiper-slide-contents\"><div class=\"elementor-slide-description\">Recapacita\u00e7\u00e3o das linhas de transmiss\u00e3o Bateias - Pilarzinho e Santa M\u00f4nica - Pilarzinho<\/div><div  class=\"elementor-button elementor-slide-button elementor-size-sm\">Veja mais<\/div><\/div><\/a><\/div>\t\t\t\t<\/div>\n\t\t\t\t\t\t\t<\/div>\n\t\t\t\t<\/div>\n\t\t\t\t\t\t\t\t<\/div>\n\t\t\t\t<\/div>\n\t\t\t\t\t<\/div>\n\t\t<\/div>\n\t\t\t\t<div class=\"elementor-column elementor-col-50 elementor-inner-column elementor-element elementor-element-4e4de6c\" data-id=\"4e4de6c\" data-element_type=\"column\" data-e-type=\"column\">\n\t\t\t<div class=\"elementor-widget-wrap\">\n\t\t\t\t\t\t\t<\/div>\n\t\t<\/div>\n\t\t\t\t\t<\/div>\n\t\t<\/section>\n\t\t\t\t<section class=\"elementor-section elementor-inner-section elementor-element elementor-element-cbc0b1d elementor-section-boxed elementor-section-height-default elementor-section-height-default\" data-id=\"cbc0b1d\" data-element_type=\"section\" data-e-type=\"section\">\n\t\t\t\t\t\t<div class=\"elementor-container elementor-column-gap-default\">\n\t\t\t\t\t<div class=\"elementor-column elementor-col-100 elementor-inner-column elementor-element elementor-element-c5d24c8\" data-id=\"c5d24c8\" data-element_type=\"column\" data-e-type=\"column\">\n\t\t\t<div class=\"elementor-widget-wrap elementor-element-populated\">\n\t\t\t\t\t\t<div class=\"elementor-element elementor-element-1ba7a54 elementor-align-justify elementor-widget elementor-widget-button\" data-id=\"1ba7a54\" data-element_type=\"widget\" data-e-type=\"widget\" data-widget_type=\"button.default\">\n\t\t\t\t<div class=\"elementor-widget-container\">\n\t\t\t\t\t\t\t\t\t<div class=\"elementor-button-wrapper\">\n\t\t\t\t\t<a class=\"elementor-button elementor-button-link elementor-size-sm\" href=\"#\">\n\t\t\t\t\t\t<span class=\"elementor-button-content-wrapper\">\n\t\t\t\t\t\t\t\t\t<span class=\"elementor-button-text\">Entre em contato para mais informa\u00e7\u00f5es<\/span>\n\t\t\t\t\t<\/span>\n\t\t\t\t\t<\/a>\n\t\t\t\t<\/div>\n\t\t\t\t\t\t\t\t<\/div>\n\t\t\t\t<\/div>\n\t\t\t\t\t<\/div>\n\t\t<\/div>\n\t\t\t\t\t<\/div>\n\t\t<\/section>\n\t\t\t\t\t<\/div>\n\t\t<\/div>\n\t\t\t\t\t<\/div>\n\t\t<\/section>\n\t\t\t\t<\/div>\n\t\t","protected":false},"excerpt":{"rendered":"<p>Projetos em andamento Nos \u00faltimos tr\u00eas anos, a Copel dobrou a participa\u00e7\u00e3o em ativos de linhas de transmiss\u00e3o e subesta\u00e7\u00f5es, com o arremate de concess\u00f5es para obras em mais oito Estados brasileiros, al\u00e9m do Paran\u00e1. Confira os detalhes dos projetos: Empreendimento Prazo do ato legal Aneel Situa\u00e7\u00e3o SE 230 kV Campo do Assobio &#8211; Refor\u00e7o [&hellip;]<\/p>\n","protected":false},"author":6,"featured_media":879,"parent":23318,"menu_order":0,"comment_status":"closed","ping_status":"closed","template":"elementor_header_footer","meta":{"_acf_changed":false,"footnotes":""},"categories":[],"tags":[],"wf_page_folders":[504],"class_list":["post-23323","page","type-page","status-publish","has-post-thumbnail","hentry"],"acf":[],"aioseo_notices":[],"_links":{"self":[{"href":"https:\/\/www.copel.com\/site\/wp-json\/wp\/v2\/pages\/23323","targetHints":{"allow":["GET"]}}],"collection":[{"href":"https:\/\/www.copel.com\/site\/wp-json\/wp\/v2\/pages"}],"about":[{"href":"https:\/\/www.copel.com\/site\/wp-json\/wp\/v2\/types\/page"}],"author":[{"embeddable":true,"href":"https:\/\/www.copel.com\/site\/wp-json\/wp\/v2\/users\/6"}],"replies":[{"embeddable":true,"href":"https:\/\/www.copel.com\/site\/wp-json\/wp\/v2\/comments?post=23323"}],"version-history":[{"count":15,"href":"https:\/\/www.copel.com\/site\/wp-json\/wp\/v2\/pages\/23323\/revisions"}],"predecessor-version":[{"id":43957,"href":"https:\/\/www.copel.com\/site\/wp-json\/wp\/v2\/pages\/23323\/revisions\/43957"}],"up":[{"embeddable":true,"href":"https:\/\/www.copel.com\/site\/wp-json\/wp\/v2\/pages\/23318"}],"wp:featuredmedia":[{"embeddable":true,"href":"https:\/\/www.copel.com\/site\/wp-json\/"}],"wp:attachment":[{"href":"https:\/\/www.copel.com\/site\/wp-json\/wp\/v2\/media?parent=23323"}],"wp:term":[{"taxonomy":"category","embeddable":true,"href":"https:\/\/www.copel.com\/site\/wp-json\/wp\/v2\/categories?post=23323"},{"taxonomy":"post_tag","embeddable":true,"href":"https:\/\/www.copel.com\/site\/wp-json\/wp\/v2\/tags?post=23323"},{"taxonomy":"wf_page_folders","embeddable":true,"href":"https:\/\/www.copel.com\/site\/wp-json\/wp\/v2\/wf_page_folders?post=23323"}],"curies":[{"name":"wp","href":"https:\/\/api.w.org\/{rel}","templated":true}]}}