{"id":23321,"date":"2022-03-07T16:42:59","date_gmt":"2022-03-07T19:42:59","guid":{"rendered":"https:\/\/www.copel.com\/site\/?page_id=23321"},"modified":"2025-02-03T16:01:19","modified_gmt":"2025-02-03T19:01:19","slug":"linhas-e-subestacoes","status":"publish","type":"page","link":"https:\/\/www.copel.com\/site\/copel-transmissao\/linhas-e-subestacoes\/","title":{"rendered":"Linhas e subesta\u00e7\u00f5es"},"content":{"rendered":"\t\t<div data-elementor-type=\"wp-page\" data-elementor-id=\"23321\" class=\"elementor elementor-23321\" data-elementor-post-type=\"page\">\n\t\t\t\t\t\t<section class=\"elementor-section elementor-top-section elementor-element elementor-element-71df4745 elementor-section-full_width imgDestaque elementor-section-content-middle elementor-section-height-default elementor-section-height-default\" data-id=\"71df4745\" data-element_type=\"section\" data-e-type=\"section\" data-settings=\"{&quot;background_background&quot;:&quot;classic&quot;}\">\n\t\t\t\t\t\t\t<div class=\"elementor-background-overlay\"><\/div>\n\t\t\t\t\t\t\t<div class=\"elementor-container elementor-column-gap-default\">\n\t\t\t\t\t<div class=\"elementor-column elementor-col-100 elementor-top-column elementor-element elementor-element-5220ec57 box-destaque\" data-id=\"5220ec57\" data-element_type=\"column\" data-e-type=\"column\">\n\t\t\t<div class=\"elementor-widget-wrap elementor-element-populated\">\n\t\t\t\t\t\t<div class=\"elementor-element elementor-element-6bff070 elementor-widget elementor-widget-heading\" data-id=\"6bff070\" data-element_type=\"widget\" data-e-type=\"widget\" data-widget_type=\"heading.default\">\n\t\t\t\t<div class=\"elementor-widget-container\">\n\t\t\t\t\t<h1 class=\"elementor-heading-title elementor-size-default\">Linhas e subesta\u00e7\u00f5es<\/h1>\t\t\t\t<\/div>\n\t\t\t\t<\/div>\n\t\t\t\t\t<\/div>\n\t\t<\/div>\n\t\t\t\t\t<\/div>\n\t\t<\/section>\n\t\t\t\t<section class=\"elementor-section elementor-top-section elementor-element elementor-element-5494a8eb elementor-section-full_width elementor-section-height-default elementor-section-height-default\" data-id=\"5494a8eb\" data-element_type=\"section\" data-e-type=\"section\">\n\t\t\t\t\t\t<div class=\"elementor-container elementor-column-gap-default\">\n\t\t\t\t\t<div class=\"elementor-column elementor-col-33 elementor-top-column elementor-element elementor-element-6ddf0a19\" data-id=\"6ddf0a19\" data-element_type=\"column\" data-e-type=\"column\">\n\t\t\t<div class=\"elementor-widget-wrap elementor-element-populated\">\n\t\t\t\t\t\t<div class=\"elementor-element elementor-element-7711b00e elementor-nav-menu__align-justify menuTroca elementor-nav-menu--dropdown-tablet elementor-nav-menu__text-align-aside elementor-nav-menu--toggle elementor-nav-menu--burger elementor-widget elementor-widget-nav-menu\" data-id=\"7711b00e\" data-element_type=\"widget\" data-e-type=\"widget\" data-settings=\"{&quot;layout&quot;:&quot;vertical&quot;,&quot;submenu_icon&quot;:{&quot;value&quot;:&quot;&lt;i class=\\&quot;fas fa-caret-down\\&quot; aria-hidden=\\&quot;true\\&quot;&gt;&lt;\\\/i&gt;&quot;,&quot;library&quot;:&quot;fa-solid&quot;},&quot;toggle&quot;:&quot;burger&quot;}\" data-widget_type=\"nav-menu.default\">\n\t\t\t\t<div class=\"elementor-widget-container\">\n\t\t\t\t\t\t\t\t<nav aria-label=\"Menu\" class=\"elementor-nav-menu--main elementor-nav-menu__container elementor-nav-menu--layout-vertical e--pointer-underline e--animation-fade\">\n\t\t\t\t<ul id=\"menu-1-7711b00e\" class=\"elementor-nav-menu sm-vertical\"><li class=\"menu-item menu-item-type-custom menu-item-object-custom menu-item-23357\"><a href=\"\/site\/copel-transmissao\/\" class=\"elementor-item\">Copel Transmiss\u00e3o<\/a><\/li>\n<li class=\"menu-item menu-item-type-custom menu-item-object-custom menu-item-23405\"><a href=\"https:\/\/copel0.sharepoint.com\/:f:\/s\/documentos-site-copel\/EutTa7M4EmRKiHejMBb1TPgBolAcRtGXW9LMAfe3OlOugw?e=Ub5qP9\" class=\"elementor-item\">Certificados ISO<\/a><\/li>\n<li class=\"menu-item menu-item-type-custom menu-item-object-custom menu-item-23407\"><a href=\"https:\/\/ri.copel.com\/subsidiarias\/copel-geracao-e-transmissao-s-a\/\" class=\"elementor-item\">Demonstra\u00e7\u00f5es financeiras e cont\u00e1beis<\/a><\/li>\n<li class=\"menu-item menu-item-type-custom menu-item-object-custom menu-item-23408\"><a href=\"\/site\/institucional\/estatutos-sociais-e-regimentos-internos\/\" class=\"elementor-item\">Estatuto social<\/a><\/li>\n<li class=\"menu-item menu-item-type-custom menu-item-object-custom menu-item-23403\"><a href=\"\/site\/copel-transmissao\/faturas-copel-transmissao\/\" class=\"elementor-item\">Faturas Copel Transmiss\u00e3o<\/a><\/li>\n<li class=\"menu-item menu-item-type-custom menu-item-object-custom menu-item-23409\"><a href=\"\/site\/fornecedores-e-parceiros\/gestao-de-fornecedores-copel-geracao-transmissao\/\" class=\"elementor-item\">Gest\u00e3o de fornecedores<\/a><\/li>\n<li class=\"menu-item menu-item-type-custom menu-item-object-custom menu-item-23400\"><a href=\"\/site\/copel-transmissao\/linhas-e-subestacoes\/\" class=\"elementor-item\">Linhas e subesta\u00e7\u00f5es<\/a><\/li>\n<li class=\"menu-item menu-item-type-custom menu-item-object-custom menu-item-has-children menu-item-23401\"><a href=\"\/site\/copel-transmissao\/projetos-em-andamento\/\" class=\"elementor-item\">Projetos em andamento<\/a>\n<ul class=\"sub-menu elementor-nav-menu--dropdown\">\n\t<li class=\"menu-item menu-item-type-custom menu-item-object-custom menu-item-23402\"><a href=\"\/site\/copel-transmissao\/projetos-em-andamento\/recapacitacao-das-linhas-de-transmissao-bateias-pilarzinho-e-santa-monica-pilarzinho\/\" class=\"elementor-sub-item\">Recapacita\u00e7\u00e3o das LTs Bateias &#8211; Pilarzinho &#8211; Santa M\u00f4nica<\/a><\/li>\n<\/ul>\n<\/li>\n<li class=\"menu-item menu-item-type-custom menu-item-object-custom menu-item-23406\"><a href=\"https:\/\/ri.copel.com\/sustentabilidade\/relatorios-anuais-e-socioambientais\/\" class=\"elementor-item\">Relat\u00f3rios socioambientais<\/a><\/li>\n<li class=\"menu-item menu-item-type-custom menu-item-object-custom menu-item-23404\"><a href=\"\/site\/copel-transmissao\/contato-copel-transmissao\/\" class=\"elementor-item\">Contato<\/a><\/li>\n<li class=\"menu-item menu-item-type-post_type menu-item-object-page menu-item-27690\"><a href=\"https:\/\/www.copel.com\/site\/copel-geracao\/cadastro-ambiental-rural-car\/\" class=\"elementor-item\">Cadastro ambiental rural \u2013 CAR<\/a><\/li>\n<\/ul>\t\t\t<\/nav>\n\t\t\t\t\t<div class=\"elementor-menu-toggle\" role=\"button\" tabindex=\"0\" aria-label=\"Menu Toggle\" aria-expanded=\"false\">\n\t\t\t<i aria-hidden=\"true\" role=\"presentation\" class=\"elementor-menu-toggle__icon--open eicon-menu-bar\"><\/i><i aria-hidden=\"true\" role=\"presentation\" class=\"elementor-menu-toggle__icon--close eicon-close\"><\/i>\t\t<\/div>\n\t\t\t\t\t<nav class=\"elementor-nav-menu--dropdown elementor-nav-menu__container\" aria-hidden=\"true\">\n\t\t\t\t<ul id=\"menu-2-7711b00e\" class=\"elementor-nav-menu sm-vertical\"><li class=\"menu-item menu-item-type-custom menu-item-object-custom menu-item-23357\"><a href=\"\/site\/copel-transmissao\/\" class=\"elementor-item\" tabindex=\"-1\">Copel Transmiss\u00e3o<\/a><\/li>\n<li class=\"menu-item menu-item-type-custom menu-item-object-custom menu-item-23405\"><a href=\"https:\/\/copel0.sharepoint.com\/:f:\/s\/documentos-site-copel\/EutTa7M4EmRKiHejMBb1TPgBolAcRtGXW9LMAfe3OlOugw?e=Ub5qP9\" class=\"elementor-item\" tabindex=\"-1\">Certificados ISO<\/a><\/li>\n<li class=\"menu-item menu-item-type-custom menu-item-object-custom menu-item-23407\"><a href=\"https:\/\/ri.copel.com\/subsidiarias\/copel-geracao-e-transmissao-s-a\/\" class=\"elementor-item\" tabindex=\"-1\">Demonstra\u00e7\u00f5es financeiras e cont\u00e1beis<\/a><\/li>\n<li class=\"menu-item menu-item-type-custom menu-item-object-custom menu-item-23408\"><a href=\"\/site\/institucional\/estatutos-sociais-e-regimentos-internos\/\" class=\"elementor-item\" tabindex=\"-1\">Estatuto social<\/a><\/li>\n<li class=\"menu-item menu-item-type-custom menu-item-object-custom menu-item-23403\"><a href=\"\/site\/copel-transmissao\/faturas-copel-transmissao\/\" class=\"elementor-item\" tabindex=\"-1\">Faturas Copel Transmiss\u00e3o<\/a><\/li>\n<li class=\"menu-item menu-item-type-custom menu-item-object-custom menu-item-23409\"><a href=\"\/site\/fornecedores-e-parceiros\/gestao-de-fornecedores-copel-geracao-transmissao\/\" class=\"elementor-item\" tabindex=\"-1\">Gest\u00e3o de fornecedores<\/a><\/li>\n<li class=\"menu-item menu-item-type-custom menu-item-object-custom menu-item-23400\"><a href=\"\/site\/copel-transmissao\/linhas-e-subestacoes\/\" class=\"elementor-item\" tabindex=\"-1\">Linhas e subesta\u00e7\u00f5es<\/a><\/li>\n<li class=\"menu-item menu-item-type-custom menu-item-object-custom menu-item-has-children menu-item-23401\"><a href=\"\/site\/copel-transmissao\/projetos-em-andamento\/\" class=\"elementor-item\" tabindex=\"-1\">Projetos em andamento<\/a>\n<ul class=\"sub-menu elementor-nav-menu--dropdown\">\n\t<li class=\"menu-item menu-item-type-custom menu-item-object-custom menu-item-23402\"><a href=\"\/site\/copel-transmissao\/projetos-em-andamento\/recapacitacao-das-linhas-de-transmissao-bateias-pilarzinho-e-santa-monica-pilarzinho\/\" class=\"elementor-sub-item\" tabindex=\"-1\">Recapacita\u00e7\u00e3o das LTs Bateias &#8211; Pilarzinho &#8211; Santa M\u00f4nica<\/a><\/li>\n<\/ul>\n<\/li>\n<li class=\"menu-item menu-item-type-custom menu-item-object-custom menu-item-23406\"><a href=\"https:\/\/ri.copel.com\/sustentabilidade\/relatorios-anuais-e-socioambientais\/\" class=\"elementor-item\" tabindex=\"-1\">Relat\u00f3rios socioambientais<\/a><\/li>\n<li class=\"menu-item menu-item-type-custom menu-item-object-custom menu-item-23404\"><a href=\"\/site\/copel-transmissao\/contato-copel-transmissao\/\" class=\"elementor-item\" tabindex=\"-1\">Contato<\/a><\/li>\n<li class=\"menu-item menu-item-type-post_type menu-item-object-page menu-item-27690\"><a href=\"https:\/\/www.copel.com\/site\/copel-geracao\/cadastro-ambiental-rural-car\/\" class=\"elementor-item\" tabindex=\"-1\">Cadastro ambiental rural \u2013 CAR<\/a><\/li>\n<\/ul>\t\t\t<\/nav>\n\t\t\t\t\t\t<\/div>\n\t\t\t\t<\/div>\n\t\t\t\t\t<\/div>\n\t\t<\/div>\n\t\t\t\t<div class=\"elementor-column elementor-col-66 elementor-top-column elementor-element elementor-element-614bda8e\" data-id=\"614bda8e\" data-element_type=\"column\" data-e-type=\"column\">\n\t\t\t<div class=\"elementor-widget-wrap elementor-element-populated\">\n\t\t\t\t\t\t<div class=\"elementor-element elementor-element-4f5dd1f text-content content2 elementor-widget elementor-widget-text-editor\" data-id=\"4f5dd1f\" data-element_type=\"widget\" data-e-type=\"widget\" data-widget_type=\"text-editor.default\">\n\t\t\t\t<div class=\"elementor-widget-container\">\n\t\t\t\t\t\t\t\t\t<p>Dimensionamento dos ativos:<\/p>\t\t\t\t\t\t\t\t<\/div>\n\t\t\t\t<\/div>\n\t\t\t\t<div class=\"elementor-element elementor-element-b5ed460 text-content content2 elementor-widget elementor-widget-html\" data-id=\"b5ed460\" data-element_type=\"widget\" data-e-type=\"widget\" data-widget_type=\"html.default\">\n\t\t\t\t<div class=\"elementor-widget-container\">\n\t\t\t\t\t<iframe title=\"Transmiss\u00e3o - P\u00e1gina 1\" width=\"1024\" height=\"804\" src=\"https:\/\/app.powerbi.com\/view?r=eyJrIjoiNTU1ZDBmZDQtMjU4My00NDczLTgyMjMtNzgyODgwMmQyNjA2IiwidCI6IjliNjAxNThlLWQ0NTUtNGU4MC1hYTdjLTE3Y2Q5ZmZjZTZiYSIsImMiOjF9\" frameborder=\"0\" allowFullScreen=\"true\"><\/iframe>\t\t\t\t<\/div>\n\t\t\t\t<\/div>\n\t\t\t\t\t<\/div>\n\t\t<\/div>\n\t\t\t\t\t<\/div>\n\t\t<\/section>\n\t\t\t\t<\/div>\n\t\t","protected":false},"excerpt":{"rendered":"<p>Linhas e subesta\u00e7\u00f5es Dimensionamento dos ativos:<\/p>\n","protected":false},"author":6,"featured_media":879,"parent":23318,"menu_order":0,"comment_status":"closed","ping_status":"closed","template":"elementor_header_footer","meta":{"_acf_changed":false,"footnotes":""},"categories":[],"tags":[],"wf_page_folders":[504],"class_list":["post-23321","page","type-page","status-publish","has-post-thumbnail","hentry"],"acf":[],"aioseo_notices":[],"_links":{"self":[{"href":"https:\/\/www.copel.com\/site\/wp-json\/wp\/v2\/pages\/23321","targetHints":{"allow":["GET"]}}],"collection":[{"href":"https:\/\/www.copel.com\/site\/wp-json\/wp\/v2\/pages"}],"about":[{"href":"https:\/\/www.copel.com\/site\/wp-json\/wp\/v2\/types\/page"}],"author":[{"embeddable":true,"href":"https:\/\/www.copel.com\/site\/wp-json\/wp\/v2\/users\/6"}],"replies":[{"embeddable":true,"href":"https:\/\/www.copel.com\/site\/wp-json\/wp\/v2\/comments?post=23321"}],"version-history":[{"count":6,"href":"https:\/\/www.copel.com\/site\/wp-json\/wp\/v2\/pages\/23321\/revisions"}],"predecessor-version":[{"id":43826,"href":"https:\/\/www.copel.com\/site\/wp-json\/wp\/v2\/pages\/23321\/revisions\/43826"}],"up":[{"embeddable":true,"href":"https:\/\/www.copel.com\/site\/wp-json\/wp\/v2\/pages\/23318"}],"wp:featuredmedia":[{"embeddable":true,"href":"https:\/\/www.copel.com\/site\/wp-json\/"}],"wp:attachment":[{"href":"https:\/\/www.copel.com\/site\/wp-json\/wp\/v2\/media?parent=23321"}],"wp:term":[{"taxonomy":"category","embeddable":true,"href":"https:\/\/www.copel.com\/site\/wp-json\/wp\/v2\/categories?post=23321"},{"taxonomy":"post_tag","embeddable":true,"href":"https:\/\/www.copel.com\/site\/wp-json\/wp\/v2\/tags?post=23321"},{"taxonomy":"wf_page_folders","embeddable":true,"href":"https:\/\/www.copel.com\/site\/wp-json\/wp\/v2\/wf_page_folders?post=23321"}],"curies":[{"name":"wp","href":"https:\/\/api.w.org\/{rel}","templated":true}]}}