{"id":23111,"date":"2022-03-03T13:25:12","date_gmt":"2022-03-03T16:25:12","guid":{"rendered":"https:\/\/www.copel.com\/site\/?page_id=23111"},"modified":"2024-02-05T10:00:12","modified_gmt":"2024-02-05T13:00:12","slug":"programa-de-negociacao-diferenciada","status":"publish","type":"page","link":"https:\/\/www.copel.com\/site\/copel-distribuicao\/parcelamento\/programa-de-negociacao-diferenciada\/","title":{"rendered":"Programa de negocia\u00e7\u00e3o diferenciada"},"content":{"rendered":"\t\t<div data-elementor-type=\"wp-page\" data-elementor-id=\"23111\" class=\"elementor elementor-23111\" data-elementor-post-type=\"page\">\n\t\t\t\t\t\t<section class=\"elementor-section elementor-top-section elementor-element elementor-element-158473fa elementor-section-full_width imgDestaque elementor-section-content-middle elementor-section-height-default elementor-section-height-default\" data-id=\"158473fa\" data-element_type=\"section\" data-e-type=\"section\" data-settings=\"{&quot;background_background&quot;:&quot;classic&quot;}\">\n\t\t\t\t\t\t\t<div class=\"elementor-background-overlay\"><\/div>\n\t\t\t\t\t\t\t<div class=\"elementor-container elementor-column-gap-default\">\n\t\t\t\t\t<div class=\"elementor-column elementor-col-100 elementor-top-column elementor-element elementor-element-394ab147 box-destaque\" data-id=\"394ab147\" data-element_type=\"column\" data-e-type=\"column\">\n\t\t\t<div class=\"elementor-widget-wrap elementor-element-populated\">\n\t\t\t\t\t\t<div class=\"elementor-element elementor-element-6358124b elementor-search-form--skin-classic elementor-search-form--button-type-icon elementor-search-form--icon-search elementor-widget elementor-widget-search-form\" data-id=\"6358124b\" data-element_type=\"widget\" data-e-type=\"widget\" data-settings=\"{&quot;skin&quot;:&quot;classic&quot;}\" data-widget_type=\"search-form.default\">\n\t\t\t\t<div class=\"elementor-widget-container\">\n\t\t\t\t\t\t\t<search role=\"search\">\n\t\t\t<form class=\"elementor-search-form\" action=\"https:\/\/www.copel.com\/site\" method=\"get\">\n\t\t\t\t\t\t\t\t\t\t\t\t<div class=\"elementor-search-form__container\">\n\t\t\t\t\t<label class=\"elementor-screen-only\" for=\"elementor-search-form-6358124b\">Search<\/label>\n\n\t\t\t\t\t\n\t\t\t\t\t<input id=\"elementor-search-form-6358124b\" placeholder=\"O que voc\u00ea est\u00e1 buscando?\" class=\"elementor-search-form__input\" type=\"search\" name=\"s\" value=\"\">\n\t\t\t\t\t\n\t\t\t\t\t\t\t\t\t\t\t<button class=\"elementor-search-form__submit\" type=\"submit\" aria-label=\"Search\">\n\t\t\t\t\t\t\t\t\t\t\t\t\t\t\t<i aria-hidden=\"true\" class=\"fas fa-search\"><\/i>\t\t\t\t\t\t\t\t\t\t\t\t\t<\/button>\n\t\t\t\t\t\n\t\t\t\t\t\t\t\t\t<\/div>\n\t\t\t<\/form>\n\t\t<\/search>\n\t\t\t\t\t\t<\/div>\n\t\t\t\t<\/div>\n\t\t\t\t<div class=\"elementor-element elementor-element-5418b207 elementor-widget elementor-widget-heading\" data-id=\"5418b207\" data-element_type=\"widget\" data-e-type=\"widget\" data-widget_type=\"heading.default\">\n\t\t\t\t<div class=\"elementor-widget-container\">\n\t\t\t\t\t<h1 class=\"elementor-heading-title elementor-size-default\">Programa de negocia\u00e7\u00e3o diferenciada<\/h1>\t\t\t\t<\/div>\n\t\t\t\t<\/div>\n\t\t\t\t\t<\/div>\n\t\t<\/div>\n\t\t\t\t\t<\/div>\n\t\t<\/section>\n\t\t\t\t<section class=\"elementor-section elementor-top-section elementor-element elementor-element-542b5881 elementor-section-full_width elementor-section-height-default elementor-section-height-default\" data-id=\"542b5881\" data-element_type=\"section\" data-e-type=\"section\">\n\t\t\t\t\t\t<div class=\"elementor-container elementor-column-gap-default\">\n\t\t\t\t\t<div class=\"elementor-column elementor-col-100 elementor-top-column elementor-element elementor-element-21a5935f\" data-id=\"21a5935f\" data-element_type=\"column\" data-e-type=\"column\">\n\t\t\t<div class=\"elementor-widget-wrap elementor-element-populated\">\n\t\t\t\t\t\t<div class=\"elementor-element elementor-element-3d6a2019 elementor-widget elementor-widget-heading\" data-id=\"3d6a2019\" data-element_type=\"widget\" data-e-type=\"widget\" data-widget_type=\"heading.default\">\n\t\t\t\t<div class=\"elementor-widget-container\">\n\t\t\t\t\t<h2 class=\"elementor-heading-title elementor-size-default\">Para d\u00edvidas antigas<\/h2>\t\t\t\t<\/div>\n\t\t\t\t<\/div>\n\t\t\t\t<div class=\"elementor-element elementor-element-40364c2d elementor-widget elementor-widget-text-editor\" data-id=\"40364c2d\" data-element_type=\"widget\" data-e-type=\"widget\" data-widget_type=\"text-editor.default\">\n\t\t\t\t<div class=\"elementor-widget-container\">\n\t\t\t\t\t\t\t\t\t<p>Se voc\u00ea possui d\u00e9bitos vencidos h\u00e1 mais de 1 ano em contas residenciais ou rurais ou com mais de 540 dias em contas comerciais ou industriais, consulte-os abaixo e fa\u00e7a agora a negocia\u00e7\u00e3o com isen\u00e7\u00e3o de multas, juros e corre\u00e7\u00e3o monet\u00e1ria.<\/p><p>Havendo faturas de parcelamento atrasadas, o simulador j\u00e1 apresentar\u00e1 o valor m\u00ednimo da entrada. Caso venha a diminuir este valor, a solicita\u00e7\u00e3o ser\u00e1 indeferida.<\/p><p>Pesquise abaixo pelo CPF, CNPJ ou n\u00famero da unidade consumidora (UC).<\/p>\t\t\t\t\t\t\t\t<\/div>\n\t\t\t\t<\/div>\n\t\t\t\t<div class=\"elementor-element elementor-element-661aa2f5 elementor-widget elementor-widget-html\" data-id=\"661aa2f5\" data-element_type=\"widget\" data-e-type=\"widget\" data-widget_type=\"html.default\">\n\t\t\t\t<div class=\"elementor-widget-container\">\n\t\t\t\t\t<iframe src=\"\/pniweb\/publico\/inicio.jsf\" height=\"1500\" width=\"100%\" title=\"Cadastro Rural\"><\/iframe>\t\t\t\t<\/div>\n\t\t\t\t<\/div>\n\t\t\t\t\t<\/div>\n\t\t<\/div>\n\t\t\t\t\t<\/div>\n\t\t<\/section>\n\t\t\t\t<\/div>\n\t\t","protected":false},"excerpt":{"rendered":"<p>Programa de negocia\u00e7\u00e3o diferenciada Para d\u00edvidas antigas Se voc\u00ea possui d\u00e9bitos vencidos h\u00e1 mais de 1 ano em contas residenciais ou rurais ou com mais de 540 dias em contas comerciais ou industriais, consulte-os abaixo e fa\u00e7a agora a negocia\u00e7\u00e3o com isen\u00e7\u00e3o de multas, juros e corre\u00e7\u00e3o monet\u00e1ria. Havendo faturas de parcelamento atrasadas, o simulador [&hellip;]<\/p>\n","protected":false},"author":6,"featured_media":0,"parent":18819,"menu_order":0,"comment_status":"closed","ping_status":"closed","template":"elementor_header_footer","meta":{"_acf_changed":false,"footnotes":""},"categories":[],"tags":[],"wf_page_folders":[438],"class_list":["post-23111","page","type-page","status-publish","hentry"],"acf":[],"aioseo_notices":[],"_links":{"self":[{"href":"https:\/\/www.copel.com\/site\/wp-json\/wp\/v2\/pages\/23111","targetHints":{"allow":["GET"]}}],"collection":[{"href":"https:\/\/www.copel.com\/site\/wp-json\/wp\/v2\/pages"}],"about":[{"href":"https:\/\/www.copel.com\/site\/wp-json\/wp\/v2\/types\/page"}],"author":[{"embeddable":true,"href":"https:\/\/www.copel.com\/site\/wp-json\/wp\/v2\/users\/6"}],"replies":[{"embeddable":true,"href":"https:\/\/www.copel.com\/site\/wp-json\/wp\/v2\/comments?post=23111"}],"version-history":[{"count":6,"href":"https:\/\/www.copel.com\/site\/wp-json\/wp\/v2\/pages\/23111\/revisions"}],"predecessor-version":[{"id":35612,"href":"https:\/\/www.copel.com\/site\/wp-json\/wp\/v2\/pages\/23111\/revisions\/35612"}],"up":[{"embeddable":true,"href":"https:\/\/www.copel.com\/site\/wp-json\/wp\/v2\/pages\/18819"}],"wp:attachment":[{"href":"https:\/\/www.copel.com\/site\/wp-json\/wp\/v2\/media?parent=23111"}],"wp:term":[{"taxonomy":"category","embeddable":true,"href":"https:\/\/www.copel.com\/site\/wp-json\/wp\/v2\/categories?post=23111"},{"taxonomy":"post_tag","embeddable":true,"href":"https:\/\/www.copel.com\/site\/wp-json\/wp\/v2\/tags?post=23111"},{"taxonomy":"wf_page_folders","embeddable":true,"href":"https:\/\/www.copel.com\/site\/wp-json\/wp\/v2\/wf_page_folders?post=23111"}],"curies":[{"name":"wp","href":"https:\/\/api.w.org\/{rel}","templated":true}]}}