{"id":22868,"date":"2022-03-02T14:39:11","date_gmt":"2022-03-02T17:39:11","guid":{"rendered":"https:\/\/www.copel.com\/site\/?page_id=22868"},"modified":"2025-07-07T10:57:02","modified_gmt":"2025-07-07T13:57:02","slug":"duvidas-sobre-geracao","status":"publish","type":"page","link":"https:\/\/www.copel.com\/site\/copel-geracao\/duvidas-sobre-geracao\/","title":{"rendered":"D\u00favidas sobre gera\u00e7\u00e3o"},"content":{"rendered":"\t\t<div data-elementor-type=\"wp-page\" data-elementor-id=\"22868\" class=\"elementor elementor-22868\" data-elementor-post-type=\"page\">\n\t\t\t\t\t\t<section class=\"elementor-section elementor-top-section elementor-element elementor-element-4714bd05 elementor-section-full_width elementor-section-height-default elementor-section-height-default\" data-id=\"4714bd05\" data-element_type=\"section\" data-e-type=\"section\">\n\t\t\t\t\t\t<div class=\"elementor-container elementor-column-gap-default\">\n\t\t\t\t\t<div class=\"elementor-column elementor-col-100 elementor-top-column elementor-element elementor-element-7c12e81f\" data-id=\"7c12e81f\" data-element_type=\"column\" data-e-type=\"column\">\n\t\t\t<div class=\"elementor-widget-wrap elementor-element-populated\">\n\t\t\t\t\t\t<section class=\"elementor-section elementor-inner-section elementor-element elementor-element-70e756f9 elementor-section-full_width elementor-section-height-full elementor-section-height-default\" data-id=\"70e756f9\" data-element_type=\"section\" data-e-type=\"section\">\n\t\t\t\t\t\t<div class=\"elementor-container elementor-column-gap-default\">\n\t\t\t\t\t<div class=\"elementor-column elementor-col-33 elementor-inner-column elementor-element elementor-element-6ee43248 imgArea\" data-id=\"6ee43248\" data-element_type=\"column\" data-e-type=\"column\" data-settings=\"{&quot;background_background&quot;:&quot;classic&quot;}\">\n\t\t\t<div class=\"elementor-widget-wrap elementor-element-populated\">\n\t\t\t\t\t<div class=\"elementor-background-overlay\"><\/div>\n\t\t\t\t\t\t\t<\/div>\n\t\t<\/div>\n\t\t\t\t<div class=\"elementor-column elementor-col-66 elementor-inner-column elementor-element elementor-element-1d02ffa\" data-id=\"1d02ffa\" data-element_type=\"column\" data-e-type=\"column\">\n\t\t\t<div class=\"elementor-widget-wrap elementor-element-populated\">\n\t\t\t\t\t\t<div class=\"elementor-element elementor-element-9d9b568 elementor-widget elementor-widget-heading\" data-id=\"9d9b568\" data-element_type=\"widget\" data-e-type=\"widget\" data-widget_type=\"heading.default\">\n\t\t\t\t<div class=\"elementor-widget-container\">\n\t\t\t\t\t<h2 class=\"elementor-heading-title elementor-size-default\">Entre em contato com a Copel Gera\u00e7\u00e3o<\/h2>\t\t\t\t<\/div>\n\t\t\t\t<\/div>\n\t\t\t\t<div class=\"elementor-element elementor-element-0da75fd elementor-widget elementor-widget-text-editor\" data-id=\"0da75fd\" data-element_type=\"widget\" data-e-type=\"widget\" data-widget_type=\"text-editor.default\">\n\t\t\t\t<div class=\"elementor-widget-container\">\n\t\t\t\t\t\t\t\t\t<p><span style=\"text-decoration: underline;\"><strong>Este canal \u00e9 exclusivo para d\u00favidas e pedidos de informa\u00e7\u00e3o relacionados \u00e0s usinas da Copel e \u00e0 gera\u00e7\u00e3o de energia.<\/strong><\/span><\/p>\n<p>Para assuntos referentes \u00e0s linhas de transmiss\u00e3o&nbsp;<span lang=\"PT-BR\" style=\"color: var( --e-global-color-text ); font-family: var( --e-global-typography-text-font-family ), Sans-serif; font-weight: var( --e-global-typography-text-font-weight ); word-spacing: var( --e-global-typography-text-word-spacing ); font-size: 1rem;\" xml:lang=\"PT-BR\" data-contrast=\"auto\">de energia e subesta\u00e7\u00f5es da rede b<\/span><span lang=\"PT-BR\" style=\"color: var( --e-global-color-text ); font-family: var( --e-global-typography-text-font-family ), Sans-serif; font-weight: var( --e-global-typography-text-font-weight ); word-spacing: var( --e-global-typography-text-word-spacing ); font-size: 1rem;\" xml:lang=\"PT-BR\" data-contrast=\"auto\">\u00e1sica (<\/span><span lang=\"PT-BR\" style=\"color: var( --e-global-color-text ); font-family: var( --e-global-typography-text-font-family ), Sans-serif; font-weight: var( --e-global-typography-text-font-weight ); word-spacing: var( --e-global-typography-text-word-spacing ); font-size: 1rem;\" xml:lang=\"PT-BR\" data-contrast=\"auto\">iguais ou acima de 230&nbsp;<\/span><span lang=\"PT-BR\" style=\"color: var( --e-global-color-text ); font-family: var( --e-global-typography-text-font-family ), Sans-serif; font-weight: var( --e-global-typography-text-font-weight ); word-spacing: var( --e-global-typography-text-word-spacing ); font-size: 1rem;\" xml:lang=\"PT-BR\" data-contrast=\"auto\">kV<\/span><span lang=\"PT-BR\" style=\"color: var( --e-global-color-text ); font-family: var( --e-global-typography-text-font-family ), Sans-serif; font-weight: var( --e-global-typography-text-font-weight ); word-spacing: var( --e-global-typography-text-word-spacing ); font-size: 1rem;\" xml:lang=\"PT-BR\" data-contrast=\"auto\">), <a href=\"https:\/\/www.copel.com\/site\/copel-transmissao\/duvidas-sobre-copel-transmissao\/\">clique aqui<\/a>.<\/span><\/p>\n<p>Solicita\u00e7\u00f5es de servi\u00e7os ou outros pedidos relacionados \u00e0 distribui\u00e7\u00e3o de energia el\u00e9trica devem ser encaminhados \u00e0 ag\u00eancia virtual, por meio deste <a href=\"https:\/\/www.copel.com\/avaweb\/paginaLogin\/login.jsf\">link<\/a> ou pelo 0800 51 00 116.<\/p>\t\t\t\t\t\t\t\t<\/div>\n\t\t\t\t<\/div>\n\t\t\t\t<div class=\"elementor-element elementor-element-9bccaba elementor-widget elementor-widget-wpforms\" data-id=\"9bccaba\" data-element_type=\"widget\" data-e-type=\"widget\" data-widget_type=\"wpforms.default\">\n\t\t\t\t<div class=\"elementor-widget-container\">\n\t\t\t\t\t<div class=\"wpforms-container wpforms-container-full wpforms-render-modern\" id=\"wpforms-22902\"><form id=\"wpforms-form-22902\" class=\"wpforms-validate wpforms-form wpforms-ajax-form\" data-formid=\"22902\" method=\"post\" enctype=\"multipart\/form-data\" action=\"\/site\/wp-json\/wp\/v2\/pages\/22868\" data-token=\"65e8727ea1a978e6b795c4fdd649a3ab\" data-token-time=\"1776678680\"><noscript class=\"wpforms-error-noscript\">Ative o JavaScript no seu navegador para preencher este formul\u00e1rio.<\/noscript><div id=\"wpforms-error-noscript\" style=\"display: none;\">Ative o JavaScript no seu navegador para preencher este formul\u00e1rio.<\/div><div class=\"wpforms-field-container\"><div id=\"wpforms-22902-field_0-container\" class=\"wpforms-field wpforms-field-name\" data-field-type=\"name\" data-field-id=\"0\"><fieldset><legend class=\"wpforms-field-label\">Nome <span class=\"wpforms-required-label\" aria-hidden=\"true\">*<\/span><\/legend><div class=\"wpforms-field-row wpforms-field-medium\"><div class=\"wpforms-field-row-block wpforms-first wpforms-one-half\"><input type=\"text\" id=\"wpforms-22902-field_0\" class=\"wpforms-field-name-first wpforms-field-required\" name=\"wpforms[fields][0][first]\" aria-errormessage=\"wpforms-22902-field_0-error\" required><label for=\"wpforms-22902-field_0\" class=\"wpforms-field-sublabel after\">Nome<\/label><\/div><div class=\"wpforms-field-row-block wpforms-one-half\"><input type=\"text\" id=\"wpforms-22902-field_0-last\" class=\"wpforms-field-name-last wpforms-field-required\" name=\"wpforms[fields][0][last]\" aria-errormessage=\"wpforms-22902-field_0-last-error\" required><label for=\"wpforms-22902-field_0-last\" class=\"wpforms-field-sublabel after\">Sobrenome<\/label><\/div><\/div><\/fieldset><\/div><div id=\"wpforms-22902-field_1-container\" class=\"wpforms-field wpforms-field-email\" data-field-type=\"email\" data-field-id=\"1\"><label class=\"wpforms-field-label\" for=\"wpforms-22902-field_1\">E-mail <span class=\"wpforms-required-label\" aria-hidden=\"true\">*<\/span><\/label><input type=\"email\" id=\"wpforms-22902-field_1\" class=\"wpforms-field-medium wpforms-field-required\" name=\"wpforms[fields][1]\" spellcheck=\"false\" aria-errormessage=\"wpforms-22902-field_1-error\" required><\/div><div id=\"wpforms-22902-field_3-container\" class=\"wpforms-field wpforms-field-select wpforms-field-select-style-classic\" data-field-type=\"select\" data-field-id=\"3\"><label class=\"wpforms-field-label\" for=\"wpforms-22902-field_3\">Assunto <span class=\"wpforms-required-label\" aria-hidden=\"true\">*<\/span><\/label><select id=\"wpforms-22902-field_3\" class=\"wpforms-field-medium wpforms-field-required\" name=\"wpforms[fields][3]\" required=\"required\"><option value=\"\" class=\"placeholder\" disabled  selected='selected'>Assunto<\/option><option value=\"UHE Bento Munhoz da Rocha Netto (Foz do Areia)\"  class=\"choice-5 depth-1\"  >UHE Bento Munhoz da Rocha Netto (Foz do Areia)<\/option><option value=\"UHE Gov. Jos\u00e9 Richa (Caxias)\"  class=\"choice-6 depth-1\"  >UHE Gov. Jos\u00e9 Richa (Caxias)<\/option><option value=\"UHE Gov. Ney Braga (Segredo)\"  class=\"choice-7 depth-1\"  >UHE Gov. Ney Braga (Segredo)<\/option><option value=\"UHE Gov. Jayme Canet Junior (Mau\u00e1)\"  class=\"choice-8 depth-1\"  >UHE Gov. Jayme Canet Junior (Mau\u00e1)<\/option><option value=\"UHE Gov. Parigot de Souza ( Capivari-Cachoeira)\"  class=\"choice-9 depth-1\"  >UHE Gov. Parigot de Souza ( Capivari-Cachoeira)<\/option><option value=\"UHE Baixo Igua\u00e7u\"  class=\"choice-10 depth-1\"  >UHE Baixo Igua\u00e7u<\/option><option value=\"UHE Santa Clara\"  class=\"choice-11 depth-1\"  >UHE Santa Clara<\/option><option value=\"UHE Fund\u00e3o\"  class=\"choice-12 depth-1\"  >UHE Fund\u00e3o<\/option><option value=\"UHE Dona Francisca\"  class=\"choice-13 depth-1\"  >UHE Dona Francisca<\/option><option value=\"UHE Salto Grande\"  class=\"choice-14 depth-1\"  >UHE Salto Grande<\/option><option value=\"PCH Arturo Andreoli ( Foz do Chopim)\"  class=\"choice-16 depth-1\"  >PCH Arturo Andreoli ( Foz do Chopim)<\/option><option value=\"PCH Cavernoso II\"  class=\"choice-17 depth-1\"  >PCH Cavernoso II<\/option><option value=\"PCH Bela Vista\"  class=\"choice-20 depth-1\"  >PCH Bela Vista<\/option><option value=\"PCH Deriva\u00e7\u00e3o do Rio Jord\u00e3o\"  class=\"choice-21 depth-1\"  >PCH Deriva\u00e7\u00e3o do Rio Jord\u00e3o<\/option><option value=\"PCH Marumbi\"  class=\"choice-22 depth-1\"  >PCH Marumbi<\/option><option value=\"PCH S\u00e3o Jorge (Represa Alagados)\"  class=\"choice-23 depth-1\"  >PCH S\u00e3o Jorge (Represa Alagados)<\/option><option value=\"PCH Chopim I\"  class=\"choice-24 depth-1\"  >PCH Chopim I<\/option><option value=\"PCH Cavernoso\"  class=\"choice-25 depth-1\"  >PCH Cavernoso<\/option><option value=\"PCH Melissa\"  class=\"choice-26 depth-1\"  >PCH Melissa<\/option><option value=\"PCH Salto do Vau\"  class=\"choice-27 depth-1\"  >PCH Salto do Vau<\/option><option value=\"PCH Pitangui\"  class=\"choice-28 depth-1\"  >PCH Pitangui<\/option><option value=\"UTE Figueira\"  class=\"choice-29 depth-1\"  >UTE Figueira<\/option><option value=\"EOL Rio Grande do Norte\"  class=\"choice-32 depth-1\"  >EOL Rio Grande do Norte<\/option><option value=\"Outros assuntos relacionados \u00e0 Gera\u00e7\u00e3o\"  class=\"choice-33 depth-1\"  >Outros assuntos relacionados \u00e0 Gera\u00e7\u00e3o<\/option><option value=\"Atendimento ao consumidor\"  class=\"choice-34 depth-1\"  >Atendimento ao consumidor<\/option><\/select><\/div><div id=\"wpforms-22902-field_2-container\" class=\"wpforms-field wpforms-field-textarea\" data-field-type=\"textarea\" data-field-id=\"2\"><label class=\"wpforms-field-label\" for=\"wpforms-22902-field_2\">Mensagem <span class=\"wpforms-required-label\" aria-hidden=\"true\">*<\/span><\/label><textarea id=\"wpforms-22902-field_2\" class=\"wpforms-field-medium wpforms-field-required\" name=\"wpforms[fields][2]\" aria-errormessage=\"wpforms-22902-field_2-error\" required><\/textarea><\/div><\/div><!-- .wpforms-field-container --><div class=\"wpforms-submit-container\" ><input type=\"hidden\" name=\"wpforms[id]\" value=\"22902\"><input type=\"hidden\" name=\"page_title\" value=\"\"><input type=\"hidden\" name=\"page_url\" value=\"https:\/\/www.copel.com\/site\/wp-json\/wp\/v2\/pages\/22868\"><input type=\"hidden\" name=\"url_referer\" value=\"\"><button type=\"submit\" name=\"wpforms[submit]\" id=\"wpforms-submit-22902\" class=\"wpforms-submit\" data-alt-text=\"Enviando...\" data-submit-text=\"Enviar\" aria-live=\"assertive\" value=\"wpforms-submit\">Enviar<\/button><img decoding=\"async\" src=\"https:\/\/www.copel.com\/site\/wp-content\/plugins\/wpforms\/assets\/images\/submit-spin.svg\" class=\"wpforms-submit-spinner\" style=\"display: none;\" width=\"26\" height=\"26\" alt=\"A Carregar\"><\/div><\/form><\/div>  <!-- .wpforms-container -->\t\t\t\t<\/div>\n\t\t\t\t<\/div>\n\t\t\t\t\t<\/div>\n\t\t<\/div>\n\t\t\t\t\t<\/div>\n\t\t<\/section>\n\t\t\t\t\t<\/div>\n\t\t<\/div>\n\t\t\t\t\t<\/div>\n\t\t<\/section>\n\t\t\t\t<\/div>\n\t\t","protected":false},"excerpt":{"rendered":"<p>Entre em contato com a Copel Gera\u00e7\u00e3o Este canal \u00e9 exclusivo para d\u00favidas e pedidos de informa\u00e7\u00e3o relacionados \u00e0s usinas da Copel e \u00e0 gera\u00e7\u00e3o de energia. Para assuntos referentes \u00e0s linhas de transmiss\u00e3o&nbsp;de energia e subesta\u00e7\u00f5es da rede b\u00e1sica (iguais ou acima de 230&nbsp;kV), clique aqui. Solicita\u00e7\u00f5es de servi\u00e7os ou outros pedidos relacionados \u00e0 [&hellip;]<\/p>\n","protected":false},"author":6,"featured_media":0,"parent":1543,"menu_order":0,"comment_status":"closed","ping_status":"closed","template":"elementor_header_footer","meta":{"_acf_changed":false,"footnotes":""},"categories":[],"tags":[],"wf_page_folders":[503],"class_list":["post-22868","page","type-page","status-publish","hentry"],"acf":[],"aioseo_notices":[],"_links":{"self":[{"href":"https:\/\/www.copel.com\/site\/wp-json\/wp\/v2\/pages\/22868","targetHints":{"allow":["GET"]}}],"collection":[{"href":"https:\/\/www.copel.com\/site\/wp-json\/wp\/v2\/pages"}],"about":[{"href":"https:\/\/www.copel.com\/site\/wp-json\/wp\/v2\/types\/page"}],"author":[{"embeddable":true,"href":"https:\/\/www.copel.com\/site\/wp-json\/wp\/v2\/users\/6"}],"replies":[{"embeddable":true,"href":"https:\/\/www.copel.com\/site\/wp-json\/wp\/v2\/comments?post=22868"}],"version-history":[{"count":18,"href":"https:\/\/www.copel.com\/site\/wp-json\/wp\/v2\/pages\/22868\/revisions"}],"predecessor-version":[{"id":46945,"href":"https:\/\/www.copel.com\/site\/wp-json\/wp\/v2\/pages\/22868\/revisions\/46945"}],"up":[{"embeddable":true,"href":"https:\/\/www.copel.com\/site\/wp-json\/wp\/v2\/pages\/1543"}],"wp:attachment":[{"href":"https:\/\/www.copel.com\/site\/wp-json\/wp\/v2\/media?parent=22868"}],"wp:term":[{"taxonomy":"category","embeddable":true,"href":"https:\/\/www.copel.com\/site\/wp-json\/wp\/v2\/categories?post=22868"},{"taxonomy":"post_tag","embeddable":true,"href":"https:\/\/www.copel.com\/site\/wp-json\/wp\/v2\/tags?post=22868"},{"taxonomy":"wf_page_folders","embeddable":true,"href":"https:\/\/www.copel.com\/site\/wp-json\/wp\/v2\/wf_page_folders?post=22868"}],"curies":[{"name":"wp","href":"https:\/\/api.w.org\/{rel}","templated":true}]}}