{"id":22866,"date":"2022-03-07T11:10:06","date_gmt":"2022-03-07T14:10:06","guid":{"rendered":"https:\/\/www.copel.com\/site\/?page_id=22866"},"modified":"2024-07-26T16:19:14","modified_gmt":"2024-07-26T19:19:14","slug":"faturas-copel-geracao","status":"publish","type":"page","link":"https:\/\/www.copel.com\/site\/copel-geracao\/faturas-copel-geracao\/","title":{"rendered":"Faturas Copel Gera\u00e7\u00e3o"},"content":{"rendered":"\t\t<div data-elementor-type=\"wp-page\" data-elementor-id=\"22866\" class=\"elementor elementor-22866\" data-elementor-post-type=\"page\">\n\t\t\t\t\t\t<section class=\"elementor-section elementor-top-section elementor-element elementor-element-440692e1 elementor-section-full_width imgDestaque elementor-section-content-middle elementor-section-height-default elementor-section-height-default\" data-id=\"440692e1\" data-element_type=\"section\" data-e-type=\"section\" data-settings=\"{&quot;background_background&quot;:&quot;classic&quot;}\">\n\t\t\t\t\t\t\t<div class=\"elementor-background-overlay\"><\/div>\n\t\t\t\t\t\t\t<div class=\"elementor-container elementor-column-gap-default\">\n\t\t\t\t\t<div class=\"elementor-column elementor-col-100 elementor-top-column elementor-element elementor-element-6bb01d32 box-destaque\" data-id=\"6bb01d32\" data-element_type=\"column\" data-e-type=\"column\">\n\t\t\t<div class=\"elementor-widget-wrap elementor-element-populated\">\n\t\t\t\t\t\t<div class=\"elementor-element elementor-element-36b40bbd elementor-widget elementor-widget-heading\" data-id=\"36b40bbd\" data-element_type=\"widget\" data-e-type=\"widget\" data-widget_type=\"heading.default\">\n\t\t\t\t<div class=\"elementor-widget-container\">\n\t\t\t\t\t<h1 class=\"elementor-heading-title elementor-size-default\">Faturas Copel Gera\u00e7\u00e3o e Transmiss\u00e3o<\/h1>\t\t\t\t<\/div>\n\t\t\t\t<\/div>\n\t\t\t\t\t<\/div>\n\t\t<\/div>\n\t\t\t\t\t<\/div>\n\t\t<\/section>\n\t\t\t\t<section class=\"elementor-section elementor-top-section elementor-element elementor-element-6e597c0e elementor-section-full_width elementor-section-height-default elementor-section-height-default\" data-id=\"6e597c0e\" data-element_type=\"section\" data-e-type=\"section\">\n\t\t\t\t\t\t<div class=\"elementor-container elementor-column-gap-default\">\n\t\t\t\t\t<div class=\"elementor-column elementor-col-33 elementor-top-column elementor-element elementor-element-29e2c642\" data-id=\"29e2c642\" data-element_type=\"column\" data-e-type=\"column\">\n\t\t\t<div class=\"elementor-widget-wrap elementor-element-populated\">\n\t\t\t\t\t\t<div class=\"elementor-element elementor-element-71e3f6aa elementor-nav-menu__align-justify menuTroca elementor-nav-menu--dropdown-tablet elementor-nav-menu__text-align-aside elementor-nav-menu--toggle elementor-nav-menu--burger elementor-widget elementor-widget-nav-menu\" data-id=\"71e3f6aa\" data-element_type=\"widget\" data-e-type=\"widget\" data-settings=\"{&quot;layout&quot;:&quot;vertical&quot;,&quot;submenu_icon&quot;:{&quot;value&quot;:&quot;&lt;i class=\\&quot;fas fa-caret-down\\&quot; aria-hidden=\\&quot;true\\&quot;&gt;&lt;\\\/i&gt;&quot;,&quot;library&quot;:&quot;fa-solid&quot;},&quot;toggle&quot;:&quot;burger&quot;}\" data-widget_type=\"nav-menu.default\">\n\t\t\t\t<div class=\"elementor-widget-container\">\n\t\t\t\t\t\t\t\t<nav aria-label=\"Menu\" class=\"elementor-nav-menu--main elementor-nav-menu__container elementor-nav-menu--layout-vertical e--pointer-underline e--animation-fade\">\n\t\t\t\t<ul id=\"menu-1-71e3f6aa\" class=\"elementor-nav-menu sm-vertical\"><li class=\"menu-item menu-item-type-post_type menu-item-object-page menu-item-50781\"><a href=\"https:\/\/www.copel.com\/site\/copel-geracao\/\" class=\"elementor-item\">Copel Gera\u00e7\u00e3o<\/a><\/li>\n<li class=\"menu-item menu-item-type-post_type menu-item-object-page menu-item-50782\"><a href=\"https:\/\/www.copel.com\/site\/copel-geracao\/bordas-de-reservatorios\/\" class=\"elementor-item\">Bordas de reservat\u00f3rios<\/a><\/li>\n<li class=\"menu-item menu-item-type-post_type menu-item-object-page menu-item-50788\"><a href=\"https:\/\/www.copel.com\/site\/copel-geracao\/cadastro-ambiental-rural-car\/\" class=\"elementor-item\">Cadastro ambiental rural \u2013 CAR<\/a><\/li>\n<li class=\"menu-item menu-item-type-custom menu-item-object-custom menu-item-50787\"><a href=\"https:\/\/ri.copel.com\/subsidiarias\/copel-geracao-e-transmissao-s-a\/\" class=\"elementor-item\">Demonstra\u00e7\u00f5es financeiras e cont\u00e1beis<\/a><\/li>\n<li class=\"menu-item menu-item-type-post_type menu-item-object-page menu-item-50790\"><a href=\"https:\/\/www.copel.com\/site\/fornecedores-e-parceiros\/gestao-de-fornecedores-copel\/\" class=\"elementor-item\">Gest\u00e3o de fornecedores Copel<\/a><\/li>\n<li class=\"menu-item menu-item-type-post_type menu-item-object-page menu-item-50785\"><a href=\"https:\/\/www.copel.com\/site\/copel-geracao\/monitoramento-hidrologico\/\" class=\"elementor-item\">Monitoramento hidrol\u00f3gico<\/a><\/li>\n<li class=\"menu-item menu-item-type-post_type menu-item-object-page menu-item-50783\"><a href=\"https:\/\/www.copel.com\/site\/copel-geracao\/projetos-em-andamento\/\" class=\"elementor-item\">Projetos em andamento<\/a><\/li>\n<li class=\"menu-item menu-item-type-post_type menu-item-object-page menu-item-50789\"><a href=\"https:\/\/www.copel.com\/site\/copel-geracao\/seguranca-na-comunidade\/\" class=\"elementor-item\">Seguran\u00e7a na comunidade<\/a><\/li>\n<li class=\"menu-item menu-item-type-custom menu-item-object-custom menu-item-50786\"><a href=\"https:\/\/www.copel.com\/site\/copel-geracao\/#gestao-integrada\" class=\"elementor-item elementor-item-anchor\">Sistema integrado de gest\u00e3o<\/a><\/li>\n<li class=\"menu-item menu-item-type-post_type menu-item-object-page menu-item-50791\"><a href=\"https:\/\/www.copel.com\/site\/copel-geracao\/usinas\/\" class=\"elementor-item\">Usinas<\/a><\/li>\n<\/ul>\t\t\t<\/nav>\n\t\t\t\t\t<div class=\"elementor-menu-toggle\" role=\"button\" tabindex=\"0\" aria-label=\"Menu Toggle\" aria-expanded=\"false\">\n\t\t\t<i aria-hidden=\"true\" role=\"presentation\" class=\"elementor-menu-toggle__icon--open eicon-menu-bar\"><\/i><i aria-hidden=\"true\" role=\"presentation\" class=\"elementor-menu-toggle__icon--close eicon-close\"><\/i>\t\t<\/div>\n\t\t\t\t\t<nav class=\"elementor-nav-menu--dropdown elementor-nav-menu__container\" aria-hidden=\"true\">\n\t\t\t\t<ul id=\"menu-2-71e3f6aa\" class=\"elementor-nav-menu sm-vertical\"><li class=\"menu-item menu-item-type-post_type menu-item-object-page menu-item-50781\"><a href=\"https:\/\/www.copel.com\/site\/copel-geracao\/\" class=\"elementor-item\" tabindex=\"-1\">Copel Gera\u00e7\u00e3o<\/a><\/li>\n<li class=\"menu-item menu-item-type-post_type menu-item-object-page menu-item-50782\"><a href=\"https:\/\/www.copel.com\/site\/copel-geracao\/bordas-de-reservatorios\/\" class=\"elementor-item\" tabindex=\"-1\">Bordas de reservat\u00f3rios<\/a><\/li>\n<li class=\"menu-item menu-item-type-post_type menu-item-object-page menu-item-50788\"><a href=\"https:\/\/www.copel.com\/site\/copel-geracao\/cadastro-ambiental-rural-car\/\" class=\"elementor-item\" tabindex=\"-1\">Cadastro ambiental rural \u2013 CAR<\/a><\/li>\n<li class=\"menu-item menu-item-type-custom menu-item-object-custom menu-item-50787\"><a href=\"https:\/\/ri.copel.com\/subsidiarias\/copel-geracao-e-transmissao-s-a\/\" class=\"elementor-item\" tabindex=\"-1\">Demonstra\u00e7\u00f5es financeiras e cont\u00e1beis<\/a><\/li>\n<li class=\"menu-item menu-item-type-post_type menu-item-object-page menu-item-50790\"><a href=\"https:\/\/www.copel.com\/site\/fornecedores-e-parceiros\/gestao-de-fornecedores-copel\/\" class=\"elementor-item\" tabindex=\"-1\">Gest\u00e3o de fornecedores Copel<\/a><\/li>\n<li class=\"menu-item menu-item-type-post_type menu-item-object-page menu-item-50785\"><a href=\"https:\/\/www.copel.com\/site\/copel-geracao\/monitoramento-hidrologico\/\" class=\"elementor-item\" tabindex=\"-1\">Monitoramento hidrol\u00f3gico<\/a><\/li>\n<li class=\"menu-item menu-item-type-post_type menu-item-object-page menu-item-50783\"><a href=\"https:\/\/www.copel.com\/site\/copel-geracao\/projetos-em-andamento\/\" class=\"elementor-item\" tabindex=\"-1\">Projetos em andamento<\/a><\/li>\n<li class=\"menu-item menu-item-type-post_type menu-item-object-page menu-item-50789\"><a href=\"https:\/\/www.copel.com\/site\/copel-geracao\/seguranca-na-comunidade\/\" class=\"elementor-item\" tabindex=\"-1\">Seguran\u00e7a na comunidade<\/a><\/li>\n<li class=\"menu-item menu-item-type-custom menu-item-object-custom menu-item-50786\"><a href=\"https:\/\/www.copel.com\/site\/copel-geracao\/#gestao-integrada\" class=\"elementor-item elementor-item-anchor\" tabindex=\"-1\">Sistema integrado de gest\u00e3o<\/a><\/li>\n<li class=\"menu-item menu-item-type-post_type menu-item-object-page menu-item-50791\"><a href=\"https:\/\/www.copel.com\/site\/copel-geracao\/usinas\/\" class=\"elementor-item\" tabindex=\"-1\">Usinas<\/a><\/li>\n<\/ul>\t\t\t<\/nav>\n\t\t\t\t\t\t<\/div>\n\t\t\t\t<\/div>\n\t\t\t\t\t<\/div>\n\t\t<\/div>\n\t\t\t\t<div class=\"elementor-column elementor-col-66 elementor-top-column elementor-element elementor-element-25557d4f\" data-id=\"25557d4f\" data-element_type=\"column\" data-e-type=\"column\">\n\t\t\t<div class=\"elementor-widget-wrap elementor-element-populated\">\n\t\t\t\t\t\t<div class=\"elementor-element elementor-element-3f38de2 content6 elementor-widget elementor-widget-html\" data-id=\"3f38de2\" data-element_type=\"widget\" data-e-type=\"widget\" data-widget_type=\"html.default\">\n\t\t\t\t<div class=\"elementor-widget-container\">\n\t\t\t\t\t<iframe src=\"https:\/\/www.copel.com\/kclweb\/realms\/master\/protocol\/openid-connect\/auth?response_type=token&client_id=dcs&redirect_uri=https:\/\/www.copel.com%2Fdcsweb%2Fpaginaswa%2Floginkey.jsf&scope=openid&nonce=gofyfierhm\" style=\"height:850px;width:100%;\" title=\"Faturas para pagamento\"><\/iframe>\t\t\t\t<\/div>\n\t\t\t\t<\/div>\n\t\t\t\t\t<\/div>\n\t\t<\/div>\n\t\t\t\t\t<\/div>\n\t\t<\/section>\n\t\t\t\t<\/div>\n\t\t","protected":false},"excerpt":{"rendered":"<p>Faturas Copel Gera\u00e7\u00e3o e Transmiss\u00e3o<\/p>\n","protected":false},"author":6,"featured_media":0,"parent":1543,"menu_order":0,"comment_status":"closed","ping_status":"closed","template":"elementor_header_footer","meta":{"_acf_changed":false,"footnotes":""},"categories":[],"tags":[],"wf_page_folders":[503],"class_list":["post-22866","page","type-page","status-publish","hentry"],"acf":[],"aioseo_notices":[],"_links":{"self":[{"href":"https:\/\/www.copel.com\/site\/wp-json\/wp\/v2\/pages\/22866","targetHints":{"allow":["GET"]}}],"collection":[{"href":"https:\/\/www.copel.com\/site\/wp-json\/wp\/v2\/pages"}],"about":[{"href":"https:\/\/www.copel.com\/site\/wp-json\/wp\/v2\/types\/page"}],"author":[{"embeddable":true,"href":"https:\/\/www.copel.com\/site\/wp-json\/wp\/v2\/users\/6"}],"replies":[{"embeddable":true,"href":"https:\/\/www.copel.com\/site\/wp-json\/wp\/v2\/comments?post=22866"}],"version-history":[{"count":3,"href":"https:\/\/www.copel.com\/site\/wp-json\/wp\/v2\/pages\/22866\/revisions"}],"predecessor-version":[{"id":39830,"href":"https:\/\/www.copel.com\/site\/wp-json\/wp\/v2\/pages\/22866\/revisions\/39830"}],"up":[{"embeddable":true,"href":"https:\/\/www.copel.com\/site\/wp-json\/wp\/v2\/pages\/1543"}],"wp:attachment":[{"href":"https:\/\/www.copel.com\/site\/wp-json\/wp\/v2\/media?parent=22866"}],"wp:term":[{"taxonomy":"category","embeddable":true,"href":"https:\/\/www.copel.com\/site\/wp-json\/wp\/v2\/categories?post=22866"},{"taxonomy":"post_tag","embeddable":true,"href":"https:\/\/www.copel.com\/site\/wp-json\/wp\/v2\/tags?post=22866"},{"taxonomy":"wf_page_folders","embeddable":true,"href":"https:\/\/www.copel.com\/site\/wp-json\/wp\/v2\/wf_page_folders?post=22866"}],"curies":[{"name":"wp","href":"https:\/\/api.w.org\/{rel}","templated":true}]}}