{"id":21027,"date":"2022-01-24T15:19:52","date_gmt":"2022-01-24T18:19:52","guid":{"rendered":"https:\/\/www.copel.com\/site\/?page_id=21027"},"modified":"2022-01-24T15:24:44","modified_gmt":"2022-01-24T18:24:44","slug":"documentos-de-referencia-para-eficiencia-energetica","status":"publish","type":"page","link":"https:\/\/www.copel.com\/site\/copel-distribuicao\/eficiencia-energetica\/documentos-de-referencia-para-eficiencia-energetica\/","title":{"rendered":"Documentos de refer\u00eancia para efici\u00eancia energ\u00e9tica"},"content":{"rendered":"\t\t<div data-elementor-type=\"wp-page\" data-elementor-id=\"21027\" class=\"elementor elementor-21027\" data-elementor-post-type=\"page\">\n\t\t\t\t\t\t<section class=\"elementor-section elementor-top-section elementor-element elementor-element-21ad4c61 elementor-section-full_width imgDestaque elementor-section-content-middle elementor-section-height-default elementor-section-height-default\" data-id=\"21ad4c61\" data-element_type=\"section\" data-e-type=\"section\" data-settings=\"{&quot;background_background&quot;:&quot;classic&quot;}\">\n\t\t\t\t\t\t\t<div class=\"elementor-background-overlay\"><\/div>\n\t\t\t\t\t\t\t<div class=\"elementor-container elementor-column-gap-default\">\n\t\t\t\t\t<div class=\"elementor-column elementor-col-100 elementor-top-column elementor-element elementor-element-17816c24 box-destaque\" data-id=\"17816c24\" data-element_type=\"column\" data-e-type=\"column\">\n\t\t\t<div class=\"elementor-widget-wrap elementor-element-populated\">\n\t\t\t\t\t\t<div class=\"elementor-element elementor-element-aaf44de elementor-search-form--skin-classic elementor-search-form--button-type-icon elementor-search-form--icon-search elementor-widget elementor-widget-search-form\" data-id=\"aaf44de\" data-element_type=\"widget\" data-e-type=\"widget\" data-settings=\"{&quot;skin&quot;:&quot;classic&quot;}\" data-widget_type=\"search-form.default\">\n\t\t\t\t<div class=\"elementor-widget-container\">\n\t\t\t\t\t\t\t<search role=\"search\">\n\t\t\t<form class=\"elementor-search-form\" action=\"https:\/\/www.copel.com\/site\" method=\"get\">\n\t\t\t\t\t\t\t\t\t\t\t\t<div class=\"elementor-search-form__container\">\n\t\t\t\t\t<label class=\"elementor-screen-only\" for=\"elementor-search-form-aaf44de\">Search<\/label>\n\n\t\t\t\t\t\n\t\t\t\t\t<input id=\"elementor-search-form-aaf44de\" placeholder=\"O que voc\u00ea est\u00e1 buscando?\" class=\"elementor-search-form__input\" type=\"search\" name=\"s\" value=\"\">\n\t\t\t\t\t\n\t\t\t\t\t\t\t\t\t\t\t<button class=\"elementor-search-form__submit\" type=\"submit\" aria-label=\"Search\">\n\t\t\t\t\t\t\t\t\t\t\t\t\t\t\t<i aria-hidden=\"true\" class=\"fas fa-search\"><\/i>\t\t\t\t\t\t\t\t\t\t\t\t\t<\/button>\n\t\t\t\t\t\n\t\t\t\t\t\t\t\t\t<\/div>\n\t\t\t<\/form>\n\t\t<\/search>\n\t\t\t\t\t\t<\/div>\n\t\t\t\t<\/div>\n\t\t\t\t<div class=\"elementor-element elementor-element-1224d13c elementor-widget elementor-widget-heading\" data-id=\"1224d13c\" data-element_type=\"widget\" data-e-type=\"widget\" data-widget_type=\"heading.default\">\n\t\t\t\t<div class=\"elementor-widget-container\">\n\t\t\t\t\t<h1 class=\"elementor-heading-title elementor-size-default\">Documentos de refer\u00eancia para projetos de efici\u00eancia energ\u00e9tica<\/h1>\t\t\t\t<\/div>\n\t\t\t\t<\/div>\n\t\t\t\t\t<\/div>\n\t\t<\/div>\n\t\t\t\t\t<\/div>\n\t\t<\/section>\n\t\t\t\t<section class=\"elementor-section elementor-top-section elementor-element elementor-element-2eb7872e elementor-section-full_width elementor-section-height-default elementor-section-height-default\" data-id=\"2eb7872e\" data-element_type=\"section\" data-e-type=\"section\">\n\t\t\t\t\t\t<div class=\"elementor-container elementor-column-gap-default\">\n\t\t\t\t\t<div class=\"elementor-column elementor-col-33 elementor-top-column elementor-element elementor-element-5ee591f\" data-id=\"5ee591f\" data-element_type=\"column\" data-e-type=\"column\">\n\t\t\t<div class=\"elementor-widget-wrap elementor-element-populated\">\n\t\t\t\t\t\t<div class=\"elementor-element elementor-element-6784310e elementor-nav-menu__align-justify menuTroca elementor-nav-menu--dropdown-tablet elementor-nav-menu__text-align-aside elementor-nav-menu--toggle elementor-nav-menu--burger elementor-widget elementor-widget-nav-menu\" data-id=\"6784310e\" data-element_type=\"widget\" data-e-type=\"widget\" data-settings=\"{&quot;layout&quot;:&quot;vertical&quot;,&quot;submenu_icon&quot;:{&quot;value&quot;:&quot;&lt;i class=\\&quot;fas fa-caret-down\\&quot; aria-hidden=\\&quot;true\\&quot;&gt;&lt;\\\/i&gt;&quot;,&quot;library&quot;:&quot;fa-solid&quot;},&quot;toggle&quot;:&quot;burger&quot;}\" data-widget_type=\"nav-menu.default\">\n\t\t\t\t<div class=\"elementor-widget-container\">\n\t\t\t\t\t\t\t\t<nav aria-label=\"Menu\" class=\"elementor-nav-menu--main elementor-nav-menu__container elementor-nav-menu--layout-vertical e--pointer-underline e--animation-fade\">\n\t\t\t\t<ul id=\"menu-1-6784310e\" class=\"elementor-nav-menu sm-vertical\"><li class=\"menu-item menu-item-type-custom menu-item-object-custom menu-item-has-children menu-item-20751\"><a href=\"\/site\/copel-distribuicao\/?utm_source=distribuicao-residencial&#038;utm_medium=copel-distribuicao&#038;utm_campaign=menu-lateral\" class=\"elementor-item\">Copel Distribui\u00e7\u00e3o<\/a>\n<ul class=\"sub-menu elementor-nav-menu--dropdown\">\n\t<li class=\"menu-item menu-item-type-custom menu-item-object-custom menu-item-20752\"><a href=\"\/site\/copel-distribuicao\/para-sua-casa\/?utm_source=distribuicao-residencial&#038;utm_medium=para-sua-casa&#038;utm_campaign=menu-lateral\" class=\"elementor-sub-item\">Para sua casa<\/a><\/li>\n\t<li class=\"menu-item menu-item-type-custom menu-item-object-custom menu-item-20753\"><a href=\"\/site\/copel-distribuicao\/para-sua-empresa\/?utm_source=distribuicao-residencial&#038;utm_medium=para-sua-empresa&#038;utm_campaign=menu-lateral\" class=\"elementor-sub-item\">Para sua empresa<\/a><\/li>\n\t<li class=\"menu-item menu-item-type-custom menu-item-object-custom menu-item-20754\"><a href=\"\/site\/copel-distribuicao\/poder-publico\/?utm_source=distribuicao-residencial&#038;utm_medium=poder-publico&#038;utm_campaign=menu-lateral\" class=\"elementor-sub-item\">Poder p\u00fablico<\/a><\/li>\n\t<li class=\"menu-item menu-item-type-custom menu-item-object-custom menu-item-20755\"><a href=\"\/site\/copel-distribuicao\/rural\/?utm_source=distribuicao-residencial&#038;utm_medium=rural&#038;utm_campaign=menu-lateral\" class=\"elementor-sub-item\">Rural<\/a><\/li>\n<\/ul>\n<\/li>\n<li class=\"menu-item menu-item-type-custom menu-item-object-custom menu-item-has-children menu-item-20760\"><a href=\"\/site\/copel-distribuicao\/eficiencia-energetica\/?utm_source=eficiencia-energetica&#038;utm_medium=eficiencia-energetica&#038;utm_campaign=menu-lateral\" class=\"elementor-item\">Efici\u00eancia energ\u00e9tica<\/a>\n<ul class=\"sub-menu elementor-nav-menu--dropdown\">\n\t<li class=\"menu-item menu-item-type-custom menu-item-object-custom menu-item-21008\"><a href=\"https:\/\/www.copel.com\/site\/copel-distribuicao\/eficiencia-energetica\/audiencia-publica-de-eficiencia-energetica\/?utm_source=eficiencia-energetica&#038;utm_medium=audiencia-publica&#038;utm_campaign=menu-lateral\" class=\"elementor-sub-item\">Audi\u00eancia p\u00fablica de efici\u00eancia energ\u00e9tica<\/a><\/li>\n\t<li class=\"menu-item menu-item-type-custom menu-item-object-custom menu-item-21007\"><a href=\"https:\/\/www.copel.com\/site\/copel-distribuicao\/eficiencia-energetica\/chamadas-publicas-de-eficiencia-energetica\/?utm_source=eficiencia-energetica&#038;utm_medium=chamada-publica&#038;utm_campaign=menu-lateral\" class=\"elementor-sub-item\">Chamadas p\u00fablicas de efici\u00eancia energ\u00e9tica<\/a><\/li>\n\t<li class=\"menu-item menu-item-type-custom menu-item-object-custom menu-item-21005\"><a href=\"https:\/\/www.copel.com\/site\/copel-distribuicao\/eficiencia-energetica\/dicas-de-eficiencia-energetica-na-industria\/?utm_source=eficiencia-energetica&#038;utm_medium=dicas-eficiencia-industria&#038;utm_campaign=menu-lateral\" class=\"elementor-sub-item\">Dicas de efici\u00eancia energ\u00e9tica na ind\u00fastria<\/a><\/li>\n\t<li class=\"menu-item menu-item-type-custom menu-item-object-custom menu-item-21003\"><a href=\"https:\/\/www.copel.com\/site\/copel-distribuicao\/eficiencia-energetica\/uso-eficiente-de-energia-na-sua-casa\/?utm_source=eficiencia-energetica&#038;utm_medium=uso-eficiente-na-sua-casa&#038;utm_campaign=menu-lateral\" class=\"elementor-sub-item\">Uso eficiente de energia na sua casa<\/a><\/li>\n\t<li class=\"menu-item menu-item-type-custom menu-item-object-custom menu-item-21042\"><a href=\"https:\/\/www.copel.com\/site\/copel-distribuicao\/eficiencia-energetica\/documentos-de-referencia-para-eficiencia-energetica\/?utm_source=eficiencia-energetica&#038;utm_medium=documentos&#038;utm_campaign=menu-lateral\" class=\"elementor-sub-item\">Documentos de refer\u00eancia<\/a><\/li>\n<\/ul>\n<\/li>\n<li class=\"menu-item menu-item-type-custom menu-item-object-custom menu-item-20763\"><a href=\"\/site\/fornecedores-e-parceiros\/geracao-distribuida\/?utm_source=distribuicao-residencial&#038;utm_medium=&#038;utm_campaign=menu-lateral\" class=\"elementor-item\">Gera\u00e7\u00e3o distribu\u00edda<\/a><\/li>\n<li class=\"menu-item menu-item-type-custom menu-item-object-custom menu-item-21043\"><a href=\"\/site\/copel-distribuicao\/poder-publico\/micro-e-mini-geracao\/?utm_source=eficiencia-energetica&#038;utm_medium=micro-mini-geracao&#038;utm_campaign=menu-lateral\" class=\"elementor-item\">Micro e minigera\u00e7\u00e3o<\/a><\/li>\n<li class=\"menu-item menu-item-type-custom menu-item-object-custom menu-item-20770\"><a href=\"\/site\/institucional\/programa-de-pesquisa-e-desenvolvimento\/?utm_source=distribuicao-residencial&#038;utm_medium=&#038;utm_campaign=menu-lateral\" class=\"elementor-item\">Pesquisa e desenvolvimento<\/a><\/li>\n<\/ul>\t\t\t<\/nav>\n\t\t\t\t\t<div class=\"elementor-menu-toggle\" role=\"button\" tabindex=\"0\" aria-label=\"Menu Toggle\" aria-expanded=\"false\">\n\t\t\t<i aria-hidden=\"true\" role=\"presentation\" class=\"elementor-menu-toggle__icon--open eicon-menu-bar\"><\/i><i aria-hidden=\"true\" role=\"presentation\" class=\"elementor-menu-toggle__icon--close eicon-close\"><\/i>\t\t<\/div>\n\t\t\t\t\t<nav class=\"elementor-nav-menu--dropdown elementor-nav-menu__container\" aria-hidden=\"true\">\n\t\t\t\t<ul id=\"menu-2-6784310e\" class=\"elementor-nav-menu sm-vertical\"><li class=\"menu-item menu-item-type-custom menu-item-object-custom menu-item-has-children menu-item-20751\"><a href=\"\/site\/copel-distribuicao\/?utm_source=distribuicao-residencial&#038;utm_medium=copel-distribuicao&#038;utm_campaign=menu-lateral\" class=\"elementor-item\" tabindex=\"-1\">Copel Distribui\u00e7\u00e3o<\/a>\n<ul class=\"sub-menu elementor-nav-menu--dropdown\">\n\t<li class=\"menu-item menu-item-type-custom menu-item-object-custom menu-item-20752\"><a href=\"\/site\/copel-distribuicao\/para-sua-casa\/?utm_source=distribuicao-residencial&#038;utm_medium=para-sua-casa&#038;utm_campaign=menu-lateral\" class=\"elementor-sub-item\" tabindex=\"-1\">Para sua casa<\/a><\/li>\n\t<li class=\"menu-item menu-item-type-custom menu-item-object-custom menu-item-20753\"><a href=\"\/site\/copel-distribuicao\/para-sua-empresa\/?utm_source=distribuicao-residencial&#038;utm_medium=para-sua-empresa&#038;utm_campaign=menu-lateral\" class=\"elementor-sub-item\" tabindex=\"-1\">Para sua empresa<\/a><\/li>\n\t<li class=\"menu-item menu-item-type-custom menu-item-object-custom menu-item-20754\"><a href=\"\/site\/copel-distribuicao\/poder-publico\/?utm_source=distribuicao-residencial&#038;utm_medium=poder-publico&#038;utm_campaign=menu-lateral\" class=\"elementor-sub-item\" tabindex=\"-1\">Poder p\u00fablico<\/a><\/li>\n\t<li class=\"menu-item menu-item-type-custom menu-item-object-custom menu-item-20755\"><a href=\"\/site\/copel-distribuicao\/rural\/?utm_source=distribuicao-residencial&#038;utm_medium=rural&#038;utm_campaign=menu-lateral\" class=\"elementor-sub-item\" tabindex=\"-1\">Rural<\/a><\/li>\n<\/ul>\n<\/li>\n<li class=\"menu-item menu-item-type-custom menu-item-object-custom menu-item-has-children menu-item-20760\"><a href=\"\/site\/copel-distribuicao\/eficiencia-energetica\/?utm_source=eficiencia-energetica&#038;utm_medium=eficiencia-energetica&#038;utm_campaign=menu-lateral\" class=\"elementor-item\" tabindex=\"-1\">Efici\u00eancia energ\u00e9tica<\/a>\n<ul class=\"sub-menu elementor-nav-menu--dropdown\">\n\t<li class=\"menu-item menu-item-type-custom menu-item-object-custom menu-item-21008\"><a href=\"https:\/\/www.copel.com\/site\/copel-distribuicao\/eficiencia-energetica\/audiencia-publica-de-eficiencia-energetica\/?utm_source=eficiencia-energetica&#038;utm_medium=audiencia-publica&#038;utm_campaign=menu-lateral\" class=\"elementor-sub-item\" tabindex=\"-1\">Audi\u00eancia p\u00fablica de efici\u00eancia energ\u00e9tica<\/a><\/li>\n\t<li class=\"menu-item menu-item-type-custom menu-item-object-custom menu-item-21007\"><a href=\"https:\/\/www.copel.com\/site\/copel-distribuicao\/eficiencia-energetica\/chamadas-publicas-de-eficiencia-energetica\/?utm_source=eficiencia-energetica&#038;utm_medium=chamada-publica&#038;utm_campaign=menu-lateral\" class=\"elementor-sub-item\" tabindex=\"-1\">Chamadas p\u00fablicas de efici\u00eancia energ\u00e9tica<\/a><\/li>\n\t<li class=\"menu-item menu-item-type-custom menu-item-object-custom menu-item-21005\"><a href=\"https:\/\/www.copel.com\/site\/copel-distribuicao\/eficiencia-energetica\/dicas-de-eficiencia-energetica-na-industria\/?utm_source=eficiencia-energetica&#038;utm_medium=dicas-eficiencia-industria&#038;utm_campaign=menu-lateral\" class=\"elementor-sub-item\" tabindex=\"-1\">Dicas de efici\u00eancia energ\u00e9tica na ind\u00fastria<\/a><\/li>\n\t<li class=\"menu-item menu-item-type-custom menu-item-object-custom menu-item-21003\"><a href=\"https:\/\/www.copel.com\/site\/copel-distribuicao\/eficiencia-energetica\/uso-eficiente-de-energia-na-sua-casa\/?utm_source=eficiencia-energetica&#038;utm_medium=uso-eficiente-na-sua-casa&#038;utm_campaign=menu-lateral\" class=\"elementor-sub-item\" tabindex=\"-1\">Uso eficiente de energia na sua casa<\/a><\/li>\n\t<li class=\"menu-item menu-item-type-custom menu-item-object-custom menu-item-21042\"><a href=\"https:\/\/www.copel.com\/site\/copel-distribuicao\/eficiencia-energetica\/documentos-de-referencia-para-eficiencia-energetica\/?utm_source=eficiencia-energetica&#038;utm_medium=documentos&#038;utm_campaign=menu-lateral\" class=\"elementor-sub-item\" tabindex=\"-1\">Documentos de refer\u00eancia<\/a><\/li>\n<\/ul>\n<\/li>\n<li class=\"menu-item menu-item-type-custom menu-item-object-custom menu-item-20763\"><a href=\"\/site\/fornecedores-e-parceiros\/geracao-distribuida\/?utm_source=distribuicao-residencial&#038;utm_medium=&#038;utm_campaign=menu-lateral\" class=\"elementor-item\" tabindex=\"-1\">Gera\u00e7\u00e3o distribu\u00edda<\/a><\/li>\n<li class=\"menu-item menu-item-type-custom menu-item-object-custom menu-item-21043\"><a href=\"\/site\/copel-distribuicao\/poder-publico\/micro-e-mini-geracao\/?utm_source=eficiencia-energetica&#038;utm_medium=micro-mini-geracao&#038;utm_campaign=menu-lateral\" class=\"elementor-item\" tabindex=\"-1\">Micro e minigera\u00e7\u00e3o<\/a><\/li>\n<li class=\"menu-item menu-item-type-custom menu-item-object-custom menu-item-20770\"><a href=\"\/site\/institucional\/programa-de-pesquisa-e-desenvolvimento\/?utm_source=distribuicao-residencial&#038;utm_medium=&#038;utm_campaign=menu-lateral\" class=\"elementor-item\" tabindex=\"-1\">Pesquisa e desenvolvimento<\/a><\/li>\n<\/ul>\t\t\t<\/nav>\n\t\t\t\t\t\t<\/div>\n\t\t\t\t<\/div>\n\t\t\t\t\t<\/div>\n\t\t<\/div>\n\t\t\t\t<div class=\"elementor-column elementor-col-66 elementor-top-column elementor-element elementor-element-89dc556\" data-id=\"89dc556\" data-element_type=\"column\" data-e-type=\"column\">\n\t\t\t<div class=\"elementor-widget-wrap elementor-element-populated\">\n\t\t\t\t\t\t<div class=\"elementor-element elementor-element-62fe5aa elementor-icon-list--layout-inline atalhoslista elementor-list-item-link-full_width elementor-widget elementor-widget-icon-list\" data-id=\"62fe5aa\" data-element_type=\"widget\" data-e-type=\"widget\" data-widget_type=\"icon-list.default\">\n\t\t\t\t<div class=\"elementor-widget-container\">\n\t\t\t\t\t\t\t<ul class=\"elementor-icon-list-items elementor-inline-items\">\n\t\t\t\t\t\t\t<li class=\"elementor-icon-list-item elementor-inline-item\">\n\t\t\t\t\t\t\t\t\t\t\t<a href=\"https:\/\/www.in.gov.br\/en\/web\/dou\/-\/resolucao-normativa-aneel-n-920-de-23-de-fevereiro-de-2021-*-306209537\">\n\n\t\t\t\t\t\t\t\t\t\t\t\t<span class=\"elementor-icon-list-icon\">\n\t\t\t\t\t\t\t<svg xmlns=\"http:\/\/www.w3.org\/2000\/svg\" id=\"Camada_1\" data-name=\"Camada 1\" viewBox=\"0 0 76.068 63.008\"><path d=\"M56.133,58.494H20.8A4.3,4.3,0,0,1,16.505,54.2V13a1.239,1.239,0,0,1,.388-.9l8.884-8.4a1.242,1.242,0,0,1,.853-.339h29.5a4.3,4.3,0,0,1,4.291,4.291V54.2A4.3,4.3,0,0,1,56.133,58.494ZM18.987,13.536V54.2A1.812,1.812,0,0,0,20.8,56.012H56.133A1.811,1.811,0,0,0,57.942,54.2V7.655a1.81,1.81,0,0,0-1.809-1.809H27.124Z\" transform=\"translate(0 -3.364)\"><\/path><path d=\"M28.547,16.384H23.2a1.242,1.242,0,0,1,0-2.483h4.106V10.082a1.241,1.241,0,0,1,2.482,0v5.06A1.242,1.242,0,0,1,28.547,16.384Z\" transform=\"translate(0 -3.364)\"><\/path><path d=\"M50.33,24.577H26.638a1.241,1.241,0,1,1,0-2.482H50.33a1.241,1.241,0,1,1,0,2.482Z\" transform=\"translate(0 -3.364)\"><\/path><path d=\"M50.33,31.121H26.638a1.241,1.241,0,0,1,0-2.482H50.33a1.241,1.241,0,0,1,0,2.482Z\" transform=\"translate(0 -3.364)\"><\/path><path d=\"M38.484,37.664H26.638a1.241,1.241,0,0,1,0-2.482H38.484a1.241,1.241,0,1,1,0,2.482Z\" transform=\"translate(0 -3.364)\"><\/path><path d=\"M12.371,66.371a4.3,4.3,0,0,1-4.224-3.547L.066,16.987a4.29,4.29,0,0,1,3.482-4.971l9.078-1.6a1.241,1.241,0,1,1,.431,2.444l-9.078,1.6a1.808,1.808,0,0,0-1.468,2.1l8.08,45.837a1.812,1.812,0,0,0,2.1,1.468l16.936-2.985a1.241,1.241,0,0,1,.43,2.445L13.118,66.305A4.223,4.223,0,0,1,12.371,66.371Z\" transform=\"translate(0 -3.364)\"><\/path><path d=\"M63.7,66.372a4.267,4.267,0,0,1-.753-.067L46.014,63.321a1.241,1.241,0,0,1,.431-2.445l16.936,2.985a1.809,1.809,0,0,0,2.095-1.468l8.081-45.837a1.81,1.81,0,0,0-1.468-2.1l-9.078-1.6a1.241,1.241,0,1,1,.43-2.444l9.079,1.6A4.29,4.29,0,0,1,76,16.987L67.92,62.824A4.295,4.295,0,0,1,63.7,66.372Z\" transform=\"translate(0 -3.364)\"><\/path><\/svg>\t\t\t\t\t\t<\/span>\n\t\t\t\t\t\t\t\t\t\t<span class=\"elementor-icon-list-text\">Procedimentos do programa de efici\u00eancia energ\u00e9tica<\/span>\n\t\t\t\t\t\t\t\t\t\t\t<\/a>\n\t\t\t\t\t\t\t\t\t<\/li>\n\t\t\t\t\t\t\t\t<li class=\"elementor-icon-list-item elementor-inline-item\">\n\t\t\t\t\t\t\t\t\t\t\t<a href=\"https:\/\/www.copel.com\/hpcopel\/root\/sitearquivos2.nsf\/arquivos\/pimvp_2012\/$FILE\/PIMVP-Protocolo_Internacional_Medicao_Verificacao_2012.pdf\">\n\n\t\t\t\t\t\t\t\t\t\t\t\t<span class=\"elementor-icon-list-icon\">\n\t\t\t\t\t\t\t<svg xmlns=\"http:\/\/www.w3.org\/2000\/svg\" id=\"Camada_1\" data-name=\"Camada 1\" viewBox=\"0 0 50.329 69.735\"><path d=\"M58.922,63.276H56.153a1.237,1.237,0,1,1,0-2.473h2.769a1.805,1.805,0,0,0,1.8-1.8V4.277a1.805,1.805,0,0,0-1.8-1.8H24.858l-9.515,8.993V59a1.805,1.805,0,0,0,1.8,1.8H36.425a1.237,1.237,0,1,1,0,2.473H17.146A4.282,4.282,0,0,1,12.869,59V10.934a1.235,1.235,0,0,1,.387-.9L23.517.338A1.234,1.234,0,0,1,24.366,0H58.922A4.282,4.282,0,0,1,63.2,4.277V59A4.282,4.282,0,0,1,58.922,63.276Z\" transform=\"translate(-12.869)\"><\/path><path d=\"M26.58,14.644H18.668a1.237,1.237,0,1,1,0-2.474h6.675V5.825a1.237,1.237,0,0,1,2.474,0v7.582A1.237,1.237,0,0,1,26.58,14.644Z\" transform=\"translate(-12.869)\"><\/path><path d=\"M51.737,23.913H24.376a1.237,1.237,0,1,1,0-2.473H51.737a1.237,1.237,0,1,1,0,2.473Z\" transform=\"translate(-12.869)\"><\/path><path d=\"M51.737,30.6H24.376a1.237,1.237,0,0,1,0-2.474H51.737a1.237,1.237,0,0,1,0,2.474Z\" transform=\"translate(-12.869)\"><\/path><path d=\"M38.056,37.29H24.376a1.237,1.237,0,0,1,0-2.474h13.68a1.237,1.237,0,1,1,0,2.474Z\" transform=\"translate(-12.869)\"><\/path><path d=\"M46.3,57.5a9.242,9.242,0,1,1,9.242-9.241A9.252,9.252,0,0,1,46.3,57.5Zm0-16.009a6.768,6.768,0,1,0,6.768,6.768A6.776,6.776,0,0,0,46.3,41.5Z\" transform=\"translate(-12.869)\"><\/path><path d=\"M40.868,69.735A1.237,1.237,0,0,1,39.631,68.5V54.141a1.237,1.237,0,0,1,2.474,0v11.89l3.455-2.579a1.238,1.238,0,0,1,1.481,0l3.447,2.577V54.149a1.237,1.237,0,0,1,2.474,0V68.5a1.237,1.237,0,0,1-1.978.99l-4.684-3.5-4.692,3.5A1.24,1.24,0,0,1,40.868,69.735Z\" transform=\"translate(-12.869)\"><\/path><\/svg>\t\t\t\t\t\t<\/span>\n\t\t\t\t\t\t\t\t\t\t<span class=\"elementor-icon-list-text\">Protocolo Internacional de Medi\u00e7\u00e3o e Verifica\u00e7\u00e3o de Performance<\/span>\n\t\t\t\t\t\t\t\t\t\t\t<\/a>\n\t\t\t\t\t\t\t\t\t<\/li>\n\t\t\t\t\t\t\t\t<li class=\"elementor-icon-list-item elementor-inline-item\">\n\t\t\t\t\t\t\t\t\t\t\t<a href=\"https:\/\/www.copel.com\/hpcopel\/root\/sitearquivos2.nsf\/arquivos\/edital_aneel_-_chamada_pee_prioritario\/$FILE\/Edital%20ANEEL-%20Chamada%20PEE%20Priorit%C3%A1rio.pdf\">\n\n\t\t\t\t\t\t\t\t\t\t\t\t<span class=\"elementor-icon-list-icon\">\n\t\t\t\t\t\t\t<svg xmlns=\"http:\/\/www.w3.org\/2000\/svg\" id=\"Camada_1\" data-name=\"Camada 1\" viewBox=\"0 0 69.715 69.735\"><path d=\"M49.858,55.353H23.5a3.223,3.223,0,0,1-3.219-3.219V23.087a1.3,1.3,0,0,1,.4-.941l7.752-7.4a1.3,1.3,0,0,1,.9-.359H49.858a3.222,3.222,0,0,1,3.219,3.218V52.134A3.223,3.223,0,0,1,49.858,55.353ZM22.882,23.643V52.134a.618.618,0,0,0,.618.618H49.858a.618.618,0,0,0,.617-.618V17.607a.618.618,0,0,0-.617-.617h-20Z\" transform=\"translate(-3.176 0)\"><\/path><path d=\"M32.01,27.226H26.2a1.3,1.3,0,0,1,0-2.6h4.514v-4.3a1.3,1.3,0,1,1,2.6,0v5.606A1.3,1.3,0,0,1,32.01,27.226Z\" transform=\"translate(-3.176 0)\"><\/path><path d=\"M37.994,69.735A34.867,34.867,0,0,1,13.3,10.276a1.3,1.3,0,1,1,1.844,1.835A32.271,32.271,0,0,0,55.423,62.05a1.3,1.3,0,1,1,1.4,2.189A34.96,34.96,0,0,1,37.994,69.735Z\" transform=\"translate(-3.176 0)\"><\/path><path d=\"M61.039,60.6a1.3,1.3,0,0,1-.884-2.256c.21-.194.427-.4.683-.66A32.268,32.268,0,0,0,19.156,8.689a1.3,1.3,0,1,1-1.523-2.108A34.869,34.869,0,0,1,62.678,59.523c-.281.281-.521.514-.757.731A1.293,1.293,0,0,1,61.039,60.6Z\" transform=\"translate(-3.176 0)\"><\/path><path d=\"M14.238,21.128a1.3,1.3,0,0,1-1.3-1.3V12.5H5.605a1.3,1.3,0,1,1,0-2.6h8.633a1.3,1.3,0,0,1,1.3,1.3v8.633A1.3,1.3,0,0,1,14.238,21.128Z\" transform=\"translate(-3.176 0)\"><\/path><path d=\"M69.673,60.623H61.039a1.3,1.3,0,0,1-1.3-1.3V50.689a1.3,1.3,0,1,1,2.6,0v7.332h7.333a1.3,1.3,0,0,1,0,2.6Z\" transform=\"translate(-3.176 0)\"><\/path><\/svg>\t\t\t\t\t\t<\/span>\n\t\t\t\t\t\t\t\t\t\t<span class=\"elementor-icon-list-text\">Edital ANEEL - Chamada PEE Priorit\u00e1rio<\/span>\n\t\t\t\t\t\t\t\t\t\t\t<\/a>\n\t\t\t\t\t\t\t\t\t<\/li>\n\t\t\t\t\t\t<\/ul>\n\t\t\t\t\t\t<\/div>\n\t\t\t\t<\/div>\n\t\t\t\t\t<\/div>\n\t\t<\/div>\n\t\t\t\t\t<\/div>\n\t\t<\/section>\n\t\t\t\t<\/div>\n\t\t","protected":false},"excerpt":{"rendered":"<p>Documentos de refer\u00eancia para projetos de efici\u00eancia energ\u00e9tica Procedimentos do programa de efici\u00eancia energ\u00e9tica Protocolo Internacional de Medi\u00e7\u00e3o e Verifica\u00e7\u00e3o de Performance Edital ANEEL &#8211; Chamada PEE Priorit\u00e1rio<\/p>\n","protected":false},"author":6,"featured_media":0,"parent":20718,"menu_order":0,"comment_status":"closed","ping_status":"closed","template":"elementor_header_footer","meta":{"_acf_changed":false,"footnotes":""},"categories":[],"tags":[],"wf_page_folders":[467],"class_list":["post-21027","page","type-page","status-publish","hentry"],"acf":[],"aioseo_notices":[],"_links":{"self":[{"href":"https:\/\/www.copel.com\/site\/wp-json\/wp\/v2\/pages\/21027","targetHints":{"allow":["GET"]}}],"collection":[{"href":"https:\/\/www.copel.com\/site\/wp-json\/wp\/v2\/pages"}],"about":[{"href":"https:\/\/www.copel.com\/site\/wp-json\/wp\/v2\/types\/page"}],"author":[{"embeddable":true,"href":"https:\/\/www.copel.com\/site\/wp-json\/wp\/v2\/users\/6"}],"replies":[{"embeddable":true,"href":"https:\/\/www.copel.com\/site\/wp-json\/wp\/v2\/comments?post=21027"}],"version-history":[{"count":0,"href":"https:\/\/www.copel.com\/site\/wp-json\/wp\/v2\/pages\/21027\/revisions"}],"up":[{"embeddable":true,"href":"https:\/\/www.copel.com\/site\/wp-json\/wp\/v2\/pages\/20718"}],"wp:attachment":[{"href":"https:\/\/www.copel.com\/site\/wp-json\/wp\/v2\/media?parent=21027"}],"wp:term":[{"taxonomy":"category","embeddable":true,"href":"https:\/\/www.copel.com\/site\/wp-json\/wp\/v2\/categories?post=21027"},{"taxonomy":"post_tag","embeddable":true,"href":"https:\/\/www.copel.com\/site\/wp-json\/wp\/v2\/tags?post=21027"},{"taxonomy":"wf_page_folders","embeddable":true,"href":"https:\/\/www.copel.com\/site\/wp-json\/wp\/v2\/wf_page_folders?post=21027"}],"curies":[{"name":"wp","href":"https:\/\/api.w.org\/{rel}","templated":true}]}}