{"id":20512,"date":"2022-01-21T11:10:32","date_gmt":"2022-01-21T14:10:32","guid":{"rendered":"https:\/\/www.copel.com\/site\/?page_id=20512"},"modified":"2024-07-25T08:54:44","modified_gmt":"2024-07-25T11:54:44","slug":"irrigacao-aquicultura-noturnas","status":"publish","type":"page","link":"https:\/\/www.copel.com\/site\/copel-distribuicao\/rural\/irrigacao-aquicultura-noturnas\/","title":{"rendered":"Tarifa de irriga\u00e7\u00e3o e aquicultura noturnas"},"content":{"rendered":"\t\t<div data-elementor-type=\"wp-page\" data-elementor-id=\"20512\" class=\"elementor elementor-20512\" data-elementor-post-type=\"page\">\n\t\t\t\t\t\t<section class=\"elementor-section elementor-top-section elementor-element elementor-element-2fecadc8 elementor-section-full_width imgDestaque elementor-section-content-middle elementor-section-height-default elementor-section-height-default\" data-id=\"2fecadc8\" data-element_type=\"section\" data-e-type=\"section\" data-settings=\"{&quot;background_background&quot;:&quot;classic&quot;}\">\n\t\t\t\t\t\t\t<div class=\"elementor-background-overlay\"><\/div>\n\t\t\t\t\t\t\t<div class=\"elementor-container elementor-column-gap-default\">\n\t\t\t\t\t<div class=\"elementor-column elementor-col-100 elementor-top-column elementor-element elementor-element-4782eaed box-destaque\" data-id=\"4782eaed\" data-element_type=\"column\" data-e-type=\"column\">\n\t\t\t<div class=\"elementor-widget-wrap elementor-element-populated\">\n\t\t\t\t\t\t<div class=\"elementor-element elementor-element-281132b elementor-widget elementor-widget-heading\" data-id=\"281132b\" data-element_type=\"widget\" data-e-type=\"widget\" data-widget_type=\"heading.default\">\n\t\t\t\t<div class=\"elementor-widget-container\">\n\t\t\t\t\t<h1 class=\"elementor-heading-title elementor-size-default\">Tarifa de irriga\u00e7\u00e3o e aquicultura noturnas<\/h1>\t\t\t\t<\/div>\n\t\t\t\t<\/div>\n\t\t\t\t\t<\/div>\n\t\t<\/div>\n\t\t\t\t\t<\/div>\n\t\t<\/section>\n\t\t\t\t<section class=\"elementor-section elementor-top-section elementor-element elementor-element-6ab1e644 elementor-section-full_width elementor-section-height-default elementor-section-height-default\" data-id=\"6ab1e644\" data-element_type=\"section\" data-e-type=\"section\">\n\t\t\t\t\t\t<div class=\"elementor-container elementor-column-gap-default\">\n\t\t\t\t\t<div class=\"elementor-column elementor-col-33 elementor-top-column elementor-element elementor-element-6fd97cf9\" data-id=\"6fd97cf9\" data-element_type=\"column\" data-e-type=\"column\">\n\t\t\t<div class=\"elementor-widget-wrap elementor-element-populated\">\n\t\t\t\t\t\t<div class=\"elementor-element elementor-element-5f741791 elementor-nav-menu__align-justify menuTroca elementor-nav-menu--dropdown-tablet elementor-nav-menu__text-align-aside elementor-nav-menu--toggle elementor-nav-menu--burger elementor-widget elementor-widget-nav-menu\" data-id=\"5f741791\" data-element_type=\"widget\" data-e-type=\"widget\" data-settings=\"{&quot;layout&quot;:&quot;vertical&quot;,&quot;submenu_icon&quot;:{&quot;value&quot;:&quot;&lt;i class=\\&quot;fas fa-caret-down\\&quot; aria-hidden=\\&quot;true\\&quot;&gt;&lt;\\\/i&gt;&quot;,&quot;library&quot;:&quot;fa-solid&quot;},&quot;toggle&quot;:&quot;burger&quot;}\" data-widget_type=\"nav-menu.default\">\n\t\t\t\t<div class=\"elementor-widget-container\">\n\t\t\t\t\t\t\t\t<nav aria-label=\"Menu\" class=\"elementor-nav-menu--main elementor-nav-menu__container elementor-nav-menu--layout-vertical e--pointer-underline e--animation-fade\">\n\t\t\t\t<ul id=\"menu-1-5f741791\" class=\"elementor-nav-menu sm-vertical\"><li class=\"menu-item menu-item-type-custom menu-item-object-custom menu-item-has-children menu-item-20538\"><a href=\"\/site\/copel-distribuicao\/?utm_source=distribuicao-rural&#038;utm_medium=copel-distribuicao&#038;utm_campaign=menu-lateral\" class=\"elementor-item\">Copel Distribui\u00e7\u00e3o<\/a>\n<ul class=\"sub-menu elementor-nav-menu--dropdown\">\n\t<li class=\"menu-item menu-item-type-custom menu-item-object-custom menu-item-20539\"><a href=\"\/site\/copel-distribuicao\/para-sua-casa\/?utm_source=distribuicao-rural&#038;utm_medium=para-sua-casa&#038;utm_campaign=menu-lateral\" class=\"elementor-sub-item\">Para sua casa<\/a><\/li>\n\t<li class=\"menu-item menu-item-type-custom menu-item-object-custom menu-item-20540\"><a href=\"\/site\/copel-distribuicao\/para-sua-empresa\/?utm_source=distribuicao-rural&#038;utm_medium=para-sua-empresa&#038;utm_campaign=menu-lateral\" class=\"elementor-sub-item\">Para sua empresa<\/a><\/li>\n\t<li class=\"menu-item menu-item-type-custom menu-item-object-custom menu-item-20541\"><a href=\"\/site\/copel-distribuicao\/poder-publico\/?utm_source=distribuicao-rural&#038;utm_medium=poder-publico&#038;utm_campaign=menu-lateral\" class=\"elementor-sub-item\">Poder p\u00fablico<\/a><\/li>\n\t<li class=\"menu-item menu-item-type-custom menu-item-object-custom menu-item-20542\"><a href=\"\/site\/copel-distribuicao\/rural\/?utm_source=distribuicao-rural&#038;utm_medium=rural&#038;utm_campaign=menu-lateral\" class=\"elementor-sub-item\">Rural<\/a><\/li>\n<\/ul>\n<\/li>\n<li class=\"menu-item menu-item-type-custom menu-item-object-custom menu-item-20543\"><a href=\"https:\/\/www.copel.com\/avaweb?utm_source=distribuicao-residencial&#038;utm_medium=agencia-virtual&#038;utm_campaign=menu-lateral\" class=\"elementor-item\">Ag\u00eancia virtual<\/a><\/li>\n<li class=\"menu-item menu-item-type-custom menu-item-object-custom menu-item-20544\"><a href=\"\/site\/copel-distribuicao\/aplicativo-copel\/?utm_source=distribuicao-residencial&#038;utm_medium=aplicativo-copel&#038;utm_campaign=menu-lateral\" class=\"elementor-item\">Aplicativo Copel<\/a><\/li>\n<li class=\"menu-item menu-item-type-custom menu-item-object-custom menu-item-20801\"><a href=\"\/site\/copel-distribuicao\/rural\/autoleitura\/?utm_source=distribuicao-rural&#038;utm_medium=autoleitura&#038;utm_campaign=menu-lateral\" class=\"elementor-item\">Autoleitura<\/a><\/li>\n<li class=\"menu-item menu-item-type-custom menu-item-object-custom menu-item-20545\"><a href=\"\/site\/copel-distribuicao\/como-pagar-sua-conta\/?utm_source=distribuicao-residencial&#038;utm_medium=como-pagar-sua-conta&#038;utm_campaign=menu-lateral\" class=\"elementor-item\">Como pagar sua conta<\/a><\/li>\n<li class=\"menu-item menu-item-type-custom menu-item-object-custom menu-item-20546\"><a href=\"\/site\/desligamento-programado\/?utm_source=distribuicao-residencial&#038;utm_medium=desligamento-programado&#038;utm_campaign=menu-lateral\" class=\"elementor-item\">Consulta desligamento programado<\/a><\/li>\n<li class=\"menu-item menu-item-type-custom menu-item-object-custom menu-item-22968\"><a href=\"\/site\/copel-distribuicao\/faturas-de-energia\/\" class=\"elementor-item\">Faturas de energia<\/a><\/li>\n<li class=\"menu-item menu-item-type-custom menu-item-object-custom menu-item-20803\"><a href=\"\/site\/copel-distribuicao\/rural\/faixa-limpa\/?utm_source=distribuicao-rural&#038;utm_medium=faixa-limpa&#038;utm_campaign=menu-lateral\" class=\"elementor-item\">Lei da faixa limpa<\/a><\/li>\n<li class=\"menu-item menu-item-type-custom menu-item-object-custom menu-item-20552\"><a href=\"\/site\/copel-distribuicao\/agencias-de-atendimento\/?utm_source=distribuicao-residencial&#038;utm_medium=&#038;utm_campaign=menu-lateral\" class=\"elementor-item\">Locais de atendimento<\/a><\/li>\n<li class=\"menu-item menu-item-type-custom menu-item-object-custom menu-item-20802\"><a href=\"\/site\/copel-distribuicao\/rural\/programas-de-incentivo\/?utm_source=distribuicao-rural&#038;utm_medium=programa-incentivo&#038;utm_campaign=menu-lateral\" class=\"elementor-item\">Programas de incentivo<\/a><\/li>\n<li class=\"menu-item menu-item-type-custom menu-item-object-custom menu-item-20554\"><a href=\"\/site\/segunda-via\/?utm_source=distribuicao-residencial&#038;utm_medium=&#038;utm_campaign=menu-lateral\" class=\"elementor-item\">Segunda via de fatura<\/a><\/li>\n<li class=\"menu-item menu-item-type-custom menu-item-object-custom menu-item-20800\"><a href=\"\/site\/copel-distribuicao\/rural\/tarifa-rural\/?utm_source=distribuicao-rural&#038;utm_medium=tarifa-rural&#038;utm_campaign=menu-lateral\" class=\"elementor-item\">Tarifa rural<\/a><\/li>\n<\/ul>\t\t\t<\/nav>\n\t\t\t\t\t<div class=\"elementor-menu-toggle\" role=\"button\" tabindex=\"0\" aria-label=\"Menu Toggle\" aria-expanded=\"false\">\n\t\t\t<i aria-hidden=\"true\" role=\"presentation\" class=\"elementor-menu-toggle__icon--open eicon-menu-bar\"><\/i><i aria-hidden=\"true\" role=\"presentation\" class=\"elementor-menu-toggle__icon--close eicon-close\"><\/i>\t\t<\/div>\n\t\t\t\t\t<nav class=\"elementor-nav-menu--dropdown elementor-nav-menu__container\" aria-hidden=\"true\">\n\t\t\t\t<ul id=\"menu-2-5f741791\" class=\"elementor-nav-menu sm-vertical\"><li class=\"menu-item menu-item-type-custom menu-item-object-custom menu-item-has-children menu-item-20538\"><a href=\"\/site\/copel-distribuicao\/?utm_source=distribuicao-rural&#038;utm_medium=copel-distribuicao&#038;utm_campaign=menu-lateral\" class=\"elementor-item\" tabindex=\"-1\">Copel Distribui\u00e7\u00e3o<\/a>\n<ul class=\"sub-menu elementor-nav-menu--dropdown\">\n\t<li class=\"menu-item menu-item-type-custom menu-item-object-custom menu-item-20539\"><a href=\"\/site\/copel-distribuicao\/para-sua-casa\/?utm_source=distribuicao-rural&#038;utm_medium=para-sua-casa&#038;utm_campaign=menu-lateral\" class=\"elementor-sub-item\" tabindex=\"-1\">Para sua casa<\/a><\/li>\n\t<li class=\"menu-item menu-item-type-custom menu-item-object-custom menu-item-20540\"><a href=\"\/site\/copel-distribuicao\/para-sua-empresa\/?utm_source=distribuicao-rural&#038;utm_medium=para-sua-empresa&#038;utm_campaign=menu-lateral\" class=\"elementor-sub-item\" tabindex=\"-1\">Para sua empresa<\/a><\/li>\n\t<li class=\"menu-item menu-item-type-custom menu-item-object-custom menu-item-20541\"><a href=\"\/site\/copel-distribuicao\/poder-publico\/?utm_source=distribuicao-rural&#038;utm_medium=poder-publico&#038;utm_campaign=menu-lateral\" class=\"elementor-sub-item\" tabindex=\"-1\">Poder p\u00fablico<\/a><\/li>\n\t<li class=\"menu-item menu-item-type-custom menu-item-object-custom menu-item-20542\"><a href=\"\/site\/copel-distribuicao\/rural\/?utm_source=distribuicao-rural&#038;utm_medium=rural&#038;utm_campaign=menu-lateral\" class=\"elementor-sub-item\" tabindex=\"-1\">Rural<\/a><\/li>\n<\/ul>\n<\/li>\n<li class=\"menu-item menu-item-type-custom menu-item-object-custom menu-item-20543\"><a href=\"https:\/\/www.copel.com\/avaweb?utm_source=distribuicao-residencial&#038;utm_medium=agencia-virtual&#038;utm_campaign=menu-lateral\" class=\"elementor-item\" tabindex=\"-1\">Ag\u00eancia virtual<\/a><\/li>\n<li class=\"menu-item menu-item-type-custom menu-item-object-custom menu-item-20544\"><a href=\"\/site\/copel-distribuicao\/aplicativo-copel\/?utm_source=distribuicao-residencial&#038;utm_medium=aplicativo-copel&#038;utm_campaign=menu-lateral\" class=\"elementor-item\" tabindex=\"-1\">Aplicativo Copel<\/a><\/li>\n<li class=\"menu-item menu-item-type-custom menu-item-object-custom menu-item-20801\"><a href=\"\/site\/copel-distribuicao\/rural\/autoleitura\/?utm_source=distribuicao-rural&#038;utm_medium=autoleitura&#038;utm_campaign=menu-lateral\" class=\"elementor-item\" tabindex=\"-1\">Autoleitura<\/a><\/li>\n<li class=\"menu-item menu-item-type-custom menu-item-object-custom menu-item-20545\"><a href=\"\/site\/copel-distribuicao\/como-pagar-sua-conta\/?utm_source=distribuicao-residencial&#038;utm_medium=como-pagar-sua-conta&#038;utm_campaign=menu-lateral\" class=\"elementor-item\" tabindex=\"-1\">Como pagar sua conta<\/a><\/li>\n<li class=\"menu-item menu-item-type-custom menu-item-object-custom menu-item-20546\"><a href=\"\/site\/desligamento-programado\/?utm_source=distribuicao-residencial&#038;utm_medium=desligamento-programado&#038;utm_campaign=menu-lateral\" class=\"elementor-item\" tabindex=\"-1\">Consulta desligamento programado<\/a><\/li>\n<li class=\"menu-item menu-item-type-custom menu-item-object-custom menu-item-22968\"><a href=\"\/site\/copel-distribuicao\/faturas-de-energia\/\" class=\"elementor-item\" tabindex=\"-1\">Faturas de energia<\/a><\/li>\n<li class=\"menu-item menu-item-type-custom menu-item-object-custom menu-item-20803\"><a href=\"\/site\/copel-distribuicao\/rural\/faixa-limpa\/?utm_source=distribuicao-rural&#038;utm_medium=faixa-limpa&#038;utm_campaign=menu-lateral\" class=\"elementor-item\" tabindex=\"-1\">Lei da faixa limpa<\/a><\/li>\n<li class=\"menu-item menu-item-type-custom menu-item-object-custom menu-item-20552\"><a href=\"\/site\/copel-distribuicao\/agencias-de-atendimento\/?utm_source=distribuicao-residencial&#038;utm_medium=&#038;utm_campaign=menu-lateral\" class=\"elementor-item\" tabindex=\"-1\">Locais de atendimento<\/a><\/li>\n<li class=\"menu-item menu-item-type-custom menu-item-object-custom menu-item-20802\"><a href=\"\/site\/copel-distribuicao\/rural\/programas-de-incentivo\/?utm_source=distribuicao-rural&#038;utm_medium=programa-incentivo&#038;utm_campaign=menu-lateral\" class=\"elementor-item\" tabindex=\"-1\">Programas de incentivo<\/a><\/li>\n<li class=\"menu-item menu-item-type-custom menu-item-object-custom menu-item-20554\"><a href=\"\/site\/segunda-via\/?utm_source=distribuicao-residencial&#038;utm_medium=&#038;utm_campaign=menu-lateral\" class=\"elementor-item\" tabindex=\"-1\">Segunda via de fatura<\/a><\/li>\n<li class=\"menu-item menu-item-type-custom menu-item-object-custom menu-item-20800\"><a href=\"\/site\/copel-distribuicao\/rural\/tarifa-rural\/?utm_source=distribuicao-rural&#038;utm_medium=tarifa-rural&#038;utm_campaign=menu-lateral\" class=\"elementor-item\" tabindex=\"-1\">Tarifa rural<\/a><\/li>\n<\/ul>\t\t\t<\/nav>\n\t\t\t\t\t\t<\/div>\n\t\t\t\t<\/div>\n\t\t\t\t\t<\/div>\n\t\t<\/div>\n\t\t\t\t<div class=\"elementor-column elementor-col-66 elementor-top-column elementor-element elementor-element-d862dc1\" data-id=\"d862dc1\" data-element_type=\"column\" data-e-type=\"column\">\n\t\t\t<div class=\"elementor-widget-wrap elementor-element-populated\">\n\t\t\t\t\t\t<div class=\"elementor-element elementor-element-cd2c37a acordionTroca elementor-widget elementor-widget-toggle\" data-id=\"cd2c37a\" data-element_type=\"widget\" data-e-type=\"widget\" data-widget_type=\"toggle.default\">\n\t\t\t\t<div class=\"elementor-widget-container\">\n\t\t\t\t\t\t\t<div class=\"elementor-toggle\">\n\t\t\t\t\t\t\t<div class=\"elementor-toggle-item\">\n\t\t\t\t\t<div id=\"elementor-tab-title-2151\" class=\"elementor-tab-title\" data-tab=\"1\" role=\"button\" aria-controls=\"elementor-tab-content-2151\" aria-expanded=\"false\">\n\t\t\t\t\t\t\t\t\t\t\t\t<span class=\"elementor-toggle-icon elementor-toggle-icon-left\" aria-hidden=\"true\">\n\t\t\t\t\t\t\t\t\t\t\t\t\t\t\t<span class=\"elementor-toggle-icon-closed\"><i class=\"fas fa-caret-right\"><\/i><\/span>\n\t\t\t\t\t\t\t\t<span class=\"elementor-toggle-icon-opened\"><i class=\"elementor-toggle-icon-opened fas fa-caret-up\"><\/i><\/span>\n\t\t\t\t\t\t\t\t\t\t\t\t\t<\/span>\n\t\t\t\t\t\t\t\t\t\t\t\t<a class=\"elementor-toggle-title\" tabindex=\"0\">Tarifa de irriga\u00e7\u00e3o\/aquicultura noturna (TIN\/TAN)<\/a>\n\t\t\t\t\t<\/div>\n\n\t\t\t\t\t<div id=\"elementor-tab-content-2151\" class=\"elementor-tab-content elementor-clearfix\" data-tab=\"1\" role=\"region\" aria-labelledby=\"elementor-tab-title-2151\"><p>Unidades consumidoras em que sejam desenvolvidas as atividades de irriga\u00e7\u00e3o e aquicultura podem ter descontos na energia el\u00e9trica utilizada no per\u00edodo das 21h30 \u00e0s 6h, conforme previsto no artigo no artigo 186 da Resolu\u00e7\u00e3o Aneel 1000\/2021. S\u00e3o crit\u00e9rios para usufruir deste benef\u00edcio:<\/p><ol><li>Comprovar a exist\u00eancia do licenciamento ambiental \u00a0e da outorga do direito de uso de recursos h\u00eddricos (n\u00e3o ser\u00e1 aceita outorga pr\u00e9via ou ficha de vistoria pr\u00e9via), ou, ainda, da dispensa da outorga (Cadastro de uso insignificante).<\/li><li>Na entrada de servi\u00e7o devem estar ligadas exclusivamente as seguintes cargas:<\/li><\/ol><ul><li style=\"list-style-type: none;\"><ul><li>aquicultura: cargas espec\u00edficas utilizadas no bombeamento para capta\u00e7\u00e3o de \u00e1gua e dos tanques de cria\u00e7\u00e3o, no ber\u00e7\u00e1rio, na aera\u00e7\u00e3o e na ilumina\u00e7\u00e3o nesses locais;<\/li><li>irriga\u00e7\u00e3o: cargas espec\u00edficas utilizadas no bombeamento para capta\u00e7\u00e3o de \u00e1gua e adu\u00e7\u00e3o, na inje\u00e7\u00e3o de fertilizantes na linha de irriga\u00e7\u00e3o, na aplica\u00e7\u00e3o da \u00e1gua no solo mediante o uso de t\u00e9cnicas espec\u00edficas e na ilumina\u00e7\u00e3o dos locais de instala\u00e7\u00e3o desses equipamentos.<\/li><\/ul><\/li><\/ul><p>A comprova\u00e7\u00e3o de que a energia el\u00e9trica \u00e9 utilizada exclusivamente para as estruturas acima elencadas ser\u00e1 realizada mediante vistoria no local.<\/p><p>Caso na entrada de servi\u00e7o estejam ligadas outras cargas que n\u00e3o as de irriga\u00e7\u00e3o e aquicultura (resid\u00eancia, por exemplo) e seja de seu interesse obter os descontos, o respons\u00e1vel pela unidade consumidora dever\u00e1 contratar profissional de sua prefer\u00eancia que providencie a separa\u00e7\u00e3o das entradas de servi\u00e7os, arcando com os custos e materiais da obra.<\/p><p><a href=\"https:\/\/www.copel.com\/site\/copel-distribuicao\/cadastro-e-recadastro-rural\/\">Solicite agora<\/a><\/p><\/div>\n\t\t\t\t<\/div>\n\t\t\t\t\t\t\t<div class=\"elementor-toggle-item\">\n\t\t\t\t\t<div id=\"elementor-tab-title-2152\" class=\"elementor-tab-title\" data-tab=\"2\" role=\"button\" aria-controls=\"elementor-tab-content-2152\" aria-expanded=\"false\">\n\t\t\t\t\t\t\t\t\t\t\t\t<span class=\"elementor-toggle-icon elementor-toggle-icon-left\" aria-hidden=\"true\">\n\t\t\t\t\t\t\t\t\t\t\t\t\t\t\t<span class=\"elementor-toggle-icon-closed\"><i class=\"fas fa-caret-right\"><\/i><\/span>\n\t\t\t\t\t\t\t\t<span class=\"elementor-toggle-icon-opened\"><i class=\"elementor-toggle-icon-opened fas fa-caret-up\"><\/i><\/span>\n\t\t\t\t\t\t\t\t\t\t\t\t\t<\/span>\n\t\t\t\t\t\t\t\t\t\t\t\t<a class=\"elementor-toggle-title\" tabindex=\"0\">Revis\u00e3o cadastral - irriga\u00e7\u00e3o\/aquicultura<\/a>\n\t\t\t\t\t<\/div>\n\n\t\t\t\t\t<div id=\"elementor-tab-content-2152\" class=\"elementor-tab-content elementor-clearfix\" data-tab=\"2\" role=\"region\" aria-labelledby=\"elementor-tab-title-2152\"><p>A Resolu\u00e7\u00e3o Normativa Aneel n\u00ba 1.000\/2021 estabeleceu a obrigatoriedade de atualiza\u00e7\u00e3o cadastral a cada 3 anos para todos os consumidores que recebem benef\u00edcios tarif\u00e1rios (descontos na fatura de energia el\u00e9trica).<\/p><p>As unidades consumidoras enquadradas nas atividades de Irriga\u00e7\u00e3o ou Aquicultura recebem o benef\u00edcio previsto no artigo 186 da referida normativa e, conforme o inciso II do artigo 665, as pertencentes ao Grupo B devem passar pelo processo de revis\u00e3o cadastral em 2022, para comprovar que continuam atendendo aos crit\u00e9rios de elegibilidade para recebimento desse benef\u00edcio.<\/p><p>Para isso, o respons\u00e1vel pela unidade consumidora deve encaminhar, pelo nosso <a href=\"https:\/\/www.copel.com\/site\/copel-distribuicao\/cadastro-e-recadastro-rural\/\">Portal de Servi\u00e7os<\/a>, c\u00f3pia dos seguintes documentos:<\/p><ul><li>RG e CPF.<\/li><li>Cadastro de Produtor Rural no Estado do Paran\u00e1 &#8211; CAD\/PRO (o titular da unidade consumidora dever\u00e1 ter seu nome no CAD\/PRO como titular ou associado \u00e0 produ\u00e7\u00e3o).<\/li><li>Licenciamento Ambiental.<\/li><li>Outorga de direito de uso dos recursos h\u00eddricos (ou dispensa \u2013 Cadastro de uso insignificante ). N\u00e3o ser\u00e3o aceitas outorga pr\u00e9via ou ficha de vistoria pr\u00e9via.<\/li><li>Documento da propriedade em que conste o endere\u00e7o (ITR, INCRA, etc.).<\/li><\/ul><p>Neste primeiro ciclo de Revis\u00e3o, excepcionalmente, ser\u00e1 aceita a <a href=\"https:\/\/www.copel.com\/site\/copel-distribuicao\/formularios\/.\">Autodeclara\u00e7\u00e3o<\/a> no lugar do Licenciamento Ambiental e Outorga.\u00a0<\/p><h6>Mas aten\u00e7\u00e3o!<\/h6><p>Assim que poss\u00edvel e antes do pr\u00f3ximo ciclo de revis\u00e3o cadastral dever\u00e3o ser apresentados o Licenciamento e a Outorga (ou dispensa desta), sob o risco de perda e devolu\u00e7\u00e3o dos benef\u00edcios tarif\u00e1rios recebidos.<\/p><p>O prazo para entrega da documenta\u00e7\u00e3o \u00e9 de 6 meses, contados a partir da primeira notifica\u00e7\u00e3o impressa na fatura de energia el\u00e9trica.<\/p><p><span style=\"text-decoration: underline;\">Observa\u00e7\u00f5es importantes:<\/span><\/p><p>Na entrada de servi\u00e7o devem estar ligadas exclusivamente as seguintes cargas:<\/p><ul><li>aquicultura: cargas espec\u00edficas utilizadas no bombeamento para capta\u00e7\u00e3o de \u00e1gua e dos tanques de cria\u00e7\u00e3o, no ber\u00e7\u00e1rio, na aera\u00e7\u00e3o e na ilumina\u00e7\u00e3o nesses locais;<\/li><li>irriga\u00e7\u00e3o: cargas espec\u00edficas utilizadas no bombeamento para capta\u00e7\u00e3o de \u00e1gua e adu\u00e7\u00e3o, na inje\u00e7\u00e3o de fertilizantes na linha de irriga\u00e7\u00e3o, na aplica\u00e7\u00e3o da \u00e1gua no solo mediante o uso de t\u00e9cnicas espec\u00edficas e na ilumina\u00e7\u00e3o dos locais de instala\u00e7\u00e3o desses equipamentos.<\/li><\/ul><p>Poder\u00e1 ser efetuada vistoria no local para comprova\u00e7\u00e3o de que a energia el\u00e9trica \u00e9 utilizada exclusivamente para as estruturas acima elencadas.<\/p><p>Caso na entrada de servi\u00e7o estejam ligadas outras cargas que n\u00e3o as de irriga\u00e7\u00e3o e aquicultura (resid\u00eancia, por exemplo) e seja de seu interesse manter os descontos, ser\u00e1 necess\u00e1rio adequar a entrada de servi\u00e7o.<\/p><p>Esse servi\u00e7o deve ser executado por profissional de sua prefer\u00eancia.<br \/>Ser\u00e1 efetuada valida\u00e7\u00e3o do CAD\/PRO no SINTEGRA.<\/p><\/div>\n\t\t\t\t<\/div>\n\t\t\t\t\t\t\t\t<\/div>\n\t\t\t\t\t\t<\/div>\n\t\t\t\t<\/div>\n\t\t\t\t\t<\/div>\n\t\t<\/div>\n\t\t\t\t\t<\/div>\n\t\t<\/section>\n\t\t\t\t<\/div>\n\t\t","protected":false},"excerpt":{"rendered":"<p>Tarifa de irriga\u00e7\u00e3o e aquicultura noturnas Tarifa de irriga\u00e7\u00e3o\/aquicultura noturna (TIN\/TAN) Unidades consumidoras em que sejam desenvolvidas as atividades de irriga\u00e7\u00e3o e aquicultura podem ter descontos na energia el\u00e9trica utilizada no per\u00edodo das 21h30 \u00e0s 6h, conforme previsto no artigo no artigo 186 da Resolu\u00e7\u00e3o Aneel 1000\/2021. S\u00e3o crit\u00e9rios para usufruir deste benef\u00edcio: Comprovar a [&hellip;]<\/p>\n","protected":false},"author":6,"featured_media":0,"parent":7531,"menu_order":0,"comment_status":"closed","ping_status":"closed","template":"elementor_header_footer","meta":{"_acf_changed":false,"footnotes":""},"categories":[],"tags":[],"wf_page_folders":[465],"class_list":["post-20512","page","type-page","status-publish","hentry"],"acf":[],"aioseo_notices":[],"_links":{"self":[{"href":"https:\/\/www.copel.com\/site\/wp-json\/wp\/v2\/pages\/20512","targetHints":{"allow":["GET"]}}],"collection":[{"href":"https:\/\/www.copel.com\/site\/wp-json\/wp\/v2\/pages"}],"about":[{"href":"https:\/\/www.copel.com\/site\/wp-json\/wp\/v2\/types\/page"}],"author":[{"embeddable":true,"href":"https:\/\/www.copel.com\/site\/wp-json\/wp\/v2\/users\/6"}],"replies":[{"embeddable":true,"href":"https:\/\/www.copel.com\/site\/wp-json\/wp\/v2\/comments?post=20512"}],"version-history":[{"count":3,"href":"https:\/\/www.copel.com\/site\/wp-json\/wp\/v2\/pages\/20512\/revisions"}],"predecessor-version":[{"id":39665,"href":"https:\/\/www.copel.com\/site\/wp-json\/wp\/v2\/pages\/20512\/revisions\/39665"}],"up":[{"embeddable":true,"href":"https:\/\/www.copel.com\/site\/wp-json\/wp\/v2\/pages\/7531"}],"wp:attachment":[{"href":"https:\/\/www.copel.com\/site\/wp-json\/wp\/v2\/media?parent=20512"}],"wp:term":[{"taxonomy":"category","embeddable":true,"href":"https:\/\/www.copel.com\/site\/wp-json\/wp\/v2\/categories?post=20512"},{"taxonomy":"post_tag","embeddable":true,"href":"https:\/\/www.copel.com\/site\/wp-json\/wp\/v2\/tags?post=20512"},{"taxonomy":"wf_page_folders","embeddable":true,"href":"https:\/\/www.copel.com\/site\/wp-json\/wp\/v2\/wf_page_folders?post=20512"}],"curies":[{"name":"wp","href":"https:\/\/api.w.org\/{rel}","templated":true}]}}