{"id":19874,"date":"2022-01-12T15:31:47","date_gmt":"2022-01-12T18:31:47","guid":{"rendered":"https:\/\/www.copel.com\/site\/?page_id=19874"},"modified":"2024-07-24T16:34:04","modified_gmt":"2024-07-24T19:34:04","slug":"guarda-responsavel-de-animais","status":"publish","type":"page","link":"https:\/\/www.copel.com\/site\/copel-distribuicao\/guarda-responsavel-de-animais\/","title":{"rendered":"Guarda respons\u00e1vel de animais"},"content":{"rendered":"\t\t<div data-elementor-type=\"wp-page\" data-elementor-id=\"19874\" class=\"elementor elementor-19874\" data-elementor-post-type=\"page\">\n\t\t\t\t\t\t<section class=\"elementor-section elementor-top-section elementor-element elementor-element-a2e3b84 elementor-section-full_width imgDestaque elementor-section-content-middle elementor-section-height-default elementor-section-height-default\" data-id=\"a2e3b84\" data-element_type=\"section\" data-e-type=\"section\" data-settings=\"{&quot;background_background&quot;:&quot;classic&quot;}\">\n\t\t\t\t\t\t\t<div class=\"elementor-background-overlay\"><\/div>\n\t\t\t\t\t\t\t<div class=\"elementor-container elementor-column-gap-default\">\n\t\t\t\t\t<div class=\"elementor-column elementor-col-100 elementor-top-column elementor-element elementor-element-6163b1de box-destaque\" data-id=\"6163b1de\" data-element_type=\"column\" data-e-type=\"column\">\n\t\t\t<div class=\"elementor-widget-wrap elementor-element-populated\">\n\t\t\t\t\t\t<div class=\"elementor-element elementor-element-509dbcdc elementor-widget elementor-widget-heading\" data-id=\"509dbcdc\" data-element_type=\"widget\" data-e-type=\"widget\" data-widget_type=\"heading.default\">\n\t\t\t\t<div class=\"elementor-widget-container\">\n\t\t\t\t\t<h1 class=\"elementor-heading-title elementor-size-default\">Guarda respons\u00e1vel de animais - Prevenc\u00e3o<\/h1>\t\t\t\t<\/div>\n\t\t\t\t<\/div>\n\t\t\t\t\t<\/div>\n\t\t<\/div>\n\t\t\t\t\t<\/div>\n\t\t<\/section>\n\t\t\t\t<section class=\"elementor-section elementor-top-section elementor-element elementor-element-e72480d elementor-section-full_width elementor-section-height-default elementor-section-height-default\" data-id=\"e72480d\" data-element_type=\"section\" data-e-type=\"section\">\n\t\t\t\t\t\t<div class=\"elementor-container elementor-column-gap-default\">\n\t\t\t\t\t<div class=\"elementor-column elementor-col-33 elementor-top-column elementor-element elementor-element-60a36d53\" data-id=\"60a36d53\" data-element_type=\"column\" data-e-type=\"column\">\n\t\t\t<div class=\"elementor-widget-wrap elementor-element-populated\">\n\t\t\t\t\t\t<div class=\"elementor-element elementor-element-145994ed elementor-nav-menu__align-justify menuTroca elementor-nav-menu--dropdown-tablet elementor-nav-menu__text-align-aside elementor-nav-menu--toggle elementor-nav-menu--burger elementor-widget elementor-widget-nav-menu\" data-id=\"145994ed\" data-element_type=\"widget\" data-e-type=\"widget\" data-settings=\"{&quot;layout&quot;:&quot;vertical&quot;,&quot;submenu_icon&quot;:{&quot;value&quot;:&quot;&lt;i class=\\&quot;fas fa-caret-down\\&quot; aria-hidden=\\&quot;true\\&quot;&gt;&lt;\\\/i&gt;&quot;,&quot;library&quot;:&quot;fa-solid&quot;},&quot;toggle&quot;:&quot;burger&quot;}\" data-widget_type=\"nav-menu.default\">\n\t\t\t\t<div class=\"elementor-widget-container\">\n\t\t\t\t\t\t\t\t<nav aria-label=\"Menu\" class=\"elementor-nav-menu--main elementor-nav-menu__container elementor-nav-menu--layout-vertical e--pointer-underline e--animation-fade\">\n\t\t\t\t<ul id=\"menu-1-145994ed\" class=\"elementor-nav-menu sm-vertical\"><li class=\"menu-item menu-item-type-custom menu-item-object-custom menu-item-has-children menu-item-18685\"><a href=\"\/site\/copel-distribuicao\/?utm_source=distribuicao-residencial&#038;utm_medium=copel-distribuicao&#038;utm_campaign=menu-lateral\" class=\"elementor-item\">Copel Distribui\u00e7\u00e3o<\/a>\n<ul class=\"sub-menu elementor-nav-menu--dropdown\">\n\t<li class=\"menu-item menu-item-type-custom menu-item-object-custom menu-item-18686\"><a href=\"\/site\/copel-distribuicao\/para-sua-casa\/?utm_source=distribuicao-residencial&#038;utm_medium=para-sua-casa&#038;utm_campaign=menu-lateral\" class=\"elementor-sub-item\">Para sua casa<\/a><\/li>\n\t<li class=\"menu-item menu-item-type-custom menu-item-object-custom menu-item-18687\"><a href=\"\/site\/copel-distribuicao\/para-sua-empresa\/?utm_source=distribuicao-residencial&#038;utm_medium=para-sua-empresa&#038;utm_campaign=menu-lateral\" class=\"elementor-sub-item\">Para sua empresa<\/a><\/li>\n\t<li class=\"menu-item menu-item-type-custom menu-item-object-custom menu-item-19277\"><a href=\"\/site\/copel-distribuicao\/poder-publico\/?utm_source=distribuicao-residencial&#038;utm_medium=poder-publico&#038;utm_campaign=menu-lateral\" class=\"elementor-sub-item\">Poder p\u00fablico<\/a><\/li>\n\t<li class=\"menu-item menu-item-type-custom menu-item-object-custom menu-item-18688\"><a href=\"\/site\/copel-distribuicao\/rural\/?utm_source=distribuicao-residencial&#038;utm_medium=rural&#038;utm_campaign=menu-lateral\" class=\"elementor-sub-item\">Rural<\/a><\/li>\n<\/ul>\n<\/li>\n<li class=\"menu-item menu-item-type-custom menu-item-object-custom menu-item-18689\"><a href=\"https:\/\/www.copel.com\/avaweb\/?utm_source=distribuicao-residencial&#038;utm_medium=agencia-virtual&#038;utm_campaign=menu-lateral\" class=\"elementor-item\">Ag\u00eancia virtual<\/a><\/li>\n<li class=\"menu-item menu-item-type-custom menu-item-object-custom menu-item-18690\"><a href=\"\/site\/copel-distribuicao\/aplicativo-copel\/?utm_source=distribuicao-residencial&#038;utm_medium=aplicativo-copel&#038;utm_campaign=menu-lateral\" class=\"elementor-item\">Aplicativo Copel<\/a><\/li>\n<li class=\"menu-item menu-item-type-custom menu-item-object-custom menu-item-18691\"><a href=\"\/site\/copel-distribuicao\/como-pagar-sua-conta\/?utm_source=distribuicao-residencial&#038;utm_medium=como-pagar-sua-conta&#038;utm_campaign=menu-lateral\" class=\"elementor-item\">Como pagar sua conta<\/a><\/li>\n<li class=\"menu-item menu-item-type-custom menu-item-object-custom menu-item-18692\"><a href=\"\/site\/copel-distribuicao\/desligamento-programado\/?utm_source=distribuicao-residencial&#038;utm_medium=desligamento-programado&#038;utm_campaign=menu-lateral\" class=\"elementor-item\">Consulta desligamento programado<\/a><\/li>\n<li class=\"menu-item menu-item-type-custom menu-item-object-custom menu-item-18693\"><a href=\"\/site\/copel-distribuicao\/eficiencia-energetica\/?utm_source=distribuicao-residencial&#038;utm_medium=&#038;utm_campaign=menu-lateral\" class=\"elementor-item\">Efici\u00eancia energ\u00e9tica<\/a><\/li>\n<li class=\"menu-item menu-item-type-custom menu-item-object-custom menu-item-18694\"><a href=\"\/site\/copel-distribuicao\/usuarios-de-equipamentos-eletromedicos\/?utm_source=distribuicao-residencial&#038;utm_medium=&#038;utm_campaign=menu-lateral\" class=\"elementor-item\">Equipamentos eletrom\u00e9dicos<\/a><\/li>\n<li class=\"menu-item menu-item-type-custom menu-item-object-custom menu-item-22965\"><a href=\"\/site\/copel-distribuicao\/faturas-energia\/\" class=\"elementor-item\">Faturas de energia<\/a><\/li>\n<li class=\"menu-item menu-item-type-custom menu-item-object-custom menu-item-18695\"><a href=\"\/site\/copel-distribuicao\/formularios\/?utm_source=distribuicao-residencial&#038;utm_medium=&#038;utm_campaign=menu-lateral\" class=\"elementor-item\">Formul\u00e1rios<\/a><\/li>\n<li class=\"menu-item menu-item-type-custom menu-item-object-custom menu-item-18696\"><a href=\"\/site\/fornecedores-e-parceiros\/geracao-distribuida\/?utm_source=distribuicao-residencial&#038;utm_medium=&#038;utm_campaign=menu-lateral\" class=\"elementor-item\">Gera\u00e7\u00e3o distribu\u00edda<\/a><\/li>\n<li class=\"menu-item menu-item-type-custom menu-item-object-custom menu-item-18697\"><a href=\"\/site\/copel-distribuicao\/agencias-de-atendimento\/?utm_source=distribuicao-residencial&#038;utm_medium=&#038;utm_campaign=menu-lateral\" class=\"elementor-item\">Locais de atendimento<\/a><\/li>\n<li class=\"menu-item menu-item-type-custom menu-item-object-custom menu-item-18698\"><a href=\"\/site\/copel-distribuicao\/pedido-de-ligacao\/?utm_source=distribuicao-residencial&#038;utm_medium=&#038;utm_campaign=menu-lateral\" class=\"elementor-item\">Pedido de liga\u00e7\u00e3o<\/a><\/li>\n<li class=\"menu-item menu-item-type-custom menu-item-object-custom menu-item-18699\"><a href=\"\/site\/copel-distribuicao\/segunda-via\/\" class=\"elementor-item\">Segunda via de fatura<\/a><\/li>\n<li class=\"menu-item menu-item-type-custom menu-item-object-custom menu-item-18700\"><a href=\"\/site\/copel-distribuicao\/tarifas-de-energia-eletrica\/?utm_source=distribuicao-residencial&#038;utm_medium=&#038;utm_campaign=menu-lateral\" class=\"elementor-item\">Tarifas de energia<\/a><\/li>\n<li class=\"menu-item menu-item-type-custom menu-item-object-custom menu-item-18701\"><a href=\"\/site\/troca-de-padrao\/?utm_source=distribuicao-residencial&#038;utm_medium=&#038;utm_campaign=menu-lateral\" class=\"elementor-item\">Troca de padr\u00e3o<\/a><\/li>\n<li class=\"menu-item menu-item-type-custom menu-item-object-custom menu-item-18702\"><a href=\"\/site\/institucional\/programa-de-pesquisa-e-desenvolvimento\/?utm_source=distribuicao-residencial&#038;utm_medium=&#038;utm_campaign=menu-lateral\" class=\"elementor-item\">Pesquisa e desenvolvimento<\/a><\/li>\n<li class=\"menu-item menu-item-type-custom menu-item-object-custom menu-item-18703\"><a href=\"\/site\/copel-distribuicao\/conselho-de-consumidores\/?utm_source=distribuicao-residencial&#038;utm_medium=&#038;utm_campaign=menu-lateral\" class=\"elementor-item\">Conselho de consumidores<\/a><\/li>\n<li class=\"menu-item menu-item-type-custom menu-item-object-custom menu-item-18704\"><a href=\"\/site\/copel-distribuicao\/interrupcao-em-situacao-de-emergencia\/?utm_source=distribuicao-residencial&#038;utm_medium=&#038;utm_campaign=menu-lateral\" class=\"elementor-item\">Interrup\u00e7\u00e3o em situa\u00e7\u00e3o de conting\u00eancia<\/a><\/li>\n<\/ul>\t\t\t<\/nav>\n\t\t\t\t\t<div class=\"elementor-menu-toggle\" role=\"button\" tabindex=\"0\" aria-label=\"Menu Toggle\" aria-expanded=\"false\">\n\t\t\t<i aria-hidden=\"true\" role=\"presentation\" class=\"elementor-menu-toggle__icon--open eicon-menu-bar\"><\/i><i aria-hidden=\"true\" role=\"presentation\" class=\"elementor-menu-toggle__icon--close eicon-close\"><\/i>\t\t<\/div>\n\t\t\t\t\t<nav class=\"elementor-nav-menu--dropdown elementor-nav-menu__container\" aria-hidden=\"true\">\n\t\t\t\t<ul id=\"menu-2-145994ed\" class=\"elementor-nav-menu sm-vertical\"><li class=\"menu-item menu-item-type-custom menu-item-object-custom menu-item-has-children menu-item-18685\"><a href=\"\/site\/copel-distribuicao\/?utm_source=distribuicao-residencial&#038;utm_medium=copel-distribuicao&#038;utm_campaign=menu-lateral\" class=\"elementor-item\" tabindex=\"-1\">Copel Distribui\u00e7\u00e3o<\/a>\n<ul class=\"sub-menu elementor-nav-menu--dropdown\">\n\t<li class=\"menu-item menu-item-type-custom menu-item-object-custom menu-item-18686\"><a href=\"\/site\/copel-distribuicao\/para-sua-casa\/?utm_source=distribuicao-residencial&#038;utm_medium=para-sua-casa&#038;utm_campaign=menu-lateral\" class=\"elementor-sub-item\" tabindex=\"-1\">Para sua casa<\/a><\/li>\n\t<li class=\"menu-item menu-item-type-custom menu-item-object-custom menu-item-18687\"><a href=\"\/site\/copel-distribuicao\/para-sua-empresa\/?utm_source=distribuicao-residencial&#038;utm_medium=para-sua-empresa&#038;utm_campaign=menu-lateral\" class=\"elementor-sub-item\" tabindex=\"-1\">Para sua empresa<\/a><\/li>\n\t<li class=\"menu-item menu-item-type-custom menu-item-object-custom menu-item-19277\"><a href=\"\/site\/copel-distribuicao\/poder-publico\/?utm_source=distribuicao-residencial&#038;utm_medium=poder-publico&#038;utm_campaign=menu-lateral\" class=\"elementor-sub-item\" tabindex=\"-1\">Poder p\u00fablico<\/a><\/li>\n\t<li class=\"menu-item menu-item-type-custom menu-item-object-custom menu-item-18688\"><a href=\"\/site\/copel-distribuicao\/rural\/?utm_source=distribuicao-residencial&#038;utm_medium=rural&#038;utm_campaign=menu-lateral\" class=\"elementor-sub-item\" tabindex=\"-1\">Rural<\/a><\/li>\n<\/ul>\n<\/li>\n<li class=\"menu-item menu-item-type-custom menu-item-object-custom menu-item-18689\"><a href=\"https:\/\/www.copel.com\/avaweb\/?utm_source=distribuicao-residencial&#038;utm_medium=agencia-virtual&#038;utm_campaign=menu-lateral\" class=\"elementor-item\" tabindex=\"-1\">Ag\u00eancia virtual<\/a><\/li>\n<li class=\"menu-item menu-item-type-custom menu-item-object-custom menu-item-18690\"><a href=\"\/site\/copel-distribuicao\/aplicativo-copel\/?utm_source=distribuicao-residencial&#038;utm_medium=aplicativo-copel&#038;utm_campaign=menu-lateral\" class=\"elementor-item\" tabindex=\"-1\">Aplicativo Copel<\/a><\/li>\n<li class=\"menu-item menu-item-type-custom menu-item-object-custom menu-item-18691\"><a href=\"\/site\/copel-distribuicao\/como-pagar-sua-conta\/?utm_source=distribuicao-residencial&#038;utm_medium=como-pagar-sua-conta&#038;utm_campaign=menu-lateral\" class=\"elementor-item\" tabindex=\"-1\">Como pagar sua conta<\/a><\/li>\n<li class=\"menu-item menu-item-type-custom menu-item-object-custom menu-item-18692\"><a href=\"\/site\/copel-distribuicao\/desligamento-programado\/?utm_source=distribuicao-residencial&#038;utm_medium=desligamento-programado&#038;utm_campaign=menu-lateral\" class=\"elementor-item\" tabindex=\"-1\">Consulta desligamento programado<\/a><\/li>\n<li class=\"menu-item menu-item-type-custom menu-item-object-custom menu-item-18693\"><a href=\"\/site\/copel-distribuicao\/eficiencia-energetica\/?utm_source=distribuicao-residencial&#038;utm_medium=&#038;utm_campaign=menu-lateral\" class=\"elementor-item\" tabindex=\"-1\">Efici\u00eancia energ\u00e9tica<\/a><\/li>\n<li class=\"menu-item menu-item-type-custom menu-item-object-custom menu-item-18694\"><a href=\"\/site\/copel-distribuicao\/usuarios-de-equipamentos-eletromedicos\/?utm_source=distribuicao-residencial&#038;utm_medium=&#038;utm_campaign=menu-lateral\" class=\"elementor-item\" tabindex=\"-1\">Equipamentos eletrom\u00e9dicos<\/a><\/li>\n<li class=\"menu-item menu-item-type-custom menu-item-object-custom menu-item-22965\"><a href=\"\/site\/copel-distribuicao\/faturas-energia\/\" class=\"elementor-item\" tabindex=\"-1\">Faturas de energia<\/a><\/li>\n<li class=\"menu-item menu-item-type-custom menu-item-object-custom menu-item-18695\"><a href=\"\/site\/copel-distribuicao\/formularios\/?utm_source=distribuicao-residencial&#038;utm_medium=&#038;utm_campaign=menu-lateral\" class=\"elementor-item\" tabindex=\"-1\">Formul\u00e1rios<\/a><\/li>\n<li class=\"menu-item menu-item-type-custom menu-item-object-custom menu-item-18696\"><a href=\"\/site\/fornecedores-e-parceiros\/geracao-distribuida\/?utm_source=distribuicao-residencial&#038;utm_medium=&#038;utm_campaign=menu-lateral\" class=\"elementor-item\" tabindex=\"-1\">Gera\u00e7\u00e3o distribu\u00edda<\/a><\/li>\n<li class=\"menu-item menu-item-type-custom menu-item-object-custom menu-item-18697\"><a href=\"\/site\/copel-distribuicao\/agencias-de-atendimento\/?utm_source=distribuicao-residencial&#038;utm_medium=&#038;utm_campaign=menu-lateral\" class=\"elementor-item\" tabindex=\"-1\">Locais de atendimento<\/a><\/li>\n<li class=\"menu-item menu-item-type-custom menu-item-object-custom menu-item-18698\"><a href=\"\/site\/copel-distribuicao\/pedido-de-ligacao\/?utm_source=distribuicao-residencial&#038;utm_medium=&#038;utm_campaign=menu-lateral\" class=\"elementor-item\" tabindex=\"-1\">Pedido de liga\u00e7\u00e3o<\/a><\/li>\n<li class=\"menu-item menu-item-type-custom menu-item-object-custom menu-item-18699\"><a href=\"\/site\/copel-distribuicao\/segunda-via\/\" class=\"elementor-item\" tabindex=\"-1\">Segunda via de fatura<\/a><\/li>\n<li class=\"menu-item menu-item-type-custom menu-item-object-custom menu-item-18700\"><a href=\"\/site\/copel-distribuicao\/tarifas-de-energia-eletrica\/?utm_source=distribuicao-residencial&#038;utm_medium=&#038;utm_campaign=menu-lateral\" class=\"elementor-item\" tabindex=\"-1\">Tarifas de energia<\/a><\/li>\n<li class=\"menu-item menu-item-type-custom menu-item-object-custom menu-item-18701\"><a href=\"\/site\/troca-de-padrao\/?utm_source=distribuicao-residencial&#038;utm_medium=&#038;utm_campaign=menu-lateral\" class=\"elementor-item\" tabindex=\"-1\">Troca de padr\u00e3o<\/a><\/li>\n<li class=\"menu-item menu-item-type-custom menu-item-object-custom menu-item-18702\"><a href=\"\/site\/institucional\/programa-de-pesquisa-e-desenvolvimento\/?utm_source=distribuicao-residencial&#038;utm_medium=&#038;utm_campaign=menu-lateral\" class=\"elementor-item\" tabindex=\"-1\">Pesquisa e desenvolvimento<\/a><\/li>\n<li class=\"menu-item menu-item-type-custom menu-item-object-custom menu-item-18703\"><a href=\"\/site\/copel-distribuicao\/conselho-de-consumidores\/?utm_source=distribuicao-residencial&#038;utm_medium=&#038;utm_campaign=menu-lateral\" class=\"elementor-item\" tabindex=\"-1\">Conselho de consumidores<\/a><\/li>\n<li class=\"menu-item menu-item-type-custom menu-item-object-custom menu-item-18704\"><a href=\"\/site\/copel-distribuicao\/interrupcao-em-situacao-de-emergencia\/?utm_source=distribuicao-residencial&#038;utm_medium=&#038;utm_campaign=menu-lateral\" class=\"elementor-item\" tabindex=\"-1\">Interrup\u00e7\u00e3o em situa\u00e7\u00e3o de conting\u00eancia<\/a><\/li>\n<\/ul>\t\t\t<\/nav>\n\t\t\t\t\t\t<\/div>\n\t\t\t\t<\/div>\n\t\t\t\t\t<\/div>\n\t\t<\/div>\n\t\t\t\t<div class=\"elementor-column elementor-col-66 elementor-top-column elementor-element elementor-element-fbb9739\" data-id=\"fbb9739\" data-element_type=\"column\" data-e-type=\"column\">\n\t\t\t<div class=\"elementor-widget-wrap elementor-element-populated\">\n\t\t\t\t\t\t<div class=\"elementor-element elementor-element-4dd5257 elementor-widget elementor-widget-heading\" data-id=\"4dd5257\" data-element_type=\"widget\" data-e-type=\"widget\" data-widget_type=\"heading.default\">\n\t\t\t\t<div class=\"elementor-widget-container\">\n\t\t\t\t\t<h3 class=\"elementor-heading-title elementor-size-default\">Campanha de preven\u00e7\u00e3o de acidentes com c\u00e3es<\/h3>\t\t\t\t<\/div>\n\t\t\t\t<\/div>\n\t\t\t\t<div class=\"elementor-element elementor-element-29bb6333 elementor-widget elementor-widget-text-editor\" data-id=\"29bb6333\" data-element_type=\"widget\" data-e-type=\"widget\" data-widget_type=\"text-editor.default\">\n\t\t\t\t<div class=\"elementor-widget-container\">\n\t\t\t\t\t\t\t\t\t<p>Diariamente, os leituristas da Copel percorrem as cidades de todo o Paran\u00e1 para verificar o consumo de energia de cada cliente. Nesse trabalho, o principal risco de acidentes enfrentado pelos empregados \u00e9 o ataque de c\u00e3es que est\u00e3o na rua ou conseguem fugir da propriedade. A cada dia, em media, 115 pessoas sofrem acidentes com c\u00e3es no Paran\u00e1. Entre os alvos mais comuns, encontram-se carteiros, leituristas e garis, que em muitas situa\u00e7\u00f5es n\u00e3o podem voltar ao trabalho devido \u00e0 gravidade do ataque. Para se ter uma ideia, as mordidas de cachorros representam a segunda maior causa de acidentes em toda a Copel.<\/p><p>Se voc\u00ea possui cachorro em casa, pode e deve tomar alguns cuidados para garantir a seguran\u00e7a dos leituristas e a qualidade do servi\u00e7o da Copel. Manter livre a entrada para a leitura dos medidores de energia \u00e9 um dos deveres do consumidor. E os c\u00e3es est\u00e3o entre os principais impedimentos ao acesso \u00e0 medi\u00e7\u00e3o da energia consumida pelos clientes da empresa. Se houver risco de acidente para fazer a leitura, o empregado \u00e9 orientado a n\u00e3o realiza-la.<\/p><p>Al\u00e9m de aumentar as chances de erros na conta de luz, em casos extremos a Copel pode suspender o fornecimento de energia para o dono do &#8220;c\u00e3o bravo&#8221;. O artigo 936 do novo C\u00f3digo Civil, Lei 10.406 de 2002, determina que: &#8220;o dono, ou detentor, do animal ressarcir\u00e1 o dano por este causado, se n\u00e3o provar culpa da v\u00edtima ou for\u00e7a maior&#8221;.<\/p><p>Com o objetivo e desenvolver a\u00e7\u00f5es que ajudem a conscientizar a popula\u00e7\u00e3o sobre a import\u00e2ncia dos cuidados com os animais de estima\u00e7\u00e3o, para prevenir acidentes, a Copel, em parceria com os Correios, Sanepar e Cavo participa desde 2012 da Campanha de Preven\u00e7\u00e3o de Acidentes com C\u00e3es &#8211; a PrevenC\u00e3o. Por meio de apresenta\u00e7\u00f5es teatrais em eventos sociais, empresas e escolas leva orienta\u00e7\u00f5es sobre o cuidado com os c\u00e3es.<\/p><p>Para conhecer os cuidados que devem ser tomados e saber como evitar acidentes com c\u00e3es, clique no link abaixo e consulte a cartilha produzida pelas empresas da Campanha PrevenC\u00e3o. O documento re\u00fane informa\u00e7\u00f5es e dados sobre os acidentes com c\u00e3es em todo o Paran\u00e1, d\u00e1 orienta\u00e7\u00f5es sobre como cuidar dos c\u00e3es, e explica as leis que responsabilizam o propriet\u00e1rio pela omiss\u00e3o na guarda de animais.<\/p>\t\t\t\t\t\t\t\t<\/div>\n\t\t\t\t<\/div>\n\t\t\t\t<div class=\"elementor-element elementor-element-c19aab7 elementor-icon-list--layout-traditional elementor-list-item-link-full_width elementor-widget elementor-widget-icon-list\" data-id=\"c19aab7\" data-element_type=\"widget\" data-e-type=\"widget\" data-widget_type=\"icon-list.default\">\n\t\t\t\t<div class=\"elementor-widget-container\">\n\t\t\t\t\t\t\t<ul class=\"elementor-icon-list-items\">\n\t\t\t\t\t\t\t<li class=\"elementor-icon-list-item\">\n\t\t\t\t\t\t\t\t\t\t\t<a href=\"https:\/\/copel0.sharepoint.com\/:b:\/s\/documentos-site-copel\/EfEmgmzmaIBDgJAM0lFR7OYBA19QTHQKqm41oyVW4Grk5Q?e=ys3YZ6\" target=\"_blank\">\n\n\t\t\t\t\t\t\t\t\t\t\t\t<span class=\"elementor-icon-list-icon\">\n\t\t\t\t\t\t\t<svg xmlns=\"http:\/\/www.w3.org\/2000\/svg\" width=\"28\" height=\"28\" viewBox=\"0 0 28 28\"><g id=\"arrow-laranja\" transform=\"translate(0 28) rotate(-90)\"><path id=\"arrow-down\" d=\"M14.709,38.024l-.547-.547a.332.332,0,0,0-.47,0L9.409,41.76V32.331A.332.332,0,0,0,9.077,32H8.3a.332.332,0,0,0-.331.331V41.76L3.689,37.477a.332.332,0,0,0-.47,0l-.547.547a.332.332,0,0,0,0,.47l5.783,5.783a.332.332,0,0,0,.47,0l5.783-5.783A.332.332,0,0,0,14.709,38.024Z\" transform=\"translate(5.194 -24.187)\" fill=\"#ff750c\"><\/path><rect id=\"Ret&#xE2;ngulo_813\" data-name=\"Ret&#xE2;ngulo 813\" width=\"28\" height=\"28\" fill=\"none\"><\/rect><\/g><\/svg>\t\t\t\t\t\t<\/span>\n\t\t\t\t\t\t\t\t\t\t<span class=\"elementor-icon-list-text\">Acesse a cartilha PrevenC\u00e3o<\/span>\n\t\t\t\t\t\t\t\t\t\t\t<\/a>\n\t\t\t\t\t\t\t\t\t<\/li>\n\t\t\t\t\t\t<\/ul>\n\t\t\t\t\t\t<\/div>\n\t\t\t\t<\/div>\n\t\t\t\t<div class=\"elementor-element elementor-element-9ea5f1d elementor-widget elementor-widget-text-editor\" data-id=\"9ea5f1d\" data-element_type=\"widget\" data-e-type=\"widget\" data-widget_type=\"text-editor.default\">\n\t\t\t\t<div class=\"elementor-widget-container\">\n\t\t\t\t\t\t\t\t\t<p>Para come\u00e7ar, siga algumas orienta\u00e7\u00f5es que ajudam a evitar acidentes:<\/p><ul><li>Instale a caixa de correio longe do alcance do seu c\u00e3o;<\/li><li>Ao solicitar servi\u00e7os da Copel avise da presen\u00e7a de c\u00e3o no seu im\u00f3vel;<\/li><li>Mantenha as vacinas em dia e n\u00e3o deixe seu c\u00e3o solto na rua;<\/li><li>Nos dias de leitura de leitura, procure manter seu c\u00e3o longe do medidor de luz (voc\u00ea pode consultar a data da leitura em sua conta de luz);<\/li><li>Na posse de c\u00e3es agressivos sinalize, em local bem vis\u00edvel, com a placa &#8220;C\u00c3O BRAVO&#8221;.<\/li><\/ul>\t\t\t\t\t\t\t\t<\/div>\n\t\t\t\t<\/div>\n\t\t\t\t\t<\/div>\n\t\t<\/div>\n\t\t\t\t\t<\/div>\n\t\t<\/section>\n\t\t\t\t<\/div>\n\t\t","protected":false},"excerpt":{"rendered":"<p>Guarda respons\u00e1vel de animais &#8211; Prevenc\u00e3o Campanha de preven\u00e7\u00e3o de acidentes com c\u00e3es Diariamente, os leituristas da Copel percorrem as cidades de todo o Paran\u00e1 para verificar o consumo de energia de cada cliente. Nesse trabalho, o principal risco de acidentes enfrentado pelos empregados \u00e9 o ataque de c\u00e3es que est\u00e3o na rua ou conseguem [&hellip;]<\/p>\n","protected":false},"author":6,"featured_media":0,"parent":981,"menu_order":0,"comment_status":"closed","ping_status":"closed","template":"elementor_header_footer","meta":{"_acf_changed":false,"footnotes":""},"categories":[],"tags":[],"wf_page_folders":[438],"class_list":["post-19874","page","type-page","status-publish","hentry"],"acf":[],"aioseo_notices":[],"_links":{"self":[{"href":"https:\/\/www.copel.com\/site\/wp-json\/wp\/v2\/pages\/19874","targetHints":{"allow":["GET"]}}],"collection":[{"href":"https:\/\/www.copel.com\/site\/wp-json\/wp\/v2\/pages"}],"about":[{"href":"https:\/\/www.copel.com\/site\/wp-json\/wp\/v2\/types\/page"}],"author":[{"embeddable":true,"href":"https:\/\/www.copel.com\/site\/wp-json\/wp\/v2\/users\/6"}],"replies":[{"embeddable":true,"href":"https:\/\/www.copel.com\/site\/wp-json\/wp\/v2\/comments?post=19874"}],"version-history":[{"count":3,"href":"https:\/\/www.copel.com\/site\/wp-json\/wp\/v2\/pages\/19874\/revisions"}],"predecessor-version":[{"id":39589,"href":"https:\/\/www.copel.com\/site\/wp-json\/wp\/v2\/pages\/19874\/revisions\/39589"}],"up":[{"embeddable":true,"href":"https:\/\/www.copel.com\/site\/wp-json\/wp\/v2\/pages\/981"}],"wp:attachment":[{"href":"https:\/\/www.copel.com\/site\/wp-json\/wp\/v2\/media?parent=19874"}],"wp:term":[{"taxonomy":"category","embeddable":true,"href":"https:\/\/www.copel.com\/site\/wp-json\/wp\/v2\/categories?post=19874"},{"taxonomy":"post_tag","embeddable":true,"href":"https:\/\/www.copel.com\/site\/wp-json\/wp\/v2\/tags?post=19874"},{"taxonomy":"wf_page_folders","embeddable":true,"href":"https:\/\/www.copel.com\/site\/wp-json\/wp\/v2\/wf_page_folders?post=19874"}],"curies":[{"name":"wp","href":"https:\/\/api.w.org\/{rel}","templated":true}]}}