{"id":18643,"date":"2021-12-24T08:40:05","date_gmt":"2021-12-24T11:40:05","guid":{"rendered":"https:\/\/www.copel.com\/site\/?page_id=18643"},"modified":"2025-12-29T09:49:54","modified_gmt":"2025-12-29T12:49:54","slug":"troca-de-titularidade","status":"publish","type":"page","link":"https:\/\/www.copel.com\/site\/copel-distribuicao\/troca-de-titularidade\/","title":{"rendered":"Troca de titularidade"},"content":{"rendered":"\t\t<div data-elementor-type=\"wp-page\" data-elementor-id=\"18643\" class=\"elementor elementor-18643\" data-elementor-post-type=\"page\">\n\t\t\t\t\t\t<section class=\"elementor-section elementor-top-section elementor-element elementor-element-0ec3092 elementor-section-boxed elementor-section-height-default elementor-section-height-default\" data-id=\"0ec3092\" data-element_type=\"section\" data-e-type=\"section\">\n\t\t\t\t\t\t<div class=\"elementor-container elementor-column-gap-default\">\n\t\t\t\t\t<div class=\"elementor-column elementor-col-100 elementor-top-column elementor-element elementor-element-4a8c70c\" data-id=\"4a8c70c\" data-element_type=\"column\" data-e-type=\"column\">\n\t\t\t<div class=\"elementor-widget-wrap elementor-element-populated\">\n\t\t\t\t\t\t<section class=\"elementor-section elementor-inner-section elementor-element elementor-element-a2e29db elementor-section-boxed elementor-section-height-default elementor-section-height-default\" data-id=\"a2e29db\" data-element_type=\"section\" data-e-type=\"section\">\n\t\t\t\t\t\t<div class=\"elementor-container elementor-column-gap-default\">\n\t\t\t\t\t<div class=\"elementor-column elementor-col-66 elementor-inner-column elementor-element elementor-element-68c195f\" data-id=\"68c195f\" data-element_type=\"column\" data-e-type=\"column\">\n\t\t\t<div class=\"elementor-widget-wrap elementor-element-populated\">\n\t\t\t\t\t\t<div class=\"elementor-element elementor-element-43b79d1 elementor-widget elementor-widget-heading\" data-id=\"43b79d1\" data-element_type=\"widget\" data-e-type=\"widget\" data-widget_type=\"heading.default\">\n\t\t\t\t<div class=\"elementor-widget-container\">\n\t\t\t\t\t<h2 class=\"elementor-heading-title elementor-size-default\">Troca de titularidade<\/h2>\t\t\t\t<\/div>\n\t\t\t\t<\/div>\n\t\t\t\t\t<\/div>\n\t\t<\/div>\n\t\t\t\t<div class=\"elementor-column elementor-col-33 elementor-inner-column elementor-element elementor-element-19779e6\" data-id=\"19779e6\" data-element_type=\"column\" data-e-type=\"column\">\n\t\t\t<div class=\"elementor-widget-wrap elementor-element-populated\">\n\t\t\t\t\t\t<div class=\"elementor-element elementor-element-2432eaf elementor-align-right action elementor-widget elementor-widget-button\" data-id=\"2432eaf\" data-element_type=\"widget\" data-e-type=\"widget\" data-widget_type=\"button.default\">\n\t\t\t\t<div class=\"elementor-widget-container\">\n\t\t\t\t\t\t\t\t\t<div class=\"elementor-button-wrapper\">\n\t\t\t\t\t<a class=\"elementor-button elementor-button-link elementor-size-sm\" href=\"#\">\n\t\t\t\t\t\t<span class=\"elementor-button-content-wrapper\">\n\t\t\t\t\t\t\t\t\t<span class=\"elementor-button-text\">Ades\u00e3o<\/span>\n\t\t\t\t\t<\/span>\n\t\t\t\t\t<\/a>\n\t\t\t\t<\/div>\n\t\t\t\t\t\t\t\t<\/div>\n\t\t\t\t<\/div>\n\t\t\t\t<div class=\"elementor-element elementor-element-240a3c3 elementor-widget elementor-widget-html\" data-id=\"240a3c3\" data-element_type=\"widget\" data-e-type=\"widget\" data-widget_type=\"html.default\">\n\t\t\t\t<div class=\"elementor-widget-container\">\n\t\t\t\t\t\n<script src=\"https:\/\/code.jquery.com\/jquery-3.6.0.js\"><\/script>\n\n<script>\njQuery(document).ready(function($){\n   \n\t$( \".action a\" ).click(\n        function(){\n    \t    var info = $('.info');\n    \t   \n    \t     $('.info:visible').slideUp('fast');\n    \t    if (info.css('display') == 'none'){\n    \t        info.slideDown('fast');\n    \t    }\n        }\n    );\n    \n    \n    $( document ).tooltip({\n      track: true\n    });\n    \n  \n});\n<\/script>\n<style>\n    .action {width:100%;}\n    .info{display:none;}\n<\/style>\t\t\t\t<\/div>\n\t\t\t\t<\/div>\n\t\t\t\t<div class=\"elementor-element elementor-element-7dc4e94 elementor-align-right video_action elementor-widget elementor-widget-button\" data-id=\"7dc4e94\" data-element_type=\"widget\" data-e-type=\"widget\" data-widget_type=\"button.default\">\n\t\t\t\t<div class=\"elementor-widget-container\">\n\t\t\t\t\t\t\t\t\t<div class=\"elementor-button-wrapper\">\n\t\t\t\t\t<a class=\"elementor-button elementor-button-link elementor-size-sm\" href=\"#\">\n\t\t\t\t\t\t<span class=\"elementor-button-content-wrapper\">\n\t\t\t\t\t\t\t\t\t<span class=\"elementor-button-text\">Video tutorial de como solicitar o servi\u00e7o<\/span>\n\t\t\t\t\t<\/span>\n\t\t\t\t\t<\/a>\n\t\t\t\t<\/div>\n\t\t\t\t\t\t\t\t<\/div>\n\t\t\t\t<\/div>\n\t\t\t\t<div class=\"elementor-element elementor-element-7b64f22 elementor-widget elementor-widget-html\" data-id=\"7b64f22\" data-element_type=\"widget\" data-e-type=\"widget\" data-widget_type=\"html.default\">\n\t\t\t\t<div class=\"elementor-widget-container\">\n\t\t\t\t\t\n<script src=\"https:\/\/code.jquery.com\/jquery-3.6.0.js\"><\/script>\n\n<script>\njQuery(document).ready(function($){\n   \n\t$( \".video_action a\" ).click(\n        function(){\n    \t    var video = $('.video');\n    \t   \n    \t     $('.video:visible').slideUp('fast');\n    \t    if (video.css('display') == 'none'){\n    \t        video.slideDown('fast');\n    \t    }\n        }\n    );\n    \n    \n    $( document ).tooltip({\n      track: true\n    });\n    \n  \n});\n<\/script>\n<style>\n    .video_action {width:100%;}\n    .video{display:none;}\n<\/style>\t\t\t\t<\/div>\n\t\t\t\t<\/div>\n\t\t\t\t\t<\/div>\n\t\t<\/div>\n\t\t\t\t\t<\/div>\n\t\t<\/section>\n\t\t\t\t<div class=\"elementor-element elementor-element-d93f4fe elementor-hidden-desktop elementor-hidden-tablet elementor-hidden-mobile elementor-widget elementor-widget-text-editor\" data-id=\"d93f4fe\" data-element_type=\"widget\" data-e-type=\"widget\" data-widget_type=\"text-editor.default\">\n\t\t\t\t<div class=\"elementor-widget-container\">\n\t\t\t\t\t\t\t\t\t<p><strong>Servi\u00e7o temporariamente indispon\u00edvel para solicita\u00e7\u00e3o online.<\/strong><\/p><p>Favor ligar para<strong> 0800 51 00 116<\/strong> ou comparecer em uma de nossas ag\u00eancias.<\/p>\t\t\t\t\t\t\t\t<\/div>\n\t\t\t\t<\/div>\n\t\t\t\t<section class=\"elementor-section elementor-inner-section elementor-element elementor-element-0906de8 info elementor-section-boxed elementor-section-height-default elementor-section-height-default\" data-id=\"0906de8\" data-element_type=\"section\" data-e-type=\"section\">\n\t\t\t\t\t\t\t<div class=\"elementor-background-overlay\"><\/div>\n\t\t\t\t\t\t\t<div class=\"elementor-container elementor-column-gap-default\">\n\t\t\t\t\t<div class=\"elementor-column elementor-col-100 elementor-inner-column elementor-element elementor-element-4bdfec1\" data-id=\"4bdfec1\" data-element_type=\"column\" data-e-type=\"column\">\n\t\t\t<div class=\"elementor-widget-wrap elementor-element-populated\">\n\t\t\t\t\t\t<div class=\"elementor-element elementor-element-c048e30 elementor-widget elementor-widget-text-editor\" data-id=\"c048e30\" data-element_type=\"widget\" data-e-type=\"widget\" data-widget_type=\"text-editor.default\">\n\t\t\t\t<div class=\"elementor-widget-container\">\n\t\t\t\t\t\t\t\t\t<h3>Termo de ades\u00e3o a notifica\u00e7\u00e3o, comunica\u00e7\u00e3o e envio de faturas eletr\u00f4nicas<\/h3><p>A Copel Distribui\u00e7\u00e3o S.A. com o objetivo de gerar mais agilidade nas comunica\u00e7\u00f5es e conforto aos clientes encaminha as comunica\u00e7\u00f5es, notifica\u00e7\u00f5es e envio de faturas de forma eletr\u00f4nica.<\/p><p>Por meio deste Termo, a Copel se responsabiliza pelas obriga\u00e7\u00f5es no envio das comunica\u00e7\u00f5es, notifica\u00e7\u00f5es e faturas ao endere\u00e7o de e-mail ou celular informado pelo Cliente.<\/p><p>Lembramos que a qualquer momento o Cliente pode cancelar ou alterar a forma de envio da Fatura Digital, comunica\u00e7\u00f5es e notifica\u00e7\u00f5es por meio da Ag\u00eancia Virtual, aplicativo (APP), Atendimento Telef\u00f4nico ou Presencial.<\/p><p>Com a ades\u00e3o, o Cliente confirma que recebeu da Copel Distribui\u00e7\u00e3o todas as informa\u00e7\u00f5es necess\u00e1rias ao acesso \u00e0 Fatura Digital, comunica\u00e7\u00f5es e notifica\u00e7\u00f5es eletr\u00f4nicas.<\/p><p>Aten\u00e7\u00e3o!<\/p><p>A Copel Distribui\u00e7\u00e3o n\u00e3o envia e-mails solicitando dados confidenciais aos clientes e n\u00e3o solicita dep\u00f3sito em conta corrente. Caso receba mensagens com instru\u00e7\u00f5es duvidosas, desconsidere ou entre em contato com os Canais de Atendimento.<\/p>\t\t\t\t\t\t\t\t<\/div>\n\t\t\t\t<\/div>\n\t\t\t\t<div class=\"elementor-element elementor-element-51fc9fb elementor-align-center action elementor-widget elementor-widget-button\" data-id=\"51fc9fb\" data-element_type=\"widget\" data-e-type=\"widget\" data-widget_type=\"button.default\">\n\t\t\t\t<div class=\"elementor-widget-container\">\n\t\t\t\t\t\t\t\t\t<div class=\"elementor-button-wrapper\">\n\t\t\t\t\t<a class=\"elementor-button elementor-button-link elementor-size-sm\" href=\"#\">\n\t\t\t\t\t\t<span class=\"elementor-button-content-wrapper\">\n\t\t\t\t\t\t\t\t\t<span class=\"elementor-button-text\">Fechar mensagem<\/span>\n\t\t\t\t\t<\/span>\n\t\t\t\t\t<\/a>\n\t\t\t\t<\/div>\n\t\t\t\t\t\t\t\t<\/div>\n\t\t\t\t<\/div>\n\t\t\t\t\t<\/div>\n\t\t<\/div>\n\t\t\t\t\t<\/div>\n\t\t<\/section>\n\t\t\t\t<section class=\"elementor-section elementor-inner-section elementor-element elementor-element-bb635b6 video elementor-section-boxed elementor-section-height-default elementor-section-height-default\" data-id=\"bb635b6\" data-element_type=\"section\" data-e-type=\"section\">\n\t\t\t\t\t\t\t<div class=\"elementor-background-overlay\"><\/div>\n\t\t\t\t\t\t\t<div class=\"elementor-container elementor-column-gap-default\">\n\t\t\t\t\t<div class=\"elementor-column elementor-col-100 elementor-inner-column elementor-element elementor-element-2ad7596\" data-id=\"2ad7596\" data-element_type=\"column\" data-e-type=\"column\">\n\t\t\t<div class=\"elementor-widget-wrap elementor-element-populated\">\n\t\t\t\t\t\t<div class=\"elementor-element elementor-element-564fe6c elementor-widget elementor-widget-video\" data-id=\"564fe6c\" data-element_type=\"widget\" data-e-type=\"widget\" data-settings=\"{&quot;youtube_url&quot;:&quot;https:\\\/\\\/youtu.be\\\/z_kjCqzUkPM&quot;,&quot;video_type&quot;:&quot;youtube&quot;,&quot;controls&quot;:&quot;yes&quot;}\" data-widget_type=\"video.default\">\n\t\t\t\t<div class=\"elementor-widget-container\">\n\t\t\t\t\t\t\t<div class=\"elementor-wrapper elementor-open-inline\">\n\t\t\t<div class=\"elementor-video\"><\/div>\t\t<\/div>\n\t\t\t\t\t\t<\/div>\n\t\t\t\t<\/div>\n\t\t\t\t<div class=\"elementor-element elementor-element-f5cdff5 elementor-align-center video_action elementor-widget elementor-widget-button\" data-id=\"f5cdff5\" data-element_type=\"widget\" data-e-type=\"widget\" data-widget_type=\"button.default\">\n\t\t\t\t<div class=\"elementor-widget-container\">\n\t\t\t\t\t\t\t\t\t<div class=\"elementor-button-wrapper\">\n\t\t\t\t\t<a class=\"elementor-button elementor-button-link elementor-size-sm\" href=\"#\">\n\t\t\t\t\t\t<span class=\"elementor-button-content-wrapper\">\n\t\t\t\t\t\t\t\t\t<span class=\"elementor-button-text\">Fechar mensagem<\/span>\n\t\t\t\t\t<\/span>\n\t\t\t\t\t<\/a>\n\t\t\t\t<\/div>\n\t\t\t\t\t\t\t\t<\/div>\n\t\t\t\t<\/div>\n\t\t\t\t\t<\/div>\n\t\t<\/div>\n\t\t\t\t\t<\/div>\n\t\t<\/section>\n\t\t\t\t<div class=\"elementor-element elementor-element-52c29ccd elementor-widget elementor-widget-html\" data-id=\"52c29ccd\" data-element_type=\"widget\" data-e-type=\"widget\" data-widget_type=\"html.default\">\n\t\t\t\t<div class=\"elementor-widget-container\">\n\t\t\t\t\t<script>\n\n     function sizeFrame() { \n        \n        const element = document.getElementById(\"appFrame\");\n    \n        if(element.contentWindow.location.href == \"https:\/\/www.copel.com\/site\/\"){\n            element.contentWindow.location.href = element.getAttribute(\"src\");\n            return false;\n        }\n        \n        if(element.contentDocument) { \n            var contentHeight = element.contentWindow.document.body.scrollHeight;\n            \n            if(contentHeight <= 300)\n                element.height = 1100 + \"px\";\n            else\n                element.height = contentHeight + \"px\";\n        }\n    }  \n    \n    window.onload=sizeFrame;\n   setInterval(sizeFrame, 800);\n\n<\/script> \n\n<iframe id=\"appFrame\" src=\"https:\/\/www.copel.com\/paveweb\/maisservicos\/trocaTitularidade.jsf\" width=\"100%\" title=\"Troca de titularidade\" sandbox=\"allow-same-origin allow-scripts allow-forms allow-modals allow-popups allow-top-navigation\"><\/iframe>\t\t\t\t<\/div>\n\t\t\t\t<\/div>\n\t\t\t\t\t<\/div>\n\t\t<\/div>\n\t\t\t\t\t<\/div>\n\t\t<\/section>\n\t\t\t\t<\/div>\n\t\t","protected":false},"excerpt":{"rendered":"<p>Troca de titularidade Ades\u00e3o Video tutorial de como solicitar o servi\u00e7o Servi\u00e7o temporariamente indispon\u00edvel para solicita\u00e7\u00e3o online. Favor ligar para 0800 51 00 116 ou comparecer em uma de nossas ag\u00eancias. Termo de ades\u00e3o a notifica\u00e7\u00e3o, comunica\u00e7\u00e3o e envio de faturas eletr\u00f4nicas A Copel Distribui\u00e7\u00e3o S.A. com o objetivo de gerar mais agilidade nas comunica\u00e7\u00f5es [&hellip;]<\/p>\n","protected":false},"author":6,"featured_media":0,"parent":981,"menu_order":0,"comment_status":"closed","ping_status":"closed","template":"elementor_header_footer","meta":{"_acf_changed":false,"footnotes":""},"categories":[999],"tags":[],"wf_page_folders":[442],"class_list":["post-18643","page","type-page","status-publish","hentry","category-pave"],"acf":[],"aioseo_notices":[],"_links":{"self":[{"href":"https:\/\/www.copel.com\/site\/wp-json\/wp\/v2\/pages\/18643","targetHints":{"allow":["GET"]}}],"collection":[{"href":"https:\/\/www.copel.com\/site\/wp-json\/wp\/v2\/pages"}],"about":[{"href":"https:\/\/www.copel.com\/site\/wp-json\/wp\/v2\/types\/page"}],"author":[{"embeddable":true,"href":"https:\/\/www.copel.com\/site\/wp-json\/wp\/v2\/users\/6"}],"replies":[{"embeddable":true,"href":"https:\/\/www.copel.com\/site\/wp-json\/wp\/v2\/comments?post=18643"}],"version-history":[{"count":3,"href":"https:\/\/www.copel.com\/site\/wp-json\/wp\/v2\/pages\/18643\/revisions"}],"predecessor-version":[{"id":37510,"href":"https:\/\/www.copel.com\/site\/wp-json\/wp\/v2\/pages\/18643\/revisions\/37510"}],"up":[{"embeddable":true,"href":"https:\/\/www.copel.com\/site\/wp-json\/wp\/v2\/pages\/981"}],"wp:attachment":[{"href":"https:\/\/www.copel.com\/site\/wp-json\/wp\/v2\/media?parent=18643"}],"wp:term":[{"taxonomy":"category","embeddable":true,"href":"https:\/\/www.copel.com\/site\/wp-json\/wp\/v2\/categories?post=18643"},{"taxonomy":"post_tag","embeddable":true,"href":"https:\/\/www.copel.com\/site\/wp-json\/wp\/v2\/tags?post=18643"},{"taxonomy":"wf_page_folders","embeddable":true,"href":"https:\/\/www.copel.com\/site\/wp-json\/wp\/v2\/wf_page_folders?post=18643"}],"curies":[{"name":"wp","href":"https:\/\/api.w.org\/{rel}","templated":true}]}}