{"id":18505,"date":"2021-12-21T15:37:12","date_gmt":"2021-12-21T18:37:12","guid":{"rendered":"https:\/\/10.120.2.40\/hpcweb\/?page_id=18505"},"modified":"2025-03-31T10:16:19","modified_gmt":"2025-03-31T13:16:19","slug":"iluminacao-publica","status":"publish","type":"page","link":"https:\/\/www.copel.com\/site\/copel-distribuicao\/iluminacao-publica\/","title":{"rendered":"Ilumina\u00e7\u00e3o p\u00fablica"},"content":{"rendered":"\t\t<div data-elementor-type=\"wp-page\" data-elementor-id=\"18505\" class=\"elementor elementor-18505\" data-elementor-post-type=\"page\">\n\t\t\t\t\t\t<section class=\"elementor-section elementor-top-section elementor-element elementor-element-1cfeda14 elementor-section-full_width imgDestaque elementor-section-content-middle elementor-section-height-default elementor-section-height-default\" data-id=\"1cfeda14\" data-element_type=\"section\" data-e-type=\"section\" data-settings=\"{&quot;background_background&quot;:&quot;classic&quot;}\">\n\t\t\t\t\t\t\t<div class=\"elementor-background-overlay\"><\/div>\n\t\t\t\t\t\t\t<div class=\"elementor-container elementor-column-gap-default\">\n\t\t\t\t\t<div class=\"elementor-column elementor-col-100 elementor-top-column elementor-element elementor-element-38c2ca30 box-destaque\" data-id=\"38c2ca30\" data-element_type=\"column\" data-e-type=\"column\">\n\t\t\t<div class=\"elementor-widget-wrap elementor-element-populated\">\n\t\t\t\t\t\t<div class=\"elementor-element elementor-element-554f3844 elementor-widget elementor-widget-heading\" data-id=\"554f3844\" data-element_type=\"widget\" data-e-type=\"widget\" data-widget_type=\"heading.default\">\n\t\t\t\t<div class=\"elementor-widget-container\">\n\t\t\t\t\t<h1 class=\"elementor-heading-title elementor-size-default\">Ilumina\u00e7\u00e3o P\u00fablica<\/h1>\t\t\t\t<\/div>\n\t\t\t\t<\/div>\n\t\t\t\t\t<\/div>\n\t\t<\/div>\n\t\t\t\t\t<\/div>\n\t\t<\/section>\n\t\t\t\t<section class=\"elementor-section elementor-top-section elementor-element elementor-element-134e4730 elementor-section-full_width elementor-section-height-default elementor-section-height-default\" data-id=\"134e4730\" data-element_type=\"section\" data-e-type=\"section\">\n\t\t\t\t\t\t<div class=\"elementor-container elementor-column-gap-default\">\n\t\t\t\t\t<div class=\"elementor-column elementor-col-100 elementor-top-column elementor-element elementor-element-1cd3ba93\" data-id=\"1cd3ba93\" data-element_type=\"column\" data-e-type=\"column\">\n\t\t\t<div class=\"elementor-widget-wrap elementor-element-populated\">\n\t\t\t\t\t\t<div class=\"elementor-element elementor-element-cae323c AbasIluminacao e-n-tabs-mobile elementor-widget elementor-widget-n-tabs\" data-id=\"cae323c\" data-element_type=\"widget\" data-e-type=\"widget\" data-settings=\"{&quot;tabs_justify_horizontal&quot;:&quot;start&quot;,&quot;horizontal_scroll&quot;:&quot;disable&quot;}\" data-widget_type=\"nested-tabs.default\">\n\t\t\t\t<div class=\"elementor-widget-container\">\n\t\t\t\t\t\t\t<div class=\"e-n-tabs\" data-widget-number=\"212742716\" aria-label=\"Tabs. Open items with Enter or Space, close with Escape and navigate using the Arrow keys.\">\n\t\t\t<div class=\"e-n-tabs-heading\" role=\"tablist\">\n\t\t\t\t\t<button id=\"e-n-tab-title-2127427161\" data-tab-title-id=\"e-n-tab-title-2127427161\" class=\"e-n-tab-title\" aria-selected=\"true\" data-tab-index=\"1\" role=\"tab\" tabindex=\"0\" aria-controls=\"e-n-tab-content-2127427161\" style=\"--n-tabs-title-order: 1;\">\n\t\t\t\t\t<span class=\"e-n-tab-icon\">\n\t\t\t<svg xmlns=\"http:\/\/www.w3.org\/2000\/svg\" id=\"a\" viewBox=\"0 0 145.44 129.28\"><path id=\"b\" d=\"M10.24,0c-1.57-.01-3,.89-3.67,2.32C-2.19,21.36-2.19,43.28,6.57,62.32c.94,2.01,3.34,2.88,5.36,1.94,2.01-.94,2.88-3.34,1.94-5.36-7.71-16.88-7.71-36.28,0-53.17.95-2.01.09-4.4-1.92-5.35C11.41.14,10.83,0,10.24,0ZM82.42,45.16c7.13-5.36,8.57-15.49,3.21-22.62-5.36-7.13-15.49-8.57-22.62-3.21-7.13,5.36-8.57,15.49-3.21,22.62.93,1.24,2.03,2.33,3.27,3.25L28.45,124.84c-.44,1.02.02,2.21,1.05,2.66l3.71,1.61c1.02.44,2.21-.03,2.66-1.05l17.04-39.18h39.72l17.04,39.18c.44,1.02,1.63,1.49,2.66,1.05l3.71-1.61c1.02-.44,1.49-1.64,1.05-2.66l-34.64-79.68ZM72.72,24.24c4.46,0,8.08,3.62,8.08,8.08s-3.62,8.08-8.08,8.08-8.08-3.62-8.08-8.08c0-4.46,3.62-8.08,8.08-8.08ZM56.41,80.8l14.15-32.54c.71.12,1.44.2,2.16.22.75-.02,1.5-.1,2.24-.23l14.15,32.55h-32.69ZM30.04,48.48c2.22,0,4.01-1.81,4-4.03,0-.39-.06-.78-.17-1.15-2.07-7.17-2.07-14.78,0-21.95.65-2.12-.55-4.36-2.67-5.01-.37-.11-.76-.17-1.15-.17h-.04c-1.76-.02-3.32,1.12-3.84,2.8-2.57,8.72-2.57,18,0,26.73.52,1.68,2.08,2.82,3.84,2.8h.04ZM115.43,16.16h-.04c-2.22,0-4.01,1.81-4,4.03,0,.39.06.78.17,1.15,2.07,7.17,2.07,14.78,0,21.95-.65,2.12.55,4.36,2.67,5.01.37.11.76.17,1.15.17h.04c1.76.02,3.32-1.12,3.84-2.8,2.57-8.73,2.57-18,0-26.73-.52-1.68-2.09-2.81-3.84-2.79ZM138.87,2.32c-.94-2.01-3.34-2.88-5.36-1.94-2.01.94-2.88,3.34-1.94,5.36h0c7.71,16.88,7.71,36.28,0,53.17-.94,2.01-.08,4.41,1.94,5.36,2.01.94,4.41.08,5.36-1.94,8.76-19.04,8.76-40.96,0-60.01h0Z\" stroke-width=\"0\"><\/path><\/svg>\t\t\t<svg xmlns=\"http:\/\/www.w3.org\/2000\/svg\" id=\"a\" viewBox=\"0 0 145.44 129.28\"><path id=\"b\" d=\"M10.24,0c-1.57-.01-3,.89-3.67,2.32C-2.19,21.36-2.19,43.28,6.57,62.32c.94,2.01,3.34,2.88,5.36,1.94,2.01-.94,2.88-3.34,1.94-5.36-7.71-16.88-7.71-36.28,0-53.17.95-2.01.09-4.4-1.92-5.35C11.41.14,10.83,0,10.24,0ZM82.42,45.16c7.13-5.36,8.57-15.49,3.21-22.62-5.36-7.13-15.49-8.57-22.62-3.21-7.13,5.36-8.57,15.49-3.21,22.62.93,1.24,2.03,2.33,3.27,3.25L28.45,124.84c-.44,1.02.02,2.21,1.05,2.66l3.71,1.61c1.02.44,2.21-.03,2.66-1.05l17.04-39.18h39.72l17.04,39.18c.44,1.02,1.63,1.49,2.66,1.05l3.71-1.61c1.02-.44,1.49-1.64,1.05-2.66l-34.64-79.68ZM72.72,24.24c4.46,0,8.08,3.62,8.08,8.08s-3.62,8.08-8.08,8.08-8.08-3.62-8.08-8.08c0-4.46,3.62-8.08,8.08-8.08ZM56.41,80.8l14.15-32.54c.71.12,1.44.2,2.16.22.75-.02,1.5-.1,2.24-.23l14.15,32.55h-32.69ZM30.04,48.48c2.22,0,4.01-1.81,4-4.03,0-.39-.06-.78-.17-1.15-2.07-7.17-2.07-14.78,0-21.95.65-2.12-.55-4.36-2.67-5.01-.37-.11-.76-.17-1.15-.17h-.04c-1.76-.02-3.32,1.12-3.84,2.8-2.57,8.72-2.57,18,0,26.73.52,1.68,2.08,2.82,3.84,2.8h.04ZM115.43,16.16h-.04c-2.22,0-4.01,1.81-4,4.03,0,.39.06.78.17,1.15,2.07,7.17,2.07,14.78,0,21.95-.65,2.12.55,4.36,2.67,5.01.37.11.76.17,1.15.17h.04c1.76.02,3.32-1.12,3.84-2.8,2.57-8.73,2.57-18,0-26.73-.52-1.68-2.09-2.81-3.84-2.79ZM138.87,2.32c-.94-2.01-3.34-2.88-5.36-1.94-2.01.94-2.88,3.34-1.94,5.36h0c7.71,16.88,7.71,36.28,0,53.17-.94,2.01-.08,4.41,1.94,5.36,2.01.94,4.41.08,5.36-1.94,8.76-19.04,8.76-40.96,0-60.01h0Z\" stroke-width=\"0\"><\/path><\/svg>\t\t<\/span>\n\t\t\t\t\t<span class=\"e-n-tab-title-text\">\n\t\t\t\tIlumina\u00e7\u00e3o P\u00fablica\t\t\t<\/span>\n\t\t<\/button>\n\t\t\t\t<button id=\"e-n-tab-title-2127427162\" data-tab-title-id=\"e-n-tab-title-2127427162\" class=\"e-n-tab-title\" aria-selected=\"false\" data-tab-index=\"2\" role=\"tab\" tabindex=\"-1\" aria-controls=\"e-n-tab-content-2127427162\" style=\"--n-tabs-title-order: 2;\">\n\t\t\t\t\t<span class=\"e-n-tab-icon\">\n\t\t\t<svg xmlns=\"http:\/\/www.w3.org\/2000\/svg\" id=\"a\" viewBox=\"0 0 145.44 129.28\"><path id=\"b\" d=\"M10.24,0c-1.57-.01-3,.89-3.67,2.32C-2.19,21.36-2.19,43.28,6.57,62.32c.94,2.01,3.34,2.88,5.36,1.94,2.01-.94,2.88-3.34,1.94-5.36-7.71-16.88-7.71-36.28,0-53.17.95-2.01.09-4.4-1.92-5.35C11.41.14,10.83,0,10.24,0ZM82.42,45.16c7.13-5.36,8.57-15.49,3.21-22.62-5.36-7.13-15.49-8.57-22.62-3.21-7.13,5.36-8.57,15.49-3.21,22.62.93,1.24,2.03,2.33,3.27,3.25L28.45,124.84c-.44,1.02.02,2.21,1.05,2.66l3.71,1.61c1.02.44,2.21-.03,2.66-1.05l17.04-39.18h39.72l17.04,39.18c.44,1.02,1.63,1.49,2.66,1.05l3.71-1.61c1.02-.44,1.49-1.64,1.05-2.66l-34.64-79.68ZM72.72,24.24c4.46,0,8.08,3.62,8.08,8.08s-3.62,8.08-8.08,8.08-8.08-3.62-8.08-8.08c0-4.46,3.62-8.08,8.08-8.08ZM56.41,80.8l14.15-32.54c.71.12,1.44.2,2.16.22.75-.02,1.5-.1,2.24-.23l14.15,32.55h-32.69ZM30.04,48.48c2.22,0,4.01-1.81,4-4.03,0-.39-.06-.78-.17-1.15-2.07-7.17-2.07-14.78,0-21.95.65-2.12-.55-4.36-2.67-5.01-.37-.11-.76-.17-1.15-.17h-.04c-1.76-.02-3.32,1.12-3.84,2.8-2.57,8.72-2.57,18,0,26.73.52,1.68,2.08,2.82,3.84,2.8h.04ZM115.43,16.16h-.04c-2.22,0-4.01,1.81-4,4.03,0,.39.06.78.17,1.15,2.07,7.17,2.07,14.78,0,21.95-.65,2.12.55,4.36,2.67,5.01.37.11.76.17,1.15.17h.04c1.76.02,3.32-1.12,3.84-2.8,2.57-8.73,2.57-18,0-26.73-.52-1.68-2.09-2.81-3.84-2.79ZM138.87,2.32c-.94-2.01-3.34-2.88-5.36-1.94-2.01.94-2.88,3.34-1.94,5.36h0c7.71,16.88,7.71,36.28,0,53.17-.94,2.01-.08,4.41,1.94,5.36,2.01.94,4.41.08,5.36-1.94,8.76-19.04,8.76-40.96,0-60.01h0Z\" stroke-width=\"0\"><\/path><\/svg>\t\t\t<svg xmlns=\"http:\/\/www.w3.org\/2000\/svg\" id=\"a\" viewBox=\"0 0 145.44 129.28\"><path id=\"b\" d=\"M10.24,0c-1.57-.01-3,.89-3.67,2.32C-2.19,21.36-2.19,43.28,6.57,62.32c.94,2.01,3.34,2.88,5.36,1.94,2.01-.94,2.88-3.34,1.94-5.36-7.71-16.88-7.71-36.28,0-53.17.95-2.01.09-4.4-1.92-5.35C11.41.14,10.83,0,10.24,0ZM82.42,45.16c7.13-5.36,8.57-15.49,3.21-22.62-5.36-7.13-15.49-8.57-22.62-3.21-7.13,5.36-8.57,15.49-3.21,22.62.93,1.24,2.03,2.33,3.27,3.25L28.45,124.84c-.44,1.02.02,2.21,1.05,2.66l3.71,1.61c1.02.44,2.21-.03,2.66-1.05l17.04-39.18h39.72l17.04,39.18c.44,1.02,1.63,1.49,2.66,1.05l3.71-1.61c1.02-.44,1.49-1.64,1.05-2.66l-34.64-79.68ZM72.72,24.24c4.46,0,8.08,3.62,8.08,8.08s-3.62,8.08-8.08,8.08-8.08-3.62-8.08-8.08c0-4.46,3.62-8.08,8.08-8.08ZM56.41,80.8l14.15-32.54c.71.12,1.44.2,2.16.22.75-.02,1.5-.1,2.24-.23l14.15,32.55h-32.69ZM30.04,48.48c2.22,0,4.01-1.81,4-4.03,0-.39-.06-.78-.17-1.15-2.07-7.17-2.07-14.78,0-21.95.65-2.12-.55-4.36-2.67-5.01-.37-.11-.76-.17-1.15-.17h-.04c-1.76-.02-3.32,1.12-3.84,2.8-2.57,8.72-2.57,18,0,26.73.52,1.68,2.08,2.82,3.84,2.8h.04ZM115.43,16.16h-.04c-2.22,0-4.01,1.81-4,4.03,0,.39.06.78.17,1.15,2.07,7.17,2.07,14.78,0,21.95-.65,2.12.55,4.36,2.67,5.01.37.11.76.17,1.15.17h.04c1.76.02,3.32-1.12,3.84-2.8,2.57-8.73,2.57-18,0-26.73-.52-1.68-2.09-2.81-3.84-2.79ZM138.87,2.32c-.94-2.01-3.34-2.88-5.36-1.94-2.01.94-2.88,3.34-1.94,5.36h0c7.71,16.88,7.71,36.28,0,53.17-.94,2.01-.08,4.41,1.94,5.36,2.01.94,4.41.08,5.36-1.94,8.76-19.04,8.76-40.96,0-60.01h0Z\" stroke-width=\"0\"><\/path><\/svg>\t\t<\/span>\n\t\t\t\t\t<span class=\"e-n-tab-title-text\">\n\t\t\t\tMapa de ilumina\u00e7\u00e3o p\u00fablica\t\t\t<\/span>\n\t\t<\/button>\n\t\t\t\t<button id=\"e-n-tab-title-2127427163\" data-tab-title-id=\"e-n-tab-title-2127427163\" class=\"e-n-tab-title\" aria-selected=\"false\" data-tab-index=\"3\" role=\"tab\" tabindex=\"-1\" aria-controls=\"e-n-tab-content-2127427163\" style=\"--n-tabs-title-order: 3;\">\n\t\t\t\t\t<span class=\"e-n-tab-icon\">\n\t\t\t<svg xmlns=\"http:\/\/www.w3.org\/2000\/svg\" id=\"a\" viewBox=\"0 0 145.44 129.28\"><path id=\"b\" d=\"M10.24,0c-1.57-.01-3,.89-3.67,2.32C-2.19,21.36-2.19,43.28,6.57,62.32c.94,2.01,3.34,2.88,5.36,1.94,2.01-.94,2.88-3.34,1.94-5.36-7.71-16.88-7.71-36.28,0-53.17.95-2.01.09-4.4-1.92-5.35C11.41.14,10.83,0,10.24,0ZM82.42,45.16c7.13-5.36,8.57-15.49,3.21-22.62-5.36-7.13-15.49-8.57-22.62-3.21-7.13,5.36-8.57,15.49-3.21,22.62.93,1.24,2.03,2.33,3.27,3.25L28.45,124.84c-.44,1.02.02,2.21,1.05,2.66l3.71,1.61c1.02.44,2.21-.03,2.66-1.05l17.04-39.18h39.72l17.04,39.18c.44,1.02,1.63,1.49,2.66,1.05l3.71-1.61c1.02-.44,1.49-1.64,1.05-2.66l-34.64-79.68ZM72.72,24.24c4.46,0,8.08,3.62,8.08,8.08s-3.62,8.08-8.08,8.08-8.08-3.62-8.08-8.08c0-4.46,3.62-8.08,8.08-8.08ZM56.41,80.8l14.15-32.54c.71.12,1.44.2,2.16.22.75-.02,1.5-.1,2.24-.23l14.15,32.55h-32.69ZM30.04,48.48c2.22,0,4.01-1.81,4-4.03,0-.39-.06-.78-.17-1.15-2.07-7.17-2.07-14.78,0-21.95.65-2.12-.55-4.36-2.67-5.01-.37-.11-.76-.17-1.15-.17h-.04c-1.76-.02-3.32,1.12-3.84,2.8-2.57,8.72-2.57,18,0,26.73.52,1.68,2.08,2.82,3.84,2.8h.04ZM115.43,16.16h-.04c-2.22,0-4.01,1.81-4,4.03,0,.39.06.78.17,1.15,2.07,7.17,2.07,14.78,0,21.95-.65,2.12.55,4.36,2.67,5.01.37.11.76.17,1.15.17h.04c1.76.02,3.32-1.12,3.84-2.8,2.57-8.73,2.57-18,0-26.73-.52-1.68-2.09-2.81-3.84-2.79ZM138.87,2.32c-.94-2.01-3.34-2.88-5.36-1.94-2.01.94-2.88,3.34-1.94,5.36h0c7.71,16.88,7.71,36.28,0,53.17-.94,2.01-.08,4.41,1.94,5.36,2.01.94,4.41.08,5.36-1.94,8.76-19.04,8.76-40.96,0-60.01h0Z\" stroke-width=\"0\"><\/path><\/svg>\t\t\t<svg xmlns=\"http:\/\/www.w3.org\/2000\/svg\" id=\"a\" viewBox=\"0 0 145.44 129.28\"><path id=\"b\" d=\"M10.24,0c-1.57-.01-3,.89-3.67,2.32C-2.19,21.36-2.19,43.28,6.57,62.32c.94,2.01,3.34,2.88,5.36,1.94,2.01-.94,2.88-3.34,1.94-5.36-7.71-16.88-7.71-36.28,0-53.17.95-2.01.09-4.4-1.92-5.35C11.41.14,10.83,0,10.24,0ZM82.42,45.16c7.13-5.36,8.57-15.49,3.21-22.62-5.36-7.13-15.49-8.57-22.62-3.21-7.13,5.36-8.57,15.49-3.21,22.62.93,1.24,2.03,2.33,3.27,3.25L28.45,124.84c-.44,1.02.02,2.21,1.05,2.66l3.71,1.61c1.02.44,2.21-.03,2.66-1.05l17.04-39.18h39.72l17.04,39.18c.44,1.02,1.63,1.49,2.66,1.05l3.71-1.61c1.02-.44,1.49-1.64,1.05-2.66l-34.64-79.68ZM72.72,24.24c4.46,0,8.08,3.62,8.08,8.08s-3.62,8.08-8.08,8.08-8.08-3.62-8.08-8.08c0-4.46,3.62-8.08,8.08-8.08ZM56.41,80.8l14.15-32.54c.71.12,1.44.2,2.16.22.75-.02,1.5-.1,2.24-.23l14.15,32.55h-32.69ZM30.04,48.48c2.22,0,4.01-1.81,4-4.03,0-.39-.06-.78-.17-1.15-2.07-7.17-2.07-14.78,0-21.95.65-2.12-.55-4.36-2.67-5.01-.37-.11-.76-.17-1.15-.17h-.04c-1.76-.02-3.32,1.12-3.84,2.8-2.57,8.72-2.57,18,0,26.73.52,1.68,2.08,2.82,3.84,2.8h.04ZM115.43,16.16h-.04c-2.22,0-4.01,1.81-4,4.03,0,.39.06.78.17,1.15,2.07,7.17,2.07,14.78,0,21.95-.65,2.12.55,4.36,2.67,5.01.37.11.76.17,1.15.17h.04c1.76.02,3.32-1.12,3.84-2.8,2.57-8.73,2.57-18,0-26.73-.52-1.68-2.09-2.81-3.84-2.79ZM138.87,2.32c-.94-2.01-3.34-2.88-5.36-1.94-2.01.94-2.88,3.34-1.94,5.36h0c7.71,16.88,7.71,36.28,0,53.17-.94,2.01-.08,4.41,1.94,5.36,2.01.94,4.41.08,5.36-1.94,8.76-19.04,8.76-40.96,0-60.01h0Z\" stroke-width=\"0\"><\/path><\/svg>\t\t<\/span>\n\t\t\t\t\t<span class=\"e-n-tab-title-text\">\n\t\t\t\tSolicitar altera\u00e7\u00e3o de carga\t\t\t<\/span>\n\t\t<\/button>\n\t\t\t\t<button id=\"e-n-tab-title-2127427164\" data-tab-title-id=\"e-n-tab-title-2127427164\" class=\"e-n-tab-title\" aria-selected=\"false\" data-tab-index=\"4\" role=\"tab\" tabindex=\"-1\" aria-controls=\"e-n-tab-content-2127427164\" style=\"--n-tabs-title-order: 4;\">\n\t\t\t\t\t<span class=\"e-n-tab-icon\">\n\t\t\t<svg xmlns=\"http:\/\/www.w3.org\/2000\/svg\" id=\"a\" viewBox=\"0 0 145.44 129.28\"><path id=\"b\" d=\"M10.24,0c-1.57-.01-3,.89-3.67,2.32C-2.19,21.36-2.19,43.28,6.57,62.32c.94,2.01,3.34,2.88,5.36,1.94,2.01-.94,2.88-3.34,1.94-5.36-7.71-16.88-7.71-36.28,0-53.17.95-2.01.09-4.4-1.92-5.35C11.41.14,10.83,0,10.24,0ZM82.42,45.16c7.13-5.36,8.57-15.49,3.21-22.62-5.36-7.13-15.49-8.57-22.62-3.21-7.13,5.36-8.57,15.49-3.21,22.62.93,1.24,2.03,2.33,3.27,3.25L28.45,124.84c-.44,1.02.02,2.21,1.05,2.66l3.71,1.61c1.02.44,2.21-.03,2.66-1.05l17.04-39.18h39.72l17.04,39.18c.44,1.02,1.63,1.49,2.66,1.05l3.71-1.61c1.02-.44,1.49-1.64,1.05-2.66l-34.64-79.68ZM72.72,24.24c4.46,0,8.08,3.62,8.08,8.08s-3.62,8.08-8.08,8.08-8.08-3.62-8.08-8.08c0-4.46,3.62-8.08,8.08-8.08ZM56.41,80.8l14.15-32.54c.71.12,1.44.2,2.16.22.75-.02,1.5-.1,2.24-.23l14.15,32.55h-32.69ZM30.04,48.48c2.22,0,4.01-1.81,4-4.03,0-.39-.06-.78-.17-1.15-2.07-7.17-2.07-14.78,0-21.95.65-2.12-.55-4.36-2.67-5.01-.37-.11-.76-.17-1.15-.17h-.04c-1.76-.02-3.32,1.12-3.84,2.8-2.57,8.72-2.57,18,0,26.73.52,1.68,2.08,2.82,3.84,2.8h.04ZM115.43,16.16h-.04c-2.22,0-4.01,1.81-4,4.03,0,.39.06.78.17,1.15,2.07,7.17,2.07,14.78,0,21.95-.65,2.12.55,4.36,2.67,5.01.37.11.76.17,1.15.17h.04c1.76.02,3.32-1.12,3.84-2.8,2.57-8.73,2.57-18,0-26.73-.52-1.68-2.09-2.81-3.84-2.79ZM138.87,2.32c-.94-2.01-3.34-2.88-5.36-1.94-2.01.94-2.88,3.34-1.94,5.36h0c7.71,16.88,7.71,36.28,0,53.17-.94,2.01-.08,4.41,1.94,5.36,2.01.94,4.41.08,5.36-1.94,8.76-19.04,8.76-40.96,0-60.01h0Z\" stroke-width=\"0\"><\/path><\/svg>\t\t\t<svg xmlns=\"http:\/\/www.w3.org\/2000\/svg\" id=\"a\" viewBox=\"0 0 145.44 129.28\"><path id=\"b\" d=\"M10.24,0c-1.57-.01-3,.89-3.67,2.32C-2.19,21.36-2.19,43.28,6.57,62.32c.94,2.01,3.34,2.88,5.36,1.94,2.01-.94,2.88-3.34,1.94-5.36-7.71-16.88-7.71-36.28,0-53.17.95-2.01.09-4.4-1.92-5.35C11.41.14,10.83,0,10.24,0ZM82.42,45.16c7.13-5.36,8.57-15.49,3.21-22.62-5.36-7.13-15.49-8.57-22.62-3.21-7.13,5.36-8.57,15.49-3.21,22.62.93,1.24,2.03,2.33,3.27,3.25L28.45,124.84c-.44,1.02.02,2.21,1.05,2.66l3.71,1.61c1.02.44,2.21-.03,2.66-1.05l17.04-39.18h39.72l17.04,39.18c.44,1.02,1.63,1.49,2.66,1.05l3.71-1.61c1.02-.44,1.49-1.64,1.05-2.66l-34.64-79.68ZM72.72,24.24c4.46,0,8.08,3.62,8.08,8.08s-3.62,8.08-8.08,8.08-8.08-3.62-8.08-8.08c0-4.46,3.62-8.08,8.08-8.08ZM56.41,80.8l14.15-32.54c.71.12,1.44.2,2.16.22.75-.02,1.5-.1,2.24-.23l14.15,32.55h-32.69ZM30.04,48.48c2.22,0,4.01-1.81,4-4.03,0-.39-.06-.78-.17-1.15-2.07-7.17-2.07-14.78,0-21.95.65-2.12-.55-4.36-2.67-5.01-.37-.11-.76-.17-1.15-.17h-.04c-1.76-.02-3.32,1.12-3.84,2.8-2.57,8.72-2.57,18,0,26.73.52,1.68,2.08,2.82,3.84,2.8h.04ZM115.43,16.16h-.04c-2.22,0-4.01,1.81-4,4.03,0,.39.06.78.17,1.15,2.07,7.17,2.07,14.78,0,21.95-.65,2.12.55,4.36,2.67,5.01.37.11.76.17,1.15.17h.04c1.76.02,3.32-1.12,3.84-2.8,2.57-8.73,2.57-18,0-26.73-.52-1.68-2.09-2.81-3.84-2.79ZM138.87,2.32c-.94-2.01-3.34-2.88-5.36-1.94-2.01.94-2.88,3.34-1.94,5.36h0c7.71,16.88,7.71,36.28,0,53.17-.94,2.01-.08,4.41,1.94,5.36,2.01.94,4.41.08,5.36-1.94,8.76-19.04,8.76-40.96,0-60.01h0Z\" stroke-width=\"0\"><\/path><\/svg>\t\t<\/span>\n\t\t\t\t\t<span class=\"e-n-tab-title-text\">\n\t\t\t\tProcedimentos para <br>atendimento de<br> ilumina\u00e7\u00e3o p\u00fablica\t\t\t<\/span>\n\t\t<\/button>\n\t\t\t\t\t<\/div>\n\t\t\t<div class=\"e-n-tabs-content\">\n\t\t\t\t<div id=\"e-n-tab-content-2127427161\" role=\"tabpanel\" aria-labelledby=\"e-n-tab-title-2127427161\" data-tab-index=\"1\" style=\"--n-tabs-title-order: 1;\" class=\"e-active elementor-element elementor-element-86755f0 e-con-full e-flex e-con e-child\" data-id=\"86755f0\" data-element_type=\"container\" data-e-type=\"container\">\n\t\t<div class=\"elementor-element elementor-element-b16bec7 e-con-full e-flex e-con e-child\" data-id=\"b16bec7\" data-element_type=\"container\" data-e-type=\"container\">\n\t\t\t\t<div class=\"elementor-element elementor-element-0957f74 elementor-widget elementor-widget-text-editor\" data-id=\"0957f74\" data-element_type=\"widget\" data-e-type=\"widget\" data-widget_type=\"text-editor.default\">\n\t\t\t\t<div class=\"elementor-widget-container\">\n\t\t\t\t\t\t\t\t\tA manuten\u00e7\u00e3o da ilumina\u00e7\u00e3o p\u00fablica \u00e9 de responsabilidade municipal.\n\n<strong>A Copel pode ajudar voc\u00ea a encontrar os contatos de sua prefeitura.<\/strong>\n\n<iframe style=\"height: 1000px; width: 100%;\" title=\"ilumina\u00e7\u00e3o publica\" src=\"\/sacweb\/servicos\/consultaIP.jsf\"><\/iframe>\n\nN\u00e3o consegui consultar acima, clique no bot\u00e3o abaixo.\n\n<a href=\"\/sacweb\/servicos\/consultaIP.jsf\">Confira o n\u00famero de contato para a sua prefeitura e ajude a preservar o patrim\u00f4nio p\u00fablico.<\/a>\t\t\t\t\t\t\t\t<\/div>\n\t\t\t\t<\/div>\n\t\t\t\t<\/div>\n\t\t\t\t<\/div>\n\t\t<div id=\"e-n-tab-content-2127427162\" role=\"tabpanel\" aria-labelledby=\"e-n-tab-title-2127427162\" data-tab-index=\"2\" style=\"--n-tabs-title-order: 2;\" class=\" elementor-element elementor-element-47c9efb e-con-full e-flex e-con e-child\" data-id=\"47c9efb\" data-element_type=\"container\" data-e-type=\"container\">\n\t\t\t\t<div class=\"elementor-element elementor-element-72171cb elementor-widget elementor-widget-text-editor\" data-id=\"72171cb\" data-element_type=\"widget\" data-e-type=\"widget\" data-widget_type=\"text-editor.default\">\n\t\t\t\t<div class=\"elementor-widget-container\">\n\t\t\t\t\t\t\t\t\t<iframe style=\"height: 1000px; width: 100%;\" title=\"ilumina\u00e7\u00e3o publica\" src=\"https:\/\/www.copel.com\/portaldis\/apps\/webappviewer\/index.html?id=b8bbae81c0954d35b5954699384d5855\" scrolling=\"no\"><\/iframe>\n\n<a href=\"https:\/\/www.copel.com\/portaldis\/apps\/webappviewer\/index.html?id=b8bbae81c0954d35b5954699384d5855\">Acesse o Mapa de Ilumina\u00e7\u00e3o P\u00fablica<\/a>\t\t\t\t\t\t\t\t<\/div>\n\t\t\t\t<\/div>\n\t\t\t\t<div class=\"elementor-element elementor-element-f20dcb8 elementor-widget elementor-widget-html\" data-id=\"f20dcb8\" data-element_type=\"widget\" data-e-type=\"widget\" data-widget_type=\"html.default\">\n\t\t\t\t<div class=\"elementor-widget-container\">\n\t\t\t\t\t<script>\r\n\r\njQuery(document).ready(function($){\r\n\r\n\t$( \"#tab-ag-virtual\" ).click(function(){\r\n        window.location.href=\"https:\/\/www.copel.com\/avaweb\/index.jsf\"\r\n\t});\r\n})\r\n<\/script>\t\t\t\t<\/div>\n\t\t\t\t<\/div>\n\t\t\t\t<\/div>\n\t\t<div id=\"e-n-tab-content-2127427163\" role=\"tabpanel\" aria-labelledby=\"e-n-tab-title-2127427163\" data-tab-index=\"3\" style=\"--n-tabs-title-order: 3;\" class=\" elementor-element elementor-element-53c8f3a e-con-full e-flex e-con e-child\" data-id=\"53c8f3a\" data-element_type=\"container\" data-e-type=\"container\">\n\t\t\t\t<div class=\"elementor-element elementor-element-2b31142 elementor-widget elementor-widget-text-editor\" data-id=\"2b31142\" data-element_type=\"widget\" data-e-type=\"widget\" data-widget_type=\"text-editor.default\">\n\t\t\t\t<div class=\"elementor-widget-container\">\n\t\t\t\t\t\t\t\t\tSolicita\u00e7\u00f5es de altera\u00e7\u00f5es no sistema de ilumina\u00e7\u00e3o p\u00fablica do munic\u00edpio como:\n<ul>\n \t<li>altera\u00e7\u00f5es de pot\u00eancias de l\u00e2mpadas,<\/li>\n \t<li>liga\u00e7\u00f5es novas,<\/li>\n \t<li>amplia\u00e7\u00f5es de ilumina\u00e7\u00e3o de vias, pra\u00e7as,<\/li>\n \t<li>superpostes,<\/li>\n \t<li>entre outros.<\/li>\n<\/ul>\nToda e qualquer altera\u00e7\u00e3o no sistema de ilumina\u00e7\u00e3o p\u00fablica deve ser informada pelo munic\u00edpio \u00e0 distribuidora de energia por meio deste canal de atendimento bastando anexar o oficio solicitando a altera\u00e7\u00e3o juntamente com o arquivo .csv de localiza\u00e7\u00e3o georeferenciada da l\u00e2mpada alterada.\n\nOs formul\u00e1rios para solicita\u00e7\u00e3o de altera\u00e7\u00e3o do sistema de ilumina\u00e7\u00e3o p\u00fablica podem ser obtidos no link abaixo:\n\n<a href=\"https:\/\/www.copel.com\/site\/copel-distribuicao\/poder-publico\/manuais-e-formularios\/\">Formul\u00e1rios de solicita\u00e7\u00e3o<\/a>\n<br>\n<a href=\"\/site\/servico-iluminacao-publica\/\">Solicitar Agora<\/a>\t\t\t\t\t\t\t\t<\/div>\n\t\t\t\t<\/div>\n\t\t\t\t<\/div>\n\t\t<div id=\"e-n-tab-content-2127427164\" role=\"tabpanel\" aria-labelledby=\"e-n-tab-title-2127427164\" data-tab-index=\"4\" style=\"--n-tabs-title-order: 4;\" class=\" elementor-element elementor-element-e5bba9d e-con-full e-flex e-con e-child\" data-id=\"e5bba9d\" data-element_type=\"container\" data-e-type=\"container\">\n\t\t\t\t<div class=\"elementor-element elementor-element-3507c9b elementor-widget elementor-widget-text-editor\" data-id=\"3507c9b\" data-element_type=\"widget\" data-e-type=\"widget\" data-widget_type=\"text-editor.default\">\n\t\t\t\t<div class=\"elementor-widget-container\">\n\t\t\t\t\t\t\t\t\tConsulte as instru\u00e7\u00f5es e os procedimentos para o fornecimento de energia el\u00e9trica destinado \u00e0 presta\u00e7\u00e3o do servi\u00e7o de ilumina\u00e7\u00e3o p\u00fablica instalado em \u00e1reas de dom\u00ednio p\u00fablico, assim tamb\u00e9m compreendidos os superpostes, pra\u00e7as, lumin\u00e1rias ornamentais ou especiais, ilumina\u00e7\u00e3o especial, entre outros, com cess\u00e3o de uso dos postes, cuja detentora \u00e9 a COPEL, para instala\u00e7\u00e3o dos conjuntos do sistema de ilumina\u00e7\u00e3o p\u00fablica de propriedade do MUNIC\u00cdPIO.\n\n<a href=\"https:\/\/copel0.sharepoint.com\/:b:\/s\/documentos-site-copel\/EVOZG4CyofZDrSUaqNoO8jwBPgTzJ188GSwZHpvV553Rtg?e=0WuqP5\" target=\"_blank\" rel=\"noopener\">Procedimentos para atendimento de ilumina\u00e7\u00e3o p\u00fablica<\/a>\t\t\t\t\t\t\t\t<\/div>\n\t\t\t\t<\/div>\n\t\t\t\t<\/div>\n\t\t\t\t\t<\/div>\n\t\t<\/div>\n\t\t\t\t\t\t<\/div>\n\t\t\t\t<\/div>\n\t\t\t\t\t<\/div>\n\t\t<\/div>\n\t\t\t\t\t<\/div>\n\t\t<\/section>\n\t\t\t\t<\/div>\n\t\t","protected":false},"excerpt":{"rendered":"<p>Ilumina\u00e7\u00e3o P\u00fablica Ilumina\u00e7\u00e3o P\u00fablica Mapa de ilumina\u00e7\u00e3o p\u00fablica Solicitar altera\u00e7\u00e3o de carga Procedimentos para atendimento de ilumina\u00e7\u00e3o p\u00fablica A manuten\u00e7\u00e3o da ilumina\u00e7\u00e3o p\u00fablica \u00e9 de responsabilidade municipal. A Copel pode ajudar voc\u00ea a encontrar os contatos de sua prefeitura. N\u00e3o consegui consultar acima, clique no bot\u00e3o abaixo. Confira o n\u00famero de contato para a sua [&hellip;]<\/p>\n","protected":false},"author":6,"featured_media":0,"parent":981,"menu_order":0,"comment_status":"closed","ping_status":"closed","template":"elementor_header_footer","meta":{"_acf_changed":false,"footnotes":""},"categories":[],"tags":[],"wf_page_folders":[438],"class_list":["post-18505","page","type-page","status-publish","hentry"],"acf":[],"aioseo_notices":[],"_links":{"self":[{"href":"https:\/\/www.copel.com\/site\/wp-json\/wp\/v2\/pages\/18505","targetHints":{"allow":["GET"]}}],"collection":[{"href":"https:\/\/www.copel.com\/site\/wp-json\/wp\/v2\/pages"}],"about":[{"href":"https:\/\/www.copel.com\/site\/wp-json\/wp\/v2\/types\/page"}],"author":[{"embeddable":true,"href":"https:\/\/www.copel.com\/site\/wp-json\/wp\/v2\/users\/6"}],"replies":[{"embeddable":true,"href":"https:\/\/www.copel.com\/site\/wp-json\/wp\/v2\/comments?post=18505"}],"version-history":[{"count":16,"href":"https:\/\/www.copel.com\/site\/wp-json\/wp\/v2\/pages\/18505\/revisions"}],"predecessor-version":[{"id":44842,"href":"https:\/\/www.copel.com\/site\/wp-json\/wp\/v2\/pages\/18505\/revisions\/44842"}],"up":[{"embeddable":true,"href":"https:\/\/www.copel.com\/site\/wp-json\/wp\/v2\/pages\/981"}],"wp:attachment":[{"href":"https:\/\/www.copel.com\/site\/wp-json\/wp\/v2\/media?parent=18505"}],"wp:term":[{"taxonomy":"category","embeddable":true,"href":"https:\/\/www.copel.com\/site\/wp-json\/wp\/v2\/categories?post=18505"},{"taxonomy":"post_tag","embeddable":true,"href":"https:\/\/www.copel.com\/site\/wp-json\/wp\/v2\/tags?post=18505"},{"taxonomy":"wf_page_folders","embeddable":true,"href":"https:\/\/www.copel.com\/site\/wp-json\/wp\/v2\/wf_page_folders?post=18505"}],"curies":[{"name":"wp","href":"https:\/\/api.w.org\/{rel}","templated":true}]}}