{"id":18444,"date":"2021-12-21T14:18:13","date_gmt":"2021-12-21T17:18:13","guid":{"rendered":"https:\/\/10.120.2.40\/hpcweb\/?page_id=18444"},"modified":"2024-07-25T10:45:55","modified_gmt":"2024-07-25T13:45:55","slug":"debito-automatico","status":"publish","type":"page","link":"https:\/\/www.copel.com\/site\/copel-distribuicao\/debito-automatico\/","title":{"rendered":"D\u00e9bito autom\u00e1tico"},"content":{"rendered":"\t\t<div data-elementor-type=\"wp-page\" data-elementor-id=\"18444\" class=\"elementor elementor-18444\" data-elementor-post-type=\"page\">\n\t\t\t\t\t\t<section class=\"elementor-section elementor-top-section elementor-element elementor-element-58d79311 elementor-section-full_width elementor-section-height-default elementor-section-height-default\" data-id=\"58d79311\" data-element_type=\"section\" data-e-type=\"section\">\n\t\t\t\t\t\t<div class=\"elementor-container elementor-column-gap-default\">\n\t\t\t\t\t<div class=\"elementor-column elementor-col-100 elementor-top-column elementor-element elementor-element-654c04b1\" data-id=\"654c04b1\" data-element_type=\"column\" data-e-type=\"column\">\n\t\t\t<div class=\"elementor-widget-wrap elementor-element-populated\">\n\t\t\t\t\t\t<section class=\"elementor-section elementor-inner-section elementor-element elementor-element-225ccdbb elementor-section-full_width elementor-section-height-default elementor-section-height-default\" data-id=\"225ccdbb\" data-element_type=\"section\" data-e-type=\"section\">\n\t\t\t\t\t\t<div class=\"elementor-container elementor-column-gap-default\">\n\t\t\t\t\t<div class=\"elementor-column elementor-col-50 elementor-inner-column elementor-element elementor-element-7c16f421 imgArea\" data-id=\"7c16f421\" data-element_type=\"column\" data-e-type=\"column\" data-settings=\"{&quot;background_background&quot;:&quot;classic&quot;}\">\n\t\t\t<div class=\"elementor-widget-wrap elementor-element-populated\">\n\t\t\t\t\t\t<div class=\"elementor-element elementor-element-1c7173e7 elementor-widget elementor-widget-button\" data-id=\"1c7173e7\" data-element_type=\"widget\" data-e-type=\"widget\" data-widget_type=\"button.default\">\n\t\t\t\t<div class=\"elementor-widget-container\">\n\t\t\t\t\t\t\t\t\t<div class=\"elementor-button-wrapper\">\n\t\t\t\t\t<a class=\"elementor-button elementor-button-link elementor-size-sm\" href=\"https:\/\/www.copel.com\/avaweb\/paginaLogin\/login.jsf\">\n\t\t\t\t\t\t<span class=\"elementor-button-content-wrapper\">\n\t\t\t\t\t\t\t\t\t<span class=\"elementor-button-text\">Entrar na \u00e1rea do cliente<\/span>\n\t\t\t\t\t<\/span>\n\t\t\t\t\t<\/a>\n\t\t\t\t<\/div>\n\t\t\t\t\t\t\t\t<\/div>\n\t\t\t\t<\/div>\n\t\t\t\t\t<\/div>\n\t\t<\/div>\n\t\t\t\t<div class=\"elementor-column elementor-col-50 elementor-inner-column elementor-element elementor-element-7644de98\" data-id=\"7644de98\" data-element_type=\"column\" data-e-type=\"column\">\n\t\t\t<div class=\"elementor-widget-wrap elementor-element-populated\">\n\t\t\t\t\t\t<div class=\"elementor-element elementor-element-ebec5f7 elementor-widget elementor-widget-heading\" data-id=\"ebec5f7\" data-element_type=\"widget\" data-e-type=\"widget\" data-widget_type=\"heading.default\">\n\t\t\t\t<div class=\"elementor-widget-container\">\n\t\t\t\t\t<h2 class=\"elementor-heading-title elementor-size-default\">D\u00e9bito autom\u00e1tico<\/h2>\t\t\t\t<\/div>\n\t\t\t\t<\/div>\n\t\t\t\t<div class=\"elementor-element elementor-element-6404c77b debitoAutomatico elementor-widget elementor-widget-text-editor\" data-id=\"6404c77b\" data-element_type=\"widget\" data-e-type=\"widget\" data-widget_type=\"text-editor.default\">\n\t\t\t\t<div class=\"elementor-widget-container\">\n\t\t\t\t\t\t\t\t\t<p>Para darmos in\u00edcio ao cadastro, favor ter em m\u00e3o os seguintes dados:<\/p><p>Selecione o seu perfil de consumo.<\/p>\t\t\t\t\t\t\t\t<\/div>\n\t\t\t\t<\/div>\n\t\t\t\t<div class=\"elementor-element elementor-element-907236d debitoAutomatico elementor-hidden-desktop elementor-hidden-tablet elementor-hidden-mobile elementor-widget elementor-widget-text-editor\" data-id=\"907236d\" data-element_type=\"widget\" data-e-type=\"widget\" data-widget_type=\"text-editor.default\">\n\t\t\t\t<div class=\"elementor-widget-container\">\n\t\t\t\t\t\t\t\t\tPara darmos in\u00edcio ao cadastro, favor ter em m\u00e3o os seguintes dados:\n\nSelecione o seu perfil de consumo.\n<ul>\n \t<li class=\"residencial\">\n<div>Residencial <a href=\"https:\/\/www.copel.com\/avaweb\/paginaLogin\/login.jsf\">Acessar<\/a><\/div><\/li>\n<\/ul>\n<strong>Empresa<\/strong>\n<ul>\n \t<li class=\"empresa\">Alta Tens\u00e3o &#8211; grupo A\u00a0<a href=\"https:\/\/www.copel.com\/avaweb\/paginaLogin\/login.jsf\">Acessar<\/a><\/li>\n \t<li class=\"empresa\">Baixa Tens\u00e3o &#8211; grupo B <a href=\"https:\/\/www.copel.com\/avaweb\/perfilEmpresarialGrpB.jsf\">Acessar<\/a><\/li>\n<\/ul>\n<strong>\nEspecial<\/strong>\n<ul>\n \t<li class=\"especial2\">Prestadores <a href=\"https:\/\/www.copel.com\/AgenciaWeb\/autenticar\/loginPrestador.do\">Acessar<\/a><\/li>\n<\/ul>\t\t\t\t\t\t\t\t<\/div>\n\t\t\t\t<\/div>\n\t\t\t\t<div class=\"elementor-element elementor-element-8f1fa3f e-n-tabs-mobile elementor-widget elementor-widget-n-tabs\" data-id=\"8f1fa3f\" data-element_type=\"widget\" data-e-type=\"widget\" data-settings=\"{&quot;tabs_justify_horizontal&quot;:&quot;start&quot;,&quot;horizontal_scroll&quot;:&quot;disable&quot;}\" data-widget_type=\"nested-tabs.default\">\n\t\t\t\t<div class=\"elementor-widget-container\">\n\t\t\t\t\t\t\t<div class=\"e-n-tabs\" data-widget-number=\"150075967\" aria-label=\"Tabs. Open items with Enter or Space, close with Escape and navigate using the Arrow keys.\">\n\t\t\t<div class=\"e-n-tabs-heading\" role=\"tablist\">\n\t\t\t\t\t<button id=\"residencial\" data-tab-title-id=\"e-n-tab-title-1500759671\" class=\"e-n-tab-title\" aria-selected=\"true\" data-tab-index=\"1\" role=\"tab\" tabindex=\"0\" aria-controls=\"e-n-tab-content-1500759671\" style=\"--n-tabs-title-order: 1;\">\n\t\t\t\t\t<span class=\"e-n-tab-icon\">\n\t\t\t<svg xmlns=\"http:\/\/www.w3.org\/2000\/svg\" id=\"a\" viewBox=\"0 0 145.44 127.27\"><path id=\"b\" d=\"M144.59,56.01l-17.33-14.16v-21.99c0-.94-.76-1.7-1.7-1.7h-5.68c-.94,0-1.7.76-1.7,1.7v14.58L78.45,2.03c-3.35-2.7-8.12-2.7-11.47,0L.84,56.01c-.97.79-1.12,2.22-.33,3.19l2.87,3.53c.79.97,2.21,1.12,3.18.34l11.61-9.48v69.03c0,2.51,2.03,4.54,4.54,4.54h36.36c2.51,0,4.54-2.03,4.54-4.54v-36.36l18.18.08v36.39c0,2.51,2.03,4.54,4.54,4.54l36.36-.09c2.51,0,4.54-2.03,4.54-4.54V53.58l11.61,9.48c.97.79,2.41.65,3.2-.33h0s2.87-3.53,2.87-3.53c.79-.98.64-2.41-.34-3.2,0,0,0,0,0,0h0ZM118.13,118.11h.03l-27.27.09v-36.41c0-2.5-2.03-4.53-4.53-4.54l-27.27-.08c-2.51,0-4.55,2.02-4.56,4.53,0,0,0,.01,0,.02v36.4h-27.27V46.16L72.71,9.07l45.46,37.09-.03,71.94Z\" stroke-width=\"0\"><\/path><\/svg>\t\t\t<svg xmlns=\"http:\/\/www.w3.org\/2000\/svg\" id=\"a\" viewBox=\"0 0 145.44 127.27\"><path id=\"b\" d=\"M144.59,56.01l-17.33-14.16v-21.99c0-.94-.76-1.7-1.7-1.7h-5.68c-.94,0-1.7.76-1.7,1.7v14.58L78.45,2.03c-3.35-2.7-8.12-2.7-11.47,0L.84,56.01c-.97.79-1.12,2.22-.33,3.19l2.87,3.53c.79.97,2.21,1.12,3.18.34l11.61-9.48v69.03c0,2.51,2.03,4.54,4.54,4.54h36.36c2.51,0,4.54-2.03,4.54-4.54v-36.36l18.18.08v36.39c0,2.51,2.03,4.54,4.54,4.54l36.36-.09c2.51,0,4.54-2.03,4.54-4.54V53.58l11.61,9.48c.97.79,2.41.65,3.2-.33h0s2.87-3.53,2.87-3.53c.79-.98.64-2.41-.34-3.2,0,0,0,0,0,0h0ZM118.13,118.11h.03l-27.27.09v-36.41c0-2.5-2.03-4.53-4.53-4.54l-27.27-.08c-2.51,0-4.55,2.02-4.56,4.53,0,0,0,.01,0,.02v36.4h-27.27V46.16L72.71,9.07l45.46,37.09-.03,71.94Z\" stroke-width=\"0\"><\/path><\/svg>\t\t<\/span>\n\t\t\t\t\t<span class=\"e-n-tab-title-text\">\n\t\t\t\tResidencial\t\t\t<\/span>\n\t\t<\/button>\n\t\t\t\t\t<\/div>\n\t\t\t<div class=\"e-n-tabs-content\">\n\t\t\t\t<div id=\"e-n-tab-content-1500759671\" role=\"tabpanel\" aria-labelledby=\"residencial\" data-tab-index=\"1\" style=\"--n-tabs-title-order: 1;\" class=\"e-active elementor-element elementor-element-7a43fe1 e-con-full e-flex e-con e-child\" data-id=\"7a43fe1\" data-element_type=\"container\" data-e-type=\"container\">\n\t\t\t\t<\/div>\n\t\t\t\t\t<\/div>\n\t\t<\/div>\n\t\t\t\t\t\t<\/div>\n\t\t\t\t<\/div>\n\t\t\t\t<div class=\"elementor-element elementor-element-c34cb6e elementor-widget elementor-widget-heading\" data-id=\"c34cb6e\" data-element_type=\"widget\" data-e-type=\"widget\" data-widget_type=\"heading.default\">\n\t\t\t\t<div class=\"elementor-widget-container\">\n\t\t\t\t\t<h4 class=\"elementor-heading-title elementor-size-default\">Empresarial<\/h4>\t\t\t\t<\/div>\n\t\t\t\t<\/div>\n\t\t\t\t<div class=\"elementor-element elementor-element-35c4897 e-n-tabs-mobile elementor-widget elementor-widget-n-tabs\" data-id=\"35c4897\" data-element_type=\"widget\" data-e-type=\"widget\" data-settings=\"{&quot;tabs_justify_horizontal&quot;:&quot;start&quot;,&quot;horizontal_scroll&quot;:&quot;disable&quot;}\" data-widget_type=\"nested-tabs.default\">\n\t\t\t\t<div class=\"elementor-widget-container\">\n\t\t\t\t\t\t\t<div class=\"e-n-tabs\" data-widget-number=\"56379543\" aria-label=\"Tabs. Open items with Enter or Space, close with Escape and navigate using the Arrow keys.\">\n\t\t\t<div class=\"e-n-tabs-heading\" role=\"tablist\">\n\t\t\t\t\t<button id=\"alta-tensao\" data-tab-title-id=\"e-n-tab-title-563795431\" class=\"e-n-tab-title\" aria-selected=\"true\" data-tab-index=\"1\" role=\"tab\" tabindex=\"0\" aria-controls=\"e-n-tab-content-563795431\" style=\"--n-tabs-title-order: 1;\">\n\t\t\t\t\t<span class=\"e-n-tab-icon\">\n\t\t\t<svg xmlns=\"http:\/\/www.w3.org\/2000\/svg\" id=\"a\" viewBox=\"0 0 145.44 129.28\"><path id=\"b\" d=\"M10.24,0c-1.57-.01-3,.89-3.67,2.32C-2.19,21.36-2.19,43.28,6.57,62.32c.94,2.01,3.34,2.88,5.36,1.94,2.01-.94,2.88-3.34,1.94-5.36-7.71-16.88-7.71-36.28,0-53.17.95-2.01.09-4.4-1.92-5.35C11.41.14,10.83,0,10.24,0ZM82.42,45.16c7.13-5.36,8.57-15.49,3.21-22.62-5.36-7.13-15.49-8.57-22.62-3.21-7.13,5.36-8.57,15.49-3.21,22.62.93,1.24,2.03,2.33,3.27,3.25L28.45,124.84c-.44,1.02.02,2.21,1.05,2.66l3.71,1.61c1.02.44,2.21-.03,2.66-1.05l17.04-39.18h39.72l17.04,39.18c.44,1.02,1.63,1.49,2.66,1.05l3.71-1.61c1.02-.44,1.49-1.64,1.05-2.66l-34.64-79.68ZM72.72,24.24c4.46,0,8.08,3.62,8.08,8.08s-3.62,8.08-8.08,8.08-8.08-3.62-8.08-8.08c0-4.46,3.62-8.08,8.08-8.08ZM56.41,80.8l14.15-32.54c.71.12,1.44.2,2.16.22.75-.02,1.5-.1,2.24-.23l14.15,32.55h-32.69ZM30.04,48.48c2.22,0,4.01-1.81,4-4.03,0-.39-.06-.78-.17-1.15-2.07-7.17-2.07-14.78,0-21.95.65-2.12-.55-4.36-2.67-5.01-.37-.11-.76-.17-1.15-.17h-.04c-1.76-.02-3.32,1.12-3.84,2.8-2.57,8.72-2.57,18,0,26.73.52,1.68,2.08,2.82,3.84,2.8h.04ZM115.43,16.16h-.04c-2.22,0-4.01,1.81-4,4.03,0,.39.06.78.17,1.15,2.07,7.17,2.07,14.78,0,21.95-.65,2.12.55,4.36,2.67,5.01.37.11.76.17,1.15.17h.04c1.76.02,3.32-1.12,3.84-2.8,2.57-8.73,2.57-18,0-26.73-.52-1.68-2.09-2.81-3.84-2.79ZM138.87,2.32c-.94-2.01-3.34-2.88-5.36-1.94-2.01.94-2.88,3.34-1.94,5.36h0c7.71,16.88,7.71,36.28,0,53.17-.94,2.01-.08,4.41,1.94,5.36,2.01.94,4.41.08,5.36-1.94,8.76-19.04,8.76-40.96,0-60.01h0Z\" stroke-width=\"0\"><\/path><\/svg>\t\t\t<svg xmlns=\"http:\/\/www.w3.org\/2000\/svg\" id=\"a\" viewBox=\"0 0 145.44 129.28\"><path id=\"b\" d=\"M10.24,0c-1.57-.01-3,.89-3.67,2.32C-2.19,21.36-2.19,43.28,6.57,62.32c.94,2.01,3.34,2.88,5.36,1.94,2.01-.94,2.88-3.34,1.94-5.36-7.71-16.88-7.71-36.28,0-53.17.95-2.01.09-4.4-1.92-5.35C11.41.14,10.83,0,10.24,0ZM82.42,45.16c7.13-5.36,8.57-15.49,3.21-22.62-5.36-7.13-15.49-8.57-22.62-3.21-7.13,5.36-8.57,15.49-3.21,22.62.93,1.24,2.03,2.33,3.27,3.25L28.45,124.84c-.44,1.02.02,2.21,1.05,2.66l3.71,1.61c1.02.44,2.21-.03,2.66-1.05l17.04-39.18h39.72l17.04,39.18c.44,1.02,1.63,1.49,2.66,1.05l3.71-1.61c1.02-.44,1.49-1.64,1.05-2.66l-34.64-79.68ZM72.72,24.24c4.46,0,8.08,3.62,8.08,8.08s-3.62,8.08-8.08,8.08-8.08-3.62-8.08-8.08c0-4.46,3.62-8.08,8.08-8.08ZM56.41,80.8l14.15-32.54c.71.12,1.44.2,2.16.22.75-.02,1.5-.1,2.24-.23l14.15,32.55h-32.69ZM30.04,48.48c2.22,0,4.01-1.81,4-4.03,0-.39-.06-.78-.17-1.15-2.07-7.17-2.07-14.78,0-21.95.65-2.12-.55-4.36-2.67-5.01-.37-.11-.76-.17-1.15-.17h-.04c-1.76-.02-3.32,1.12-3.84,2.8-2.57,8.72-2.57,18,0,26.73.52,1.68,2.08,2.82,3.84,2.8h.04ZM115.43,16.16h-.04c-2.22,0-4.01,1.81-4,4.03,0,.39.06.78.17,1.15,2.07,7.17,2.07,14.78,0,21.95-.65,2.12.55,4.36,2.67,5.01.37.11.76.17,1.15.17h.04c1.76.02,3.32-1.12,3.84-2.8,2.57-8.73,2.57-18,0-26.73-.52-1.68-2.09-2.81-3.84-2.79ZM138.87,2.32c-.94-2.01-3.34-2.88-5.36-1.94-2.01.94-2.88,3.34-1.94,5.36h0c7.71,16.88,7.71,36.28,0,53.17-.94,2.01-.08,4.41,1.94,5.36,2.01.94,4.41.08,5.36-1.94,8.76-19.04,8.76-40.96,0-60.01h0Z\" stroke-width=\"0\"><\/path><\/svg>\t\t<\/span>\n\t\t\t\t\t<span class=\"e-n-tab-title-text\">\n\t\t\t\tAlta Tens\u00e3o <br \/> Grupo A\t\t\t<\/span>\n\t\t<\/button>\n\t\t\t\t<button id=\"baixa-tensao\" data-tab-title-id=\"e-n-tab-title-563795432\" class=\"e-n-tab-title\" aria-selected=\"false\" data-tab-index=\"2\" role=\"tab\" tabindex=\"-1\" aria-controls=\"e-n-tab-content-563795432\" style=\"--n-tabs-title-order: 2;\">\n\t\t\t\t\t<span class=\"e-n-tab-icon\">\n\t\t\t<svg xmlns=\"http:\/\/www.w3.org\/2000\/svg\" id=\"a\" viewBox=\"0 0 145.44 129.28\"><path id=\"b\" d=\"M10.24,0c-1.57-.01-3,.89-3.67,2.32C-2.19,21.36-2.19,43.28,6.57,62.32c.94,2.01,3.34,2.88,5.36,1.94,2.01-.94,2.88-3.34,1.94-5.36-7.71-16.88-7.71-36.28,0-53.17.95-2.01.09-4.4-1.92-5.35C11.41.14,10.83,0,10.24,0ZM82.42,45.16c7.13-5.36,8.57-15.49,3.21-22.62-5.36-7.13-15.49-8.57-22.62-3.21-7.13,5.36-8.57,15.49-3.21,22.62.93,1.24,2.03,2.33,3.27,3.25L28.45,124.84c-.44,1.02.02,2.21,1.05,2.66l3.71,1.61c1.02.44,2.21-.03,2.66-1.05l17.04-39.18h39.72l17.04,39.18c.44,1.02,1.63,1.49,2.66,1.05l3.71-1.61c1.02-.44,1.49-1.64,1.05-2.66l-34.64-79.68ZM72.72,24.24c4.46,0,8.08,3.62,8.08,8.08s-3.62,8.08-8.08,8.08-8.08-3.62-8.08-8.08c0-4.46,3.62-8.08,8.08-8.08ZM56.41,80.8l14.15-32.54c.71.12,1.44.2,2.16.22.75-.02,1.5-.1,2.24-.23l14.15,32.55h-32.69ZM30.04,48.48c2.22,0,4.01-1.81,4-4.03,0-.39-.06-.78-.17-1.15-2.07-7.17-2.07-14.78,0-21.95.65-2.12-.55-4.36-2.67-5.01-.37-.11-.76-.17-1.15-.17h-.04c-1.76-.02-3.32,1.12-3.84,2.8-2.57,8.72-2.57,18,0,26.73.52,1.68,2.08,2.82,3.84,2.8h.04ZM115.43,16.16h-.04c-2.22,0-4.01,1.81-4,4.03,0,.39.06.78.17,1.15,2.07,7.17,2.07,14.78,0,21.95-.65,2.12.55,4.36,2.67,5.01.37.11.76.17,1.15.17h.04c1.76.02,3.32-1.12,3.84-2.8,2.57-8.73,2.57-18,0-26.73-.52-1.68-2.09-2.81-3.84-2.79ZM138.87,2.32c-.94-2.01-3.34-2.88-5.36-1.94-2.01.94-2.88,3.34-1.94,5.36h0c7.71,16.88,7.71,36.28,0,53.17-.94,2.01-.08,4.41,1.94,5.36,2.01.94,4.41.08,5.36-1.94,8.76-19.04,8.76-40.96,0-60.01h0Z\" stroke-width=\"0\"><\/path><\/svg>\t\t\t<svg xmlns=\"http:\/\/www.w3.org\/2000\/svg\" id=\"a\" viewBox=\"0 0 145.44 129.28\"><path id=\"b\" d=\"M10.24,0c-1.57-.01-3,.89-3.67,2.32C-2.19,21.36-2.19,43.28,6.57,62.32c.94,2.01,3.34,2.88,5.36,1.94,2.01-.94,2.88-3.34,1.94-5.36-7.71-16.88-7.71-36.28,0-53.17.95-2.01.09-4.4-1.92-5.35C11.41.14,10.83,0,10.24,0ZM82.42,45.16c7.13-5.36,8.57-15.49,3.21-22.62-5.36-7.13-15.49-8.57-22.62-3.21-7.13,5.36-8.57,15.49-3.21,22.62.93,1.24,2.03,2.33,3.27,3.25L28.45,124.84c-.44,1.02.02,2.21,1.05,2.66l3.71,1.61c1.02.44,2.21-.03,2.66-1.05l17.04-39.18h39.72l17.04,39.18c.44,1.02,1.63,1.49,2.66,1.05l3.71-1.61c1.02-.44,1.49-1.64,1.05-2.66l-34.64-79.68ZM72.72,24.24c4.46,0,8.08,3.62,8.08,8.08s-3.62,8.08-8.08,8.08-8.08-3.62-8.08-8.08c0-4.46,3.62-8.08,8.08-8.08ZM56.41,80.8l14.15-32.54c.71.12,1.44.2,2.16.22.75-.02,1.5-.1,2.24-.23l14.15,32.55h-32.69ZM30.04,48.48c2.22,0,4.01-1.81,4-4.03,0-.39-.06-.78-.17-1.15-2.07-7.17-2.07-14.78,0-21.95.65-2.12-.55-4.36-2.67-5.01-.37-.11-.76-.17-1.15-.17h-.04c-1.76-.02-3.32,1.12-3.84,2.8-2.57,8.72-2.57,18,0,26.73.52,1.68,2.08,2.82,3.84,2.8h.04ZM115.43,16.16h-.04c-2.22,0-4.01,1.81-4,4.03,0,.39.06.78.17,1.15,2.07,7.17,2.07,14.78,0,21.95-.65,2.12.55,4.36,2.67,5.01.37.11.76.17,1.15.17h.04c1.76.02,3.32-1.12,3.84-2.8,2.57-8.73,2.57-18,0-26.73-.52-1.68-2.09-2.81-3.84-2.79ZM138.87,2.32c-.94-2.01-3.34-2.88-5.36-1.94-2.01.94-2.88,3.34-1.94,5.36h0c7.71,16.88,7.71,36.28,0,53.17-.94,2.01-.08,4.41,1.94,5.36,2.01.94,4.41.08,5.36-1.94,8.76-19.04,8.76-40.96,0-60.01h0Z\" stroke-width=\"0\"><\/path><\/svg>\t\t<\/span>\n\t\t\t\t\t<span class=\"e-n-tab-title-text\">\n\t\t\t\tBaixa Tens\u00e3o <br \/> Grupo B\t\t\t<\/span>\n\t\t<\/button>\n\t\t\t\t\t<\/div>\n\t\t\t<div class=\"e-n-tabs-content\">\n\t\t\t\t<div id=\"e-n-tab-content-563795431\" role=\"tabpanel\" aria-labelledby=\"alta-tensao\" data-tab-index=\"1\" style=\"--n-tabs-title-order: 1;\" class=\"e-active elementor-element elementor-element-faf3979 e-con-full e-flex e-con e-child\" data-id=\"faf3979\" data-element_type=\"container\" data-e-type=\"container\">\n\t\t\t\t<\/div>\n\t\t<div id=\"e-n-tab-content-563795432\" role=\"tabpanel\" aria-labelledby=\"baixa-tensao\" data-tab-index=\"2\" style=\"--n-tabs-title-order: 2;\" class=\" elementor-element elementor-element-c4ee591 e-con-full e-flex e-con e-child\" data-id=\"c4ee591\" data-element_type=\"container\" data-e-type=\"container\">\n\t\t\t\t<\/div>\n\t\t\t\t\t<\/div>\n\t\t<\/div>\n\t\t\t\t\t\t<\/div>\n\t\t\t\t<\/div>\n\t\t\t\t<div class=\"elementor-element elementor-element-ac20378 elementor-widget elementor-widget-heading\" data-id=\"ac20378\" data-element_type=\"widget\" data-e-type=\"widget\" data-widget_type=\"heading.default\">\n\t\t\t\t<div class=\"elementor-widget-container\">\n\t\t\t\t\t<h4 class=\"elementor-heading-title elementor-size-default\">Especial<\/h4>\t\t\t\t<\/div>\n\t\t\t\t<\/div>\n\t\t\t\t<div class=\"elementor-element elementor-element-c69e164 e-n-tabs-mobile elementor-widget elementor-widget-n-tabs\" data-id=\"c69e164\" data-element_type=\"widget\" data-e-type=\"widget\" data-settings=\"{&quot;tabs_justify_horizontal&quot;:&quot;start&quot;,&quot;horizontal_scroll&quot;:&quot;disable&quot;}\" data-widget_type=\"nested-tabs.default\">\n\t\t\t\t<div class=\"elementor-widget-container\">\n\t\t\t\t\t\t\t<div class=\"e-n-tabs\" data-widget-number=\"208265572\" aria-label=\"Tabs. Open items with Enter or Space, close with Escape and navigate using the Arrow keys.\">\n\t\t\t<div class=\"e-n-tabs-heading\" role=\"tablist\">\n\t\t\t\t\t<button id=\"prestadores\" data-tab-title-id=\"e-n-tab-title-2082655721\" class=\"e-n-tab-title\" aria-selected=\"true\" data-tab-index=\"1\" role=\"tab\" tabindex=\"0\" aria-controls=\"e-n-tab-content-2082655721\" style=\"--n-tabs-title-order: 1;\">\n\t\t\t\t\t<span class=\"e-n-tab-icon\">\n\t\t\t<svg xmlns=\"http:\/\/www.w3.org\/2000\/svg\" id=\"a\" viewBox=\"0 0 145.43 127.25\"><path id=\"b\" d=\"M131.8,27.27h-31.81V6.82C99.99,3.05,96.94,0,93.17,0h-40.9c-3.76,0-6.82,3.05-6.82,6.81h0v20.46H13.64C6.11,27.27,0,33.37,0,40.9v72.72c0,7.53,6.1,13.63,13.63,13.63h118.17c7.53,0,13.63-6.1,13.63-13.63h0V40.9c0-7.53-6.11-13.63-13.63-13.63ZM54.54,9.09h36.36v18.18h-36.36V9.09ZM136.35,113.62c0,2.51-2.04,4.54-4.54,4.54H13.64c-2.51,0-4.54-2.04-4.55-4.54v-40.9h45.45v11.36c0,3.76,3.05,6.82,6.82,6.82h22.73c3.77,0,6.82-3.05,6.82-6.82v-11.36h45.45v40.9ZM63.63,81.81v-9.09h18.18v9.09h-18.18ZM136.35,63.63H9.09v-22.73c0-2.51,2.04-4.54,4.55-4.54h118.17c2.51,0,4.54,2.04,4.54,4.54v22.73Z\" stroke-width=\"0\"><\/path><\/svg>\t\t\t<svg xmlns=\"http:\/\/www.w3.org\/2000\/svg\" id=\"a\" viewBox=\"0 0 145.43 127.25\"><path id=\"b\" d=\"M131.8,27.27h-31.81V6.82C99.99,3.05,96.94,0,93.17,0h-40.9c-3.76,0-6.82,3.05-6.82,6.81h0v20.46H13.64C6.11,27.27,0,33.37,0,40.9v72.72c0,7.53,6.1,13.63,13.63,13.63h118.17c7.53,0,13.63-6.1,13.63-13.63h0V40.9c0-7.53-6.11-13.63-13.63-13.63ZM54.54,9.09h36.36v18.18h-36.36V9.09ZM136.35,113.62c0,2.51-2.04,4.54-4.54,4.54H13.64c-2.51,0-4.54-2.04-4.55-4.54v-40.9h45.45v11.36c0,3.76,3.05,6.82,6.82,6.82h22.73c3.77,0,6.82-3.05,6.82-6.82v-11.36h45.45v40.9ZM63.63,81.81v-9.09h18.18v9.09h-18.18ZM136.35,63.63H9.09v-22.73c0-2.51,2.04-4.54,4.55-4.54h118.17c2.51,0,4.54,2.04,4.54,4.54v22.73Z\" stroke-width=\"0\"><\/path><\/svg>\t\t<\/span>\n\t\t\t\t\t<span class=\"e-n-tab-title-text\">\n\t\t\t\tPrestadores\t\t\t<\/span>\n\t\t<\/button>\n\t\t\t\t\t<\/div>\n\t\t\t<div class=\"e-n-tabs-content\">\n\t\t\t\t<div id=\"e-n-tab-content-2082655721\" role=\"tabpanel\" aria-labelledby=\"prestadores\" data-tab-index=\"1\" style=\"--n-tabs-title-order: 1;\" class=\"e-active elementor-element elementor-element-b99dd95 e-con-full e-flex e-con e-child\" data-id=\"b99dd95\" data-element_type=\"container\" data-e-type=\"container\">\n\t\t\t\t<\/div>\n\t\t\t\t\t<\/div>\n\t\t<\/div>\n\t\t\t\t\t\t<\/div>\n\t\t\t\t<\/div>\n\t\t\t\t<div class=\"elementor-element elementor-element-6968502 elementor-widget elementor-widget-html\" data-id=\"6968502\" data-element_type=\"widget\" data-e-type=\"widget\" data-widget_type=\"html.default\">\n\t\t\t\t<div class=\"elementor-widget-container\">\n\t\t\t\t\t<script>\r\n\r\njQuery(document).ready(function($){\r\n\r\n\t$( \"#residencial\" ).click(function(){\r\n        window.location.href=\"https:\/\/www.copel.com\/avaweb\/paginaLogin\/login.jsf\"\r\n\t});\r\n\t\r\n    $( \"#alta-tensao\" ).click(function(){\r\n        window.location.href=\"https:\/\/www.copel.com\/avaweb\/paginaLogin\/login.jsf\"\r\n\t});\t\r\n\t\r\n\t$( \"#baixa-tensao\" ).click(function(){\r\n        window.location.href=\"https:\/\/www.copel.com\/avaweb\/perfilEmpresarialGrpB.jsf\"\r\n\t});\r\n\t\r\n\t$( \"#prestadores\" ).click(function(){\r\n        window.location.href=\"https:\/\/www.copel.com\/AgenciaWeb\/autenticar\/loginPrestador.do\"\r\n\t});\r\n})\r\n<\/script>\t\t\t\t<\/div>\n\t\t\t\t<\/div>\n\t\t\t\t\t<\/div>\n\t\t<\/div>\n\t\t\t\t\t<\/div>\n\t\t<\/section>\n\t\t\t\t\t<\/div>\n\t\t<\/div>\n\t\t\t\t\t<\/div>\n\t\t<\/section>\n\t\t\t\t<\/div>\n\t\t","protected":false},"excerpt":{"rendered":"<p>Entrar na \u00e1rea do cliente D\u00e9bito autom\u00e1tico Para darmos in\u00edcio ao cadastro, favor ter em m\u00e3o os seguintes dados: Selecione o seu perfil de consumo. Para darmos in\u00edcio ao cadastro, favor ter em m\u00e3o os seguintes dados: Selecione o seu perfil de consumo. Residencial Acessar Empresa Alta Tens\u00e3o &#8211; grupo A\u00a0Acessar Baixa Tens\u00e3o &#8211; grupo [&hellip;]<\/p>\n","protected":false},"author":6,"featured_media":0,"parent":981,"menu_order":0,"comment_status":"closed","ping_status":"closed","template":"elementor_header_footer","meta":{"_acf_changed":false,"footnotes":""},"categories":[],"tags":[],"wf_page_folders":[438],"class_list":["post-18444","page","type-page","status-publish","hentry"],"acf":[],"aioseo_notices":[],"_links":{"self":[{"href":"https:\/\/www.copel.com\/site\/wp-json\/wp\/v2\/pages\/18444","targetHints":{"allow":["GET"]}}],"collection":[{"href":"https:\/\/www.copel.com\/site\/wp-json\/wp\/v2\/pages"}],"about":[{"href":"https:\/\/www.copel.com\/site\/wp-json\/wp\/v2\/types\/page"}],"author":[{"embeddable":true,"href":"https:\/\/www.copel.com\/site\/wp-json\/wp\/v2\/users\/6"}],"replies":[{"embeddable":true,"href":"https:\/\/www.copel.com\/site\/wp-json\/wp\/v2\/comments?post=18444"}],"version-history":[{"count":12,"href":"https:\/\/www.copel.com\/site\/wp-json\/wp\/v2\/pages\/18444\/revisions"}],"predecessor-version":[{"id":39781,"href":"https:\/\/www.copel.com\/site\/wp-json\/wp\/v2\/pages\/18444\/revisions\/39781"}],"up":[{"embeddable":true,"href":"https:\/\/www.copel.com\/site\/wp-json\/wp\/v2\/pages\/981"}],"wp:attachment":[{"href":"https:\/\/www.copel.com\/site\/wp-json\/wp\/v2\/media?parent=18444"}],"wp:term":[{"taxonomy":"category","embeddable":true,"href":"https:\/\/www.copel.com\/site\/wp-json\/wp\/v2\/categories?post=18444"},{"taxonomy":"post_tag","embeddable":true,"href":"https:\/\/www.copel.com\/site\/wp-json\/wp\/v2\/tags?post=18444"},{"taxonomy":"wf_page_folders","embeddable":true,"href":"https:\/\/www.copel.com\/site\/wp-json\/wp\/v2\/wf_page_folders?post=18444"}],"curies":[{"name":"wp","href":"https:\/\/api.w.org\/{rel}","templated":true}]}}