{"id":17631,"date":"2021-11-11T15:15:08","date_gmt":"2021-11-11T18:15:08","guid":{"rendered":"https:\/\/hml.copel.com\/hpcweb\/?page_id=17631"},"modified":"2025-08-15T10:48:48","modified_gmt":"2025-08-15T13:48:48","slug":"empresas-controladas-e-consorcios","status":"publish","type":"page","link":"https:\/\/www.copel.com\/site\/institucional\/portal-da-transparencia\/empresas-controladas-e-consorcios\/","title":{"rendered":"Empresas controladas e cons\u00f3rcios"},"content":{"rendered":"\t\t<div data-elementor-type=\"wp-page\" data-elementor-id=\"17631\" class=\"elementor elementor-17631\" data-elementor-post-type=\"page\">\n\t\t\t\t\t\t<section class=\"elementor-section elementor-top-section elementor-element elementor-element-2df24979 elementor-section-full_width imgDestaque elementor-section-content-middle elementor-section-height-default elementor-section-height-default\" data-id=\"2df24979\" data-element_type=\"section\" data-e-type=\"section\" data-settings=\"{&quot;background_background&quot;:&quot;classic&quot;}\">\n\t\t\t\t\t\t\t<div class=\"elementor-background-overlay\"><\/div>\n\t\t\t\t\t\t\t<div class=\"elementor-container elementor-column-gap-default\">\n\t\t\t\t\t<div class=\"elementor-column elementor-col-100 elementor-top-column elementor-element elementor-element-75c692e1 box-destaque\" data-id=\"75c692e1\" data-element_type=\"column\" data-e-type=\"column\">\n\t\t\t<div class=\"elementor-widget-wrap elementor-element-populated\">\n\t\t\t\t\t\t<div class=\"elementor-element elementor-element-4ae2f610 elementor-widget elementor-widget-heading\" data-id=\"4ae2f610\" data-element_type=\"widget\" data-e-type=\"widget\" data-widget_type=\"heading.default\">\n\t\t\t\t<div class=\"elementor-widget-container\">\n\t\t\t\t\t<h1 class=\"elementor-heading-title elementor-size-default\">Empresas controladas e cons\u00f3rcios<\/h1>\t\t\t\t<\/div>\n\t\t\t\t<\/div>\n\t\t\t\t\t<\/div>\n\t\t<\/div>\n\t\t\t\t\t<\/div>\n\t\t<\/section>\n\t\t\t\t<section class=\"elementor-section elementor-top-section elementor-element elementor-element-2293494 elementor-section-full_width elementor-section-height-default elementor-section-height-default\" data-id=\"2293494\" data-element_type=\"section\" data-e-type=\"section\">\n\t\t\t\t\t\t<div class=\"elementor-container elementor-column-gap-default\">\n\t\t\t\t\t<div class=\"elementor-column elementor-col-33 elementor-top-column elementor-element elementor-element-51451df1\" data-id=\"51451df1\" data-element_type=\"column\" data-e-type=\"column\">\n\t\t\t<div class=\"elementor-widget-wrap elementor-element-populated\">\n\t\t\t\t\t\t<div class=\"elementor-element elementor-element-4550dc54 elementor-nav-menu__align-justify menuTroca elementor-nav-menu--dropdown-tablet elementor-nav-menu__text-align-aside elementor-nav-menu--toggle elementor-nav-menu--burger elementor-widget elementor-widget-nav-menu\" data-id=\"4550dc54\" data-element_type=\"widget\" data-e-type=\"widget\" data-settings=\"{&quot;layout&quot;:&quot;vertical&quot;,&quot;submenu_icon&quot;:{&quot;value&quot;:&quot;&lt;i class=\\&quot;fas fa-caret-down\\&quot; aria-hidden=\\&quot;true\\&quot;&gt;&lt;\\\/i&gt;&quot;,&quot;library&quot;:&quot;fa-solid&quot;},&quot;toggle&quot;:&quot;burger&quot;}\" data-widget_type=\"nav-menu.default\">\n\t\t\t\t<div class=\"elementor-widget-container\">\n\t\t\t\t\t\t\t\t<nav aria-label=\"Menu\" class=\"elementor-nav-menu--main elementor-nav-menu__container elementor-nav-menu--layout-vertical e--pointer-underline e--animation-fade\">\n\t\t\t\t<ul id=\"menu-1-4550dc54\" class=\"elementor-nav-menu sm-vertical\"><li class=\"menu-item menu-item-type-custom menu-item-object-custom menu-item-23602\"><a href=\"\/site\/institucional\/portal-da-transparencia\/\" class=\"elementor-item\">Portal da transpar\u00eancia<\/a><\/li>\n<li class=\"menu-item menu-item-type-custom menu-item-object-custom menu-item-24164\"><a href=\"\/site\/institucional\/portal-da-transparencia\/acoes-e-programas\/\" class=\"elementor-item\">A\u00e7\u00f5es e programas<\/a><\/li>\n<li class=\"menu-item menu-item-type-custom menu-item-object-custom menu-item-24165\"><a href=\"\/site\/institucional\/portal-da-transparencia\/administradores\/\" class=\"elementor-item\">Administradores<\/a><\/li>\n<li class=\"menu-item menu-item-type-custom menu-item-object-custom menu-item-24166\"><a href=\"\/site\/institucional\/portal-da-transparencia\/atas-dos-conselhos-e-comites\/\" class=\"elementor-item\">Atas dos conselhos e comit\u00eas<\/a><\/li>\n<li class=\"menu-item menu-item-type-custom menu-item-object-custom menu-item-24167\"><a href=\"\/site\/institucional\/governanca-corporativa\/auditoria-interna\/\" class=\"elementor-item\">Auditorias<\/a><\/li>\n<li class=\"menu-item menu-item-type-custom menu-item-object-custom menu-item-24168\"><a href=\"https:\/\/copel0.sharepoint.com\/:f:\/s\/documentos-site-copel\/EpTrzdhWx1hMov9RrElsD0EBRsa6hzTqeLzlr-x0jC9Fpg?e=i81uU8acopel%2Fpagcopel2.nsf%2Fdocs%2F5AFA816BF8FD0088832584C0006993A1\" class=\"elementor-item\">Bens im\u00f3veis<\/a><\/li>\n<li class=\"menu-item menu-item-type-custom menu-item-object-custom menu-item-24169\"><a href=\"https:\/\/copel0.sharepoint.com\/:f:\/s\/documentos-site-copel\/EiGGfYbXXWNNtGaIvEo9344BJ8oAPeehRnq47zsh04EwUA?e=8HPHoC\" class=\"elementor-item\">Bens m\u00f3veis<\/a><\/li>\n<li class=\"menu-item menu-item-type-custom menu-item-object-custom menu-item-24170\"><a href=\"\/site\/institucional\/canais-de-denuncia\/\" class=\"elementor-item\">Canal de den\u00fancias<\/a><\/li>\n<li class=\"menu-item menu-item-type-custom menu-item-object-custom menu-item-24171\"><a href=\"\/site\/institucional\/portal-da-transparencia\/empresas-controladas-e-consorcios\/\" class=\"elementor-item\">Empresas controladas e cons\u00f3rcios<\/a><\/li>\n<li class=\"menu-item menu-item-type-custom menu-item-object-custom menu-item-24172\"><a href=\"https:\/\/copel0.sharepoint.com\/:f:\/s\/documentos-site-copel\/EieHOzPz5H1Jui7-8x-6u-cBOOYVLcqmOXfx6rGD-Gz39A?e=cFZayr\" class=\"elementor-item\">Controle de estoque<\/a><\/li>\n<li class=\"menu-item menu-item-type-custom menu-item-object-custom menu-item-24173\"><a href=\"\/site\/institucional\/portal-da-transparencia\/convenio-e-transferencias\/\" class=\"elementor-item\">Conv\u00eanios e transfer\u00eancias<\/a><\/li>\n<li class=\"menu-item menu-item-type-custom menu-item-object-custom menu-item-24174\"><a href=\"http:\/\/www.transparencia.pr.gov.br\/pte\/denuncie\" class=\"elementor-item\">Denuncie corrup\u00e7\u00e3o<\/a><\/li>\n<li class=\"menu-item menu-item-type-custom menu-item-object-custom menu-item-24175\"><a href=\"\/site\/institucional\/portal-da-transparencia\/diretorias-conselhos-e-comites-das-empresas-controladas-e-consorcios\/\" class=\"elementor-item\">Diretores e conselheiros das empresas controladas e cons\u00f3rcios<\/a><\/li>\n<li class=\"menu-item menu-item-type-custom menu-item-object-custom menu-item-24176\"><a href=\"\/site\/institucional\/portal-da-transparencia\/quadro-de-pessoal\/\" class=\"elementor-item\">Empregados<\/a><\/li>\n<li class=\"menu-item menu-item-type-custom menu-item-object-custom menu-item-24185\"><a href=\"\/site\/institucional\/politica-de-privacidade\/#dpo\" class=\"elementor-item elementor-item-anchor\">Encarregado de dados (DPO)<\/a><\/li>\n<li class=\"menu-item menu-item-type-custom menu-item-object-custom menu-item-24177\"><a href=\"\/site\/institucional\/portal-da-transparencia\/institucional\/\" class=\"elementor-item\">Institucional<\/a><\/li>\n<li class=\"menu-item menu-item-type-custom menu-item-object-custom menu-item-24178\"><a href=\"\/site\/institucional\/portal-da-transparencia\/licitacoes-e-contratos\/\" class=\"elementor-item\">Licita\u00e7\u00f5es e contratos<\/a><\/li>\n<li class=\"menu-item menu-item-type-custom menu-item-object-custom menu-item-24179\"><a href=\"\/site\/institucional\/portal-da-transparencia\/participacao-social\/\" class=\"elementor-item\">Participa\u00e7\u00e3o social<\/a><\/li>\n<li class=\"menu-item menu-item-type-custom menu-item-object-custom menu-item-24180\"><a href=\"\/site\/institucional\/portal-da-transparencia\/duvidas-de-clientes\/\" class=\"elementor-item\">D\u00favidas de clientes<\/a><\/li>\n<li class=\"menu-item menu-item-type-custom menu-item-object-custom menu-item-24181\"><a href=\"http:\/\/www.transparencia.pr.gov.br\/pte\/informacoes\/portalInstitucional\/72\/3\" class=\"elementor-item\">Portal de transpar\u00eancia do Governo do Paran\u00e1<\/a><\/li>\n<li class=\"menu-item menu-item-type-custom menu-item-object-custom menu-item-24182\"><a href=\"\/site\/institucional\/portal-da-transparencia\/receitas-e-despesas\/\" class=\"elementor-item\">Receitas e despesas<\/a><\/li>\n<li class=\"menu-item menu-item-type-custom menu-item-object-custom menu-item-24183\"><a href=\"https:\/\/copel0.sharepoint.com\/:f:\/s\/documentos-site-copel\/EqesZy-4MkxLnmgGlaOY1pwBoLovrT0ubORk83eR2kVPWQ?e=oXwv7w\" class=\"elementor-item\">Viagens<\/a><\/li>\n<li class=\"menu-item menu-item-type-custom menu-item-object-custom menu-item-24184\"><a href=\"https:\/\/copel0.sharepoint.com\/:f:\/s\/documentos-site-copel\/Em5oY3bKx4dLiNuF69CVjNkB3sq1c-g-TBzmUINsOY9vlA?e=ZS4ecp\" class=\"elementor-item\">Presta\u00e7\u00e3o de contas anuais TCE\/Pr<\/a><\/li>\n<\/ul>\t\t\t<\/nav>\n\t\t\t\t\t<div class=\"elementor-menu-toggle\" role=\"button\" tabindex=\"0\" aria-label=\"Menu Toggle\" aria-expanded=\"false\">\n\t\t\t<i aria-hidden=\"true\" role=\"presentation\" class=\"elementor-menu-toggle__icon--open eicon-menu-bar\"><\/i><i aria-hidden=\"true\" role=\"presentation\" class=\"elementor-menu-toggle__icon--close eicon-close\"><\/i>\t\t<\/div>\n\t\t\t\t\t<nav class=\"elementor-nav-menu--dropdown elementor-nav-menu__container\" aria-hidden=\"true\">\n\t\t\t\t<ul id=\"menu-2-4550dc54\" class=\"elementor-nav-menu sm-vertical\"><li class=\"menu-item menu-item-type-custom menu-item-object-custom menu-item-23602\"><a href=\"\/site\/institucional\/portal-da-transparencia\/\" class=\"elementor-item\" tabindex=\"-1\">Portal da transpar\u00eancia<\/a><\/li>\n<li class=\"menu-item menu-item-type-custom menu-item-object-custom menu-item-24164\"><a href=\"\/site\/institucional\/portal-da-transparencia\/acoes-e-programas\/\" class=\"elementor-item\" tabindex=\"-1\">A\u00e7\u00f5es e programas<\/a><\/li>\n<li class=\"menu-item menu-item-type-custom menu-item-object-custom menu-item-24165\"><a href=\"\/site\/institucional\/portal-da-transparencia\/administradores\/\" class=\"elementor-item\" tabindex=\"-1\">Administradores<\/a><\/li>\n<li class=\"menu-item menu-item-type-custom menu-item-object-custom menu-item-24166\"><a href=\"\/site\/institucional\/portal-da-transparencia\/atas-dos-conselhos-e-comites\/\" class=\"elementor-item\" tabindex=\"-1\">Atas dos conselhos e comit\u00eas<\/a><\/li>\n<li class=\"menu-item menu-item-type-custom menu-item-object-custom menu-item-24167\"><a href=\"\/site\/institucional\/governanca-corporativa\/auditoria-interna\/\" class=\"elementor-item\" tabindex=\"-1\">Auditorias<\/a><\/li>\n<li class=\"menu-item menu-item-type-custom menu-item-object-custom menu-item-24168\"><a href=\"https:\/\/copel0.sharepoint.com\/:f:\/s\/documentos-site-copel\/EpTrzdhWx1hMov9RrElsD0EBRsa6hzTqeLzlr-x0jC9Fpg?e=i81uU8acopel%2Fpagcopel2.nsf%2Fdocs%2F5AFA816BF8FD0088832584C0006993A1\" class=\"elementor-item\" tabindex=\"-1\">Bens im\u00f3veis<\/a><\/li>\n<li class=\"menu-item menu-item-type-custom menu-item-object-custom menu-item-24169\"><a href=\"https:\/\/copel0.sharepoint.com\/:f:\/s\/documentos-site-copel\/EiGGfYbXXWNNtGaIvEo9344BJ8oAPeehRnq47zsh04EwUA?e=8HPHoC\" class=\"elementor-item\" tabindex=\"-1\">Bens m\u00f3veis<\/a><\/li>\n<li class=\"menu-item menu-item-type-custom menu-item-object-custom menu-item-24170\"><a href=\"\/site\/institucional\/canais-de-denuncia\/\" class=\"elementor-item\" tabindex=\"-1\">Canal de den\u00fancias<\/a><\/li>\n<li class=\"menu-item menu-item-type-custom menu-item-object-custom menu-item-24171\"><a href=\"\/site\/institucional\/portal-da-transparencia\/empresas-controladas-e-consorcios\/\" class=\"elementor-item\" tabindex=\"-1\">Empresas controladas e cons\u00f3rcios<\/a><\/li>\n<li class=\"menu-item menu-item-type-custom menu-item-object-custom menu-item-24172\"><a href=\"https:\/\/copel0.sharepoint.com\/:f:\/s\/documentos-site-copel\/EieHOzPz5H1Jui7-8x-6u-cBOOYVLcqmOXfx6rGD-Gz39A?e=cFZayr\" class=\"elementor-item\" tabindex=\"-1\">Controle de estoque<\/a><\/li>\n<li class=\"menu-item menu-item-type-custom menu-item-object-custom menu-item-24173\"><a href=\"\/site\/institucional\/portal-da-transparencia\/convenio-e-transferencias\/\" class=\"elementor-item\" tabindex=\"-1\">Conv\u00eanios e transfer\u00eancias<\/a><\/li>\n<li class=\"menu-item menu-item-type-custom menu-item-object-custom menu-item-24174\"><a href=\"http:\/\/www.transparencia.pr.gov.br\/pte\/denuncie\" class=\"elementor-item\" tabindex=\"-1\">Denuncie corrup\u00e7\u00e3o<\/a><\/li>\n<li class=\"menu-item menu-item-type-custom menu-item-object-custom menu-item-24175\"><a href=\"\/site\/institucional\/portal-da-transparencia\/diretorias-conselhos-e-comites-das-empresas-controladas-e-consorcios\/\" class=\"elementor-item\" tabindex=\"-1\">Diretores e conselheiros das empresas controladas e cons\u00f3rcios<\/a><\/li>\n<li class=\"menu-item menu-item-type-custom menu-item-object-custom menu-item-24176\"><a href=\"\/site\/institucional\/portal-da-transparencia\/quadro-de-pessoal\/\" class=\"elementor-item\" tabindex=\"-1\">Empregados<\/a><\/li>\n<li class=\"menu-item menu-item-type-custom menu-item-object-custom menu-item-24185\"><a href=\"\/site\/institucional\/politica-de-privacidade\/#dpo\" class=\"elementor-item elementor-item-anchor\" tabindex=\"-1\">Encarregado de dados (DPO)<\/a><\/li>\n<li class=\"menu-item menu-item-type-custom menu-item-object-custom menu-item-24177\"><a href=\"\/site\/institucional\/portal-da-transparencia\/institucional\/\" class=\"elementor-item\" tabindex=\"-1\">Institucional<\/a><\/li>\n<li class=\"menu-item menu-item-type-custom menu-item-object-custom menu-item-24178\"><a href=\"\/site\/institucional\/portal-da-transparencia\/licitacoes-e-contratos\/\" class=\"elementor-item\" tabindex=\"-1\">Licita\u00e7\u00f5es e contratos<\/a><\/li>\n<li class=\"menu-item menu-item-type-custom menu-item-object-custom menu-item-24179\"><a href=\"\/site\/institucional\/portal-da-transparencia\/participacao-social\/\" class=\"elementor-item\" tabindex=\"-1\">Participa\u00e7\u00e3o social<\/a><\/li>\n<li class=\"menu-item menu-item-type-custom menu-item-object-custom menu-item-24180\"><a href=\"\/site\/institucional\/portal-da-transparencia\/duvidas-de-clientes\/\" class=\"elementor-item\" tabindex=\"-1\">D\u00favidas de clientes<\/a><\/li>\n<li class=\"menu-item menu-item-type-custom menu-item-object-custom menu-item-24181\"><a href=\"http:\/\/www.transparencia.pr.gov.br\/pte\/informacoes\/portalInstitucional\/72\/3\" class=\"elementor-item\" tabindex=\"-1\">Portal de transpar\u00eancia do Governo do Paran\u00e1<\/a><\/li>\n<li class=\"menu-item menu-item-type-custom menu-item-object-custom menu-item-24182\"><a href=\"\/site\/institucional\/portal-da-transparencia\/receitas-e-despesas\/\" class=\"elementor-item\" tabindex=\"-1\">Receitas e despesas<\/a><\/li>\n<li class=\"menu-item menu-item-type-custom menu-item-object-custom menu-item-24183\"><a href=\"https:\/\/copel0.sharepoint.com\/:f:\/s\/documentos-site-copel\/EqesZy-4MkxLnmgGlaOY1pwBoLovrT0ubORk83eR2kVPWQ?e=oXwv7w\" class=\"elementor-item\" tabindex=\"-1\">Viagens<\/a><\/li>\n<li class=\"menu-item menu-item-type-custom menu-item-object-custom menu-item-24184\"><a href=\"https:\/\/copel0.sharepoint.com\/:f:\/s\/documentos-site-copel\/Em5oY3bKx4dLiNuF69CVjNkB3sq1c-g-TBzmUINsOY9vlA?e=ZS4ecp\" class=\"elementor-item\" tabindex=\"-1\">Presta\u00e7\u00e3o de contas anuais TCE\/Pr<\/a><\/li>\n<\/ul>\t\t\t<\/nav>\n\t\t\t\t\t\t<\/div>\n\t\t\t\t<\/div>\n\t\t\t\t\t<\/div>\n\t\t<\/div>\n\t\t\t\t<div class=\"elementor-column elementor-col-66 elementor-top-column elementor-element elementor-element-250ad4c3\" data-id=\"250ad4c3\" data-element_type=\"column\" data-e-type=\"column\">\n\t\t\t<div class=\"elementor-widget-wrap elementor-element-populated\">\n\t\t\t\t\t\t<div class=\"elementor-element elementor-element-32fb247d elementor-widget elementor-widget-heading\" data-id=\"32fb247d\" data-element_type=\"widget\" data-e-type=\"widget\" data-widget_type=\"heading.default\">\n\t\t\t\t<div class=\"elementor-widget-container\">\n\t\t\t\t\t<h2 class=\"elementor-heading-title elementor-size-default\">Empresas controladas<\/h2>\t\t\t\t<\/div>\n\t\t\t\t<\/div>\n\t\t\t\t<div class=\"elementor-element elementor-element-b59e51c elementor-icon-list--layout-inline atalhoslista elementor-list-item-link-full_width elementor-widget elementor-widget-icon-list\" data-id=\"b59e51c\" data-element_type=\"widget\" data-e-type=\"widget\" data-widget_type=\"icon-list.default\">\n\t\t\t\t<div class=\"elementor-widget-container\">\n\t\t\t\t\t\t\t<ul class=\"elementor-icon-list-items elementor-inline-items\">\n\t\t\t\t\t\t\t<li class=\"elementor-icon-list-item elementor-inline-item\">\n\t\t\t\t\t\t\t\t\t\t\t<a href=\"https:\/\/pchbelavista.com.br\/\">\n\n\t\t\t\t\t\t\t\t\t\t\t<span class=\"elementor-icon-list-text\">Bela Vista Gera\u00e7\u00e3o de Energia S.A.<\/span>\n\t\t\t\t\t\t\t\t\t\t\t<\/a>\n\t\t\t\t\t\t\t\t\t<\/li>\n\t\t\t\t\t\t\t\t<li class=\"elementor-icon-list-item elementor-inline-item\">\n\t\t\t\t\t\t\t\t\t\t\t<a href=\"\/site\/copel-transmissao\/costa-oeste-transmissora-de-energia\/\">\n\n\t\t\t\t\t\t\t\t\t\t\t<span class=\"elementor-icon-list-text\">Costa Oeste - Transmissora de energia S.A.<\/span>\n\t\t\t\t\t\t\t\t\t\t\t<\/a>\n\t\t\t\t\t\t\t\t\t<\/li>\n\t\t\t\t\t\t\t\t<li class=\"elementor-icon-list-item elementor-inline-item\">\n\t\t\t\t\t\t\t\t\t\t\t<a href=\"https:\/\/www.elejor.com.br\/\">\n\n\t\t\t\t\t\t\t\t\t\t\t<span class=\"elementor-icon-list-text\">Centrais el\u00e9tricas do Rio Jord\u00e3o S.A. - Elejor<\/span>\n\t\t\t\t\t\t\t\t\t\t\t<\/a>\n\t\t\t\t\t\t\t\t\t<\/li>\n\t\t\t\t\t\t\t\t<li class=\"elementor-icon-list-item elementor-inline-item\">\n\t\t\t\t\t\t\t\t\t\t\t<a href=\"\/site\/copel-transmissao\/marumbi-transmissora-de-energia\/\">\n\n\t\t\t\t\t\t\t\t\t\t\t<span class=\"elementor-icon-list-text\">Marumbi transmissora de energia<\/span>\n\t\t\t\t\t\t\t\t\t\t\t<\/a>\n\t\t\t\t\t\t\t\t\t<\/li>\n\t\t\t\t\t\t\t\t<li class=\"elementor-icon-list-item elementor-inline-item\">\n\t\t\t\t\t\t\t\t\t\t\t<a href=\"http:\/\/www.msgtrans.com.br\/\">\n\n\t\t\t\t\t\t\t\t\t\t\t<span class=\"elementor-icon-list-text\">Mata de Santa Genebra Transmiss\u00e3o<\/span>\n\t\t\t\t\t\t\t\t\t\t\t<\/a>\n\t\t\t\t\t\t\t\t\t<\/li>\n\t\t\t\t\t\t\t\t<li class=\"elementor-icon-list-item elementor-inline-item\">\n\t\t\t\t\t\t\t\t\t\t\t<a href=\"\/site\/copel-transmissao\/uirapuru-transmissora-de-energia\/\">\n\n\t\t\t\t\t\t\t\t\t\t\t<span class=\"elementor-icon-list-text\">Uirapuru transmissora de energia<\/span>\n\t\t\t\t\t\t\t\t\t\t\t<\/a>\n\t\t\t\t\t\t\t\t\t<\/li>\n\t\t\t\t\t\t<\/ul>\n\t\t\t\t\t\t<\/div>\n\t\t\t\t<\/div>\n\t\t\t\t<div class=\"elementor-element elementor-element-b287a7d elementor-widget elementor-widget-spacer\" data-id=\"b287a7d\" data-element_type=\"widget\" data-e-type=\"widget\" data-widget_type=\"spacer.default\">\n\t\t\t\t<div class=\"elementor-widget-container\">\n\t\t\t\t\t\t\t<div class=\"elementor-spacer\">\n\t\t\t<div class=\"elementor-spacer-inner\"><\/div>\n\t\t<\/div>\n\t\t\t\t\t\t<\/div>\n\t\t\t\t<\/div>\n\t\t\t\t<div class=\"elementor-element elementor-element-c7f2cc6 elementor-widget elementor-widget-heading\" data-id=\"c7f2cc6\" data-element_type=\"widget\" data-e-type=\"widget\" data-widget_type=\"heading.default\">\n\t\t\t\t<div class=\"elementor-widget-container\">\n\t\t\t\t\t<h2 class=\"elementor-heading-title elementor-size-default\">Cons\u00f3rcios<\/h2>\t\t\t\t<\/div>\n\t\t\t\t<\/div>\n\t\t\t\t<div class=\"elementor-element elementor-element-3678314 elementor-icon-list--layout-inline atalhoslista elementor-list-item-link-full_width elementor-widget elementor-widget-icon-list\" data-id=\"3678314\" data-element_type=\"widget\" data-e-type=\"widget\" data-widget_type=\"icon-list.default\">\n\t\t\t\t<div class=\"elementor-widget-container\">\n\t\t\t\t\t\t\t<ul class=\"elementor-icon-list-items elementor-inline-items\">\n\t\t\t\t\t\t\t<li class=\"elementor-icon-list-item elementor-inline-item\">\n\t\t\t\t\t\t\t\t\t\t\t<a href=\"https:\/\/www.copel.com\/site\/copel-geracao\/usinas\/usina-hidreletrica-maua\/\">\n\n\t\t\t\t\t\t\t\t\t\t\t<span class=\"elementor-icon-list-text\">Cons\u00f3rcio Cruzeiro do Sul - Usina Mau\u00e1<\/span>\n\t\t\t\t\t\t\t\t\t\t\t<\/a>\n\t\t\t\t\t\t\t\t\t<\/li>\n\t\t\t\t\t\t<\/ul>\n\t\t\t\t\t\t<\/div>\n\t\t\t\t<\/div>\n\t\t\t\t\t<\/div>\n\t\t<\/div>\n\t\t\t\t\t<\/div>\n\t\t<\/section>\n\t\t\t\t<\/div>\n\t\t","protected":false},"excerpt":{"rendered":"<p>Empresas controladas e cons\u00f3rcios Empresas controladas Bela Vista Gera\u00e7\u00e3o de Energia S.A. Costa Oeste &#8211; Transmissora de energia S.A. Centrais el\u00e9tricas do Rio Jord\u00e3o S.A. &#8211; Elejor Marumbi transmissora de energia Mata de Santa Genebra Transmiss\u00e3o Uirapuru transmissora de energia Cons\u00f3rcios Cons\u00f3rcio Cruzeiro do Sul &#8211; Usina Mau\u00e1<\/p>\n","protected":false},"author":6,"featured_media":3047,"parent":1039,"menu_order":0,"comment_status":"closed","ping_status":"closed","template":"elementor_header_footer","meta":{"_acf_changed":false,"footnotes":""},"categories":[],"tags":[],"wf_page_folders":[516],"class_list":["post-17631","page","type-page","status-publish","has-post-thumbnail","hentry"],"acf":[],"aioseo_notices":[],"_links":{"self":[{"href":"https:\/\/www.copel.com\/site\/wp-json\/wp\/v2\/pages\/17631","targetHints":{"allow":["GET"]}}],"collection":[{"href":"https:\/\/www.copel.com\/site\/wp-json\/wp\/v2\/pages"}],"about":[{"href":"https:\/\/www.copel.com\/site\/wp-json\/wp\/v2\/types\/page"}],"author":[{"embeddable":true,"href":"https:\/\/www.copel.com\/site\/wp-json\/wp\/v2\/users\/6"}],"replies":[{"embeddable":true,"href":"https:\/\/www.copel.com\/site\/wp-json\/wp\/v2\/comments?post=17631"}],"version-history":[{"count":6,"href":"https:\/\/www.copel.com\/site\/wp-json\/wp\/v2\/pages\/17631\/revisions"}],"predecessor-version":[{"id":47657,"href":"https:\/\/www.copel.com\/site\/wp-json\/wp\/v2\/pages\/17631\/revisions\/47657"}],"up":[{"embeddable":true,"href":"https:\/\/www.copel.com\/site\/wp-json\/wp\/v2\/pages\/1039"}],"wp:featuredmedia":[{"embeddable":true,"href":"https:\/\/www.copel.com\/site\/wp-json\/"}],"wp:attachment":[{"href":"https:\/\/www.copel.com\/site\/wp-json\/wp\/v2\/media?parent=17631"}],"wp:term":[{"taxonomy":"category","embeddable":true,"href":"https:\/\/www.copel.com\/site\/wp-json\/wp\/v2\/categories?post=17631"},{"taxonomy":"post_tag","embeddable":true,"href":"https:\/\/www.copel.com\/site\/wp-json\/wp\/v2\/tags?post=17631"},{"taxonomy":"wf_page_folders","embeddable":true,"href":"https:\/\/www.copel.com\/site\/wp-json\/wp\/v2\/wf_page_folders?post=17631"}],"curies":[{"name":"wp","href":"https:\/\/api.w.org\/{rel}","templated":true}]}}