{"id":17376,"date":"2021-10-25T16:37:37","date_gmt":"2021-10-25T19:37:37","guid":{"rendered":"https:\/\/hml.copel.com\/hpcweb\/?page_id=17376"},"modified":"2024-06-24T08:40:50","modified_gmt":"2024-06-24T11:40:50","slug":"previsao-de-compra-de-equipamentos-especiais","status":"publish","type":"page","link":"https:\/\/www.copel.com\/site\/fornecedores-e-parceiros\/previsao-de-compra-de-equipamentos-especiais\/","title":{"rendered":"Previs\u00e3o de compra de equipamentos especiais"},"content":{"rendered":"\t\t<div data-elementor-type=\"wp-page\" data-elementor-id=\"17376\" class=\"elementor elementor-17376\" data-elementor-post-type=\"page\">\n\t\t\t\t\t\t<section class=\"elementor-section elementor-top-section elementor-element elementor-element-52f591ef elementor-section-full_width imgDestaque elementor-section-content-middle elementor-section-height-default elementor-section-height-default\" data-id=\"52f591ef\" data-element_type=\"section\" data-e-type=\"section\" data-settings=\"{&quot;background_background&quot;:&quot;classic&quot;}\">\n\t\t\t\t\t\t\t<div class=\"elementor-background-overlay\"><\/div>\n\t\t\t\t\t\t\t<div class=\"elementor-container elementor-column-gap-default\">\n\t\t\t\t\t<div class=\"elementor-column elementor-col-100 elementor-top-column elementor-element elementor-element-1c7cc075 box-destaque\" data-id=\"1c7cc075\" data-element_type=\"column\" data-e-type=\"column\">\n\t\t\t<div class=\"elementor-widget-wrap elementor-element-populated\">\n\t\t\t\t\t\t<div class=\"elementor-element elementor-element-7ab8fe41 elementor-search-form--skin-classic elementor-search-form--button-type-icon elementor-search-form--icon-search elementor-widget elementor-widget-search-form\" data-id=\"7ab8fe41\" data-element_type=\"widget\" data-e-type=\"widget\" data-settings=\"{&quot;skin&quot;:&quot;classic&quot;}\" data-widget_type=\"search-form.default\">\n\t\t\t\t<div class=\"elementor-widget-container\">\n\t\t\t\t\t\t\t<search role=\"search\">\n\t\t\t<form class=\"elementor-search-form\" action=\"https:\/\/www.copel.com\/site\" method=\"get\">\n\t\t\t\t\t\t\t\t\t\t\t\t<div class=\"elementor-search-form__container\">\n\t\t\t\t\t<label class=\"elementor-screen-only\" for=\"elementor-search-form-7ab8fe41\">Search<\/label>\n\n\t\t\t\t\t\n\t\t\t\t\t<input id=\"elementor-search-form-7ab8fe41\" placeholder=\"O que voc\u00ea est\u00e1 buscando?\" class=\"elementor-search-form__input\" type=\"search\" name=\"s\" value=\"\">\n\t\t\t\t\t\n\t\t\t\t\t\t\t\t\t\t\t<button class=\"elementor-search-form__submit\" type=\"submit\" aria-label=\"Search\">\n\t\t\t\t\t\t\t\t\t\t\t\t\t\t\t<i aria-hidden=\"true\" class=\"fas fa-search\"><\/i>\t\t\t\t\t\t\t\t\t\t\t\t\t<\/button>\n\t\t\t\t\t\n\t\t\t\t\t\t\t\t\t<\/div>\n\t\t\t<\/form>\n\t\t<\/search>\n\t\t\t\t\t\t<\/div>\n\t\t\t\t<\/div>\n\t\t\t\t<div class=\"elementor-element elementor-element-b11e83c elementor-widget elementor-widget-heading\" data-id=\"b11e83c\" data-element_type=\"widget\" data-e-type=\"widget\" data-widget_type=\"heading.default\">\n\t\t\t\t<div class=\"elementor-widget-container\">\n\t\t\t\t\t<h1 class=\"elementor-heading-title elementor-size-default\">Previs\u00e3o de compra de equipamentos especiais<\/h1>\t\t\t\t<\/div>\n\t\t\t\t<\/div>\n\t\t\t\t\t<\/div>\n\t\t<\/div>\n\t\t\t\t\t<\/div>\n\t\t<\/section>\n\t\t\t\t<section class=\"elementor-section elementor-top-section elementor-element elementor-element-443ceefe elementor-section-full_width elementor-section-height-default elementor-section-height-default\" data-id=\"443ceefe\" data-element_type=\"section\" data-e-type=\"section\">\n\t\t\t\t\t\t<div class=\"elementor-container elementor-column-gap-default\">\n\t\t\t\t\t<div class=\"elementor-column elementor-col-33 elementor-top-column elementor-element elementor-element-7b8fb88c\" data-id=\"7b8fb88c\" data-element_type=\"column\" data-e-type=\"column\">\n\t\t\t<div class=\"elementor-widget-wrap elementor-element-populated\">\n\t\t\t\t\t\t<div class=\"elementor-element elementor-element-70bf1aaa elementor-nav-menu__align-justify menuTroca elementor-nav-menu--dropdown-tablet elementor-nav-menu__text-align-aside elementor-nav-menu--toggle elementor-nav-menu--burger elementor-widget elementor-widget-nav-menu\" data-id=\"70bf1aaa\" data-element_type=\"widget\" data-e-type=\"widget\" data-settings=\"{&quot;layout&quot;:&quot;vertical&quot;,&quot;submenu_icon&quot;:{&quot;value&quot;:&quot;&lt;i class=\\&quot;fas fa-caret-down\\&quot; aria-hidden=\\&quot;true\\&quot;&gt;&lt;\\\/i&gt;&quot;,&quot;library&quot;:&quot;fa-solid&quot;},&quot;toggle&quot;:&quot;burger&quot;}\" data-widget_type=\"nav-menu.default\">\n\t\t\t\t<div class=\"elementor-widget-container\">\n\t\t\t\t\t\t\t\t<nav aria-label=\"Menu\" class=\"elementor-nav-menu--main elementor-nav-menu__container elementor-nav-menu--layout-vertical e--pointer-underline e--animation-fade\">\n\t\t\t\t<ul id=\"menu-1-70bf1aaa\" class=\"elementor-nav-menu sm-vertical\"><li class=\"menu-item menu-item-type-custom menu-item-object-custom menu-item-21156\"><a href=\"#\" class=\"elementor-item elementor-item-anchor\">Fornecedores<\/a><\/li>\n<li class=\"menu-item menu-item-type-custom menu-item-object-custom menu-item-21430\"><a href=\"\/site\/fornecedores-e-parceiros\/agendamento-de-entregas\" class=\"elementor-item\">Agendamento de entregas<\/a><\/li>\n<li class=\"menu-item menu-item-type-custom menu-item-object-custom menu-item-has-children menu-item-21432\"><a href=\"\/site\/fornecedores-e-parceiros\/anuencias-imobiliarias\/\" class=\"elementor-item\">Anu\u00eancias imobili\u00e1rias<\/a>\n<ul class=\"sub-menu elementor-nav-menu--dropdown\">\n\t<li class=\"menu-item menu-item-type-custom menu-item-object-custom menu-item-21555\"><a href=\"\/site\/fornecedores-e-parceiros\/anuencias-imobiliarias\/requerimento\/\" class=\"elementor-sub-item\">Requerimento<\/a><\/li>\n<\/ul>\n<\/li>\n<li class=\"menu-item menu-item-type-custom menu-item-object-custom menu-item-21433\"><a href=\"\/site\/fornecedores-e-parceiros\/cadastro-de-fornecedores\/\" class=\"elementor-item\">Cadastro de fornecedores<\/a><\/li>\n<li class=\"menu-item menu-item-type-custom menu-item-object-custom menu-item-has-children menu-item-21437\"><a href=\"\/site\/fornecedores-e-parceiros\/consulta-de-chamadas-publicas\" class=\"elementor-item\">Chamadas p\u00fablicas<\/a>\n<ul class=\"sub-menu elementor-nav-menu--dropdown\">\n\t<li class=\"menu-item menu-item-type-custom menu-item-object-custom menu-item-21438\"><a href=\"\/site\/fornecedores-e-parceiros\/participe-de-uma-chamada-publica\/\" class=\"elementor-sub-item\">Participe de uma chamada p\u00fablica<\/a><\/li>\n<\/ul>\n<\/li>\n<li class=\"menu-item menu-item-type-custom menu-item-object-custom menu-item-21439\"><a href=\"\/site\/fornecedores-e-parceiros\/formacao-de-fornecedores\/\" class=\"elementor-item\">Forma\u00e7\u00e3o de fornecedores<\/a><\/li>\n<li class=\"menu-item menu-item-type-custom menu-item-object-custom menu-item-21440\"><a href=\"\/site\/fornecedores-e-parceiros\/geracao-distribuida\/\" class=\"elementor-item\">Gera\u00e7\u00e3o distribu\u00edda<\/a><\/li>\n<li class=\"menu-item menu-item-type-custom menu-item-object-custom menu-item-21441\"><a href=\"\/site\/fornecedores-e-parceiros\/gestao-de-fornecedores-copel-geracao-transmissao\/\" class=\"elementor-item\">Gest\u00e3o de fornecedores Copel Gera\u00e7\u00e3o e Transmiss\u00e3o<\/a><\/li>\n<li class=\"menu-item menu-item-type-custom menu-item-object-custom menu-item-21442\"><a href=\"\/site\/fornecedores-e-parceiros\/gestao-de-seguranca-e-saude-no-trabalho-tarefas-padronizadas\/\" class=\"elementor-item\">Procedimento Operacional Padr\u00e3o &#8211; POP<\/a><\/li>\n<li class=\"menu-item menu-item-type-custom menu-item-object-custom menu-item-21443\"><a href=\"\/site\/fornecedores-e-parceiros\/guias-para-fornecedores\/\" class=\"elementor-item\">Guias para fornecedores<\/a><\/li>\n<li class=\"menu-item menu-item-type-custom menu-item-object-custom menu-item-21444\"><a href=\"\/site\/fornecedores-e-parceiros\/guias-para-fornecedores\/questionario-de-integridade\/\" class=\"elementor-item\">Question\u00e1rio de integridade<\/a><\/li>\n<li class=\"menu-item menu-item-type-custom menu-item-object-custom menu-item-has-children menu-item-21445\"><a href=\"https:\/\/www.copel.com\/site\/fornecedores-e-parceiros\/aquisicoes-e-contratacoes\/\" class=\"elementor-item\">Aquisi\u00e7\u00f5es e Contrata\u00e7\u00f5es<\/a>\n<ul class=\"sub-menu elementor-nav-menu--dropdown\">\n\t<li class=\"menu-item menu-item-type-custom menu-item-object-custom menu-item-21467\"><a href=\"\/site\/fornecedores-e-parceiros\/previsao-de-compra-de-equipamentos-especiais\/\" class=\"elementor-sub-item\">Previs\u00e3o de compra de equipamentos especiais<\/a><\/li>\n\t<li class=\"menu-item menu-item-type-custom menu-item-object-custom menu-item-21468\"><a href=\"\/site\/fornecedores-e-parceiros\/previsao-de-compra-de-materiais\/\" class=\"elementor-sub-item\">Previs\u00e3o de compra de materiais<\/a><\/li>\n<\/ul>\n<\/li>\n<li class=\"menu-item menu-item-type-custom menu-item-object-custom menu-item-21453\"><a href=\"\/site\/fornecedores-e-parceiros\/normas-e-manuais\" class=\"elementor-item\">Normas e manuais<\/a><\/li>\n<\/ul>\t\t\t<\/nav>\n\t\t\t\t\t<div class=\"elementor-menu-toggle\" role=\"button\" tabindex=\"0\" aria-label=\"Menu Toggle\" aria-expanded=\"false\">\n\t\t\t<i aria-hidden=\"true\" role=\"presentation\" class=\"elementor-menu-toggle__icon--open eicon-menu-bar\"><\/i><i aria-hidden=\"true\" role=\"presentation\" class=\"elementor-menu-toggle__icon--close eicon-close\"><\/i>\t\t<\/div>\n\t\t\t\t\t<nav class=\"elementor-nav-menu--dropdown elementor-nav-menu__container\" aria-hidden=\"true\">\n\t\t\t\t<ul id=\"menu-2-70bf1aaa\" class=\"elementor-nav-menu sm-vertical\"><li class=\"menu-item menu-item-type-custom menu-item-object-custom menu-item-21156\"><a href=\"#\" class=\"elementor-item elementor-item-anchor\" tabindex=\"-1\">Fornecedores<\/a><\/li>\n<li class=\"menu-item menu-item-type-custom menu-item-object-custom menu-item-21430\"><a href=\"\/site\/fornecedores-e-parceiros\/agendamento-de-entregas\" class=\"elementor-item\" tabindex=\"-1\">Agendamento de entregas<\/a><\/li>\n<li class=\"menu-item menu-item-type-custom menu-item-object-custom menu-item-has-children menu-item-21432\"><a href=\"\/site\/fornecedores-e-parceiros\/anuencias-imobiliarias\/\" class=\"elementor-item\" tabindex=\"-1\">Anu\u00eancias imobili\u00e1rias<\/a>\n<ul class=\"sub-menu elementor-nav-menu--dropdown\">\n\t<li class=\"menu-item menu-item-type-custom menu-item-object-custom menu-item-21555\"><a href=\"\/site\/fornecedores-e-parceiros\/anuencias-imobiliarias\/requerimento\/\" class=\"elementor-sub-item\" tabindex=\"-1\">Requerimento<\/a><\/li>\n<\/ul>\n<\/li>\n<li class=\"menu-item menu-item-type-custom menu-item-object-custom menu-item-21433\"><a href=\"\/site\/fornecedores-e-parceiros\/cadastro-de-fornecedores\/\" class=\"elementor-item\" tabindex=\"-1\">Cadastro de fornecedores<\/a><\/li>\n<li class=\"menu-item menu-item-type-custom menu-item-object-custom menu-item-has-children menu-item-21437\"><a href=\"\/site\/fornecedores-e-parceiros\/consulta-de-chamadas-publicas\" class=\"elementor-item\" tabindex=\"-1\">Chamadas p\u00fablicas<\/a>\n<ul class=\"sub-menu elementor-nav-menu--dropdown\">\n\t<li class=\"menu-item menu-item-type-custom menu-item-object-custom menu-item-21438\"><a href=\"\/site\/fornecedores-e-parceiros\/participe-de-uma-chamada-publica\/\" class=\"elementor-sub-item\" tabindex=\"-1\">Participe de uma chamada p\u00fablica<\/a><\/li>\n<\/ul>\n<\/li>\n<li class=\"menu-item menu-item-type-custom menu-item-object-custom menu-item-21439\"><a href=\"\/site\/fornecedores-e-parceiros\/formacao-de-fornecedores\/\" class=\"elementor-item\" tabindex=\"-1\">Forma\u00e7\u00e3o de fornecedores<\/a><\/li>\n<li class=\"menu-item menu-item-type-custom menu-item-object-custom menu-item-21440\"><a href=\"\/site\/fornecedores-e-parceiros\/geracao-distribuida\/\" class=\"elementor-item\" tabindex=\"-1\">Gera\u00e7\u00e3o distribu\u00edda<\/a><\/li>\n<li class=\"menu-item menu-item-type-custom menu-item-object-custom menu-item-21441\"><a href=\"\/site\/fornecedores-e-parceiros\/gestao-de-fornecedores-copel-geracao-transmissao\/\" class=\"elementor-item\" tabindex=\"-1\">Gest\u00e3o de fornecedores Copel Gera\u00e7\u00e3o e Transmiss\u00e3o<\/a><\/li>\n<li class=\"menu-item menu-item-type-custom menu-item-object-custom menu-item-21442\"><a href=\"\/site\/fornecedores-e-parceiros\/gestao-de-seguranca-e-saude-no-trabalho-tarefas-padronizadas\/\" class=\"elementor-item\" tabindex=\"-1\">Procedimento Operacional Padr\u00e3o &#8211; POP<\/a><\/li>\n<li class=\"menu-item menu-item-type-custom menu-item-object-custom menu-item-21443\"><a href=\"\/site\/fornecedores-e-parceiros\/guias-para-fornecedores\/\" class=\"elementor-item\" tabindex=\"-1\">Guias para fornecedores<\/a><\/li>\n<li class=\"menu-item menu-item-type-custom menu-item-object-custom menu-item-21444\"><a href=\"\/site\/fornecedores-e-parceiros\/guias-para-fornecedores\/questionario-de-integridade\/\" class=\"elementor-item\" tabindex=\"-1\">Question\u00e1rio de integridade<\/a><\/li>\n<li class=\"menu-item menu-item-type-custom menu-item-object-custom menu-item-has-children menu-item-21445\"><a href=\"https:\/\/www.copel.com\/site\/fornecedores-e-parceiros\/aquisicoes-e-contratacoes\/\" class=\"elementor-item\" tabindex=\"-1\">Aquisi\u00e7\u00f5es e Contrata\u00e7\u00f5es<\/a>\n<ul class=\"sub-menu elementor-nav-menu--dropdown\">\n\t<li class=\"menu-item menu-item-type-custom menu-item-object-custom menu-item-21467\"><a href=\"\/site\/fornecedores-e-parceiros\/previsao-de-compra-de-equipamentos-especiais\/\" class=\"elementor-sub-item\" tabindex=\"-1\">Previs\u00e3o de compra de equipamentos especiais<\/a><\/li>\n\t<li class=\"menu-item menu-item-type-custom menu-item-object-custom menu-item-21468\"><a href=\"\/site\/fornecedores-e-parceiros\/previsao-de-compra-de-materiais\/\" class=\"elementor-sub-item\" tabindex=\"-1\">Previs\u00e3o de compra de materiais<\/a><\/li>\n<\/ul>\n<\/li>\n<li class=\"menu-item menu-item-type-custom menu-item-object-custom menu-item-21453\"><a href=\"\/site\/fornecedores-e-parceiros\/normas-e-manuais\" class=\"elementor-item\" tabindex=\"-1\">Normas e manuais<\/a><\/li>\n<\/ul>\t\t\t<\/nav>\n\t\t\t\t\t\t<\/div>\n\t\t\t\t<\/div>\n\t\t\t\t\t<\/div>\n\t\t<\/div>\n\t\t\t\t<div class=\"elementor-column elementor-col-66 elementor-top-column elementor-element elementor-element-f151304\" data-id=\"f151304\" data-element_type=\"column\" data-e-type=\"column\">\n\t\t\t<div class=\"elementor-widget-wrap elementor-element-populated\">\n\t\t\t\t\t\t<div class=\"elementor-element elementor-element-4a24473 text-content content1 elementor-widget elementor-widget-text-editor\" data-id=\"4a24473\" data-element_type=\"widget\" data-e-type=\"widget\" data-widget_type=\"text-editor.default\">\n\t\t\t\t<div class=\"elementor-widget-container\">\n\t\t\t\t\t\t\t\t\t<p>Previs\u00e3o de compra de equipamentos especiais de&nbsp;Sistema de Distribui\u00e7\u00e3o de M\u00e9dia Tens\u00e3o da Copel Distribui\u00e7\u00e3o<\/p>\n<p>As quantidades informadas s\u00e3o apenas referenciais, n\u00e3o se constituindo em compromisso de aquisi\u00e7\u00e3o, podendo sofrer altera\u00e7\u00f5es conforme a necessidade da Copel.&nbsp;<\/p>\t\t\t\t\t\t\t\t<\/div>\n\t\t\t\t<\/div>\n\t\t\t\t<div class=\"elementor-element elementor-element-aedf082 text-content elementor-widget elementor-widget-heading\" data-id=\"aedf082\" data-element_type=\"widget\" data-e-type=\"widget\" data-widget_type=\"heading.default\">\n\t\t\t\t<div class=\"elementor-widget-container\">\n\t\t\t\t\t<h2 class=\"elementor-heading-title elementor-size-default\">Religador autom\u00e1tico<\/h2>\t\t\t\t<\/div>\n\t\t\t\t<\/div>\n\t\t\t\t<div class=\"elementor-element elementor-element-f8c9fa3 elementor-widget elementor-widget-spacer\" data-id=\"f8c9fa3\" data-element_type=\"widget\" data-e-type=\"widget\" data-widget_type=\"spacer.default\">\n\t\t\t\t<div class=\"elementor-widget-container\">\n\t\t\t\t\t\t\t<div class=\"elementor-spacer\">\n\t\t\t<div class=\"elementor-spacer-inner\"><\/div>\n\t\t<\/div>\n\t\t\t\t\t\t<\/div>\n\t\t\t\t<\/div>\n\t\t\t\t<div class=\"elementor-element elementor-element-6c260a7 elementor-widget elementor-widget-text-editor\" data-id=\"6c260a7\" data-element_type=\"widget\" data-e-type=\"widget\" data-widget_type=\"text-editor.default\">\n\t\t\t\t<div class=\"elementor-widget-container\">\n\t\t\t\t\t\t\t\t\t<table>\n<tbody>\n<tr>\n<th>C\u00f3digo<\/th>\n<th>Descri\u00e7\u00e3o<\/th>\n<th>Quantidade 2025<\/th>\n<\/tr>\n<tr>\n<td>20005519<\/td>\n<td>RELIGADOR,AUTOM;3 POLOS;34,5KV;560A;10KA<\/td>\n<td>350 unidades<\/td>\n<\/tr>\n<tr>\n<td>20005451<\/td>\n<td>RELIGADOR,AUTOM;3 POLOS;13,8KV;560A;12KA<\/td>\n<td>635 unidades<\/td>\n<\/tr>\n<tr>\n<td>20017014<\/td>\n<td>RELIGADOR;AUTOM;3 POLOS;15;5KV;400A;10KA \u2013 RDs<\/td>\n<td>635 unidades<\/td>\n<\/tr>\n<\/tbody>\n<\/table>\t\t\t\t\t\t\t\t<\/div>\n\t\t\t\t<\/div>\n\t\t\t\t<div class=\"elementor-element elementor-element-282ce77 text-content elementor-widget elementor-widget-heading\" data-id=\"282ce77\" data-element_type=\"widget\" data-e-type=\"widget\" data-widget_type=\"heading.default\">\n\t\t\t\t<div class=\"elementor-widget-container\">\n\t\t\t\t\t<h2 class=\"elementor-heading-title elementor-size-default\">Regulador de tens\u00e3o<\/h2>\t\t\t\t<\/div>\n\t\t\t\t<\/div>\n\t\t\t\t<div class=\"elementor-element elementor-element-e60f9d4 elementor-widget elementor-widget-text-editor\" data-id=\"e60f9d4\" data-element_type=\"widget\" data-e-type=\"widget\" data-widget_type=\"text-editor.default\">\n\t\t\t\t<div class=\"elementor-widget-container\">\n\t\t\t\t\t\t\t\t\t<table>\n<tbody>\n<tr>\n<th>C\u00f3digo<\/th>\n<th>Descri\u00e7\u00e3o<\/th>\n<th>Quantidade 2022<\/th>\n<th>Quantidade 2023<\/th>\n<\/tr>\n<tr>\n<td>20000589<\/td>\n<td>REGULADOR;TENSAO;AUTOM.;1F;13;8KV;100A<\/td>\n<td>0<\/td>\n<td>0<\/td>\n<\/tr>\n<tr>\n<td>20000613<\/td>\n<td>REGULADOR;TENSAO;AUTOM.;1F;13;8KV;150A<\/td>\n<td>0<\/td>\n<td>12<\/td>\n<\/tr>\n<tr>\n<td>20006182<\/td>\n<td>REGULADOR;TENSAO;AUTOM.;1F;19;92KV;200A<\/td>\n<td>96<\/td>\n<td>21<\/td>\n<\/tr>\n<tr>\n<td>20006158<\/td>\n<td>REGULADOR;TENSAO;AUTOM.;1F;19;92KV;100A<\/td>\n<td>0<\/td>\n<td>0<\/td>\n<\/tr>\n<tr>\n<td>20006094\/td>\n<td>REGULADOR;TENSAO;AUTOM.;1F;13;8KV;200A<\/td>\n<td>0<\/td>\n<td>0<\/td>\n<\/tr>\n<tr>\n<td>20006098<\/td>\n<td>REGULADOR;TENSAO;AUTOM.;1F;13;8KV;400A<\/td>\n<td>10<\/td>\n<td>0<\/td>\n<\/tr>\n<\/tbody>\n<\/table>\t\t\t\t\t\t\t\t<\/div>\n\t\t\t\t<\/div>\n\t\t\t\t\t<\/div>\n\t\t<\/div>\n\t\t\t\t\t<\/div>\n\t\t<\/section>\n\t\t\t\t<\/div>\n\t\t","protected":false},"excerpt":{"rendered":"<p>Previs\u00e3o de compra de equipamentos especiais Previs\u00e3o de compra de equipamentos especiais de&nbsp;Sistema de Distribui\u00e7\u00e3o de M\u00e9dia Tens\u00e3o da Copel Distribui\u00e7\u00e3o As quantidades informadas s\u00e3o apenas referenciais, n\u00e3o se constituindo em compromisso de aquisi\u00e7\u00e3o, podendo sofrer altera\u00e7\u00f5es conforme a necessidade da Copel.&nbsp; Religador autom\u00e1tico C\u00f3digo Descri\u00e7\u00e3o Quantidade 2025 20005519 RELIGADOR,AUTOM;3 POLOS;34,5KV;560A;10KA 350 unidades 20005451 RELIGADOR,AUTOM;3 [&hellip;]<\/p>\n","protected":false},"author":6,"featured_media":0,"parent":1041,"menu_order":0,"comment_status":"closed","ping_status":"closed","template":"elementor_header_footer","meta":{"_acf_changed":false,"footnotes":""},"categories":[],"tags":[],"wf_page_folders":[475],"class_list":["post-17376","page","type-page","status-publish","hentry"],"acf":[],"aioseo_notices":[],"_links":{"self":[{"href":"https:\/\/www.copel.com\/site\/wp-json\/wp\/v2\/pages\/17376","targetHints":{"allow":["GET"]}}],"collection":[{"href":"https:\/\/www.copel.com\/site\/wp-json\/wp\/v2\/pages"}],"about":[{"href":"https:\/\/www.copel.com\/site\/wp-json\/wp\/v2\/types\/page"}],"author":[{"embeddable":true,"href":"https:\/\/www.copel.com\/site\/wp-json\/wp\/v2\/users\/6"}],"replies":[{"embeddable":true,"href":"https:\/\/www.copel.com\/site\/wp-json\/wp\/v2\/comments?post=17376"}],"version-history":[{"count":6,"href":"https:\/\/www.copel.com\/site\/wp-json\/wp\/v2\/pages\/17376\/revisions"}],"predecessor-version":[{"id":38753,"href":"https:\/\/www.copel.com\/site\/wp-json\/wp\/v2\/pages\/17376\/revisions\/38753"}],"up":[{"embeddable":true,"href":"https:\/\/www.copel.com\/site\/wp-json\/wp\/v2\/pages\/1041"}],"wp:attachment":[{"href":"https:\/\/www.copel.com\/site\/wp-json\/wp\/v2\/media?parent=17376"}],"wp:term":[{"taxonomy":"category","embeddable":true,"href":"https:\/\/www.copel.com\/site\/wp-json\/wp\/v2\/categories?post=17376"},{"taxonomy":"post_tag","embeddable":true,"href":"https:\/\/www.copel.com\/site\/wp-json\/wp\/v2\/tags?post=17376"},{"taxonomy":"wf_page_folders","embeddable":true,"href":"https:\/\/www.copel.com\/site\/wp-json\/wp\/v2\/wf_page_folders?post=17376"}],"curies":[{"name":"wp","href":"https:\/\/api.w.org\/{rel}","templated":true}]}}