{"id":15814,"date":"2021-08-17T10:59:47","date_gmt":"2021-08-17T13:59:47","guid":{"rendered":"https:\/\/10.120.2.40\/hpcweb\/?page_id=15814"},"modified":"2025-12-29T09:49:53","modified_gmt":"2025-12-29T12:49:53","slug":"alteracao-cadastral","status":"publish","type":"page","link":"https:\/\/www.copel.com\/site\/copel-distribuicao\/alteracao-cadastral\/","title":{"rendered":"Altera\u00e7\u00e3o cadastral"},"content":{"rendered":"\t\t<div data-elementor-type=\"wp-page\" data-elementor-id=\"15814\" class=\"elementor elementor-15814\" data-elementor-post-type=\"page\">\n\t\t\t\t\t\t<section class=\"elementor-section elementor-top-section elementor-element elementor-element-ec5cdf6 elementor-section-full_width elementor-section-height-default elementor-section-height-default\" data-id=\"ec5cdf6\" data-element_type=\"section\" data-e-type=\"section\">\n\t\t\t\t\t\t<div class=\"elementor-container elementor-column-gap-default\">\n\t\t\t\t\t<div class=\"elementor-column elementor-col-100 elementor-top-column elementor-element elementor-element-204a0ec2\" data-id=\"204a0ec2\" data-element_type=\"column\" data-e-type=\"column\">\n\t\t\t<div class=\"elementor-widget-wrap elementor-element-populated\">\n\t\t\t\t\t\t<section class=\"elementor-section elementor-inner-section elementor-element elementor-element-5592c836 elementor-section-full_width elementor-section-height-min-height elementor-section-height-default\" data-id=\"5592c836\" data-element_type=\"section\" data-e-type=\"section\">\n\t\t\t\t\t\t<div class=\"elementor-container elementor-column-gap-default\">\n\t\t\t\t\t<div class=\"elementor-column elementor-col-100 elementor-inner-column elementor-element elementor-element-c25e3d0\" data-id=\"c25e3d0\" data-element_type=\"column\" data-e-type=\"column\">\n\t\t\t<div class=\"elementor-widget-wrap elementor-element-populated\">\n\t\t\t\t\t\t<div class=\"elementor-element elementor-element-77fc9498 elementor-widget elementor-widget-heading\" data-id=\"77fc9498\" data-element_type=\"widget\" data-e-type=\"widget\" data-widget_type=\"heading.default\">\n\t\t\t\t<div class=\"elementor-widget-container\">\n\t\t\t\t\t<h2 class=\"elementor-heading-title elementor-size-default\">Altera\u00e7\u00e3o cadastral<\/h2>\t\t\t\t<\/div>\n\t\t\t\t<\/div>\n\t\t\t\t<div class=\"elementor-element elementor-element-ac85024 elementor-alert-warning elementor-widget elementor-widget-alert\" data-id=\"ac85024\" data-element_type=\"widget\" data-e-type=\"widget\" data-widget_type=\"alert.default\">\n\t\t\t\t<div class=\"elementor-widget-container\">\n\t\t\t\t\t\t\t<div class=\"elementor-alert\" role=\"alert\">\n\n\t\t\t\t\t\t<span class=\"elementor-alert-title\">Aten\u00e7\u00e3o!<\/span>\n\t\t\t\n\t\t\t\t\t\t<span class=\"elementor-alert-description\">Esse formul\u00e1rio \u00e9 exclusivo para solicita\u00e7\u00e3o de corre\u00e7\u00e3o de dados cadastrais como, por exemplo: e-mail, telefone de contato, nome do logradouro ou erros de digita\u00e7\u00e3o do nome do titular. <\/span>\n\t\t\t\n\t\t\t\t\t\t<button type=\"button\" class=\"elementor-alert-dismiss\" aria-label=\"Dismiss this alert.\">\n\t\t\t\t\t\t\t\t\t<span aria-hidden=\"true\">&times;<\/span>\n\t\t\t\t\t\t\t<\/button>\n\t\t\t\n\t\t<\/div>\n\t\t\t\t\t\t<\/div>\n\t\t\t\t<\/div>\n\t\t\t\t<div class=\"elementor-element elementor-element-c93818d elementor-align-center elementor-mobile-align-left elementor-widget elementor-widget-button\" data-id=\"c93818d\" data-element_type=\"widget\" data-e-type=\"widget\" data-widget_type=\"button.default\">\n\t\t\t\t<div class=\"elementor-widget-container\">\n\t\t\t\t\t\t\t\t\t<div class=\"elementor-button-wrapper\">\n\t\t\t\t\t<a class=\"elementor-button elementor-button-link elementor-size-sm\" href=\"https:\/\/www.copel.com\/site\/copel-distribuicao\/troca-de-titularidade\" target=\"_blank\">\n\t\t\t\t\t\t<span class=\"elementor-button-content-wrapper\">\n\t\t\t\t\t\t\t\t\t<span class=\"elementor-button-text\">Solicite aqui a altera\u00e7\u00e3o de troca de titularidade da conta de energia<\/span>\n\t\t\t\t\t<\/span>\n\t\t\t\t\t<\/a>\n\t\t\t\t<\/div>\n\t\t\t\t\t\t\t\t<\/div>\n\t\t\t\t<\/div>\n\t\t\t\t<div class=\"elementor-element elementor-element-8086395 elementor-widget elementor-widget-html\" data-id=\"8086395\" data-element_type=\"widget\" data-e-type=\"widget\" data-widget_type=\"html.default\">\n\t\t\t\t<div class=\"elementor-widget-container\">\n\t\t\t\t\t<script>\n\n     function sizeFrame() { \n        \n        const element = document.getElementById(\"appFrame\");\n    \n        if(element.contentWindow.location.href == \"https:\/\/www.copel.com\/site\/\"){\n            element.contentWindow.location.href = element.getAttribute(\"src\");\n            return false;\n        }\n        \n        if(element.contentDocument) { \n            var contentHeight = element.contentWindow.document.body.scrollHeight;\n            \n            if(contentHeight <= 300)\n                element.height = 1100 + \"px\";\n            else\n                element.height = contentHeight + \"px\";\n        }\n    }  \n    \n    window.onload=sizeFrame;\n   setInterval(sizeFrame, 800);\n\n<\/script> \n\n<iframe id=\"appFrame\" src=\"\/paveweb\/maisservicos\/alteracaoCadastral.jsf\" width=\"100%\" height=\"100%\" title=\"Pedido de liga\u00e7\u00e3o\" scrolling=\"no\" sandbox=\"allow-same-origin allow-scripts allow-forms allow-modals allow-top-navigation\"><\/iframe>\t\t\t\t<\/div>\n\t\t\t\t<\/div>\n\t\t\t\t\t<\/div>\n\t\t<\/div>\n\t\t\t\t\t<\/div>\n\t\t<\/section>\n\t\t\t\t\t<\/div>\n\t\t<\/div>\n\t\t\t\t\t<\/div>\n\t\t<\/section>\n\t\t\t\t<\/div>\n\t\t","protected":false},"excerpt":{"rendered":"<p>Altera\u00e7\u00e3o cadastral Aten\u00e7\u00e3o! Esse formul\u00e1rio \u00e9 exclusivo para solicita\u00e7\u00e3o de corre\u00e7\u00e3o de dados cadastrais como, por exemplo: e-mail, telefone de contato, nome do logradouro ou erros de digita\u00e7\u00e3o do nome do titular. &times; Dismiss this alert. Solicite aqui a altera\u00e7\u00e3o de troca de titularidade da conta de energia<\/p>\n","protected":false},"author":6,"featured_media":0,"parent":981,"menu_order":0,"comment_status":"closed","ping_status":"closed","template":"elementor_header_footer","meta":{"_acf_changed":false,"footnotes":""},"categories":[999],"tags":[],"wf_page_folders":[442],"class_list":["post-15814","page","type-page","status-publish","hentry","category-pave"],"acf":[],"aioseo_notices":[],"_links":{"self":[{"href":"https:\/\/www.copel.com\/site\/wp-json\/wp\/v2\/pages\/15814","targetHints":{"allow":["GET"]}}],"collection":[{"href":"https:\/\/www.copel.com\/site\/wp-json\/wp\/v2\/pages"}],"about":[{"href":"https:\/\/www.copel.com\/site\/wp-json\/wp\/v2\/types\/page"}],"author":[{"embeddable":true,"href":"https:\/\/www.copel.com\/site\/wp-json\/wp\/v2\/users\/6"}],"replies":[{"embeddable":true,"href":"https:\/\/www.copel.com\/site\/wp-json\/wp\/v2\/comments?post=15814"}],"version-history":[{"count":3,"href":"https:\/\/www.copel.com\/site\/wp-json\/wp\/v2\/pages\/15814\/revisions"}],"predecessor-version":[{"id":32626,"href":"https:\/\/www.copel.com\/site\/wp-json\/wp\/v2\/pages\/15814\/revisions\/32626"}],"up":[{"embeddable":true,"href":"https:\/\/www.copel.com\/site\/wp-json\/wp\/v2\/pages\/981"}],"wp:attachment":[{"href":"https:\/\/www.copel.com\/site\/wp-json\/wp\/v2\/media?parent=15814"}],"wp:term":[{"taxonomy":"category","embeddable":true,"href":"https:\/\/www.copel.com\/site\/wp-json\/wp\/v2\/categories?post=15814"},{"taxonomy":"post_tag","embeddable":true,"href":"https:\/\/www.copel.com\/site\/wp-json\/wp\/v2\/tags?post=15814"},{"taxonomy":"wf_page_folders","embeddable":true,"href":"https:\/\/www.copel.com\/site\/wp-json\/wp\/v2\/wf_page_folders?post=15814"}],"curies":[{"name":"wp","href":"https:\/\/api.w.org\/{rel}","templated":true}]}}