{"id":158,"date":"2019-11-08T16:38:02","date_gmt":"2019-11-08T19:38:02","guid":{"rendered":"http:\/\/webhpcprd\/hpcweb\/copel\/?page_id=158"},"modified":"2025-10-14T11:11:01","modified_gmt":"2025-10-14T14:11:01","slug":"falta-de-luz","status":"publish","type":"page","link":"https:\/\/www.copel.com\/site\/copel-distribuicao\/falta-de-luz\/","title":{"rendered":"Falta de energia"},"content":{"rendered":"\t\t<div data-elementor-type=\"wp-page\" data-elementor-id=\"158\" class=\"elementor elementor-158\" data-elementor-post-type=\"page\">\n\t\t\t\t\t\t<section class=\"elementor-section elementor-top-section elementor-element elementor-element-cc298da elementor-section-full_width elementor-section-height-default elementor-section-height-default\" data-id=\"cc298da\" data-element_type=\"section\" data-e-type=\"section\">\n\t\t\t\t\t\t<div class=\"elementor-container elementor-column-gap-default\">\n\t\t\t\t\t<div class=\"elementor-column elementor-col-100 elementor-top-column elementor-element elementor-element-fd340af\" data-id=\"fd340af\" data-element_type=\"column\" data-e-type=\"column\">\n\t\t\t<div class=\"elementor-widget-wrap elementor-element-populated\">\n\t\t\t\t\t\t<div class=\"elementor-element elementor-element-5d590316 elementor-widget elementor-widget-heading\" data-id=\"5d590316\" data-element_type=\"widget\" data-e-type=\"widget\" data-widget_type=\"heading.default\">\n\t\t\t\t<div class=\"elementor-widget-container\">\n\t\t\t\t\t<h2 class=\"elementor-heading-title elementor-size-default\">Sem Luz<\/h2>\t\t\t\t<\/div>\n\t\t\t\t<\/div>\n\t\t\t\t\t<\/div>\n\t\t<\/div>\n\t\t\t\t\t<\/div>\n\t\t<\/section>\n\t\t\t\t<section class=\"elementor-section elementor-top-section elementor-element elementor-element-cb2c92f elementor-section-full_width elementor-section-height-default elementor-section-height-default\" data-id=\"cb2c92f\" data-element_type=\"section\" data-e-type=\"section\">\n\t\t\t\t\t\t<div class=\"elementor-container elementor-column-gap-default\">\n\t\t\t\t\t<div class=\"elementor-column elementor-col-66 elementor-top-column elementor-element elementor-element-7cbbbf1\" data-id=\"7cbbbf1\" data-element_type=\"column\" data-e-type=\"column\">\n\t\t\t<div class=\"elementor-widget-wrap elementor-element-populated\">\n\t\t\t\t\t\t<div class=\"elementor-element elementor-element-5f821cf elementor-widget elementor-widget-html\" data-id=\"5f821cf\" data-element_type=\"widget\" data-e-type=\"widget\" data-widget_type=\"html.default\">\n\t\t\t\t<div class=\"elementor-widget-container\">\n\t\t\t\t\t<iframe src=\"https:\/\/www.copel.com\/slwweb\/publico\/semluz\/inicio.jsf\" scrolling=\"no\" style=\"height:850px;width:100%;\" title=\"Servi\u00e7os Copel\"><\/iframe>\n\t\t\t\t<\/div>\n\t\t\t\t<\/div>\n\t\t\t\t\t<\/div>\n\t\t<\/div>\n\t\t\t\t<div class=\"elementor-column elementor-col-33 elementor-top-column elementor-element elementor-element-2e6d733\" data-id=\"2e6d733\" data-element_type=\"column\" data-e-type=\"column\">\n\t\t\t<div class=\"elementor-widget-wrap elementor-element-populated\">\n\t\t\t\t\t\t<section class=\"elementor-section elementor-inner-section elementor-element elementor-element-495481b7 elementor-section-boxed elementor-section-height-default elementor-section-height-default\" data-id=\"495481b7\" data-element_type=\"section\" data-e-type=\"section\">\n\t\t\t\t\t\t<div class=\"elementor-container elementor-column-gap-default\">\n\t\t\t\t\t<div class=\"elementor-column elementor-col-50 elementor-inner-column elementor-element elementor-element-268d5765\" data-id=\"268d5765\" data-element_type=\"column\" data-e-type=\"column\">\n\t\t\t<div class=\"elementor-widget-wrap elementor-element-populated\">\n\t\t\t\t\t\t<div class=\"elementor-element elementor-element-14a69eaf elementor-widget elementor-widget-image\" data-id=\"14a69eaf\" data-element_type=\"widget\" data-e-type=\"widget\" data-widget_type=\"image.default\">\n\t\t\t\t<div class=\"elementor-widget-container\">\n\t\t\t\t\t\t\t\t\t\t\t\t\t\t\t<img decoding=\"async\" width=\"23\" height=\"38\" src=\"https:\/\/www.copel.com\/site\/wp-content\/uploads\/2021\/12\/icon-fatura-digital.svg\" class=\"attachment-large size-large wp-image-18387\" alt=\"\" \/>\t\t\t\t\t\t\t\t\t\t\t\t\t\t\t<\/div>\n\t\t\t\t<\/div>\n\t\t\t\t\t<\/div>\n\t\t<\/div>\n\t\t\t\t<div class=\"elementor-column elementor-col-50 elementor-inner-column elementor-element elementor-element-3ace46ab\" data-id=\"3ace46ab\" data-element_type=\"column\" data-e-type=\"column\">\n\t\t\t<div class=\"elementor-widget-wrap elementor-element-populated\">\n\t\t\t\t\t\t<div class=\"elementor-element elementor-element-273dca5b acordionTroca elementor-widget elementor-widget-text-editor\" data-id=\"273dca5b\" data-element_type=\"widget\" data-e-type=\"widget\" data-widget_type=\"text-editor.default\">\n\t\t\t\t<div class=\"elementor-widget-container\">\n\t\t\t\t\t\t\t\t\t<h3 style=\"box-sizing: inherit; font-family: proxima; font-weight: 400; line-height: 20px; color: #f56600; font-size: 16px;\">No app Copel:<\/h3>\n<ul>\n<li>Acesse o aplicativo COPEL;<\/li>\n<li>Acesse: Informar falta de luz;<\/li>\n<li>Responda SIM ou N\u00e3o para a pergunta: &#8216;Toda vizinhan\u00e7a est\u00e1 sem luz?&#8217;;<\/li>\n<li>Pressione SIM para a pergunta: &#8216;Confirma solicita\u00e7\u00e3o?&#8217;;<\/li>\n<li>O protocolo ser\u00e1 exibido em sua tela.<\/li>\n<\/ul>\t\t\t\t\t\t\t\t<\/div>\n\t\t\t\t<\/div>\n\t\t\t\t\t<\/div>\n\t\t<\/div>\n\t\t\t\t\t<\/div>\n\t\t<\/section>\n\t\t\t\t<section class=\"elementor-section elementor-inner-section elementor-element elementor-element-7508b942 elementor-section-boxed elementor-section-height-default elementor-section-height-default\" data-id=\"7508b942\" data-element_type=\"section\" data-e-type=\"section\">\n\t\t\t\t\t\t<div class=\"elementor-container elementor-column-gap-default\">\n\t\t\t\t\t<div class=\"elementor-column elementor-col-50 elementor-inner-column elementor-element elementor-element-20b18962\" data-id=\"20b18962\" data-element_type=\"column\" data-e-type=\"column\">\n\t\t\t<div class=\"elementor-widget-wrap elementor-element-populated\">\n\t\t\t\t\t\t<div class=\"elementor-element elementor-element-54c3a3c elementor-view-default elementor-widget elementor-widget-icon\" data-id=\"54c3a3c\" data-element_type=\"widget\" data-e-type=\"widget\" data-widget_type=\"icon.default\">\n\t\t\t\t<div class=\"elementor-widget-container\">\n\t\t\t\t\t\t\t<div class=\"elementor-icon-wrapper\">\n\t\t\t<div class=\"elementor-icon\">\n\t\t\t<i aria-hidden=\"true\" class=\"far fa-envelope\"><\/i>\t\t\t<\/div>\n\t\t<\/div>\n\t\t\t\t\t\t<\/div>\n\t\t\t\t<\/div>\n\t\t\t\t\t<\/div>\n\t\t<\/div>\n\t\t\t\t<div class=\"elementor-column elementor-col-50 elementor-inner-column elementor-element elementor-element-5deaabfd\" data-id=\"5deaabfd\" data-element_type=\"column\" data-e-type=\"column\">\n\t\t\t<div class=\"elementor-widget-wrap elementor-element-populated\">\n\t\t\t\t\t\t<div class=\"elementor-element elementor-element-1f8649cb acordionTroca elementor-widget elementor-widget-text-editor\" data-id=\"1f8649cb\" data-element_type=\"widget\" data-e-type=\"widget\" data-widget_type=\"text-editor.default\">\n\t\t\t\t<div class=\"elementor-widget-container\">\n\t\t\t\t\t\t\t\t\t<h6 style=\"box-sizing: inherit; font-family: proxima; font-weight: 400; line-height: 20px; color: #f56600; font-size: 16px;\">Por SMS:<\/h6><ul><li>Enviar SMS para 28593.<\/li><li>Escrever na mensagem o texto: SL N\u00ba IDENTIFICA\u00c7\u00c3O e enviar para o n\u00famero 28593.<\/li><li>O n\u00famero de identifica\u00e7\u00e3o deve ser fornecido com o d\u00edgito verificador e sem pontos e h\u00edfen.<\/li><li>Veja como ficaria o n\u00famero de identifica\u00e7\u00e3o 9.999.999-9 no exemplo: SL 99999999.<\/li><\/ul>\t\t\t\t\t\t\t\t<\/div>\n\t\t\t\t<\/div>\n\t\t\t\t\t<\/div>\n\t\t<\/div>\n\t\t\t\t\t<\/div>\n\t\t<\/section>\n\t\t\t\t\t<\/div>\n\t\t<\/div>\n\t\t\t\t\t<\/div>\n\t\t<\/section>\n\t\t\t\t<section class=\"elementor-section elementor-top-section elementor-element elementor-element-693041be elementor-section-full_width elementor-section-height-default elementor-section-height-default\" data-id=\"693041be\" data-element_type=\"section\" data-e-type=\"section\">\n\t\t\t\t\t\t<div class=\"elementor-container elementor-column-gap-default\">\n\t\t\t\t\t<div class=\"elementor-column elementor-col-100 elementor-top-column elementor-element elementor-element-28f6866\" data-id=\"28f6866\" data-element_type=\"column\" data-e-type=\"column\">\n\t\t\t<div class=\"elementor-widget-wrap\">\n\t\t\t\t\t\t\t<\/div>\n\t\t<\/div>\n\t\t\t\t\t<\/div>\n\t\t<\/section>\n\t\t\t\t<\/div>\n\t\t","protected":false},"excerpt":{"rendered":"<p>Sem Luz No app Copel: Acesse o aplicativo COPEL; Acesse: Informar falta de luz; Responda SIM ou N\u00e3o para a pergunta: &#8216;Toda vizinhan\u00e7a est\u00e1 sem luz?&#8217;; Pressione SIM para a pergunta: &#8216;Confirma solicita\u00e7\u00e3o?&#8217;; O protocolo ser\u00e1 exibido em sua tela. Por SMS: Enviar SMS para 28593. Escrever na mensagem o texto: SL N\u00ba IDENTIFICA\u00c7\u00c3O e [&hellip;]<\/p>\n","protected":false},"author":6,"featured_media":0,"parent":981,"menu_order":0,"comment_status":"closed","ping_status":"closed","template":"elementor_header_footer","meta":{"_acf_changed":false,"footnotes":""},"categories":[],"tags":[],"wf_page_folders":[437],"class_list":["post-158","page","type-page","status-publish","hentry"],"acf":[],"aioseo_notices":[],"_links":{"self":[{"href":"https:\/\/www.copel.com\/site\/wp-json\/wp\/v2\/pages\/158","targetHints":{"allow":["GET"]}}],"collection":[{"href":"https:\/\/www.copel.com\/site\/wp-json\/wp\/v2\/pages"}],"about":[{"href":"https:\/\/www.copel.com\/site\/wp-json\/wp\/v2\/types\/page"}],"author":[{"embeddable":true,"href":"https:\/\/www.copel.com\/site\/wp-json\/wp\/v2\/users\/6"}],"replies":[{"embeddable":true,"href":"https:\/\/www.copel.com\/site\/wp-json\/wp\/v2\/comments?post=158"}],"version-history":[{"count":34,"href":"https:\/\/www.copel.com\/site\/wp-json\/wp\/v2\/pages\/158\/revisions"}],"predecessor-version":[{"id":49168,"href":"https:\/\/www.copel.com\/site\/wp-json\/wp\/v2\/pages\/158\/revisions\/49168"}],"up":[{"embeddable":true,"href":"https:\/\/www.copel.com\/site\/wp-json\/wp\/v2\/pages\/981"}],"wp:attachment":[{"href":"https:\/\/www.copel.com\/site\/wp-json\/wp\/v2\/media?parent=158"}],"wp:term":[{"taxonomy":"category","embeddable":true,"href":"https:\/\/www.copel.com\/site\/wp-json\/wp\/v2\/categories?post=158"},{"taxonomy":"post_tag","embeddable":true,"href":"https:\/\/www.copel.com\/site\/wp-json\/wp\/v2\/tags?post=158"},{"taxonomy":"wf_page_folders","embeddable":true,"href":"https:\/\/www.copel.com\/site\/wp-json\/wp\/v2\/wf_page_folders?post=158"}],"curies":[{"name":"wp","href":"https:\/\/api.w.org\/{rel}","templated":true}]}}