{"id":14642,"date":"2021-07-19T11:59:37","date_gmt":"2021-07-19T14:59:37","guid":{"rendered":"https:\/\/hml.copel.com\/hpcweb\/?page_id=14642"},"modified":"2024-04-17T16:42:42","modified_gmt":"2024-04-17T19:42:42","slug":"politicas-e-procedimentos-norma-administrativa-copel-nac-e-niveis-de-competencia-nco","status":"publish","type":"page","link":"https:\/\/www.copel.com\/site\/institucional\/integridade\/politicas-e-procedimentos\/politicas-e-procedimentos-norma-administrativa-copel-nac-e-niveis-de-competencia-nco\/","title":{"rendered":"Norma Administrativa Copel (NAC) e N\u00edveis de Compet\u00eancia (NCO)"},"content":{"rendered":"\t\t<div data-elementor-type=\"wp-page\" data-elementor-id=\"14642\" class=\"elementor elementor-14642\" data-elementor-post-type=\"page\">\n\t\t\t\t\t\t<section class=\"elementor-section elementor-top-section elementor-element elementor-element-5c932c3e elementor-section-full_width imgDestaque elementor-section-content-middle elementor-section-height-default elementor-section-height-default\" data-id=\"5c932c3e\" data-element_type=\"section\" data-e-type=\"section\" data-settings=\"{&quot;background_background&quot;:&quot;classic&quot;}\">\n\t\t\t\t\t\t\t<div class=\"elementor-background-overlay\"><\/div>\n\t\t\t\t\t\t\t<div class=\"elementor-container elementor-column-gap-default\">\n\t\t\t\t\t<div class=\"elementor-column elementor-col-100 elementor-top-column elementor-element elementor-element-68318d5c box-destaque\" data-id=\"68318d5c\" data-element_type=\"column\" data-e-type=\"column\">\n\t\t\t<div class=\"elementor-widget-wrap elementor-element-populated\">\n\t\t\t\t\t\t<div class=\"elementor-element elementor-element-21643a32 elementor-search-form--skin-classic elementor-search-form--button-type-icon elementor-search-form--icon-search elementor-widget elementor-widget-search-form\" data-id=\"21643a32\" data-element_type=\"widget\" data-e-type=\"widget\" data-settings=\"{&quot;skin&quot;:&quot;classic&quot;}\" data-widget_type=\"search-form.default\">\n\t\t\t\t<div class=\"elementor-widget-container\">\n\t\t\t\t\t\t\t<search role=\"search\">\n\t\t\t<form class=\"elementor-search-form\" action=\"https:\/\/www.copel.com\/site\" method=\"get\">\n\t\t\t\t\t\t\t\t\t\t\t\t<div class=\"elementor-search-form__container\">\n\t\t\t\t\t<label class=\"elementor-screen-only\" for=\"elementor-search-form-21643a32\">Search<\/label>\n\n\t\t\t\t\t\n\t\t\t\t\t<input id=\"elementor-search-form-21643a32\" placeholder=\"O que voc\u00ea est\u00e1 buscando?\" class=\"elementor-search-form__input\" type=\"search\" name=\"s\" value=\"\">\n\t\t\t\t\t\n\t\t\t\t\t\t\t\t\t\t\t<button class=\"elementor-search-form__submit\" type=\"submit\" aria-label=\"Search\">\n\t\t\t\t\t\t\t\t\t\t\t\t\t\t\t<i aria-hidden=\"true\" class=\"fas fa-search\"><\/i>\t\t\t\t\t\t\t\t\t\t\t\t\t<\/button>\n\t\t\t\t\t\n\t\t\t\t\t\t\t\t\t<\/div>\n\t\t\t<\/form>\n\t\t<\/search>\n\t\t\t\t\t\t<\/div>\n\t\t\t\t<\/div>\n\t\t\t\t<div class=\"elementor-element elementor-element-6ae1826e elementor-widget elementor-widget-heading\" data-id=\"6ae1826e\" data-element_type=\"widget\" data-e-type=\"widget\" data-widget_type=\"heading.default\">\n\t\t\t\t<div class=\"elementor-widget-container\">\n\t\t\t\t\t<h1 class=\"elementor-heading-title elementor-size-default\">Norma Administrativa Copel (NAC) e N\u00edveis de Compet\u00eancia (NCO)<\/h1>\t\t\t\t<\/div>\n\t\t\t\t<\/div>\n\t\t\t\t\t<\/div>\n\t\t<\/div>\n\t\t\t\t\t<\/div>\n\t\t<\/section>\n\t\t\t\t<section class=\"elementor-section elementor-top-section elementor-element elementor-element-66d1a1fc elementor-section-full_width elementor-section-height-default elementor-section-height-default\" data-id=\"66d1a1fc\" data-element_type=\"section\" data-e-type=\"section\">\n\t\t\t\t\t\t<div class=\"elementor-container elementor-column-gap-default\">\n\t\t\t\t\t<div class=\"elementor-column elementor-col-33 elementor-top-column elementor-element elementor-element-69be01f9\" data-id=\"69be01f9\" data-element_type=\"column\" data-e-type=\"column\">\n\t\t\t<div class=\"elementor-widget-wrap elementor-element-populated\">\n\t\t\t\t\t\t<div class=\"elementor-element elementor-element-357b2e8e elementor-nav-menu__align-justify menuTroca elementor-nav-menu--dropdown-tablet elementor-nav-menu__text-align-aside elementor-nav-menu--toggle elementor-nav-menu--burger elementor-widget elementor-widget-nav-menu\" data-id=\"357b2e8e\" data-element_type=\"widget\" data-e-type=\"widget\" data-settings=\"{&quot;layout&quot;:&quot;vertical&quot;,&quot;submenu_icon&quot;:{&quot;value&quot;:&quot;&lt;i class=\\&quot;fas fa-caret-down\\&quot; aria-hidden=\\&quot;true\\&quot;&gt;&lt;\\\/i&gt;&quot;,&quot;library&quot;:&quot;fa-solid&quot;},&quot;toggle&quot;:&quot;burger&quot;}\" data-widget_type=\"nav-menu.default\">\n\t\t\t\t<div class=\"elementor-widget-container\">\n\t\t\t\t\t\t\t\t<nav aria-label=\"Menu\" class=\"elementor-nav-menu--main elementor-nav-menu__container elementor-nav-menu--layout-vertical e--pointer-underline e--animation-fade\">\n\t\t\t\t<ul id=\"menu-1-357b2e8e\" class=\"elementor-nav-menu sm-vertical\"><li class=\"menu-item menu-item-type-custom menu-item-object-custom menu-item-22627\"><a href=\"\/site\/institucional\/\" class=\"elementor-item\">Institucional<\/a><\/li>\n<li class=\"menu-item menu-item-type-custom menu-item-object-custom menu-item-22183\"><a href=\"\/site\/institucional\/integridade\/\" class=\"elementor-item\">Integridade<\/a><\/li>\n<li class=\"menu-item menu-item-type-custom menu-item-object-custom menu-item-has-children menu-item-22628\"><a href=\"\/site\/institucional\/integridade\/lideranca-e-estrutura\/\" class=\"elementor-item\">Lideran\u00e7a e estrutura<\/a>\n<ul class=\"sub-menu elementor-nav-menu--dropdown\">\n\t<li class=\"menu-item menu-item-type-custom menu-item-object-custom menu-item-22629\"><a href=\"\/site\/institucional\/integridade\/lideranca-e-estrutura\/diretoria-governanca-risco-e-compliance\/\" class=\"elementor-sub-item\">Diretoria de governan\u00e7a, risco e compliance<\/a><\/li>\n\t<li class=\"menu-item menu-item-type-custom menu-item-object-custom menu-item-22630\"><a href=\"\/site\/institucional\/governanca-corporativa\/comite-de-etica\/\" class=\"elementor-sub-item\">Comit\u00ea de \u00e9tica<\/a><\/li>\n\t<li class=\"menu-item menu-item-type-custom menu-item-object-custom menu-item-22631\"><a href=\"\/site\/institucional\/integridade\/lideranca-e-estrutura\/codigo-conduta\/\" class=\"elementor-sub-item\">C\u00f3digo de conduta<\/a><\/li>\n\t<li class=\"menu-item menu-item-type-custom menu-item-object-custom menu-item-22632\"><a href=\"\/site\/institucional\/integridade\/lideranca-e-estrutura\/comissao-de-analise-de-denuncia-de-assedio-moral\/\" class=\"elementor-sub-item\">Comiss\u00e3o de an\u00e1lise de den\u00fancias de ass\u00e9dio moral<\/a><\/li>\n\t<li class=\"menu-item menu-item-type-custom menu-item-object-custom menu-item-22633\"><a href=\"\/site\/institucional\/integridade\/lideranca-e-estrutura\/canais-de-comunicacao\/\" class=\"elementor-sub-item\">Canais de comunica\u00e7\u00e3o<\/a><\/li>\n\t<li class=\"menu-item menu-item-type-custom menu-item-object-custom menu-item-22634\"><a href=\"\/site\/institucional\/integridade\/lideranca-e-estrutura\/compromissos-voluntarios\/\" class=\"elementor-sub-item\">Compromissos volunt\u00e1rios<\/a><\/li>\n<\/ul>\n<\/li>\n<li class=\"menu-item menu-item-type-custom menu-item-object-custom menu-item-has-children menu-item-22635\"><a href=\"\/site\/institucional\/integridade\/analise-de-riscos\/\" class=\"elementor-item\">An\u00e1lise de riscos<\/a>\n<ul class=\"sub-menu elementor-nav-menu--dropdown\">\n\t<li class=\"menu-item menu-item-type-custom menu-item-object-custom menu-item-22636\"><a href=\"\/site\/institucional\/integridade\/analise-de-riscos\/matriz-de-riscos-de-fraude-e-corrupcao\/\" class=\"elementor-sub-item\">Matriz de riscos de fraude e corrup\u00e7\u00e3o<\/a><\/li>\n\t<li class=\"menu-item menu-item-type-custom menu-item-object-custom menu-item-22637\"><a href=\"\/site\/institucional\/integridade\/analise-de-riscos\/avaliacao-de-riscos-estrategicos\/\" class=\"elementor-sub-item\">Avalia\u00e7\u00e3o de riscos estrat\u00e9gicos<\/a><\/li>\n\t<li class=\"menu-item menu-item-type-custom menu-item-object-custom menu-item-22638\"><a href=\"\/site\/institucional\/integridade\/analise-de-riscos\/avaliacao-de-riscos-relacionados-a-novos-negocios\/\" class=\"elementor-sub-item\">Avalia\u00e7\u00e3o de riscos relacionados a novos neg\u00f3cios<\/a><\/li>\n\t<li class=\"menu-item menu-item-type-custom menu-item-object-custom menu-item-22639\"><a href=\"\/site\/institucional\/integridade\/analise-de-riscos\/matriz-de-riscos-e-controles-internos\/\" class=\"elementor-sub-item\">Matriz de riscos de controles internos<\/a><\/li>\n<\/ul>\n<\/li>\n<li class=\"menu-item menu-item-type-custom menu-item-object-custom menu-item-has-children menu-item-22640\"><a href=\"\/site\/institucional\/integridade\/politicas-e-procedimentos\/\" class=\"elementor-item\">Pol\u00edticas e procedimentos<\/a>\n<ul class=\"sub-menu elementor-nav-menu--dropdown\">\n\t<li class=\"menu-item menu-item-type-custom menu-item-object-custom menu-item-22641\"><a href=\"\/site\/institucional\/integridade\/politicas-e-procedimentos\/politicas-e-procedimentos-controles-internos\" class=\"elementor-sub-item\">Pol\u00edticas corporativas<\/a><\/li>\n\t<li class=\"menu-item menu-item-type-custom menu-item-object-custom menu-item-22642\"><a href=\"\/site\/institucional\/integridade\/politicas-e-procedimentos\/politicas-e-procedimentos-norma-administrativa-copel-nac-e-niveis-de-competencia-nco\/\" class=\"elementor-sub-item\">Norma administrativa e n\u00edveis de compet\u00eancia<\/a><\/li>\n\t<li class=\"menu-item menu-item-type-custom menu-item-object-custom menu-item-22643\"><a href=\"\/site\/institucional\/integridade\/politicas-e-procedimentos\/politicas-e-procedimentos-procedimentos\/\" class=\"elementor-sub-item\">Procedimentos<\/a><\/li>\n<\/ul>\n<\/li>\n<li class=\"menu-item menu-item-type-custom menu-item-object-custom menu-item-has-children menu-item-22644\"><a href=\"\/site\/institucional\/integridade\/comunicacao-e-treinamento\/\" class=\"elementor-item\">Comunica\u00e7\u00e3o e treinamentos<\/a>\n<ul class=\"sub-menu elementor-nav-menu--dropdown\">\n\t<li class=\"menu-item menu-item-type-custom menu-item-object-custom menu-item-22645\"><a href=\"\/site\/institucional\/integridade\/comunicacao-e-treinamento\/comunicacao-e-treinamento-programa-embaixadores-de-compliance\/\" class=\"elementor-sub-item\">Programa embaixadores de compliance<\/a><\/li>\n\t<li class=\"menu-item menu-item-type-custom menu-item-object-custom menu-item-22646\"><a href=\"\/site\/institucional\/integridade\/comunicacao-e-treinamento\/comunicacao-e-treinamento-treinamentos-e-eventos\/\" class=\"elementor-sub-item\">Treinamentos e eventos<\/a><\/li>\n\t<li class=\"menu-item menu-item-type-custom menu-item-object-custom menu-item-22647\"><a href=\"\/site\/institucional\/integridade\/comunicacao-e-treinamento\/comunicacao-e-treinamento-alerta-compliance\/\" class=\"elementor-sub-item\">Alerta compliance<\/a><\/li>\n\t<li class=\"menu-item menu-item-type-custom menu-item-object-custom menu-item-22648\"><a href=\"\/site\/institucional\/integridade\/comunicacao-e-treinamento\/comunicacao-e-treinamento-portal-de-transparencia\/\" class=\"elementor-sub-item\">Portal da transpar\u00eancia<\/a><\/li>\n<\/ul>\n<\/li>\n<li class=\"menu-item menu-item-type-custom menu-item-object-custom menu-item-22649\"><a href=\"\/site\/institucional\/integridade\/monitoramento-do-programa\/\" class=\"elementor-item\">Monitoramento do programa<\/a><\/li>\n<\/ul>\t\t\t<\/nav>\n\t\t\t\t\t<div class=\"elementor-menu-toggle\" role=\"button\" tabindex=\"0\" aria-label=\"Menu Toggle\" aria-expanded=\"false\">\n\t\t\t<i aria-hidden=\"true\" role=\"presentation\" class=\"elementor-menu-toggle__icon--open eicon-menu-bar\"><\/i><i aria-hidden=\"true\" role=\"presentation\" class=\"elementor-menu-toggle__icon--close eicon-close\"><\/i>\t\t<\/div>\n\t\t\t\t\t<nav class=\"elementor-nav-menu--dropdown elementor-nav-menu__container\" aria-hidden=\"true\">\n\t\t\t\t<ul id=\"menu-2-357b2e8e\" class=\"elementor-nav-menu sm-vertical\"><li class=\"menu-item menu-item-type-custom menu-item-object-custom menu-item-22627\"><a href=\"\/site\/institucional\/\" class=\"elementor-item\" tabindex=\"-1\">Institucional<\/a><\/li>\n<li class=\"menu-item menu-item-type-custom menu-item-object-custom menu-item-22183\"><a href=\"\/site\/institucional\/integridade\/\" class=\"elementor-item\" tabindex=\"-1\">Integridade<\/a><\/li>\n<li class=\"menu-item menu-item-type-custom menu-item-object-custom menu-item-has-children menu-item-22628\"><a href=\"\/site\/institucional\/integridade\/lideranca-e-estrutura\/\" class=\"elementor-item\" tabindex=\"-1\">Lideran\u00e7a e estrutura<\/a>\n<ul class=\"sub-menu elementor-nav-menu--dropdown\">\n\t<li class=\"menu-item menu-item-type-custom menu-item-object-custom menu-item-22629\"><a href=\"\/site\/institucional\/integridade\/lideranca-e-estrutura\/diretoria-governanca-risco-e-compliance\/\" class=\"elementor-sub-item\" tabindex=\"-1\">Diretoria de governan\u00e7a, risco e compliance<\/a><\/li>\n\t<li class=\"menu-item menu-item-type-custom menu-item-object-custom menu-item-22630\"><a href=\"\/site\/institucional\/governanca-corporativa\/comite-de-etica\/\" class=\"elementor-sub-item\" tabindex=\"-1\">Comit\u00ea de \u00e9tica<\/a><\/li>\n\t<li class=\"menu-item menu-item-type-custom menu-item-object-custom menu-item-22631\"><a href=\"\/site\/institucional\/integridade\/lideranca-e-estrutura\/codigo-conduta\/\" class=\"elementor-sub-item\" tabindex=\"-1\">C\u00f3digo de conduta<\/a><\/li>\n\t<li class=\"menu-item menu-item-type-custom menu-item-object-custom menu-item-22632\"><a href=\"\/site\/institucional\/integridade\/lideranca-e-estrutura\/comissao-de-analise-de-denuncia-de-assedio-moral\/\" class=\"elementor-sub-item\" tabindex=\"-1\">Comiss\u00e3o de an\u00e1lise de den\u00fancias de ass\u00e9dio moral<\/a><\/li>\n\t<li class=\"menu-item menu-item-type-custom menu-item-object-custom menu-item-22633\"><a href=\"\/site\/institucional\/integridade\/lideranca-e-estrutura\/canais-de-comunicacao\/\" class=\"elementor-sub-item\" tabindex=\"-1\">Canais de comunica\u00e7\u00e3o<\/a><\/li>\n\t<li class=\"menu-item menu-item-type-custom menu-item-object-custom menu-item-22634\"><a href=\"\/site\/institucional\/integridade\/lideranca-e-estrutura\/compromissos-voluntarios\/\" class=\"elementor-sub-item\" tabindex=\"-1\">Compromissos volunt\u00e1rios<\/a><\/li>\n<\/ul>\n<\/li>\n<li class=\"menu-item menu-item-type-custom menu-item-object-custom menu-item-has-children menu-item-22635\"><a href=\"\/site\/institucional\/integridade\/analise-de-riscos\/\" class=\"elementor-item\" tabindex=\"-1\">An\u00e1lise de riscos<\/a>\n<ul class=\"sub-menu elementor-nav-menu--dropdown\">\n\t<li class=\"menu-item menu-item-type-custom menu-item-object-custom menu-item-22636\"><a href=\"\/site\/institucional\/integridade\/analise-de-riscos\/matriz-de-riscos-de-fraude-e-corrupcao\/\" class=\"elementor-sub-item\" tabindex=\"-1\">Matriz de riscos de fraude e corrup\u00e7\u00e3o<\/a><\/li>\n\t<li class=\"menu-item menu-item-type-custom menu-item-object-custom menu-item-22637\"><a href=\"\/site\/institucional\/integridade\/analise-de-riscos\/avaliacao-de-riscos-estrategicos\/\" class=\"elementor-sub-item\" tabindex=\"-1\">Avalia\u00e7\u00e3o de riscos estrat\u00e9gicos<\/a><\/li>\n\t<li class=\"menu-item menu-item-type-custom menu-item-object-custom menu-item-22638\"><a href=\"\/site\/institucional\/integridade\/analise-de-riscos\/avaliacao-de-riscos-relacionados-a-novos-negocios\/\" class=\"elementor-sub-item\" tabindex=\"-1\">Avalia\u00e7\u00e3o de riscos relacionados a novos neg\u00f3cios<\/a><\/li>\n\t<li class=\"menu-item menu-item-type-custom menu-item-object-custom menu-item-22639\"><a href=\"\/site\/institucional\/integridade\/analise-de-riscos\/matriz-de-riscos-e-controles-internos\/\" class=\"elementor-sub-item\" tabindex=\"-1\">Matriz de riscos de controles internos<\/a><\/li>\n<\/ul>\n<\/li>\n<li class=\"menu-item menu-item-type-custom menu-item-object-custom menu-item-has-children menu-item-22640\"><a href=\"\/site\/institucional\/integridade\/politicas-e-procedimentos\/\" class=\"elementor-item\" tabindex=\"-1\">Pol\u00edticas e procedimentos<\/a>\n<ul class=\"sub-menu elementor-nav-menu--dropdown\">\n\t<li class=\"menu-item menu-item-type-custom menu-item-object-custom menu-item-22641\"><a href=\"\/site\/institucional\/integridade\/politicas-e-procedimentos\/politicas-e-procedimentos-controles-internos\" class=\"elementor-sub-item\" tabindex=\"-1\">Pol\u00edticas corporativas<\/a><\/li>\n\t<li class=\"menu-item menu-item-type-custom menu-item-object-custom menu-item-22642\"><a href=\"\/site\/institucional\/integridade\/politicas-e-procedimentos\/politicas-e-procedimentos-norma-administrativa-copel-nac-e-niveis-de-competencia-nco\/\" class=\"elementor-sub-item\" tabindex=\"-1\">Norma administrativa e n\u00edveis de compet\u00eancia<\/a><\/li>\n\t<li class=\"menu-item menu-item-type-custom menu-item-object-custom menu-item-22643\"><a href=\"\/site\/institucional\/integridade\/politicas-e-procedimentos\/politicas-e-procedimentos-procedimentos\/\" class=\"elementor-sub-item\" tabindex=\"-1\">Procedimentos<\/a><\/li>\n<\/ul>\n<\/li>\n<li class=\"menu-item menu-item-type-custom menu-item-object-custom menu-item-has-children menu-item-22644\"><a href=\"\/site\/institucional\/integridade\/comunicacao-e-treinamento\/\" class=\"elementor-item\" tabindex=\"-1\">Comunica\u00e7\u00e3o e treinamentos<\/a>\n<ul class=\"sub-menu elementor-nav-menu--dropdown\">\n\t<li class=\"menu-item menu-item-type-custom menu-item-object-custom menu-item-22645\"><a href=\"\/site\/institucional\/integridade\/comunicacao-e-treinamento\/comunicacao-e-treinamento-programa-embaixadores-de-compliance\/\" class=\"elementor-sub-item\" tabindex=\"-1\">Programa embaixadores de compliance<\/a><\/li>\n\t<li class=\"menu-item menu-item-type-custom menu-item-object-custom menu-item-22646\"><a href=\"\/site\/institucional\/integridade\/comunicacao-e-treinamento\/comunicacao-e-treinamento-treinamentos-e-eventos\/\" class=\"elementor-sub-item\" tabindex=\"-1\">Treinamentos e eventos<\/a><\/li>\n\t<li class=\"menu-item menu-item-type-custom menu-item-object-custom menu-item-22647\"><a href=\"\/site\/institucional\/integridade\/comunicacao-e-treinamento\/comunicacao-e-treinamento-alerta-compliance\/\" class=\"elementor-sub-item\" tabindex=\"-1\">Alerta compliance<\/a><\/li>\n\t<li class=\"menu-item menu-item-type-custom menu-item-object-custom menu-item-22648\"><a href=\"\/site\/institucional\/integridade\/comunicacao-e-treinamento\/comunicacao-e-treinamento-portal-de-transparencia\/\" class=\"elementor-sub-item\" tabindex=\"-1\">Portal da transpar\u00eancia<\/a><\/li>\n<\/ul>\n<\/li>\n<li class=\"menu-item menu-item-type-custom menu-item-object-custom menu-item-22649\"><a href=\"\/site\/institucional\/integridade\/monitoramento-do-programa\/\" class=\"elementor-item\" tabindex=\"-1\">Monitoramento do programa<\/a><\/li>\n<\/ul>\t\t\t<\/nav>\n\t\t\t\t\t\t<\/div>\n\t\t\t\t<\/div>\n\t\t\t\t\t<\/div>\n\t\t<\/div>\n\t\t\t\t<div class=\"elementor-column elementor-col-66 elementor-top-column elementor-element elementor-element-4283f2d2\" data-id=\"4283f2d2\" data-element_type=\"column\" data-e-type=\"column\">\n\t\t\t<div class=\"elementor-widget-wrap elementor-element-populated\">\n\t\t\t\t\t\t<div class=\"elementor-element elementor-element-27c60b1 elementor-widget elementor-widget-text-editor\" data-id=\"27c60b1\" data-element_type=\"widget\" data-e-type=\"widget\" data-widget_type=\"text-editor.default\">\n\t\t\t\t<div class=\"elementor-widget-container\">\n\t\t\t\t\t\t\t\t\t<p><span data-contrast=\"auto\">As Normas Administrativas Copel (NAC) s\u00e3o documentos padronizados de&nbsp;uso interno&nbsp;que estabelecem as regras para assuntos espec\u00edficos.&nbsp;<\/span><span data-ccp-props=\"{&quot;201341983&quot;:0,&quot;335551550&quot;:6,&quot;335551620&quot;:6,&quot;335559739&quot;:200,&quot;335559740&quot;:276}\">&nbsp;<\/span><\/p>\n<p><span data-contrast=\"auto\">Os N\u00edveis de Compet\u00eancia (NCO) s\u00e3o documentos&nbsp;padronizados&nbsp;que descrevem&nbsp;o objeto, as atribui\u00e7\u00f5es principais e a organiza\u00e7\u00e3o hier\u00e1rquica de um \u00f3rg\u00e3o, bem como os processos por ele executados.&nbsp;<\/span><span data-ccp-props=\"{&quot;201341983&quot;:0,&quot;335551550&quot;:6,&quot;335551620&quot;:6,&quot;335559739&quot;:200,&quot;335559740&quot;:276}\">&nbsp;<\/span><\/p>\n<p><span data-contrast=\"auto\">S\u00e3o exemplos de&nbsp;Normas Administrativas Copel (NAC)&nbsp;diretamente relacionadas \u00e0 integridade:<\/span><span data-ccp-props=\"{&quot;201341983&quot;:0,&quot;335551550&quot;:6,&quot;335551620&quot;:6,&quot;335559739&quot;:200,&quot;335559740&quot;:276}\">&nbsp;<\/span><\/p>\n<p><b><span data-contrast=\"none\">NAC 030315&nbsp;<\/span><\/b><span data-contrast=\"none\">&#8211; Ass\u00e9dio Moral<\/span><span data-ccp-props=\"{&quot;201341983&quot;:0,&quot;335559739&quot;:200,&quot;335559740&quot;:276}\">&nbsp;<\/span><\/p>\n<p><b><span data-contrast=\"none\">NAC 030913&nbsp;<\/span><\/b><span data-contrast=\"none\">&#8211; Avalia\u00e7\u00e3o de Integridade de Fornecedores e Parceiros<\/span><span data-ccp-props=\"{&quot;201341983&quot;:0,&quot;335559739&quot;:200,&quot;335559740&quot;:276}\">&nbsp;<\/span><\/p>\n<p><b><span data-contrast=\"none\">NAC 030506&nbsp;<\/span><\/b><span data-contrast=\"none\">&#8211; Canal de Den\u00fancias<\/span><span data-ccp-props=\"{&quot;201341983&quot;:0,&quot;335559739&quot;:200,&quot;335559740&quot;:276}\">&nbsp;<\/span><\/p>\n<p><b><span data-contrast=\"none\">NAC 030816&nbsp;<\/span><\/b><span data-contrast=\"none\">&#8211; Classifica\u00e7\u00e3o da Informa\u00e7\u00e3o<\/span><span data-ccp-props=\"{&quot;201341983&quot;:0,&quot;335559739&quot;:200,&quot;335559740&quot;:276}\">&nbsp;<\/span><\/p>\n<p><b><span data-contrast=\"none\">NAC 030300&nbsp;<\/span><\/b><span data-contrast=\"none\">&#8211; C\u00f3digo de Conduta<\/span><span data-ccp-props=\"{&quot;201341983&quot;:0,&quot;335559739&quot;:200,&quot;335559740&quot;:276}\">&nbsp;<\/span><\/p>\n<p><b><span data-contrast=\"none\">NAC 030906&nbsp;<\/span><\/b><span data-contrast=\"none\">&#8211; Gest\u00e3o de Conv\u00eanio<\/span><span data-ccp-props=\"{&quot;201341983&quot;:0,&quot;335559739&quot;:200,&quot;335559740&quot;:276}\">&nbsp;<\/span><\/p>\n<p><b><span data-contrast=\"none\">NAC 010104&nbsp;<\/span><\/b><span data-contrast=\"none\">&#8211; Gest\u00e3o Integrada de Riscos Corporativos<\/span><span data-ccp-props=\"{&quot;201341983&quot;:0,&quot;335559739&quot;:200,&quot;335559740&quot;:276}\">&nbsp;<\/span><\/p>\n<p><b><span data-contrast=\"none\">NAC 010107&nbsp;<\/span><\/b><span data-contrast=\"none\">&#8211; Preven\u00e7\u00e3o e Tratamento de Fraude e Corrup\u00e7\u00e3o<\/span><span data-ccp-props=\"{&quot;201341983&quot;:0,&quot;335559739&quot;:200,&quot;335559740&quot;:276}\">&nbsp;<\/span><\/p>\n<p><b><span data-contrast=\"none\">NAC 010105&nbsp;<\/span><\/b><span data-contrast=\"none\">&#8211; Sistema de Controle Interno \u2013 SOX<\/span><span data-ccp-props=\"{&quot;201341983&quot;:0,&quot;335559739&quot;:200,&quot;335559740&quot;:276}\">&nbsp;<\/span><\/p>\t\t\t\t\t\t\t\t<\/div>\n\t\t\t\t<\/div>\n\t\t\t\t\t<\/div>\n\t\t<\/div>\n\t\t\t\t\t<\/div>\n\t\t<\/section>\n\t\t\t\t<\/div>\n\t\t","protected":false},"excerpt":{"rendered":"<p>Norma Administrativa Copel (NAC) e N\u00edveis de Compet\u00eancia (NCO) As Normas Administrativas Copel (NAC) s\u00e3o documentos padronizados de&nbsp;uso interno&nbsp;que estabelecem as regras para assuntos espec\u00edficos.&nbsp;&nbsp; Os N\u00edveis de Compet\u00eancia (NCO) s\u00e3o documentos&nbsp;padronizados&nbsp;que descrevem&nbsp;o objeto, as atribui\u00e7\u00f5es principais e a organiza\u00e7\u00e3o hier\u00e1rquica de um \u00f3rg\u00e3o, bem como os processos por ele executados.&nbsp;&nbsp; S\u00e3o exemplos de&nbsp;Normas Administrativas [&hellip;]<\/p>\n","protected":false},"author":22,"featured_media":0,"parent":14636,"menu_order":0,"comment_status":"closed","ping_status":"closed","template":"elementor_header_footer","meta":{"_acf_changed":false,"footnotes":""},"categories":[],"tags":[],"wf_page_folders":[492],"class_list":["post-14642","page","type-page","status-publish","hentry"],"acf":[],"aioseo_notices":[],"_links":{"self":[{"href":"https:\/\/www.copel.com\/site\/wp-json\/wp\/v2\/pages\/14642","targetHints":{"allow":["GET"]}}],"collection":[{"href":"https:\/\/www.copel.com\/site\/wp-json\/wp\/v2\/pages"}],"about":[{"href":"https:\/\/www.copel.com\/site\/wp-json\/wp\/v2\/types\/page"}],"author":[{"embeddable":true,"href":"https:\/\/www.copel.com\/site\/wp-json\/wp\/v2\/users\/22"}],"replies":[{"embeddable":true,"href":"https:\/\/www.copel.com\/site\/wp-json\/wp\/v2\/comments?post=14642"}],"version-history":[{"count":3,"href":"https:\/\/www.copel.com\/site\/wp-json\/wp\/v2\/pages\/14642\/revisions"}],"predecessor-version":[{"id":36806,"href":"https:\/\/www.copel.com\/site\/wp-json\/wp\/v2\/pages\/14642\/revisions\/36806"}],"up":[{"embeddable":true,"href":"https:\/\/www.copel.com\/site\/wp-json\/wp\/v2\/pages\/14636"}],"wp:attachment":[{"href":"https:\/\/www.copel.com\/site\/wp-json\/wp\/v2\/media?parent=14642"}],"wp:term":[{"taxonomy":"category","embeddable":true,"href":"https:\/\/www.copel.com\/site\/wp-json\/wp\/v2\/categories?post=14642"},{"taxonomy":"post_tag","embeddable":true,"href":"https:\/\/www.copel.com\/site\/wp-json\/wp\/v2\/tags?post=14642"},{"taxonomy":"wf_page_folders","embeddable":true,"href":"https:\/\/www.copel.com\/site\/wp-json\/wp\/v2\/wf_page_folders?post=14642"}],"curies":[{"name":"wp","href":"https:\/\/api.w.org\/{rel}","templated":true}]}}