{"id":14606,"date":"2021-07-19T10:30:24","date_gmt":"2021-07-19T13:30:24","guid":{"rendered":"https:\/\/hml.copel.com\/hpcweb\/?page_id=14606"},"modified":"2022-02-21T15:18:35","modified_gmt":"2022-02-21T18:18:35","slug":"comunicacao-e-treinamento-treinamentos-e-eventos","status":"publish","type":"page","link":"https:\/\/www.copel.com\/site\/institucional\/integridade\/comunicacao-e-treinamento\/comunicacao-e-treinamento-treinamentos-e-eventos\/","title":{"rendered":"Treinamentos e eventos"},"content":{"rendered":"\t\t<div data-elementor-type=\"wp-page\" data-elementor-id=\"14606\" class=\"elementor elementor-14606\" data-elementor-post-type=\"page\">\n\t\t\t\t\t\t<section class=\"elementor-section elementor-top-section elementor-element elementor-element-2f968df9 elementor-section-full_width imgDestaque elementor-section-content-middle elementor-section-height-default elementor-section-height-default\" data-id=\"2f968df9\" data-element_type=\"section\" data-e-type=\"section\" data-settings=\"{&quot;background_background&quot;:&quot;classic&quot;}\">\n\t\t\t\t\t\t\t<div class=\"elementor-background-overlay\"><\/div>\n\t\t\t\t\t\t\t<div class=\"elementor-container elementor-column-gap-default\">\n\t\t\t\t\t<div class=\"elementor-column elementor-col-100 elementor-top-column elementor-element elementor-element-3352e7d7 box-destaque\" data-id=\"3352e7d7\" data-element_type=\"column\" data-e-type=\"column\">\n\t\t\t<div class=\"elementor-widget-wrap elementor-element-populated\">\n\t\t\t\t\t\t<div class=\"elementor-element elementor-element-4056086a elementor-search-form--skin-classic elementor-search-form--button-type-icon elementor-search-form--icon-search elementor-widget elementor-widget-search-form\" data-id=\"4056086a\" data-element_type=\"widget\" data-e-type=\"widget\" data-settings=\"{&quot;skin&quot;:&quot;classic&quot;}\" data-widget_type=\"search-form.default\">\n\t\t\t\t<div class=\"elementor-widget-container\">\n\t\t\t\t\t\t\t<search role=\"search\">\n\t\t\t<form class=\"elementor-search-form\" action=\"https:\/\/www.copel.com\/site\" method=\"get\">\n\t\t\t\t\t\t\t\t\t\t\t\t<div class=\"elementor-search-form__container\">\n\t\t\t\t\t<label class=\"elementor-screen-only\" for=\"elementor-search-form-4056086a\">Search<\/label>\n\n\t\t\t\t\t\n\t\t\t\t\t<input id=\"elementor-search-form-4056086a\" placeholder=\"O que voc\u00ea est\u00e1 buscando?\" class=\"elementor-search-form__input\" type=\"search\" name=\"s\" value=\"\">\n\t\t\t\t\t\n\t\t\t\t\t\t\t\t\t\t\t<button class=\"elementor-search-form__submit\" type=\"submit\" aria-label=\"Search\">\n\t\t\t\t\t\t\t\t\t\t\t\t\t\t\t<i aria-hidden=\"true\" class=\"fas fa-search\"><\/i>\t\t\t\t\t\t\t\t\t\t\t\t\t<\/button>\n\t\t\t\t\t\n\t\t\t\t\t\t\t\t\t<\/div>\n\t\t\t<\/form>\n\t\t<\/search>\n\t\t\t\t\t\t<\/div>\n\t\t\t\t<\/div>\n\t\t\t\t<div class=\"elementor-element elementor-element-78cca356 elementor-widget elementor-widget-heading\" data-id=\"78cca356\" data-element_type=\"widget\" data-e-type=\"widget\" data-widget_type=\"heading.default\">\n\t\t\t\t<div class=\"elementor-widget-container\">\n\t\t\t\t\t<h1 class=\"elementor-heading-title elementor-size-default\">Treinamento e eventos<\/h1>\t\t\t\t<\/div>\n\t\t\t\t<\/div>\n\t\t\t\t\t<\/div>\n\t\t<\/div>\n\t\t\t\t\t<\/div>\n\t\t<\/section>\n\t\t\t\t<section class=\"elementor-section elementor-top-section elementor-element elementor-element-1ff5becb elementor-section-full_width elementor-section-height-default elementor-section-height-default\" data-id=\"1ff5becb\" data-element_type=\"section\" data-e-type=\"section\">\n\t\t\t\t\t\t<div class=\"elementor-container elementor-column-gap-default\">\n\t\t\t\t\t<div class=\"elementor-column elementor-col-33 elementor-top-column elementor-element elementor-element-15d185b\" data-id=\"15d185b\" data-element_type=\"column\" data-e-type=\"column\">\n\t\t\t<div class=\"elementor-widget-wrap elementor-element-populated\">\n\t\t\t\t\t\t<div class=\"elementor-element elementor-element-279e0e54 elementor-nav-menu__align-justify menuTroca elementor-nav-menu--dropdown-tablet elementor-nav-menu__text-align-aside elementor-nav-menu--toggle elementor-nav-menu--burger elementor-widget elementor-widget-nav-menu\" data-id=\"279e0e54\" data-element_type=\"widget\" data-e-type=\"widget\" data-settings=\"{&quot;layout&quot;:&quot;vertical&quot;,&quot;submenu_icon&quot;:{&quot;value&quot;:&quot;&lt;i class=\\&quot;fas fa-caret-down\\&quot; aria-hidden=\\&quot;true\\&quot;&gt;&lt;\\\/i&gt;&quot;,&quot;library&quot;:&quot;fa-solid&quot;},&quot;toggle&quot;:&quot;burger&quot;}\" data-widget_type=\"nav-menu.default\">\n\t\t\t\t<div class=\"elementor-widget-container\">\n\t\t\t\t\t\t\t\t<nav aria-label=\"Menu\" class=\"elementor-nav-menu--main elementor-nav-menu__container elementor-nav-menu--layout-vertical e--pointer-underline e--animation-fade\">\n\t\t\t\t<ul id=\"menu-1-279e0e54\" class=\"elementor-nav-menu sm-vertical\"><li class=\"menu-item menu-item-type-custom menu-item-object-custom menu-item-22627\"><a href=\"\/site\/institucional\/\" class=\"elementor-item\">Institucional<\/a><\/li>\n<li class=\"menu-item menu-item-type-custom menu-item-object-custom menu-item-22183\"><a href=\"\/site\/institucional\/integridade\/\" class=\"elementor-item\">Integridade<\/a><\/li>\n<li class=\"menu-item menu-item-type-custom menu-item-object-custom menu-item-has-children menu-item-22628\"><a href=\"\/site\/institucional\/integridade\/lideranca-e-estrutura\/\" class=\"elementor-item\">Lideran\u00e7a e estrutura<\/a>\n<ul class=\"sub-menu elementor-nav-menu--dropdown\">\n\t<li class=\"menu-item menu-item-type-custom menu-item-object-custom menu-item-22629\"><a href=\"\/site\/institucional\/integridade\/lideranca-e-estrutura\/diretoria-governanca-risco-e-compliance\/\" class=\"elementor-sub-item\">Diretoria de governan\u00e7a, risco e compliance<\/a><\/li>\n\t<li class=\"menu-item menu-item-type-custom menu-item-object-custom menu-item-22630\"><a href=\"\/site\/institucional\/governanca-corporativa\/comite-de-etica\/\" class=\"elementor-sub-item\">Comit\u00ea de \u00e9tica<\/a><\/li>\n\t<li class=\"menu-item menu-item-type-custom menu-item-object-custom menu-item-22631\"><a href=\"\/site\/institucional\/integridade\/lideranca-e-estrutura\/codigo-conduta\/\" class=\"elementor-sub-item\">C\u00f3digo de conduta<\/a><\/li>\n\t<li class=\"menu-item menu-item-type-custom menu-item-object-custom menu-item-22632\"><a href=\"\/site\/institucional\/integridade\/lideranca-e-estrutura\/comissao-de-analise-de-denuncia-de-assedio-moral\/\" class=\"elementor-sub-item\">Comiss\u00e3o de an\u00e1lise de den\u00fancias de ass\u00e9dio moral<\/a><\/li>\n\t<li class=\"menu-item menu-item-type-custom menu-item-object-custom menu-item-22633\"><a href=\"\/site\/institucional\/integridade\/lideranca-e-estrutura\/canais-de-comunicacao\/\" class=\"elementor-sub-item\">Canais de comunica\u00e7\u00e3o<\/a><\/li>\n\t<li class=\"menu-item menu-item-type-custom menu-item-object-custom menu-item-22634\"><a href=\"\/site\/institucional\/integridade\/lideranca-e-estrutura\/compromissos-voluntarios\/\" class=\"elementor-sub-item\">Compromissos volunt\u00e1rios<\/a><\/li>\n<\/ul>\n<\/li>\n<li class=\"menu-item menu-item-type-custom menu-item-object-custom menu-item-has-children menu-item-22635\"><a href=\"\/site\/institucional\/integridade\/analise-de-riscos\/\" class=\"elementor-item\">An\u00e1lise de riscos<\/a>\n<ul class=\"sub-menu elementor-nav-menu--dropdown\">\n\t<li class=\"menu-item menu-item-type-custom menu-item-object-custom menu-item-22636\"><a href=\"\/site\/institucional\/integridade\/analise-de-riscos\/matriz-de-riscos-de-fraude-e-corrupcao\/\" class=\"elementor-sub-item\">Matriz de riscos de fraude e corrup\u00e7\u00e3o<\/a><\/li>\n\t<li class=\"menu-item menu-item-type-custom menu-item-object-custom menu-item-22637\"><a href=\"\/site\/institucional\/integridade\/analise-de-riscos\/avaliacao-de-riscos-estrategicos\/\" class=\"elementor-sub-item\">Avalia\u00e7\u00e3o de riscos estrat\u00e9gicos<\/a><\/li>\n\t<li class=\"menu-item menu-item-type-custom menu-item-object-custom menu-item-22638\"><a href=\"\/site\/institucional\/integridade\/analise-de-riscos\/avaliacao-de-riscos-relacionados-a-novos-negocios\/\" class=\"elementor-sub-item\">Avalia\u00e7\u00e3o de riscos relacionados a novos neg\u00f3cios<\/a><\/li>\n\t<li class=\"menu-item menu-item-type-custom menu-item-object-custom menu-item-22639\"><a href=\"\/site\/institucional\/integridade\/analise-de-riscos\/matriz-de-riscos-e-controles-internos\/\" class=\"elementor-sub-item\">Matriz de riscos de controles internos<\/a><\/li>\n<\/ul>\n<\/li>\n<li class=\"menu-item menu-item-type-custom menu-item-object-custom menu-item-has-children menu-item-22640\"><a href=\"\/site\/institucional\/integridade\/politicas-e-procedimentos\/\" class=\"elementor-item\">Pol\u00edticas e procedimentos<\/a>\n<ul class=\"sub-menu elementor-nav-menu--dropdown\">\n\t<li class=\"menu-item menu-item-type-custom menu-item-object-custom menu-item-22641\"><a href=\"\/site\/institucional\/integridade\/politicas-e-procedimentos\/politicas-e-procedimentos-controles-internos\" class=\"elementor-sub-item\">Pol\u00edticas corporativas<\/a><\/li>\n\t<li class=\"menu-item menu-item-type-custom menu-item-object-custom menu-item-22642\"><a href=\"\/site\/institucional\/integridade\/politicas-e-procedimentos\/politicas-e-procedimentos-norma-administrativa-copel-nac-e-niveis-de-competencia-nco\/\" class=\"elementor-sub-item\">Norma administrativa e n\u00edveis de compet\u00eancia<\/a><\/li>\n\t<li class=\"menu-item menu-item-type-custom menu-item-object-custom menu-item-22643\"><a href=\"\/site\/institucional\/integridade\/politicas-e-procedimentos\/politicas-e-procedimentos-procedimentos\/\" class=\"elementor-sub-item\">Procedimentos<\/a><\/li>\n<\/ul>\n<\/li>\n<li class=\"menu-item menu-item-type-custom menu-item-object-custom menu-item-has-children menu-item-22644\"><a href=\"\/site\/institucional\/integridade\/comunicacao-e-treinamento\/\" class=\"elementor-item\">Comunica\u00e7\u00e3o e treinamentos<\/a>\n<ul class=\"sub-menu elementor-nav-menu--dropdown\">\n\t<li class=\"menu-item menu-item-type-custom menu-item-object-custom menu-item-22645\"><a href=\"\/site\/institucional\/integridade\/comunicacao-e-treinamento\/comunicacao-e-treinamento-programa-embaixadores-de-compliance\/\" class=\"elementor-sub-item\">Programa embaixadores de compliance<\/a><\/li>\n\t<li class=\"menu-item menu-item-type-custom menu-item-object-custom menu-item-22646\"><a href=\"\/site\/institucional\/integridade\/comunicacao-e-treinamento\/comunicacao-e-treinamento-treinamentos-e-eventos\/\" class=\"elementor-sub-item\">Treinamentos e eventos<\/a><\/li>\n\t<li class=\"menu-item menu-item-type-custom menu-item-object-custom menu-item-22647\"><a href=\"\/site\/institucional\/integridade\/comunicacao-e-treinamento\/comunicacao-e-treinamento-alerta-compliance\/\" class=\"elementor-sub-item\">Alerta compliance<\/a><\/li>\n\t<li class=\"menu-item menu-item-type-custom menu-item-object-custom menu-item-22648\"><a href=\"\/site\/institucional\/integridade\/comunicacao-e-treinamento\/comunicacao-e-treinamento-portal-de-transparencia\/\" class=\"elementor-sub-item\">Portal da transpar\u00eancia<\/a><\/li>\n<\/ul>\n<\/li>\n<li class=\"menu-item menu-item-type-custom menu-item-object-custom menu-item-22649\"><a href=\"\/site\/institucional\/integridade\/monitoramento-do-programa\/\" class=\"elementor-item\">Monitoramento do programa<\/a><\/li>\n<\/ul>\t\t\t<\/nav>\n\t\t\t\t\t<div class=\"elementor-menu-toggle\" role=\"button\" tabindex=\"0\" aria-label=\"Menu Toggle\" aria-expanded=\"false\">\n\t\t\t<i aria-hidden=\"true\" role=\"presentation\" class=\"elementor-menu-toggle__icon--open eicon-menu-bar\"><\/i><i aria-hidden=\"true\" role=\"presentation\" class=\"elementor-menu-toggle__icon--close eicon-close\"><\/i>\t\t<\/div>\n\t\t\t\t\t<nav class=\"elementor-nav-menu--dropdown elementor-nav-menu__container\" aria-hidden=\"true\">\n\t\t\t\t<ul id=\"menu-2-279e0e54\" class=\"elementor-nav-menu sm-vertical\"><li class=\"menu-item menu-item-type-custom menu-item-object-custom menu-item-22627\"><a href=\"\/site\/institucional\/\" class=\"elementor-item\" tabindex=\"-1\">Institucional<\/a><\/li>\n<li class=\"menu-item menu-item-type-custom menu-item-object-custom menu-item-22183\"><a href=\"\/site\/institucional\/integridade\/\" class=\"elementor-item\" tabindex=\"-1\">Integridade<\/a><\/li>\n<li class=\"menu-item menu-item-type-custom menu-item-object-custom menu-item-has-children menu-item-22628\"><a href=\"\/site\/institucional\/integridade\/lideranca-e-estrutura\/\" class=\"elementor-item\" tabindex=\"-1\">Lideran\u00e7a e estrutura<\/a>\n<ul class=\"sub-menu elementor-nav-menu--dropdown\">\n\t<li class=\"menu-item menu-item-type-custom menu-item-object-custom menu-item-22629\"><a href=\"\/site\/institucional\/integridade\/lideranca-e-estrutura\/diretoria-governanca-risco-e-compliance\/\" class=\"elementor-sub-item\" tabindex=\"-1\">Diretoria de governan\u00e7a, risco e compliance<\/a><\/li>\n\t<li class=\"menu-item menu-item-type-custom menu-item-object-custom menu-item-22630\"><a href=\"\/site\/institucional\/governanca-corporativa\/comite-de-etica\/\" class=\"elementor-sub-item\" tabindex=\"-1\">Comit\u00ea de \u00e9tica<\/a><\/li>\n\t<li class=\"menu-item menu-item-type-custom menu-item-object-custom menu-item-22631\"><a href=\"\/site\/institucional\/integridade\/lideranca-e-estrutura\/codigo-conduta\/\" class=\"elementor-sub-item\" tabindex=\"-1\">C\u00f3digo de conduta<\/a><\/li>\n\t<li class=\"menu-item menu-item-type-custom menu-item-object-custom menu-item-22632\"><a href=\"\/site\/institucional\/integridade\/lideranca-e-estrutura\/comissao-de-analise-de-denuncia-de-assedio-moral\/\" class=\"elementor-sub-item\" tabindex=\"-1\">Comiss\u00e3o de an\u00e1lise de den\u00fancias de ass\u00e9dio moral<\/a><\/li>\n\t<li class=\"menu-item menu-item-type-custom menu-item-object-custom menu-item-22633\"><a href=\"\/site\/institucional\/integridade\/lideranca-e-estrutura\/canais-de-comunicacao\/\" class=\"elementor-sub-item\" tabindex=\"-1\">Canais de comunica\u00e7\u00e3o<\/a><\/li>\n\t<li class=\"menu-item menu-item-type-custom menu-item-object-custom menu-item-22634\"><a href=\"\/site\/institucional\/integridade\/lideranca-e-estrutura\/compromissos-voluntarios\/\" class=\"elementor-sub-item\" tabindex=\"-1\">Compromissos volunt\u00e1rios<\/a><\/li>\n<\/ul>\n<\/li>\n<li class=\"menu-item menu-item-type-custom menu-item-object-custom menu-item-has-children menu-item-22635\"><a href=\"\/site\/institucional\/integridade\/analise-de-riscos\/\" class=\"elementor-item\" tabindex=\"-1\">An\u00e1lise de riscos<\/a>\n<ul class=\"sub-menu elementor-nav-menu--dropdown\">\n\t<li class=\"menu-item menu-item-type-custom menu-item-object-custom menu-item-22636\"><a href=\"\/site\/institucional\/integridade\/analise-de-riscos\/matriz-de-riscos-de-fraude-e-corrupcao\/\" class=\"elementor-sub-item\" tabindex=\"-1\">Matriz de riscos de fraude e corrup\u00e7\u00e3o<\/a><\/li>\n\t<li class=\"menu-item menu-item-type-custom menu-item-object-custom menu-item-22637\"><a href=\"\/site\/institucional\/integridade\/analise-de-riscos\/avaliacao-de-riscos-estrategicos\/\" class=\"elementor-sub-item\" tabindex=\"-1\">Avalia\u00e7\u00e3o de riscos estrat\u00e9gicos<\/a><\/li>\n\t<li class=\"menu-item menu-item-type-custom menu-item-object-custom menu-item-22638\"><a href=\"\/site\/institucional\/integridade\/analise-de-riscos\/avaliacao-de-riscos-relacionados-a-novos-negocios\/\" class=\"elementor-sub-item\" tabindex=\"-1\">Avalia\u00e7\u00e3o de riscos relacionados a novos neg\u00f3cios<\/a><\/li>\n\t<li class=\"menu-item menu-item-type-custom menu-item-object-custom menu-item-22639\"><a href=\"\/site\/institucional\/integridade\/analise-de-riscos\/matriz-de-riscos-e-controles-internos\/\" class=\"elementor-sub-item\" tabindex=\"-1\">Matriz de riscos de controles internos<\/a><\/li>\n<\/ul>\n<\/li>\n<li class=\"menu-item menu-item-type-custom menu-item-object-custom menu-item-has-children menu-item-22640\"><a href=\"\/site\/institucional\/integridade\/politicas-e-procedimentos\/\" class=\"elementor-item\" tabindex=\"-1\">Pol\u00edticas e procedimentos<\/a>\n<ul class=\"sub-menu elementor-nav-menu--dropdown\">\n\t<li class=\"menu-item menu-item-type-custom menu-item-object-custom menu-item-22641\"><a href=\"\/site\/institucional\/integridade\/politicas-e-procedimentos\/politicas-e-procedimentos-controles-internos\" class=\"elementor-sub-item\" tabindex=\"-1\">Pol\u00edticas corporativas<\/a><\/li>\n\t<li class=\"menu-item menu-item-type-custom menu-item-object-custom menu-item-22642\"><a href=\"\/site\/institucional\/integridade\/politicas-e-procedimentos\/politicas-e-procedimentos-norma-administrativa-copel-nac-e-niveis-de-competencia-nco\/\" class=\"elementor-sub-item\" tabindex=\"-1\">Norma administrativa e n\u00edveis de compet\u00eancia<\/a><\/li>\n\t<li class=\"menu-item menu-item-type-custom menu-item-object-custom menu-item-22643\"><a href=\"\/site\/institucional\/integridade\/politicas-e-procedimentos\/politicas-e-procedimentos-procedimentos\/\" class=\"elementor-sub-item\" tabindex=\"-1\">Procedimentos<\/a><\/li>\n<\/ul>\n<\/li>\n<li class=\"menu-item menu-item-type-custom menu-item-object-custom menu-item-has-children menu-item-22644\"><a href=\"\/site\/institucional\/integridade\/comunicacao-e-treinamento\/\" class=\"elementor-item\" tabindex=\"-1\">Comunica\u00e7\u00e3o e treinamentos<\/a>\n<ul class=\"sub-menu elementor-nav-menu--dropdown\">\n\t<li class=\"menu-item menu-item-type-custom menu-item-object-custom menu-item-22645\"><a href=\"\/site\/institucional\/integridade\/comunicacao-e-treinamento\/comunicacao-e-treinamento-programa-embaixadores-de-compliance\/\" class=\"elementor-sub-item\" tabindex=\"-1\">Programa embaixadores de compliance<\/a><\/li>\n\t<li class=\"menu-item menu-item-type-custom menu-item-object-custom menu-item-22646\"><a href=\"\/site\/institucional\/integridade\/comunicacao-e-treinamento\/comunicacao-e-treinamento-treinamentos-e-eventos\/\" class=\"elementor-sub-item\" tabindex=\"-1\">Treinamentos e eventos<\/a><\/li>\n\t<li class=\"menu-item menu-item-type-custom menu-item-object-custom menu-item-22647\"><a href=\"\/site\/institucional\/integridade\/comunicacao-e-treinamento\/comunicacao-e-treinamento-alerta-compliance\/\" class=\"elementor-sub-item\" tabindex=\"-1\">Alerta compliance<\/a><\/li>\n\t<li class=\"menu-item menu-item-type-custom menu-item-object-custom menu-item-22648\"><a href=\"\/site\/institucional\/integridade\/comunicacao-e-treinamento\/comunicacao-e-treinamento-portal-de-transparencia\/\" class=\"elementor-sub-item\" tabindex=\"-1\">Portal da transpar\u00eancia<\/a><\/li>\n<\/ul>\n<\/li>\n<li class=\"menu-item menu-item-type-custom menu-item-object-custom menu-item-22649\"><a href=\"\/site\/institucional\/integridade\/monitoramento-do-programa\/\" class=\"elementor-item\" tabindex=\"-1\">Monitoramento do programa<\/a><\/li>\n<\/ul>\t\t\t<\/nav>\n\t\t\t\t\t\t<\/div>\n\t\t\t\t<\/div>\n\t\t\t\t\t<\/div>\n\t\t<\/div>\n\t\t\t\t<div class=\"elementor-column elementor-col-66 elementor-top-column elementor-element elementor-element-62bc61c1\" data-id=\"62bc61c1\" data-element_type=\"column\" data-e-type=\"column\">\n\t\t\t<div class=\"elementor-widget-wrap elementor-element-populated\">\n\t\t\t\t\t\t<div class=\"elementor-element elementor-element-bf0104f elementor-widget elementor-widget-text-editor\" data-id=\"bf0104f\" data-element_type=\"widget\" data-e-type=\"widget\" data-widget_type=\"text-editor.default\">\n\t\t\t\t<div class=\"elementor-widget-container\">\n\t\t\t\t\t\t\t\t\t<p><span data-contrast=\"auto\">Em atendimento \u00e0 legisla\u00e7\u00e3o e de acordo com as melhores pr\u00e1ticas de mercado, anualmente,\u00a0s\u00e3o aplicados, na modalidade de ensino \u00e0 dist\u00e2ncia \u2013\u00a0EaD, treinamentos sobre o C\u00f3digo de\u00a0Conduta a todos os empregados. Para os administradores eleitos, logo ap\u00f3s a nomea\u00e7\u00e3o e\u00a0tamb\u00e9m anualmente com adapta\u00e7\u00e3o dos conte\u00fados, \u00e9 realizado um conjunto de treinamentos\u00a0onde s\u00e3o abordados temas como legisla\u00e7\u00e3o societ\u00e1ria e de mercado de capitais, sigilo e\u00a0divulga\u00e7\u00e3o de informa\u00e7\u00f5es, controles internos, governan\u00e7a corporativa e gest\u00e3o estrat\u00e9gica de\u00a0riscos empresariais, al\u00e9m da Lei Anticorrup\u00e7\u00e3o, da Pol\u00edtica de Transa\u00e7\u00e3o com Partes\u00a0Relacionadas e Conflitos de Interesses e do C\u00f3digo de Conduta da Copel.<\/span><span data-ccp-props=\"{&quot;201341983&quot;:0,&quot;335551550&quot;:6,&quot;335551620&quot;:6,&quot;335559739&quot;:200,&quot;335559740&quot;:276}\">\u00a0<\/span><\/p><p><span data-contrast=\"auto\">Al\u00e9m dos treinamentos obrigat\u00f3rios, s\u00e3o promovidos, a todos os empregados ou para p\u00fablicos\u00a0espec\u00edficos, treinamentos na modalidade de ensino \u00e0 dist\u00e2ncia \u2013\u00a0EaD\u00a0ou presencial sobre\u00a0conte\u00fados que foram definidos por meio do monitoramento do Programa de Integridade. Os\u00a0temas mais frequentes s\u00e3o preven\u00e7\u00e3o e combate \u00e0 fraude e \u00e0 corrup\u00e7\u00e3o, integridade,\u00a0governan\u00e7a corporativa e aperfei\u00e7oamento aos respons\u00e1veis pela execu\u00e7\u00e3o dos Controles\u00a0Internos.<\/span><span data-ccp-props=\"{&quot;201341983&quot;:0,&quot;335551550&quot;:6,&quot;335551620&quot;:6,&quot;335559739&quot;:200,&quot;335559740&quot;:276}\">\u00a0<\/span><\/p>\t\t\t\t\t\t\t\t<\/div>\n\t\t\t\t<\/div>\n\t\t\t\t\t<\/div>\n\t\t<\/div>\n\t\t\t\t\t<\/div>\n\t\t<\/section>\n\t\t\t\t<\/div>\n\t\t","protected":false},"excerpt":{"rendered":"<p>Treinamento e eventos Em atendimento \u00e0 legisla\u00e7\u00e3o e de acordo com as melhores pr\u00e1ticas de mercado, anualmente,&nbsp;s\u00e3o aplicados, na modalidade de ensino \u00e0 dist\u00e2ncia \u2013&nbsp;EaD, treinamentos sobre o C\u00f3digo de&nbsp;Conduta a todos os empregados. Para os administradores eleitos, logo ap\u00f3s a nomea\u00e7\u00e3o e&nbsp;tamb\u00e9m anualmente com adapta\u00e7\u00e3o dos conte\u00fados, \u00e9 realizado um conjunto de treinamentos&nbsp;onde s\u00e3o [&hellip;]<\/p>\n","protected":false},"author":22,"featured_media":0,"parent":14578,"menu_order":0,"comment_status":"closed","ping_status":"closed","template":"elementor_header_footer","meta":{"_acf_changed":false,"footnotes":""},"categories":[],"tags":[],"wf_page_folders":[492],"class_list":["post-14606","page","type-page","status-publish","hentry"],"acf":[],"aioseo_notices":[],"_links":{"self":[{"href":"https:\/\/www.copel.com\/site\/wp-json\/wp\/v2\/pages\/14606","targetHints":{"allow":["GET"]}}],"collection":[{"href":"https:\/\/www.copel.com\/site\/wp-json\/wp\/v2\/pages"}],"about":[{"href":"https:\/\/www.copel.com\/site\/wp-json\/wp\/v2\/types\/page"}],"author":[{"embeddable":true,"href":"https:\/\/www.copel.com\/site\/wp-json\/wp\/v2\/users\/22"}],"replies":[{"embeddable":true,"href":"https:\/\/www.copel.com\/site\/wp-json\/wp\/v2\/comments?post=14606"}],"version-history":[{"count":0,"href":"https:\/\/www.copel.com\/site\/wp-json\/wp\/v2\/pages\/14606\/revisions"}],"up":[{"embeddable":true,"href":"https:\/\/www.copel.com\/site\/wp-json\/wp\/v2\/pages\/14578"}],"wp:attachment":[{"href":"https:\/\/www.copel.com\/site\/wp-json\/wp\/v2\/media?parent=14606"}],"wp:term":[{"taxonomy":"category","embeddable":true,"href":"https:\/\/www.copel.com\/site\/wp-json\/wp\/v2\/categories?post=14606"},{"taxonomy":"post_tag","embeddable":true,"href":"https:\/\/www.copel.com\/site\/wp-json\/wp\/v2\/tags?post=14606"},{"taxonomy":"wf_page_folders","embeddable":true,"href":"https:\/\/www.copel.com\/site\/wp-json\/wp\/v2\/wf_page_folders?post=14606"}],"curies":[{"name":"wp","href":"https:\/\/api.w.org\/{rel}","templated":true}]}}