{"id":14541,"date":"2021-07-16T15:39:15","date_gmt":"2021-07-16T18:39:15","guid":{"rendered":"https:\/\/hml.copel.com\/hpcweb\/?page_id=14541"},"modified":"2022-02-21T14:06:50","modified_gmt":"2022-02-21T17:06:50","slug":"matriz-de-riscos-de-fraude-e-corrupcao","status":"publish","type":"page","link":"https:\/\/www.copel.com\/site\/institucional\/integridade\/analise-de-riscos\/matriz-de-riscos-de-fraude-e-corrupcao\/","title":{"rendered":"Matriz de Riscos de Fraude e Corrup\u00e7\u00e3o\u00a0\u00a0"},"content":{"rendered":"\t\t<div data-elementor-type=\"wp-page\" data-elementor-id=\"14541\" class=\"elementor elementor-14541\" data-elementor-post-type=\"page\">\n\t\t\t\t\t\t<section class=\"elementor-section elementor-top-section elementor-element elementor-element-5aa22a7b elementor-section-full_width imgDestaque elementor-section-content-middle elementor-section-height-default elementor-section-height-default\" data-id=\"5aa22a7b\" data-element_type=\"section\" data-e-type=\"section\" data-settings=\"{&quot;background_background&quot;:&quot;classic&quot;}\">\n\t\t\t\t\t\t\t<div class=\"elementor-background-overlay\"><\/div>\n\t\t\t\t\t\t\t<div class=\"elementor-container elementor-column-gap-default\">\n\t\t\t\t\t<div class=\"elementor-column elementor-col-100 elementor-top-column elementor-element elementor-element-35f55714 box-destaque\" data-id=\"35f55714\" data-element_type=\"column\" data-e-type=\"column\">\n\t\t\t<div class=\"elementor-widget-wrap elementor-element-populated\">\n\t\t\t\t\t\t<div class=\"elementor-element elementor-element-30e85754 elementor-search-form--skin-classic elementor-search-form--button-type-icon elementor-search-form--icon-search elementor-widget elementor-widget-search-form\" data-id=\"30e85754\" data-element_type=\"widget\" data-e-type=\"widget\" data-settings=\"{&quot;skin&quot;:&quot;classic&quot;}\" data-widget_type=\"search-form.default\">\n\t\t\t\t<div class=\"elementor-widget-container\">\n\t\t\t\t\t\t\t<search role=\"search\">\n\t\t\t<form class=\"elementor-search-form\" action=\"https:\/\/www.copel.com\/site\" method=\"get\">\n\t\t\t\t\t\t\t\t\t\t\t\t<div class=\"elementor-search-form__container\">\n\t\t\t\t\t<label class=\"elementor-screen-only\" for=\"elementor-search-form-30e85754\">Search<\/label>\n\n\t\t\t\t\t\n\t\t\t\t\t<input id=\"elementor-search-form-30e85754\" placeholder=\"O que voc\u00ea est\u00e1 buscando?\" class=\"elementor-search-form__input\" type=\"search\" name=\"s\" value=\"\">\n\t\t\t\t\t\n\t\t\t\t\t\t\t\t\t\t\t<button class=\"elementor-search-form__submit\" type=\"submit\" aria-label=\"Search\">\n\t\t\t\t\t\t\t\t\t\t\t\t\t\t\t<i aria-hidden=\"true\" class=\"fas fa-search\"><\/i>\t\t\t\t\t\t\t\t\t\t\t\t\t<\/button>\n\t\t\t\t\t\n\t\t\t\t\t\t\t\t\t<\/div>\n\t\t\t<\/form>\n\t\t<\/search>\n\t\t\t\t\t\t<\/div>\n\t\t\t\t<\/div>\n\t\t\t\t<div class=\"elementor-element elementor-element-451b4a3 elementor-widget elementor-widget-heading\" data-id=\"451b4a3\" data-element_type=\"widget\" data-e-type=\"widget\" data-widget_type=\"heading.default\">\n\t\t\t\t<div class=\"elementor-widget-container\">\n\t\t\t\t\t<h1 class=\"elementor-heading-title elementor-size-default\">Matriz de riscos de fraude e corrup\u00e7\u00e3o<\/h1>\t\t\t\t<\/div>\n\t\t\t\t<\/div>\n\t\t\t\t\t<\/div>\n\t\t<\/div>\n\t\t\t\t\t<\/div>\n\t\t<\/section>\n\t\t\t\t<section class=\"elementor-section elementor-top-section elementor-element elementor-element-42414d74 elementor-section-full_width elementor-section-height-default elementor-section-height-default\" data-id=\"42414d74\" data-element_type=\"section\" data-e-type=\"section\">\n\t\t\t\t\t\t<div class=\"elementor-container elementor-column-gap-default\">\n\t\t\t\t\t<div class=\"elementor-column elementor-col-33 elementor-top-column elementor-element elementor-element-4281e9ea\" data-id=\"4281e9ea\" data-element_type=\"column\" data-e-type=\"column\">\n\t\t\t<div class=\"elementor-widget-wrap elementor-element-populated\">\n\t\t\t\t\t\t<div class=\"elementor-element elementor-element-41f22bd9 elementor-nav-menu__align-justify menuTroca elementor-nav-menu--dropdown-tablet elementor-nav-menu__text-align-aside elementor-nav-menu--toggle elementor-nav-menu--burger elementor-widget elementor-widget-nav-menu\" data-id=\"41f22bd9\" data-element_type=\"widget\" data-e-type=\"widget\" data-settings=\"{&quot;layout&quot;:&quot;vertical&quot;,&quot;submenu_icon&quot;:{&quot;value&quot;:&quot;&lt;i class=\\&quot;fas fa-caret-down\\&quot; aria-hidden=\\&quot;true\\&quot;&gt;&lt;\\\/i&gt;&quot;,&quot;library&quot;:&quot;fa-solid&quot;},&quot;toggle&quot;:&quot;burger&quot;}\" data-widget_type=\"nav-menu.default\">\n\t\t\t\t<div class=\"elementor-widget-container\">\n\t\t\t\t\t\t\t\t<nav aria-label=\"Menu\" class=\"elementor-nav-menu--main elementor-nav-menu__container elementor-nav-menu--layout-vertical e--pointer-underline e--animation-fade\">\n\t\t\t\t<ul id=\"menu-1-41f22bd9\" class=\"elementor-nav-menu sm-vertical\"><li class=\"menu-item menu-item-type-custom menu-item-object-custom menu-item-22627\"><a href=\"\/site\/institucional\/\" class=\"elementor-item\">Institucional<\/a><\/li>\n<li class=\"menu-item menu-item-type-custom menu-item-object-custom menu-item-22183\"><a href=\"\/site\/institucional\/integridade\/\" class=\"elementor-item\">Integridade<\/a><\/li>\n<li class=\"menu-item menu-item-type-custom menu-item-object-custom menu-item-has-children menu-item-22628\"><a href=\"\/site\/institucional\/integridade\/lideranca-e-estrutura\/\" class=\"elementor-item\">Lideran\u00e7a e estrutura<\/a>\n<ul class=\"sub-menu elementor-nav-menu--dropdown\">\n\t<li class=\"menu-item menu-item-type-custom menu-item-object-custom menu-item-22629\"><a href=\"\/site\/institucional\/integridade\/lideranca-e-estrutura\/diretoria-governanca-risco-e-compliance\/\" class=\"elementor-sub-item\">Diretoria de governan\u00e7a, risco e compliance<\/a><\/li>\n\t<li class=\"menu-item menu-item-type-custom menu-item-object-custom menu-item-22630\"><a href=\"\/site\/institucional\/governanca-corporativa\/comite-de-etica\/\" class=\"elementor-sub-item\">Comit\u00ea de \u00e9tica<\/a><\/li>\n\t<li class=\"menu-item menu-item-type-custom menu-item-object-custom menu-item-22631\"><a href=\"\/site\/institucional\/integridade\/lideranca-e-estrutura\/codigo-conduta\/\" class=\"elementor-sub-item\">C\u00f3digo de conduta<\/a><\/li>\n\t<li class=\"menu-item menu-item-type-custom menu-item-object-custom menu-item-22632\"><a href=\"\/site\/institucional\/integridade\/lideranca-e-estrutura\/comissao-de-analise-de-denuncia-de-assedio-moral\/\" class=\"elementor-sub-item\">Comiss\u00e3o de an\u00e1lise de den\u00fancias de ass\u00e9dio moral<\/a><\/li>\n\t<li class=\"menu-item menu-item-type-custom menu-item-object-custom menu-item-22633\"><a href=\"\/site\/institucional\/integridade\/lideranca-e-estrutura\/canais-de-comunicacao\/\" class=\"elementor-sub-item\">Canais de comunica\u00e7\u00e3o<\/a><\/li>\n\t<li class=\"menu-item menu-item-type-custom menu-item-object-custom menu-item-22634\"><a href=\"\/site\/institucional\/integridade\/lideranca-e-estrutura\/compromissos-voluntarios\/\" class=\"elementor-sub-item\">Compromissos volunt\u00e1rios<\/a><\/li>\n<\/ul>\n<\/li>\n<li class=\"menu-item menu-item-type-custom menu-item-object-custom menu-item-has-children menu-item-22635\"><a href=\"\/site\/institucional\/integridade\/analise-de-riscos\/\" class=\"elementor-item\">An\u00e1lise de riscos<\/a>\n<ul class=\"sub-menu elementor-nav-menu--dropdown\">\n\t<li class=\"menu-item menu-item-type-custom menu-item-object-custom menu-item-22636\"><a href=\"\/site\/institucional\/integridade\/analise-de-riscos\/matriz-de-riscos-de-fraude-e-corrupcao\/\" class=\"elementor-sub-item\">Matriz de riscos de fraude e corrup\u00e7\u00e3o<\/a><\/li>\n\t<li class=\"menu-item menu-item-type-custom menu-item-object-custom menu-item-22637\"><a href=\"\/site\/institucional\/integridade\/analise-de-riscos\/avaliacao-de-riscos-estrategicos\/\" class=\"elementor-sub-item\">Avalia\u00e7\u00e3o de riscos estrat\u00e9gicos<\/a><\/li>\n\t<li class=\"menu-item menu-item-type-custom menu-item-object-custom menu-item-22638\"><a href=\"\/site\/institucional\/integridade\/analise-de-riscos\/avaliacao-de-riscos-relacionados-a-novos-negocios\/\" class=\"elementor-sub-item\">Avalia\u00e7\u00e3o de riscos relacionados a novos neg\u00f3cios<\/a><\/li>\n\t<li class=\"menu-item menu-item-type-custom menu-item-object-custom menu-item-22639\"><a href=\"\/site\/institucional\/integridade\/analise-de-riscos\/matriz-de-riscos-e-controles-internos\/\" class=\"elementor-sub-item\">Matriz de riscos de controles internos<\/a><\/li>\n<\/ul>\n<\/li>\n<li class=\"menu-item menu-item-type-custom menu-item-object-custom menu-item-has-children menu-item-22640\"><a href=\"\/site\/institucional\/integridade\/politicas-e-procedimentos\/\" class=\"elementor-item\">Pol\u00edticas e procedimentos<\/a>\n<ul class=\"sub-menu elementor-nav-menu--dropdown\">\n\t<li class=\"menu-item menu-item-type-custom menu-item-object-custom menu-item-22641\"><a href=\"\/site\/institucional\/integridade\/politicas-e-procedimentos\/politicas-e-procedimentos-controles-internos\" class=\"elementor-sub-item\">Pol\u00edticas corporativas<\/a><\/li>\n\t<li class=\"menu-item menu-item-type-custom menu-item-object-custom menu-item-22642\"><a href=\"\/site\/institucional\/integridade\/politicas-e-procedimentos\/politicas-e-procedimentos-norma-administrativa-copel-nac-e-niveis-de-competencia-nco\/\" class=\"elementor-sub-item\">Norma administrativa e n\u00edveis de compet\u00eancia<\/a><\/li>\n\t<li class=\"menu-item menu-item-type-custom menu-item-object-custom menu-item-22643\"><a href=\"\/site\/institucional\/integridade\/politicas-e-procedimentos\/politicas-e-procedimentos-procedimentos\/\" class=\"elementor-sub-item\">Procedimentos<\/a><\/li>\n<\/ul>\n<\/li>\n<li class=\"menu-item menu-item-type-custom menu-item-object-custom menu-item-has-children menu-item-22644\"><a href=\"\/site\/institucional\/integridade\/comunicacao-e-treinamento\/\" class=\"elementor-item\">Comunica\u00e7\u00e3o e treinamentos<\/a>\n<ul class=\"sub-menu elementor-nav-menu--dropdown\">\n\t<li class=\"menu-item menu-item-type-custom menu-item-object-custom menu-item-22645\"><a href=\"\/site\/institucional\/integridade\/comunicacao-e-treinamento\/comunicacao-e-treinamento-programa-embaixadores-de-compliance\/\" class=\"elementor-sub-item\">Programa embaixadores de compliance<\/a><\/li>\n\t<li class=\"menu-item menu-item-type-custom menu-item-object-custom menu-item-22646\"><a href=\"\/site\/institucional\/integridade\/comunicacao-e-treinamento\/comunicacao-e-treinamento-treinamentos-e-eventos\/\" class=\"elementor-sub-item\">Treinamentos e eventos<\/a><\/li>\n\t<li class=\"menu-item menu-item-type-custom menu-item-object-custom menu-item-22647\"><a href=\"\/site\/institucional\/integridade\/comunicacao-e-treinamento\/comunicacao-e-treinamento-alerta-compliance\/\" class=\"elementor-sub-item\">Alerta compliance<\/a><\/li>\n\t<li class=\"menu-item menu-item-type-custom menu-item-object-custom menu-item-22648\"><a href=\"\/site\/institucional\/integridade\/comunicacao-e-treinamento\/comunicacao-e-treinamento-portal-de-transparencia\/\" class=\"elementor-sub-item\">Portal da transpar\u00eancia<\/a><\/li>\n<\/ul>\n<\/li>\n<li class=\"menu-item menu-item-type-custom menu-item-object-custom menu-item-22649\"><a href=\"\/site\/institucional\/integridade\/monitoramento-do-programa\/\" class=\"elementor-item\">Monitoramento do programa<\/a><\/li>\n<\/ul>\t\t\t<\/nav>\n\t\t\t\t\t<div class=\"elementor-menu-toggle\" role=\"button\" tabindex=\"0\" aria-label=\"Menu Toggle\" aria-expanded=\"false\">\n\t\t\t<i aria-hidden=\"true\" role=\"presentation\" class=\"elementor-menu-toggle__icon--open eicon-menu-bar\"><\/i><i aria-hidden=\"true\" role=\"presentation\" class=\"elementor-menu-toggle__icon--close eicon-close\"><\/i>\t\t<\/div>\n\t\t\t\t\t<nav class=\"elementor-nav-menu--dropdown elementor-nav-menu__container\" aria-hidden=\"true\">\n\t\t\t\t<ul id=\"menu-2-41f22bd9\" class=\"elementor-nav-menu sm-vertical\"><li class=\"menu-item menu-item-type-custom menu-item-object-custom menu-item-22627\"><a href=\"\/site\/institucional\/\" class=\"elementor-item\" tabindex=\"-1\">Institucional<\/a><\/li>\n<li class=\"menu-item menu-item-type-custom menu-item-object-custom menu-item-22183\"><a href=\"\/site\/institucional\/integridade\/\" class=\"elementor-item\" tabindex=\"-1\">Integridade<\/a><\/li>\n<li class=\"menu-item menu-item-type-custom menu-item-object-custom menu-item-has-children menu-item-22628\"><a href=\"\/site\/institucional\/integridade\/lideranca-e-estrutura\/\" class=\"elementor-item\" tabindex=\"-1\">Lideran\u00e7a e estrutura<\/a>\n<ul class=\"sub-menu elementor-nav-menu--dropdown\">\n\t<li class=\"menu-item menu-item-type-custom menu-item-object-custom menu-item-22629\"><a href=\"\/site\/institucional\/integridade\/lideranca-e-estrutura\/diretoria-governanca-risco-e-compliance\/\" class=\"elementor-sub-item\" tabindex=\"-1\">Diretoria de governan\u00e7a, risco e compliance<\/a><\/li>\n\t<li class=\"menu-item menu-item-type-custom menu-item-object-custom menu-item-22630\"><a href=\"\/site\/institucional\/governanca-corporativa\/comite-de-etica\/\" class=\"elementor-sub-item\" tabindex=\"-1\">Comit\u00ea de \u00e9tica<\/a><\/li>\n\t<li class=\"menu-item menu-item-type-custom menu-item-object-custom menu-item-22631\"><a href=\"\/site\/institucional\/integridade\/lideranca-e-estrutura\/codigo-conduta\/\" class=\"elementor-sub-item\" tabindex=\"-1\">C\u00f3digo de conduta<\/a><\/li>\n\t<li class=\"menu-item menu-item-type-custom menu-item-object-custom menu-item-22632\"><a href=\"\/site\/institucional\/integridade\/lideranca-e-estrutura\/comissao-de-analise-de-denuncia-de-assedio-moral\/\" class=\"elementor-sub-item\" tabindex=\"-1\">Comiss\u00e3o de an\u00e1lise de den\u00fancias de ass\u00e9dio moral<\/a><\/li>\n\t<li class=\"menu-item menu-item-type-custom menu-item-object-custom menu-item-22633\"><a href=\"\/site\/institucional\/integridade\/lideranca-e-estrutura\/canais-de-comunicacao\/\" class=\"elementor-sub-item\" tabindex=\"-1\">Canais de comunica\u00e7\u00e3o<\/a><\/li>\n\t<li class=\"menu-item menu-item-type-custom menu-item-object-custom menu-item-22634\"><a href=\"\/site\/institucional\/integridade\/lideranca-e-estrutura\/compromissos-voluntarios\/\" class=\"elementor-sub-item\" tabindex=\"-1\">Compromissos volunt\u00e1rios<\/a><\/li>\n<\/ul>\n<\/li>\n<li class=\"menu-item menu-item-type-custom menu-item-object-custom menu-item-has-children menu-item-22635\"><a href=\"\/site\/institucional\/integridade\/analise-de-riscos\/\" class=\"elementor-item\" tabindex=\"-1\">An\u00e1lise de riscos<\/a>\n<ul class=\"sub-menu elementor-nav-menu--dropdown\">\n\t<li class=\"menu-item menu-item-type-custom menu-item-object-custom menu-item-22636\"><a href=\"\/site\/institucional\/integridade\/analise-de-riscos\/matriz-de-riscos-de-fraude-e-corrupcao\/\" class=\"elementor-sub-item\" tabindex=\"-1\">Matriz de riscos de fraude e corrup\u00e7\u00e3o<\/a><\/li>\n\t<li class=\"menu-item menu-item-type-custom menu-item-object-custom menu-item-22637\"><a href=\"\/site\/institucional\/integridade\/analise-de-riscos\/avaliacao-de-riscos-estrategicos\/\" class=\"elementor-sub-item\" tabindex=\"-1\">Avalia\u00e7\u00e3o de riscos estrat\u00e9gicos<\/a><\/li>\n\t<li class=\"menu-item menu-item-type-custom menu-item-object-custom menu-item-22638\"><a href=\"\/site\/institucional\/integridade\/analise-de-riscos\/avaliacao-de-riscos-relacionados-a-novos-negocios\/\" class=\"elementor-sub-item\" tabindex=\"-1\">Avalia\u00e7\u00e3o de riscos relacionados a novos neg\u00f3cios<\/a><\/li>\n\t<li class=\"menu-item menu-item-type-custom menu-item-object-custom menu-item-22639\"><a href=\"\/site\/institucional\/integridade\/analise-de-riscos\/matriz-de-riscos-e-controles-internos\/\" class=\"elementor-sub-item\" tabindex=\"-1\">Matriz de riscos de controles internos<\/a><\/li>\n<\/ul>\n<\/li>\n<li class=\"menu-item menu-item-type-custom menu-item-object-custom menu-item-has-children menu-item-22640\"><a href=\"\/site\/institucional\/integridade\/politicas-e-procedimentos\/\" class=\"elementor-item\" tabindex=\"-1\">Pol\u00edticas e procedimentos<\/a>\n<ul class=\"sub-menu elementor-nav-menu--dropdown\">\n\t<li class=\"menu-item menu-item-type-custom menu-item-object-custom menu-item-22641\"><a href=\"\/site\/institucional\/integridade\/politicas-e-procedimentos\/politicas-e-procedimentos-controles-internos\" class=\"elementor-sub-item\" tabindex=\"-1\">Pol\u00edticas corporativas<\/a><\/li>\n\t<li class=\"menu-item menu-item-type-custom menu-item-object-custom menu-item-22642\"><a href=\"\/site\/institucional\/integridade\/politicas-e-procedimentos\/politicas-e-procedimentos-norma-administrativa-copel-nac-e-niveis-de-competencia-nco\/\" class=\"elementor-sub-item\" tabindex=\"-1\">Norma administrativa e n\u00edveis de compet\u00eancia<\/a><\/li>\n\t<li class=\"menu-item menu-item-type-custom menu-item-object-custom menu-item-22643\"><a href=\"\/site\/institucional\/integridade\/politicas-e-procedimentos\/politicas-e-procedimentos-procedimentos\/\" class=\"elementor-sub-item\" tabindex=\"-1\">Procedimentos<\/a><\/li>\n<\/ul>\n<\/li>\n<li class=\"menu-item menu-item-type-custom menu-item-object-custom menu-item-has-children menu-item-22644\"><a href=\"\/site\/institucional\/integridade\/comunicacao-e-treinamento\/\" class=\"elementor-item\" tabindex=\"-1\">Comunica\u00e7\u00e3o e treinamentos<\/a>\n<ul class=\"sub-menu elementor-nav-menu--dropdown\">\n\t<li class=\"menu-item menu-item-type-custom menu-item-object-custom menu-item-22645\"><a href=\"\/site\/institucional\/integridade\/comunicacao-e-treinamento\/comunicacao-e-treinamento-programa-embaixadores-de-compliance\/\" class=\"elementor-sub-item\" tabindex=\"-1\">Programa embaixadores de compliance<\/a><\/li>\n\t<li class=\"menu-item menu-item-type-custom menu-item-object-custom menu-item-22646\"><a href=\"\/site\/institucional\/integridade\/comunicacao-e-treinamento\/comunicacao-e-treinamento-treinamentos-e-eventos\/\" class=\"elementor-sub-item\" tabindex=\"-1\">Treinamentos e eventos<\/a><\/li>\n\t<li class=\"menu-item menu-item-type-custom menu-item-object-custom menu-item-22647\"><a href=\"\/site\/institucional\/integridade\/comunicacao-e-treinamento\/comunicacao-e-treinamento-alerta-compliance\/\" class=\"elementor-sub-item\" tabindex=\"-1\">Alerta compliance<\/a><\/li>\n\t<li class=\"menu-item menu-item-type-custom menu-item-object-custom menu-item-22648\"><a href=\"\/site\/institucional\/integridade\/comunicacao-e-treinamento\/comunicacao-e-treinamento-portal-de-transparencia\/\" class=\"elementor-sub-item\" tabindex=\"-1\">Portal da transpar\u00eancia<\/a><\/li>\n<\/ul>\n<\/li>\n<li class=\"menu-item menu-item-type-custom menu-item-object-custom menu-item-22649\"><a href=\"\/site\/institucional\/integridade\/monitoramento-do-programa\/\" class=\"elementor-item\" tabindex=\"-1\">Monitoramento do programa<\/a><\/li>\n<\/ul>\t\t\t<\/nav>\n\t\t\t\t\t\t<\/div>\n\t\t\t\t<\/div>\n\t\t\t\t\t<\/div>\n\t\t<\/div>\n\t\t\t\t<div class=\"elementor-column elementor-col-66 elementor-top-column elementor-element elementor-element-1ce44b44\" data-id=\"1ce44b44\" data-element_type=\"column\" data-e-type=\"column\">\n\t\t\t<div class=\"elementor-widget-wrap elementor-element-populated\">\n\t\t\t\t\t\t<div class=\"elementor-element elementor-element-e358ebf elementor-widget elementor-widget-text-editor\" data-id=\"e358ebf\" data-element_type=\"widget\" data-e-type=\"widget\" data-widget_type=\"text-editor.default\">\n\t\t\t\t<div class=\"elementor-widget-container\">\n\t\t\t\t\t\t\t\t\t<p><span data-contrast=\"auto\">Alinhada \u00e0 Pol\u00edtica de Gest\u00e3o de Riscos,\u00a0anualmente,\u00a0<\/span><span data-contrast=\"auto\">a\u00a0Matriz de Riscos de Fraude e Corrup\u00e7\u00e3o\u00a0\u00a0<\/span><span data-contrast=\"auto\">retrata os riscos mais significativos de fraude e\u00a0corrup\u00e7\u00e3o da Companhia, auxiliando na defini\u00e7\u00e3o das a\u00e7\u00f5es de tratamento e monitoramento.<\/span><span data-ccp-props=\"{&quot;201341983&quot;:0,&quot;335551550&quot;:6,&quot;335551620&quot;:6,&quot;335559739&quot;:200,&quot;335559740&quot;:276}\">\u00a0<\/span><\/p><p><span data-contrast=\"auto\">Para a elabora\u00e7\u00e3o da matriz s\u00e3o identificados poss\u00edveis riscos\u00a0a que a Companhia est\u00e1 sujeita,\u00a0como, por exemplo:\u00a0 roubo de ativos f\u00edsicos, vazamento ou uso indevido de informa\u00e7\u00f5es, favorecimento, fraude em demonstra\u00e7\u00f5es cont\u00e1beis, conluio com fornecedores, conflito de interesses, entre outros.\u00a0Ap\u00f3s a identifica\u00e7\u00e3o dos riscos, s\u00e3o avaliados os processos da Copel, registrando a quais destes riscos cada processo pode estar exposto. O resultado deste\u00a0levantamento, somado a outros fatores como o recebimento de den\u00fancias ou trabalhos de auditoria,\u00a0possibilita\u00a0a constata\u00e7\u00e3o dos riscos com\u00a0<\/span><b><span data-contrast=\"auto\">maior probabilidade\u00a0<\/span><\/b><span data-contrast=\"auto\">de ocorr\u00eancia.<\/span><span data-ccp-props=\"{&quot;201341983&quot;:0,&quot;335551550&quot;:6,&quot;335551620&quot;:6,&quot;335559739&quot;:200,&quot;335559740&quot;:276}\">\u00a0<\/span><\/p><p><span data-contrast=\"auto\">Al\u00e9m da identifica\u00e7\u00e3o da probabilidade, s\u00e3o avaliados tamb\u00e9m o\u00a0<\/span><b><span data-contrast=\"auto\">impacto\u00a0<\/span><\/b><span data-contrast=\"auto\">de cada risco\u00a0com rela\u00e7\u00e3o aos\u00a0aspectos\u00a0reputacional,\u00a0financeiro e\u00a0operacional.\u00a0A<\/span><b><span data-contrast=\"auto\">\u00a0<\/span><\/b><span data-contrast=\"auto\">combina\u00e7\u00e3o\u00a0dos resultados\u00a0de<\/span><b><span data-contrast=\"auto\">\u00a0probabilidade e impacto<\/span><\/b><span data-contrast=\"auto\">, indicar\u00e1 qual \u00e9 o n\u00edvel de exposi\u00e7\u00e3o ao risco.\u00a0Esta avalia\u00e7\u00e3o\u00a0resultar\u00e1 na\u00a0<\/span><b><span data-contrast=\"auto\">rela\u00e7\u00e3o dos riscos que devem\u00a0ser priorizados\u00a0<\/span><\/b><span data-contrast=\"auto\">nas a\u00e7\u00f5es de Compliance no pr\u00f3ximo ano, al\u00e9m da defini\u00e7\u00e3o do p\u00fablico-alvo e identifica\u00e7\u00e3o dos processos cr\u00edticos.\u00a0<\/span><span data-ccp-props=\"{&quot;201341983&quot;:0,&quot;335551550&quot;:6,&quot;335551620&quot;:6,&quot;335559739&quot;:200,&quot;335559740&quot;:276}\">\u00a0<\/span><\/p>\t\t\t\t\t\t\t\t<\/div>\n\t\t\t\t<\/div>\n\t\t\t\t\t<\/div>\n\t\t<\/div>\n\t\t\t\t\t<\/div>\n\t\t<\/section>\n\t\t\t\t<\/div>\n\t\t","protected":false},"excerpt":{"rendered":"<p>Matriz de riscos de fraude e corrup\u00e7\u00e3o Alinhada \u00e0 Pol\u00edtica de Gest\u00e3o de Riscos,&nbsp;anualmente,&nbsp;a&nbsp;Matriz de Riscos de Fraude e Corrup\u00e7\u00e3o&nbsp;&nbsp;retrata os riscos mais significativos de fraude e&nbsp;corrup\u00e7\u00e3o da Companhia, auxiliando na defini\u00e7\u00e3o das a\u00e7\u00f5es de tratamento e monitoramento.&nbsp; Para a elabora\u00e7\u00e3o da matriz s\u00e3o identificados poss\u00edveis riscos&nbsp;a que a Companhia est\u00e1 sujeita,&nbsp;como, por exemplo:&nbsp; roubo [&hellip;]<\/p>\n","protected":false},"author":22,"featured_media":0,"parent":14522,"menu_order":0,"comment_status":"closed","ping_status":"closed","template":"elementor_header_footer","meta":{"_acf_changed":false,"footnotes":""},"categories":[],"tags":[],"wf_page_folders":[492],"class_list":["post-14541","page","type-page","status-publish","hentry"],"acf":[],"aioseo_notices":[],"_links":{"self":[{"href":"https:\/\/www.copel.com\/site\/wp-json\/wp\/v2\/pages\/14541","targetHints":{"allow":["GET"]}}],"collection":[{"href":"https:\/\/www.copel.com\/site\/wp-json\/wp\/v2\/pages"}],"about":[{"href":"https:\/\/www.copel.com\/site\/wp-json\/wp\/v2\/types\/page"}],"author":[{"embeddable":true,"href":"https:\/\/www.copel.com\/site\/wp-json\/wp\/v2\/users\/22"}],"replies":[{"embeddable":true,"href":"https:\/\/www.copel.com\/site\/wp-json\/wp\/v2\/comments?post=14541"}],"version-history":[{"count":0,"href":"https:\/\/www.copel.com\/site\/wp-json\/wp\/v2\/pages\/14541\/revisions"}],"up":[{"embeddable":true,"href":"https:\/\/www.copel.com\/site\/wp-json\/wp\/v2\/pages\/14522"}],"wp:attachment":[{"href":"https:\/\/www.copel.com\/site\/wp-json\/wp\/v2\/media?parent=14541"}],"wp:term":[{"taxonomy":"category","embeddable":true,"href":"https:\/\/www.copel.com\/site\/wp-json\/wp\/v2\/categories?post=14541"},{"taxonomy":"post_tag","embeddable":true,"href":"https:\/\/www.copel.com\/site\/wp-json\/wp\/v2\/tags?post=14541"},{"taxonomy":"wf_page_folders","embeddable":true,"href":"https:\/\/www.copel.com\/site\/wp-json\/wp\/v2\/wf_page_folders?post=14541"}],"curies":[{"name":"wp","href":"https:\/\/api.w.org\/{rel}","templated":true}]}}