{"id":14269,"date":"2021-07-02T16:57:50","date_gmt":"2021-07-02T19:57:50","guid":{"rendered":"https:\/\/hml.copel.com\/hpcweb\/?page_id=14269"},"modified":"2025-04-04T16:14:17","modified_gmt":"2025-04-04T19:14:17","slug":"comissao-de-analise-de-denuncia-de-assedio-moral","status":"publish","type":"page","link":"https:\/\/www.copel.com\/site\/institucional\/integridade\/lideranca-e-estrutura\/comissao-de-analise-de-denuncia-de-assedio-moral\/","title":{"rendered":"Comiss\u00e3o de An\u00e1lise de Den\u00fancia de Ass\u00e9dio Moral \u2013 CADAM"},"content":{"rendered":"\t\t<div data-elementor-type=\"wp-page\" data-elementor-id=\"14269\" class=\"elementor elementor-14269\" data-elementor-post-type=\"page\">\n\t\t\t\t\t\t<section class=\"elementor-section elementor-top-section elementor-element elementor-element-15c3b65f elementor-section-full_width imgDestaque elementor-section-content-middle elementor-section-height-default elementor-section-height-default\" data-id=\"15c3b65f\" data-element_type=\"section\" data-e-type=\"section\" data-settings=\"{&quot;background_background&quot;:&quot;classic&quot;}\">\n\t\t\t\t\t\t\t<div class=\"elementor-background-overlay\"><\/div>\n\t\t\t\t\t\t\t<div class=\"elementor-container elementor-column-gap-default\">\n\t\t\t\t\t<div class=\"elementor-column elementor-col-100 elementor-top-column elementor-element elementor-element-769eacfb box-destaque\" data-id=\"769eacfb\" data-element_type=\"column\" data-e-type=\"column\">\n\t\t\t<div class=\"elementor-widget-wrap elementor-element-populated\">\n\t\t\t\t\t\t<div class=\"elementor-element elementor-element-490c3111 elementor-search-form--skin-classic elementor-search-form--button-type-icon elementor-search-form--icon-search elementor-widget elementor-widget-search-form\" data-id=\"490c3111\" data-element_type=\"widget\" data-e-type=\"widget\" data-settings=\"{&quot;skin&quot;:&quot;classic&quot;}\" data-widget_type=\"search-form.default\">\n\t\t\t\t<div class=\"elementor-widget-container\">\n\t\t\t\t\t\t\t<search role=\"search\">\n\t\t\t<form class=\"elementor-search-form\" action=\"https:\/\/www.copel.com\/site\" method=\"get\">\n\t\t\t\t\t\t\t\t\t\t\t\t<div class=\"elementor-search-form__container\">\n\t\t\t\t\t<label class=\"elementor-screen-only\" for=\"elementor-search-form-490c3111\">Search<\/label>\n\n\t\t\t\t\t\n\t\t\t\t\t<input id=\"elementor-search-form-490c3111\" placeholder=\"O que voc\u00ea est\u00e1 buscando?\" class=\"elementor-search-form__input\" type=\"search\" name=\"s\" value=\"\">\n\t\t\t\t\t\n\t\t\t\t\t\t\t\t\t\t\t<button class=\"elementor-search-form__submit\" type=\"submit\" aria-label=\"Search\">\n\t\t\t\t\t\t\t\t\t\t\t\t\t\t\t<i aria-hidden=\"true\" class=\"fas fa-search\"><\/i>\t\t\t\t\t\t\t\t\t\t\t\t\t<\/button>\n\t\t\t\t\t\n\t\t\t\t\t\t\t\t\t<\/div>\n\t\t\t<\/form>\n\t\t<\/search>\n\t\t\t\t\t\t<\/div>\n\t\t\t\t<\/div>\n\t\t\t\t<div class=\"elementor-element elementor-element-1856bdc8 elementor-widget elementor-widget-heading\" data-id=\"1856bdc8\" data-element_type=\"widget\" data-e-type=\"widget\" data-widget_type=\"heading.default\">\n\t\t\t\t<div class=\"elementor-widget-container\">\n\t\t\t\t\t<h1 class=\"elementor-heading-title elementor-size-default\">Comiss\u00e3o de an\u00e1lise de den\u00fancias de ass\u00e9dio moral<\/h1>\t\t\t\t<\/div>\n\t\t\t\t<\/div>\n\t\t\t\t\t<\/div>\n\t\t<\/div>\n\t\t\t\t\t<\/div>\n\t\t<\/section>\n\t\t\t\t<section class=\"elementor-section elementor-top-section elementor-element elementor-element-3ea4231f elementor-section-full_width elementor-section-height-default elementor-section-height-default\" data-id=\"3ea4231f\" data-element_type=\"section\" data-e-type=\"section\">\n\t\t\t\t\t\t<div class=\"elementor-container elementor-column-gap-default\">\n\t\t\t\t\t<div class=\"elementor-column elementor-col-33 elementor-top-column elementor-element elementor-element-53ae79e7\" data-id=\"53ae79e7\" data-element_type=\"column\" data-e-type=\"column\">\n\t\t\t<div class=\"elementor-widget-wrap elementor-element-populated\">\n\t\t\t\t\t\t<div class=\"elementor-element elementor-element-7a84e237 elementor-nav-menu__align-justify menuTroca elementor-nav-menu--dropdown-tablet elementor-nav-menu__text-align-aside elementor-nav-menu--toggle elementor-nav-menu--burger elementor-widget elementor-widget-nav-menu\" data-id=\"7a84e237\" data-element_type=\"widget\" data-e-type=\"widget\" data-settings=\"{&quot;layout&quot;:&quot;vertical&quot;,&quot;submenu_icon&quot;:{&quot;value&quot;:&quot;&lt;i class=\\&quot;fas fa-caret-down\\&quot; aria-hidden=\\&quot;true\\&quot;&gt;&lt;\\\/i&gt;&quot;,&quot;library&quot;:&quot;fa-solid&quot;},&quot;toggle&quot;:&quot;burger&quot;}\" data-widget_type=\"nav-menu.default\">\n\t\t\t\t<div class=\"elementor-widget-container\">\n\t\t\t\t\t\t\t\t<nav aria-label=\"Menu\" class=\"elementor-nav-menu--main elementor-nav-menu__container elementor-nav-menu--layout-vertical e--pointer-underline e--animation-fade\">\n\t\t\t\t<ul id=\"menu-1-7a84e237\" class=\"elementor-nav-menu sm-vertical\"><li class=\"menu-item menu-item-type-custom menu-item-object-custom menu-item-22627\"><a href=\"\/site\/institucional\/\" class=\"elementor-item\">Institucional<\/a><\/li>\n<li class=\"menu-item menu-item-type-custom menu-item-object-custom menu-item-22183\"><a href=\"\/site\/institucional\/integridade\/\" class=\"elementor-item\">Integridade<\/a><\/li>\n<li class=\"menu-item menu-item-type-custom menu-item-object-custom menu-item-has-children menu-item-22628\"><a href=\"\/site\/institucional\/integridade\/lideranca-e-estrutura\/\" class=\"elementor-item\">Lideran\u00e7a e estrutura<\/a>\n<ul class=\"sub-menu elementor-nav-menu--dropdown\">\n\t<li class=\"menu-item menu-item-type-custom menu-item-object-custom menu-item-22629\"><a href=\"\/site\/institucional\/integridade\/lideranca-e-estrutura\/diretoria-governanca-risco-e-compliance\/\" class=\"elementor-sub-item\">Diretoria de governan\u00e7a, risco e compliance<\/a><\/li>\n\t<li class=\"menu-item menu-item-type-custom menu-item-object-custom menu-item-22630\"><a href=\"\/site\/institucional\/governanca-corporativa\/comite-de-etica\/\" class=\"elementor-sub-item\">Comit\u00ea de \u00e9tica<\/a><\/li>\n\t<li class=\"menu-item menu-item-type-custom menu-item-object-custom menu-item-22631\"><a href=\"\/site\/institucional\/integridade\/lideranca-e-estrutura\/codigo-conduta\/\" class=\"elementor-sub-item\">C\u00f3digo de conduta<\/a><\/li>\n\t<li class=\"menu-item menu-item-type-custom menu-item-object-custom menu-item-22632\"><a href=\"\/site\/institucional\/integridade\/lideranca-e-estrutura\/comissao-de-analise-de-denuncia-de-assedio-moral\/\" class=\"elementor-sub-item\">Comiss\u00e3o de an\u00e1lise de den\u00fancias de ass\u00e9dio moral<\/a><\/li>\n\t<li class=\"menu-item menu-item-type-custom menu-item-object-custom menu-item-22633\"><a href=\"\/site\/institucional\/integridade\/lideranca-e-estrutura\/canais-de-comunicacao\/\" class=\"elementor-sub-item\">Canais de comunica\u00e7\u00e3o<\/a><\/li>\n\t<li class=\"menu-item menu-item-type-custom menu-item-object-custom menu-item-22634\"><a href=\"\/site\/institucional\/integridade\/lideranca-e-estrutura\/compromissos-voluntarios\/\" class=\"elementor-sub-item\">Compromissos volunt\u00e1rios<\/a><\/li>\n<\/ul>\n<\/li>\n<li class=\"menu-item menu-item-type-custom menu-item-object-custom menu-item-has-children menu-item-22635\"><a href=\"\/site\/institucional\/integridade\/analise-de-riscos\/\" class=\"elementor-item\">An\u00e1lise de riscos<\/a>\n<ul class=\"sub-menu elementor-nav-menu--dropdown\">\n\t<li class=\"menu-item menu-item-type-custom menu-item-object-custom menu-item-22636\"><a href=\"\/site\/institucional\/integridade\/analise-de-riscos\/matriz-de-riscos-de-fraude-e-corrupcao\/\" class=\"elementor-sub-item\">Matriz de riscos de fraude e corrup\u00e7\u00e3o<\/a><\/li>\n\t<li class=\"menu-item menu-item-type-custom menu-item-object-custom menu-item-22637\"><a href=\"\/site\/institucional\/integridade\/analise-de-riscos\/avaliacao-de-riscos-estrategicos\/\" class=\"elementor-sub-item\">Avalia\u00e7\u00e3o de riscos estrat\u00e9gicos<\/a><\/li>\n\t<li class=\"menu-item menu-item-type-custom menu-item-object-custom menu-item-22638\"><a href=\"\/site\/institucional\/integridade\/analise-de-riscos\/avaliacao-de-riscos-relacionados-a-novos-negocios\/\" class=\"elementor-sub-item\">Avalia\u00e7\u00e3o de riscos relacionados a novos neg\u00f3cios<\/a><\/li>\n\t<li class=\"menu-item menu-item-type-custom menu-item-object-custom menu-item-22639\"><a href=\"\/site\/institucional\/integridade\/analise-de-riscos\/matriz-de-riscos-e-controles-internos\/\" class=\"elementor-sub-item\">Matriz de riscos de controles internos<\/a><\/li>\n<\/ul>\n<\/li>\n<li class=\"menu-item menu-item-type-custom menu-item-object-custom menu-item-has-children menu-item-22640\"><a href=\"\/site\/institucional\/integridade\/politicas-e-procedimentos\/\" class=\"elementor-item\">Pol\u00edticas e procedimentos<\/a>\n<ul class=\"sub-menu elementor-nav-menu--dropdown\">\n\t<li class=\"menu-item menu-item-type-custom menu-item-object-custom menu-item-22641\"><a href=\"\/site\/institucional\/integridade\/politicas-e-procedimentos\/politicas-e-procedimentos-controles-internos\" class=\"elementor-sub-item\">Pol\u00edticas corporativas<\/a><\/li>\n\t<li class=\"menu-item menu-item-type-custom menu-item-object-custom menu-item-22642\"><a href=\"\/site\/institucional\/integridade\/politicas-e-procedimentos\/politicas-e-procedimentos-norma-administrativa-copel-nac-e-niveis-de-competencia-nco\/\" class=\"elementor-sub-item\">Norma administrativa e n\u00edveis de compet\u00eancia<\/a><\/li>\n\t<li class=\"menu-item menu-item-type-custom menu-item-object-custom menu-item-22643\"><a href=\"\/site\/institucional\/integridade\/politicas-e-procedimentos\/politicas-e-procedimentos-procedimentos\/\" class=\"elementor-sub-item\">Procedimentos<\/a><\/li>\n<\/ul>\n<\/li>\n<li class=\"menu-item menu-item-type-custom menu-item-object-custom menu-item-has-children menu-item-22644\"><a href=\"\/site\/institucional\/integridade\/comunicacao-e-treinamento\/\" class=\"elementor-item\">Comunica\u00e7\u00e3o e treinamentos<\/a>\n<ul class=\"sub-menu elementor-nav-menu--dropdown\">\n\t<li class=\"menu-item menu-item-type-custom menu-item-object-custom menu-item-22645\"><a href=\"\/site\/institucional\/integridade\/comunicacao-e-treinamento\/comunicacao-e-treinamento-programa-embaixadores-de-compliance\/\" class=\"elementor-sub-item\">Programa embaixadores de compliance<\/a><\/li>\n\t<li class=\"menu-item menu-item-type-custom menu-item-object-custom menu-item-22646\"><a href=\"\/site\/institucional\/integridade\/comunicacao-e-treinamento\/comunicacao-e-treinamento-treinamentos-e-eventos\/\" class=\"elementor-sub-item\">Treinamentos e eventos<\/a><\/li>\n\t<li class=\"menu-item menu-item-type-custom menu-item-object-custom menu-item-22647\"><a href=\"\/site\/institucional\/integridade\/comunicacao-e-treinamento\/comunicacao-e-treinamento-alerta-compliance\/\" class=\"elementor-sub-item\">Alerta compliance<\/a><\/li>\n\t<li class=\"menu-item menu-item-type-custom menu-item-object-custom menu-item-22648\"><a href=\"\/site\/institucional\/integridade\/comunicacao-e-treinamento\/comunicacao-e-treinamento-portal-de-transparencia\/\" class=\"elementor-sub-item\">Portal da transpar\u00eancia<\/a><\/li>\n<\/ul>\n<\/li>\n<li class=\"menu-item menu-item-type-custom menu-item-object-custom menu-item-22649\"><a href=\"\/site\/institucional\/integridade\/monitoramento-do-programa\/\" class=\"elementor-item\">Monitoramento do programa<\/a><\/li>\n<\/ul>\t\t\t<\/nav>\n\t\t\t\t\t<div class=\"elementor-menu-toggle\" role=\"button\" tabindex=\"0\" aria-label=\"Menu Toggle\" aria-expanded=\"false\">\n\t\t\t<i aria-hidden=\"true\" role=\"presentation\" class=\"elementor-menu-toggle__icon--open eicon-menu-bar\"><\/i><i aria-hidden=\"true\" role=\"presentation\" class=\"elementor-menu-toggle__icon--close eicon-close\"><\/i>\t\t<\/div>\n\t\t\t\t\t<nav class=\"elementor-nav-menu--dropdown elementor-nav-menu__container\" aria-hidden=\"true\">\n\t\t\t\t<ul id=\"menu-2-7a84e237\" class=\"elementor-nav-menu sm-vertical\"><li class=\"menu-item menu-item-type-custom menu-item-object-custom menu-item-22627\"><a href=\"\/site\/institucional\/\" class=\"elementor-item\" tabindex=\"-1\">Institucional<\/a><\/li>\n<li class=\"menu-item menu-item-type-custom menu-item-object-custom menu-item-22183\"><a href=\"\/site\/institucional\/integridade\/\" class=\"elementor-item\" tabindex=\"-1\">Integridade<\/a><\/li>\n<li class=\"menu-item menu-item-type-custom menu-item-object-custom menu-item-has-children menu-item-22628\"><a href=\"\/site\/institucional\/integridade\/lideranca-e-estrutura\/\" class=\"elementor-item\" tabindex=\"-1\">Lideran\u00e7a e estrutura<\/a>\n<ul class=\"sub-menu elementor-nav-menu--dropdown\">\n\t<li class=\"menu-item menu-item-type-custom menu-item-object-custom menu-item-22629\"><a href=\"\/site\/institucional\/integridade\/lideranca-e-estrutura\/diretoria-governanca-risco-e-compliance\/\" class=\"elementor-sub-item\" tabindex=\"-1\">Diretoria de governan\u00e7a, risco e compliance<\/a><\/li>\n\t<li class=\"menu-item menu-item-type-custom menu-item-object-custom menu-item-22630\"><a href=\"\/site\/institucional\/governanca-corporativa\/comite-de-etica\/\" class=\"elementor-sub-item\" tabindex=\"-1\">Comit\u00ea de \u00e9tica<\/a><\/li>\n\t<li class=\"menu-item menu-item-type-custom menu-item-object-custom menu-item-22631\"><a href=\"\/site\/institucional\/integridade\/lideranca-e-estrutura\/codigo-conduta\/\" class=\"elementor-sub-item\" tabindex=\"-1\">C\u00f3digo de conduta<\/a><\/li>\n\t<li class=\"menu-item menu-item-type-custom menu-item-object-custom menu-item-22632\"><a href=\"\/site\/institucional\/integridade\/lideranca-e-estrutura\/comissao-de-analise-de-denuncia-de-assedio-moral\/\" class=\"elementor-sub-item\" tabindex=\"-1\">Comiss\u00e3o de an\u00e1lise de den\u00fancias de ass\u00e9dio moral<\/a><\/li>\n\t<li class=\"menu-item menu-item-type-custom menu-item-object-custom menu-item-22633\"><a href=\"\/site\/institucional\/integridade\/lideranca-e-estrutura\/canais-de-comunicacao\/\" class=\"elementor-sub-item\" tabindex=\"-1\">Canais de comunica\u00e7\u00e3o<\/a><\/li>\n\t<li class=\"menu-item menu-item-type-custom menu-item-object-custom menu-item-22634\"><a href=\"\/site\/institucional\/integridade\/lideranca-e-estrutura\/compromissos-voluntarios\/\" class=\"elementor-sub-item\" tabindex=\"-1\">Compromissos volunt\u00e1rios<\/a><\/li>\n<\/ul>\n<\/li>\n<li class=\"menu-item menu-item-type-custom menu-item-object-custom menu-item-has-children menu-item-22635\"><a href=\"\/site\/institucional\/integridade\/analise-de-riscos\/\" class=\"elementor-item\" tabindex=\"-1\">An\u00e1lise de riscos<\/a>\n<ul class=\"sub-menu elementor-nav-menu--dropdown\">\n\t<li class=\"menu-item menu-item-type-custom menu-item-object-custom menu-item-22636\"><a href=\"\/site\/institucional\/integridade\/analise-de-riscos\/matriz-de-riscos-de-fraude-e-corrupcao\/\" class=\"elementor-sub-item\" tabindex=\"-1\">Matriz de riscos de fraude e corrup\u00e7\u00e3o<\/a><\/li>\n\t<li class=\"menu-item menu-item-type-custom menu-item-object-custom menu-item-22637\"><a href=\"\/site\/institucional\/integridade\/analise-de-riscos\/avaliacao-de-riscos-estrategicos\/\" class=\"elementor-sub-item\" tabindex=\"-1\">Avalia\u00e7\u00e3o de riscos estrat\u00e9gicos<\/a><\/li>\n\t<li class=\"menu-item menu-item-type-custom menu-item-object-custom menu-item-22638\"><a href=\"\/site\/institucional\/integridade\/analise-de-riscos\/avaliacao-de-riscos-relacionados-a-novos-negocios\/\" class=\"elementor-sub-item\" tabindex=\"-1\">Avalia\u00e7\u00e3o de riscos relacionados a novos neg\u00f3cios<\/a><\/li>\n\t<li class=\"menu-item menu-item-type-custom menu-item-object-custom menu-item-22639\"><a href=\"\/site\/institucional\/integridade\/analise-de-riscos\/matriz-de-riscos-e-controles-internos\/\" class=\"elementor-sub-item\" tabindex=\"-1\">Matriz de riscos de controles internos<\/a><\/li>\n<\/ul>\n<\/li>\n<li class=\"menu-item menu-item-type-custom menu-item-object-custom menu-item-has-children menu-item-22640\"><a href=\"\/site\/institucional\/integridade\/politicas-e-procedimentos\/\" class=\"elementor-item\" tabindex=\"-1\">Pol\u00edticas e procedimentos<\/a>\n<ul class=\"sub-menu elementor-nav-menu--dropdown\">\n\t<li class=\"menu-item menu-item-type-custom menu-item-object-custom menu-item-22641\"><a href=\"\/site\/institucional\/integridade\/politicas-e-procedimentos\/politicas-e-procedimentos-controles-internos\" class=\"elementor-sub-item\" tabindex=\"-1\">Pol\u00edticas corporativas<\/a><\/li>\n\t<li class=\"menu-item menu-item-type-custom menu-item-object-custom menu-item-22642\"><a href=\"\/site\/institucional\/integridade\/politicas-e-procedimentos\/politicas-e-procedimentos-norma-administrativa-copel-nac-e-niveis-de-competencia-nco\/\" class=\"elementor-sub-item\" tabindex=\"-1\">Norma administrativa e n\u00edveis de compet\u00eancia<\/a><\/li>\n\t<li class=\"menu-item menu-item-type-custom menu-item-object-custom menu-item-22643\"><a href=\"\/site\/institucional\/integridade\/politicas-e-procedimentos\/politicas-e-procedimentos-procedimentos\/\" class=\"elementor-sub-item\" tabindex=\"-1\">Procedimentos<\/a><\/li>\n<\/ul>\n<\/li>\n<li class=\"menu-item menu-item-type-custom menu-item-object-custom menu-item-has-children menu-item-22644\"><a href=\"\/site\/institucional\/integridade\/comunicacao-e-treinamento\/\" class=\"elementor-item\" tabindex=\"-1\">Comunica\u00e7\u00e3o e treinamentos<\/a>\n<ul class=\"sub-menu elementor-nav-menu--dropdown\">\n\t<li class=\"menu-item menu-item-type-custom menu-item-object-custom menu-item-22645\"><a href=\"\/site\/institucional\/integridade\/comunicacao-e-treinamento\/comunicacao-e-treinamento-programa-embaixadores-de-compliance\/\" class=\"elementor-sub-item\" tabindex=\"-1\">Programa embaixadores de compliance<\/a><\/li>\n\t<li class=\"menu-item menu-item-type-custom menu-item-object-custom menu-item-22646\"><a href=\"\/site\/institucional\/integridade\/comunicacao-e-treinamento\/comunicacao-e-treinamento-treinamentos-e-eventos\/\" class=\"elementor-sub-item\" tabindex=\"-1\">Treinamentos e eventos<\/a><\/li>\n\t<li class=\"menu-item menu-item-type-custom menu-item-object-custom menu-item-22647\"><a href=\"\/site\/institucional\/integridade\/comunicacao-e-treinamento\/comunicacao-e-treinamento-alerta-compliance\/\" class=\"elementor-sub-item\" tabindex=\"-1\">Alerta compliance<\/a><\/li>\n\t<li class=\"menu-item menu-item-type-custom menu-item-object-custom menu-item-22648\"><a href=\"\/site\/institucional\/integridade\/comunicacao-e-treinamento\/comunicacao-e-treinamento-portal-de-transparencia\/\" class=\"elementor-sub-item\" tabindex=\"-1\">Portal da transpar\u00eancia<\/a><\/li>\n<\/ul>\n<\/li>\n<li class=\"menu-item menu-item-type-custom menu-item-object-custom menu-item-22649\"><a href=\"\/site\/institucional\/integridade\/monitoramento-do-programa\/\" class=\"elementor-item\" tabindex=\"-1\">Monitoramento do programa<\/a><\/li>\n<\/ul>\t\t\t<\/nav>\n\t\t\t\t\t\t<\/div>\n\t\t\t\t<\/div>\n\t\t\t\t\t<\/div>\n\t\t<\/div>\n\t\t\t\t<div class=\"elementor-column elementor-col-66 elementor-top-column elementor-element elementor-element-aed60e9\" data-id=\"aed60e9\" data-element_type=\"column\" data-e-type=\"column\">\n\t\t\t<div class=\"elementor-widget-wrap elementor-element-populated\">\n\t\t\t\t\t\t<div class=\"elementor-element elementor-element-2663086 elementor-widget elementor-widget-text-editor\" data-id=\"2663086\" data-element_type=\"widget\" data-e-type=\"widget\" data-widget_type=\"text-editor.default\">\n\t\t\t\t<div class=\"elementor-widget-container\">\n\t\t\t\t\t\t\t\t\t<p>A Comiss\u00e3o de An\u00e1lise de Den\u00fancias de Ass\u00e9dio Moral \u2013 CADAM foi criada em 2 de dezembro de 2009. Em maio do ano seguinte, estabeleceu regras sobre o tratamento das den\u00fancias de ass\u00e9dio moral na Companhia. A Comiss\u00e3o tem a atribui\u00e7\u00e3o de analisar as den\u00fancias de ass\u00e9dio moral na Companhia, colocando a Copel como empresa pioneira no pa\u00eds na implanta\u00e7\u00e3o de um processo preventivo que garante pr\u00e1ticas humanas e saud\u00e1veis na gest\u00e3o de pessoas.<\/p><p>Como atribui\u00e7\u00e3o complementar, cabe \u00e0 CADAM orientar os empregados em rela\u00e7\u00e3o \u00e0 preven\u00e7\u00e3o do ass\u00e9dio moral, em conson\u00e2ncia com a responsabilidade social e as melhores pr\u00e1ticas de governan\u00e7a corporativa.<\/p><p>Para esclarecer sobre o tema e auxiliar na identifica\u00e7\u00e3o de situa\u00e7\u00f5es consideradas ass\u00e9dio, foi desenvolvida a cartilha \u201c<a href=\"https:\/\/copel0.sharepoint.com\/:b:\/s\/documentos-site-copel\/EQndPZsZSJxMgNHhpU4et64BGwCykExa9kzIqUk3XKeNxQ?e=oFW6IJ\">Ass\u00e9dio Moral<\/a>\u201d. Acesse o conte\u00fado e conhe\u00e7a mais sobre esse assunto t\u00e3o importante e, se necess\u00e1rio, realize contato a CADAM pelo <a href=\"https:\/\/www.contatoseguro.com.br\/copel\">Canal de Den\u00fancias da Copel<\/a>.<\/p>\t\t\t\t\t\t\t\t<\/div>\n\t\t\t\t<\/div>\n\t\t\t\t\t<\/div>\n\t\t<\/div>\n\t\t\t\t\t<\/div>\n\t\t<\/section>\n\t\t\t\t<\/div>\n\t\t","protected":false},"excerpt":{"rendered":"<p>Comiss\u00e3o de an\u00e1lise de den\u00fancias de ass\u00e9dio moral A Comiss\u00e3o de An\u00e1lise de Den\u00fancias de Ass\u00e9dio Moral \u2013 CADAM foi criada em 2 de dezembro de 2009. Em maio do ano seguinte, estabeleceu regras sobre o tratamento das den\u00fancias de ass\u00e9dio moral na Companhia. A Comiss\u00e3o tem a atribui\u00e7\u00e3o de analisar as den\u00fancias de ass\u00e9dio [&hellip;]<\/p>\n","protected":false},"author":22,"featured_media":0,"parent":10095,"menu_order":0,"comment_status":"closed","ping_status":"closed","template":"elementor_header_footer","meta":{"_acf_changed":false,"footnotes":""},"categories":[],"tags":[],"wf_page_folders":[492],"class_list":["post-14269","page","type-page","status-publish","hentry"],"acf":[],"aioseo_notices":[],"_links":{"self":[{"href":"https:\/\/www.copel.com\/site\/wp-json\/wp\/v2\/pages\/14269","targetHints":{"allow":["GET"]}}],"collection":[{"href":"https:\/\/www.copel.com\/site\/wp-json\/wp\/v2\/pages"}],"about":[{"href":"https:\/\/www.copel.com\/site\/wp-json\/wp\/v2\/types\/page"}],"author":[{"embeddable":true,"href":"https:\/\/www.copel.com\/site\/wp-json\/wp\/v2\/users\/22"}],"replies":[{"embeddable":true,"href":"https:\/\/www.copel.com\/site\/wp-json\/wp\/v2\/comments?post=14269"}],"version-history":[{"count":12,"href":"https:\/\/www.copel.com\/site\/wp-json\/wp\/v2\/pages\/14269\/revisions"}],"predecessor-version":[{"id":45228,"href":"https:\/\/www.copel.com\/site\/wp-json\/wp\/v2\/pages\/14269\/revisions\/45228"}],"up":[{"embeddable":true,"href":"https:\/\/www.copel.com\/site\/wp-json\/wp\/v2\/pages\/10095"}],"wp:attachment":[{"href":"https:\/\/www.copel.com\/site\/wp-json\/wp\/v2\/media?parent=14269"}],"wp:term":[{"taxonomy":"category","embeddable":true,"href":"https:\/\/www.copel.com\/site\/wp-json\/wp\/v2\/categories?post=14269"},{"taxonomy":"post_tag","embeddable":true,"href":"https:\/\/www.copel.com\/site\/wp-json\/wp\/v2\/tags?post=14269"},{"taxonomy":"wf_page_folders","embeddable":true,"href":"https:\/\/www.copel.com\/site\/wp-json\/wp\/v2\/wf_page_folders?post=14269"}],"curies":[{"name":"wp","href":"https:\/\/api.w.org\/{rel}","templated":true}]}}