{"id":13520,"date":"2021-06-11T16:44:49","date_gmt":"2021-06-11T19:44:49","guid":{"rendered":"https:\/\/hml.copel.com\/hpcweb\/?page_id=13520"},"modified":"2024-07-26T16:14:41","modified_gmt":"2024-07-26T19:14:41","slug":"recapacitacao-das-linhas-de-transmissao-bateias-pilarzinho-e-santa-monica-pilarzinho","status":"publish","type":"page","link":"https:\/\/www.copel.com\/site\/copel-transmissao\/projetos-em-andamento\/recapacitacao-das-linhas-de-transmissao-bateias-pilarzinho-e-santa-monica-pilarzinho\/","title":{"rendered":"Recapacita\u00e7\u00e3o das linhas de transmiss\u00e3o Bateias &#8211; Pilarzinho e Santa M\u00f4nica &#8211; Pilarzinho."},"content":{"rendered":"\t\t<div data-elementor-type=\"wp-page\" data-elementor-id=\"13520\" class=\"elementor elementor-13520\" data-elementor-post-type=\"page\">\n\t\t\t\t\t\t<section class=\"elementor-section elementor-top-section elementor-element elementor-element-197afa6b elementor-section-full_width imgDestaque elementor-section-content-middle elementor-section-height-default elementor-section-height-default\" data-id=\"197afa6b\" data-element_type=\"section\" data-e-type=\"section\" data-settings=\"{&quot;background_background&quot;:&quot;classic&quot;}\">\n\t\t\t\t\t\t\t<div class=\"elementor-background-overlay\"><\/div>\n\t\t\t\t\t\t\t<div class=\"elementor-container elementor-column-gap-default\">\n\t\t\t\t\t<div class=\"elementor-column elementor-col-100 elementor-top-column elementor-element elementor-element-67c95f7c box-destaque\" data-id=\"67c95f7c\" data-element_type=\"column\" data-e-type=\"column\">\n\t\t\t<div class=\"elementor-widget-wrap elementor-element-populated\">\n\t\t\t\t\t\t<div class=\"elementor-element elementor-element-f7bd8f1 elementor-widget elementor-widget-heading\" data-id=\"f7bd8f1\" data-element_type=\"widget\" data-e-type=\"widget\" data-widget_type=\"heading.default\">\n\t\t\t\t<div class=\"elementor-widget-container\">\n\t\t\t\t\t<h1 class=\"elementor-heading-title elementor-size-default\">Recapacita\u00e7\u00e3o das linhas de transmiss\u00e3o Bateias \u2013 Pilarzinho e Santa M\u00f4nica \u2013 Pilarzinho.<\/h1>\t\t\t\t<\/div>\n\t\t\t\t<\/div>\n\t\t\t\t\t<\/div>\n\t\t<\/div>\n\t\t\t\t\t<\/div>\n\t\t<\/section>\n\t\t\t\t<section class=\"elementor-section elementor-top-section elementor-element elementor-element-4faeaa6 elementor-section-full_width elementor-section-height-default elementor-section-height-default\" data-id=\"4faeaa6\" data-element_type=\"section\" data-e-type=\"section\">\n\t\t\t\t\t\t<div class=\"elementor-container elementor-column-gap-default\">\n\t\t\t\t\t<div class=\"elementor-column elementor-col-33 elementor-top-column elementor-element elementor-element-4f0c8d76\" data-id=\"4f0c8d76\" data-element_type=\"column\" data-e-type=\"column\">\n\t\t\t<div class=\"elementor-widget-wrap elementor-element-populated\">\n\t\t\t\t\t\t<div class=\"elementor-element elementor-element-6a353065 elementor-nav-menu__align-justify menuTroca elementor-nav-menu--dropdown-tablet elementor-nav-menu__text-align-aside elementor-nav-menu--toggle elementor-nav-menu--burger elementor-widget elementor-widget-nav-menu\" data-id=\"6a353065\" data-element_type=\"widget\" data-e-type=\"widget\" data-settings=\"{&quot;layout&quot;:&quot;vertical&quot;,&quot;submenu_icon&quot;:{&quot;value&quot;:&quot;&lt;i class=\\&quot;fas fa-caret-down\\&quot; aria-hidden=\\&quot;true\\&quot;&gt;&lt;\\\/i&gt;&quot;,&quot;library&quot;:&quot;fa-solid&quot;},&quot;toggle&quot;:&quot;burger&quot;}\" data-widget_type=\"nav-menu.default\">\n\t\t\t\t<div class=\"elementor-widget-container\">\n\t\t\t\t\t\t\t\t<nav aria-label=\"Menu\" class=\"elementor-nav-menu--main elementor-nav-menu__container elementor-nav-menu--layout-vertical e--pointer-underline e--animation-fade\">\n\t\t\t\t<ul id=\"menu-1-6a353065\" class=\"elementor-nav-menu sm-vertical\"><li class=\"menu-item menu-item-type-custom menu-item-object-custom menu-item-23357\"><a href=\"\/site\/copel-transmissao\/\" class=\"elementor-item\">Copel Transmiss\u00e3o<\/a><\/li>\n<li class=\"menu-item menu-item-type-custom menu-item-object-custom menu-item-23405\"><a href=\"https:\/\/copel0.sharepoint.com\/:f:\/s\/documentos-site-copel\/EutTa7M4EmRKiHejMBb1TPgBolAcRtGXW9LMAfe3OlOugw?e=Ub5qP9\" class=\"elementor-item\">Certificados ISO<\/a><\/li>\n<li class=\"menu-item menu-item-type-custom menu-item-object-custom menu-item-23407\"><a href=\"https:\/\/ri.copel.com\/subsidiarias\/copel-geracao-e-transmissao-s-a\/\" class=\"elementor-item\">Demonstra\u00e7\u00f5es financeiras e cont\u00e1beis<\/a><\/li>\n<li class=\"menu-item menu-item-type-custom menu-item-object-custom menu-item-23408\"><a href=\"\/site\/institucional\/estatutos-sociais-e-regimentos-internos\/\" class=\"elementor-item\">Estatuto social<\/a><\/li>\n<li class=\"menu-item menu-item-type-custom menu-item-object-custom menu-item-23403\"><a href=\"\/site\/copel-transmissao\/faturas-copel-transmissao\/\" class=\"elementor-item\">Faturas Copel Transmiss\u00e3o<\/a><\/li>\n<li class=\"menu-item menu-item-type-custom menu-item-object-custom menu-item-23409\"><a href=\"\/site\/fornecedores-e-parceiros\/gestao-de-fornecedores-copel-geracao-transmissao\/\" class=\"elementor-item\">Gest\u00e3o de fornecedores<\/a><\/li>\n<li class=\"menu-item menu-item-type-custom menu-item-object-custom menu-item-23400\"><a href=\"\/site\/copel-transmissao\/linhas-e-subestacoes\/\" class=\"elementor-item\">Linhas e subesta\u00e7\u00f5es<\/a><\/li>\n<li class=\"menu-item menu-item-type-custom menu-item-object-custom menu-item-has-children menu-item-23401\"><a href=\"\/site\/copel-transmissao\/projetos-em-andamento\/\" class=\"elementor-item\">Projetos em andamento<\/a>\n<ul class=\"sub-menu elementor-nav-menu--dropdown\">\n\t<li class=\"menu-item menu-item-type-custom menu-item-object-custom menu-item-23402\"><a href=\"\/site\/copel-transmissao\/projetos-em-andamento\/recapacitacao-das-linhas-de-transmissao-bateias-pilarzinho-e-santa-monica-pilarzinho\/\" class=\"elementor-sub-item\">Recapacita\u00e7\u00e3o das LTs Bateias &#8211; Pilarzinho &#8211; Santa M\u00f4nica<\/a><\/li>\n<\/ul>\n<\/li>\n<li class=\"menu-item menu-item-type-custom menu-item-object-custom menu-item-23406\"><a href=\"https:\/\/ri.copel.com\/sustentabilidade\/relatorios-anuais-e-socioambientais\/\" class=\"elementor-item\">Relat\u00f3rios socioambientais<\/a><\/li>\n<li class=\"menu-item menu-item-type-custom menu-item-object-custom menu-item-23404\"><a href=\"\/site\/copel-transmissao\/contato-copel-transmissao\/\" class=\"elementor-item\">Contato<\/a><\/li>\n<li class=\"menu-item menu-item-type-post_type menu-item-object-page menu-item-27690\"><a href=\"https:\/\/www.copel.com\/site\/copel-geracao\/cadastro-ambiental-rural-car\/\" class=\"elementor-item\">Cadastro ambiental rural \u2013 CAR<\/a><\/li>\n<\/ul>\t\t\t<\/nav>\n\t\t\t\t\t<div class=\"elementor-menu-toggle\" role=\"button\" tabindex=\"0\" aria-label=\"Menu Toggle\" aria-expanded=\"false\">\n\t\t\t<i aria-hidden=\"true\" role=\"presentation\" class=\"elementor-menu-toggle__icon--open eicon-menu-bar\"><\/i><i aria-hidden=\"true\" role=\"presentation\" class=\"elementor-menu-toggle__icon--close eicon-close\"><\/i>\t\t<\/div>\n\t\t\t\t\t<nav class=\"elementor-nav-menu--dropdown elementor-nav-menu__container\" aria-hidden=\"true\">\n\t\t\t\t<ul id=\"menu-2-6a353065\" class=\"elementor-nav-menu sm-vertical\"><li class=\"menu-item menu-item-type-custom menu-item-object-custom menu-item-23357\"><a href=\"\/site\/copel-transmissao\/\" class=\"elementor-item\" tabindex=\"-1\">Copel Transmiss\u00e3o<\/a><\/li>\n<li class=\"menu-item menu-item-type-custom menu-item-object-custom menu-item-23405\"><a href=\"https:\/\/copel0.sharepoint.com\/:f:\/s\/documentos-site-copel\/EutTa7M4EmRKiHejMBb1TPgBolAcRtGXW9LMAfe3OlOugw?e=Ub5qP9\" class=\"elementor-item\" tabindex=\"-1\">Certificados ISO<\/a><\/li>\n<li class=\"menu-item menu-item-type-custom menu-item-object-custom menu-item-23407\"><a href=\"https:\/\/ri.copel.com\/subsidiarias\/copel-geracao-e-transmissao-s-a\/\" class=\"elementor-item\" tabindex=\"-1\">Demonstra\u00e7\u00f5es financeiras e cont\u00e1beis<\/a><\/li>\n<li class=\"menu-item menu-item-type-custom menu-item-object-custom menu-item-23408\"><a href=\"\/site\/institucional\/estatutos-sociais-e-regimentos-internos\/\" class=\"elementor-item\" tabindex=\"-1\">Estatuto social<\/a><\/li>\n<li class=\"menu-item menu-item-type-custom menu-item-object-custom menu-item-23403\"><a href=\"\/site\/copel-transmissao\/faturas-copel-transmissao\/\" class=\"elementor-item\" tabindex=\"-1\">Faturas Copel Transmiss\u00e3o<\/a><\/li>\n<li class=\"menu-item menu-item-type-custom menu-item-object-custom menu-item-23409\"><a href=\"\/site\/fornecedores-e-parceiros\/gestao-de-fornecedores-copel-geracao-transmissao\/\" class=\"elementor-item\" tabindex=\"-1\">Gest\u00e3o de fornecedores<\/a><\/li>\n<li class=\"menu-item menu-item-type-custom menu-item-object-custom menu-item-23400\"><a href=\"\/site\/copel-transmissao\/linhas-e-subestacoes\/\" class=\"elementor-item\" tabindex=\"-1\">Linhas e subesta\u00e7\u00f5es<\/a><\/li>\n<li class=\"menu-item menu-item-type-custom menu-item-object-custom menu-item-has-children menu-item-23401\"><a href=\"\/site\/copel-transmissao\/projetos-em-andamento\/\" class=\"elementor-item\" tabindex=\"-1\">Projetos em andamento<\/a>\n<ul class=\"sub-menu elementor-nav-menu--dropdown\">\n\t<li class=\"menu-item menu-item-type-custom menu-item-object-custom menu-item-23402\"><a href=\"\/site\/copel-transmissao\/projetos-em-andamento\/recapacitacao-das-linhas-de-transmissao-bateias-pilarzinho-e-santa-monica-pilarzinho\/\" class=\"elementor-sub-item\" tabindex=\"-1\">Recapacita\u00e7\u00e3o das LTs Bateias &#8211; Pilarzinho &#8211; Santa M\u00f4nica<\/a><\/li>\n<\/ul>\n<\/li>\n<li class=\"menu-item menu-item-type-custom menu-item-object-custom menu-item-23406\"><a href=\"https:\/\/ri.copel.com\/sustentabilidade\/relatorios-anuais-e-socioambientais\/\" class=\"elementor-item\" tabindex=\"-1\">Relat\u00f3rios socioambientais<\/a><\/li>\n<li class=\"menu-item menu-item-type-custom menu-item-object-custom menu-item-23404\"><a href=\"\/site\/copel-transmissao\/contato-copel-transmissao\/\" class=\"elementor-item\" tabindex=\"-1\">Contato<\/a><\/li>\n<li class=\"menu-item menu-item-type-post_type menu-item-object-page menu-item-27690\"><a href=\"https:\/\/www.copel.com\/site\/copel-geracao\/cadastro-ambiental-rural-car\/\" class=\"elementor-item\" tabindex=\"-1\">Cadastro ambiental rural \u2013 CAR<\/a><\/li>\n<\/ul>\t\t\t<\/nav>\n\t\t\t\t\t\t<\/div>\n\t\t\t\t<\/div>\n\t\t\t\t\t<\/div>\n\t\t<\/div>\n\t\t\t\t<div class=\"elementor-column elementor-col-66 elementor-top-column elementor-element elementor-element-3a3afcf0\" data-id=\"3a3afcf0\" data-element_type=\"column\" data-e-type=\"column\">\n\t\t\t<div class=\"elementor-widget-wrap elementor-element-populated\">\n\t\t\t\t\t\t<div class=\"elementor-element elementor-element-1e77655 text-content elementor-widget elementor-widget-text-editor\" data-id=\"1e77655\" data-element_type=\"widget\" data-e-type=\"widget\" data-widget_type=\"text-editor.default\">\n\t\t\t\t<div class=\"elementor-widget-container\">\n\t\t\t\t\t\t\t\t\t<p>A Copel vai refor\u00e7ar o sistema de transmiss\u00e3o em Curitiba e na Regi\u00e3o Metropolitana (RMC) com as obras de recapacita\u00e7\u00e3o de duas importantes linhas de transmiss\u00e3o.<\/p><p>Essas linhas conectam a subesta\u00e7\u00e3o Pilarzinho, localizada em Curitiba, \u00e0s subesta\u00e7\u00f5es Santa M\u00f4nica, localizada em Colombo, e Bateias, localizada em Campo Largo. Esses dois circuitos transportam energia em alta tens\u00e3o (230 mil volts) e s\u00e3o fundamentais para o atendimento de toda a RMC.<\/p><p>As obras previstas para essas linhas t\u00eam por objetivo aumentar a capacidade de transmiss\u00e3o de energia el\u00e9trica. Para isso, \u00e9 necess\u00e1ria a substitui\u00e7\u00e3o de todos os cabos condutores de eletricidade e realizar refor\u00e7os nas torres met\u00e1licas e funda\u00e7\u00f5es. Tudo isso para garantir o fornecimento seguro e constante de energia nos pr\u00f3ximos anos para uma popula\u00e7\u00e3o de aproximadamente mais de 840 mil pessoas.<\/p><p>Essa moderniza\u00e7\u00e3o das linhas de transmiss\u00e3o foi autorizada pela Ag\u00eancia Nacional de Energia El\u00e9trica (Aneel), por meio da Resolu\u00e7\u00e3o Autorizativa n\u00ba 8.543 em 21 de janeiro de 2020.<\/p><p><strong>Est\u00e1gio atual do projeto<\/strong><\/p><p>Atualmente, a Copel est\u00e1 realizando o processo de contrata\u00e7\u00e3o da empresa que vai executar as obras. A previs\u00e3o \u00e9 de que os trabalhos em campo comecem em julho de 2021 e se estendam at\u00e9 janeiro de 2023.<\/p><p><strong>Pesquisa com moradores<\/strong><\/p><p>Considerando que as linhas de transmiss\u00e3o se localizam em \u00e1reas urbanas dos munic\u00edpios de Curitiba, Almirante Tamandar\u00e9, Campo Largo, Campo Magro e Colombo, a Copel realiza uma campanha de pesquisa presencial junto \u00e0s comunidades pr\u00f3ximas ao empreendimento a fim de elaborar o diagn\u00f3stico socioecon\u00f4mico, com proposi\u00e7\u00e3o de medidas para assegurar a seguran\u00e7a da popula\u00e7\u00e3o e comunica\u00e7\u00e3o com os envolvidos durante todo o processo.<\/p><p>A empresa contratada pela Copel e respons\u00e1vel pelas entrevistas e aplica\u00e7\u00e3o dos question\u00e1rios junto \u00e0 popula\u00e7\u00e3o \u00e9 a ANX Engenharia e Arqueologia Ltda, conforme a licita\u00e7\u00e3o p\u00fablica realizada por meio do preg\u00e3o eletr\u00f4nico SGT200237l.<\/p><p>As informa\u00e7\u00f5es coletadas s\u00e3o para uso exclusivo da Companhia e t\u00eam a finalidade de subsidiar diagn\u00f3stico socioecon\u00f4mico da localidade para melhor orientar as obras de recapacita\u00e7\u00e3o, tanto para a popula\u00e7\u00e3o em geral, quanto para os trabalhadores envolvidos no empreendimento. Al\u00e9m disso, as informa\u00e7\u00f5es permitir\u00e3o o acompanhamento adequado da evolu\u00e7\u00e3o das obras, criando sinergia entre os servi\u00e7os essenciais de transmiss\u00e3o de energia el\u00e9trica e a rotina da comunidade.<\/p>\t\t\t\t\t\t\t\t<\/div>\n\t\t\t\t<\/div>\n\t\t\t\t<div class=\"elementor-element elementor-element-7bd5f30 elementor--h-position-center elementor--v-position-middle elementor-arrows-position-inside elementor-pagination-position-inside elementor-widget elementor-widget-slides\" data-id=\"7bd5f30\" data-element_type=\"widget\" data-e-type=\"widget\" data-settings=\"{&quot;navigation&quot;:&quot;both&quot;,&quot;autoplay&quot;:&quot;yes&quot;,&quot;pause_on_hover&quot;:&quot;yes&quot;,&quot;pause_on_interaction&quot;:&quot;yes&quot;,&quot;autoplay_speed&quot;:5000,&quot;infinite&quot;:&quot;yes&quot;,&quot;transition&quot;:&quot;slide&quot;,&quot;transition_speed&quot;:500}\" data-widget_type=\"slides.default\">\n\t\t\t\t<div class=\"elementor-widget-container\">\n\t\t\t\t\t\t\t\t\t<div class=\"elementor-swiper\">\n\t\t\t\t\t<div class=\"elementor-slides-wrapper elementor-main-swiper swiper\" role=\"region\" aria-roledescription=\"carousel\" aria-label=\"Slides\" dir=\"ltr\" data-animation=\"fadeInUp\">\n\t\t\t\t<div class=\"swiper-wrapper elementor-slides\">\n\t\t\t\t\t\t\t\t\t\t<div class=\"elementor-repeater-item-e08d9c2 swiper-slide\" role=\"group\" aria-roledescription=\"slide\"><div class=\"swiper-slide-bg\" role=\"img\" aria-label=\"\"><\/div><div class=\"swiper-slide-inner\" ><div class=\"swiper-slide-contents\"><\/div><\/div><\/div><div class=\"elementor-repeater-item-d474a4d swiper-slide\" role=\"group\" aria-roledescription=\"slide\"><div class=\"swiper-slide-bg\" role=\"img\" aria-label=\"\"><\/div><div class=\"swiper-slide-inner\" ><div class=\"swiper-slide-contents\"><\/div><\/div><\/div><div class=\"elementor-repeater-item-def0bbd swiper-slide\" role=\"group\" aria-roledescription=\"slide\"><div class=\"swiper-slide-bg\" role=\"img\" aria-label=\"\"><\/div><div class=\"swiper-slide-inner\" ><div class=\"swiper-slide-contents\"><\/div><\/div><\/div>\t\t\t\t<\/div>\n\t\t\t\t\t\t\t\t\t\t\t\t\t\t\t<div class=\"elementor-swiper-button elementor-swiper-button-prev\" role=\"button\" tabindex=\"0\" aria-label=\"Previous slide\">\n\t\t\t\t\t\t\t<i aria-hidden=\"true\" class=\"eicon-chevron-left\"><\/i>\t\t\t\t\t\t<\/div>\n\t\t\t\t\t\t<div class=\"elementor-swiper-button elementor-swiper-button-next\" role=\"button\" tabindex=\"0\" aria-label=\"Next slide\">\n\t\t\t\t\t\t\t<i aria-hidden=\"true\" class=\"eicon-chevron-right\"><\/i>\t\t\t\t\t\t<\/div>\n\t\t\t\t\t\t\t\t\t\t\t\t\t\t\t\t<div class=\"swiper-pagination\"><\/div>\n\t\t\t\t\t\t\t\t\t\t\t\t<\/div>\n\t\t\t\t<\/div>\n\t\t\t\t\t\t\t\t<\/div>\n\t\t\t\t<\/div>\n\t\t\t\t\t<\/div>\n\t\t<\/div>\n\t\t\t\t\t<\/div>\n\t\t<\/section>\n\t\t\t\t<\/div>\n\t\t","protected":false},"excerpt":{"rendered":"<p>Recapacita\u00e7\u00e3o das linhas de transmiss\u00e3o Bateias \u2013 Pilarzinho e Santa M\u00f4nica \u2013 Pilarzinho. A Copel vai refor\u00e7ar o sistema de transmiss\u00e3o em Curitiba e na Regi\u00e3o Metropolitana (RMC) com as obras de recapacita\u00e7\u00e3o de duas importantes linhas de transmiss\u00e3o. Essas linhas conectam a subesta\u00e7\u00e3o Pilarzinho, localizada em Curitiba, \u00e0s subesta\u00e7\u00f5es Santa M\u00f4nica, localizada em Colombo, [&hellip;]<\/p>\n","protected":false},"author":6,"featured_media":0,"parent":23323,"menu_order":0,"comment_status":"closed","ping_status":"closed","template":"elementor_header_footer","meta":{"_acf_changed":false,"footnotes":""},"categories":[],"tags":[],"wf_page_folders":[504],"class_list":["post-13520","page","type-page","status-publish","hentry"],"acf":[],"aioseo_notices":[],"_links":{"self":[{"href":"https:\/\/www.copel.com\/site\/wp-json\/wp\/v2\/pages\/13520","targetHints":{"allow":["GET"]}}],"collection":[{"href":"https:\/\/www.copel.com\/site\/wp-json\/wp\/v2\/pages"}],"about":[{"href":"https:\/\/www.copel.com\/site\/wp-json\/wp\/v2\/types\/page"}],"author":[{"embeddable":true,"href":"https:\/\/www.copel.com\/site\/wp-json\/wp\/v2\/users\/6"}],"replies":[{"embeddable":true,"href":"https:\/\/www.copel.com\/site\/wp-json\/wp\/v2\/comments?post=13520"}],"version-history":[{"count":3,"href":"https:\/\/www.copel.com\/site\/wp-json\/wp\/v2\/pages\/13520\/revisions"}],"predecessor-version":[{"id":39812,"href":"https:\/\/www.copel.com\/site\/wp-json\/wp\/v2\/pages\/13520\/revisions\/39812"}],"up":[{"embeddable":true,"href":"https:\/\/www.copel.com\/site\/wp-json\/wp\/v2\/pages\/23323"}],"wp:attachment":[{"href":"https:\/\/www.copel.com\/site\/wp-json\/wp\/v2\/media?parent=13520"}],"wp:term":[{"taxonomy":"category","embeddable":true,"href":"https:\/\/www.copel.com\/site\/wp-json\/wp\/v2\/categories?post=13520"},{"taxonomy":"post_tag","embeddable":true,"href":"https:\/\/www.copel.com\/site\/wp-json\/wp\/v2\/tags?post=13520"},{"taxonomy":"wf_page_folders","embeddable":true,"href":"https:\/\/www.copel.com\/site\/wp-json\/wp\/v2\/wf_page_folders?post=13520"}],"curies":[{"name":"wp","href":"https:\/\/api.w.org\/{rel}","templated":true}]}}