{"id":12480,"date":"2021-05-10T16:05:31","date_gmt":"2021-05-10T19:05:31","guid":{"rendered":"https:\/\/hml.copel.com\/hpcweb\/?page_id=12480"},"modified":"2024-07-26T16:20:24","modified_gmt":"2024-07-26T19:20:24","slug":"complexo-eolico-bento-miguel","status":"publish","type":"page","link":"https:\/\/www.copel.com\/site\/copel-geracao\/usinas\/complexo-eolico-bento-miguel\/","title":{"rendered":"Complexo e\u00f3lico Bento Miguel"},"content":{"rendered":"\t\t<div data-elementor-type=\"wp-page\" data-elementor-id=\"12480\" class=\"elementor elementor-12480\" data-elementor-post-type=\"page\">\n\t\t\t\t\t\t<section class=\"elementor-section elementor-top-section elementor-element elementor-element-70a0865c elementor-section-full_width imgDestaque elementor-section-content-middle elementor-section-height-default elementor-section-height-default\" data-id=\"70a0865c\" data-element_type=\"section\" data-e-type=\"section\" data-settings=\"{&quot;background_background&quot;:&quot;classic&quot;}\">\n\t\t\t\t\t\t\t<div class=\"elementor-background-overlay\"><\/div>\n\t\t\t\t\t\t\t<div class=\"elementor-container elementor-column-gap-default\">\n\t\t\t\t\t<div class=\"elementor-column elementor-col-100 elementor-top-column elementor-element elementor-element-6b2f7f50 box-destaque\" data-id=\"6b2f7f50\" data-element_type=\"column\" data-e-type=\"column\">\n\t\t\t<div class=\"elementor-widget-wrap elementor-element-populated\">\n\t\t\t\t\t\t<div class=\"elementor-element elementor-element-11dafba7 elementor-widget elementor-widget-heading\" data-id=\"11dafba7\" data-element_type=\"widget\" data-e-type=\"widget\" data-widget_type=\"heading.default\">\n\t\t\t\t<div class=\"elementor-widget-container\">\n\t\t\t\t\t<h1 class=\"elementor-heading-title elementor-size-default\">Complexo e\u00f3lico Bento Miguel<\/h1>\t\t\t\t<\/div>\n\t\t\t\t<\/div>\n\t\t\t\t\t<\/div>\n\t\t<\/div>\n\t\t\t\t\t<\/div>\n\t\t<\/section>\n\t\t\t\t<section class=\"elementor-section elementor-top-section elementor-element elementor-element-f6c1d56 elementor-section-full_width elementor-section-height-default elementor-section-height-default\" data-id=\"f6c1d56\" data-element_type=\"section\" data-e-type=\"section\">\n\t\t\t\t\t\t<div class=\"elementor-container elementor-column-gap-default\">\n\t\t\t\t\t<div class=\"elementor-column elementor-col-33 elementor-top-column elementor-element elementor-element-50ed1df6\" data-id=\"50ed1df6\" data-element_type=\"column\" data-e-type=\"column\">\n\t\t\t<div class=\"elementor-widget-wrap elementor-element-populated\">\n\t\t\t\t\t\t<div class=\"elementor-element elementor-element-57ebacf7 elementor-nav-menu__align-justify menuTroca elementor-nav-menu--dropdown-tablet elementor-nav-menu__text-align-aside elementor-nav-menu--toggle elementor-nav-menu--burger elementor-widget elementor-widget-nav-menu\" data-id=\"57ebacf7\" data-element_type=\"widget\" data-e-type=\"widget\" data-settings=\"{&quot;layout&quot;:&quot;vertical&quot;,&quot;submenu_icon&quot;:{&quot;value&quot;:&quot;&lt;i class=\\&quot;fas fa-caret-down\\&quot; aria-hidden=\\&quot;true\\&quot;&gt;&lt;\\\/i&gt;&quot;,&quot;library&quot;:&quot;fa-solid&quot;},&quot;toggle&quot;:&quot;burger&quot;}\" data-widget_type=\"nav-menu.default\">\n\t\t\t\t<div class=\"elementor-widget-container\">\n\t\t\t\t\t\t\t\t<nav aria-label=\"Menu\" class=\"elementor-nav-menu--main elementor-nav-menu__container elementor-nav-menu--layout-vertical e--pointer-underline e--animation-fade\">\n\t\t\t\t<ul id=\"menu-1-57ebacf7\" class=\"elementor-nav-menu sm-vertical\"><li class=\"menu-item menu-item-type-post_type menu-item-object-page menu-item-50781\"><a href=\"https:\/\/www.copel.com\/site\/copel-geracao\/\" class=\"elementor-item\">Copel Gera\u00e7\u00e3o<\/a><\/li>\n<li class=\"menu-item menu-item-type-post_type menu-item-object-page menu-item-50782\"><a href=\"https:\/\/www.copel.com\/site\/copel-geracao\/bordas-de-reservatorios\/\" class=\"elementor-item\">Bordas de reservat\u00f3rios<\/a><\/li>\n<li class=\"menu-item menu-item-type-post_type menu-item-object-page menu-item-50788\"><a href=\"https:\/\/www.copel.com\/site\/copel-geracao\/cadastro-ambiental-rural-car\/\" class=\"elementor-item\">Cadastro ambiental rural \u2013 CAR<\/a><\/li>\n<li class=\"menu-item menu-item-type-custom menu-item-object-custom menu-item-50787\"><a href=\"https:\/\/ri.copel.com\/subsidiarias\/copel-geracao-e-transmissao-s-a\/\" class=\"elementor-item\">Demonstra\u00e7\u00f5es financeiras e cont\u00e1beis<\/a><\/li>\n<li class=\"menu-item menu-item-type-post_type menu-item-object-page menu-item-50790\"><a href=\"https:\/\/www.copel.com\/site\/fornecedores-e-parceiros\/gestao-de-fornecedores-copel\/\" class=\"elementor-item\">Gest\u00e3o de fornecedores Copel<\/a><\/li>\n<li class=\"menu-item menu-item-type-post_type menu-item-object-page menu-item-50785\"><a href=\"https:\/\/www.copel.com\/site\/copel-geracao\/monitoramento-hidrologico\/\" class=\"elementor-item\">Monitoramento hidrol\u00f3gico<\/a><\/li>\n<li class=\"menu-item menu-item-type-post_type menu-item-object-page menu-item-50783\"><a href=\"https:\/\/www.copel.com\/site\/copel-geracao\/projetos-em-andamento\/\" class=\"elementor-item\">Projetos em andamento<\/a><\/li>\n<li class=\"menu-item menu-item-type-post_type menu-item-object-page menu-item-50789\"><a href=\"https:\/\/www.copel.com\/site\/copel-geracao\/seguranca-na-comunidade\/\" class=\"elementor-item\">Seguran\u00e7a na comunidade<\/a><\/li>\n<li class=\"menu-item menu-item-type-custom menu-item-object-custom menu-item-50786\"><a href=\"https:\/\/www.copel.com\/site\/copel-geracao\/#gestao-integrada\" class=\"elementor-item elementor-item-anchor\">Sistema integrado de gest\u00e3o<\/a><\/li>\n<li class=\"menu-item menu-item-type-post_type menu-item-object-page menu-item-50791\"><a href=\"https:\/\/www.copel.com\/site\/copel-geracao\/usinas\/\" class=\"elementor-item\">Usinas<\/a><\/li>\n<\/ul>\t\t\t<\/nav>\n\t\t\t\t\t<div class=\"elementor-menu-toggle\" role=\"button\" tabindex=\"0\" aria-label=\"Menu Toggle\" aria-expanded=\"false\">\n\t\t\t<i aria-hidden=\"true\" role=\"presentation\" class=\"elementor-menu-toggle__icon--open eicon-menu-bar\"><\/i><i aria-hidden=\"true\" role=\"presentation\" class=\"elementor-menu-toggle__icon--close eicon-close\"><\/i>\t\t<\/div>\n\t\t\t\t\t<nav class=\"elementor-nav-menu--dropdown elementor-nav-menu__container\" aria-hidden=\"true\">\n\t\t\t\t<ul id=\"menu-2-57ebacf7\" class=\"elementor-nav-menu sm-vertical\"><li class=\"menu-item menu-item-type-post_type menu-item-object-page menu-item-50781\"><a href=\"https:\/\/www.copel.com\/site\/copel-geracao\/\" class=\"elementor-item\" tabindex=\"-1\">Copel Gera\u00e7\u00e3o<\/a><\/li>\n<li class=\"menu-item menu-item-type-post_type menu-item-object-page menu-item-50782\"><a href=\"https:\/\/www.copel.com\/site\/copel-geracao\/bordas-de-reservatorios\/\" class=\"elementor-item\" tabindex=\"-1\">Bordas de reservat\u00f3rios<\/a><\/li>\n<li class=\"menu-item menu-item-type-post_type menu-item-object-page menu-item-50788\"><a href=\"https:\/\/www.copel.com\/site\/copel-geracao\/cadastro-ambiental-rural-car\/\" class=\"elementor-item\" tabindex=\"-1\">Cadastro ambiental rural \u2013 CAR<\/a><\/li>\n<li class=\"menu-item menu-item-type-custom menu-item-object-custom menu-item-50787\"><a href=\"https:\/\/ri.copel.com\/subsidiarias\/copel-geracao-e-transmissao-s-a\/\" class=\"elementor-item\" tabindex=\"-1\">Demonstra\u00e7\u00f5es financeiras e cont\u00e1beis<\/a><\/li>\n<li class=\"menu-item menu-item-type-post_type menu-item-object-page menu-item-50790\"><a href=\"https:\/\/www.copel.com\/site\/fornecedores-e-parceiros\/gestao-de-fornecedores-copel\/\" class=\"elementor-item\" tabindex=\"-1\">Gest\u00e3o de fornecedores Copel<\/a><\/li>\n<li class=\"menu-item menu-item-type-post_type menu-item-object-page menu-item-50785\"><a href=\"https:\/\/www.copel.com\/site\/copel-geracao\/monitoramento-hidrologico\/\" class=\"elementor-item\" tabindex=\"-1\">Monitoramento hidrol\u00f3gico<\/a><\/li>\n<li class=\"menu-item menu-item-type-post_type menu-item-object-page menu-item-50783\"><a href=\"https:\/\/www.copel.com\/site\/copel-geracao\/projetos-em-andamento\/\" class=\"elementor-item\" tabindex=\"-1\">Projetos em andamento<\/a><\/li>\n<li class=\"menu-item menu-item-type-post_type menu-item-object-page menu-item-50789\"><a href=\"https:\/\/www.copel.com\/site\/copel-geracao\/seguranca-na-comunidade\/\" class=\"elementor-item\" tabindex=\"-1\">Seguran\u00e7a na comunidade<\/a><\/li>\n<li class=\"menu-item menu-item-type-custom menu-item-object-custom menu-item-50786\"><a href=\"https:\/\/www.copel.com\/site\/copel-geracao\/#gestao-integrada\" class=\"elementor-item elementor-item-anchor\" tabindex=\"-1\">Sistema integrado de gest\u00e3o<\/a><\/li>\n<li class=\"menu-item menu-item-type-post_type menu-item-object-page menu-item-50791\"><a href=\"https:\/\/www.copel.com\/site\/copel-geracao\/usinas\/\" class=\"elementor-item\" tabindex=\"-1\">Usinas<\/a><\/li>\n<\/ul>\t\t\t<\/nav>\n\t\t\t\t\t\t<\/div>\n\t\t\t\t<\/div>\n\t\t\t\t\t<\/div>\n\t\t<\/div>\n\t\t\t\t<div class=\"elementor-column elementor-col-66 elementor-top-column elementor-element elementor-element-8e53646\" data-id=\"8e53646\" data-element_type=\"column\" data-e-type=\"column\">\n\t\t\t<div class=\"elementor-widget-wrap elementor-element-populated\">\n\t\t\t\t\t\t<div class=\"elementor-element elementor-element-4b54419 elementor-widget elementor-widget-image\" data-id=\"4b54419\" data-element_type=\"widget\" data-e-type=\"widget\" data-widget_type=\"image.default\">\n\t\t\t\t<div class=\"elementor-widget-container\">\n\t\t\t\t\t\t\t\t\t\t\t\t\t\t\t<img fetchpriority=\"high\" decoding=\"async\" width=\"800\" height=\"532\" src=\"https:\/\/www.copel.com\/site\/wp-content\/uploads\/2022\/03\/Parque-eolico-em-Sao-Bento-RN-1-1024x681-1.jpg\" class=\"attachment-large size-large wp-image-22991\" alt=\"\" srcset=\"https:\/\/www.copel.com\/site\/wp-content\/uploads\/2022\/03\/Parque-eolico-em-Sao-Bento-RN-1-1024x681-1.jpg 1024w, https:\/\/www.copel.com\/site\/wp-content\/uploads\/2022\/03\/Parque-eolico-em-Sao-Bento-RN-1-1024x681-1-300x200.jpg 300w, https:\/\/www.copel.com\/site\/wp-content\/uploads\/2022\/03\/Parque-eolico-em-Sao-Bento-RN-1-1024x681-1-768x511.jpg 768w\" sizes=\"(max-width: 800px) 100vw, 800px\" \/>\t\t\t\t\t\t\t\t\t\t\t\t\t\t\t<\/div>\n\t\t\t\t<\/div>\n\t\t\t\t<div class=\"elementor-element elementor-element-01da018 text-content elementor-widget elementor-widget-text-editor\" data-id=\"01da018\" data-element_type=\"widget\" data-e-type=\"widget\" data-widget_type=\"text-editor.default\">\n\t\t\t\t<div class=\"elementor-widget-container\">\n\t\t\t\t\t\t\t\t\tO Complexo E\u00f3lico Bento Miguel est\u00e1 localizado no munic\u00edpio de S\u00e3o Bento do Norte &#8211; no Rio Grande do Norte, tem 132,30 MW de pot\u00eancia instalada e \u00e9 composto pelos seguintes Parques E\u00f3licos:\n<ul>\n \t<li>S\u00e3o Bento I;<\/li>\n \t<li>S\u00e3o Bento II;<\/li>\n \t<li>S\u00e3o Bento III;<\/li>\n \t<li>S\u00e3o Miguel I;<\/li>\n \t<li>S\u00e3o Miguel II;<\/li>\n \t<li>S\u00e3o Miguel III.<\/li>\n<\/ul>\n&nbsp;\n<table>\n<tbody>\n<tr>\n<th>Nome<\/th>\n<th>Pot\u00eancia total instalada (em MW)<\/th>\n<th>N\u00famero de aerogeradores<\/th>\n<\/tr>\n<tr>\n<td>Complexo Bento Miguel<\/td>\n<td>132.30<\/td>\n<td>&#8211;<\/td>\n<\/tr>\n<tr>\n<td>S\u00e3o Bento do Norte I<\/td>\n<td>23.10<\/td>\n<td>11<\/td>\n<\/tr>\n<tr>\n<td>S\u00e3o Bento do Norte II<\/td>\n<td>23.10<\/td>\n<td>11<\/td>\n<\/tr>\n<tr>\n<td>S\u00e3o Bento do Norte III<\/td>\n<td>23.10<\/td>\n<td>11<\/td>\n<\/tr>\n<tr>\n<td>S\u00e3o Miguel I<\/td>\n<td>21.00<\/td>\n<td>10<\/td>\n<\/tr>\n<tr>\n<td>S\u00e3o Miguel II<\/td>\n<td>21.00<\/td>\n<td>10<\/td>\n<\/tr>\n<tr>\n<td>S\u00e3o Miguel III<\/td>\n<td>21.00<\/td>\n<td>10<\/td>\n<\/tr>\n<\/tbody>\n<\/table>\t\t\t\t\t\t\t\t<\/div>\n\t\t\t\t<\/div>\n\t\t\t\t<div class=\"elementor-element elementor-element-a638e93 elementor-widget elementor-widget-heading\" data-id=\"a638e93\" data-element_type=\"widget\" data-e-type=\"widget\" data-widget_type=\"heading.default\">\n\t\t\t\t<div class=\"elementor-widget-container\">\n\t\t\t\t\t<h4 class=\"elementor-heading-title elementor-size-default\">Contato<\/h4>\t\t\t\t<\/div>\n\t\t\t\t<\/div>\n\t\t\t\t<div class=\"elementor-element elementor-element-8afc6b0 elementor-icon-list--layout-traditional elementor-list-item-link-full_width elementor-widget elementor-widget-icon-list\" data-id=\"8afc6b0\" data-element_type=\"widget\" data-e-type=\"widget\" data-widget_type=\"icon-list.default\">\n\t\t\t\t<div class=\"elementor-widget-container\">\n\t\t\t\t\t\t\t<ul class=\"elementor-icon-list-items\">\n\t\t\t\t\t\t\t<li class=\"elementor-icon-list-item\">\n\t\t\t\t\t\t\t\t\t\t\t<a href=\"\/site\/copel-geracao\/contato\/\">\n\n\t\t\t\t\t\t\t\t\t\t\t\t<span class=\"elementor-icon-list-icon\">\n\t\t\t\t\t\t\t<i aria-hidden=\"true\" class=\"fab fa-wpforms\"><\/i>\t\t\t\t\t\t<\/span>\n\t\t\t\t\t\t\t\t\t\t<span class=\"elementor-icon-list-text\">Contato<\/span>\n\t\t\t\t\t\t\t\t\t\t\t<\/a>\n\t\t\t\t\t\t\t\t\t<\/li>\n\t\t\t\t\t\t\t\t<li class=\"elementor-icon-list-item\">\n\t\t\t\t\t\t\t\t\t\t\t<a href=\"https:\/\/wa.me\/5541991377838\">\n\n\t\t\t\t\t\t\t\t\t\t\t\t<span class=\"elementor-icon-list-icon\">\n\t\t\t\t\t\t\t<i aria-hidden=\"true\" class=\"fab fa-whatsapp\"><\/i>\t\t\t\t\t\t<\/span>\n\t\t\t\t\t\t\t\t\t\t<span class=\"elementor-icon-list-text\">Contato para emerg\u00eancias<\/span>\n\t\t\t\t\t\t\t\t\t\t\t<\/a>\n\t\t\t\t\t\t\t\t\t<\/li>\n\t\t\t\t\t\t\t\t<li class=\"elementor-icon-list-item\">\n\t\t\t\t\t\t\t\t\t\t\t<span class=\"elementor-icon-list-icon\">\n\t\t\t\t\t\t\t<i aria-hidden=\"true\" class=\"fas fa-phone-alt\"><\/i>\t\t\t\t\t\t<\/span>\n\t\t\t\t\t\t\t\t\t\t<span class=\"elementor-icon-list-text\">0800 644 5445<\/span>\n\t\t\t\t\t\t\t\t\t<\/li>\n\t\t\t\t\t\t<\/ul>\n\t\t\t\t\t\t<\/div>\n\t\t\t\t<\/div>\n\t\t\t\t\t<\/div>\n\t\t<\/div>\n\t\t\t\t\t<\/div>\n\t\t<\/section>\n\t\t\t\t<\/div>\n\t\t","protected":false},"excerpt":{"rendered":"<p>Complexo e\u00f3lico Bento Miguel O Complexo E\u00f3lico Bento Miguel est\u00e1 localizado no munic\u00edpio de S\u00e3o Bento do Norte &#8211; no Rio Grande do Norte, tem 132,30 MW de pot\u00eancia instalada e \u00e9 composto pelos seguintes Parques E\u00f3licos: S\u00e3o Bento I; S\u00e3o Bento II; S\u00e3o Bento III; S\u00e3o Miguel I; S\u00e3o Miguel II; S\u00e3o Miguel III. [&hellip;]<\/p>\n","protected":false},"author":6,"featured_media":0,"parent":22855,"menu_order":0,"comment_status":"closed","ping_status":"closed","template":"elementor_header_footer","meta":{"_acf_changed":false,"footnotes":""},"categories":[],"tags":[],"wf_page_folders":[509],"class_list":["post-12480","page","type-page","status-publish","hentry"],"acf":[],"aioseo_notices":[],"_links":{"self":[{"href":"https:\/\/www.copel.com\/site\/wp-json\/wp\/v2\/pages\/12480","targetHints":{"allow":["GET"]}}],"collection":[{"href":"https:\/\/www.copel.com\/site\/wp-json\/wp\/v2\/pages"}],"about":[{"href":"https:\/\/www.copel.com\/site\/wp-json\/wp\/v2\/types\/page"}],"author":[{"embeddable":true,"href":"https:\/\/www.copel.com\/site\/wp-json\/wp\/v2\/users\/6"}],"replies":[{"embeddable":true,"href":"https:\/\/www.copel.com\/site\/wp-json\/wp\/v2\/comments?post=12480"}],"version-history":[{"count":9,"href":"https:\/\/www.copel.com\/site\/wp-json\/wp\/v2\/pages\/12480\/revisions"}],"predecessor-version":[{"id":39833,"href":"https:\/\/www.copel.com\/site\/wp-json\/wp\/v2\/pages\/12480\/revisions\/39833"}],"up":[{"embeddable":true,"href":"https:\/\/www.copel.com\/site\/wp-json\/wp\/v2\/pages\/22855"}],"wp:attachment":[{"href":"https:\/\/www.copel.com\/site\/wp-json\/wp\/v2\/media?parent=12480"}],"wp:term":[{"taxonomy":"category","embeddable":true,"href":"https:\/\/www.copel.com\/site\/wp-json\/wp\/v2\/categories?post=12480"},{"taxonomy":"post_tag","embeddable":true,"href":"https:\/\/www.copel.com\/site\/wp-json\/wp\/v2\/tags?post=12480"},{"taxonomy":"wf_page_folders","embeddable":true,"href":"https:\/\/www.copel.com\/site\/wp-json\/wp\/v2\/wf_page_folders?post=12480"}],"curies":[{"name":"wp","href":"https:\/\/api.w.org\/{rel}","templated":true}]}}