{"id":11625,"date":"2021-04-14T15:29:41","date_gmt":"2021-04-14T18:29:41","guid":{"rendered":"https:\/\/hml.copel.com\/hpcweb\/?page_id=11625"},"modified":"2026-03-09T15:37:40","modified_gmt":"2026-03-09T18:37:40","slug":"assessoria-de-imprensa","status":"publish","type":"page","link":"https:\/\/www.copel.com\/site\/assessoria-de-imprensa\/","title":{"rendered":"Assessoria de imprensa"},"content":{"rendered":"\t\t<div data-elementor-type=\"wp-page\" data-elementor-id=\"11625\" class=\"elementor elementor-11625\" data-elementor-post-type=\"page\">\n\t\t\t\t\t\t<section class=\"elementor-section elementor-top-section elementor-element elementor-element-246bead7 elementor-section-full_width imgDestaque elementor-section-content-middle elementor-section-height-default elementor-section-height-default\" data-id=\"246bead7\" data-element_type=\"section\" data-e-type=\"section\" data-settings=\"{&quot;background_background&quot;:&quot;classic&quot;}\">\n\t\t\t\t\t\t\t<div class=\"elementor-background-overlay\"><\/div>\n\t\t\t\t\t\t\t<div class=\"elementor-container elementor-column-gap-default\">\n\t\t\t\t\t<div class=\"elementor-column elementor-col-100 elementor-top-column elementor-element elementor-element-43a889c box-destaque\" data-id=\"43a889c\" data-element_type=\"column\" data-e-type=\"column\">\n\t\t\t<div class=\"elementor-widget-wrap elementor-element-populated\">\n\t\t\t\t\t\t<div class=\"elementor-element elementor-element-67170497 elementor-search-form--skin-classic elementor-search-form--button-type-icon elementor-search-form--icon-search elementor-widget elementor-widget-search-form\" data-id=\"67170497\" data-element_type=\"widget\" data-e-type=\"widget\" data-settings=\"{&quot;skin&quot;:&quot;classic&quot;}\" data-widget_type=\"search-form.default\">\n\t\t\t\t<div class=\"elementor-widget-container\">\n\t\t\t\t\t\t\t<search role=\"search\">\n\t\t\t<form class=\"elementor-search-form\" action=\"https:\/\/www.copel.com\/site\" method=\"get\">\n\t\t\t\t\t\t\t\t\t\t\t\t<div class=\"elementor-search-form__container\">\n\t\t\t\t\t<label class=\"elementor-screen-only\" for=\"elementor-search-form-67170497\">Search<\/label>\n\n\t\t\t\t\t\n\t\t\t\t\t<input id=\"elementor-search-form-67170497\" placeholder=\"O que voc\u00ea est\u00e1 buscando?\" class=\"elementor-search-form__input\" type=\"search\" name=\"s\" value=\"\">\n\t\t\t\t\t\n\t\t\t\t\t\t\t\t\t\t\t<button class=\"elementor-search-form__submit\" type=\"submit\" aria-label=\"Search\">\n\t\t\t\t\t\t\t\t\t\t\t\t\t\t\t<i aria-hidden=\"true\" class=\"fas fa-search\"><\/i>\t\t\t\t\t\t\t\t\t\t\t\t\t<\/button>\n\t\t\t\t\t\n\t\t\t\t\t\t\t\t\t<\/div>\n\t\t\t<\/form>\n\t\t<\/search>\n\t\t\t\t\t\t<\/div>\n\t\t\t\t<\/div>\n\t\t\t\t<div class=\"elementor-element elementor-element-46bd90bf elementor-widget elementor-widget-heading\" data-id=\"46bd90bf\" data-element_type=\"widget\" data-e-type=\"widget\" data-widget_type=\"heading.default\">\n\t\t\t\t<div class=\"elementor-widget-container\">\n\t\t\t\t\t<h1 class=\"elementor-heading-title elementor-size-default\">Assessoria de imprensa<\/h1>\t\t\t\t<\/div>\n\t\t\t\t<\/div>\n\t\t\t\t\t<\/div>\n\t\t<\/div>\n\t\t\t\t\t<\/div>\n\t\t<\/section>\n\t\t\t\t<section class=\"elementor-section elementor-top-section elementor-element elementor-element-58c7430e elementor-section-full_width elementor-section-height-default elementor-section-height-default\" data-id=\"58c7430e\" data-element_type=\"section\" data-e-type=\"section\">\n\t\t\t\t\t\t<div class=\"elementor-container elementor-column-gap-default\">\n\t\t\t\t\t<div class=\"elementor-column elementor-col-50 elementor-top-column elementor-element elementor-element-5714c56\" data-id=\"5714c56\" data-element_type=\"column\" data-e-type=\"column\">\n\t\t\t<div class=\"elementor-widget-wrap elementor-element-populated\">\n\t\t\t\t\t\t<div class=\"elementor-element elementor-element-d2a637e text-content elementor-widget elementor-widget-heading\" data-id=\"d2a637e\" data-element_type=\"widget\" data-e-type=\"widget\" data-widget_type=\"heading.default\">\n\t\t\t\t<div class=\"elementor-widget-container\">\n\t\t\t\t\t<h3 class=\"elementor-heading-title elementor-size-default\">Procurando pauta?<\/h3>\t\t\t\t<\/div>\n\t\t\t\t<\/div>\n\t\t\t\t<div class=\"elementor-element elementor-element-5af84bb text-content elementor-widget elementor-widget-text-editor\" data-id=\"5af84bb\" data-element_type=\"widget\" data-e-type=\"widget\" data-widget_type=\"text-editor.default\">\n\t\t\t\t<div class=\"elementor-widget-container\">\n\t\t\t\t\t\t\t\t\t<p>Alguns assuntos nunca saem de moda<\/p>\t\t\t\t\t\t\t\t<\/div>\n\t\t\t\t<\/div>\n\t\t\t\t<div class=\"elementor-element elementor-element-f5d6eec elementor-icon-list--layout-traditional elementor-list-item-link-full_width elementor-widget elementor-widget-icon-list\" data-id=\"f5d6eec\" data-element_type=\"widget\" data-e-type=\"widget\" data-widget_type=\"icon-list.default\">\n\t\t\t\t<div class=\"elementor-widget-container\">\n\t\t\t\t\t\t\t<ul class=\"elementor-icon-list-items\">\n\t\t\t\t\t\t\t<li class=\"elementor-icon-list-item\">\n\t\t\t\t\t\t\t\t\t\t\t<a href=\"\/site\/desligamento-programado\">\n\n\t\t\t\t\t\t\t\t\t\t\t\t<span class=\"elementor-icon-list-icon\">\n\t\t\t\t\t\t\t<i aria-hidden=\"true\" class=\"fas fa-check\"><\/i>\t\t\t\t\t\t<\/span>\n\t\t\t\t\t\t\t\t\t\t<span class=\"elementor-icon-list-text\">Desligamento programado para expans\u00e3o e manuten\u00e7\u00e3o<\/span>\n\t\t\t\t\t\t\t\t\t\t\t<\/a>\n\t\t\t\t\t\t\t\t\t<\/li>\n\t\t\t\t\t\t\t\t<li class=\"elementor-icon-list-item\">\n\t\t\t\t\t\t\t\t\t\t\t<a href=\"\/site\/copel-distribuicao\/usuarios-de-equipamentos-eletromedicos\">\n\n\t\t\t\t\t\t\t\t\t\t\t\t<span class=\"elementor-icon-list-icon\">\n\t\t\t\t\t\t\t<i aria-hidden=\"true\" class=\"fas fa-check\"><\/i>\t\t\t\t\t\t<\/span>\n\t\t\t\t\t\t\t\t\t\t<span class=\"elementor-icon-list-text\">Equipamento eletrom\u00e9dico (vital)<\/span>\n\t\t\t\t\t\t\t\t\t\t\t<\/a>\n\t\t\t\t\t\t\t\t\t<\/li>\n\t\t\t\t\t\t\t\t<li class=\"elementor-icon-list-item\">\n\t\t\t\t\t\t\t\t\t\t\t<a href=\"\/site\/copel-distribuicao\/tarifa-social-de-energia\">\n\n\t\t\t\t\t\t\t\t\t\t\t\t<span class=\"elementor-icon-list-icon\">\n\t\t\t\t\t\t\t<i aria-hidden=\"true\" class=\"fas fa-check\"><\/i>\t\t\t\t\t\t<\/span>\n\t\t\t\t\t\t\t\t\t\t<span class=\"elementor-icon-list-text\">Tarifa social<\/span>\n\t\t\t\t\t\t\t\t\t\t\t<\/a>\n\t\t\t\t\t\t\t\t\t<\/li>\n\t\t\t\t\t\t\t\t<li class=\"elementor-icon-list-item\">\n\t\t\t\t\t\t\t\t\t\t\t<a href=\"\/site\/copel-distribuicao\/tarifa-social-de-energia\">\n\n\t\t\t\t\t\t\t\t\t\t\t\t<span class=\"elementor-icon-list-icon\">\n\t\t\t\t\t\t\t<i aria-hidden=\"true\" class=\"fas fa-check\"><\/i>\t\t\t\t\t\t<\/span>\n\t\t\t\t\t\t\t\t\t\t<span class=\"elementor-icon-list-text\">Como economizar energia<\/span>\n\t\t\t\t\t\t\t\t\t\t\t<\/a>\n\t\t\t\t\t\t\t\t\t<\/li>\n\t\t\t\t\t\t\t\t<li class=\"elementor-icon-list-item\">\n\t\t\t\t\t\t\t\t\t\t\t<a href=\"\/site\/educacao\/energia-eletrica-sem-riscos\/\">\n\n\t\t\t\t\t\t\t\t\t\t\t\t<span class=\"elementor-icon-list-icon\">\n\t\t\t\t\t\t\t<i aria-hidden=\"true\" class=\"fas fa-check\"><\/i>\t\t\t\t\t\t<\/span>\n\t\t\t\t\t\t\t\t\t\t<span class=\"elementor-icon-list-text\">Dicas para evitar choque el\u00e9trico<\/span>\n\t\t\t\t\t\t\t\t\t\t\t<\/a>\n\t\t\t\t\t\t\t\t\t<\/li>\n\t\t\t\t\t\t\t\t<li class=\"elementor-icon-list-item\">\n\t\t\t\t\t\t\t\t\t\t\t<a href=\"\/site\/educacao\/energia-eletrica-sem-riscos\/\">\n\n\t\t\t\t\t\t\t\t\t\t\t\t<span class=\"elementor-icon-list-icon\">\n\t\t\t\t\t\t\t<i aria-hidden=\"true\" class=\"fas fa-check\"><\/i>\t\t\t\t\t\t<\/span>\n\t\t\t\t\t\t\t\t\t\t<span class=\"elementor-icon-list-text\">Hist\u00f3ria da energia<\/span>\n\t\t\t\t\t\t\t\t\t\t\t<\/a>\n\t\t\t\t\t\t\t\t\t<\/li>\n\t\t\t\t\t\t<\/ul>\n\t\t\t\t\t\t<\/div>\n\t\t\t\t<\/div>\n\t\t\t\t<div class=\"elementor-element elementor-element-a7aec00 text-content elementor-widget elementor-widget-heading\" data-id=\"a7aec00\" data-element_type=\"widget\" data-e-type=\"widget\" data-widget_type=\"heading.default\">\n\t\t\t\t<div class=\"elementor-widget-container\">\n\t\t\t\t\t<h3 class=\"elementor-heading-title elementor-size-default\">Sua editoria \u00e9 especializada?<\/h3>\t\t\t\t<\/div>\n\t\t\t\t<\/div>\n\t\t\t\t<div class=\"elementor-element elementor-element-c78f767 elementor-icon-list--layout-traditional elementor-list-item-link-full_width elementor-widget elementor-widget-icon-list\" data-id=\"c78f767\" data-element_type=\"widget\" data-e-type=\"widget\" data-widget_type=\"icon-list.default\">\n\t\t\t\t<div class=\"elementor-widget-container\">\n\t\t\t\t\t\t\t<ul class=\"elementor-icon-list-items\">\n\t\t\t\t\t\t\t<li class=\"elementor-icon-list-item\">\n\t\t\t\t\t\t\t\t\t\t\t<a href=\"https:\/\/copelsustentabilidade.com\/\">\n\n\t\t\t\t\t\t\t\t\t\t\t\t<span class=\"elementor-icon-list-icon\">\n\t\t\t\t\t\t\t<i aria-hidden=\"true\" class=\"fas fa-check\"><\/i>\t\t\t\t\t\t<\/span>\n\t\t\t\t\t\t\t\t\t\t<span class=\"elementor-icon-list-text\">Sustentabilidade<\/span>\n\t\t\t\t\t\t\t\t\t\t\t<\/a>\n\t\t\t\t\t\t\t\t\t<\/li>\n\t\t\t\t\t\t\t\t<li class=\"elementor-icon-list-item\">\n\t\t\t\t\t\t\t\t\t\t\t<a href=\"\/site\/fornecedores-e-parceiros\/geracao-distribuida\/\">\n\n\t\t\t\t\t\t\t\t\t\t\t\t<span class=\"elementor-icon-list-icon\">\n\t\t\t\t\t\t\t<i aria-hidden=\"true\" class=\"fas fa-check\"><\/i>\t\t\t\t\t\t<\/span>\n\t\t\t\t\t\t\t\t\t\t<span class=\"elementor-icon-list-text\">Gera\u00e7\u00e3o distribu\u00edda<\/span>\n\t\t\t\t\t\t\t\t\t\t\t<\/a>\n\t\t\t\t\t\t\t\t\t<\/li>\n\t\t\t\t\t\t\t\t<li class=\"elementor-icon-list-item\">\n\t\t\t\t\t\t\t\t\t\t\t<a href=\"\/site\/fornecedores-e-parceiros\/geracao-distribuida\/\">\n\n\t\t\t\t\t\t\t\t\t\t\t\t<span class=\"elementor-icon-list-icon\">\n\t\t\t\t\t\t\t<i aria-hidden=\"true\" class=\"fas fa-check\"><\/i>\t\t\t\t\t\t<\/span>\n\t\t\t\t\t\t\t\t\t\t<span class=\"elementor-icon-list-text\">Tarifa de energia<\/span>\n\t\t\t\t\t\t\t\t\t\t\t<\/a>\n\t\t\t\t\t\t\t\t\t<\/li>\n\t\t\t\t\t\t\t\t<li class=\"elementor-icon-list-item\">\n\t\t\t\t\t\t\t\t\t\t\t<a href=\"https:\/\/copelmercadolivre.com\/\">\n\n\t\t\t\t\t\t\t\t\t\t\t\t<span class=\"elementor-icon-list-icon\">\n\t\t\t\t\t\t\t<i aria-hidden=\"true\" class=\"fas fa-check\"><\/i>\t\t\t\t\t\t<\/span>\n\t\t\t\t\t\t\t\t\t\t<span class=\"elementor-icon-list-text\">Mercado livre de energia<\/span>\n\t\t\t\t\t\t\t\t\t\t\t<\/a>\n\t\t\t\t\t\t\t\t\t<\/li>\n\t\t\t\t\t\t<\/ul>\n\t\t\t\t\t\t<\/div>\n\t\t\t\t<\/div>\n\t\t\t\t<div class=\"elementor-element elementor-element-2bafbc9 elementor-widget elementor-widget-heading\" data-id=\"2bafbc9\" data-element_type=\"widget\" data-e-type=\"widget\" data-widget_type=\"heading.default\">\n\t\t\t\t<div class=\"elementor-widget-container\">\n\t\t\t\t\t<h5 class=\"elementor-heading-title elementor-size-default\">Atendimento a Clientes<\/h5>\t\t\t\t<\/div>\n\t\t\t\t<\/div>\n\t\t\t\t<div class=\"elementor-element elementor-element-b0fde95 elementor-widget elementor-widget-text-editor\" data-id=\"b0fde95\" data-element_type=\"widget\" data-e-type=\"widget\" data-widget_type=\"text-editor.default\">\n\t\t\t\t<div class=\"elementor-widget-container\">\n\t\t\t\t\t\t\t\t\t<p>0800 51 00 116<\/p>\t\t\t\t\t\t\t\t<\/div>\n\t\t\t\t<\/div>\n\t\t\t\t\t<\/div>\n\t\t<\/div>\n\t\t\t\t<div class=\"elementor-column elementor-col-50 elementor-top-column elementor-element elementor-element-107b6d5\" data-id=\"107b6d5\" data-element_type=\"column\" data-e-type=\"column\">\n\t\t\t<div class=\"elementor-widget-wrap elementor-element-populated\">\n\t\t\t\t\t\t<div class=\"elementor-element elementor-element-d493baa elementor-position-inline-start text-content elementor-view-default elementor-mobile-position-block-start elementor-widget elementor-widget-icon-box\" data-id=\"d493baa\" data-element_type=\"widget\" data-e-type=\"widget\" data-widget_type=\"icon-box.default\">\n\t\t\t\t<div class=\"elementor-widget-container\">\n\t\t\t\t\t\t\t<div class=\"elementor-icon-box-wrapper\">\n\n\t\t\t\t\t\t<div class=\"elementor-icon-box-icon\">\n\t\t\t\t<span  class=\"elementor-icon\">\n\t\t\t\t<svg xmlns=\"http:\/\/www.w3.org\/2000\/svg\" id=\"Camada_1\" data-name=\"Camada 1\" viewBox=\"0 0 76.068 64.763\"><path d=\"M13.527,45.465a1.282,1.282,0,0,1-.91-.376L7.271,39.743a3.821,3.821,0,0,1,0-5.4L12.22,29.4a1.287,1.287,0,0,1,1.819,1.82L9.091,36.166a1.244,1.244,0,0,0,0,1.758l5.345,5.345a1.286,1.286,0,0,1-.909,2.2Z\" transform=\"translate(0 -3.098)\"><\/path><path d=\"M36.971,67.86a3.8,3.8,0,0,1-2.7-1.115l-16.94-16.94a1.287,1.287,0,1,1,1.819-1.82l16.94,16.94a1.244,1.244,0,0,0,1.758,0L73.131,29.651a1.243,1.243,0,0,0,0-1.758L51.251,6.019,39.564,5.686,18.755,26.5a1.287,1.287,0,0,1-1.82-1.82l21.2-21.207a1.277,1.277,0,0,1,.947-.377l12.753.364a1.288,1.288,0,0,1,.872.376L74.95,26.073a3.817,3.817,0,0,1,0,5.4L39.669,66.745A3.8,3.8,0,0,1,36.971,67.86Z\" transform=\"translate(0 -3.098)\"><\/path><path d=\"M45.44,15.224a1.284,1.284,0,0,1-.91-.377L40.584,10.9A1.286,1.286,0,1,1,42.4,9.082l3.037,3.036,2.825-2.825a1.287,1.287,0,0,1,1.819,1.82L46.35,14.847A1.284,1.284,0,0,1,45.44,15.224Z\" transform=\"translate(0 -3.098)\"><\/path><path d=\"M55.1,37.711a1.282,1.282,0,0,1-.909-.377L36.71,19.85a1.287,1.287,0,0,1,1.819-1.82L56.014,35.515a1.287,1.287,0,0,1-.91,2.2Z\" transform=\"translate(0 -3.098)\"><\/path><path d=\"M50.275,42.54a1.282,1.282,0,0,1-.909-.377L31.881,24.679a1.287,1.287,0,1,1,1.819-1.82L51.185,40.344a1.287,1.287,0,0,1-.91,2.2Z\" transform=\"translate(0 -3.098)\"><\/path><path d=\"M36.7,38.627a1.286,1.286,0,0,1-.91-.377l-8.742-8.742a1.286,1.286,0,0,1,1.819-1.819l8.743,8.742a1.287,1.287,0,0,1-.91,2.2Z\" transform=\"translate(0 -3.098)\"><\/path><path d=\"M23.622,26.878H1.286a1.287,1.287,0,0,1,0-2.573H23.622a1.287,1.287,0,0,1,0,2.573Z\" transform=\"translate(0 -3.098)\"><\/path><path d=\"M23.622,45.468H1.286a1.287,1.287,0,0,1,0-2.573H23.622a1.287,1.287,0,0,1,0,2.573Z\" transform=\"translate(0 -3.098)\"><\/path><path d=\"M23.622,13.425H12.739a1.287,1.287,0,0,1,0-2.573H23.622a1.287,1.287,0,0,1,0,2.573Z\" transform=\"translate(0 -3.098)\"><\/path><\/svg>\t\t\t\t<\/span>\n\t\t\t<\/div>\n\t\t\t\n\t\t\t\t\t\t<div class=\"elementor-icon-box-content\">\n\n\t\t\t\t\t\t\t\t\t<h3 class=\"elementor-icon-box-title\">\n\t\t\t\t\t\t<span  >\n\t\t\t\t\t\t\tEntre em contato conosco\t\t\t\t\t\t<\/span>\n\t\t\t\t\t<\/h3>\n\t\t\t\t\n\t\t\t\t\n\t\t\t<\/div>\n\t\t\t\n\t\t<\/div>\n\t\t\t\t\t\t<\/div>\n\t\t\t\t<\/div>\n\t\t\t\t<div class=\"elementor-element elementor-element-b0a88ee elementor-widget elementor-widget-wpforms\" data-id=\"b0a88ee\" data-element_type=\"widget\" data-e-type=\"widget\" data-widget_type=\"wpforms.default\">\n\t\t\t\t<div class=\"elementor-widget-container\">\n\t\t\t\t\t<div class=\"wpforms-container wpforms-container-full wpforms-render-modern\" id=\"wpforms-22760\"><form id=\"wpforms-form-22760\" class=\"wpforms-validate wpforms-form\" data-formid=\"22760\" method=\"post\" enctype=\"multipart\/form-data\" action=\"\/site\/wp-json\/wp\/v2\/pages\/11625\" data-token=\"2851676958793e1b997278d4e4c5db19\" data-token-time=\"1775755893\"><noscript class=\"wpforms-error-noscript\">Ative o JavaScript no seu navegador para preencher este formul\u00e1rio.<\/noscript><div id=\"wpforms-error-noscript\" style=\"display: none;\">Ative o JavaScript no seu navegador para preencher este formul\u00e1rio.<\/div><div class=\"wpforms-field-container\"><div id=\"wpforms-22760-field_9-container\" class=\"wpforms-field wpforms-field-text\" data-field-type=\"text\" data-field-id=\"9\"><label class=\"wpforms-field-label\" for=\"wpforms-22760-field_9\">Nome completo <span class=\"wpforms-required-label\" aria-hidden=\"true\">*<\/span><\/label><input type=\"text\" id=\"wpforms-22760-field_9\" class=\"wpforms-field-large wpforms-field-required\" name=\"wpforms[fields][9]\" aria-errormessage=\"wpforms-22760-field_9-error\" required><\/div><div id=\"wpforms-22760-field_1-container\" class=\"wpforms-field wpforms-field-email\" data-field-type=\"email\" data-field-id=\"1\"><label class=\"wpforms-field-label\" for=\"wpforms-22760-field_1\">E-mail <span class=\"wpforms-required-label\" aria-hidden=\"true\">*<\/span><\/label><input type=\"email\" id=\"wpforms-22760-field_1\" class=\"wpforms-field-large wpforms-field-required\" name=\"wpforms[fields][1]\" spellcheck=\"false\" aria-errormessage=\"wpforms-22760-field_1-error\" required><\/div><div id=\"wpforms-22760-field_2-container\" class=\"wpforms-field wpforms-field-phone\" data-field-type=\"phone\" data-field-id=\"2\"><label class=\"wpforms-field-label\" for=\"wpforms-22760-field_2\">Telefone <span class=\"wpforms-required-label\" aria-hidden=\"true\">*<\/span><\/label><input type=\"tel\" id=\"wpforms-22760-field_2\" class=\"wpforms-field-large wpforms-field-required wpforms-smart-phone-field\" data-rule-smart-phone-field=\"true\" name=\"wpforms[fields][2]\" aria-label=\"Telefone\" aria-errormessage=\"wpforms-22760-field_2-error\" required><\/div><div id=\"wpforms-22760-field_8-container\" class=\"wpforms-field wpforms-field-text\" data-field-type=\"text\" data-field-id=\"8\"><label class=\"wpforms-field-label\" for=\"wpforms-22760-field_8\">Cidade <span class=\"wpforms-required-label\" aria-hidden=\"true\">*<\/span><\/label><input type=\"text\" id=\"wpforms-22760-field_8\" class=\"wpforms-field-large wpforms-field-required\" name=\"wpforms[fields][8]\" aria-errormessage=\"wpforms-22760-field_8-error\" required><\/div><div id=\"wpforms-22760-field_10-container\" class=\"wpforms-field wpforms-field-select wpforms-field-select-style-classic\" data-field-type=\"select\" data-field-id=\"10\"><label class=\"wpforms-field-label\" for=\"wpforms-22760-field_10\">Estado <span class=\"wpforms-required-label\" aria-hidden=\"true\">*<\/span><\/label><select id=\"wpforms-22760-field_10\" class=\"wpforms-field-large wpforms-field-required\" name=\"wpforms[fields][10]\" required=\"required\"><option value=\"Paran\u00e1 (PR)\"  class=\"choice-19 depth-1\"  >Paran\u00e1 (PR)<\/option><option value=\"Acre (AC)\"  class=\"choice-4 depth-1\"  >Acre (AC)<\/option><option value=\"Alagoas (AL)\"  class=\"choice-5 depth-1\"  >Alagoas (AL)<\/option><option value=\"Amap\u00e1 (AP)\"  class=\"choice-6 depth-1\"  >Amap\u00e1 (AP)<\/option><option value=\"Amazonas (AM)\"  class=\"choice-7 depth-1\"  >Amazonas (AM)<\/option><option value=\"Bahia (BA)\"  class=\"choice-8 depth-1\"  >Bahia (BA)<\/option><option value=\"Cear\u00e1 (CE)\"  class=\"choice-9 depth-1\"  >Cear\u00e1 (CE)<\/option><option value=\"Distrito Federal (DF)\"  class=\"choice-10 depth-1\"  >Distrito Federal (DF)<\/option><option value=\"Esp\u00edrito Santo (ES)\"  class=\"choice-11 depth-1\"  >Esp\u00edrito Santo (ES)<\/option><option value=\"Goi\u00e1s (GO)\"  class=\"choice-12 depth-1\"  >Goi\u00e1s (GO)<\/option><option value=\"Maranh\u00e3o (MA)\"  class=\"choice-13 depth-1\"  >Maranh\u00e3o (MA)<\/option><option value=\"Mato Grosso (MT)\"  class=\"choice-14 depth-1\"  >Mato Grosso (MT)<\/option><option value=\"Mato Grosso do Sul (MS)\"  class=\"choice-15 depth-1\"  >Mato Grosso do Sul (MS)<\/option><option value=\"Minas Gerais (MG)\"  class=\"choice-16 depth-1\"  >Minas Gerais (MG)<\/option><option value=\"Par\u00e1 (PA)\"  class=\"choice-17 depth-1\"  >Par\u00e1 (PA)<\/option><option value=\"Para\u00edba (PB)\"  class=\"choice-18 depth-1\"  >Para\u00edba (PB)<\/option><option value=\"Pernambuco (PE)\"  class=\"choice-20 depth-1\"  >Pernambuco (PE)<\/option><option value=\"Piau\u00ed (PI)\"  class=\"choice-21 depth-1\"  >Piau\u00ed (PI)<\/option><option value=\"Rio de Janeiro (RJ)\"  class=\"choice-22 depth-1\"  >Rio de Janeiro (RJ)<\/option><option value=\"Rio Grande do Norte (RN)\"  class=\"choice-23 depth-1\"  >Rio Grande do Norte (RN)<\/option><option value=\"Rio Grande do Sul (RS)\"  class=\"choice-24 depth-1\"  >Rio Grande do Sul (RS)<\/option><option value=\"Rond\u00f4nia (RO)\"  class=\"choice-25 depth-1\"  >Rond\u00f4nia (RO)<\/option><option value=\"Roraima (RR)\"  class=\"choice-26 depth-1\"  >Roraima (RR)<\/option><option value=\"Santa Catarina (SC)\"  class=\"choice-27 depth-1\"  >Santa Catarina (SC)<\/option><option value=\"S\u00e3o Paulo (SP)\"  class=\"choice-28 depth-1\"  >S\u00e3o Paulo (SP)<\/option><option value=\"Sergipe (SE)\"  class=\"choice-29 depth-1\"  >Sergipe (SE)<\/option><option value=\"Tocantins (TO)\"  class=\"choice-30 depth-1\"  >Tocantins (TO)<\/option><\/select><\/div><div id=\"wpforms-22760-field_3-container\" class=\"wpforms-field wpforms-field-text\" data-field-type=\"text\" data-field-id=\"3\"><label class=\"wpforms-field-label\" for=\"wpforms-22760-field_3\">Ve\u00edculo de imprensa <span class=\"wpforms-required-label\" aria-hidden=\"true\">*<\/span><\/label><input type=\"text\" id=\"wpforms-22760-field_3\" class=\"wpforms-field-large wpforms-field-required\" name=\"wpforms[fields][3]\" aria-errormessage=\"wpforms-22760-field_3-error\" required><\/div><div id=\"wpforms-22760-field_4-container\" class=\"wpforms-field wpforms-field-url\" data-field-type=\"url\" data-field-id=\"4\"><label class=\"wpforms-field-label\" for=\"wpforms-22760-field_4\">Website corporativo<\/label><input type=\"url\" id=\"wpforms-22760-field_4\" class=\"wpforms-field-large\" name=\"wpforms[fields][4]\" aria-errormessage=\"wpforms-22760-field_4-error\" ><\/div><div id=\"wpforms-22760-field_5-container\" class=\"wpforms-field wpforms-field-textarea\" data-field-type=\"textarea\" data-field-id=\"5\"><label class=\"wpforms-field-label\" for=\"wpforms-22760-field_5\">Mensagem <span class=\"wpforms-required-label\" aria-hidden=\"true\">*<\/span><\/label><textarea id=\"wpforms-22760-field_5\" class=\"wpforms-field-medium wpforms-field-required\" name=\"wpforms[fields][5]\" aria-errormessage=\"wpforms-22760-field_5-error\" required><\/textarea><\/div><div id=\"wpforms-22760-field_6-container\" class=\"wpforms-field wpforms-field-checkbox wpforms-conditional-trigger\" data-field-type=\"checkbox\" data-field-id=\"6\"><fieldset><legend class=\"wpforms-field-label\"><\/legend><ul id=\"wpforms-22760-field_6\"><li class=\"choice-1 depth-1 wpforms-selected\"><input type=\"checkbox\" id=\"wpforms-22760-field_6_1\" name=\"wpforms[fields][6][]\" value=\"Eu gostaria de receber os releases da assessoria de imprensa\" aria-errormessage=\"wpforms-22760-field_6_1-error\"   checked='checked'><label class=\"wpforms-field-label-inline\" for=\"wpforms-22760-field_6_1\">Eu gostaria de receber os releases da assessoria de imprensa<\/label><\/li><\/ul><\/fieldset><\/div><div id=\"wpforms-22760-field_7-container\" class=\"wpforms-field wpforms-field-email wpforms-conditional-field wpforms-conditional-show\" data-field-type=\"email\" data-field-id=\"7\" style=\"display:none;\"><fieldset><legend class=\"wpforms-field-label\">E-mail para enviar os releases <span class=\"wpforms-required-label\" aria-hidden=\"true\">*<\/span><\/legend><div class=\"wpforms-field-row wpforms-field-medium\"><div class=\"wpforms-field-row-block wpforms-one-half wpforms-first\"><input type=\"email\" id=\"wpforms-22760-field_7\" class=\"wpforms-field-required wpforms-field-email-primary\" name=\"wpforms[fields][7][primary]\" spellcheck=\"false\" aria-errormessage=\"wpforms-22760-field_7-error\" required><label for=\"wpforms-22760-field_7\" class=\"wpforms-field-sublabel after\">E-mail<\/label><\/div><div class=\"wpforms-field-row-block wpforms-one-half\"><input type=\"email\" id=\"wpforms-22760-field_7-secondary\" class=\"wpforms-field-email-secondary wpforms-field-required\" data-rule-confirm=\"#wpforms-22760-field_7\" name=\"wpforms[fields][7][secondary]\" spellcheck=\"false\" aria-errormessage=\"wpforms-22760-field_7-secondary-error\" required><label for=\"wpforms-22760-field_7-secondary\" class=\"wpforms-field-sublabel after\">Confirmar e-mail<\/label><\/div><\/div><\/fieldset><\/div><\/div><!-- .wpforms-field-container --><div class=\"wpforms-submit-container\" ><input type=\"hidden\" name=\"wpforms[id]\" value=\"22760\"><input type=\"hidden\" name=\"page_title\" value=\"\"><input type=\"hidden\" name=\"page_url\" value=\"https:\/\/www.copel.com\/site\/wp-json\/wp\/v2\/pages\/11625\"><input type=\"hidden\" name=\"url_referer\" value=\"\"><button type=\"submit\" name=\"wpforms[submit]\" id=\"wpforms-submit-22760\" class=\"wpforms-submit\" data-alt-text=\"Enviando...\" data-submit-text=\"Enviar\" aria-live=\"assertive\" value=\"wpforms-submit\">Enviar<\/button><\/div><\/form><\/div>  <!-- .wpforms-container -->\t\t\t\t<\/div>\n\t\t\t\t<\/div>\n\t\t\t\t\t<\/div>\n\t\t<\/div>\n\t\t\t\t\t<\/div>\n\t\t<\/section>\n\t\t\t\t<\/div>\n\t\t","protected":false},"excerpt":{"rendered":"<p>Assessoria de imprensa Procurando pauta? Alguns assuntos nunca saem de moda Desligamento programado para expans\u00e3o e manuten\u00e7\u00e3o Equipamento eletrom\u00e9dico (vital) Tarifa social Como economizar energia Dicas para evitar choque el\u00e9trico Hist\u00f3ria da energia Sua editoria \u00e9 especializada? Sustentabilidade Gera\u00e7\u00e3o distribu\u00edda Tarifa de energia Mercado livre de energia Atendimento a Clientes 0800 51 00 116 Entre [&hellip;]<\/p>\n","protected":false},"author":6,"featured_media":11630,"parent":0,"menu_order":0,"comment_status":"closed","ping_status":"closed","template":"elementor_header_footer","meta":{"_acf_changed":false,"footnotes":""},"categories":[],"tags":[],"wf_page_folders":[507],"class_list":["post-11625","page","type-page","status-publish","has-post-thumbnail","hentry"],"acf":[],"aioseo_notices":[],"_links":{"self":[{"href":"https:\/\/www.copel.com\/site\/wp-json\/wp\/v2\/pages\/11625","targetHints":{"allow":["GET"]}}],"collection":[{"href":"https:\/\/www.copel.com\/site\/wp-json\/wp\/v2\/pages"}],"about":[{"href":"https:\/\/www.copel.com\/site\/wp-json\/wp\/v2\/types\/page"}],"author":[{"embeddable":true,"href":"https:\/\/www.copel.com\/site\/wp-json\/wp\/v2\/users\/6"}],"replies":[{"embeddable":true,"href":"https:\/\/www.copel.com\/site\/wp-json\/wp\/v2\/comments?post=11625"}],"version-history":[{"count":12,"href":"https:\/\/www.copel.com\/site\/wp-json\/wp\/v2\/pages\/11625\/revisions"}],"predecessor-version":[{"id":51979,"href":"https:\/\/www.copel.com\/site\/wp-json\/wp\/v2\/pages\/11625\/revisions\/51979"}],"wp:featuredmedia":[{"embeddable":true,"href":"https:\/\/www.copel.com\/site\/wp-json\/"}],"wp:attachment":[{"href":"https:\/\/www.copel.com\/site\/wp-json\/wp\/v2\/media?parent=11625"}],"wp:term":[{"taxonomy":"category","embeddable":true,"href":"https:\/\/www.copel.com\/site\/wp-json\/wp\/v2\/categories?post=11625"},{"taxonomy":"post_tag","embeddable":true,"href":"https:\/\/www.copel.com\/site\/wp-json\/wp\/v2\/tags?post=11625"},{"taxonomy":"wf_page_folders","embeddable":true,"href":"https:\/\/www.copel.com\/site\/wp-json\/wp\/v2\/wf_page_folders?post=11625"}],"curies":[{"name":"wp","href":"https:\/\/api.w.org\/{rel}","templated":true}]}}