{"id":10441,"date":"2021-02-25T17:11:46","date_gmt":"2021-02-25T20:11:46","guid":{"rendered":"https:\/\/hml.copel.com\/hpcweb\/?page_id=10441"},"modified":"2024-07-25T08:46:45","modified_gmt":"2024-07-25T11:46:45","slug":"bandeiras-tarifarias","status":"publish","type":"page","link":"https:\/\/www.copel.com\/site\/copel-distribuicao\/bandeiras-tarifarias\/","title":{"rendered":"Bandeiras tarif\u00e1rias"},"content":{"rendered":"\t\t<div data-elementor-type=\"wp-page\" data-elementor-id=\"10441\" class=\"elementor elementor-10441\" data-elementor-post-type=\"page\">\n\t\t\t\t\t\t<section class=\"elementor-section elementor-top-section elementor-element elementor-element-230e88e5 elementor-section-full_width imgDestaque elementor-section-content-middle elementor-section-height-default elementor-section-height-default\" data-id=\"230e88e5\" data-element_type=\"section\" data-e-type=\"section\" data-settings=\"{&quot;background_background&quot;:&quot;classic&quot;}\">\n\t\t\t\t\t\t\t<div class=\"elementor-background-overlay\"><\/div>\n\t\t\t\t\t\t\t<div class=\"elementor-container elementor-column-gap-default\">\n\t\t\t\t\t<div class=\"elementor-column elementor-col-100 elementor-top-column elementor-element elementor-element-1acec3be box-destaque\" data-id=\"1acec3be\" data-element_type=\"column\" data-e-type=\"column\">\n\t\t\t<div class=\"elementor-widget-wrap elementor-element-populated\">\n\t\t\t\t\t\t<div class=\"elementor-element elementor-element-1790f2d0 elementor-widget elementor-widget-heading\" data-id=\"1790f2d0\" data-element_type=\"widget\" data-e-type=\"widget\" data-widget_type=\"heading.default\">\n\t\t\t\t<div class=\"elementor-widget-container\">\n\t\t\t\t\t<h1 class=\"elementor-heading-title elementor-size-default\">Bandeiras tarif\u00e1rias<\/h1>\t\t\t\t<\/div>\n\t\t\t\t<\/div>\n\t\t\t\t\t<\/div>\n\t\t<\/div>\n\t\t\t\t\t<\/div>\n\t\t<\/section>\n\t\t\t\t<section class=\"elementor-section elementor-top-section elementor-element elementor-element-55e83afc elementor-section-full_width elementor-section-height-default elementor-section-height-default\" data-id=\"55e83afc\" data-element_type=\"section\" data-e-type=\"section\">\n\t\t\t\t\t\t<div class=\"elementor-container elementor-column-gap-default\">\n\t\t\t\t\t<div class=\"elementor-column elementor-col-33 elementor-top-column elementor-element elementor-element-11faafad\" data-id=\"11faafad\" data-element_type=\"column\" data-e-type=\"column\">\n\t\t\t<div class=\"elementor-widget-wrap elementor-element-populated\">\n\t\t\t\t\t\t<div class=\"elementor-element elementor-element-4f9cd43e elementor-nav-menu__align-justify menuTroca elementor-nav-menu--dropdown-tablet elementor-nav-menu__text-align-aside elementor-nav-menu--toggle elementor-nav-menu--burger elementor-widget elementor-widget-nav-menu\" data-id=\"4f9cd43e\" data-element_type=\"widget\" data-e-type=\"widget\" data-settings=\"{&quot;layout&quot;:&quot;vertical&quot;,&quot;submenu_icon&quot;:{&quot;value&quot;:&quot;&lt;i class=\\&quot;fas fa-caret-down\\&quot; aria-hidden=\\&quot;true\\&quot;&gt;&lt;\\\/i&gt;&quot;,&quot;library&quot;:&quot;fa-solid&quot;},&quot;toggle&quot;:&quot;burger&quot;}\" data-widget_type=\"nav-menu.default\">\n\t\t\t\t<div class=\"elementor-widget-container\">\n\t\t\t\t\t\t\t\t<nav aria-label=\"Menu\" class=\"elementor-nav-menu--main elementor-nav-menu__container elementor-nav-menu--layout-vertical e--pointer-underline e--animation-fade\">\n\t\t\t\t<ul id=\"menu-1-4f9cd43e\" class=\"elementor-nav-menu sm-vertical\"><li class=\"menu-item menu-item-type-custom menu-item-object-custom menu-item-has-children menu-item-20121\"><a href=\"\/site\/copel-distribuicao\/?utm_source=taxas-tarifas&#038;utm_medium=copel-distribuicao&#038;utm_campaign=menu-lateral\" class=\"elementor-item\">Copel Distribui\u00e7\u00e3o<\/a>\n<ul class=\"sub-menu elementor-nav-menu--dropdown\">\n\t<li class=\"menu-item menu-item-type-custom menu-item-object-custom menu-item-20122\"><a href=\"\/site\/copel-distribuicao\/para-sua-casa\/?utm_source=taxas-tarifas&#038;utm_medium=para-sua-casa&#038;utm_campaign=menu-lateral\" class=\"elementor-sub-item\">Para sua casa<\/a><\/li>\n\t<li class=\"menu-item menu-item-type-custom menu-item-object-custom menu-item-20129\"><a href=\"\/site\/copel-distribuicao\/para-sua-empresa\/?utm_source=taxas-tarifasl&#038;utm_medium=para-sua-empresa&#038;utm_campaign=menu-lateral\" class=\"elementor-sub-item\">Para sua empresa<\/a><\/li>\n\t<li class=\"menu-item menu-item-type-custom menu-item-object-custom menu-item-20131\"><a href=\"\/site\/copel-distribuicao\/poder-publico\/?utm_source=taxas-tarifas&#038;utm_medium=poder-publico&#038;utm_campaign=menu-lateral\" class=\"elementor-sub-item\">Poder p\u00fablico<\/a><\/li>\n\t<li class=\"menu-item menu-item-type-custom menu-item-object-custom menu-item-20132\"><a href=\"\/site\/copel-distribuicao\/rural\/?utm_source=taxas-tarifas&#038;utm_medium=rural&#038;utm_campaign=menu-lateral\" class=\"elementor-sub-item\">Rural<\/a><\/li>\n<\/ul>\n<\/li>\n<li class=\"menu-item menu-item-type-post_type menu-item-object-page menu-item-41482\"><a href=\"https:\/\/www.copel.com\/site\/copel-distribuicao\/faturas-de-energia\/\" class=\"elementor-item\">Faturas de energia<\/a><\/li>\n<li class=\"menu-item menu-item-type-custom menu-item-object-custom menu-item-has-children menu-item-20133\"><a href=\"#\" class=\"elementor-item elementor-item-anchor\">Tarifas de energia<\/a>\n<ul class=\"sub-menu elementor-nav-menu--dropdown\">\n\t<li class=\"menu-item menu-item-type-custom menu-item-object-custom menu-item-20137\"><a href=\"\/site\/copel-distribuicao\/tarifas-de-energia-eletrica\/#grupoB?utm_source=taxas-tarifas&#038;utm_medium=grupoB&#038;utm_campaign=menu-lateral\" class=\"elementor-sub-item elementor-item-anchor\">Tarifa grupo B<\/a><\/li>\n\t<li class=\"menu-item menu-item-type-custom menu-item-object-custom menu-item-20142\"><a href=\"\/site\/copel-distribuicao\/tarifas-de-energia-eletrica\/#grupoA?utm_source=taxas-tarifas&#038;utm_medium=grupoA&#038;utm_campaign=menu-lateral\" class=\"elementor-sub-item elementor-item-anchor\">Tarifa grupo A<\/a><\/li>\n\t<li class=\"menu-item menu-item-type-custom menu-item-object-custom menu-item-20153\"><a href=\"\/site\/copel-distribuicao\/tarifa-branca\/?utm_source=taxas-tarifas&#038;utm_medium=tarifa-branca&#038;utm_campaign=menu-lateral\" class=\"elementor-sub-item\">Tarifa branca<\/a><\/li>\n\t<li class=\"menu-item menu-item-type-custom menu-item-object-custom menu-item-20148\"><a href=\"\/site\/copel-distribuicao\/tarifas-de-energia-eletrica\/#historico?utm_source=taxas-tarifas&#038;utm_medium=historico-reajuste&#038;utm_campaign=menu-lateral\" class=\"elementor-sub-item elementor-item-anchor\">Hist\u00f3rico de reajustes<\/a><\/li>\n<\/ul>\n<\/li>\n<li class=\"menu-item menu-item-type-custom menu-item-object-custom menu-item-has-children menu-item-20150\"><a href=\"#\" class=\"elementor-item elementor-item-anchor\">Benef\u00edcios tarif\u00e1rios<\/a>\n<ul class=\"sub-menu elementor-nav-menu--dropdown\">\n\t<li class=\"menu-item menu-item-type-custom menu-item-object-custom menu-item-20151\"><a href=\"\/site\/copel-distribuicao\/energia-solidaria\/?utm_source=taxas-tarifas&#038;utm_medium=energia-solidaria&#038;utm_campaign=menu-lateral\" class=\"elementor-sub-item\">Energia solid\u00e1ria<\/a><\/li>\n\t<li class=\"menu-item menu-item-type-custom menu-item-object-custom menu-item-20152\"><a href=\"\/site\/copel-distribuicao\/tarifa-social-de-energia\/?utm_source=taxas-tarifas&#038;utm_medium=tarifa-social&#038;utm_campaign=menu-lateral\" class=\"elementor-sub-item\">Tarifa social de energia<\/a><\/li>\n<\/ul>\n<\/li>\n<li class=\"menu-item menu-item-type-custom menu-item-object-custom menu-item-20154\"><a href=\"\/site\/copel-distribuicao\/taxas-de-servicos-executados\/?utm_source=taxas-tarifas&#038;utm_medium=taxas-servicos&#038;utm_campaign=menu-lateral\" class=\"elementor-item\">Taxas de servi\u00e7os<\/a><\/li>\n<li class=\"menu-item menu-item-type-post_type menu-item-object-page menu-item-25451\"><a href=\"https:\/\/www.copel.com\/site\/copel-distribuicao\/tributos\/\" class=\"elementor-item\">Tributos<\/a><\/li>\n<\/ul>\t\t\t<\/nav>\n\t\t\t\t\t<div class=\"elementor-menu-toggle\" role=\"button\" tabindex=\"0\" aria-label=\"Menu Toggle\" aria-expanded=\"false\">\n\t\t\t<i aria-hidden=\"true\" role=\"presentation\" class=\"elementor-menu-toggle__icon--open eicon-menu-bar\"><\/i><i aria-hidden=\"true\" role=\"presentation\" class=\"elementor-menu-toggle__icon--close eicon-close\"><\/i>\t\t<\/div>\n\t\t\t\t\t<nav class=\"elementor-nav-menu--dropdown elementor-nav-menu__container\" aria-hidden=\"true\">\n\t\t\t\t<ul id=\"menu-2-4f9cd43e\" class=\"elementor-nav-menu sm-vertical\"><li class=\"menu-item menu-item-type-custom menu-item-object-custom menu-item-has-children menu-item-20121\"><a href=\"\/site\/copel-distribuicao\/?utm_source=taxas-tarifas&#038;utm_medium=copel-distribuicao&#038;utm_campaign=menu-lateral\" class=\"elementor-item\" tabindex=\"-1\">Copel Distribui\u00e7\u00e3o<\/a>\n<ul class=\"sub-menu elementor-nav-menu--dropdown\">\n\t<li class=\"menu-item menu-item-type-custom menu-item-object-custom menu-item-20122\"><a href=\"\/site\/copel-distribuicao\/para-sua-casa\/?utm_source=taxas-tarifas&#038;utm_medium=para-sua-casa&#038;utm_campaign=menu-lateral\" class=\"elementor-sub-item\" tabindex=\"-1\">Para sua casa<\/a><\/li>\n\t<li class=\"menu-item menu-item-type-custom menu-item-object-custom menu-item-20129\"><a href=\"\/site\/copel-distribuicao\/para-sua-empresa\/?utm_source=taxas-tarifasl&#038;utm_medium=para-sua-empresa&#038;utm_campaign=menu-lateral\" class=\"elementor-sub-item\" tabindex=\"-1\">Para sua empresa<\/a><\/li>\n\t<li class=\"menu-item menu-item-type-custom menu-item-object-custom menu-item-20131\"><a href=\"\/site\/copel-distribuicao\/poder-publico\/?utm_source=taxas-tarifas&#038;utm_medium=poder-publico&#038;utm_campaign=menu-lateral\" class=\"elementor-sub-item\" tabindex=\"-1\">Poder p\u00fablico<\/a><\/li>\n\t<li class=\"menu-item menu-item-type-custom menu-item-object-custom menu-item-20132\"><a href=\"\/site\/copel-distribuicao\/rural\/?utm_source=taxas-tarifas&#038;utm_medium=rural&#038;utm_campaign=menu-lateral\" class=\"elementor-sub-item\" tabindex=\"-1\">Rural<\/a><\/li>\n<\/ul>\n<\/li>\n<li class=\"menu-item menu-item-type-post_type menu-item-object-page menu-item-41482\"><a href=\"https:\/\/www.copel.com\/site\/copel-distribuicao\/faturas-de-energia\/\" class=\"elementor-item\" tabindex=\"-1\">Faturas de energia<\/a><\/li>\n<li class=\"menu-item menu-item-type-custom menu-item-object-custom menu-item-has-children menu-item-20133\"><a href=\"#\" class=\"elementor-item elementor-item-anchor\" tabindex=\"-1\">Tarifas de energia<\/a>\n<ul class=\"sub-menu elementor-nav-menu--dropdown\">\n\t<li class=\"menu-item menu-item-type-custom menu-item-object-custom menu-item-20137\"><a href=\"\/site\/copel-distribuicao\/tarifas-de-energia-eletrica\/#grupoB?utm_source=taxas-tarifas&#038;utm_medium=grupoB&#038;utm_campaign=menu-lateral\" class=\"elementor-sub-item elementor-item-anchor\" tabindex=\"-1\">Tarifa grupo B<\/a><\/li>\n\t<li class=\"menu-item menu-item-type-custom menu-item-object-custom menu-item-20142\"><a href=\"\/site\/copel-distribuicao\/tarifas-de-energia-eletrica\/#grupoA?utm_source=taxas-tarifas&#038;utm_medium=grupoA&#038;utm_campaign=menu-lateral\" class=\"elementor-sub-item elementor-item-anchor\" tabindex=\"-1\">Tarifa grupo A<\/a><\/li>\n\t<li class=\"menu-item menu-item-type-custom menu-item-object-custom menu-item-20153\"><a href=\"\/site\/copel-distribuicao\/tarifa-branca\/?utm_source=taxas-tarifas&#038;utm_medium=tarifa-branca&#038;utm_campaign=menu-lateral\" class=\"elementor-sub-item\" tabindex=\"-1\">Tarifa branca<\/a><\/li>\n\t<li class=\"menu-item menu-item-type-custom menu-item-object-custom menu-item-20148\"><a href=\"\/site\/copel-distribuicao\/tarifas-de-energia-eletrica\/#historico?utm_source=taxas-tarifas&#038;utm_medium=historico-reajuste&#038;utm_campaign=menu-lateral\" class=\"elementor-sub-item elementor-item-anchor\" tabindex=\"-1\">Hist\u00f3rico de reajustes<\/a><\/li>\n<\/ul>\n<\/li>\n<li class=\"menu-item menu-item-type-custom menu-item-object-custom menu-item-has-children menu-item-20150\"><a href=\"#\" class=\"elementor-item elementor-item-anchor\" tabindex=\"-1\">Benef\u00edcios tarif\u00e1rios<\/a>\n<ul class=\"sub-menu elementor-nav-menu--dropdown\">\n\t<li class=\"menu-item menu-item-type-custom menu-item-object-custom menu-item-20151\"><a href=\"\/site\/copel-distribuicao\/energia-solidaria\/?utm_source=taxas-tarifas&#038;utm_medium=energia-solidaria&#038;utm_campaign=menu-lateral\" class=\"elementor-sub-item\" tabindex=\"-1\">Energia solid\u00e1ria<\/a><\/li>\n\t<li class=\"menu-item menu-item-type-custom menu-item-object-custom menu-item-20152\"><a href=\"\/site\/copel-distribuicao\/tarifa-social-de-energia\/?utm_source=taxas-tarifas&#038;utm_medium=tarifa-social&#038;utm_campaign=menu-lateral\" class=\"elementor-sub-item\" tabindex=\"-1\">Tarifa social de energia<\/a><\/li>\n<\/ul>\n<\/li>\n<li class=\"menu-item menu-item-type-custom menu-item-object-custom menu-item-20154\"><a href=\"\/site\/copel-distribuicao\/taxas-de-servicos-executados\/?utm_source=taxas-tarifas&#038;utm_medium=taxas-servicos&#038;utm_campaign=menu-lateral\" class=\"elementor-item\" tabindex=\"-1\">Taxas de servi\u00e7os<\/a><\/li>\n<li class=\"menu-item menu-item-type-post_type menu-item-object-page menu-item-25451\"><a href=\"https:\/\/www.copel.com\/site\/copel-distribuicao\/tributos\/\" class=\"elementor-item\" tabindex=\"-1\">Tributos<\/a><\/li>\n<\/ul>\t\t\t<\/nav>\n\t\t\t\t\t\t<\/div>\n\t\t\t\t<\/div>\n\t\t\t\t\t<\/div>\n\t\t<\/div>\n\t\t\t\t<div class=\"elementor-column elementor-col-66 elementor-top-column elementor-element elementor-element-25c9cbbb\" data-id=\"25c9cbbb\" data-element_type=\"column\" data-e-type=\"column\">\n\t\t\t<div class=\"elementor-widget-wrap elementor-element-populated\">\n\t\t\t\t\t\t<div class=\"elementor-element elementor-element-3c4ed4c text-content content1 elementor-widget elementor-widget-text-editor\" data-id=\"3c4ed4c\" data-element_type=\"widget\" data-e-type=\"widget\" data-widget_type=\"text-editor.default\">\n\t\t\t\t<div class=\"elementor-widget-container\">\n\t\t\t\t\t\t\t\t\t<p>Em janeiro de 2015 passou a vigorar o Sistema de Bandeiras Tarif\u00e1rias. Este sistema consiste na aplica\u00e7\u00e3o de tarifas diferenciadas de acordo com o custo de gera\u00e7\u00e3o de energia el\u00e9trica no per\u00edodo.<\/p><p>A energia el\u00e9trica no Brasil \u00e9 gerada predominantemente por usinas hidrel\u00e9tricas. Para funcionar, essas usinas dependem das chuvas e do n\u00edvel de \u00e1gua nos reservat\u00f3rios.<br \/>Quando h\u00e1 pouca \u00e1gua armazenada, usinas termel\u00e9tricas podem ser ligadas com a finalidade de poupar \u00e1gua nos reservat\u00f3rios das usinas hidrel\u00e9tricas. Com isso, o custo de gera\u00e7\u00e3o aumenta, pois essas usinas s\u00e3o movidas a combust\u00edveis como g\u00e1s natural, carv\u00e3o, \u00f3leo combust\u00edvel e diesel.<\/p><p>Por outro lado, quando h\u00e1 muita \u00e1gua armazenada, as t\u00e9rmicas n\u00e3o precisam ser ligadas e o custo de gera\u00e7\u00e3o \u00e9 menor.<\/p><p><br \/>A bandeira vigente pode ser consultada no site da ANEEL, assim como o calend\u00e1rio de divulga\u00e7\u00e3o das bandeiras que vigorar\u00e3o nos meses posteriores.<\/p>\t\t\t\t\t\t\t\t<\/div>\n\t\t\t\t<\/div>\n\t\t\t\t<div class=\"elementor-element elementor-element-c61bcb6 elementor-icon-list--layout-inline atalhoslista elementor-list-item-link-full_width elementor-widget elementor-widget-icon-list\" data-id=\"c61bcb6\" data-element_type=\"widget\" data-e-type=\"widget\" data-widget_type=\"icon-list.default\">\n\t\t\t\t<div class=\"elementor-widget-container\">\n\t\t\t\t\t\t\t<ul class=\"elementor-icon-list-items elementor-inline-items\">\n\t\t\t\t\t\t\t<li class=\"elementor-icon-list-item elementor-inline-item\">\n\t\t\t\t\t\t\t\t\t\t\t<a href=\"https:\/\/www.gov.br\/aneel\/pt-br\/assuntos\/tarifas\/bandeiras-tarifarias\" target=\"_blank\">\n\n\t\t\t\t\t\t\t\t\t\t\t\t<span class=\"elementor-icon-list-icon\">\n\t\t\t\t\t\t\t<i aria-hidden=\"true\" class=\"far fa-flag\"><\/i>\t\t\t\t\t\t<\/span>\n\t\t\t\t\t\t\t\t\t\t<span class=\"elementor-icon-list-text\">O que s\u00e3o as bandeiras tarif\u00e1rias?<\/span>\n\t\t\t\t\t\t\t\t\t\t\t<\/a>\n\t\t\t\t\t\t\t\t\t<\/li>\n\t\t\t\t\t\t<\/ul>\n\t\t\t\t\t\t<\/div>\n\t\t\t\t<\/div>\n\t\t\t\t<div class=\"elementor-element elementor-element-3571efe elementor-widget elementor-widget-html\" data-id=\"3571efe\" data-element_type=\"widget\" data-e-type=\"widget\" data-widget_type=\"html.default\">\n\t\t\t\t<div class=\"elementor-widget-container\">\n\t\t\t\t\t<iframe title=\"Bandeira tarif\u00e1ria - P\u00e1gina 1\" width=\"1024\" height=\"804\" src=\"https:\/\/app.powerbi.com\/view?r=eyJrIjoiZDdjNWZjNjEtNjA1ZC00ZDM3LTk2MjctM2UzYmM3NjE3NGMzIiwidCI6IjliNjAxNThlLWQ0NTUtNGU4MC1hYTdjLTE3Y2Q5ZmZjZTZiYSIsImMiOjF9\" frameborder=\"0\" allowFullScreen=\"true\"><\/iframe>\t\t\t\t<\/div>\n\t\t\t\t<\/div>\n\t\t\t\t\t<\/div>\n\t\t<\/div>\n\t\t\t\t\t<\/div>\n\t\t<\/section>\n\t\t\t\t<\/div>\n\t\t","protected":false},"excerpt":{"rendered":"<p>Bandeiras tarif\u00e1rias Em janeiro de 2015 passou a vigorar o Sistema de Bandeiras Tarif\u00e1rias. Este sistema consiste na aplica\u00e7\u00e3o de tarifas diferenciadas de acordo com o custo de gera\u00e7\u00e3o de energia el\u00e9trica no per\u00edodo. A energia el\u00e9trica no Brasil \u00e9 gerada predominantemente por usinas hidrel\u00e9tricas. Para funcionar, essas usinas dependem das chuvas e do n\u00edvel [&hellip;]<\/p>\n","protected":false},"author":6,"featured_media":0,"parent":981,"menu_order":0,"comment_status":"closed","ping_status":"closed","template":"elementor_header_footer","meta":{"_acf_changed":false,"footnotes":""},"categories":[],"tags":[],"wf_page_folders":[460],"class_list":["post-10441","page","type-page","status-publish","hentry"],"acf":[],"aioseo_notices":[],"_links":{"self":[{"href":"https:\/\/www.copel.com\/site\/wp-json\/wp\/v2\/pages\/10441","targetHints":{"allow":["GET"]}}],"collection":[{"href":"https:\/\/www.copel.com\/site\/wp-json\/wp\/v2\/pages"}],"about":[{"href":"https:\/\/www.copel.com\/site\/wp-json\/wp\/v2\/types\/page"}],"author":[{"embeddable":true,"href":"https:\/\/www.copel.com\/site\/wp-json\/wp\/v2\/users\/6"}],"replies":[{"embeddable":true,"href":"https:\/\/www.copel.com\/site\/wp-json\/wp\/v2\/comments?post=10441"}],"version-history":[{"count":3,"href":"https:\/\/www.copel.com\/site\/wp-json\/wp\/v2\/pages\/10441\/revisions"}],"predecessor-version":[{"id":39641,"href":"https:\/\/www.copel.com\/site\/wp-json\/wp\/v2\/pages\/10441\/revisions\/39641"}],"up":[{"embeddable":true,"href":"https:\/\/www.copel.com\/site\/wp-json\/wp\/v2\/pages\/981"}],"wp:attachment":[{"href":"https:\/\/www.copel.com\/site\/wp-json\/wp\/v2\/media?parent=10441"}],"wp:term":[{"taxonomy":"category","embeddable":true,"href":"https:\/\/www.copel.com\/site\/wp-json\/wp\/v2\/categories?post=10441"},{"taxonomy":"post_tag","embeddable":true,"href":"https:\/\/www.copel.com\/site\/wp-json\/wp\/v2\/tags?post=10441"},{"taxonomy":"wf_page_folders","embeddable":true,"href":"https:\/\/www.copel.com\/site\/wp-json\/wp\/v2\/wf_page_folders?post=10441"}],"curies":[{"name":"wp","href":"https:\/\/api.w.org\/{rel}","templated":true}]}}