{"id":10267,"date":"2021-01-28T14:30:04","date_gmt":"2021-01-28T17:30:04","guid":{"rendered":"https:\/\/hml.copel.com\/hpcweb\/?page_id=10267"},"modified":"2024-07-25T09:10:50","modified_gmt":"2024-07-25T12:10:50","slug":"questionario-de-integridade","status":"publish","type":"page","link":"https:\/\/www.copel.com\/site\/fornecedores-e-parceiros\/guias-para-fornecedores\/questionario-de-integridade\/","title":{"rendered":"Question\u00e1rio de integridade"},"content":{"rendered":"\t\t<div data-elementor-type=\"wp-page\" data-elementor-id=\"10267\" class=\"elementor elementor-10267\" data-elementor-post-type=\"page\">\n\t\t\t\t\t\t<section class=\"elementor-section elementor-top-section elementor-element elementor-element-541b092e elementor-section-full_width imgDestaque elementor-section-content-middle elementor-section-height-default elementor-section-height-default\" data-id=\"541b092e\" data-element_type=\"section\" data-e-type=\"section\" data-settings=\"{&quot;background_background&quot;:&quot;classic&quot;}\">\n\t\t\t\t\t\t\t<div class=\"elementor-background-overlay\"><\/div>\n\t\t\t\t\t\t\t<div class=\"elementor-container elementor-column-gap-default\">\n\t\t\t\t\t<div class=\"elementor-column elementor-col-100 elementor-top-column elementor-element elementor-element-2c71c29 box-destaque\" data-id=\"2c71c29\" data-element_type=\"column\" data-e-type=\"column\">\n\t\t\t<div class=\"elementor-widget-wrap elementor-element-populated\">\n\t\t\t\t\t\t<div class=\"elementor-element elementor-element-dc21448 elementor-widget elementor-widget-heading\" data-id=\"dc21448\" data-element_type=\"widget\" data-e-type=\"widget\" data-widget_type=\"heading.default\">\n\t\t\t\t<div class=\"elementor-widget-container\">\n\t\t\t\t\t<h1 class=\"elementor-heading-title elementor-size-default\">Question\u00e1rio de integridade<\/h1>\t\t\t\t<\/div>\n\t\t\t\t<\/div>\n\t\t\t\t\t<\/div>\n\t\t<\/div>\n\t\t\t\t\t<\/div>\n\t\t<\/section>\n\t\t\t\t<section class=\"elementor-section elementor-top-section elementor-element elementor-element-495a3cfb elementor-section-full_width elementor-section-height-default elementor-section-height-default\" data-id=\"495a3cfb\" data-element_type=\"section\" data-e-type=\"section\">\n\t\t\t\t\t\t<div class=\"elementor-container elementor-column-gap-default\">\n\t\t\t\t\t<div class=\"elementor-column elementor-col-33 elementor-top-column elementor-element elementor-element-6e236867\" data-id=\"6e236867\" data-element_type=\"column\" data-e-type=\"column\">\n\t\t\t<div class=\"elementor-widget-wrap elementor-element-populated\">\n\t\t\t\t\t\t<div class=\"elementor-element elementor-element-3a0e13a4 elementor-nav-menu__align-justify menuTroca elementor-nav-menu--dropdown-tablet elementor-nav-menu__text-align-aside elementor-nav-menu--toggle elementor-nav-menu--burger elementor-widget elementor-widget-nav-menu\" data-id=\"3a0e13a4\" data-element_type=\"widget\" data-e-type=\"widget\" data-settings=\"{&quot;layout&quot;:&quot;vertical&quot;,&quot;submenu_icon&quot;:{&quot;value&quot;:&quot;&lt;i class=\\&quot;fas fa-caret-down\\&quot; aria-hidden=\\&quot;true\\&quot;&gt;&lt;\\\/i&gt;&quot;,&quot;library&quot;:&quot;fa-solid&quot;},&quot;toggle&quot;:&quot;burger&quot;}\" data-widget_type=\"nav-menu.default\">\n\t\t\t\t<div class=\"elementor-widget-container\">\n\t\t\t\t\t\t\t\t<nav aria-label=\"Menu\" class=\"elementor-nav-menu--main elementor-nav-menu__container elementor-nav-menu--layout-vertical e--pointer-underline e--animation-fade\">\n\t\t\t\t<ul id=\"menu-1-3a0e13a4\" class=\"elementor-nav-menu sm-vertical\"><li class=\"menu-item menu-item-type-custom menu-item-object-custom menu-item-21156\"><a href=\"#\" class=\"elementor-item elementor-item-anchor\">Fornecedores<\/a><\/li>\n<li class=\"menu-item menu-item-type-custom menu-item-object-custom menu-item-21430\"><a href=\"\/site\/fornecedores-e-parceiros\/agendamento-de-entregas\" class=\"elementor-item\">Agendamento de entregas<\/a><\/li>\n<li class=\"menu-item menu-item-type-custom menu-item-object-custom menu-item-has-children menu-item-21432\"><a href=\"\/site\/fornecedores-e-parceiros\/anuencias-imobiliarias\/\" class=\"elementor-item\">Anu\u00eancias imobili\u00e1rias<\/a>\n<ul class=\"sub-menu elementor-nav-menu--dropdown\">\n\t<li class=\"menu-item menu-item-type-custom menu-item-object-custom menu-item-21555\"><a href=\"\/site\/fornecedores-e-parceiros\/anuencias-imobiliarias\/requerimento\/\" class=\"elementor-sub-item\">Requerimento<\/a><\/li>\n<\/ul>\n<\/li>\n<li class=\"menu-item menu-item-type-custom menu-item-object-custom menu-item-21433\"><a href=\"\/site\/fornecedores-e-parceiros\/cadastro-de-fornecedores\/\" class=\"elementor-item\">Cadastro de fornecedores<\/a><\/li>\n<li class=\"menu-item menu-item-type-custom menu-item-object-custom menu-item-has-children menu-item-21437\"><a href=\"\/site\/fornecedores-e-parceiros\/consulta-de-chamadas-publicas\" class=\"elementor-item\">Chamadas p\u00fablicas<\/a>\n<ul class=\"sub-menu elementor-nav-menu--dropdown\">\n\t<li class=\"menu-item menu-item-type-custom menu-item-object-custom menu-item-21438\"><a href=\"\/site\/fornecedores-e-parceiros\/participe-de-uma-chamada-publica\/\" class=\"elementor-sub-item\">Participe de uma chamada p\u00fablica<\/a><\/li>\n<\/ul>\n<\/li>\n<li class=\"menu-item menu-item-type-custom menu-item-object-custom menu-item-21439\"><a href=\"\/site\/fornecedores-e-parceiros\/formacao-de-fornecedores\/\" class=\"elementor-item\">Forma\u00e7\u00e3o de fornecedores<\/a><\/li>\n<li class=\"menu-item menu-item-type-custom menu-item-object-custom menu-item-21440\"><a href=\"\/site\/fornecedores-e-parceiros\/geracao-distribuida\/\" class=\"elementor-item\">Gera\u00e7\u00e3o distribu\u00edda<\/a><\/li>\n<li class=\"menu-item menu-item-type-custom menu-item-object-custom menu-item-21441\"><a href=\"\/site\/fornecedores-e-parceiros\/gestao-de-fornecedores-copel-geracao-transmissao\/\" class=\"elementor-item\">Gest\u00e3o de fornecedores Copel Gera\u00e7\u00e3o e Transmiss\u00e3o<\/a><\/li>\n<li class=\"menu-item menu-item-type-custom menu-item-object-custom menu-item-21442\"><a href=\"\/site\/fornecedores-e-parceiros\/gestao-de-seguranca-e-saude-no-trabalho-tarefas-padronizadas\/\" class=\"elementor-item\">Procedimento Operacional Padr\u00e3o &#8211; POP<\/a><\/li>\n<li class=\"menu-item menu-item-type-custom menu-item-object-custom menu-item-21443\"><a href=\"\/site\/fornecedores-e-parceiros\/guias-para-fornecedores\/\" class=\"elementor-item\">Guias para fornecedores<\/a><\/li>\n<li class=\"menu-item menu-item-type-custom menu-item-object-custom menu-item-21444\"><a href=\"\/site\/fornecedores-e-parceiros\/guias-para-fornecedores\/questionario-de-integridade\/\" class=\"elementor-item\">Question\u00e1rio de integridade<\/a><\/li>\n<li class=\"menu-item menu-item-type-custom menu-item-object-custom menu-item-has-children menu-item-21445\"><a href=\"https:\/\/www.copel.com\/site\/fornecedores-e-parceiros\/aquisicoes-e-contratacoes\/\" class=\"elementor-item\">Aquisi\u00e7\u00f5es e Contrata\u00e7\u00f5es<\/a>\n<ul class=\"sub-menu elementor-nav-menu--dropdown\">\n\t<li class=\"menu-item menu-item-type-custom menu-item-object-custom menu-item-21467\"><a href=\"\/site\/fornecedores-e-parceiros\/previsao-de-compra-de-equipamentos-especiais\/\" class=\"elementor-sub-item\">Previs\u00e3o de compra de equipamentos especiais<\/a><\/li>\n\t<li class=\"menu-item menu-item-type-custom menu-item-object-custom menu-item-21468\"><a href=\"\/site\/fornecedores-e-parceiros\/previsao-de-compra-de-materiais\/\" class=\"elementor-sub-item\">Previs\u00e3o de compra de materiais<\/a><\/li>\n<\/ul>\n<\/li>\n<li class=\"menu-item menu-item-type-custom menu-item-object-custom menu-item-21453\"><a href=\"\/site\/fornecedores-e-parceiros\/normas-e-manuais\" class=\"elementor-item\">Normas e manuais<\/a><\/li>\n<\/ul>\t\t\t<\/nav>\n\t\t\t\t\t<div class=\"elementor-menu-toggle\" role=\"button\" tabindex=\"0\" aria-label=\"Menu Toggle\" aria-expanded=\"false\">\n\t\t\t<i aria-hidden=\"true\" role=\"presentation\" class=\"elementor-menu-toggle__icon--open eicon-menu-bar\"><\/i><i aria-hidden=\"true\" role=\"presentation\" class=\"elementor-menu-toggle__icon--close eicon-close\"><\/i>\t\t<\/div>\n\t\t\t\t\t<nav class=\"elementor-nav-menu--dropdown elementor-nav-menu__container\" aria-hidden=\"true\">\n\t\t\t\t<ul id=\"menu-2-3a0e13a4\" class=\"elementor-nav-menu sm-vertical\"><li class=\"menu-item menu-item-type-custom menu-item-object-custom menu-item-21156\"><a href=\"#\" class=\"elementor-item elementor-item-anchor\" tabindex=\"-1\">Fornecedores<\/a><\/li>\n<li class=\"menu-item menu-item-type-custom menu-item-object-custom menu-item-21430\"><a href=\"\/site\/fornecedores-e-parceiros\/agendamento-de-entregas\" class=\"elementor-item\" tabindex=\"-1\">Agendamento de entregas<\/a><\/li>\n<li class=\"menu-item menu-item-type-custom menu-item-object-custom menu-item-has-children menu-item-21432\"><a href=\"\/site\/fornecedores-e-parceiros\/anuencias-imobiliarias\/\" class=\"elementor-item\" tabindex=\"-1\">Anu\u00eancias imobili\u00e1rias<\/a>\n<ul class=\"sub-menu elementor-nav-menu--dropdown\">\n\t<li class=\"menu-item menu-item-type-custom menu-item-object-custom menu-item-21555\"><a href=\"\/site\/fornecedores-e-parceiros\/anuencias-imobiliarias\/requerimento\/\" class=\"elementor-sub-item\" tabindex=\"-1\">Requerimento<\/a><\/li>\n<\/ul>\n<\/li>\n<li class=\"menu-item menu-item-type-custom menu-item-object-custom menu-item-21433\"><a href=\"\/site\/fornecedores-e-parceiros\/cadastro-de-fornecedores\/\" class=\"elementor-item\" tabindex=\"-1\">Cadastro de fornecedores<\/a><\/li>\n<li class=\"menu-item menu-item-type-custom menu-item-object-custom menu-item-has-children menu-item-21437\"><a href=\"\/site\/fornecedores-e-parceiros\/consulta-de-chamadas-publicas\" class=\"elementor-item\" tabindex=\"-1\">Chamadas p\u00fablicas<\/a>\n<ul class=\"sub-menu elementor-nav-menu--dropdown\">\n\t<li class=\"menu-item menu-item-type-custom menu-item-object-custom menu-item-21438\"><a href=\"\/site\/fornecedores-e-parceiros\/participe-de-uma-chamada-publica\/\" class=\"elementor-sub-item\" tabindex=\"-1\">Participe de uma chamada p\u00fablica<\/a><\/li>\n<\/ul>\n<\/li>\n<li class=\"menu-item menu-item-type-custom menu-item-object-custom menu-item-21439\"><a href=\"\/site\/fornecedores-e-parceiros\/formacao-de-fornecedores\/\" class=\"elementor-item\" tabindex=\"-1\">Forma\u00e7\u00e3o de fornecedores<\/a><\/li>\n<li class=\"menu-item menu-item-type-custom menu-item-object-custom menu-item-21440\"><a href=\"\/site\/fornecedores-e-parceiros\/geracao-distribuida\/\" class=\"elementor-item\" tabindex=\"-1\">Gera\u00e7\u00e3o distribu\u00edda<\/a><\/li>\n<li class=\"menu-item menu-item-type-custom menu-item-object-custom menu-item-21441\"><a href=\"\/site\/fornecedores-e-parceiros\/gestao-de-fornecedores-copel-geracao-transmissao\/\" class=\"elementor-item\" tabindex=\"-1\">Gest\u00e3o de fornecedores Copel Gera\u00e7\u00e3o e Transmiss\u00e3o<\/a><\/li>\n<li class=\"menu-item menu-item-type-custom menu-item-object-custom menu-item-21442\"><a href=\"\/site\/fornecedores-e-parceiros\/gestao-de-seguranca-e-saude-no-trabalho-tarefas-padronizadas\/\" class=\"elementor-item\" tabindex=\"-1\">Procedimento Operacional Padr\u00e3o &#8211; POP<\/a><\/li>\n<li class=\"menu-item menu-item-type-custom menu-item-object-custom menu-item-21443\"><a href=\"\/site\/fornecedores-e-parceiros\/guias-para-fornecedores\/\" class=\"elementor-item\" tabindex=\"-1\">Guias para fornecedores<\/a><\/li>\n<li class=\"menu-item menu-item-type-custom menu-item-object-custom menu-item-21444\"><a href=\"\/site\/fornecedores-e-parceiros\/guias-para-fornecedores\/questionario-de-integridade\/\" class=\"elementor-item\" tabindex=\"-1\">Question\u00e1rio de integridade<\/a><\/li>\n<li class=\"menu-item menu-item-type-custom menu-item-object-custom menu-item-has-children menu-item-21445\"><a href=\"https:\/\/www.copel.com\/site\/fornecedores-e-parceiros\/aquisicoes-e-contratacoes\/\" class=\"elementor-item\" tabindex=\"-1\">Aquisi\u00e7\u00f5es e Contrata\u00e7\u00f5es<\/a>\n<ul class=\"sub-menu elementor-nav-menu--dropdown\">\n\t<li class=\"menu-item menu-item-type-custom menu-item-object-custom menu-item-21467\"><a href=\"\/site\/fornecedores-e-parceiros\/previsao-de-compra-de-equipamentos-especiais\/\" class=\"elementor-sub-item\" tabindex=\"-1\">Previs\u00e3o de compra de equipamentos especiais<\/a><\/li>\n\t<li class=\"menu-item menu-item-type-custom menu-item-object-custom menu-item-21468\"><a href=\"\/site\/fornecedores-e-parceiros\/previsao-de-compra-de-materiais\/\" class=\"elementor-sub-item\" tabindex=\"-1\">Previs\u00e3o de compra de materiais<\/a><\/li>\n<\/ul>\n<\/li>\n<li class=\"menu-item menu-item-type-custom menu-item-object-custom menu-item-21453\"><a href=\"\/site\/fornecedores-e-parceiros\/normas-e-manuais\" class=\"elementor-item\" tabindex=\"-1\">Normas e manuais<\/a><\/li>\n<\/ul>\t\t\t<\/nav>\n\t\t\t\t\t\t<\/div>\n\t\t\t\t<\/div>\n\t\t\t\t\t<\/div>\n\t\t<\/div>\n\t\t\t\t<div class=\"elementor-column elementor-col-66 elementor-top-column elementor-element elementor-element-56521f8f\" data-id=\"56521f8f\" data-element_type=\"column\" data-e-type=\"column\">\n\t\t\t<div class=\"elementor-widget-wrap elementor-element-populated\">\n\t\t\t\t\t\t<div class=\"elementor-element elementor-element-8277a6c elementor-widget elementor-widget-html\" data-id=\"8277a6c\" data-element_type=\"widget\" data-e-type=\"widget\" data-widget_type=\"html.default\">\n\t\t\t\t<div class=\"elementor-widget-container\">\n\t\t\t\t\t<iframe width=\"640px\" height= \"2600px\" src= \"https:\/\/forms.office.com\/Pages\/ResponsePage.aspx?id=jhVgm1XUgE6qfBfNn_zmurXhrUND-NhAleNtK4sMVyRUNDBSSUMzQjhBNVFOT00yQ0U5UFE0TEo3MC4u\" frameborder= \"0\" marginwidth= \"0\" marginheight= \"0\" style= \"border: none; max-width:100%;\" allowfullscreen webkitallowfullscreen mozallowfullscreen msallowfullscreen> <\/iframe>\t\t\t\t<\/div>\n\t\t\t\t<\/div>\n\t\t\t\t\t<\/div>\n\t\t<\/div>\n\t\t\t\t\t<\/div>\n\t\t<\/section>\n\t\t\t\t<\/div>\n\t\t","protected":false},"excerpt":{"rendered":"<p>Question\u00e1rio de integridade<\/p>\n","protected":false},"author":6,"featured_media":0,"parent":2329,"menu_order":0,"comment_status":"closed","ping_status":"closed","template":"elementor_header_footer","meta":{"_acf_changed":false,"footnotes":""},"categories":[],"tags":[],"wf_page_folders":[475],"class_list":["post-10267","page","type-page","status-publish","hentry"],"acf":[],"aioseo_notices":[],"_links":{"self":[{"href":"https:\/\/www.copel.com\/site\/wp-json\/wp\/v2\/pages\/10267","targetHints":{"allow":["GET"]}}],"collection":[{"href":"https:\/\/www.copel.com\/site\/wp-json\/wp\/v2\/pages"}],"about":[{"href":"https:\/\/www.copel.com\/site\/wp-json\/wp\/v2\/types\/page"}],"author":[{"embeddable":true,"href":"https:\/\/www.copel.com\/site\/wp-json\/wp\/v2\/users\/6"}],"replies":[{"embeddable":true,"href":"https:\/\/www.copel.com\/site\/wp-json\/wp\/v2\/comments?post=10267"}],"version-history":[{"count":3,"href":"https:\/\/www.copel.com\/site\/wp-json\/wp\/v2\/pages\/10267\/revisions"}],"predecessor-version":[{"id":39731,"href":"https:\/\/www.copel.com\/site\/wp-json\/wp\/v2\/pages\/10267\/revisions\/39731"}],"up":[{"embeddable":true,"href":"https:\/\/www.copel.com\/site\/wp-json\/wp\/v2\/pages\/2329"}],"wp:attachment":[{"href":"https:\/\/www.copel.com\/site\/wp-json\/wp\/v2\/media?parent=10267"}],"wp:term":[{"taxonomy":"category","embeddable":true,"href":"https:\/\/www.copel.com\/site\/wp-json\/wp\/v2\/categories?post=10267"},{"taxonomy":"post_tag","embeddable":true,"href":"https:\/\/www.copel.com\/site\/wp-json\/wp\/v2\/tags?post=10267"},{"taxonomy":"wf_page_folders","embeddable":true,"href":"https:\/\/www.copel.com\/site\/wp-json\/wp\/v2\/wf_page_folders?post=10267"}],"curies":[{"name":"wp","href":"https:\/\/api.w.org\/{rel}","templated":true}]}}